{"id":23592,"date":"2022-11-02T13:50:25","date_gmt":"2022-11-02T13:50:25","guid":{"rendered":"https:\/\/bbqassad.ee\/toode\/flavour-money-championship-hiero\/"},"modified":"2026-05-11T08:14:57","modified_gmt":"2026-05-11T08:14:57","slug":"flavour-money-championship-hiero","status":"publish","type":"product","link":"https:\/\/bbqassad.ee\/fi\/toode\/flavour-money-championship-hiero\/","title":{"rendered":"Flavour Money Championship Rub"},"content":{"rendered":"<p>Big Poppa Smokers on tunnettu ja vakiintunut hahmo Yhdysvaltain markkinoilla, ja h\u00e4nell\u00e4 on monia nimikkeit\u00e4. Rahan makusekoitus on hieman mausteinen eik\u00e4 kovin makea, vaan se on yleens\u00e4 suolainen. <\/p>\n<h2>BBQ Aces kommentti<\/h2>\n<p>T\u00e4m\u00e4 hankaus on voittanut paljon rahaa monille, ja siksi se on saanut nimens\u00e4. Nyky\u00e4\u00e4n siit\u00e4 on tullut enemm\u00e4n kotikokkien suosikki, sill\u00e4 kilpailu grillauksesta on kiristynyt entisest\u00e4\u00e4n, eik\u00e4 kotona tehd\u00e4 niin makeaa. Mukava sekoitus suolaa, pippuria ja sokeria. Vaikka valmistaja sanoo, ett\u00e4 sit\u00e4 voi laittaa kanalle, sian- ja naudanlihalle, meid\u00e4n suosituksemme on, ett\u00e4 sit\u00e4 ei k\u00e4ytet\u00e4 kanalle. Big Poppa Smokersin rubeissa on sokeria isompana palana, eik\u00e4 se nesteyt\u00e4 kanaa ihan noin vain, ja sit\u00e4 varten kannattaa valita hienompi sekoitus. Jos sinulla on kuitenkin sian- tai naudanlihaa grillattavana, tai miksei kalaa, niin Money rub on miehen mies ja tekee sinusta grillimestarin omassa takapihassasi.     <\/p>\n<h2>Ammattilaisen vinkki<\/h2>\n<p>Kun laitat sit\u00e4 lihan p\u00e4\u00e4lle, anna sen seist\u00e4, kunnes sokeri on sulanut p\u00e4\u00e4lle, ennen kuin laitat sen grilliin tai grilliin.<\/p>\n","protected":false},"excerpt":{"rendered":"<p>Valmistaja: Big Poppa Smokers<br \/>\nPaino: 397g<br \/>\nAinesosat: kuivattu suhruroomehu, merisuola, valkosipuli, sipuli, paprika, sitruuna, sokeri, chili, sitruunahappo, kurkuma, selleri.<\/p>\n","protected":false},"featured_media":24966,"comment_status":"open","ping_status":"closed","template":"","meta":[],"product_brand":[],"product_cat":[802],"product_tag":[791,803,789],"class_list":{"0":"post-23592","1":"product","2":"type-product","3":"status-publish","4":"has-post-thumbnail","6":"product_cat-sekoitukset","7":"product_tag-kala","8":"product_tag-karja","9":"product_tag-sika","11":"first","12":"outofstock","13":"taxable","14":"shipping-taxable","15":"purchasable","16":"product-type-simple"},"yoast_head":"<!-- This site is optimized with the Yoast SEO plugin v27.4 - https:\/\/yoast.com\/product\/yoast-seo-wordpress\/ -->\n<title>Flavour Money Championship Rub - BBQ \u00c4ssad<\/title>\n<meta name=\"description\" content=\"Money Championship rub - mausteseos on hieman mausteinen eik\u00e4 kovin makea, vaan pikemminkin suolainen.\" \/>\n<meta name=\"robots\" content=\"index, follow, max-snippet:-1, max-image-preview:large, max-video-preview:-1\" \/>\n<link rel=\"canonical\" href=\"https:\/\/bbqassad.ee\/fi\/toode\/flavour-money-championship-hiero\/\" \/>\n<meta property=\"og:locale\" content=\"fi_FI\" \/>\n<meta property=\"og:type\" content=\"article\" \/>\n<meta property=\"og:title\" content=\"Flavour Money Championship Rub - BBQ \u00c4ssad\" \/>\n<meta property=\"og:description\" content=\"Money Championship rub - mausteseos on hieman mausteinen eik\u00e4 kovin makea, vaan pikemminkin suolainen.\" \/>\n<meta property=\"og:url\" content=\"https:\/\/bbqassad.ee\/fi\/toode\/flavour-money-championship-hiero\/\" \/>\n<meta property=\"og:site_name\" content=\"BBQ \u00c4ssad\" \/>\n<meta property=\"article:publisher\" content=\"https:\/\/www.facebook.com\/bbqassad\" \/>\n<meta property=\"article:modified_time\" content=\"2026-05-11T08:14:57+00:00\" \/>\n<meta property=\"og:image\" content=\"https:\/\/bbqassad.ee\/wp-content\/uploads\/2026\/04\/Big_Poppas_Money_rub_397g.png\" \/>\n\t<meta property=\"og:image:width\" content=\"1280\" \/>\n\t<meta property=\"og:image:height\" content=\"720\" \/>\n\t<meta property=\"og:image:type\" content=\"image\/png\" \/>\n<meta name=\"twitter:card\" content=\"summary_large_image\" \/>\n<meta name=\"twitter:label1\" content=\"Arvioitu lukuaika\" \/>\n\t<meta name=\"twitter:data1\" content=\"1 minuutti\" \/>\n<script type=\"application\/ld+json\" class=\"yoast-schema-graph\">{\"@context\":\"https:\\\/\\\/schema.org\",\"@graph\":[{\"@type\":\"WebPage\",\"@id\":\"https:\\\/\\\/bbqassad.ee\\\/fi\\\/toode\\\/flavour-money-championship-hiero\\\/\",\"url\":\"https:\\\/\\\/bbqassad.ee\\\/fi\\\/toode\\\/flavour-money-championship-hiero\\\/\",\"name\":\"Flavour Money Championship Rub - BBQ \u00c4ssad\",\"isPartOf\":{\"@id\":\"https:\\\/\\\/bbqassad.ee\\\/fi\\\/#website\"},\"primaryImageOfPage\":{\"@id\":\"https:\\\/\\\/bbqassad.ee\\\/fi\\\/toode\\\/flavour-money-championship-hiero\\\/#primaryimage\"},\"image\":{\"@id\":\"https:\\\/\\\/bbqassad.ee\\\/fi\\\/toode\\\/flavour-money-championship-hiero\\\/#primaryimage\"},\"thumbnailUrl\":\"https:\\\/\\\/bbqassad.ee\\\/wp-content\\\/uploads\\\/2026\\\/04\\\/Big_Poppas_Money_rub_397g.png\",\"datePublished\":\"2022-11-02T13:50:25+00:00\",\"dateModified\":\"2026-05-11T08:14:57+00:00\",\"description\":\"Money Championship rub - mausteseos on hieman mausteinen eik\u00e4 kovin makea, vaan pikemminkin suolainen.\",\"breadcrumb\":{\"@id\":\"https:\\\/\\\/bbqassad.ee\\\/fi\\\/toode\\\/flavour-money-championship-hiero\\\/#breadcrumb\"},\"inLanguage\":\"fi\",\"potentialAction\":[{\"@type\":\"ReadAction\",\"target\":[\"https:\\\/\\\/bbqassad.ee\\\/fi\\\/toode\\\/flavour-money-championship-hiero\\\/\"]}]},{\"@type\":\"ImageObject\",\"inLanguage\":\"fi\",\"@id\":\"https:\\\/\\\/bbqassad.ee\\\/fi\\\/toode\\\/flavour-money-championship-hiero\\\/#primaryimage\",\"url\":\"https:\\\/\\\/bbqassad.ee\\\/wp-content\\\/uploads\\\/2026\\\/04\\\/Big_Poppas_Money_rub_397g.png\",\"contentUrl\":\"https:\\\/\\\/bbqassad.ee\\\/wp-content\\\/uploads\\\/2026\\\/04\\\/Big_Poppas_Money_rub_397g.png\",\"width\":1280,\"height\":720},{\"@type\":\"BreadcrumbList\",\"@id\":\"https:\\\/\\\/bbqassad.ee\\\/fi\\\/toode\\\/flavour-money-championship-hiero\\\/#breadcrumb\",\"itemListElement\":[{\"@type\":\"ListItem\",\"position\":1,\"name\":\"Home\",\"item\":\"https:\\\/\\\/bbqassad.ee\\\/fi\\\/bbq-assat\\\/\"},{\"@type\":\"ListItem\",\"position\":2,\"name\":\"Verkkokauppa\",\"item\":\"https:\\\/\\\/bbqassad.ee\\\/fi\\\/verkkokauppa\\\/\"},{\"@type\":\"ListItem\",\"position\":3,\"name\":\"Flavour Money Championship Rub\"}]},{\"@type\":\"WebSite\",\"@id\":\"https:\\\/\\\/bbqassad.ee\\\/fi\\\/#website\",\"url\":\"https:\\\/\\\/bbqassad.ee\\\/fi\\\/\",\"name\":\"BBQ \u00c4ssad\",\"description\":\"BBQ maitseained, kastmed, ahjud\",\"publisher\":{\"@id\":\"https:\\\/\\\/bbqassad.ee\\\/fi\\\/#organization\"},\"potentialAction\":[{\"@type\":\"SearchAction\",\"target\":{\"@type\":\"EntryPoint\",\"urlTemplate\":\"https:\\\/\\\/bbqassad.ee\\\/fi\\\/?s={search_term_string}\"},\"query-input\":{\"@type\":\"PropertyValueSpecification\",\"valueRequired\":true,\"valueName\":\"search_term_string\"}}],\"inLanguage\":\"fi\"},{\"@type\":\"Organization\",\"@id\":\"https:\\\/\\\/bbqassad.ee\\\/fi\\\/#organization\",\"name\":\"BBQ \u00c4ssad\",\"url\":\"https:\\\/\\\/bbqassad.ee\\\/fi\\\/\",\"logo\":{\"@type\":\"ImageObject\",\"inLanguage\":\"fi\",\"@id\":\"https:\\\/\\\/bbqassad.ee\\\/fi\\\/#\\\/schema\\\/logo\\\/image\\\/\",\"url\":\"https:\\\/\\\/bbqassad.ee\\\/wp-content\\\/uploads\\\/2022\\\/10\\\/BBQ-2ssadlogo.png\",\"contentUrl\":\"https:\\\/\\\/bbqassad.ee\\\/wp-content\\\/uploads\\\/2022\\\/10\\\/BBQ-2ssadlogo.png\",\"width\":1080,\"height\":1080,\"caption\":\"BBQ \u00c4ssad\"},\"image\":{\"@id\":\"https:\\\/\\\/bbqassad.ee\\\/fi\\\/#\\\/schema\\\/logo\\\/image\\\/\"},\"sameAs\":[\"https:\\\/\\\/www.facebook.com\\\/bbqassad\",\"https:\\\/\\\/www.youtube.com\\\/channel\\\/UCsoufn49J6TVi9Ah9meE93w\"]}]}<\/script>\n<!-- \/ Yoast SEO plugin. -->","yoast_head_json":{"title":"Flavour Money Championship Rub - BBQ \u00c4ssad","description":"Money Championship rub - mausteseos on hieman mausteinen eik\u00e4 kovin makea, vaan pikemminkin suolainen.","robots":{"index":"index","follow":"follow","max-snippet":"max-snippet:-1","max-image-preview":"max-image-preview:large","max-video-preview":"max-video-preview:-1"},"canonical":"https:\/\/bbqassad.ee\/fi\/toode\/flavour-money-championship-hiero\/","og_locale":"fi_FI","og_type":"article","og_title":"Flavour Money Championship Rub - BBQ \u00c4ssad","og_description":"Money Championship rub - mausteseos on hieman mausteinen eik\u00e4 kovin makea, vaan pikemminkin suolainen.","og_url":"https:\/\/bbqassad.ee\/fi\/toode\/flavour-money-championship-hiero\/","og_site_name":"BBQ \u00c4ssad","article_publisher":"https:\/\/www.facebook.com\/bbqassad","article_modified_time":"2026-05-11T08:14:57+00:00","og_image":[{"width":1280,"height":720,"url":"https:\/\/bbqassad.ee\/wp-content\/uploads\/2026\/04\/Big_Poppas_Money_rub_397g.png","type":"image\/png"}],"twitter_card":"summary_large_image","twitter_misc":{"Arvioitu lukuaika":"1 minuutti"},"schema":{"@context":"https:\/\/schema.org","@graph":[{"@type":"WebPage","@id":"https:\/\/bbqassad.ee\/fi\/toode\/flavour-money-championship-hiero\/","url":"https:\/\/bbqassad.ee\/fi\/toode\/flavour-money-championship-hiero\/","name":"Flavour Money Championship Rub - BBQ \u00c4ssad","isPartOf":{"@id":"https:\/\/bbqassad.ee\/fi\/#website"},"primaryImageOfPage":{"@id":"https:\/\/bbqassad.ee\/fi\/toode\/flavour-money-championship-hiero\/#primaryimage"},"image":{"@id":"https:\/\/bbqassad.ee\/fi\/toode\/flavour-money-championship-hiero\/#primaryimage"},"thumbnailUrl":"https:\/\/bbqassad.ee\/wp-content\/uploads\/2026\/04\/Big_Poppas_Money_rub_397g.png","datePublished":"2022-11-02T13:50:25+00:00","dateModified":"2026-05-11T08:14:57+00:00","description":"Money Championship rub - mausteseos on hieman mausteinen eik\u00e4 kovin makea, vaan pikemminkin suolainen.","breadcrumb":{"@id":"https:\/\/bbqassad.ee\/fi\/toode\/flavour-money-championship-hiero\/#breadcrumb"},"inLanguage":"fi","potentialAction":[{"@type":"ReadAction","target":["https:\/\/bbqassad.ee\/fi\/toode\/flavour-money-championship-hiero\/"]}]},{"@type":"ImageObject","inLanguage":"fi","@id":"https:\/\/bbqassad.ee\/fi\/toode\/flavour-money-championship-hiero\/#primaryimage","url":"https:\/\/bbqassad.ee\/wp-content\/uploads\/2026\/04\/Big_Poppas_Money_rub_397g.png","contentUrl":"https:\/\/bbqassad.ee\/wp-content\/uploads\/2026\/04\/Big_Poppas_Money_rub_397g.png","width":1280,"height":720},{"@type":"BreadcrumbList","@id":"https:\/\/bbqassad.ee\/fi\/toode\/flavour-money-championship-hiero\/#breadcrumb","itemListElement":[{"@type":"ListItem","position":1,"name":"Home","item":"https:\/\/bbqassad.ee\/fi\/bbq-assat\/"},{"@type":"ListItem","position":2,"name":"Verkkokauppa","item":"https:\/\/bbqassad.ee\/fi\/verkkokauppa\/"},{"@type":"ListItem","position":3,"name":"Flavour Money Championship Rub"}]},{"@type":"WebSite","@id":"https:\/\/bbqassad.ee\/fi\/#website","url":"https:\/\/bbqassad.ee\/fi\/","name":"BBQ \u00c4ssad","description":"BBQ maitseained, kastmed, ahjud","publisher":{"@id":"https:\/\/bbqassad.ee\/fi\/#organization"},"potentialAction":[{"@type":"SearchAction","target":{"@type":"EntryPoint","urlTemplate":"https:\/\/bbqassad.ee\/fi\/?s={search_term_string}"},"query-input":{"@type":"PropertyValueSpecification","valueRequired":true,"valueName":"search_term_string"}}],"inLanguage":"fi"},{"@type":"Organization","@id":"https:\/\/bbqassad.ee\/fi\/#organization","name":"BBQ \u00c4ssad","url":"https:\/\/bbqassad.ee\/fi\/","logo":{"@type":"ImageObject","inLanguage":"fi","@id":"https:\/\/bbqassad.ee\/fi\/#\/schema\/logo\/image\/","url":"https:\/\/bbqassad.ee\/wp-content\/uploads\/2022\/10\/BBQ-2ssadlogo.png","contentUrl":"https:\/\/bbqassad.ee\/wp-content\/uploads\/2022\/10\/BBQ-2ssadlogo.png","width":1080,"height":1080,"caption":"BBQ \u00c4ssad"},"image":{"@id":"https:\/\/bbqassad.ee\/fi\/#\/schema\/logo\/image\/"},"sameAs":["https:\/\/www.facebook.com\/bbqassad","https:\/\/www.youtube.com\/channel\/UCsoufn49J6TVi9Ah9meE93w"]}]}},"_links":{"self":[{"href":"https:\/\/bbqassad.ee\/fi\/wp-json\/wp\/v2\/product\/23592","targetHints":{"allow":["GET"]}}],"collection":[{"href":"https:\/\/bbqassad.ee\/fi\/wp-json\/wp\/v2\/product"}],"about":[{"href":"https:\/\/bbqassad.ee\/fi\/wp-json\/wp\/v2\/types\/product"}],"replies":[{"embeddable":true,"href":"https:\/\/bbqassad.ee\/fi\/wp-json\/wp\/v2\/comments?post=23592"}],"wp:featuredmedia":[{"embeddable":true,"href":"https:\/\/bbqassad.ee\/fi\/wp-json\/wp\/v2\/media\/24966"}],"wp:attachment":[{"href":"https:\/\/bbqassad.ee\/fi\/wp-json\/wp\/v2\/media?parent=23592"}],"wp:term":[{"taxonomy":"product_brand","embeddable":true,"href":"https:\/\/bbqassad.ee\/fi\/wp-json\/wp\/v2\/product_brand?post=23592"},{"taxonomy":"product_cat","embeddable":true,"href":"https:\/\/bbqassad.ee\/fi\/wp-json\/wp\/v2\/product_cat?post=23592"},{"taxonomy":"product_tag","embeddable":true,"href":"https:\/\/bbqassad.ee\/fi\/wp-json\/wp\/v2\/product_tag?post=23592"}],"curies":[{"name":"wp","href":"https:\/\/api.w.org\/{rel}","templated":true}]}}