{"id":23590,"date":"2022-11-02T13:58:59","date_gmt":"2022-11-02T13:58:59","guid":{"rendered":"https:\/\/bbqassad.ee\/toode\/makupaloja-taydellinen-sekoitus\/"},"modified":"2026-04-14T06:34:18","modified_gmt":"2026-04-14T06:34:18","slug":"makupaloja-taydellinen-sekoitus","status":"publish","type":"product","link":"https:\/\/bbqassad.ee\/fi\/toode\/makupaloja-taydellinen-sekoitus\/","title":{"rendered":"Makupaloja T\u00e4ydellinen sekoitus"},"content":{"rendered":"<p>Slaps BBQ:n perustaja Joe Pearce on tunnettu siit\u00e4, ett\u00e4 h\u00e4n aloittaa varhain ja nuorena BBQ-kilpailuissa, ja nyky\u00e4\u00e4n kukaan ei todellakaan halua kilpailla h\u00e4nt\u00e4 vastaan, varsinkaan brisket-kategoriassa. Juuri j\u00e4lkimm\u00e4isess\u00e4 sarjassa h\u00e4n on saanut t\u00e4ydet pisteet lukemattomia kertoja ja luonut t\u00e4ydellisen mausteseoksen, jota h\u00e4n k\u00e4ytt\u00e4\u00e4 jopa omissa kilpailuissaan. <\/p>\n<h2>BBQ Aces kommentti<\/h2>\n<p>Emme tied\u00e4 miksi, mutta t\u00e4m\u00e4 suolaisen, makean ja mausteisen sekoitus toimii kaikessa. Se on ainoa sokerinen mauste, jota k\u00e4ytt\u00e4isimme naudanlihalle. Emme tied\u00e4 miten, mutta se vain toimii siin\u00e4, ja jos Slaps haluaa kutsua sit\u00e4 t\u00e4ydelliseksi sekoitukseksi, h\u00e4n ei ole aivan v\u00e4\u00e4r\u00e4ss\u00e4.  <\/p>\n<h2>Ammattilaisen vinkki<\/h2>\n<p>Jos k\u00e4yt\u00e4t t\u00e4t\u00e4 mausteseosta suurelle naudan- tai sianlihapalalle, laita mausteseos p\u00e4\u00e4lle edellisen\u00e4 iltana, jotta se ehtii imeyty\u00e4. \u00c4l\u00e4 j\u00e4t\u00e4 sit\u00e4 liian pitk\u00e4ksi aikaa, sill\u00e4 muuten se muuttuu suolaiseksi &#8211; 6-7 tuntia on paras aika. <\/p>\n","protected":false},"excerpt":{"rendered":"<p>Tuottaja: Slaps Kansas City BBQ<br \/>\nPaino: 164g<br \/>\nAinesosat: suola, sokeri, ruskea sokeri, chili, paprika, Worchestershire-kastike, sipuli, valkosipuli, paprika, sellerin siemenet, mausteet.<\/p>\n","protected":false},"featured_media":105,"comment_status":"open","ping_status":"closed","template":"","meta":[],"product_brand":[],"product_cat":[802],"product_tag":[790,803,789],"class_list":{"0":"post-23590","1":"product","2":"type-product","3":"status-publish","4":"has-post-thumbnail","6":"product_cat-sekoitukset","7":"product_tag-kana","8":"product_tag-karja","9":"product_tag-sika","11":"first","12":"outofstock","13":"taxable","14":"shipping-taxable","15":"purchasable","16":"product-type-simple"},"yoast_head":"<!-- This site is optimized with the Yoast SEO plugin v27.4 - https:\/\/yoast.com\/product\/yoast-seo-wordpress\/ -->\n<title>Makupaloja T\u00e4ydellinen sekoitus - BBQ \u00c4ssad<\/title>\n<meta name=\"description\" content=\"Slaps Perfect Blend - Perfect Blend on suolaisten, makeiden ja mausteisten yhdistelm\u00e4, joka sopii kaiken p\u00e4\u00e4lle.\" \/>\n<meta name=\"robots\" content=\"index, follow, max-snippet:-1, max-image-preview:large, max-video-preview:-1\" \/>\n<link rel=\"canonical\" href=\"https:\/\/bbqassad.ee\/fi\/toode\/makupaloja-taydellinen-sekoitus\/\" \/>\n<meta property=\"og:locale\" content=\"fi_FI\" \/>\n<meta property=\"og:type\" content=\"article\" \/>\n<meta property=\"og:title\" content=\"Makupaloja T\u00e4ydellinen sekoitus - BBQ \u00c4ssad\" \/>\n<meta property=\"og:description\" content=\"Slaps Perfect Blend - Perfect Blend on suolaisten, makeiden ja mausteisten yhdistelm\u00e4, joka sopii kaiken p\u00e4\u00e4lle.\" \/>\n<meta property=\"og:url\" content=\"https:\/\/bbqassad.ee\/fi\/toode\/makupaloja-taydellinen-sekoitus\/\" \/>\n<meta property=\"og:site_name\" content=\"BBQ \u00c4ssad\" \/>\n<meta property=\"article:publisher\" content=\"https:\/\/www.facebook.com\/bbqassad\" \/>\n<meta property=\"article:modified_time\" content=\"2026-04-14T06:34:18+00:00\" \/>\n<meta property=\"og:image\" content=\"https:\/\/bbqassad.ee\/wp-content\/uploads\/2022\/11\/Slaps-2-BBQAssad-copy.webp\" \/>\n\t<meta property=\"og:image:width\" content=\"800\" \/>\n\t<meta property=\"og:image:height\" content=\"800\" \/>\n\t<meta property=\"og:image:type\" content=\"image\/webp\" \/>\n<meta name=\"twitter:card\" content=\"summary_large_image\" \/>\n<meta name=\"twitter:label1\" content=\"Arvioitu lukuaika\" \/>\n\t<meta name=\"twitter:data1\" content=\"1 minuutti\" \/>\n<script type=\"application\/ld+json\" class=\"yoast-schema-graph\">{\"@context\":\"https:\\\/\\\/schema.org\",\"@graph\":[{\"@type\":\"WebPage\",\"@id\":\"https:\\\/\\\/bbqassad.ee\\\/fi\\\/toode\\\/makupaloja-taydellinen-sekoitus\\\/\",\"url\":\"https:\\\/\\\/bbqassad.ee\\\/fi\\\/toode\\\/makupaloja-taydellinen-sekoitus\\\/\",\"name\":\"Makupaloja T\u00e4ydellinen sekoitus - BBQ \u00c4ssad\",\"isPartOf\":{\"@id\":\"https:\\\/\\\/bbqassad.ee\\\/fi\\\/#website\"},\"primaryImageOfPage\":{\"@id\":\"https:\\\/\\\/bbqassad.ee\\\/fi\\\/toode\\\/makupaloja-taydellinen-sekoitus\\\/#primaryimage\"},\"image\":{\"@id\":\"https:\\\/\\\/bbqassad.ee\\\/fi\\\/toode\\\/makupaloja-taydellinen-sekoitus\\\/#primaryimage\"},\"thumbnailUrl\":\"https:\\\/\\\/bbqassad.ee\\\/wp-content\\\/uploads\\\/2022\\\/11\\\/Slaps-2-BBQAssad-copy.webp\",\"datePublished\":\"2022-11-02T13:58:59+00:00\",\"dateModified\":\"2026-04-14T06:34:18+00:00\",\"description\":\"Slaps Perfect Blend - Perfect Blend on suolaisten, makeiden ja mausteisten yhdistelm\u00e4, joka sopii kaiken p\u00e4\u00e4lle.\",\"breadcrumb\":{\"@id\":\"https:\\\/\\\/bbqassad.ee\\\/fi\\\/toode\\\/makupaloja-taydellinen-sekoitus\\\/#breadcrumb\"},\"inLanguage\":\"fi\",\"potentialAction\":[{\"@type\":\"ReadAction\",\"target\":[\"https:\\\/\\\/bbqassad.ee\\\/fi\\\/toode\\\/makupaloja-taydellinen-sekoitus\\\/\"]}]},{\"@type\":\"ImageObject\",\"inLanguage\":\"fi\",\"@id\":\"https:\\\/\\\/bbqassad.ee\\\/fi\\\/toode\\\/makupaloja-taydellinen-sekoitus\\\/#primaryimage\",\"url\":\"https:\\\/\\\/bbqassad.ee\\\/wp-content\\\/uploads\\\/2022\\\/11\\\/Slaps-2-BBQAssad-copy.webp\",\"contentUrl\":\"https:\\\/\\\/bbqassad.ee\\\/wp-content\\\/uploads\\\/2022\\\/11\\\/Slaps-2-BBQAssad-copy.webp\",\"width\":800,\"height\":800,\"caption\":\"Maitseainesegu Slaps Perfect Blend\"},{\"@type\":\"BreadcrumbList\",\"@id\":\"https:\\\/\\\/bbqassad.ee\\\/fi\\\/toode\\\/makupaloja-taydellinen-sekoitus\\\/#breadcrumb\",\"itemListElement\":[{\"@type\":\"ListItem\",\"position\":1,\"name\":\"Home\",\"item\":\"https:\\\/\\\/bbqassad.ee\\\/fi\\\/bbq-assat\\\/\"},{\"@type\":\"ListItem\",\"position\":2,\"name\":\"Verkkokauppa\",\"item\":\"https:\\\/\\\/bbqassad.ee\\\/fi\\\/verkkokauppa\\\/\"},{\"@type\":\"ListItem\",\"position\":3,\"name\":\"Makupaloja T\u00e4ydellinen sekoitus\"}]},{\"@type\":\"WebSite\",\"@id\":\"https:\\\/\\\/bbqassad.ee\\\/fi\\\/#website\",\"url\":\"https:\\\/\\\/bbqassad.ee\\\/fi\\\/\",\"name\":\"BBQ \u00c4ssad\",\"description\":\"BBQ maitseained, kastmed, ahjud\",\"publisher\":{\"@id\":\"https:\\\/\\\/bbqassad.ee\\\/fi\\\/#organization\"},\"potentialAction\":[{\"@type\":\"SearchAction\",\"target\":{\"@type\":\"EntryPoint\",\"urlTemplate\":\"https:\\\/\\\/bbqassad.ee\\\/fi\\\/?s={search_term_string}\"},\"query-input\":{\"@type\":\"PropertyValueSpecification\",\"valueRequired\":true,\"valueName\":\"search_term_string\"}}],\"inLanguage\":\"fi\"},{\"@type\":\"Organization\",\"@id\":\"https:\\\/\\\/bbqassad.ee\\\/fi\\\/#organization\",\"name\":\"BBQ \u00c4ssad\",\"url\":\"https:\\\/\\\/bbqassad.ee\\\/fi\\\/\",\"logo\":{\"@type\":\"ImageObject\",\"inLanguage\":\"fi\",\"@id\":\"https:\\\/\\\/bbqassad.ee\\\/fi\\\/#\\\/schema\\\/logo\\\/image\\\/\",\"url\":\"https:\\\/\\\/bbqassad.ee\\\/wp-content\\\/uploads\\\/2022\\\/10\\\/BBQ-2ssadlogo.png\",\"contentUrl\":\"https:\\\/\\\/bbqassad.ee\\\/wp-content\\\/uploads\\\/2022\\\/10\\\/BBQ-2ssadlogo.png\",\"width\":1080,\"height\":1080,\"caption\":\"BBQ \u00c4ssad\"},\"image\":{\"@id\":\"https:\\\/\\\/bbqassad.ee\\\/fi\\\/#\\\/schema\\\/logo\\\/image\\\/\"},\"sameAs\":[\"https:\\\/\\\/www.facebook.com\\\/bbqassad\",\"https:\\\/\\\/www.youtube.com\\\/channel\\\/UCsoufn49J6TVi9Ah9meE93w\"]}]}<\/script>\n<!-- \/ Yoast SEO plugin. -->","yoast_head_json":{"title":"Makupaloja T\u00e4ydellinen sekoitus - BBQ \u00c4ssad","description":"Slaps Perfect Blend - Perfect Blend on suolaisten, makeiden ja mausteisten yhdistelm\u00e4, joka sopii kaiken p\u00e4\u00e4lle.","robots":{"index":"index","follow":"follow","max-snippet":"max-snippet:-1","max-image-preview":"max-image-preview:large","max-video-preview":"max-video-preview:-1"},"canonical":"https:\/\/bbqassad.ee\/fi\/toode\/makupaloja-taydellinen-sekoitus\/","og_locale":"fi_FI","og_type":"article","og_title":"Makupaloja T\u00e4ydellinen sekoitus - BBQ \u00c4ssad","og_description":"Slaps Perfect Blend - Perfect Blend on suolaisten, makeiden ja mausteisten yhdistelm\u00e4, joka sopii kaiken p\u00e4\u00e4lle.","og_url":"https:\/\/bbqassad.ee\/fi\/toode\/makupaloja-taydellinen-sekoitus\/","og_site_name":"BBQ \u00c4ssad","article_publisher":"https:\/\/www.facebook.com\/bbqassad","article_modified_time":"2026-04-14T06:34:18+00:00","og_image":[{"width":800,"height":800,"url":"https:\/\/bbqassad.ee\/wp-content\/uploads\/2022\/11\/Slaps-2-BBQAssad-copy.webp","type":"image\/webp"}],"twitter_card":"summary_large_image","twitter_misc":{"Arvioitu lukuaika":"1 minuutti"},"schema":{"@context":"https:\/\/schema.org","@graph":[{"@type":"WebPage","@id":"https:\/\/bbqassad.ee\/fi\/toode\/makupaloja-taydellinen-sekoitus\/","url":"https:\/\/bbqassad.ee\/fi\/toode\/makupaloja-taydellinen-sekoitus\/","name":"Makupaloja T\u00e4ydellinen sekoitus - BBQ \u00c4ssad","isPartOf":{"@id":"https:\/\/bbqassad.ee\/fi\/#website"},"primaryImageOfPage":{"@id":"https:\/\/bbqassad.ee\/fi\/toode\/makupaloja-taydellinen-sekoitus\/#primaryimage"},"image":{"@id":"https:\/\/bbqassad.ee\/fi\/toode\/makupaloja-taydellinen-sekoitus\/#primaryimage"},"thumbnailUrl":"https:\/\/bbqassad.ee\/wp-content\/uploads\/2022\/11\/Slaps-2-BBQAssad-copy.webp","datePublished":"2022-11-02T13:58:59+00:00","dateModified":"2026-04-14T06:34:18+00:00","description":"Slaps Perfect Blend - Perfect Blend on suolaisten, makeiden ja mausteisten yhdistelm\u00e4, joka sopii kaiken p\u00e4\u00e4lle.","breadcrumb":{"@id":"https:\/\/bbqassad.ee\/fi\/toode\/makupaloja-taydellinen-sekoitus\/#breadcrumb"},"inLanguage":"fi","potentialAction":[{"@type":"ReadAction","target":["https:\/\/bbqassad.ee\/fi\/toode\/makupaloja-taydellinen-sekoitus\/"]}]},{"@type":"ImageObject","inLanguage":"fi","@id":"https:\/\/bbqassad.ee\/fi\/toode\/makupaloja-taydellinen-sekoitus\/#primaryimage","url":"https:\/\/bbqassad.ee\/wp-content\/uploads\/2022\/11\/Slaps-2-BBQAssad-copy.webp","contentUrl":"https:\/\/bbqassad.ee\/wp-content\/uploads\/2022\/11\/Slaps-2-BBQAssad-copy.webp","width":800,"height":800,"caption":"Maitseainesegu Slaps Perfect Blend"},{"@type":"BreadcrumbList","@id":"https:\/\/bbqassad.ee\/fi\/toode\/makupaloja-taydellinen-sekoitus\/#breadcrumb","itemListElement":[{"@type":"ListItem","position":1,"name":"Home","item":"https:\/\/bbqassad.ee\/fi\/bbq-assat\/"},{"@type":"ListItem","position":2,"name":"Verkkokauppa","item":"https:\/\/bbqassad.ee\/fi\/verkkokauppa\/"},{"@type":"ListItem","position":3,"name":"Makupaloja T\u00e4ydellinen sekoitus"}]},{"@type":"WebSite","@id":"https:\/\/bbqassad.ee\/fi\/#website","url":"https:\/\/bbqassad.ee\/fi\/","name":"BBQ \u00c4ssad","description":"BBQ maitseained, kastmed, ahjud","publisher":{"@id":"https:\/\/bbqassad.ee\/fi\/#organization"},"potentialAction":[{"@type":"SearchAction","target":{"@type":"EntryPoint","urlTemplate":"https:\/\/bbqassad.ee\/fi\/?s={search_term_string}"},"query-input":{"@type":"PropertyValueSpecification","valueRequired":true,"valueName":"search_term_string"}}],"inLanguage":"fi"},{"@type":"Organization","@id":"https:\/\/bbqassad.ee\/fi\/#organization","name":"BBQ \u00c4ssad","url":"https:\/\/bbqassad.ee\/fi\/","logo":{"@type":"ImageObject","inLanguage":"fi","@id":"https:\/\/bbqassad.ee\/fi\/#\/schema\/logo\/image\/","url":"https:\/\/bbqassad.ee\/wp-content\/uploads\/2022\/10\/BBQ-2ssadlogo.png","contentUrl":"https:\/\/bbqassad.ee\/wp-content\/uploads\/2022\/10\/BBQ-2ssadlogo.png","width":1080,"height":1080,"caption":"BBQ \u00c4ssad"},"image":{"@id":"https:\/\/bbqassad.ee\/fi\/#\/schema\/logo\/image\/"},"sameAs":["https:\/\/www.facebook.com\/bbqassad","https:\/\/www.youtube.com\/channel\/UCsoufn49J6TVi9Ah9meE93w"]}]}},"_links":{"self":[{"href":"https:\/\/bbqassad.ee\/fi\/wp-json\/wp\/v2\/product\/23590","targetHints":{"allow":["GET"]}}],"collection":[{"href":"https:\/\/bbqassad.ee\/fi\/wp-json\/wp\/v2\/product"}],"about":[{"href":"https:\/\/bbqassad.ee\/fi\/wp-json\/wp\/v2\/types\/product"}],"replies":[{"embeddable":true,"href":"https:\/\/bbqassad.ee\/fi\/wp-json\/wp\/v2\/comments?post=23590"}],"wp:featuredmedia":[{"embeddable":true,"href":"https:\/\/bbqassad.ee\/fi\/wp-json\/wp\/v2\/media\/105"}],"wp:attachment":[{"href":"https:\/\/bbqassad.ee\/fi\/wp-json\/wp\/v2\/media?parent=23590"}],"wp:term":[{"taxonomy":"product_brand","embeddable":true,"href":"https:\/\/bbqassad.ee\/fi\/wp-json\/wp\/v2\/product_brand?post=23590"},{"taxonomy":"product_cat","embeddable":true,"href":"https:\/\/bbqassad.ee\/fi\/wp-json\/wp\/v2\/product_cat?post=23590"},{"taxonomy":"product_tag","embeddable":true,"href":"https:\/\/bbqassad.ee\/fi\/wp-json\/wp\/v2\/product_tag?post=23590"}],"curies":[{"name":"wp","href":"https:\/\/api.w.org\/{rel}","templated":true}]}}