{"id":23578,"date":"2022-11-13T20:38:45","date_gmt":"2022-11-13T20:38:45","guid":{"rendered":"https:\/\/bbqassad.ee\/toode\/caste-blues-hog-alkuperainen\/"},"modified":"2026-05-12T06:46:36","modified_gmt":"2026-05-12T06:46:36","slug":"kastike-blues-hog-alkuperainen","status":"publish","type":"product","link":"https:\/\/bbqassad.ee\/fi\/toode\/kastike-blues-hog-alkuperainen\/","title":{"rendered":"Blues Hog Original -kastike"},"content":{"rendered":"<h2>Kastike Blues Hog Alkuper\u00e4inen<\/h2>\n<p>Blues Hog original ja Tennessee Red ovat legendaarisimpia BBQ-kastikkeita kilpailupiireiss\u00e4 ja amerikkalaisissa BBQ-ravintoloissa. Joskus etiketit otetaan kameroiden alla pois, mutta kaikki tiet\u00e4v\u00e4t, mit\u00e4 sis\u00e4ll\u00e4 on &#8211; Blues Hog. T\u00e4m\u00e4 kastike on voittanut parhaan kastikkeen palkinnon lukemattomia kertoja, ja se maistuu makealta, jossa on hento mausteinen j\u00e4lkimaku. Blues Hog original on ketsuppipohjainen makea ja paksu kastike, joka tarttuu lihaan superhyvin ja kiilt\u00e4\u00e4 kuin timantti possussa&#8230;..   <\/p>\n<h2>BBQ Aces kommentti<\/h2>\n<p>Blues Hog Original ja Tennessee red ovat kastikkeita, joita jokaisella grillaajalla on ruokakomerossaan. Sekoita niit\u00e4 vain, kun tekee mieli l\u00e4mmitt\u00e4\u00e4 ja laittaa mihin tahansa, se on aina hyv\u00e4\u00e4.<\/p>\n<p>Pienet puristettavat pullot ovat karmivan hyvi\u00e4 uudelleenk\u00e4ytett\u00e4vi\u00e4 omien sekoitusten tekemiseen, ja niist\u00e4 on suuri apu, kun niit\u00e4 levitet\u00e4\u00e4n lihaan tai k\u00e4\u00e4reisiin tarkkojen m\u00e4\u00e4rien saamiseksi. Pelkk\u00e4 alkuper\u00e4inen on aika makeaa ja paksua, kannattaa ehdottomasti laittaa Tennessee retiisi\u00e4 siihen. Emme voi sanoa mit\u00e4\u00e4n &#8211; Blues Hogin kastikkeet ovat parhaita, jotka sopivat BBQ:n kanssa ja siihen keskustelu p\u00e4\u00e4ttyy.   <\/p>\n<h2>Ammattilaisen vinkki<\/h2>\n<p>Sekoita Original ja Tennessee red. J\u00e4lkimm\u00e4inen on etikkapohjainen ja mausteisempi lik\u00f6\u00f6ri &#8211; aloita 50:50 sekoituksella ja &#8221;virit\u00e4&#8221; suhde sitten juuri sellaiseksi kuin haluat. <\/p>\n","protected":false},"excerpt":{"rendered":"<p>Valmistaja: Blues Hog<\/p>\n<p>Paino: 709g<\/p>\n<p>Ainesosat: ruskea sokeri, ketsuppi, omenaviinietikka, sokeri, suola, mausteet, paprika, Worcestershire-kastike, vaniljauute, valkosipuli.<\/p>\n","protected":false},"featured_media":23579,"comment_status":"open","ping_status":"closed","template":"","meta":[],"product_brand":[],"product_cat":[788],"product_tag":[791,790,803,789],"class_list":{"0":"post-23578","1":"product","2":"type-product","3":"status-publish","4":"has-post-thumbnail","6":"product_cat-kastit","7":"product_tag-kala","8":"product_tag-kana","9":"product_tag-karja","10":"product_tag-sika","12":"first","13":"instock","14":"taxable","15":"shipping-taxable","16":"purchasable","17":"product-type-variable","18":"has-default-attributes"},"yoast_head":"<!-- This site is optimized with the Yoast SEO plugin v27.4 - https:\/\/yoast.com\/product\/yoast-seo-wordpress\/ -->\n<title>Blues Hog Original -kastike - BBQ \u00c4ssad %<\/title>\n<meta name=\"description\" content=\"Blues Hog Original Sauce - T\u00e4m\u00e4 kastike on voittanut parhaan kastikkeen palkinnon lukemattomia kertoja, ja se maistuu makealta ja hieman mausteiselta.\" \/>\n<meta name=\"robots\" content=\"index, follow, max-snippet:-1, max-image-preview:large, max-video-preview:-1\" \/>\n<link rel=\"canonical\" href=\"https:\/\/bbqassad.ee\/fi\/toode\/kastike-blues-hog-alkuperainen\/\" \/>\n<meta property=\"og:locale\" content=\"fi_FI\" \/>\n<meta property=\"og:type\" content=\"article\" \/>\n<meta property=\"og:title\" content=\"Caste Blues Hog Alkuper\u00e4inen\" \/>\n<meta property=\"og:description\" content=\"Blues Hog Original Sauce - T\u00e4m\u00e4 kastike on voittanut parhaan kastikkeen palkinnon lukemattomia kertoja, ja se maistuu makealta ja hieman mausteiselta.\" \/>\n<meta property=\"og:url\" content=\"https:\/\/bbqassad.ee\/fi\/toode\/kastike-blues-hog-alkuperainen\/\" \/>\n<meta property=\"og:site_name\" content=\"BBQ \u00c4ssad\" \/>\n<meta property=\"article:publisher\" content=\"https:\/\/www.facebook.com\/bbqassad\" \/>\n<meta property=\"article:modified_time\" content=\"2026-05-12T06:46:36+00:00\" \/>\n<meta property=\"og:image\" content=\"https:\/\/bbqassad.ee\/wp-content\/uploads\/2022\/11\/Blues-Hog-BBQ-Kastmed-Original-Pritspudel-300x300.webp\" \/>\n<meta name=\"twitter:card\" content=\"summary_large_image\" \/>\n<meta name=\"twitter:label1\" content=\"Arvioitu lukuaika\" \/>\n\t<meta name=\"twitter:data1\" content=\"2 minuuttia\" \/>\n<script type=\"application\/ld+json\" class=\"yoast-schema-graph\">{\"@context\":\"https:\\\/\\\/schema.org\",\"@graph\":[{\"@type\":\"WebPage\",\"@id\":\"https:\\\/\\\/bbqassad.ee\\\/fi\\\/toode\\\/kastike-blues-hog-alkuperainen\\\/\",\"url\":\"https:\\\/\\\/bbqassad.ee\\\/fi\\\/toode\\\/kastike-blues-hog-alkuperainen\\\/\",\"name\":\"Blues Hog Original -kastike - BBQ \u00c4ssad %\",\"isPartOf\":{\"@id\":\"https:\\\/\\\/bbqassad.ee\\\/fi\\\/#website\"},\"primaryImageOfPage\":{\"@id\":\"https:\\\/\\\/bbqassad.ee\\\/fi\\\/toode\\\/kastike-blues-hog-alkuperainen\\\/#primaryimage\"},\"image\":{\"@id\":\"https:\\\/\\\/bbqassad.ee\\\/fi\\\/toode\\\/kastike-blues-hog-alkuperainen\\\/#primaryimage\"},\"thumbnailUrl\":\"https:\\\/\\\/bbqassad.ee\\\/wp-content\\\/uploads\\\/2022\\\/11\\\/Blues-Hog-BBQ-Kastmed-Original-Pritspudel.webp\",\"datePublished\":\"2022-11-13T20:38:45+00:00\",\"dateModified\":\"2026-05-12T06:46:36+00:00\",\"description\":\"Blues Hog Original Sauce - T\u00e4m\u00e4 kastike on voittanut parhaan kastikkeen palkinnon lukemattomia kertoja, ja se maistuu makealta ja hieman mausteiselta.\",\"breadcrumb\":{\"@id\":\"https:\\\/\\\/bbqassad.ee\\\/fi\\\/toode\\\/kastike-blues-hog-alkuperainen\\\/#breadcrumb\"},\"inLanguage\":\"fi\",\"potentialAction\":[{\"@type\":\"ReadAction\",\"target\":[\"https:\\\/\\\/bbqassad.ee\\\/fi\\\/toode\\\/kastike-blues-hog-alkuperainen\\\/\"]}]},{\"@type\":\"ImageObject\",\"inLanguage\":\"fi\",\"@id\":\"https:\\\/\\\/bbqassad.ee\\\/fi\\\/toode\\\/kastike-blues-hog-alkuperainen\\\/#primaryimage\",\"url\":\"https:\\\/\\\/bbqassad.ee\\\/wp-content\\\/uploads\\\/2022\\\/11\\\/Blues-Hog-BBQ-Kastmed-Original-Pritspudel.webp\",\"contentUrl\":\"https:\\\/\\\/bbqassad.ee\\\/wp-content\\\/uploads\\\/2022\\\/11\\\/Blues-Hog-BBQ-Kastmed-Original-Pritspudel.webp\",\"width\":800,\"height\":800,\"caption\":\"Kaste Blues Hog Original\"},{\"@type\":\"BreadcrumbList\",\"@id\":\"https:\\\/\\\/bbqassad.ee\\\/fi\\\/toode\\\/kastike-blues-hog-alkuperainen\\\/#breadcrumb\",\"itemListElement\":[{\"@type\":\"ListItem\",\"position\":1,\"name\":\"Home\",\"item\":\"https:\\\/\\\/bbqassad.ee\\\/fi\\\/bbq-assat\\\/\"},{\"@type\":\"ListItem\",\"position\":2,\"name\":\"Verkkokauppa\",\"item\":\"https:\\\/\\\/bbqassad.ee\\\/fi\\\/verkkokauppa\\\/\"},{\"@type\":\"ListItem\",\"position\":3,\"name\":\"Blues Hog Original -kastike\"}]},{\"@type\":\"WebSite\",\"@id\":\"https:\\\/\\\/bbqassad.ee\\\/fi\\\/#website\",\"url\":\"https:\\\/\\\/bbqassad.ee\\\/fi\\\/\",\"name\":\"BBQ \u00c4ssad\",\"description\":\"BBQ maitseained, kastmed, ahjud\",\"publisher\":{\"@id\":\"https:\\\/\\\/bbqassad.ee\\\/fi\\\/#organization\"},\"potentialAction\":[{\"@type\":\"SearchAction\",\"target\":{\"@type\":\"EntryPoint\",\"urlTemplate\":\"https:\\\/\\\/bbqassad.ee\\\/fi\\\/?s={search_term_string}\"},\"query-input\":{\"@type\":\"PropertyValueSpecification\",\"valueRequired\":true,\"valueName\":\"search_term_string\"}}],\"inLanguage\":\"fi\"},{\"@type\":\"Organization\",\"@id\":\"https:\\\/\\\/bbqassad.ee\\\/fi\\\/#organization\",\"name\":\"BBQ \u00c4ssad\",\"url\":\"https:\\\/\\\/bbqassad.ee\\\/fi\\\/\",\"logo\":{\"@type\":\"ImageObject\",\"inLanguage\":\"fi\",\"@id\":\"https:\\\/\\\/bbqassad.ee\\\/fi\\\/#\\\/schema\\\/logo\\\/image\\\/\",\"url\":\"https:\\\/\\\/bbqassad.ee\\\/wp-content\\\/uploads\\\/2022\\\/10\\\/BBQ-2ssadlogo.png\",\"contentUrl\":\"https:\\\/\\\/bbqassad.ee\\\/wp-content\\\/uploads\\\/2022\\\/10\\\/BBQ-2ssadlogo.png\",\"width\":1080,\"height\":1080,\"caption\":\"BBQ \u00c4ssad\"},\"image\":{\"@id\":\"https:\\\/\\\/bbqassad.ee\\\/fi\\\/#\\\/schema\\\/logo\\\/image\\\/\"},\"sameAs\":[\"https:\\\/\\\/www.facebook.com\\\/bbqassad\",\"https:\\\/\\\/www.youtube.com\\\/channel\\\/UCsoufn49J6TVi9Ah9meE93w\"]}]}<\/script>\n<!-- \/ Yoast SEO plugin. -->","yoast_head_json":{"title":"Blues Hog Original -kastike - BBQ \u00c4ssad %","description":"Blues Hog Original Sauce - T\u00e4m\u00e4 kastike on voittanut parhaan kastikkeen palkinnon lukemattomia kertoja, ja se maistuu makealta ja hieman mausteiselta.","robots":{"index":"index","follow":"follow","max-snippet":"max-snippet:-1","max-image-preview":"max-image-preview:large","max-video-preview":"max-video-preview:-1"},"canonical":"https:\/\/bbqassad.ee\/fi\/toode\/kastike-blues-hog-alkuperainen\/","og_locale":"fi_FI","og_type":"article","og_title":"Caste Blues Hog Alkuper\u00e4inen","og_description":"Blues Hog Original Sauce - T\u00e4m\u00e4 kastike on voittanut parhaan kastikkeen palkinnon lukemattomia kertoja, ja se maistuu makealta ja hieman mausteiselta.","og_url":"https:\/\/bbqassad.ee\/fi\/toode\/kastike-blues-hog-alkuperainen\/","og_site_name":"BBQ \u00c4ssad","article_publisher":"https:\/\/www.facebook.com\/bbqassad","article_modified_time":"2026-05-12T06:46:36+00:00","og_image":[{"url":"https:\/\/bbqassad.ee\/wp-content\/uploads\/2022\/11\/Blues-Hog-BBQ-Kastmed-Original-Pritspudel-300x300.webp","type":"","width":"","height":""}],"twitter_card":"summary_large_image","twitter_misc":{"Arvioitu lukuaika":"2 minuuttia"},"schema":{"@context":"https:\/\/schema.org","@graph":[{"@type":"WebPage","@id":"https:\/\/bbqassad.ee\/fi\/toode\/kastike-blues-hog-alkuperainen\/","url":"https:\/\/bbqassad.ee\/fi\/toode\/kastike-blues-hog-alkuperainen\/","name":"Blues Hog Original -kastike - BBQ \u00c4ssad %","isPartOf":{"@id":"https:\/\/bbqassad.ee\/fi\/#website"},"primaryImageOfPage":{"@id":"https:\/\/bbqassad.ee\/fi\/toode\/kastike-blues-hog-alkuperainen\/#primaryimage"},"image":{"@id":"https:\/\/bbqassad.ee\/fi\/toode\/kastike-blues-hog-alkuperainen\/#primaryimage"},"thumbnailUrl":"https:\/\/bbqassad.ee\/wp-content\/uploads\/2022\/11\/Blues-Hog-BBQ-Kastmed-Original-Pritspudel.webp","datePublished":"2022-11-13T20:38:45+00:00","dateModified":"2026-05-12T06:46:36+00:00","description":"Blues Hog Original Sauce - T\u00e4m\u00e4 kastike on voittanut parhaan kastikkeen palkinnon lukemattomia kertoja, ja se maistuu makealta ja hieman mausteiselta.","breadcrumb":{"@id":"https:\/\/bbqassad.ee\/fi\/toode\/kastike-blues-hog-alkuperainen\/#breadcrumb"},"inLanguage":"fi","potentialAction":[{"@type":"ReadAction","target":["https:\/\/bbqassad.ee\/fi\/toode\/kastike-blues-hog-alkuperainen\/"]}]},{"@type":"ImageObject","inLanguage":"fi","@id":"https:\/\/bbqassad.ee\/fi\/toode\/kastike-blues-hog-alkuperainen\/#primaryimage","url":"https:\/\/bbqassad.ee\/wp-content\/uploads\/2022\/11\/Blues-Hog-BBQ-Kastmed-Original-Pritspudel.webp","contentUrl":"https:\/\/bbqassad.ee\/wp-content\/uploads\/2022\/11\/Blues-Hog-BBQ-Kastmed-Original-Pritspudel.webp","width":800,"height":800,"caption":"Kaste Blues Hog Original"},{"@type":"BreadcrumbList","@id":"https:\/\/bbqassad.ee\/fi\/toode\/kastike-blues-hog-alkuperainen\/#breadcrumb","itemListElement":[{"@type":"ListItem","position":1,"name":"Home","item":"https:\/\/bbqassad.ee\/fi\/bbq-assat\/"},{"@type":"ListItem","position":2,"name":"Verkkokauppa","item":"https:\/\/bbqassad.ee\/fi\/verkkokauppa\/"},{"@type":"ListItem","position":3,"name":"Blues Hog Original -kastike"}]},{"@type":"WebSite","@id":"https:\/\/bbqassad.ee\/fi\/#website","url":"https:\/\/bbqassad.ee\/fi\/","name":"BBQ \u00c4ssad","description":"BBQ maitseained, kastmed, ahjud","publisher":{"@id":"https:\/\/bbqassad.ee\/fi\/#organization"},"potentialAction":[{"@type":"SearchAction","target":{"@type":"EntryPoint","urlTemplate":"https:\/\/bbqassad.ee\/fi\/?s={search_term_string}"},"query-input":{"@type":"PropertyValueSpecification","valueRequired":true,"valueName":"search_term_string"}}],"inLanguage":"fi"},{"@type":"Organization","@id":"https:\/\/bbqassad.ee\/fi\/#organization","name":"BBQ \u00c4ssad","url":"https:\/\/bbqassad.ee\/fi\/","logo":{"@type":"ImageObject","inLanguage":"fi","@id":"https:\/\/bbqassad.ee\/fi\/#\/schema\/logo\/image\/","url":"https:\/\/bbqassad.ee\/wp-content\/uploads\/2022\/10\/BBQ-2ssadlogo.png","contentUrl":"https:\/\/bbqassad.ee\/wp-content\/uploads\/2022\/10\/BBQ-2ssadlogo.png","width":1080,"height":1080,"caption":"BBQ \u00c4ssad"},"image":{"@id":"https:\/\/bbqassad.ee\/fi\/#\/schema\/logo\/image\/"},"sameAs":["https:\/\/www.facebook.com\/bbqassad","https:\/\/www.youtube.com\/channel\/UCsoufn49J6TVi9Ah9meE93w"]}]}},"_links":{"self":[{"href":"https:\/\/bbqassad.ee\/fi\/wp-json\/wp\/v2\/product\/23578","targetHints":{"allow":["GET"]}}],"collection":[{"href":"https:\/\/bbqassad.ee\/fi\/wp-json\/wp\/v2\/product"}],"about":[{"href":"https:\/\/bbqassad.ee\/fi\/wp-json\/wp\/v2\/types\/product"}],"replies":[{"embeddable":true,"href":"https:\/\/bbqassad.ee\/fi\/wp-json\/wp\/v2\/comments?post=23578"}],"wp:featuredmedia":[{"embeddable":true,"href":"https:\/\/bbqassad.ee\/fi\/wp-json\/wp\/v2\/media\/23579"}],"wp:attachment":[{"href":"https:\/\/bbqassad.ee\/fi\/wp-json\/wp\/v2\/media?parent=23578"}],"wp:term":[{"taxonomy":"product_brand","embeddable":true,"href":"https:\/\/bbqassad.ee\/fi\/wp-json\/wp\/v2\/product_brand?post=23578"},{"taxonomy":"product_cat","embeddable":true,"href":"https:\/\/bbqassad.ee\/fi\/wp-json\/wp\/v2\/product_cat?post=23578"},{"taxonomy":"product_tag","embeddable":true,"href":"https:\/\/bbqassad.ee\/fi\/wp-json\/wp\/v2\/product_tag?post=23578"}],"curies":[{"name":"wp","href":"https:\/\/api.w.org\/{rel}","templated":true}]}}