{"id":23566,"date":"2022-11-13T21:38:05","date_gmt":"2022-11-13T21:38:05","guid":{"rendered":"https:\/\/bbqassad.ee\/toode\/caste-blues-hog-champions-blend\/"},"modified":"2026-05-12T06:48:50","modified_gmt":"2026-05-12T06:48:50","slug":"kastike-blues-hog-champions-blend","status":"publish","type":"product","link":"https:\/\/bbqassad.ee\/fi\/toode\/kastike-blues-hog-champions-blend\/","title":{"rendered":"Blues Hog Champions Blend -kastike"},"content":{"rendered":"<h2>Kastike Blues Hog Champions Blend<\/h2>\n<p>T\u00e4m\u00e4 on Blues Hogin uusin yll\u00e4tys. T\u00e4ll\u00e4 kastikkeella Blues Hog jahtasi kilpailugrillin makua, jota kaikki muut ovat itse sekoittaneet. T\u00e4m\u00e4 k\u00e4sintehty kastike yritt\u00e4\u00e4 osua kolmeen avainkohtaan &#8211; makean mausteinen, kevyen savuinen ja kirpe\u00e4.  <\/p>\n<h2>BBQ Aces kommentti<\/h2>\n<p>T\u00e4m\u00e4n kastikkeen kohdalla olin siin\u00e4 k\u00e4sityksess\u00e4, ett\u00e4 Originals- ja Tennessee-retiisi\u00e4 ei tarvitsisi sekoittaa, mutta n\u00e4in ei ole. Blues Hog Champions Blend -kastike on ilmi\u00f6 sin\u00e4ns\u00e4, mutta se on enemm\u00e4n makean puolella, ja siin\u00e4 on pieni ripaus tulisuutta. Se on kastike, jota meill\u00e4 kaikilla on kotona j\u00e4\u00e4kaapissa, jotta voimme laiskasti ja summittaisesti kaataa sit\u00e4 aivan kaikkeen \ud83d\ude42   <\/p>\n<h2>Ammattilaisen vinkki<\/h2>\n<p>Blues Hog Champions Blend on eritt\u00e4in hyv\u00e4 kastike ribsien k\u00e4\u00e4rimiseen ja my\u00f6s j\u00e4lkik\u00e4teen kuorruttamiseen.<\/p>\n","protected":false},"excerpt":{"rendered":"<p>Valmistaja: Blues Hog<\/p>\n<p>Paino: 680g, 2.33kg<\/p>\n<p>Ainesosat: ruskea sokeri, ketsuppi, omenaviinietikka, vesi, suola, mausteet, Worcestershire-kastike, nestem\u00e4inen siirappi, vaniljauute, valkosipuli.<\/p>\n","protected":false},"featured_media":23567,"comment_status":"open","ping_status":"closed","template":"","meta":[],"product_brand":[],"product_cat":[788],"product_tag":[791,790,803,789],"class_list":{"0":"post-23566","1":"product","2":"type-product","3":"status-publish","4":"has-post-thumbnail","6":"product_cat-kastit","7":"product_tag-kala","8":"product_tag-kana","9":"product_tag-karja","10":"product_tag-sika","12":"first","13":"instock","14":"taxable","15":"shipping-taxable","16":"purchasable","17":"product-type-variable"},"yoast_head":"<!-- This site is optimized with the Yoast SEO plugin v27.4 - https:\/\/yoast.com\/product\/yoast-seo-wordpress\/ -->\n<title>Blues Hog Champions Blend -kastike - BBQ \u00c4ssad<\/title>\n<meta name=\"description\" content=\"Sauce Blues Hog Champions Blend - T\u00e4m\u00e4 k\u00e4sintehty kastike pyrkii l\u00f6yt\u00e4m\u00e4\u00e4n kolme avainkohtaa - makean mausteinen, kevyen savuinen ja kirpe\u00e4.\" \/>\n<meta name=\"robots\" content=\"index, follow, max-snippet:-1, max-image-preview:large, max-video-preview:-1\" \/>\n<link rel=\"canonical\" href=\"https:\/\/bbqassad.ee\/fi\/toode\/kastike-blues-hog-champions-blend\/\" \/>\n<meta property=\"og:locale\" content=\"fi_FI\" \/>\n<meta property=\"og:type\" content=\"article\" \/>\n<meta property=\"og:title\" content=\"Caste Blues Hog Champions Blend\" \/>\n<meta property=\"og:description\" content=\"Sauce Blues Hog Champions Blend - T\u00e4m\u00e4 k\u00e4sintehty kastike pyrkii l\u00f6yt\u00e4m\u00e4\u00e4n kolme avainkohtaa - makean mausteinen, kevyen savuinen ja kirpe\u00e4.\" \/>\n<meta property=\"og:url\" content=\"https:\/\/bbqassad.ee\/fi\/toode\/kastike-blues-hog-champions-blend\/\" \/>\n<meta property=\"og:site_name\" content=\"BBQ \u00c4ssad\" \/>\n<meta property=\"article:publisher\" content=\"https:\/\/www.facebook.com\/bbqassad\" \/>\n<meta property=\"article:modified_time\" content=\"2026-05-12T06:48:50+00:00\" \/>\n<meta property=\"og:image\" content=\"https:\/\/bbqassad.ee\/wp-content\/uploads\/2022\/11\/Blues-Hog-BBQ-Kastmed-Champions-Blend-Pritspudel-300x300.webp\" \/>\n<meta name=\"twitter:card\" content=\"summary_large_image\" \/>\n<meta name=\"twitter:label1\" content=\"Arvioitu lukuaika\" \/>\n\t<meta name=\"twitter:data1\" content=\"1 minuutti\" \/>\n<script type=\"application\/ld+json\" class=\"yoast-schema-graph\">{\"@context\":\"https:\\\/\\\/schema.org\",\"@graph\":[{\"@type\":\"WebPage\",\"@id\":\"https:\\\/\\\/bbqassad.ee\\\/fi\\\/toode\\\/kastike-blues-hog-champions-blend\\\/\",\"url\":\"https:\\\/\\\/bbqassad.ee\\\/fi\\\/toode\\\/kastike-blues-hog-champions-blend\\\/\",\"name\":\"Blues Hog Champions Blend -kastike - BBQ \u00c4ssad\",\"isPartOf\":{\"@id\":\"https:\\\/\\\/bbqassad.ee\\\/fi\\\/#website\"},\"primaryImageOfPage\":{\"@id\":\"https:\\\/\\\/bbqassad.ee\\\/fi\\\/toode\\\/kastike-blues-hog-champions-blend\\\/#primaryimage\"},\"image\":{\"@id\":\"https:\\\/\\\/bbqassad.ee\\\/fi\\\/toode\\\/kastike-blues-hog-champions-blend\\\/#primaryimage\"},\"thumbnailUrl\":\"https:\\\/\\\/bbqassad.ee\\\/wp-content\\\/uploads\\\/2022\\\/11\\\/Blues-Hog-BBQ-Kastmed-Champions-Blend-Pritspudel.webp\",\"datePublished\":\"2022-11-13T21:38:05+00:00\",\"dateModified\":\"2026-05-12T06:48:50+00:00\",\"description\":\"Sauce Blues Hog Champions Blend - T\u00e4m\u00e4 k\u00e4sintehty kastike pyrkii l\u00f6yt\u00e4m\u00e4\u00e4n kolme avainkohtaa - makean mausteinen, kevyen savuinen ja kirpe\u00e4.\",\"breadcrumb\":{\"@id\":\"https:\\\/\\\/bbqassad.ee\\\/fi\\\/toode\\\/kastike-blues-hog-champions-blend\\\/#breadcrumb\"},\"inLanguage\":\"fi\",\"potentialAction\":[{\"@type\":\"ReadAction\",\"target\":[\"https:\\\/\\\/bbqassad.ee\\\/fi\\\/toode\\\/kastike-blues-hog-champions-blend\\\/\"]}]},{\"@type\":\"ImageObject\",\"inLanguage\":\"fi\",\"@id\":\"https:\\\/\\\/bbqassad.ee\\\/fi\\\/toode\\\/kastike-blues-hog-champions-blend\\\/#primaryimage\",\"url\":\"https:\\\/\\\/bbqassad.ee\\\/wp-content\\\/uploads\\\/2022\\\/11\\\/Blues-Hog-BBQ-Kastmed-Champions-Blend-Pritspudel.webp\",\"contentUrl\":\"https:\\\/\\\/bbqassad.ee\\\/wp-content\\\/uploads\\\/2022\\\/11\\\/Blues-Hog-BBQ-Kastmed-Champions-Blend-Pritspudel.webp\",\"width\":800,\"height\":800,\"caption\":\"Kaste Blues Hog Champions Blend\"},{\"@type\":\"BreadcrumbList\",\"@id\":\"https:\\\/\\\/bbqassad.ee\\\/fi\\\/toode\\\/kastike-blues-hog-champions-blend\\\/#breadcrumb\",\"itemListElement\":[{\"@type\":\"ListItem\",\"position\":1,\"name\":\"Home\",\"item\":\"https:\\\/\\\/bbqassad.ee\\\/fi\\\/bbq-assat\\\/\"},{\"@type\":\"ListItem\",\"position\":2,\"name\":\"Verkkokauppa\",\"item\":\"https:\\\/\\\/bbqassad.ee\\\/fi\\\/verkkokauppa\\\/\"},{\"@type\":\"ListItem\",\"position\":3,\"name\":\"Blues Hog Champions Blend -kastike\"}]},{\"@type\":\"WebSite\",\"@id\":\"https:\\\/\\\/bbqassad.ee\\\/fi\\\/#website\",\"url\":\"https:\\\/\\\/bbqassad.ee\\\/fi\\\/\",\"name\":\"BBQ \u00c4ssad\",\"description\":\"BBQ maitseained, kastmed, ahjud\",\"publisher\":{\"@id\":\"https:\\\/\\\/bbqassad.ee\\\/fi\\\/#organization\"},\"potentialAction\":[{\"@type\":\"SearchAction\",\"target\":{\"@type\":\"EntryPoint\",\"urlTemplate\":\"https:\\\/\\\/bbqassad.ee\\\/fi\\\/?s={search_term_string}\"},\"query-input\":{\"@type\":\"PropertyValueSpecification\",\"valueRequired\":true,\"valueName\":\"search_term_string\"}}],\"inLanguage\":\"fi\"},{\"@type\":\"Organization\",\"@id\":\"https:\\\/\\\/bbqassad.ee\\\/fi\\\/#organization\",\"name\":\"BBQ \u00c4ssad\",\"url\":\"https:\\\/\\\/bbqassad.ee\\\/fi\\\/\",\"logo\":{\"@type\":\"ImageObject\",\"inLanguage\":\"fi\",\"@id\":\"https:\\\/\\\/bbqassad.ee\\\/fi\\\/#\\\/schema\\\/logo\\\/image\\\/\",\"url\":\"https:\\\/\\\/bbqassad.ee\\\/wp-content\\\/uploads\\\/2022\\\/10\\\/BBQ-2ssadlogo.png\",\"contentUrl\":\"https:\\\/\\\/bbqassad.ee\\\/wp-content\\\/uploads\\\/2022\\\/10\\\/BBQ-2ssadlogo.png\",\"width\":1080,\"height\":1080,\"caption\":\"BBQ \u00c4ssad\"},\"image\":{\"@id\":\"https:\\\/\\\/bbqassad.ee\\\/fi\\\/#\\\/schema\\\/logo\\\/image\\\/\"},\"sameAs\":[\"https:\\\/\\\/www.facebook.com\\\/bbqassad\",\"https:\\\/\\\/www.youtube.com\\\/channel\\\/UCsoufn49J6TVi9Ah9meE93w\"]}]}<\/script>\n<!-- \/ Yoast SEO plugin. -->","yoast_head_json":{"title":"Blues Hog Champions Blend -kastike - BBQ \u00c4ssad","description":"Sauce Blues Hog Champions Blend - T\u00e4m\u00e4 k\u00e4sintehty kastike pyrkii l\u00f6yt\u00e4m\u00e4\u00e4n kolme avainkohtaa - makean mausteinen, kevyen savuinen ja kirpe\u00e4.","robots":{"index":"index","follow":"follow","max-snippet":"max-snippet:-1","max-image-preview":"max-image-preview:large","max-video-preview":"max-video-preview:-1"},"canonical":"https:\/\/bbqassad.ee\/fi\/toode\/kastike-blues-hog-champions-blend\/","og_locale":"fi_FI","og_type":"article","og_title":"Caste Blues Hog Champions Blend","og_description":"Sauce Blues Hog Champions Blend - T\u00e4m\u00e4 k\u00e4sintehty kastike pyrkii l\u00f6yt\u00e4m\u00e4\u00e4n kolme avainkohtaa - makean mausteinen, kevyen savuinen ja kirpe\u00e4.","og_url":"https:\/\/bbqassad.ee\/fi\/toode\/kastike-blues-hog-champions-blend\/","og_site_name":"BBQ \u00c4ssad","article_publisher":"https:\/\/www.facebook.com\/bbqassad","article_modified_time":"2026-05-12T06:48:50+00:00","og_image":[{"url":"https:\/\/bbqassad.ee\/wp-content\/uploads\/2022\/11\/Blues-Hog-BBQ-Kastmed-Champions-Blend-Pritspudel-300x300.webp","type":"","width":"","height":""}],"twitter_card":"summary_large_image","twitter_misc":{"Arvioitu lukuaika":"1 minuutti"},"schema":{"@context":"https:\/\/schema.org","@graph":[{"@type":"WebPage","@id":"https:\/\/bbqassad.ee\/fi\/toode\/kastike-blues-hog-champions-blend\/","url":"https:\/\/bbqassad.ee\/fi\/toode\/kastike-blues-hog-champions-blend\/","name":"Blues Hog Champions Blend -kastike - BBQ \u00c4ssad","isPartOf":{"@id":"https:\/\/bbqassad.ee\/fi\/#website"},"primaryImageOfPage":{"@id":"https:\/\/bbqassad.ee\/fi\/toode\/kastike-blues-hog-champions-blend\/#primaryimage"},"image":{"@id":"https:\/\/bbqassad.ee\/fi\/toode\/kastike-blues-hog-champions-blend\/#primaryimage"},"thumbnailUrl":"https:\/\/bbqassad.ee\/wp-content\/uploads\/2022\/11\/Blues-Hog-BBQ-Kastmed-Champions-Blend-Pritspudel.webp","datePublished":"2022-11-13T21:38:05+00:00","dateModified":"2026-05-12T06:48:50+00:00","description":"Sauce Blues Hog Champions Blend - T\u00e4m\u00e4 k\u00e4sintehty kastike pyrkii l\u00f6yt\u00e4m\u00e4\u00e4n kolme avainkohtaa - makean mausteinen, kevyen savuinen ja kirpe\u00e4.","breadcrumb":{"@id":"https:\/\/bbqassad.ee\/fi\/toode\/kastike-blues-hog-champions-blend\/#breadcrumb"},"inLanguage":"fi","potentialAction":[{"@type":"ReadAction","target":["https:\/\/bbqassad.ee\/fi\/toode\/kastike-blues-hog-champions-blend\/"]}]},{"@type":"ImageObject","inLanguage":"fi","@id":"https:\/\/bbqassad.ee\/fi\/toode\/kastike-blues-hog-champions-blend\/#primaryimage","url":"https:\/\/bbqassad.ee\/wp-content\/uploads\/2022\/11\/Blues-Hog-BBQ-Kastmed-Champions-Blend-Pritspudel.webp","contentUrl":"https:\/\/bbqassad.ee\/wp-content\/uploads\/2022\/11\/Blues-Hog-BBQ-Kastmed-Champions-Blend-Pritspudel.webp","width":800,"height":800,"caption":"Kaste Blues Hog Champions Blend"},{"@type":"BreadcrumbList","@id":"https:\/\/bbqassad.ee\/fi\/toode\/kastike-blues-hog-champions-blend\/#breadcrumb","itemListElement":[{"@type":"ListItem","position":1,"name":"Home","item":"https:\/\/bbqassad.ee\/fi\/bbq-assat\/"},{"@type":"ListItem","position":2,"name":"Verkkokauppa","item":"https:\/\/bbqassad.ee\/fi\/verkkokauppa\/"},{"@type":"ListItem","position":3,"name":"Blues Hog Champions Blend -kastike"}]},{"@type":"WebSite","@id":"https:\/\/bbqassad.ee\/fi\/#website","url":"https:\/\/bbqassad.ee\/fi\/","name":"BBQ \u00c4ssad","description":"BBQ maitseained, kastmed, ahjud","publisher":{"@id":"https:\/\/bbqassad.ee\/fi\/#organization"},"potentialAction":[{"@type":"SearchAction","target":{"@type":"EntryPoint","urlTemplate":"https:\/\/bbqassad.ee\/fi\/?s={search_term_string}"},"query-input":{"@type":"PropertyValueSpecification","valueRequired":true,"valueName":"search_term_string"}}],"inLanguage":"fi"},{"@type":"Organization","@id":"https:\/\/bbqassad.ee\/fi\/#organization","name":"BBQ \u00c4ssad","url":"https:\/\/bbqassad.ee\/fi\/","logo":{"@type":"ImageObject","inLanguage":"fi","@id":"https:\/\/bbqassad.ee\/fi\/#\/schema\/logo\/image\/","url":"https:\/\/bbqassad.ee\/wp-content\/uploads\/2022\/10\/BBQ-2ssadlogo.png","contentUrl":"https:\/\/bbqassad.ee\/wp-content\/uploads\/2022\/10\/BBQ-2ssadlogo.png","width":1080,"height":1080,"caption":"BBQ \u00c4ssad"},"image":{"@id":"https:\/\/bbqassad.ee\/fi\/#\/schema\/logo\/image\/"},"sameAs":["https:\/\/www.facebook.com\/bbqassad","https:\/\/www.youtube.com\/channel\/UCsoufn49J6TVi9Ah9meE93w"]}]}},"_links":{"self":[{"href":"https:\/\/bbqassad.ee\/fi\/wp-json\/wp\/v2\/product\/23566","targetHints":{"allow":["GET"]}}],"collection":[{"href":"https:\/\/bbqassad.ee\/fi\/wp-json\/wp\/v2\/product"}],"about":[{"href":"https:\/\/bbqassad.ee\/fi\/wp-json\/wp\/v2\/types\/product"}],"replies":[{"embeddable":true,"href":"https:\/\/bbqassad.ee\/fi\/wp-json\/wp\/v2\/comments?post=23566"}],"wp:featuredmedia":[{"embeddable":true,"href":"https:\/\/bbqassad.ee\/fi\/wp-json\/wp\/v2\/media\/23567"}],"wp:attachment":[{"href":"https:\/\/bbqassad.ee\/fi\/wp-json\/wp\/v2\/media?parent=23566"}],"wp:term":[{"taxonomy":"product_brand","embeddable":true,"href":"https:\/\/bbqassad.ee\/fi\/wp-json\/wp\/v2\/product_brand?post=23566"},{"taxonomy":"product_cat","embeddable":true,"href":"https:\/\/bbqassad.ee\/fi\/wp-json\/wp\/v2\/product_cat?post=23566"},{"taxonomy":"product_tag","embeddable":true,"href":"https:\/\/bbqassad.ee\/fi\/wp-json\/wp\/v2\/product_tag?post=23566"}],"curies":[{"name":"wp","href":"https:\/\/api.w.org\/{rel}","templated":true}]}}