{"id":23561,"date":"2022-11-13T21:49:23","date_gmt":"2022-11-13T21:49:23","guid":{"rendered":"https:\/\/bbqassad.ee\/toode\/kastike-blues-hog-vadelma-chipotle-bbq-kastike\/"},"modified":"2026-04-14T06:34:13","modified_gmt":"2026-04-14T06:34:13","slug":"kastike-blues-hog-vadelma-chipotle-bbq-kastike","status":"publish","type":"product","link":"https:\/\/bbqassad.ee\/fi\/toode\/kastike-blues-hog-vadelma-chipotle-bbq-kastike\/","title":{"rendered":"Blues Hog Raspberry Chipotle BBQ -kastike"},"content":{"rendered":"<p>T\u00e4ss\u00e4 kastikkeessa yritet\u00e4\u00e4n v\u00e4litt\u00e4\u00e4 kyps\u00e4n vadelman maku, ja mausteiset savustetut meksikolaiset paprikat tuovat siihen mukavan mausteisuuden. Sopii lihan tai mink\u00e4 tahansa muun keksitt\u00e4v\u00e4n kanssa, k\u00e4yt\u00e4 sit\u00e4 dippikastikkeena. Koe mukavan mausteinen, hieman savuinen marjainen maku.  <\/p>\n<h2>BBQ Aces kommentti<\/h2>\n<p>Mukavan mausteinen kastike, jossa on makea vivahde. K\u00e4yt\u00e4mme sit\u00e4 joskus ruokien maustamiseen, ja vadelmapohja antaa sille erityisen marjaisen maun. <\/p>\n<h2>Ammattilaisen vinkki<\/h2>\n<p>Vadelma Chipotle on mausteisempaa ja ohuempaa kuin Tennessee Red, ja sit\u00e4 voi lis\u00e4t\u00e4 rohkeammin ruokiin polttamatta suuta. Jos annostelu j\u00e4\u00e4 v\u00e4liin, kukaan ei tarvitse heti lasillista maitoa. <\/p>\n","protected":false},"excerpt":{"rendered":"<p>Tuottaja: Blues Hog<br \/>\nPaino: 709g<br \/>\nAinesosat: valkoinen sokeri, vesi, vadelmat, chipotle, ruskea sokeri, ketsuppi, valkoviinietikka, omenasiideri, etikka, sitruunamehu, mustapippuri, Worcestershire-kastike, suola, mausteet, paprika, valkosipuli.<\/p>\n","protected":false},"featured_media":23562,"comment_status":"open","ping_status":"closed","template":"","meta":[],"product_brand":[],"product_cat":[788],"product_tag":[791,790,803,789],"class_list":{"0":"post-23561","1":"product","2":"type-product","3":"status-publish","4":"has-post-thumbnail","6":"product_cat-kastit","7":"product_tag-kala","8":"product_tag-kana","9":"product_tag-karja","10":"product_tag-sika","12":"first","13":"instock","14":"taxable","15":"shipping-taxable","16":"purchasable","17":"product-type-variable"},"yoast_head":"<!-- This site is optimized with the Yoast SEO plugin v27.4 - https:\/\/yoast.com\/product\/yoast-seo-wordpress\/ -->\n<title>Blues Hog Raspberry Chipotle BBQ -kastike - BBQ \u00c4ssad<\/title>\n<meta name=\"description\" content=\"Blues Hog Raspberry Chipotle BBQ Sauce - kyps\u00e4n vadelman maku ja mausteinen savustettu meksikolainen paprika tuovat mukavaa piristyst\u00e4.\" \/>\n<meta name=\"robots\" content=\"index, follow, max-snippet:-1, max-image-preview:large, max-video-preview:-1\" \/>\n<link rel=\"canonical\" href=\"https:\/\/bbqassad.ee\/fi\/toode\/kastike-blues-hog-vadelma-chipotle-bbq-kastike\/\" \/>\n<meta property=\"og:locale\" content=\"fi_FI\" \/>\n<meta property=\"og:type\" content=\"article\" \/>\n<meta property=\"og:title\" content=\"Blues Hog Raspberry Chipotle BBQ -kastike - BBQ \u00c4ssad\" \/>\n<meta property=\"og:description\" content=\"Blues Hog Raspberry Chipotle BBQ Sauce - kyps\u00e4n vadelman maku ja mausteinen savustettu meksikolainen paprika tuovat mukavaa piristyst\u00e4.\" \/>\n<meta property=\"og:url\" content=\"https:\/\/bbqassad.ee\/fi\/toode\/kastike-blues-hog-vadelma-chipotle-bbq-kastike\/\" \/>\n<meta property=\"og:site_name\" content=\"BBQ \u00c4ssad\" \/>\n<meta property=\"article:publisher\" content=\"https:\/\/www.facebook.com\/bbqassad\" \/>\n<meta property=\"article:modified_time\" content=\"2026-04-14T06:34:13+00:00\" \/>\n<meta property=\"og:image\" content=\"https:\/\/bbqassad.ee\/wp-content\/uploads\/2022\/11\/Blues-Hog-BBQ-Kastmed-Rasperry-Chipotle-Pritspudel.webp\" \/>\n\t<meta property=\"og:image:width\" content=\"800\" \/>\n\t<meta property=\"og:image:height\" content=\"800\" \/>\n\t<meta property=\"og:image:type\" content=\"image\/webp\" \/>\n<meta name=\"twitter:card\" content=\"summary_large_image\" \/>\n<script type=\"application\/ld+json\" class=\"yoast-schema-graph\">{\"@context\":\"https:\\\/\\\/schema.org\",\"@graph\":[{\"@type\":\"WebPage\",\"@id\":\"https:\\\/\\\/bbqassad.ee\\\/fi\\\/toode\\\/kastike-blues-hog-vadelma-chipotle-bbq-kastike\\\/\",\"url\":\"https:\\\/\\\/bbqassad.ee\\\/fi\\\/toode\\\/kastike-blues-hog-vadelma-chipotle-bbq-kastike\\\/\",\"name\":\"Blues Hog Raspberry Chipotle BBQ -kastike - BBQ \u00c4ssad\",\"isPartOf\":{\"@id\":\"https:\\\/\\\/bbqassad.ee\\\/fi\\\/#website\"},\"primaryImageOfPage\":{\"@id\":\"https:\\\/\\\/bbqassad.ee\\\/fi\\\/toode\\\/kastike-blues-hog-vadelma-chipotle-bbq-kastike\\\/#primaryimage\"},\"image\":{\"@id\":\"https:\\\/\\\/bbqassad.ee\\\/fi\\\/toode\\\/kastike-blues-hog-vadelma-chipotle-bbq-kastike\\\/#primaryimage\"},\"thumbnailUrl\":\"https:\\\/\\\/bbqassad.ee\\\/wp-content\\\/uploads\\\/2022\\\/11\\\/Blues-Hog-BBQ-Kastmed-Rasperry-Chipotle-Pritspudel.webp\",\"datePublished\":\"2022-11-13T21:49:23+00:00\",\"dateModified\":\"2026-04-14T06:34:13+00:00\",\"description\":\"Blues Hog Raspberry Chipotle BBQ Sauce - kyps\u00e4n vadelman maku ja mausteinen savustettu meksikolainen paprika tuovat mukavaa piristyst\u00e4.\",\"breadcrumb\":{\"@id\":\"https:\\\/\\\/bbqassad.ee\\\/fi\\\/toode\\\/kastike-blues-hog-vadelma-chipotle-bbq-kastike\\\/#breadcrumb\"},\"inLanguage\":\"fi\",\"potentialAction\":[{\"@type\":\"ReadAction\",\"target\":[\"https:\\\/\\\/bbqassad.ee\\\/fi\\\/toode\\\/kastike-blues-hog-vadelma-chipotle-bbq-kastike\\\/\"]}]},{\"@type\":\"ImageObject\",\"inLanguage\":\"fi\",\"@id\":\"https:\\\/\\\/bbqassad.ee\\\/fi\\\/toode\\\/kastike-blues-hog-vadelma-chipotle-bbq-kastike\\\/#primaryimage\",\"url\":\"https:\\\/\\\/bbqassad.ee\\\/wp-content\\\/uploads\\\/2022\\\/11\\\/Blues-Hog-BBQ-Kastmed-Rasperry-Chipotle-Pritspudel.webp\",\"contentUrl\":\"https:\\\/\\\/bbqassad.ee\\\/wp-content\\\/uploads\\\/2022\\\/11\\\/Blues-Hog-BBQ-Kastmed-Rasperry-Chipotle-Pritspudel.webp\",\"width\":800,\"height\":800,\"caption\":\"Kaste Blues Hog Raspberry Chipotle BBQ Sauce\"},{\"@type\":\"BreadcrumbList\",\"@id\":\"https:\\\/\\\/bbqassad.ee\\\/fi\\\/toode\\\/kastike-blues-hog-vadelma-chipotle-bbq-kastike\\\/#breadcrumb\",\"itemListElement\":[{\"@type\":\"ListItem\",\"position\":1,\"name\":\"Home\",\"item\":\"https:\\\/\\\/bbqassad.ee\\\/fi\\\/bbq-assat\\\/\"},{\"@type\":\"ListItem\",\"position\":2,\"name\":\"Verkkokauppa\",\"item\":\"https:\\\/\\\/bbqassad.ee\\\/fi\\\/verkkokauppa\\\/\"},{\"@type\":\"ListItem\",\"position\":3,\"name\":\"Blues Hog Raspberry Chipotle BBQ -kastike\"}]},{\"@type\":\"WebSite\",\"@id\":\"https:\\\/\\\/bbqassad.ee\\\/fi\\\/#website\",\"url\":\"https:\\\/\\\/bbqassad.ee\\\/fi\\\/\",\"name\":\"BBQ \u00c4ssad\",\"description\":\"BBQ maitseained, kastmed, ahjud\",\"publisher\":{\"@id\":\"https:\\\/\\\/bbqassad.ee\\\/fi\\\/#organization\"},\"potentialAction\":[{\"@type\":\"SearchAction\",\"target\":{\"@type\":\"EntryPoint\",\"urlTemplate\":\"https:\\\/\\\/bbqassad.ee\\\/fi\\\/?s={search_term_string}\"},\"query-input\":{\"@type\":\"PropertyValueSpecification\",\"valueRequired\":true,\"valueName\":\"search_term_string\"}}],\"inLanguage\":\"fi\"},{\"@type\":\"Organization\",\"@id\":\"https:\\\/\\\/bbqassad.ee\\\/fi\\\/#organization\",\"name\":\"BBQ \u00c4ssad\",\"url\":\"https:\\\/\\\/bbqassad.ee\\\/fi\\\/\",\"logo\":{\"@type\":\"ImageObject\",\"inLanguage\":\"fi\",\"@id\":\"https:\\\/\\\/bbqassad.ee\\\/fi\\\/#\\\/schema\\\/logo\\\/image\\\/\",\"url\":\"https:\\\/\\\/bbqassad.ee\\\/wp-content\\\/uploads\\\/2022\\\/10\\\/BBQ-2ssadlogo.png\",\"contentUrl\":\"https:\\\/\\\/bbqassad.ee\\\/wp-content\\\/uploads\\\/2022\\\/10\\\/BBQ-2ssadlogo.png\",\"width\":1080,\"height\":1080,\"caption\":\"BBQ \u00c4ssad\"},\"image\":{\"@id\":\"https:\\\/\\\/bbqassad.ee\\\/fi\\\/#\\\/schema\\\/logo\\\/image\\\/\"},\"sameAs\":[\"https:\\\/\\\/www.facebook.com\\\/bbqassad\",\"https:\\\/\\\/www.youtube.com\\\/channel\\\/UCsoufn49J6TVi9Ah9meE93w\"]}]}<\/script>\n<!-- \/ Yoast SEO plugin. -->","yoast_head_json":{"title":"Blues Hog Raspberry Chipotle BBQ -kastike - BBQ \u00c4ssad","description":"Blues Hog Raspberry Chipotle BBQ Sauce - kyps\u00e4n vadelman maku ja mausteinen savustettu meksikolainen paprika tuovat mukavaa piristyst\u00e4.","robots":{"index":"index","follow":"follow","max-snippet":"max-snippet:-1","max-image-preview":"max-image-preview:large","max-video-preview":"max-video-preview:-1"},"canonical":"https:\/\/bbqassad.ee\/fi\/toode\/kastike-blues-hog-vadelma-chipotle-bbq-kastike\/","og_locale":"fi_FI","og_type":"article","og_title":"Blues Hog Raspberry Chipotle BBQ -kastike - BBQ \u00c4ssad","og_description":"Blues Hog Raspberry Chipotle BBQ Sauce - kyps\u00e4n vadelman maku ja mausteinen savustettu meksikolainen paprika tuovat mukavaa piristyst\u00e4.","og_url":"https:\/\/bbqassad.ee\/fi\/toode\/kastike-blues-hog-vadelma-chipotle-bbq-kastike\/","og_site_name":"BBQ \u00c4ssad","article_publisher":"https:\/\/www.facebook.com\/bbqassad","article_modified_time":"2026-04-14T06:34:13+00:00","og_image":[{"width":800,"height":800,"url":"https:\/\/bbqassad.ee\/wp-content\/uploads\/2022\/11\/Blues-Hog-BBQ-Kastmed-Rasperry-Chipotle-Pritspudel.webp","type":"image\/webp"}],"twitter_card":"summary_large_image","schema":{"@context":"https:\/\/schema.org","@graph":[{"@type":"WebPage","@id":"https:\/\/bbqassad.ee\/fi\/toode\/kastike-blues-hog-vadelma-chipotle-bbq-kastike\/","url":"https:\/\/bbqassad.ee\/fi\/toode\/kastike-blues-hog-vadelma-chipotle-bbq-kastike\/","name":"Blues Hog Raspberry Chipotle BBQ -kastike - BBQ \u00c4ssad","isPartOf":{"@id":"https:\/\/bbqassad.ee\/fi\/#website"},"primaryImageOfPage":{"@id":"https:\/\/bbqassad.ee\/fi\/toode\/kastike-blues-hog-vadelma-chipotle-bbq-kastike\/#primaryimage"},"image":{"@id":"https:\/\/bbqassad.ee\/fi\/toode\/kastike-blues-hog-vadelma-chipotle-bbq-kastike\/#primaryimage"},"thumbnailUrl":"https:\/\/bbqassad.ee\/wp-content\/uploads\/2022\/11\/Blues-Hog-BBQ-Kastmed-Rasperry-Chipotle-Pritspudel.webp","datePublished":"2022-11-13T21:49:23+00:00","dateModified":"2026-04-14T06:34:13+00:00","description":"Blues Hog Raspberry Chipotle BBQ Sauce - kyps\u00e4n vadelman maku ja mausteinen savustettu meksikolainen paprika tuovat mukavaa piristyst\u00e4.","breadcrumb":{"@id":"https:\/\/bbqassad.ee\/fi\/toode\/kastike-blues-hog-vadelma-chipotle-bbq-kastike\/#breadcrumb"},"inLanguage":"fi","potentialAction":[{"@type":"ReadAction","target":["https:\/\/bbqassad.ee\/fi\/toode\/kastike-blues-hog-vadelma-chipotle-bbq-kastike\/"]}]},{"@type":"ImageObject","inLanguage":"fi","@id":"https:\/\/bbqassad.ee\/fi\/toode\/kastike-blues-hog-vadelma-chipotle-bbq-kastike\/#primaryimage","url":"https:\/\/bbqassad.ee\/wp-content\/uploads\/2022\/11\/Blues-Hog-BBQ-Kastmed-Rasperry-Chipotle-Pritspudel.webp","contentUrl":"https:\/\/bbqassad.ee\/wp-content\/uploads\/2022\/11\/Blues-Hog-BBQ-Kastmed-Rasperry-Chipotle-Pritspudel.webp","width":800,"height":800,"caption":"Kaste Blues Hog Raspberry Chipotle BBQ Sauce"},{"@type":"BreadcrumbList","@id":"https:\/\/bbqassad.ee\/fi\/toode\/kastike-blues-hog-vadelma-chipotle-bbq-kastike\/#breadcrumb","itemListElement":[{"@type":"ListItem","position":1,"name":"Home","item":"https:\/\/bbqassad.ee\/fi\/bbq-assat\/"},{"@type":"ListItem","position":2,"name":"Verkkokauppa","item":"https:\/\/bbqassad.ee\/fi\/verkkokauppa\/"},{"@type":"ListItem","position":3,"name":"Blues Hog Raspberry Chipotle BBQ -kastike"}]},{"@type":"WebSite","@id":"https:\/\/bbqassad.ee\/fi\/#website","url":"https:\/\/bbqassad.ee\/fi\/","name":"BBQ \u00c4ssad","description":"BBQ maitseained, kastmed, ahjud","publisher":{"@id":"https:\/\/bbqassad.ee\/fi\/#organization"},"potentialAction":[{"@type":"SearchAction","target":{"@type":"EntryPoint","urlTemplate":"https:\/\/bbqassad.ee\/fi\/?s={search_term_string}"},"query-input":{"@type":"PropertyValueSpecification","valueRequired":true,"valueName":"search_term_string"}}],"inLanguage":"fi"},{"@type":"Organization","@id":"https:\/\/bbqassad.ee\/fi\/#organization","name":"BBQ \u00c4ssad","url":"https:\/\/bbqassad.ee\/fi\/","logo":{"@type":"ImageObject","inLanguage":"fi","@id":"https:\/\/bbqassad.ee\/fi\/#\/schema\/logo\/image\/","url":"https:\/\/bbqassad.ee\/wp-content\/uploads\/2022\/10\/BBQ-2ssadlogo.png","contentUrl":"https:\/\/bbqassad.ee\/wp-content\/uploads\/2022\/10\/BBQ-2ssadlogo.png","width":1080,"height":1080,"caption":"BBQ \u00c4ssad"},"image":{"@id":"https:\/\/bbqassad.ee\/fi\/#\/schema\/logo\/image\/"},"sameAs":["https:\/\/www.facebook.com\/bbqassad","https:\/\/www.youtube.com\/channel\/UCsoufn49J6TVi9Ah9meE93w"]}]}},"_links":{"self":[{"href":"https:\/\/bbqassad.ee\/fi\/wp-json\/wp\/v2\/product\/23561","targetHints":{"allow":["GET"]}}],"collection":[{"href":"https:\/\/bbqassad.ee\/fi\/wp-json\/wp\/v2\/product"}],"about":[{"href":"https:\/\/bbqassad.ee\/fi\/wp-json\/wp\/v2\/types\/product"}],"replies":[{"embeddable":true,"href":"https:\/\/bbqassad.ee\/fi\/wp-json\/wp\/v2\/comments?post=23561"}],"wp:featuredmedia":[{"embeddable":true,"href":"https:\/\/bbqassad.ee\/fi\/wp-json\/wp\/v2\/media\/23562"}],"wp:attachment":[{"href":"https:\/\/bbqassad.ee\/fi\/wp-json\/wp\/v2\/media?parent=23561"}],"wp:term":[{"taxonomy":"product_brand","embeddable":true,"href":"https:\/\/bbqassad.ee\/fi\/wp-json\/wp\/v2\/product_brand?post=23561"},{"taxonomy":"product_cat","embeddable":true,"href":"https:\/\/bbqassad.ee\/fi\/wp-json\/wp\/v2\/product_cat?post=23561"},{"taxonomy":"product_tag","embeddable":true,"href":"https:\/\/bbqassad.ee\/fi\/wp-json\/wp\/v2\/product_tag?post=23561"}],"curies":[{"name":"wp","href":"https:\/\/api.w.org\/{rel}","templated":true}]}}