{"id":23551,"date":"2022-11-15T22:24:20","date_gmt":"2022-11-15T22:24:20","guid":{"rendered":"https:\/\/bbqassad.ee\/toode\/flame-boss-yksittaiset-leikkuulaudat-25kpl\/"},"modified":"2026-04-14T06:34:11","modified_gmt":"2026-04-14T06:34:11","slug":"flame-boss-yksittaiset-leikkuulaudat-25kpl","status":"publish","type":"product","link":"https:\/\/bbqassad.ee\/fi\/toode\/flame-boss-yksittaiset-leikkuulaudat-25kpl\/","title":{"rendered":"Flame Boss Drip Pan Liners (25 kpl)"},"content":{"rendered":"<p>Flame Bossin yksitt\u00e4iset leikkuulaudat &#8211; 60cm x 40cm pahviset leikkuulaudat. Miellytt\u00e4v\u00e4n liukas pinta saa lihan liikkumaan. <\/p>\n<h2>BBQ Aces kommentti<\/h2>\n<p>Jos olet yht\u00e4 laiska kuin me, eik\u00e4 sinulla ole aikaa tai energiaa raaputtaa leikkuulautoja, kertak\u00e4ytt\u00f6iset pahviset leikkuulaudat voivat auttaa. Jos et ty\u00f6nn\u00e4 veist\u00e4 suoraan sis\u00e4\u00e4n, et leikkaa sen l\u00e4pi. P\u00e4\u00e4llimm\u00e4iset rasterit auttavat sinua leikkaamaan aina samankokoisia paloja.  <\/p>\n<h2>Ammattilaisen vinkki<\/h2>\n<p>Taita reunat yl\u00f6s, jotta kastike ei p\u00e4\u00e4se valumaan.<\/p>\n","protected":false},"excerpt":{"rendered":"<p>Pakkaus 25 kpl<\/p>\n<p>Valmistaja: flame boss<\/p>\n","protected":false},"featured_media":23559,"comment_status":"open","ping_status":"closed","template":"","meta":[],"product_brand":[],"product_cat":[784],"product_tag":[],"class_list":{"0":"post-23551","1":"product","2":"type-product","3":"status-publish","4":"has-post-thumbnail","6":"product_cat-tarvikkeet","8":"first","9":"outofstock","10":"taxable","11":"shipping-taxable","12":"purchasable","13":"product-type-simple"},"yoast_head":"<!-- This site is optimized with the Yoast SEO plugin v27.4 - https:\/\/yoast.com\/product\/yoast-seo-wordpress\/ -->\n<title>Flame Boss Drip Pan Liners (25 kpl) - BBQ \u00c4ssad%<\/title>\n<meta name=\"description\" content=\"Flame Bossin yksitt\u00e4iset leikkuulaudat - 60cm x 40cm pahviset leikkuulaudat. Liukkaalla pinnalla, jotta liha p\u00e4\u00e4see liikkumaan p\u00e4\u00e4ll\u00e4. Taita reunat, jotta kastike ei valu pois.\" \/>\n<meta name=\"robots\" content=\"index, follow, max-snippet:-1, max-image-preview:large, max-video-preview:-1\" \/>\n<link rel=\"canonical\" href=\"https:\/\/bbqassad.ee\/fi\/toode\/flame-boss-yksittaiset-leikkuulaudat-25kpl\/\" \/>\n<meta property=\"og:locale\" content=\"fi_FI\" \/>\n<meta property=\"og:type\" content=\"article\" \/>\n<meta property=\"og:title\" content=\"Flame Boss Drip Pan Liners (25 kpl) - BBQ \u00c4ssad%\" \/>\n<meta property=\"og:description\" content=\"Flame Bossin yksitt\u00e4iset leikkuulaudat - 60cm x 40cm pahviset leikkuulaudat. Liukkaalla pinnalla, jotta liha p\u00e4\u00e4see liikkumaan p\u00e4\u00e4ll\u00e4. Taita reunat, jotta kastike ei valu pois.\" \/>\n<meta property=\"og:url\" content=\"https:\/\/bbqassad.ee\/fi\/toode\/flame-boss-yksittaiset-leikkuulaudat-25kpl\/\" \/>\n<meta property=\"og:site_name\" content=\"BBQ \u00c4ssad\" \/>\n<meta property=\"article:publisher\" content=\"https:\/\/www.facebook.com\/bbqassad\" \/>\n<meta property=\"article:modified_time\" content=\"2026-04-14T06:34:11+00:00\" \/>\n<meta property=\"og:image\" content=\"https:\/\/bbqassad.ee\/wp-content\/uploads\/2022\/11\/BBQassad-loikelauad.webp\" \/>\n\t<meta property=\"og:image:width\" content=\"800\" \/>\n\t<meta property=\"og:image:height\" content=\"800\" \/>\n\t<meta property=\"og:image:type\" content=\"image\/webp\" \/>\n<meta name=\"twitter:card\" content=\"summary_large_image\" \/>\n<script type=\"application\/ld+json\" class=\"yoast-schema-graph\">{\"@context\":\"https:\\\/\\\/schema.org\",\"@graph\":[{\"@type\":\"WebPage\",\"@id\":\"https:\\\/\\\/bbqassad.ee\\\/fi\\\/toode\\\/flame-boss-yksittaiset-leikkuulaudat-25kpl\\\/\",\"url\":\"https:\\\/\\\/bbqassad.ee\\\/fi\\\/toode\\\/flame-boss-yksittaiset-leikkuulaudat-25kpl\\\/\",\"name\":\"Flame Boss Drip Pan Liners (25 kpl) - BBQ \u00c4ssad%\",\"isPartOf\":{\"@id\":\"https:\\\/\\\/bbqassad.ee\\\/fi\\\/#website\"},\"primaryImageOfPage\":{\"@id\":\"https:\\\/\\\/bbqassad.ee\\\/fi\\\/toode\\\/flame-boss-yksittaiset-leikkuulaudat-25kpl\\\/#primaryimage\"},\"image\":{\"@id\":\"https:\\\/\\\/bbqassad.ee\\\/fi\\\/toode\\\/flame-boss-yksittaiset-leikkuulaudat-25kpl\\\/#primaryimage\"},\"thumbnailUrl\":\"https:\\\/\\\/bbqassad.ee\\\/wp-content\\\/uploads\\\/2022\\\/11\\\/BBQassad-loikelauad.webp\",\"datePublished\":\"2022-11-15T22:24:20+00:00\",\"dateModified\":\"2026-04-14T06:34:11+00:00\",\"description\":\"Flame Bossin yksitt\u00e4iset leikkuulaudat - 60cm x 40cm pahviset leikkuulaudat. Liukkaalla pinnalla, jotta liha p\u00e4\u00e4see liikkumaan p\u00e4\u00e4ll\u00e4. Taita reunat, jotta kastike ei valu pois.\",\"breadcrumb\":{\"@id\":\"https:\\\/\\\/bbqassad.ee\\\/fi\\\/toode\\\/flame-boss-yksittaiset-leikkuulaudat-25kpl\\\/#breadcrumb\"},\"inLanguage\":\"fi\",\"potentialAction\":[{\"@type\":\"ReadAction\",\"target\":[\"https:\\\/\\\/bbqassad.ee\\\/fi\\\/toode\\\/flame-boss-yksittaiset-leikkuulaudat-25kpl\\\/\"]}]},{\"@type\":\"ImageObject\",\"inLanguage\":\"fi\",\"@id\":\"https:\\\/\\\/bbqassad.ee\\\/fi\\\/toode\\\/flame-boss-yksittaiset-leikkuulaudat-25kpl\\\/#primaryimage\",\"url\":\"https:\\\/\\\/bbqassad.ee\\\/wp-content\\\/uploads\\\/2022\\\/11\\\/BBQassad-loikelauad.webp\",\"contentUrl\":\"https:\\\/\\\/bbqassad.ee\\\/wp-content\\\/uploads\\\/2022\\\/11\\\/BBQassad-loikelauad.webp\",\"width\":800,\"height\":800,\"caption\":\"\u00dchekordsed l\u00f5ikelauad Flame Boss\"},{\"@type\":\"BreadcrumbList\",\"@id\":\"https:\\\/\\\/bbqassad.ee\\\/fi\\\/toode\\\/flame-boss-yksittaiset-leikkuulaudat-25kpl\\\/#breadcrumb\",\"itemListElement\":[{\"@type\":\"ListItem\",\"position\":1,\"name\":\"Home\",\"item\":\"https:\\\/\\\/bbqassad.ee\\\/fi\\\/bbq-assat\\\/\"},{\"@type\":\"ListItem\",\"position\":2,\"name\":\"Verkkokauppa\",\"item\":\"https:\\\/\\\/bbqassad.ee\\\/fi\\\/verkkokauppa\\\/\"},{\"@type\":\"ListItem\",\"position\":3,\"name\":\"Flame Boss Drip Pan Liners (25 kpl)\"}]},{\"@type\":\"WebSite\",\"@id\":\"https:\\\/\\\/bbqassad.ee\\\/fi\\\/#website\",\"url\":\"https:\\\/\\\/bbqassad.ee\\\/fi\\\/\",\"name\":\"BBQ \u00c4ssad\",\"description\":\"BBQ maitseained, kastmed, ahjud\",\"publisher\":{\"@id\":\"https:\\\/\\\/bbqassad.ee\\\/fi\\\/#organization\"},\"potentialAction\":[{\"@type\":\"SearchAction\",\"target\":{\"@type\":\"EntryPoint\",\"urlTemplate\":\"https:\\\/\\\/bbqassad.ee\\\/fi\\\/?s={search_term_string}\"},\"query-input\":{\"@type\":\"PropertyValueSpecification\",\"valueRequired\":true,\"valueName\":\"search_term_string\"}}],\"inLanguage\":\"fi\"},{\"@type\":\"Organization\",\"@id\":\"https:\\\/\\\/bbqassad.ee\\\/fi\\\/#organization\",\"name\":\"BBQ \u00c4ssad\",\"url\":\"https:\\\/\\\/bbqassad.ee\\\/fi\\\/\",\"logo\":{\"@type\":\"ImageObject\",\"inLanguage\":\"fi\",\"@id\":\"https:\\\/\\\/bbqassad.ee\\\/fi\\\/#\\\/schema\\\/logo\\\/image\\\/\",\"url\":\"https:\\\/\\\/bbqassad.ee\\\/wp-content\\\/uploads\\\/2022\\\/10\\\/BBQ-2ssadlogo.png\",\"contentUrl\":\"https:\\\/\\\/bbqassad.ee\\\/wp-content\\\/uploads\\\/2022\\\/10\\\/BBQ-2ssadlogo.png\",\"width\":1080,\"height\":1080,\"caption\":\"BBQ \u00c4ssad\"},\"image\":{\"@id\":\"https:\\\/\\\/bbqassad.ee\\\/fi\\\/#\\\/schema\\\/logo\\\/image\\\/\"},\"sameAs\":[\"https:\\\/\\\/www.facebook.com\\\/bbqassad\",\"https:\\\/\\\/www.youtube.com\\\/channel\\\/UCsoufn49J6TVi9Ah9meE93w\"]}]}<\/script>\n<!-- \/ Yoast SEO plugin. -->","yoast_head_json":{"title":"Flame Boss Drip Pan Liners (25 kpl) - BBQ \u00c4ssad%","description":"Flame Bossin yksitt\u00e4iset leikkuulaudat - 60cm x 40cm pahviset leikkuulaudat. Liukkaalla pinnalla, jotta liha p\u00e4\u00e4see liikkumaan p\u00e4\u00e4ll\u00e4. Taita reunat, jotta kastike ei valu pois.","robots":{"index":"index","follow":"follow","max-snippet":"max-snippet:-1","max-image-preview":"max-image-preview:large","max-video-preview":"max-video-preview:-1"},"canonical":"https:\/\/bbqassad.ee\/fi\/toode\/flame-boss-yksittaiset-leikkuulaudat-25kpl\/","og_locale":"fi_FI","og_type":"article","og_title":"Flame Boss Drip Pan Liners (25 kpl) - BBQ \u00c4ssad%","og_description":"Flame Bossin yksitt\u00e4iset leikkuulaudat - 60cm x 40cm pahviset leikkuulaudat. Liukkaalla pinnalla, jotta liha p\u00e4\u00e4see liikkumaan p\u00e4\u00e4ll\u00e4. Taita reunat, jotta kastike ei valu pois.","og_url":"https:\/\/bbqassad.ee\/fi\/toode\/flame-boss-yksittaiset-leikkuulaudat-25kpl\/","og_site_name":"BBQ \u00c4ssad","article_publisher":"https:\/\/www.facebook.com\/bbqassad","article_modified_time":"2026-04-14T06:34:11+00:00","og_image":[{"width":800,"height":800,"url":"https:\/\/bbqassad.ee\/wp-content\/uploads\/2022\/11\/BBQassad-loikelauad.webp","type":"image\/webp"}],"twitter_card":"summary_large_image","schema":{"@context":"https:\/\/schema.org","@graph":[{"@type":"WebPage","@id":"https:\/\/bbqassad.ee\/fi\/toode\/flame-boss-yksittaiset-leikkuulaudat-25kpl\/","url":"https:\/\/bbqassad.ee\/fi\/toode\/flame-boss-yksittaiset-leikkuulaudat-25kpl\/","name":"Flame Boss Drip Pan Liners (25 kpl) - BBQ \u00c4ssad%","isPartOf":{"@id":"https:\/\/bbqassad.ee\/fi\/#website"},"primaryImageOfPage":{"@id":"https:\/\/bbqassad.ee\/fi\/toode\/flame-boss-yksittaiset-leikkuulaudat-25kpl\/#primaryimage"},"image":{"@id":"https:\/\/bbqassad.ee\/fi\/toode\/flame-boss-yksittaiset-leikkuulaudat-25kpl\/#primaryimage"},"thumbnailUrl":"https:\/\/bbqassad.ee\/wp-content\/uploads\/2022\/11\/BBQassad-loikelauad.webp","datePublished":"2022-11-15T22:24:20+00:00","dateModified":"2026-04-14T06:34:11+00:00","description":"Flame Bossin yksitt\u00e4iset leikkuulaudat - 60cm x 40cm pahviset leikkuulaudat. Liukkaalla pinnalla, jotta liha p\u00e4\u00e4see liikkumaan p\u00e4\u00e4ll\u00e4. Taita reunat, jotta kastike ei valu pois.","breadcrumb":{"@id":"https:\/\/bbqassad.ee\/fi\/toode\/flame-boss-yksittaiset-leikkuulaudat-25kpl\/#breadcrumb"},"inLanguage":"fi","potentialAction":[{"@type":"ReadAction","target":["https:\/\/bbqassad.ee\/fi\/toode\/flame-boss-yksittaiset-leikkuulaudat-25kpl\/"]}]},{"@type":"ImageObject","inLanguage":"fi","@id":"https:\/\/bbqassad.ee\/fi\/toode\/flame-boss-yksittaiset-leikkuulaudat-25kpl\/#primaryimage","url":"https:\/\/bbqassad.ee\/wp-content\/uploads\/2022\/11\/BBQassad-loikelauad.webp","contentUrl":"https:\/\/bbqassad.ee\/wp-content\/uploads\/2022\/11\/BBQassad-loikelauad.webp","width":800,"height":800,"caption":"\u00dchekordsed l\u00f5ikelauad Flame Boss"},{"@type":"BreadcrumbList","@id":"https:\/\/bbqassad.ee\/fi\/toode\/flame-boss-yksittaiset-leikkuulaudat-25kpl\/#breadcrumb","itemListElement":[{"@type":"ListItem","position":1,"name":"Home","item":"https:\/\/bbqassad.ee\/fi\/bbq-assat\/"},{"@type":"ListItem","position":2,"name":"Verkkokauppa","item":"https:\/\/bbqassad.ee\/fi\/verkkokauppa\/"},{"@type":"ListItem","position":3,"name":"Flame Boss Drip Pan Liners (25 kpl)"}]},{"@type":"WebSite","@id":"https:\/\/bbqassad.ee\/fi\/#website","url":"https:\/\/bbqassad.ee\/fi\/","name":"BBQ \u00c4ssad","description":"BBQ maitseained, kastmed, ahjud","publisher":{"@id":"https:\/\/bbqassad.ee\/fi\/#organization"},"potentialAction":[{"@type":"SearchAction","target":{"@type":"EntryPoint","urlTemplate":"https:\/\/bbqassad.ee\/fi\/?s={search_term_string}"},"query-input":{"@type":"PropertyValueSpecification","valueRequired":true,"valueName":"search_term_string"}}],"inLanguage":"fi"},{"@type":"Organization","@id":"https:\/\/bbqassad.ee\/fi\/#organization","name":"BBQ \u00c4ssad","url":"https:\/\/bbqassad.ee\/fi\/","logo":{"@type":"ImageObject","inLanguage":"fi","@id":"https:\/\/bbqassad.ee\/fi\/#\/schema\/logo\/image\/","url":"https:\/\/bbqassad.ee\/wp-content\/uploads\/2022\/10\/BBQ-2ssadlogo.png","contentUrl":"https:\/\/bbqassad.ee\/wp-content\/uploads\/2022\/10\/BBQ-2ssadlogo.png","width":1080,"height":1080,"caption":"BBQ \u00c4ssad"},"image":{"@id":"https:\/\/bbqassad.ee\/fi\/#\/schema\/logo\/image\/"},"sameAs":["https:\/\/www.facebook.com\/bbqassad","https:\/\/www.youtube.com\/channel\/UCsoufn49J6TVi9Ah9meE93w"]}]}},"_links":{"self":[{"href":"https:\/\/bbqassad.ee\/fi\/wp-json\/wp\/v2\/product\/23551","targetHints":{"allow":["GET"]}}],"collection":[{"href":"https:\/\/bbqassad.ee\/fi\/wp-json\/wp\/v2\/product"}],"about":[{"href":"https:\/\/bbqassad.ee\/fi\/wp-json\/wp\/v2\/types\/product"}],"replies":[{"embeddable":true,"href":"https:\/\/bbqassad.ee\/fi\/wp-json\/wp\/v2\/comments?post=23551"}],"wp:featuredmedia":[{"embeddable":true,"href":"https:\/\/bbqassad.ee\/fi\/wp-json\/wp\/v2\/media\/23559"}],"wp:attachment":[{"href":"https:\/\/bbqassad.ee\/fi\/wp-json\/wp\/v2\/media?parent=23551"}],"wp:term":[{"taxonomy":"product_brand","embeddable":true,"href":"https:\/\/bbqassad.ee\/fi\/wp-json\/wp\/v2\/product_brand?post=23551"},{"taxonomy":"product_cat","embeddable":true,"href":"https:\/\/bbqassad.ee\/fi\/wp-json\/wp\/v2\/product_cat?post=23551"},{"taxonomy":"product_tag","embeddable":true,"href":"https:\/\/bbqassad.ee\/fi\/wp-json\/wp\/v2\/product_tag?post=23551"}],"curies":[{"name":"wp","href":"https:\/\/api.w.org\/{rel}","templated":true}]}}