{"id":23544,"date":"2022-11-16T08:47:03","date_gmt":"2022-11-16T08:47:03","guid":{"rendered":"https:\/\/bbqassad.ee\/toode\/looft-lighter-x-akkusytyttimella-sytytin\/"},"modified":"2026-04-14T06:34:10","modified_gmt":"2026-04-14T06:34:10","slug":"looft-lighter-x-akkusytyttimella-sytytin","status":"publish","type":"product","link":"https:\/\/bbqassad.ee\/fi\/toode\/looft-lighter-x-akkusytyttimella-sytytin\/","title":{"rendered":"Looft lighter X akkusytyttimell\u00e4 sytytin"},"content":{"rendered":"<p>Looft lighter X -paristosytytin on ainutlaatuinen paristok\u00e4ytt\u00f6inen hiilensytytin. Aseta Looft Lighter X -sytytin puuhiilen p\u00e4\u00e4lle vain 60 sekunniksi, kun puuhiili syttyy. Looft Lighter X l\u00e4mmitt\u00e4\u00e4 ilmaa jopa 650 celsiusasteeseen, joten hiilien sytytt\u00e4minen on eritt\u00e4in helppoa, nopeaa ja k\u00e4tev\u00e4\u00e4.  <\/p>\n<p class=\"p1\">Looft lighter X -akkusytyttimess\u00e4 on my\u00f6s kunnollinen tuuletin, joka auttaa saamaan hiilet palamaan. Laite on varustettu 36 voltin akulla, joka voi sytytt\u00e4\u00e4 grillin 10 kertaa yhdell\u00e4 latauksella. Tuotteen mukana tulee k\u00e4tev\u00e4 johdoton laturi.  <\/p>\n<p class=\"p1\">Looft Ligtherin avulla sinun ei tarvitse huolehtia siit\u00e4, ett\u00e4 sytytysnesteen tai sytytystabletin kemikaaleja p\u00e4\u00e4see ruokaan. Kun hiili sytytet\u00e4\u00e4n vain kuumalla ilmalla, voit olla varma, ett\u00e4 ruokasi ei saa lis\u00e4makua. <\/p>\n","protected":false},"excerpt":{"rendered":"<p>Looft lighter X -paristosytytin on ainutlaatuinen paristok\u00e4ytt\u00f6inen hiilensytytin. Aseta Looft Lighter X -sytytin puuhiilen p\u00e4\u00e4lle vain 60 sekunniksi, kun puuhiili syttyy. Looft Lighter X l\u00e4mmitt\u00e4\u00e4 ilmaa jopa 650 celsiusasteeseen, joten hiilien sytytt\u00e4minen on eritt\u00e4in helppoa, nopeaa ja k\u00e4tev\u00e4\u00e4. Looft lighter X -akkusytyttimess\u00e4 on my\u00f6s kunnollinen tuuletin, joka auttaa saamaan hiilet palamaan. Laite on varustettu 36 [&#8230;]\n","protected":false},"featured_media":292,"comment_status":"open","ping_status":"closed","template":"","meta":[],"product_brand":[],"product_cat":[784],"product_tag":[],"class_list":{"0":"post-23544","1":"product","2":"type-product","3":"status-publish","4":"has-post-thumbnail","6":"product_cat-tarvikkeet","8":"first","9":"outofstock","10":"taxable","11":"shipping-taxable","12":"purchasable","13":"product-type-simple"},"yoast_head":"<!-- This site is optimized with the Yoast SEO plugin v27.4 - https:\/\/yoast.com\/product\/yoast-seo-wordpress\/ -->\n<title>Looft lighter X akkusytyttimell\u00e4 sytytin - BBQ \u00c4ssad%<\/title>\n<meta name=\"description\" content=\"Looft lighter X -paristosytytin on ainutlaatuinen paristok\u00e4ytt\u00f6inen hiilensytytin. Sytytt\u00e4m\u00e4ll\u00e4 puuhiilen pelk\u00e4ll\u00e4 kuumalla ilmalla voit olla varma, ett\u00e4 ruokasi ei saa lis\u00e4makua.\" \/>\n<meta name=\"robots\" content=\"index, follow, max-snippet:-1, max-image-preview:large, max-video-preview:-1\" \/>\n<link rel=\"canonical\" href=\"https:\/\/bbqassad.ee\/fi\/toode\/looft-lighter-x-akkusytyttimella-sytytin\/\" \/>\n<meta property=\"og:locale\" content=\"fi_FI\" \/>\n<meta property=\"og:type\" content=\"article\" \/>\n<meta property=\"og:title\" content=\"Looft lighter X akkusytyttimell\u00e4 sytytin - BBQ \u00c4ssad%\" \/>\n<meta property=\"og:description\" content=\"Looft lighter X -paristosytytin on ainutlaatuinen paristok\u00e4ytt\u00f6inen hiilensytytin. Sytytt\u00e4m\u00e4ll\u00e4 puuhiilen pelk\u00e4ll\u00e4 kuumalla ilmalla voit olla varma, ett\u00e4 ruokasi ei saa lis\u00e4makua.\" \/>\n<meta property=\"og:url\" content=\"https:\/\/bbqassad.ee\/fi\/toode\/looft-lighter-x-akkusytyttimella-sytytin\/\" \/>\n<meta property=\"og:site_name\" content=\"BBQ \u00c4ssad\" \/>\n<meta property=\"article:publisher\" content=\"https:\/\/www.facebook.com\/bbqassad\" \/>\n<meta property=\"article:modified_time\" content=\"2026-04-14T06:34:10+00:00\" \/>\n<meta property=\"og:image\" content=\"https:\/\/bbqassad.ee\/wp-content\/uploads\/2022\/11\/BBQassad-looftlighterX.webp\" \/>\n\t<meta property=\"og:image:width\" content=\"1200\" \/>\n\t<meta property=\"og:image:height\" content=\"800\" \/>\n\t<meta property=\"og:image:type\" content=\"image\/webp\" \/>\n<meta name=\"twitter:card\" content=\"summary_large_image\" \/>\n<meta name=\"twitter:label1\" content=\"Arvioitu lukuaika\" \/>\n\t<meta name=\"twitter:data1\" content=\"1 minuutti\" \/>\n<script type=\"application\/ld+json\" class=\"yoast-schema-graph\">{\"@context\":\"https:\\\/\\\/schema.org\",\"@graph\":[{\"@type\":\"WebPage\",\"@id\":\"https:\\\/\\\/bbqassad.ee\\\/fi\\\/toode\\\/looft-lighter-x-akkusytyttimella-sytytin\\\/\",\"url\":\"https:\\\/\\\/bbqassad.ee\\\/fi\\\/toode\\\/looft-lighter-x-akkusytyttimella-sytytin\\\/\",\"name\":\"Looft lighter X akkusytyttimell\u00e4 sytytin - BBQ \u00c4ssad%\",\"isPartOf\":{\"@id\":\"https:\\\/\\\/bbqassad.ee\\\/fi\\\/#website\"},\"primaryImageOfPage\":{\"@id\":\"https:\\\/\\\/bbqassad.ee\\\/fi\\\/toode\\\/looft-lighter-x-akkusytyttimella-sytytin\\\/#primaryimage\"},\"image\":{\"@id\":\"https:\\\/\\\/bbqassad.ee\\\/fi\\\/toode\\\/looft-lighter-x-akkusytyttimella-sytytin\\\/#primaryimage\"},\"thumbnailUrl\":\"https:\\\/\\\/bbqassad.ee\\\/wp-content\\\/uploads\\\/2022\\\/11\\\/BBQassad-looftlighterX.webp\",\"datePublished\":\"2022-11-16T08:47:03+00:00\",\"dateModified\":\"2026-04-14T06:34:10+00:00\",\"description\":\"Looft lighter X -paristosytytin on ainutlaatuinen paristok\u00e4ytt\u00f6inen hiilensytytin. Sytytt\u00e4m\u00e4ll\u00e4 puuhiilen pelk\u00e4ll\u00e4 kuumalla ilmalla voit olla varma, ett\u00e4 ruokasi ei saa lis\u00e4makua.\",\"breadcrumb\":{\"@id\":\"https:\\\/\\\/bbqassad.ee\\\/fi\\\/toode\\\/looft-lighter-x-akkusytyttimella-sytytin\\\/#breadcrumb\"},\"inLanguage\":\"fi\",\"potentialAction\":[{\"@type\":\"ReadAction\",\"target\":[\"https:\\\/\\\/bbqassad.ee\\\/fi\\\/toode\\\/looft-lighter-x-akkusytyttimella-sytytin\\\/\"]}]},{\"@type\":\"ImageObject\",\"inLanguage\":\"fi\",\"@id\":\"https:\\\/\\\/bbqassad.ee\\\/fi\\\/toode\\\/looft-lighter-x-akkusytyttimella-sytytin\\\/#primaryimage\",\"url\":\"https:\\\/\\\/bbqassad.ee\\\/wp-content\\\/uploads\\\/2022\\\/11\\\/BBQassad-looftlighterX.webp\",\"contentUrl\":\"https:\\\/\\\/bbqassad.ee\\\/wp-content\\\/uploads\\\/2022\\\/11\\\/BBQassad-looftlighterX.webp\",\"width\":1200,\"height\":800,\"caption\":\"Looft lighter X akuga s\u00fc\u00fctaja\"},{\"@type\":\"BreadcrumbList\",\"@id\":\"https:\\\/\\\/bbqassad.ee\\\/fi\\\/toode\\\/looft-lighter-x-akkusytyttimella-sytytin\\\/#breadcrumb\",\"itemListElement\":[{\"@type\":\"ListItem\",\"position\":1,\"name\":\"Home\",\"item\":\"https:\\\/\\\/bbqassad.ee\\\/fi\\\/bbq-assat\\\/\"},{\"@type\":\"ListItem\",\"position\":2,\"name\":\"Verkkokauppa\",\"item\":\"https:\\\/\\\/bbqassad.ee\\\/fi\\\/verkkokauppa\\\/\"},{\"@type\":\"ListItem\",\"position\":3,\"name\":\"Looft lighter X akkusytyttimell\u00e4 sytytin\"}]},{\"@type\":\"WebSite\",\"@id\":\"https:\\\/\\\/bbqassad.ee\\\/fi\\\/#website\",\"url\":\"https:\\\/\\\/bbqassad.ee\\\/fi\\\/\",\"name\":\"BBQ \u00c4ssad\",\"description\":\"BBQ maitseained, kastmed, ahjud\",\"publisher\":{\"@id\":\"https:\\\/\\\/bbqassad.ee\\\/fi\\\/#organization\"},\"potentialAction\":[{\"@type\":\"SearchAction\",\"target\":{\"@type\":\"EntryPoint\",\"urlTemplate\":\"https:\\\/\\\/bbqassad.ee\\\/fi\\\/?s={search_term_string}\"},\"query-input\":{\"@type\":\"PropertyValueSpecification\",\"valueRequired\":true,\"valueName\":\"search_term_string\"}}],\"inLanguage\":\"fi\"},{\"@type\":\"Organization\",\"@id\":\"https:\\\/\\\/bbqassad.ee\\\/fi\\\/#organization\",\"name\":\"BBQ \u00c4ssad\",\"url\":\"https:\\\/\\\/bbqassad.ee\\\/fi\\\/\",\"logo\":{\"@type\":\"ImageObject\",\"inLanguage\":\"fi\",\"@id\":\"https:\\\/\\\/bbqassad.ee\\\/fi\\\/#\\\/schema\\\/logo\\\/image\\\/\",\"url\":\"https:\\\/\\\/bbqassad.ee\\\/wp-content\\\/uploads\\\/2022\\\/10\\\/BBQ-2ssadlogo.png\",\"contentUrl\":\"https:\\\/\\\/bbqassad.ee\\\/wp-content\\\/uploads\\\/2022\\\/10\\\/BBQ-2ssadlogo.png\",\"width\":1080,\"height\":1080,\"caption\":\"BBQ \u00c4ssad\"},\"image\":{\"@id\":\"https:\\\/\\\/bbqassad.ee\\\/fi\\\/#\\\/schema\\\/logo\\\/image\\\/\"},\"sameAs\":[\"https:\\\/\\\/www.facebook.com\\\/bbqassad\",\"https:\\\/\\\/www.youtube.com\\\/channel\\\/UCsoufn49J6TVi9Ah9meE93w\"]}]}<\/script>\n<!-- \/ Yoast SEO plugin. -->","yoast_head_json":{"title":"Looft lighter X akkusytyttimell\u00e4 sytytin - BBQ \u00c4ssad%","description":"Looft lighter X -paristosytytin on ainutlaatuinen paristok\u00e4ytt\u00f6inen hiilensytytin. Sytytt\u00e4m\u00e4ll\u00e4 puuhiilen pelk\u00e4ll\u00e4 kuumalla ilmalla voit olla varma, ett\u00e4 ruokasi ei saa lis\u00e4makua.","robots":{"index":"index","follow":"follow","max-snippet":"max-snippet:-1","max-image-preview":"max-image-preview:large","max-video-preview":"max-video-preview:-1"},"canonical":"https:\/\/bbqassad.ee\/fi\/toode\/looft-lighter-x-akkusytyttimella-sytytin\/","og_locale":"fi_FI","og_type":"article","og_title":"Looft lighter X akkusytyttimell\u00e4 sytytin - BBQ \u00c4ssad%","og_description":"Looft lighter X -paristosytytin on ainutlaatuinen paristok\u00e4ytt\u00f6inen hiilensytytin. Sytytt\u00e4m\u00e4ll\u00e4 puuhiilen pelk\u00e4ll\u00e4 kuumalla ilmalla voit olla varma, ett\u00e4 ruokasi ei saa lis\u00e4makua.","og_url":"https:\/\/bbqassad.ee\/fi\/toode\/looft-lighter-x-akkusytyttimella-sytytin\/","og_site_name":"BBQ \u00c4ssad","article_publisher":"https:\/\/www.facebook.com\/bbqassad","article_modified_time":"2026-04-14T06:34:10+00:00","og_image":[{"width":1200,"height":800,"url":"https:\/\/bbqassad.ee\/wp-content\/uploads\/2022\/11\/BBQassad-looftlighterX.webp","type":"image\/webp"}],"twitter_card":"summary_large_image","twitter_misc":{"Arvioitu lukuaika":"1 minuutti"},"schema":{"@context":"https:\/\/schema.org","@graph":[{"@type":"WebPage","@id":"https:\/\/bbqassad.ee\/fi\/toode\/looft-lighter-x-akkusytyttimella-sytytin\/","url":"https:\/\/bbqassad.ee\/fi\/toode\/looft-lighter-x-akkusytyttimella-sytytin\/","name":"Looft lighter X akkusytyttimell\u00e4 sytytin - BBQ \u00c4ssad%","isPartOf":{"@id":"https:\/\/bbqassad.ee\/fi\/#website"},"primaryImageOfPage":{"@id":"https:\/\/bbqassad.ee\/fi\/toode\/looft-lighter-x-akkusytyttimella-sytytin\/#primaryimage"},"image":{"@id":"https:\/\/bbqassad.ee\/fi\/toode\/looft-lighter-x-akkusytyttimella-sytytin\/#primaryimage"},"thumbnailUrl":"https:\/\/bbqassad.ee\/wp-content\/uploads\/2022\/11\/BBQassad-looftlighterX.webp","datePublished":"2022-11-16T08:47:03+00:00","dateModified":"2026-04-14T06:34:10+00:00","description":"Looft lighter X -paristosytytin on ainutlaatuinen paristok\u00e4ytt\u00f6inen hiilensytytin. Sytytt\u00e4m\u00e4ll\u00e4 puuhiilen pelk\u00e4ll\u00e4 kuumalla ilmalla voit olla varma, ett\u00e4 ruokasi ei saa lis\u00e4makua.","breadcrumb":{"@id":"https:\/\/bbqassad.ee\/fi\/toode\/looft-lighter-x-akkusytyttimella-sytytin\/#breadcrumb"},"inLanguage":"fi","potentialAction":[{"@type":"ReadAction","target":["https:\/\/bbqassad.ee\/fi\/toode\/looft-lighter-x-akkusytyttimella-sytytin\/"]}]},{"@type":"ImageObject","inLanguage":"fi","@id":"https:\/\/bbqassad.ee\/fi\/toode\/looft-lighter-x-akkusytyttimella-sytytin\/#primaryimage","url":"https:\/\/bbqassad.ee\/wp-content\/uploads\/2022\/11\/BBQassad-looftlighterX.webp","contentUrl":"https:\/\/bbqassad.ee\/wp-content\/uploads\/2022\/11\/BBQassad-looftlighterX.webp","width":1200,"height":800,"caption":"Looft lighter X akuga s\u00fc\u00fctaja"},{"@type":"BreadcrumbList","@id":"https:\/\/bbqassad.ee\/fi\/toode\/looft-lighter-x-akkusytyttimella-sytytin\/#breadcrumb","itemListElement":[{"@type":"ListItem","position":1,"name":"Home","item":"https:\/\/bbqassad.ee\/fi\/bbq-assat\/"},{"@type":"ListItem","position":2,"name":"Verkkokauppa","item":"https:\/\/bbqassad.ee\/fi\/verkkokauppa\/"},{"@type":"ListItem","position":3,"name":"Looft lighter X akkusytyttimell\u00e4 sytytin"}]},{"@type":"WebSite","@id":"https:\/\/bbqassad.ee\/fi\/#website","url":"https:\/\/bbqassad.ee\/fi\/","name":"BBQ \u00c4ssad","description":"BBQ maitseained, kastmed, ahjud","publisher":{"@id":"https:\/\/bbqassad.ee\/fi\/#organization"},"potentialAction":[{"@type":"SearchAction","target":{"@type":"EntryPoint","urlTemplate":"https:\/\/bbqassad.ee\/fi\/?s={search_term_string}"},"query-input":{"@type":"PropertyValueSpecification","valueRequired":true,"valueName":"search_term_string"}}],"inLanguage":"fi"},{"@type":"Organization","@id":"https:\/\/bbqassad.ee\/fi\/#organization","name":"BBQ \u00c4ssad","url":"https:\/\/bbqassad.ee\/fi\/","logo":{"@type":"ImageObject","inLanguage":"fi","@id":"https:\/\/bbqassad.ee\/fi\/#\/schema\/logo\/image\/","url":"https:\/\/bbqassad.ee\/wp-content\/uploads\/2022\/10\/BBQ-2ssadlogo.png","contentUrl":"https:\/\/bbqassad.ee\/wp-content\/uploads\/2022\/10\/BBQ-2ssadlogo.png","width":1080,"height":1080,"caption":"BBQ \u00c4ssad"},"image":{"@id":"https:\/\/bbqassad.ee\/fi\/#\/schema\/logo\/image\/"},"sameAs":["https:\/\/www.facebook.com\/bbqassad","https:\/\/www.youtube.com\/channel\/UCsoufn49J6TVi9Ah9meE93w"]}]}},"_links":{"self":[{"href":"https:\/\/bbqassad.ee\/fi\/wp-json\/wp\/v2\/product\/23544","targetHints":{"allow":["GET"]}}],"collection":[{"href":"https:\/\/bbqassad.ee\/fi\/wp-json\/wp\/v2\/product"}],"about":[{"href":"https:\/\/bbqassad.ee\/fi\/wp-json\/wp\/v2\/types\/product"}],"replies":[{"embeddable":true,"href":"https:\/\/bbqassad.ee\/fi\/wp-json\/wp\/v2\/comments?post=23544"}],"wp:featuredmedia":[{"embeddable":true,"href":"https:\/\/bbqassad.ee\/fi\/wp-json\/wp\/v2\/media\/292"}],"wp:attachment":[{"href":"https:\/\/bbqassad.ee\/fi\/wp-json\/wp\/v2\/media?parent=23544"}],"wp:term":[{"taxonomy":"product_brand","embeddable":true,"href":"https:\/\/bbqassad.ee\/fi\/wp-json\/wp\/v2\/product_brand?post=23544"},{"taxonomy":"product_cat","embeddable":true,"href":"https:\/\/bbqassad.ee\/fi\/wp-json\/wp\/v2\/product_cat?post=23544"},{"taxonomy":"product_tag","embeddable":true,"href":"https:\/\/bbqassad.ee\/fi\/wp-json\/wp\/v2\/product_tag?post=23544"}],"curies":[{"name":"wp","href":"https:\/\/api.w.org\/{rel}","templated":true}]}}