{"id":23542,"date":"2022-11-16T09:16:59","date_gmt":"2022-11-16T09:16:59","guid":{"rendered":"https:\/\/bbqassad.ee\/toode\/uunin-lampotilan-saadin-inkbird-isc-007bw\/"},"modified":"2026-04-14T06:34:10","modified_gmt":"2026-04-14T06:34:10","slug":"uunin-lampotilan-saadin-inkbird-isc-007bw","status":"publish","type":"product","link":"https:\/\/bbqassad.ee\/fi\/toode\/uunin-lampotilan-saadin-inkbird-isc-007bw\/","title":{"rendered":"Uunin l\u00e4mp\u00f6tilan s\u00e4\u00e4din Inkbird ISC-007BW"},"content":{"rendered":"<h2>Uunin l\u00e4mp\u00f6tilan s\u00e4\u00e4din Inkbird ISC-007BW<\/h2>\n<p class=\"p1\">Inkbird ISC-007BW -uunin l\u00e4mp\u00f6tilan s\u00e4\u00e4din voi pit\u00e4\u00e4 uunin halutussa l\u00e4mp\u00f6tilassa pitki\u00e4 paistoaikoja.<\/p>\n<p class=\"p1\">BBQ Aces on saanut omissa testeiss\u00e4\u00e4n l\u00e4mp\u00f6tilan vaihteluksi vain yhden asteen, mik\u00e4 on loistavaa. S\u00e4\u00e4dint\u00e4 voi k\u00e4ytt\u00e4\u00e4 my\u00f6s lihal\u00e4mp\u00f6mittarina, sill\u00e4 siin\u00e4 on kolme tuloa &#8211; kaksi lihalle ja yksi uunin omalle l\u00e4mp\u00f6tilalle. <\/p>\n<p class=\"p1\">Suosittelemme my\u00f6s, ett\u00e4 yhdist\u00e4t ohjaimen kotisi Wi-Fi-verkkoon, mik\u00e4 tekee el\u00e4m\u00e4st\u00e4si erityisen k\u00e4tev\u00e4\u00e4, sill\u00e4 kaikki tiedot ja ohjaus ovat puhelimessasi, miss\u00e4 ikin\u00e4 oletkin.<\/p>\n<p class=\"p1\">Inkbird-uunin l\u00e4mp\u00f6tilan s\u00e4\u00e4din toimii yhdess\u00e4 Inkbird PRO -sovelluksen kanssa tai manuaalisesti. \u00c4l\u00e4 ole uunisi orja, kytke tuuletin ja anna sen huolehtia uunin l\u00e4mp\u00f6tilasta, sin\u00e4 huolehdit lihasta. <\/p>\n","protected":false},"excerpt":{"rendered":"<p>S\u00e4\u00e4timen tavoitteena on helpottaa leipurin el\u00e4m\u00e4\u00e4, eik\u00e4 en\u00e4\u00e4 tarvitse huolehtia uunin l\u00e4mp\u00f6tilasta tai siit\u00e4, onko toinen vai toinen luukku auki.<\/p>\n","protected":false},"featured_media":23543,"comment_status":"open","ping_status":"closed","template":"","meta":[],"product_brand":[145],"product_cat":[784],"product_tag":[],"class_list":{"0":"post-23542","1":"product","2":"type-product","3":"status-publish","4":"has-post-thumbnail","6":"product_brand-inkbird","7":"product_cat-tarvikkeet","9":"first","10":"instock","11":"taxable","12":"shipping-taxable","13":"purchasable","14":"product-type-simple"},"yoast_head":"<!-- This site is optimized with the Yoast SEO plugin v27.4 - https:\/\/yoast.com\/product\/yoast-seo-wordpress\/ -->\n<title>Uunin l\u00e4mp\u00f6tilan s\u00e4\u00e4din Inkbird ISC-007BW - BBQ \u00c4ssad<\/title>\n<meta name=\"description\" content=\"Inkbird-uunin l\u00e4mp\u00f6tilan s\u00e4\u00e4din voi pit\u00e4\u00e4 uunin halutussa l\u00e4mp\u00f6tilassa pitkienkin paistoaikojen ajan. Wlan-liit\u00e4nn\u00e4ll\u00e4.\" \/>\n<meta name=\"robots\" content=\"index, follow, max-snippet:-1, max-image-preview:large, max-video-preview:-1\" \/>\n<link rel=\"canonical\" href=\"https:\/\/bbqassad.ee\/fi\/toode\/uunin-lampotilan-saadin-inkbird-isc-007bw\/\" \/>\n<meta property=\"og:locale\" content=\"fi_FI\" \/>\n<meta property=\"og:type\" content=\"article\" \/>\n<meta property=\"og:title\" content=\"Uunin l\u00e4mp\u00f6tilan s\u00e4\u00e4din Inkbird ISC-007BW\" \/>\n<meta property=\"og:description\" content=\"Inkbird-uunin l\u00e4mp\u00f6tilan s\u00e4\u00e4din voi pit\u00e4\u00e4 uunin halutussa l\u00e4mp\u00f6tilassa pitkienkin paistoaikojen ajan. Wlan-liit\u00e4nn\u00e4ll\u00e4.\" \/>\n<meta property=\"og:url\" content=\"https:\/\/bbqassad.ee\/fi\/toode\/uunin-lampotilan-saadin-inkbird-isc-007bw\/\" \/>\n<meta property=\"og:site_name\" content=\"BBQ \u00c4ssad\" \/>\n<meta property=\"article:publisher\" content=\"https:\/\/www.facebook.com\/bbqassad\" \/>\n<meta property=\"article:modified_time\" content=\"2026-04-14T06:34:10+00:00\" \/>\n<meta property=\"og:image\" content=\"https:\/\/bbqassad.ee\/wp-content\/uploads\/2022\/11\/Inkbird-ISC-007BW-BBQAssad-copy-300x300.webp\" \/>\n<meta name=\"twitter:card\" content=\"summary_large_image\" \/>\n<meta name=\"twitter:label1\" content=\"Arvioitu lukuaika\" \/>\n\t<meta name=\"twitter:data1\" content=\"1 minuutti\" \/>\n<script type=\"application\/ld+json\" class=\"yoast-schema-graph\">{\"@context\":\"https:\\\/\\\/schema.org\",\"@graph\":[{\"@type\":\"WebPage\",\"@id\":\"https:\\\/\\\/bbqassad.ee\\\/fi\\\/toode\\\/uunin-lampotilan-saadin-inkbird-isc-007bw\\\/\",\"url\":\"https:\\\/\\\/bbqassad.ee\\\/fi\\\/toode\\\/uunin-lampotilan-saadin-inkbird-isc-007bw\\\/\",\"name\":\"Uunin l\u00e4mp\u00f6tilan s\u00e4\u00e4din Inkbird ISC-007BW - BBQ \u00c4ssad\",\"isPartOf\":{\"@id\":\"https:\\\/\\\/bbqassad.ee\\\/fi\\\/#website\"},\"primaryImageOfPage\":{\"@id\":\"https:\\\/\\\/bbqassad.ee\\\/fi\\\/toode\\\/uunin-lampotilan-saadin-inkbird-isc-007bw\\\/#primaryimage\"},\"image\":{\"@id\":\"https:\\\/\\\/bbqassad.ee\\\/fi\\\/toode\\\/uunin-lampotilan-saadin-inkbird-isc-007bw\\\/#primaryimage\"},\"thumbnailUrl\":\"https:\\\/\\\/bbqassad.ee\\\/wp-content\\\/uploads\\\/2022\\\/11\\\/Inkbird-ISC-007BW-BBQAssad-copy.webp\",\"datePublished\":\"2022-11-16T09:16:59+00:00\",\"dateModified\":\"2026-04-14T06:34:10+00:00\",\"description\":\"Inkbird-uunin l\u00e4mp\u00f6tilan s\u00e4\u00e4din voi pit\u00e4\u00e4 uunin halutussa l\u00e4mp\u00f6tilassa pitkienkin paistoaikojen ajan. Wlan-liit\u00e4nn\u00e4ll\u00e4.\",\"breadcrumb\":{\"@id\":\"https:\\\/\\\/bbqassad.ee\\\/fi\\\/toode\\\/uunin-lampotilan-saadin-inkbird-isc-007bw\\\/#breadcrumb\"},\"inLanguage\":\"fi\",\"potentialAction\":[{\"@type\":\"ReadAction\",\"target\":[\"https:\\\/\\\/bbqassad.ee\\\/fi\\\/toode\\\/uunin-lampotilan-saadin-inkbird-isc-007bw\\\/\"]}]},{\"@type\":\"ImageObject\",\"inLanguage\":\"fi\",\"@id\":\"https:\\\/\\\/bbqassad.ee\\\/fi\\\/toode\\\/uunin-lampotilan-saadin-inkbird-isc-007bw\\\/#primaryimage\",\"url\":\"https:\\\/\\\/bbqassad.ee\\\/wp-content\\\/uploads\\\/2022\\\/11\\\/Inkbird-ISC-007BW-BBQAssad-copy.webp\",\"contentUrl\":\"https:\\\/\\\/bbqassad.ee\\\/wp-content\\\/uploads\\\/2022\\\/11\\\/Inkbird-ISC-007BW-BBQAssad-copy.webp\",\"width\":800,\"height\":800,\"caption\":\"Ahju temperatuuri kontroller Inkbird ISC-007BW\"},{\"@type\":\"BreadcrumbList\",\"@id\":\"https:\\\/\\\/bbqassad.ee\\\/fi\\\/toode\\\/uunin-lampotilan-saadin-inkbird-isc-007bw\\\/#breadcrumb\",\"itemListElement\":[{\"@type\":\"ListItem\",\"position\":1,\"name\":\"Home\",\"item\":\"https:\\\/\\\/bbqassad.ee\\\/fi\\\/bbq-assat\\\/\"},{\"@type\":\"ListItem\",\"position\":2,\"name\":\"Verkkokauppa\",\"item\":\"https:\\\/\\\/bbqassad.ee\\\/fi\\\/verkkokauppa\\\/\"},{\"@type\":\"ListItem\",\"position\":3,\"name\":\"Uunin l\u00e4mp\u00f6tilan s\u00e4\u00e4din Inkbird ISC-007BW\"}]},{\"@type\":\"WebSite\",\"@id\":\"https:\\\/\\\/bbqassad.ee\\\/fi\\\/#website\",\"url\":\"https:\\\/\\\/bbqassad.ee\\\/fi\\\/\",\"name\":\"BBQ \u00c4ssad\",\"description\":\"BBQ maitseained, kastmed, ahjud\",\"publisher\":{\"@id\":\"https:\\\/\\\/bbqassad.ee\\\/fi\\\/#organization\"},\"potentialAction\":[{\"@type\":\"SearchAction\",\"target\":{\"@type\":\"EntryPoint\",\"urlTemplate\":\"https:\\\/\\\/bbqassad.ee\\\/fi\\\/?s={search_term_string}\"},\"query-input\":{\"@type\":\"PropertyValueSpecification\",\"valueRequired\":true,\"valueName\":\"search_term_string\"}}],\"inLanguage\":\"fi\"},{\"@type\":\"Organization\",\"@id\":\"https:\\\/\\\/bbqassad.ee\\\/fi\\\/#organization\",\"name\":\"BBQ \u00c4ssad\",\"url\":\"https:\\\/\\\/bbqassad.ee\\\/fi\\\/\",\"logo\":{\"@type\":\"ImageObject\",\"inLanguage\":\"fi\",\"@id\":\"https:\\\/\\\/bbqassad.ee\\\/fi\\\/#\\\/schema\\\/logo\\\/image\\\/\",\"url\":\"https:\\\/\\\/bbqassad.ee\\\/wp-content\\\/uploads\\\/2022\\\/10\\\/BBQ-2ssadlogo.png\",\"contentUrl\":\"https:\\\/\\\/bbqassad.ee\\\/wp-content\\\/uploads\\\/2022\\\/10\\\/BBQ-2ssadlogo.png\",\"width\":1080,\"height\":1080,\"caption\":\"BBQ \u00c4ssad\"},\"image\":{\"@id\":\"https:\\\/\\\/bbqassad.ee\\\/fi\\\/#\\\/schema\\\/logo\\\/image\\\/\"},\"sameAs\":[\"https:\\\/\\\/www.facebook.com\\\/bbqassad\",\"https:\\\/\\\/www.youtube.com\\\/channel\\\/UCsoufn49J6TVi9Ah9meE93w\"]}]}<\/script>\n<!-- \/ Yoast SEO plugin. -->","yoast_head_json":{"title":"Uunin l\u00e4mp\u00f6tilan s\u00e4\u00e4din Inkbird ISC-007BW - BBQ \u00c4ssad","description":"Inkbird-uunin l\u00e4mp\u00f6tilan s\u00e4\u00e4din voi pit\u00e4\u00e4 uunin halutussa l\u00e4mp\u00f6tilassa pitkienkin paistoaikojen ajan. Wlan-liit\u00e4nn\u00e4ll\u00e4.","robots":{"index":"index","follow":"follow","max-snippet":"max-snippet:-1","max-image-preview":"max-image-preview:large","max-video-preview":"max-video-preview:-1"},"canonical":"https:\/\/bbqassad.ee\/fi\/toode\/uunin-lampotilan-saadin-inkbird-isc-007bw\/","og_locale":"fi_FI","og_type":"article","og_title":"Uunin l\u00e4mp\u00f6tilan s\u00e4\u00e4din Inkbird ISC-007BW","og_description":"Inkbird-uunin l\u00e4mp\u00f6tilan s\u00e4\u00e4din voi pit\u00e4\u00e4 uunin halutussa l\u00e4mp\u00f6tilassa pitkienkin paistoaikojen ajan. Wlan-liit\u00e4nn\u00e4ll\u00e4.","og_url":"https:\/\/bbqassad.ee\/fi\/toode\/uunin-lampotilan-saadin-inkbird-isc-007bw\/","og_site_name":"BBQ \u00c4ssad","article_publisher":"https:\/\/www.facebook.com\/bbqassad","article_modified_time":"2026-04-14T06:34:10+00:00","og_image":[{"url":"https:\/\/bbqassad.ee\/wp-content\/uploads\/2022\/11\/Inkbird-ISC-007BW-BBQAssad-copy-300x300.webp","type":"","width":"","height":""}],"twitter_card":"summary_large_image","twitter_misc":{"Arvioitu lukuaika":"1 minuutti"},"schema":{"@context":"https:\/\/schema.org","@graph":[{"@type":"WebPage","@id":"https:\/\/bbqassad.ee\/fi\/toode\/uunin-lampotilan-saadin-inkbird-isc-007bw\/","url":"https:\/\/bbqassad.ee\/fi\/toode\/uunin-lampotilan-saadin-inkbird-isc-007bw\/","name":"Uunin l\u00e4mp\u00f6tilan s\u00e4\u00e4din Inkbird ISC-007BW - BBQ \u00c4ssad","isPartOf":{"@id":"https:\/\/bbqassad.ee\/fi\/#website"},"primaryImageOfPage":{"@id":"https:\/\/bbqassad.ee\/fi\/toode\/uunin-lampotilan-saadin-inkbird-isc-007bw\/#primaryimage"},"image":{"@id":"https:\/\/bbqassad.ee\/fi\/toode\/uunin-lampotilan-saadin-inkbird-isc-007bw\/#primaryimage"},"thumbnailUrl":"https:\/\/bbqassad.ee\/wp-content\/uploads\/2022\/11\/Inkbird-ISC-007BW-BBQAssad-copy.webp","datePublished":"2022-11-16T09:16:59+00:00","dateModified":"2026-04-14T06:34:10+00:00","description":"Inkbird-uunin l\u00e4mp\u00f6tilan s\u00e4\u00e4din voi pit\u00e4\u00e4 uunin halutussa l\u00e4mp\u00f6tilassa pitkienkin paistoaikojen ajan. Wlan-liit\u00e4nn\u00e4ll\u00e4.","breadcrumb":{"@id":"https:\/\/bbqassad.ee\/fi\/toode\/uunin-lampotilan-saadin-inkbird-isc-007bw\/#breadcrumb"},"inLanguage":"fi","potentialAction":[{"@type":"ReadAction","target":["https:\/\/bbqassad.ee\/fi\/toode\/uunin-lampotilan-saadin-inkbird-isc-007bw\/"]}]},{"@type":"ImageObject","inLanguage":"fi","@id":"https:\/\/bbqassad.ee\/fi\/toode\/uunin-lampotilan-saadin-inkbird-isc-007bw\/#primaryimage","url":"https:\/\/bbqassad.ee\/wp-content\/uploads\/2022\/11\/Inkbird-ISC-007BW-BBQAssad-copy.webp","contentUrl":"https:\/\/bbqassad.ee\/wp-content\/uploads\/2022\/11\/Inkbird-ISC-007BW-BBQAssad-copy.webp","width":800,"height":800,"caption":"Ahju temperatuuri kontroller Inkbird ISC-007BW"},{"@type":"BreadcrumbList","@id":"https:\/\/bbqassad.ee\/fi\/toode\/uunin-lampotilan-saadin-inkbird-isc-007bw\/#breadcrumb","itemListElement":[{"@type":"ListItem","position":1,"name":"Home","item":"https:\/\/bbqassad.ee\/fi\/bbq-assat\/"},{"@type":"ListItem","position":2,"name":"Verkkokauppa","item":"https:\/\/bbqassad.ee\/fi\/verkkokauppa\/"},{"@type":"ListItem","position":3,"name":"Uunin l\u00e4mp\u00f6tilan s\u00e4\u00e4din Inkbird ISC-007BW"}]},{"@type":"WebSite","@id":"https:\/\/bbqassad.ee\/fi\/#website","url":"https:\/\/bbqassad.ee\/fi\/","name":"BBQ \u00c4ssad","description":"BBQ maitseained, kastmed, ahjud","publisher":{"@id":"https:\/\/bbqassad.ee\/fi\/#organization"},"potentialAction":[{"@type":"SearchAction","target":{"@type":"EntryPoint","urlTemplate":"https:\/\/bbqassad.ee\/fi\/?s={search_term_string}"},"query-input":{"@type":"PropertyValueSpecification","valueRequired":true,"valueName":"search_term_string"}}],"inLanguage":"fi"},{"@type":"Organization","@id":"https:\/\/bbqassad.ee\/fi\/#organization","name":"BBQ \u00c4ssad","url":"https:\/\/bbqassad.ee\/fi\/","logo":{"@type":"ImageObject","inLanguage":"fi","@id":"https:\/\/bbqassad.ee\/fi\/#\/schema\/logo\/image\/","url":"https:\/\/bbqassad.ee\/wp-content\/uploads\/2022\/10\/BBQ-2ssadlogo.png","contentUrl":"https:\/\/bbqassad.ee\/wp-content\/uploads\/2022\/10\/BBQ-2ssadlogo.png","width":1080,"height":1080,"caption":"BBQ \u00c4ssad"},"image":{"@id":"https:\/\/bbqassad.ee\/fi\/#\/schema\/logo\/image\/"},"sameAs":["https:\/\/www.facebook.com\/bbqassad","https:\/\/www.youtube.com\/channel\/UCsoufn49J6TVi9Ah9meE93w"]}]}},"_links":{"self":[{"href":"https:\/\/bbqassad.ee\/fi\/wp-json\/wp\/v2\/product\/23542","targetHints":{"allow":["GET"]}}],"collection":[{"href":"https:\/\/bbqassad.ee\/fi\/wp-json\/wp\/v2\/product"}],"about":[{"href":"https:\/\/bbqassad.ee\/fi\/wp-json\/wp\/v2\/types\/product"}],"replies":[{"embeddable":true,"href":"https:\/\/bbqassad.ee\/fi\/wp-json\/wp\/v2\/comments?post=23542"}],"wp:featuredmedia":[{"embeddable":true,"href":"https:\/\/bbqassad.ee\/fi\/wp-json\/wp\/v2\/media\/23543"}],"wp:attachment":[{"href":"https:\/\/bbqassad.ee\/fi\/wp-json\/wp\/v2\/media?parent=23542"}],"wp:term":[{"taxonomy":"product_brand","embeddable":true,"href":"https:\/\/bbqassad.ee\/fi\/wp-json\/wp\/v2\/product_brand?post=23542"},{"taxonomy":"product_cat","embeddable":true,"href":"https:\/\/bbqassad.ee\/fi\/wp-json\/wp\/v2\/product_cat?post=23542"},{"taxonomy":"product_tag","embeddable":true,"href":"https:\/\/bbqassad.ee\/fi\/wp-json\/wp\/v2\/product_tag?post=23542"}],"curies":[{"name":"wp","href":"https:\/\/api.w.org\/{rel}","templated":true}]}}