{"id":23538,"date":"2022-11-16T21:04:34","date_gmt":"2022-11-16T21:04:34","guid":{"rendered":"https:\/\/bbqassad.ee\/toode\/southern-dutch-bbq-finishing-dust-mausteseos\/"},"modified":"2026-04-14T06:34:10","modified_gmt":"2026-04-14T06:34:10","slug":"southern-dutch-bbq-finishing-dust-mausteseos","status":"publish","type":"product","link":"https:\/\/bbqassad.ee\/fi\/toode\/southern-dutch-bbq-finishing-dust-mausteseos\/","title":{"rendered":"Southern Dutch BBQ Finishing Dust -mausteseos"},"content":{"rendered":"<p>Southern Dutch BBQ Finishing Dust &#8211; Southern Dutch on viime vuosien menestynein BBQ-tiimi Euroopassa. He k\u00e4ytt\u00e4v\u00e4t p\u00e4\u00e4asiassa omia mausteita ja ovat myyneet niit\u00e4 muille jo jonkin aikaa. Finishing Dust on nimens\u00e4 mukaisesti ainetta, jota laitetaan lihan kypsennyksen j\u00e4lkeen ja joka antaa lihalle suolaisuutta. Seos itsess\u00e4\u00e4n on tarpeeksi hienojakoista sulamaan valmiiseen lihaan nopeasti.   <span class=\"Apple-converted-space\"> <\/span><\/p>\n<h2 class=\"p1\">BBQ Aces kommentti<\/h2>\n<p class=\"p1\">Southern Dutch BBQ Finishing Dust on maustep\u00f6ly, joka korjaa kaiken, mink\u00e4 olet tehnyt puuksi. Se on herkullisen suolainen ja nostaa makuprofiilit aivan uudelle tasolle. <span class=\"Apple-converted-space\"> <\/span><\/p>\n<h2 class=\"p1\">Ammattilaisen vinkki<\/h2>\n<p class=\"p1\">\u00c4l\u00e4 laita sit\u00e4 vain ison s\u00e4mpyl\u00e4n p\u00e4\u00e4lle, vaan leikkaa se viipaleiksi ja viipaloi varovasti jokainen viipale erikseen.<\/p>\n","protected":false},"excerpt":{"rendered":"<p class=\"p1\">Valmistaja: Southern Dutch BBQ<br \/>\nPaino: 70 grammaa<br \/>\nAinesosat: suola, sokeri, paprika, mustapippuri, kasvikset, arominvahventeet E621 ja E635, mausteet, elintarvikev\u00e4ri &#8211; paprikauute, luonnollisesti paahdettu sokeri, aromit, E551.<\/p>\n","protected":false},"featured_media":341,"comment_status":"open","ping_status":"closed","template":"","meta":[],"product_brand":[],"product_cat":[802],"product_tag":[791,790,803,789],"class_list":{"0":"post-23538","1":"product","2":"type-product","3":"status-publish","4":"has-post-thumbnail","6":"product_cat-sekoitukset","7":"product_tag-kala","8":"product_tag-kana","9":"product_tag-karja","10":"product_tag-sika","12":"first","13":"outofstock","14":"taxable","15":"shipping-taxable","16":"purchasable","17":"product-type-simple"},"yoast_head":"<!-- This site is optimized with the Yoast SEO plugin v27.4 - https:\/\/yoast.com\/product\/yoast-seo-wordpress\/ -->\n<title>Southern Dutch BBQ Finishing Dust -mausteseos - BBQ \u00c4ssad<\/title>\n<meta name=\"description\" content=\"Southern Dutch BBQ Finishing Dust - on suolainen sekoitus, joka nostaa makuprofiilit aivan uudelle tasolle. Sulaa valmiin lihan p\u00e4\u00e4lle nopeasti.\" \/>\n<meta name=\"robots\" content=\"index, follow, max-snippet:-1, max-image-preview:large, max-video-preview:-1\" \/>\n<link rel=\"canonical\" href=\"https:\/\/bbqassad.ee\/fi\/toode\/southern-dutch-bbq-finishing-dust-mausteseos\/\" \/>\n<meta property=\"og:locale\" content=\"fi_FI\" \/>\n<meta property=\"og:type\" content=\"article\" \/>\n<meta property=\"og:title\" content=\"Southern Dutch BBQ Finishing Dust -mausteseos - BBQ \u00c4ssad\" \/>\n<meta property=\"og:description\" content=\"Southern Dutch BBQ Finishing Dust - on suolainen sekoitus, joka nostaa makuprofiilit aivan uudelle tasolle. Sulaa valmiin lihan p\u00e4\u00e4lle nopeasti.\" \/>\n<meta property=\"og:url\" content=\"https:\/\/bbqassad.ee\/fi\/toode\/southern-dutch-bbq-finishing-dust-mausteseos\/\" \/>\n<meta property=\"og:site_name\" content=\"BBQ \u00c4ssad\" \/>\n<meta property=\"article:publisher\" content=\"https:\/\/www.facebook.com\/bbqassad\" \/>\n<meta property=\"article:modified_time\" content=\"2026-04-14T06:34:10+00:00\" \/>\n<meta property=\"og:image\" content=\"https:\/\/bbqassad.ee\/wp-content\/uploads\/2022\/11\/BBQAssad-Finishing-dust-SD.webp\" \/>\n\t<meta property=\"og:image:width\" content=\"800\" \/>\n\t<meta property=\"og:image:height\" content=\"800\" \/>\n\t<meta property=\"og:image:type\" content=\"image\/webp\" \/>\n<meta name=\"twitter:card\" content=\"summary_large_image\" \/>\n<meta name=\"twitter:label1\" content=\"Arvioitu lukuaika\" \/>\n\t<meta name=\"twitter:data1\" content=\"1 minuutti\" \/>\n<script type=\"application\/ld+json\" class=\"yoast-schema-graph\">{\"@context\":\"https:\\\/\\\/schema.org\",\"@graph\":[{\"@type\":\"WebPage\",\"@id\":\"https:\\\/\\\/bbqassad.ee\\\/fi\\\/toode\\\/southern-dutch-bbq-finishing-dust-mausteseos\\\/\",\"url\":\"https:\\\/\\\/bbqassad.ee\\\/fi\\\/toode\\\/southern-dutch-bbq-finishing-dust-mausteseos\\\/\",\"name\":\"Southern Dutch BBQ Finishing Dust -mausteseos - BBQ \u00c4ssad\",\"isPartOf\":{\"@id\":\"https:\\\/\\\/bbqassad.ee\\\/fi\\\/#website\"},\"primaryImageOfPage\":{\"@id\":\"https:\\\/\\\/bbqassad.ee\\\/fi\\\/toode\\\/southern-dutch-bbq-finishing-dust-mausteseos\\\/#primaryimage\"},\"image\":{\"@id\":\"https:\\\/\\\/bbqassad.ee\\\/fi\\\/toode\\\/southern-dutch-bbq-finishing-dust-mausteseos\\\/#primaryimage\"},\"thumbnailUrl\":\"https:\\\/\\\/bbqassad.ee\\\/wp-content\\\/uploads\\\/2022\\\/11\\\/BBQAssad-Finishing-dust-SD.webp\",\"datePublished\":\"2022-11-16T21:04:34+00:00\",\"dateModified\":\"2026-04-14T06:34:10+00:00\",\"description\":\"Southern Dutch BBQ Finishing Dust - on suolainen sekoitus, joka nostaa makuprofiilit aivan uudelle tasolle. Sulaa valmiin lihan p\u00e4\u00e4lle nopeasti.\",\"breadcrumb\":{\"@id\":\"https:\\\/\\\/bbqassad.ee\\\/fi\\\/toode\\\/southern-dutch-bbq-finishing-dust-mausteseos\\\/#breadcrumb\"},\"inLanguage\":\"fi\",\"potentialAction\":[{\"@type\":\"ReadAction\",\"target\":[\"https:\\\/\\\/bbqassad.ee\\\/fi\\\/toode\\\/southern-dutch-bbq-finishing-dust-mausteseos\\\/\"]}]},{\"@type\":\"ImageObject\",\"inLanguage\":\"fi\",\"@id\":\"https:\\\/\\\/bbqassad.ee\\\/fi\\\/toode\\\/southern-dutch-bbq-finishing-dust-mausteseos\\\/#primaryimage\",\"url\":\"https:\\\/\\\/bbqassad.ee\\\/wp-content\\\/uploads\\\/2022\\\/11\\\/BBQAssad-Finishing-dust-SD.webp\",\"contentUrl\":\"https:\\\/\\\/bbqassad.ee\\\/wp-content\\\/uploads\\\/2022\\\/11\\\/BBQAssad-Finishing-dust-SD.webp\",\"width\":800,\"height\":800,\"caption\":\"Maitseainesegu Southern Dutch BBQ Finishing Dust\"},{\"@type\":\"BreadcrumbList\",\"@id\":\"https:\\\/\\\/bbqassad.ee\\\/fi\\\/toode\\\/southern-dutch-bbq-finishing-dust-mausteseos\\\/#breadcrumb\",\"itemListElement\":[{\"@type\":\"ListItem\",\"position\":1,\"name\":\"Home\",\"item\":\"https:\\\/\\\/bbqassad.ee\\\/fi\\\/bbq-assat\\\/\"},{\"@type\":\"ListItem\",\"position\":2,\"name\":\"Verkkokauppa\",\"item\":\"https:\\\/\\\/bbqassad.ee\\\/fi\\\/verkkokauppa\\\/\"},{\"@type\":\"ListItem\",\"position\":3,\"name\":\"Southern Dutch BBQ Finishing Dust -mausteseos\"}]},{\"@type\":\"WebSite\",\"@id\":\"https:\\\/\\\/bbqassad.ee\\\/fi\\\/#website\",\"url\":\"https:\\\/\\\/bbqassad.ee\\\/fi\\\/\",\"name\":\"BBQ \u00c4ssad\",\"description\":\"BBQ maitseained, kastmed, ahjud\",\"publisher\":{\"@id\":\"https:\\\/\\\/bbqassad.ee\\\/fi\\\/#organization\"},\"potentialAction\":[{\"@type\":\"SearchAction\",\"target\":{\"@type\":\"EntryPoint\",\"urlTemplate\":\"https:\\\/\\\/bbqassad.ee\\\/fi\\\/?s={search_term_string}\"},\"query-input\":{\"@type\":\"PropertyValueSpecification\",\"valueRequired\":true,\"valueName\":\"search_term_string\"}}],\"inLanguage\":\"fi\"},{\"@type\":\"Organization\",\"@id\":\"https:\\\/\\\/bbqassad.ee\\\/fi\\\/#organization\",\"name\":\"BBQ \u00c4ssad\",\"url\":\"https:\\\/\\\/bbqassad.ee\\\/fi\\\/\",\"logo\":{\"@type\":\"ImageObject\",\"inLanguage\":\"fi\",\"@id\":\"https:\\\/\\\/bbqassad.ee\\\/fi\\\/#\\\/schema\\\/logo\\\/image\\\/\",\"url\":\"https:\\\/\\\/bbqassad.ee\\\/wp-content\\\/uploads\\\/2022\\\/10\\\/BBQ-2ssadlogo.png\",\"contentUrl\":\"https:\\\/\\\/bbqassad.ee\\\/wp-content\\\/uploads\\\/2022\\\/10\\\/BBQ-2ssadlogo.png\",\"width\":1080,\"height\":1080,\"caption\":\"BBQ \u00c4ssad\"},\"image\":{\"@id\":\"https:\\\/\\\/bbqassad.ee\\\/fi\\\/#\\\/schema\\\/logo\\\/image\\\/\"},\"sameAs\":[\"https:\\\/\\\/www.facebook.com\\\/bbqassad\",\"https:\\\/\\\/www.youtube.com\\\/channel\\\/UCsoufn49J6TVi9Ah9meE93w\"]}]}<\/script>\n<!-- \/ Yoast SEO plugin. -->","yoast_head_json":{"title":"Southern Dutch BBQ Finishing Dust -mausteseos - BBQ \u00c4ssad","description":"Southern Dutch BBQ Finishing Dust - on suolainen sekoitus, joka nostaa makuprofiilit aivan uudelle tasolle. Sulaa valmiin lihan p\u00e4\u00e4lle nopeasti.","robots":{"index":"index","follow":"follow","max-snippet":"max-snippet:-1","max-image-preview":"max-image-preview:large","max-video-preview":"max-video-preview:-1"},"canonical":"https:\/\/bbqassad.ee\/fi\/toode\/southern-dutch-bbq-finishing-dust-mausteseos\/","og_locale":"fi_FI","og_type":"article","og_title":"Southern Dutch BBQ Finishing Dust -mausteseos - BBQ \u00c4ssad","og_description":"Southern Dutch BBQ Finishing Dust - on suolainen sekoitus, joka nostaa makuprofiilit aivan uudelle tasolle. Sulaa valmiin lihan p\u00e4\u00e4lle nopeasti.","og_url":"https:\/\/bbqassad.ee\/fi\/toode\/southern-dutch-bbq-finishing-dust-mausteseos\/","og_site_name":"BBQ \u00c4ssad","article_publisher":"https:\/\/www.facebook.com\/bbqassad","article_modified_time":"2026-04-14T06:34:10+00:00","og_image":[{"width":800,"height":800,"url":"https:\/\/bbqassad.ee\/wp-content\/uploads\/2022\/11\/BBQAssad-Finishing-dust-SD.webp","type":"image\/webp"}],"twitter_card":"summary_large_image","twitter_misc":{"Arvioitu lukuaika":"1 minuutti"},"schema":{"@context":"https:\/\/schema.org","@graph":[{"@type":"WebPage","@id":"https:\/\/bbqassad.ee\/fi\/toode\/southern-dutch-bbq-finishing-dust-mausteseos\/","url":"https:\/\/bbqassad.ee\/fi\/toode\/southern-dutch-bbq-finishing-dust-mausteseos\/","name":"Southern Dutch BBQ Finishing Dust -mausteseos - BBQ \u00c4ssad","isPartOf":{"@id":"https:\/\/bbqassad.ee\/fi\/#website"},"primaryImageOfPage":{"@id":"https:\/\/bbqassad.ee\/fi\/toode\/southern-dutch-bbq-finishing-dust-mausteseos\/#primaryimage"},"image":{"@id":"https:\/\/bbqassad.ee\/fi\/toode\/southern-dutch-bbq-finishing-dust-mausteseos\/#primaryimage"},"thumbnailUrl":"https:\/\/bbqassad.ee\/wp-content\/uploads\/2022\/11\/BBQAssad-Finishing-dust-SD.webp","datePublished":"2022-11-16T21:04:34+00:00","dateModified":"2026-04-14T06:34:10+00:00","description":"Southern Dutch BBQ Finishing Dust - on suolainen sekoitus, joka nostaa makuprofiilit aivan uudelle tasolle. Sulaa valmiin lihan p\u00e4\u00e4lle nopeasti.","breadcrumb":{"@id":"https:\/\/bbqassad.ee\/fi\/toode\/southern-dutch-bbq-finishing-dust-mausteseos\/#breadcrumb"},"inLanguage":"fi","potentialAction":[{"@type":"ReadAction","target":["https:\/\/bbqassad.ee\/fi\/toode\/southern-dutch-bbq-finishing-dust-mausteseos\/"]}]},{"@type":"ImageObject","inLanguage":"fi","@id":"https:\/\/bbqassad.ee\/fi\/toode\/southern-dutch-bbq-finishing-dust-mausteseos\/#primaryimage","url":"https:\/\/bbqassad.ee\/wp-content\/uploads\/2022\/11\/BBQAssad-Finishing-dust-SD.webp","contentUrl":"https:\/\/bbqassad.ee\/wp-content\/uploads\/2022\/11\/BBQAssad-Finishing-dust-SD.webp","width":800,"height":800,"caption":"Maitseainesegu Southern Dutch BBQ Finishing Dust"},{"@type":"BreadcrumbList","@id":"https:\/\/bbqassad.ee\/fi\/toode\/southern-dutch-bbq-finishing-dust-mausteseos\/#breadcrumb","itemListElement":[{"@type":"ListItem","position":1,"name":"Home","item":"https:\/\/bbqassad.ee\/fi\/bbq-assat\/"},{"@type":"ListItem","position":2,"name":"Verkkokauppa","item":"https:\/\/bbqassad.ee\/fi\/verkkokauppa\/"},{"@type":"ListItem","position":3,"name":"Southern Dutch BBQ Finishing Dust -mausteseos"}]},{"@type":"WebSite","@id":"https:\/\/bbqassad.ee\/fi\/#website","url":"https:\/\/bbqassad.ee\/fi\/","name":"BBQ \u00c4ssad","description":"BBQ maitseained, kastmed, ahjud","publisher":{"@id":"https:\/\/bbqassad.ee\/fi\/#organization"},"potentialAction":[{"@type":"SearchAction","target":{"@type":"EntryPoint","urlTemplate":"https:\/\/bbqassad.ee\/fi\/?s={search_term_string}"},"query-input":{"@type":"PropertyValueSpecification","valueRequired":true,"valueName":"search_term_string"}}],"inLanguage":"fi"},{"@type":"Organization","@id":"https:\/\/bbqassad.ee\/fi\/#organization","name":"BBQ \u00c4ssad","url":"https:\/\/bbqassad.ee\/fi\/","logo":{"@type":"ImageObject","inLanguage":"fi","@id":"https:\/\/bbqassad.ee\/fi\/#\/schema\/logo\/image\/","url":"https:\/\/bbqassad.ee\/wp-content\/uploads\/2022\/10\/BBQ-2ssadlogo.png","contentUrl":"https:\/\/bbqassad.ee\/wp-content\/uploads\/2022\/10\/BBQ-2ssadlogo.png","width":1080,"height":1080,"caption":"BBQ \u00c4ssad"},"image":{"@id":"https:\/\/bbqassad.ee\/fi\/#\/schema\/logo\/image\/"},"sameAs":["https:\/\/www.facebook.com\/bbqassad","https:\/\/www.youtube.com\/channel\/UCsoufn49J6TVi9Ah9meE93w"]}]}},"_links":{"self":[{"href":"https:\/\/bbqassad.ee\/fi\/wp-json\/wp\/v2\/product\/23538","targetHints":{"allow":["GET"]}}],"collection":[{"href":"https:\/\/bbqassad.ee\/fi\/wp-json\/wp\/v2\/product"}],"about":[{"href":"https:\/\/bbqassad.ee\/fi\/wp-json\/wp\/v2\/types\/product"}],"replies":[{"embeddable":true,"href":"https:\/\/bbqassad.ee\/fi\/wp-json\/wp\/v2\/comments?post=23538"}],"wp:featuredmedia":[{"embeddable":true,"href":"https:\/\/bbqassad.ee\/fi\/wp-json\/wp\/v2\/media\/341"}],"wp:attachment":[{"href":"https:\/\/bbqassad.ee\/fi\/wp-json\/wp\/v2\/media?parent=23538"}],"wp:term":[{"taxonomy":"product_brand","embeddable":true,"href":"https:\/\/bbqassad.ee\/fi\/wp-json\/wp\/v2\/product_brand?post=23538"},{"taxonomy":"product_cat","embeddable":true,"href":"https:\/\/bbqassad.ee\/fi\/wp-json\/wp\/v2\/product_cat?post=23538"},{"taxonomy":"product_tag","embeddable":true,"href":"https:\/\/bbqassad.ee\/fi\/wp-json\/wp\/v2\/product_tag?post=23538"}],"curies":[{"name":"wp","href":"https:\/\/api.w.org\/{rel}","templated":true}]}}