{"id":23536,"date":"2022-11-17T07:56:19","date_gmt":"2022-11-17T07:56:19","guid":{"rendered":"https:\/\/bbqassad.ee\/toode\/caste-blues-hog-smokey-mountain\/"},"modified":"2026-04-14T06:34:09","modified_gmt":"2026-04-14T06:34:09","slug":"kastike-blues-hog-smokey-mountain","status":"publish","type":"product","link":"https:\/\/bbqassad.ee\/fi\/toode\/kastike-blues-hog-smokey-mountain\/","title":{"rendered":"Blues Hog Smokey Mountain -kastike"},"content":{"rendered":"<p>Kastike Blues Hog Smokey Mountain &#8211; Blues Hog otti Originalin kaikkine syv\u00e4llisine makuineen ja p\u00e4\u00e4tti antaa sille jotain ylim\u00e4\u00e4r\u00e4ist\u00e4. He lis\u00e4siv\u00e4t siihen hikkoripuun savua, mik\u00e4 teki Smokey Mountainista juuri sen, mit\u00e4 nimi antaa ymm\u00e4rt\u00e4\u00e4. <span class=\"Apple-converted-space\"> <\/span><\/p>\n<h2 class=\"p1\">BBQ Aces kommentti<\/h2>\n<p class=\"p1\">T\u00e4m\u00e4 kastike on yll\u00e4tt\u00e4v\u00e4, jos et pid\u00e4 puhtaasti makeasta tai mausteisesta, t\u00e4m\u00e4 kastike on jossain v\u00e4liss\u00e4. Se on paljon tummempi kuin mik\u00e4\u00e4n muu tarjoamamme, ja se on savuisuus, joka tekee siit\u00e4 sellaisen. <span class=\"Apple-converted-space\"> <\/span><\/p>\n<h2 class=\"p1\">Ammattilaisen vinkki<\/h2>\n<p class=\"p1\">Eritt\u00e4in sopiva kastike karjalle.<\/p>\n","protected":false},"excerpt":{"rendered":"<p>Valmistaja: Blues Hog<\/p>\n<p>Paino: 680g<\/p>\n<p>Ainesosat: Ketsuppi, ruskea sokeri, omenaviinietikka, sokeri, suola, vesi, mausteet, luontaiset aromit, worcestershire-kastike, paprika, kuivattu valkosipuli, chipotle chipotle.<\/p>\n","protected":false},"featured_media":23537,"comment_status":"open","ping_status":"closed","template":"","meta":[],"product_brand":[],"product_cat":[788],"product_tag":[791,790,803,789],"class_list":{"0":"post-23536","1":"product","2":"type-product","3":"status-publish","4":"has-post-thumbnail","6":"product_cat-kastit","7":"product_tag-kala","8":"product_tag-kana","9":"product_tag-karja","10":"product_tag-sika","12":"first","13":"instock","14":"taxable","15":"shipping-taxable","16":"purchasable","17":"product-type-simple"},"yoast_head":"<!-- This site is optimized with the Yoast SEO plugin v27.4 - https:\/\/yoast.com\/product\/yoast-seo-wordpress\/ -->\n<title>Blues Hog Smokey Mountain -kastike - BBQ \u00c4ssad %<\/title>\n<meta name=\"description\" content=\"Blues Hog Smokey Mountain Sauce - T\u00e4m\u00e4 kastike on yll\u00e4tt\u00e4v\u00e4, jos et pid\u00e4 puhtaasti makeasta tai mausteisesta, t\u00e4m\u00e4 kastike on jossain v\u00e4liss\u00e4.\" \/>\n<meta name=\"robots\" content=\"index, follow, max-snippet:-1, max-image-preview:large, max-video-preview:-1\" \/>\n<link rel=\"canonical\" href=\"https:\/\/bbqassad.ee\/fi\/toode\/kastike-blues-hog-smokey-mountain\/\" \/>\n<meta property=\"og:locale\" content=\"fi_FI\" \/>\n<meta property=\"og:type\" content=\"article\" \/>\n<meta property=\"og:title\" content=\"Blues Hog Smokey Mountain -kastike - BBQ \u00c4ssad %\" \/>\n<meta property=\"og:description\" content=\"Blues Hog Smokey Mountain Sauce - T\u00e4m\u00e4 kastike on yll\u00e4tt\u00e4v\u00e4, jos et pid\u00e4 puhtaasti makeasta tai mausteisesta, t\u00e4m\u00e4 kastike on jossain v\u00e4liss\u00e4.\" \/>\n<meta property=\"og:url\" content=\"https:\/\/bbqassad.ee\/fi\/toode\/kastike-blues-hog-smokey-mountain\/\" \/>\n<meta property=\"og:site_name\" content=\"BBQ \u00c4ssad\" \/>\n<meta property=\"article:publisher\" content=\"https:\/\/www.facebook.com\/bbqassad\" \/>\n<meta property=\"article:modified_time\" content=\"2026-04-14T06:34:09+00:00\" \/>\n<meta property=\"og:image\" content=\"https:\/\/bbqassad.ee\/wp-content\/uploads\/2022\/11\/ezgif.com-gif-maker-1.webp\" \/>\n\t<meta property=\"og:image:width\" content=\"800\" \/>\n\t<meta property=\"og:image:height\" content=\"800\" \/>\n\t<meta property=\"og:image:type\" content=\"image\/webp\" \/>\n<meta name=\"twitter:card\" content=\"summary_large_image\" \/>\n<meta name=\"twitter:label1\" content=\"Arvioitu lukuaika\" \/>\n\t<meta name=\"twitter:data1\" content=\"1 minuutti\" \/>\n<script type=\"application\/ld+json\" class=\"yoast-schema-graph\">{\"@context\":\"https:\\\/\\\/schema.org\",\"@graph\":[{\"@type\":\"WebPage\",\"@id\":\"https:\\\/\\\/bbqassad.ee\\\/fi\\\/toode\\\/kastike-blues-hog-smokey-mountain\\\/\",\"url\":\"https:\\\/\\\/bbqassad.ee\\\/fi\\\/toode\\\/kastike-blues-hog-smokey-mountain\\\/\",\"name\":\"Blues Hog Smokey Mountain -kastike - BBQ \u00c4ssad %\",\"isPartOf\":{\"@id\":\"https:\\\/\\\/bbqassad.ee\\\/fi\\\/#website\"},\"primaryImageOfPage\":{\"@id\":\"https:\\\/\\\/bbqassad.ee\\\/fi\\\/toode\\\/kastike-blues-hog-smokey-mountain\\\/#primaryimage\"},\"image\":{\"@id\":\"https:\\\/\\\/bbqassad.ee\\\/fi\\\/toode\\\/kastike-blues-hog-smokey-mountain\\\/#primaryimage\"},\"thumbnailUrl\":\"https:\\\/\\\/bbqassad.ee\\\/wp-content\\\/uploads\\\/2022\\\/11\\\/ezgif.com-gif-maker-1.webp\",\"datePublished\":\"2022-11-17T07:56:19+00:00\",\"dateModified\":\"2026-04-14T06:34:09+00:00\",\"description\":\"Blues Hog Smokey Mountain Sauce - T\u00e4m\u00e4 kastike on yll\u00e4tt\u00e4v\u00e4, jos et pid\u00e4 puhtaasti makeasta tai mausteisesta, t\u00e4m\u00e4 kastike on jossain v\u00e4liss\u00e4.\",\"breadcrumb\":{\"@id\":\"https:\\\/\\\/bbqassad.ee\\\/fi\\\/toode\\\/kastike-blues-hog-smokey-mountain\\\/#breadcrumb\"},\"inLanguage\":\"fi\",\"potentialAction\":[{\"@type\":\"ReadAction\",\"target\":[\"https:\\\/\\\/bbqassad.ee\\\/fi\\\/toode\\\/kastike-blues-hog-smokey-mountain\\\/\"]}]},{\"@type\":\"ImageObject\",\"inLanguage\":\"fi\",\"@id\":\"https:\\\/\\\/bbqassad.ee\\\/fi\\\/toode\\\/kastike-blues-hog-smokey-mountain\\\/#primaryimage\",\"url\":\"https:\\\/\\\/bbqassad.ee\\\/wp-content\\\/uploads\\\/2022\\\/11\\\/ezgif.com-gif-maker-1.webp\",\"contentUrl\":\"https:\\\/\\\/bbqassad.ee\\\/wp-content\\\/uploads\\\/2022\\\/11\\\/ezgif.com-gif-maker-1.webp\",\"width\":800,\"height\":800,\"caption\":\"Kaste Blues Hog Smokey Mountain\"},{\"@type\":\"BreadcrumbList\",\"@id\":\"https:\\\/\\\/bbqassad.ee\\\/fi\\\/toode\\\/kastike-blues-hog-smokey-mountain\\\/#breadcrumb\",\"itemListElement\":[{\"@type\":\"ListItem\",\"position\":1,\"name\":\"Home\",\"item\":\"https:\\\/\\\/bbqassad.ee\\\/fi\\\/bbq-assat\\\/\"},{\"@type\":\"ListItem\",\"position\":2,\"name\":\"Verkkokauppa\",\"item\":\"https:\\\/\\\/bbqassad.ee\\\/fi\\\/verkkokauppa\\\/\"},{\"@type\":\"ListItem\",\"position\":3,\"name\":\"Blues Hog Smokey Mountain -kastike\"}]},{\"@type\":\"WebSite\",\"@id\":\"https:\\\/\\\/bbqassad.ee\\\/fi\\\/#website\",\"url\":\"https:\\\/\\\/bbqassad.ee\\\/fi\\\/\",\"name\":\"BBQ \u00c4ssad\",\"description\":\"BBQ maitseained, kastmed, ahjud\",\"publisher\":{\"@id\":\"https:\\\/\\\/bbqassad.ee\\\/fi\\\/#organization\"},\"potentialAction\":[{\"@type\":\"SearchAction\",\"target\":{\"@type\":\"EntryPoint\",\"urlTemplate\":\"https:\\\/\\\/bbqassad.ee\\\/fi\\\/?s={search_term_string}\"},\"query-input\":{\"@type\":\"PropertyValueSpecification\",\"valueRequired\":true,\"valueName\":\"search_term_string\"}}],\"inLanguage\":\"fi\"},{\"@type\":\"Organization\",\"@id\":\"https:\\\/\\\/bbqassad.ee\\\/fi\\\/#organization\",\"name\":\"BBQ \u00c4ssad\",\"url\":\"https:\\\/\\\/bbqassad.ee\\\/fi\\\/\",\"logo\":{\"@type\":\"ImageObject\",\"inLanguage\":\"fi\",\"@id\":\"https:\\\/\\\/bbqassad.ee\\\/fi\\\/#\\\/schema\\\/logo\\\/image\\\/\",\"url\":\"https:\\\/\\\/bbqassad.ee\\\/wp-content\\\/uploads\\\/2022\\\/10\\\/BBQ-2ssadlogo.png\",\"contentUrl\":\"https:\\\/\\\/bbqassad.ee\\\/wp-content\\\/uploads\\\/2022\\\/10\\\/BBQ-2ssadlogo.png\",\"width\":1080,\"height\":1080,\"caption\":\"BBQ \u00c4ssad\"},\"image\":{\"@id\":\"https:\\\/\\\/bbqassad.ee\\\/fi\\\/#\\\/schema\\\/logo\\\/image\\\/\"},\"sameAs\":[\"https:\\\/\\\/www.facebook.com\\\/bbqassad\",\"https:\\\/\\\/www.youtube.com\\\/channel\\\/UCsoufn49J6TVi9Ah9meE93w\"]}]}<\/script>\n<!-- \/ Yoast SEO plugin. -->","yoast_head_json":{"title":"Blues Hog Smokey Mountain -kastike - BBQ \u00c4ssad %","description":"Blues Hog Smokey Mountain Sauce - T\u00e4m\u00e4 kastike on yll\u00e4tt\u00e4v\u00e4, jos et pid\u00e4 puhtaasti makeasta tai mausteisesta, t\u00e4m\u00e4 kastike on jossain v\u00e4liss\u00e4.","robots":{"index":"index","follow":"follow","max-snippet":"max-snippet:-1","max-image-preview":"max-image-preview:large","max-video-preview":"max-video-preview:-1"},"canonical":"https:\/\/bbqassad.ee\/fi\/toode\/kastike-blues-hog-smokey-mountain\/","og_locale":"fi_FI","og_type":"article","og_title":"Blues Hog Smokey Mountain -kastike - BBQ \u00c4ssad %","og_description":"Blues Hog Smokey Mountain Sauce - T\u00e4m\u00e4 kastike on yll\u00e4tt\u00e4v\u00e4, jos et pid\u00e4 puhtaasti makeasta tai mausteisesta, t\u00e4m\u00e4 kastike on jossain v\u00e4liss\u00e4.","og_url":"https:\/\/bbqassad.ee\/fi\/toode\/kastike-blues-hog-smokey-mountain\/","og_site_name":"BBQ \u00c4ssad","article_publisher":"https:\/\/www.facebook.com\/bbqassad","article_modified_time":"2026-04-14T06:34:09+00:00","og_image":[{"width":800,"height":800,"url":"https:\/\/bbqassad.ee\/wp-content\/uploads\/2022\/11\/ezgif.com-gif-maker-1.webp","type":"image\/webp"}],"twitter_card":"summary_large_image","twitter_misc":{"Arvioitu lukuaika":"1 minuutti"},"schema":{"@context":"https:\/\/schema.org","@graph":[{"@type":"WebPage","@id":"https:\/\/bbqassad.ee\/fi\/toode\/kastike-blues-hog-smokey-mountain\/","url":"https:\/\/bbqassad.ee\/fi\/toode\/kastike-blues-hog-smokey-mountain\/","name":"Blues Hog Smokey Mountain -kastike - BBQ \u00c4ssad %","isPartOf":{"@id":"https:\/\/bbqassad.ee\/fi\/#website"},"primaryImageOfPage":{"@id":"https:\/\/bbqassad.ee\/fi\/toode\/kastike-blues-hog-smokey-mountain\/#primaryimage"},"image":{"@id":"https:\/\/bbqassad.ee\/fi\/toode\/kastike-blues-hog-smokey-mountain\/#primaryimage"},"thumbnailUrl":"https:\/\/bbqassad.ee\/wp-content\/uploads\/2022\/11\/ezgif.com-gif-maker-1.webp","datePublished":"2022-11-17T07:56:19+00:00","dateModified":"2026-04-14T06:34:09+00:00","description":"Blues Hog Smokey Mountain Sauce - T\u00e4m\u00e4 kastike on yll\u00e4tt\u00e4v\u00e4, jos et pid\u00e4 puhtaasti makeasta tai mausteisesta, t\u00e4m\u00e4 kastike on jossain v\u00e4liss\u00e4.","breadcrumb":{"@id":"https:\/\/bbqassad.ee\/fi\/toode\/kastike-blues-hog-smokey-mountain\/#breadcrumb"},"inLanguage":"fi","potentialAction":[{"@type":"ReadAction","target":["https:\/\/bbqassad.ee\/fi\/toode\/kastike-blues-hog-smokey-mountain\/"]}]},{"@type":"ImageObject","inLanguage":"fi","@id":"https:\/\/bbqassad.ee\/fi\/toode\/kastike-blues-hog-smokey-mountain\/#primaryimage","url":"https:\/\/bbqassad.ee\/wp-content\/uploads\/2022\/11\/ezgif.com-gif-maker-1.webp","contentUrl":"https:\/\/bbqassad.ee\/wp-content\/uploads\/2022\/11\/ezgif.com-gif-maker-1.webp","width":800,"height":800,"caption":"Kaste Blues Hog Smokey Mountain"},{"@type":"BreadcrumbList","@id":"https:\/\/bbqassad.ee\/fi\/toode\/kastike-blues-hog-smokey-mountain\/#breadcrumb","itemListElement":[{"@type":"ListItem","position":1,"name":"Home","item":"https:\/\/bbqassad.ee\/fi\/bbq-assat\/"},{"@type":"ListItem","position":2,"name":"Verkkokauppa","item":"https:\/\/bbqassad.ee\/fi\/verkkokauppa\/"},{"@type":"ListItem","position":3,"name":"Blues Hog Smokey Mountain -kastike"}]},{"@type":"WebSite","@id":"https:\/\/bbqassad.ee\/fi\/#website","url":"https:\/\/bbqassad.ee\/fi\/","name":"BBQ \u00c4ssad","description":"BBQ maitseained, kastmed, ahjud","publisher":{"@id":"https:\/\/bbqassad.ee\/fi\/#organization"},"potentialAction":[{"@type":"SearchAction","target":{"@type":"EntryPoint","urlTemplate":"https:\/\/bbqassad.ee\/fi\/?s={search_term_string}"},"query-input":{"@type":"PropertyValueSpecification","valueRequired":true,"valueName":"search_term_string"}}],"inLanguage":"fi"},{"@type":"Organization","@id":"https:\/\/bbqassad.ee\/fi\/#organization","name":"BBQ \u00c4ssad","url":"https:\/\/bbqassad.ee\/fi\/","logo":{"@type":"ImageObject","inLanguage":"fi","@id":"https:\/\/bbqassad.ee\/fi\/#\/schema\/logo\/image\/","url":"https:\/\/bbqassad.ee\/wp-content\/uploads\/2022\/10\/BBQ-2ssadlogo.png","contentUrl":"https:\/\/bbqassad.ee\/wp-content\/uploads\/2022\/10\/BBQ-2ssadlogo.png","width":1080,"height":1080,"caption":"BBQ \u00c4ssad"},"image":{"@id":"https:\/\/bbqassad.ee\/fi\/#\/schema\/logo\/image\/"},"sameAs":["https:\/\/www.facebook.com\/bbqassad","https:\/\/www.youtube.com\/channel\/UCsoufn49J6TVi9Ah9meE93w"]}]}},"_links":{"self":[{"href":"https:\/\/bbqassad.ee\/fi\/wp-json\/wp\/v2\/product\/23536","targetHints":{"allow":["GET"]}}],"collection":[{"href":"https:\/\/bbqassad.ee\/fi\/wp-json\/wp\/v2\/product"}],"about":[{"href":"https:\/\/bbqassad.ee\/fi\/wp-json\/wp\/v2\/types\/product"}],"replies":[{"embeddable":true,"href":"https:\/\/bbqassad.ee\/fi\/wp-json\/wp\/v2\/comments?post=23536"}],"wp:featuredmedia":[{"embeddable":true,"href":"https:\/\/bbqassad.ee\/fi\/wp-json\/wp\/v2\/media\/23537"}],"wp:attachment":[{"href":"https:\/\/bbqassad.ee\/fi\/wp-json\/wp\/v2\/media?parent=23536"}],"wp:term":[{"taxonomy":"product_brand","embeddable":true,"href":"https:\/\/bbqassad.ee\/fi\/wp-json\/wp\/v2\/product_brand?post=23536"},{"taxonomy":"product_cat","embeddable":true,"href":"https:\/\/bbqassad.ee\/fi\/wp-json\/wp\/v2\/product_cat?post=23536"},{"taxonomy":"product_tag","embeddable":true,"href":"https:\/\/bbqassad.ee\/fi\/wp-json\/wp\/v2\/product_tag?post=23536"}],"curies":[{"name":"wp","href":"https:\/\/api.w.org\/{rel}","templated":true}]}}