{"id":23514,"date":"2022-11-18T13:51:14","date_gmt":"2022-11-18T13:51:14","guid":{"rendered":"https:\/\/bbqassad.ee\/toode\/kamado-comfy-dreamfire-2\/"},"modified":"2026-04-14T06:34:13","modified_gmt":"2026-04-14T06:34:13","slug":"kamado-comfy-dreamfire-2","status":"publish","type":"product","link":"https:\/\/bbqassad.ee\/fi\/toode\/kamado-comfy-dreamfire-2\/","title":{"rendered":"Kamado Comfy &#8211; Dreamfire\u00ae"},"content":{"rendered":"<h2>Dreamfire Kamado Comfy on varustettu seuraavilla ominaisuuksilla ja lis\u00e4varusteilla<\/h2>\n<h3>Yksinomainen kuusikulmainen kentt\u00e4malli<\/h3>\n<p>Nyt enemm\u00e4n v\u00e4rej\u00e4 kuin koskaan!\u00c4l\u00e4 tyydy tylsiin malleihin &#8211; olemme t\u00e4ysin samaa mielt\u00e4 siit\u00e4, ett\u00e4 takapihan grilli on sek\u00e4 muotoiluelementti ett\u00e4 ruoanlaittov\u00e4line. Comfy-mallien avulla voit olla varma, ett\u00e4 kamadosi muotoilu on ainutlaatuista ja tyylik\u00e4st\u00e4, mutta et kuitenkaan tingi laadusta tai toiminnallisuudesta.<\/p>\n<h3>Dreamfire Meatspotter 100 Bluetooth-l\u00e4mp\u00f6mittari<\/h3>\n<p>Bluetooth-l\u00e4mp\u00f6mittarimme Meatspotter 100 antaa grillaajalle mielenrauhan ja mahdollisuuden tehd\u00e4 muita asioita sill\u00e4 aikaa, kun Comfy valmistaa j\u00e4lleen herkullista ateriaa. Kun ruoka on valmista tai grillin sis\u00e4l\u00e4mp\u00f6tila muuttuu asetetusta l\u00e4mp\u00f6tilasta, puhelimesi Meatspotter-sovellus ilmoittaa sinulle siit\u00e4. Helppok\u00e4ytt\u00f6isen sovelluksen ja suuren taustavalaistun n\u00e4yt\u00f6n ansiosta grillauskokemus on mukavampi kuin koskaan. Voit seurata grillin tapahtumia puhelimestasi kaukana grillist\u00e4, kun taas n\u00e4et l\u00e4mp\u00f6tilat grillin vieress\u00e4 olevalta suurelta n\u00e4yt\u00f6lt\u00e4.   <\/p>\n<h3>LUX PRO kaksitasoinen keittoj\u00e4rjestelm\u00e4<\/h3>\n<p>Kaksi tasoa, nelj\u00e4 ruostumattomasta ter\u00e4ksest\u00e4 valmistettua raskasta puolikasta ritil\u00e4\u00e4, kaksi keraamista puolikasta deflektorilevy\u00e4 ja k\u00e4tev\u00e4t kahvat koko j\u00e4rjestelm\u00e4n nostamiseen &#8211; t\u00e4m\u00e4 tekee Dreamfire Kamado Comfy -grillist\u00e4 todella joustavan grillin, jossa voit k\u00e4ytt\u00e4\u00e4 ritil\u00f6it\u00e4 ja deflektoreita kymmeniss\u00e4 eri kokoonpanoissa.<\/p>\n<h3>Dreamfire tuharoop<\/h3>\n<p>Helpottaa tuhkan poistamista grillin alalaatikosta. Sopii my\u00f6s erinomaisesti hiilen sekoittamiseen grillin sis\u00e4ll\u00e4! <\/p>\n<h3>Eritt\u00e4in vahvat ruostumattomasta ter\u00e4ksest\u00e4 valmistetut ritil\u00e4t<\/h3>\n<p>Dreamfire Kamado Comfy -grilliss\u00e4 on poikkeuksellisen paksut ruostumattomasta ter\u00e4ksest\u00e4 valmistetut ritil\u00e4t, jotka k\u00e4ytt\u00e4ytyv\u00e4t kuin valurauta l\u00e4mp\u00f6\u00e4 s\u00e4ilytt\u00e4ess\u00e4\u00e4n. N\u00e4ill\u00e4 ritil\u00f6ill\u00e4 on eritt\u00e4in pitk\u00e4 k\u00e4ytt\u00f6ik\u00e4 paksun materiaalin ansiosta. Ruostumattomat puolipy\u00f6re\u00e4t reunat on helppo puhdistaa, eiv\u00e4tk\u00e4 ne taivu tai sula.  <\/p>\n<h3>Ruostumattomasta ter\u00e4ksest\u00e4 valmistettu yl\u00e4sifoni, jossa on katto<\/h3>\n<p>Comfy-toppiletkussa on pitk\u00e4 kahva, jossa on kuumuutta kest\u00e4v\u00e4 k\u00e4rki helppoa ja turvallista k\u00e4ytt\u00f6\u00e4 varten. Laadukas ruostumaton ter\u00e4s antaa sille erinomaisen kest\u00e4vyyden, ja sadesuojan ansiosta grillin pit\u00e4minen ulkona on huoletonta ymp\u00e4ri vuoden. Vaikka ulkona olisi kuinka sateista, grilli pysyy sis\u00e4ll\u00e4 kuivana.  <\/p>\n<h3>Ruostumattomasta ter\u00e4ksest\u00e4 valmistettu runko ja eritt\u00e4in kest\u00e4v\u00e4t py\u00f6r\u00e4t<\/h3>\n<p>Dreamfire Kamado Comfy -sarjassa on tukeva ruostumattomasta ter\u00e4ksest\u00e4 valmistettu runko, jossa on laadukkaat py\u00f6r\u00e4t, jotka antavat kamadolle tyylikk\u00e4\u00e4n kodin ja helpottavat sen liikuttelua.<\/p>\n<h3>Ruostumattomat yksityiskohdat<\/h3>\n<p>Comfy-kamadossa on korkealaatuisia 304 ruostumattomasta ter\u00e4ksest\u00e4 valmistettuja osia, mukaan lukien siivet, runko, kahva ja metallivy\u00f6t. Ruostumattomasta ter\u00e4ksest\u00e4 valmistettujen osien ansiosta sinun ei tarvitse huolehtia siit\u00e4, ett\u00e4 kamadosi metalliosat ruostuvat jo muutaman kuukauden kuluttua. <\/p>\n<h3>Sadesuoja<\/h3>\n<p>Dreamfire Kamado Comfy -pakkaus sis\u00e4lt\u00e4\u00e4 laadukkaan sadesuojan, joka pit\u00e4\u00e4 grillisi puhtaana ja suojaa sit\u00e4 UV-s\u00e4teilt\u00e4, sateelta, lumelta ja (siitep\u00f6lylt\u00e4) p\u00f6lylt\u00e4.<\/p>\n<h3>Puiset sivulaudat, joissa on ripustuskoukut<\/h3>\n<p>Irrotettavat puiset sivupaneelit antavat grillille ty\u00f6tason, johon tarvikkeet voidaan sijoittaa k\u00e4tev\u00e4sti. Koukkujen p\u00e4\u00e4h\u00e4n voit ripustaa k\u00e4tev\u00e4sti pihdit, lapiot, hakkuuv\u00e4lineet ja paljon muuta. <\/p>\n<h3>Eritt\u00e4in paksu ja tihe\u00e4 keramiikka<\/h3>\n<p>Dreamfire Kamado Comfy -grillin keraaminen runko on valmistettu erityisen paksusta ja tihe\u00e4st\u00e4 keraamisesta materiaalista, mik\u00e4 tekee Comfy-grillist\u00e4 erityisen kest\u00e4v\u00e4n ja paremmin l\u00e4mp\u00f6\u00e4 pid\u00e4tt\u00e4v\u00e4n kuin muut kamadogrillit. Paksu keramiikka pit\u00e4\u00e4 my\u00f6s grillin ulkopinnan viile\u00e4mp\u00e4n\u00e4 kuin metalligrillit, mik\u00e4 tekee Kamadosta turvallisemman grillityypin. <\/p>\n<h3>Eritt\u00e4in tehokas tiiviste rungon ja kannen v\u00e4liss\u00e4<\/h3>\n<p>Laadukas tiivistys tarkoittaa, ett\u00e4 kamado on t\u00e4ysin ilmatiivis vuosien ajan. Mit\u00e4 se tarkoittaa? Se tarkoittaa, ett\u00e4 grilliin syttyv\u00e4 tuli sammuu muutamassa minuutissa, kun suljet yl\u00e4- ja alatiivisteet &#8211; vertaansa vailla muilla johtavilla kamadovalmistajilla.  <\/p>\n<h3>Tekniset tiedot:<\/h3>\n<p>V\u00e4rit: Musta, sininen, &#8221;Tellis&#8221;, harmaa .<br \/>\nRungon vapaa tila: 56,5cm (22&#8243;)<br \/>\nRungon sis\u00e4halkaisija: 50cm (20&#8243;)<br \/>\nRungon halkaisija: 47cm (19&#8243;)<br \/>\nLeivonta-alue yhdell\u00e4 tasolla: 1735 cm2<br \/>\nPaistoala kahdessa tasossa LUX PRO -j\u00e4rjestelm\u00e4ll\u00e4: 3470 cm2<br \/>\nElinik\u00e4inen rajoitettu takuu<br \/>\nEksklusiivinen kuusikulmainen kuvio<\/p>\n","protected":false},"excerpt":{"rendered":"<p>Vie grillauskokemuksesi uudelle tasolle uuden Comfy-sarjan avulla. Kamado Comfy -grillit on suunniteltu n\u00e4ytt\u00e4m\u00e4\u00e4n modernilta ja tyylikk\u00e4\u00e4lt\u00e4 kotisi vieress\u00e4 ja yll\u00e4tt\u00e4m\u00e4\u00e4n sinut samalla suorituskyvyll\u00e4\u00e4n. Mehev\u00e4\u00e4 lihaa, karamellisoituja vihanneksia, rapeita leivonnaisia &#8211; Dreamfire Kamado Comfy -grilleill\u00e4 vain mielikuvituksesi on rajana! Kaikilla grilleill\u00e4 on rajoitettu elinik\u00e4inen takuu!   <\/p>\n","protected":false},"featured_media":23520,"comment_status":"open","ping_status":"closed","template":"","meta":[],"product_brand":[192],"product_cat":[782,781],"product_tag":[],"class_list":{"0":"post-23514","1":"product","2":"type-product","3":"status-publish","4":"has-post-thumbnail","6":"product_brand-dreamfire","7":"product_cat-kamado-uunit","8":"product_cat-uunit","9":"product_shipping_class-ilmainen-toimitus","11":"first","12":"instock","13":"taxable","14":"shipping-taxable","15":"purchasable","16":"product-type-variable"},"yoast_head":"<!-- This site is optimized with the Yoast SEO plugin v27.4 - https:\/\/yoast.com\/product\/yoast-seo-wordpress\/ -->\n<title>Kamado Comfy - Dreamfire\u00ae - BBQ \u00c4ssad<\/title>\n<meta name=\"description\" content=\"Kamado Comfy - Kamado Comfy -grillit on suunniteltu n\u00e4ytt\u00e4m\u00e4\u00e4n modernilta ja tyylikk\u00e4\u00e4lt\u00e4 kotisi vieress\u00e4 ja samalla yll\u00e4tt\u00e4m\u00e4\u00e4n sinut kyvyll\u00e4\u00e4n...\" \/>\n<meta name=\"robots\" content=\"index, follow, max-snippet:-1, max-image-preview:large, max-video-preview:-1\" \/>\n<link rel=\"canonical\" href=\"https:\/\/bbqassad.ee\/fi\/toode\/kamado-comfy-dreamfire-2\/\" \/>\n<meta property=\"og:locale\" content=\"fi_FI\" \/>\n<meta property=\"og:type\" content=\"article\" \/>\n<meta property=\"og:title\" content=\"Kamado Comfy - Dreamfire\u00ae\" \/>\n<meta property=\"og:description\" content=\"Kamado Comfy - Kamado Comfy -grillit on suunniteltu n\u00e4ytt\u00e4m\u00e4\u00e4n modernilta ja tyylikk\u00e4\u00e4lt\u00e4 kotisi vieress\u00e4 ja samalla yll\u00e4tt\u00e4m\u00e4\u00e4n sinut kyvyll\u00e4\u00e4n...\" \/>\n<meta property=\"og:url\" content=\"https:\/\/bbqassad.ee\/fi\/toode\/kamado-comfy-dreamfire-2\/\" \/>\n<meta property=\"og:site_name\" content=\"BBQ \u00c4ssad\" \/>\n<meta property=\"article:publisher\" content=\"https:\/\/www.facebook.com\/bbqassad\" \/>\n<meta property=\"article:modified_time\" content=\"2026-04-14T06:34:13+00:00\" \/>\n<meta property=\"og:image\" content=\"https:\/\/bbqassad.ee\/wp-content\/uploads\/2023\/09\/Dreamfire-Kamado-Comfy-Max-1-300x300.jpg\" \/>\n<meta name=\"twitter:card\" content=\"summary_large_image\" \/>\n<meta name=\"twitter:label1\" content=\"Arvioitu lukuaika\" \/>\n\t<meta name=\"twitter:data1\" content=\"3 minuuttia\" \/>\n<script type=\"application\/ld+json\" class=\"yoast-schema-graph\">{\"@context\":\"https:\\\/\\\/schema.org\",\"@graph\":[{\"@type\":\"WebPage\",\"@id\":\"https:\\\/\\\/bbqassad.ee\\\/fi\\\/toode\\\/kamado-comfy-dreamfire-2\\\/\",\"url\":\"https:\\\/\\\/bbqassad.ee\\\/fi\\\/toode\\\/kamado-comfy-dreamfire-2\\\/\",\"name\":\"Kamado Comfy - Dreamfire\u00ae - BBQ \u00c4ssad\",\"isPartOf\":{\"@id\":\"https:\\\/\\\/bbqassad.ee\\\/fi\\\/#website\"},\"primaryImageOfPage\":{\"@id\":\"https:\\\/\\\/bbqassad.ee\\\/fi\\\/toode\\\/kamado-comfy-dreamfire-2\\\/#primaryimage\"},\"image\":{\"@id\":\"https:\\\/\\\/bbqassad.ee\\\/fi\\\/toode\\\/kamado-comfy-dreamfire-2\\\/#primaryimage\"},\"thumbnailUrl\":\"https:\\\/\\\/bbqassad.ee\\\/wp-content\\\/uploads\\\/2022\\\/11\\\/8.webp\",\"datePublished\":\"2022-11-18T13:51:14+00:00\",\"dateModified\":\"2026-04-14T06:34:13+00:00\",\"description\":\"Kamado Comfy - Kamado Comfy -grillit on suunniteltu n\u00e4ytt\u00e4m\u00e4\u00e4n modernilta ja tyylikk\u00e4\u00e4lt\u00e4 kotisi vieress\u00e4 ja samalla yll\u00e4tt\u00e4m\u00e4\u00e4n sinut kyvyll\u00e4\u00e4n...\",\"breadcrumb\":{\"@id\":\"https:\\\/\\\/bbqassad.ee\\\/fi\\\/toode\\\/kamado-comfy-dreamfire-2\\\/#breadcrumb\"},\"inLanguage\":\"fi\",\"potentialAction\":[{\"@type\":\"ReadAction\",\"target\":[\"https:\\\/\\\/bbqassad.ee\\\/fi\\\/toode\\\/kamado-comfy-dreamfire-2\\\/\"]}]},{\"@type\":\"ImageObject\",\"inLanguage\":\"fi\",\"@id\":\"https:\\\/\\\/bbqassad.ee\\\/fi\\\/toode\\\/kamado-comfy-dreamfire-2\\\/#primaryimage\",\"url\":\"https:\\\/\\\/bbqassad.ee\\\/wp-content\\\/uploads\\\/2022\\\/11\\\/8.webp\",\"contentUrl\":\"https:\\\/\\\/bbqassad.ee\\\/wp-content\\\/uploads\\\/2022\\\/11\\\/8.webp\",\"width\":940,\"height\":788,\"caption\":\"Kamado Comfy Must\"},{\"@type\":\"BreadcrumbList\",\"@id\":\"https:\\\/\\\/bbqassad.ee\\\/fi\\\/toode\\\/kamado-comfy-dreamfire-2\\\/#breadcrumb\",\"itemListElement\":[{\"@type\":\"ListItem\",\"position\":1,\"name\":\"Home\",\"item\":\"https:\\\/\\\/bbqassad.ee\\\/fi\\\/bbq-assat\\\/\"},{\"@type\":\"ListItem\",\"position\":2,\"name\":\"Verkkokauppa\",\"item\":\"https:\\\/\\\/bbqassad.ee\\\/fi\\\/verkkokauppa\\\/\"},{\"@type\":\"ListItem\",\"position\":3,\"name\":\"Kamado Comfy &#8211; Dreamfire\u00ae\"}]},{\"@type\":\"WebSite\",\"@id\":\"https:\\\/\\\/bbqassad.ee\\\/fi\\\/#website\",\"url\":\"https:\\\/\\\/bbqassad.ee\\\/fi\\\/\",\"name\":\"BBQ \u00c4ssad\",\"description\":\"BBQ maitseained, kastmed, ahjud\",\"publisher\":{\"@id\":\"https:\\\/\\\/bbqassad.ee\\\/fi\\\/#organization\"},\"potentialAction\":[{\"@type\":\"SearchAction\",\"target\":{\"@type\":\"EntryPoint\",\"urlTemplate\":\"https:\\\/\\\/bbqassad.ee\\\/fi\\\/?s={search_term_string}\"},\"query-input\":{\"@type\":\"PropertyValueSpecification\",\"valueRequired\":true,\"valueName\":\"search_term_string\"}}],\"inLanguage\":\"fi\"},{\"@type\":\"Organization\",\"@id\":\"https:\\\/\\\/bbqassad.ee\\\/fi\\\/#organization\",\"name\":\"BBQ \u00c4ssad\",\"url\":\"https:\\\/\\\/bbqassad.ee\\\/fi\\\/\",\"logo\":{\"@type\":\"ImageObject\",\"inLanguage\":\"fi\",\"@id\":\"https:\\\/\\\/bbqassad.ee\\\/fi\\\/#\\\/schema\\\/logo\\\/image\\\/\",\"url\":\"https:\\\/\\\/bbqassad.ee\\\/wp-content\\\/uploads\\\/2022\\\/10\\\/BBQ-2ssadlogo.png\",\"contentUrl\":\"https:\\\/\\\/bbqassad.ee\\\/wp-content\\\/uploads\\\/2022\\\/10\\\/BBQ-2ssadlogo.png\",\"width\":1080,\"height\":1080,\"caption\":\"BBQ \u00c4ssad\"},\"image\":{\"@id\":\"https:\\\/\\\/bbqassad.ee\\\/fi\\\/#\\\/schema\\\/logo\\\/image\\\/\"},\"sameAs\":[\"https:\\\/\\\/www.facebook.com\\\/bbqassad\",\"https:\\\/\\\/www.youtube.com\\\/channel\\\/UCsoufn49J6TVi9Ah9meE93w\"]}]}<\/script>\n<!-- \/ Yoast SEO plugin. -->","yoast_head_json":{"title":"Kamado Comfy - Dreamfire\u00ae - BBQ \u00c4ssad","description":"Kamado Comfy - Kamado Comfy -grillit on suunniteltu n\u00e4ytt\u00e4m\u00e4\u00e4n modernilta ja tyylikk\u00e4\u00e4lt\u00e4 kotisi vieress\u00e4 ja samalla yll\u00e4tt\u00e4m\u00e4\u00e4n sinut kyvyll\u00e4\u00e4n...","robots":{"index":"index","follow":"follow","max-snippet":"max-snippet:-1","max-image-preview":"max-image-preview:large","max-video-preview":"max-video-preview:-1"},"canonical":"https:\/\/bbqassad.ee\/fi\/toode\/kamado-comfy-dreamfire-2\/","og_locale":"fi_FI","og_type":"article","og_title":"Kamado Comfy - Dreamfire\u00ae","og_description":"Kamado Comfy - Kamado Comfy -grillit on suunniteltu n\u00e4ytt\u00e4m\u00e4\u00e4n modernilta ja tyylikk\u00e4\u00e4lt\u00e4 kotisi vieress\u00e4 ja samalla yll\u00e4tt\u00e4m\u00e4\u00e4n sinut kyvyll\u00e4\u00e4n...","og_url":"https:\/\/bbqassad.ee\/fi\/toode\/kamado-comfy-dreamfire-2\/","og_site_name":"BBQ \u00c4ssad","article_publisher":"https:\/\/www.facebook.com\/bbqassad","article_modified_time":"2026-04-14T06:34:13+00:00","og_image":[{"url":"https:\/\/bbqassad.ee\/wp-content\/uploads\/2023\/09\/Dreamfire-Kamado-Comfy-Max-1-300x300.jpg","type":"","width":"","height":""}],"twitter_card":"summary_large_image","twitter_misc":{"Arvioitu lukuaika":"3 minuuttia"},"schema":{"@context":"https:\/\/schema.org","@graph":[{"@type":"WebPage","@id":"https:\/\/bbqassad.ee\/fi\/toode\/kamado-comfy-dreamfire-2\/","url":"https:\/\/bbqassad.ee\/fi\/toode\/kamado-comfy-dreamfire-2\/","name":"Kamado Comfy - Dreamfire\u00ae - BBQ \u00c4ssad","isPartOf":{"@id":"https:\/\/bbqassad.ee\/fi\/#website"},"primaryImageOfPage":{"@id":"https:\/\/bbqassad.ee\/fi\/toode\/kamado-comfy-dreamfire-2\/#primaryimage"},"image":{"@id":"https:\/\/bbqassad.ee\/fi\/toode\/kamado-comfy-dreamfire-2\/#primaryimage"},"thumbnailUrl":"https:\/\/bbqassad.ee\/wp-content\/uploads\/2022\/11\/8.webp","datePublished":"2022-11-18T13:51:14+00:00","dateModified":"2026-04-14T06:34:13+00:00","description":"Kamado Comfy - Kamado Comfy -grillit on suunniteltu n\u00e4ytt\u00e4m\u00e4\u00e4n modernilta ja tyylikk\u00e4\u00e4lt\u00e4 kotisi vieress\u00e4 ja samalla yll\u00e4tt\u00e4m\u00e4\u00e4n sinut kyvyll\u00e4\u00e4n...","breadcrumb":{"@id":"https:\/\/bbqassad.ee\/fi\/toode\/kamado-comfy-dreamfire-2\/#breadcrumb"},"inLanguage":"fi","potentialAction":[{"@type":"ReadAction","target":["https:\/\/bbqassad.ee\/fi\/toode\/kamado-comfy-dreamfire-2\/"]}]},{"@type":"ImageObject","inLanguage":"fi","@id":"https:\/\/bbqassad.ee\/fi\/toode\/kamado-comfy-dreamfire-2\/#primaryimage","url":"https:\/\/bbqassad.ee\/wp-content\/uploads\/2022\/11\/8.webp","contentUrl":"https:\/\/bbqassad.ee\/wp-content\/uploads\/2022\/11\/8.webp","width":940,"height":788,"caption":"Kamado Comfy Must"},{"@type":"BreadcrumbList","@id":"https:\/\/bbqassad.ee\/fi\/toode\/kamado-comfy-dreamfire-2\/#breadcrumb","itemListElement":[{"@type":"ListItem","position":1,"name":"Home","item":"https:\/\/bbqassad.ee\/fi\/bbq-assat\/"},{"@type":"ListItem","position":2,"name":"Verkkokauppa","item":"https:\/\/bbqassad.ee\/fi\/verkkokauppa\/"},{"@type":"ListItem","position":3,"name":"Kamado Comfy &#8211; Dreamfire\u00ae"}]},{"@type":"WebSite","@id":"https:\/\/bbqassad.ee\/fi\/#website","url":"https:\/\/bbqassad.ee\/fi\/","name":"BBQ \u00c4ssad","description":"BBQ maitseained, kastmed, ahjud","publisher":{"@id":"https:\/\/bbqassad.ee\/fi\/#organization"},"potentialAction":[{"@type":"SearchAction","target":{"@type":"EntryPoint","urlTemplate":"https:\/\/bbqassad.ee\/fi\/?s={search_term_string}"},"query-input":{"@type":"PropertyValueSpecification","valueRequired":true,"valueName":"search_term_string"}}],"inLanguage":"fi"},{"@type":"Organization","@id":"https:\/\/bbqassad.ee\/fi\/#organization","name":"BBQ \u00c4ssad","url":"https:\/\/bbqassad.ee\/fi\/","logo":{"@type":"ImageObject","inLanguage":"fi","@id":"https:\/\/bbqassad.ee\/fi\/#\/schema\/logo\/image\/","url":"https:\/\/bbqassad.ee\/wp-content\/uploads\/2022\/10\/BBQ-2ssadlogo.png","contentUrl":"https:\/\/bbqassad.ee\/wp-content\/uploads\/2022\/10\/BBQ-2ssadlogo.png","width":1080,"height":1080,"caption":"BBQ \u00c4ssad"},"image":{"@id":"https:\/\/bbqassad.ee\/fi\/#\/schema\/logo\/image\/"},"sameAs":["https:\/\/www.facebook.com\/bbqassad","https:\/\/www.youtube.com\/channel\/UCsoufn49J6TVi9Ah9meE93w"]}]}},"_links":{"self":[{"href":"https:\/\/bbqassad.ee\/fi\/wp-json\/wp\/v2\/product\/23514","targetHints":{"allow":["GET"]}}],"collection":[{"href":"https:\/\/bbqassad.ee\/fi\/wp-json\/wp\/v2\/product"}],"about":[{"href":"https:\/\/bbqassad.ee\/fi\/wp-json\/wp\/v2\/types\/product"}],"replies":[{"embeddable":true,"href":"https:\/\/bbqassad.ee\/fi\/wp-json\/wp\/v2\/comments?post=23514"}],"wp:featuredmedia":[{"embeddable":true,"href":"https:\/\/bbqassad.ee\/fi\/wp-json\/wp\/v2\/media\/23520"}],"wp:attachment":[{"href":"https:\/\/bbqassad.ee\/fi\/wp-json\/wp\/v2\/media?parent=23514"}],"wp:term":[{"taxonomy":"product_brand","embeddable":true,"href":"https:\/\/bbqassad.ee\/fi\/wp-json\/wp\/v2\/product_brand?post=23514"},{"taxonomy":"product_cat","embeddable":true,"href":"https:\/\/bbqassad.ee\/fi\/wp-json\/wp\/v2\/product_cat?post=23514"},{"taxonomy":"product_tag","embeddable":true,"href":"https:\/\/bbqassad.ee\/fi\/wp-json\/wp\/v2\/product_tag?post=23514"}],"curies":[{"name":"wp","href":"https:\/\/api.w.org\/{rel}","templated":true}]}}