{"id":23513,"date":"2022-11-18T16:40:15","date_gmt":"2022-11-18T16:40:15","guid":{"rendered":"https:\/\/bbqassad.ee\/toode\/mausteseos-eat-most-powerful-stuff\/"},"modified":"2026-04-14T06:34:08","modified_gmt":"2026-04-14T06:34:08","slug":"mausteseos-eat-most-powerful-stuff","status":"publish","type":"product","link":"https:\/\/bbqassad.ee\/fi\/toode\/mausteseos-eat-most-powerful-stuff\/","title":{"rendered":"EAT BBQ Most Powerful Stuff"},"content":{"rendered":"<p>EAT Most Powerful stuff &#8211; Mies t\u00e4m\u00e4n BBQ rubin takana on yht\u00e4 kova kuin Rod Gray. H\u00e4n on KCBS:n nykyinen johtaja, mutta sit\u00e4 ennen h\u00e4n johti omaa Pellet Envy -tiimi\u00e4\u00e4n, joka voitti kaikki t\u00e4rkeimm\u00e4t kilpailut ja tuli my\u00f6s tunnetuksi, kun se voitti BBQ Pitmasters -tv-sarjan. Rod ei kutsu t\u00e4t\u00e4 rubia mahtavaksi aineeksi, sen kanssa pit\u00e4\u00e4 olla varovainen, oikealla m\u00e4\u00e4r\u00e4ll\u00e4 saa maailman parasta lihaa, liika saa suupielet vet\u00e4m\u00e4\u00e4n.  <\/p>\n<h2>BBQ Aces kommentti<\/h2>\n<p>EAT Most Powerful stuff on tarkoitettu niille, jotka eiv\u00e4t halua vain makeutta, vaan odottavat my\u00f6s mukavaa pamahdusta &#8221;kuuman&#8221; kielen takaosaan. T\u00e4m\u00e4n kanssa on oltava varovainen, jos ei pid\u00e4 mausteisista jutuista. <\/p>\n<h2>Ammattilaisen vinkki<\/h2>\n<p>Voit k\u00e4ytt\u00e4\u00e4 sit\u00e4 esimerkiksi kylkiluiden toisena hierontana tai laittaa sit\u00e4 ensin lempilihallesi ja sitten t\u00e4lle, jotta se antaa sille hieman mausteisuutta ja lis\u00e4\u00e4 makua.<\/p>\n","protected":false},"excerpt":{"rendered":"<p>Valmistaja: EAT BBQ<br \/>\nPaino: 201g<br \/>\nAinesosat: suola, sokeri, mausteet (mm. chilit ja sinappi), ruskea sokeri, mononatriumglutamaatti, paprika, kuivattu valkosipuli ja sipuli, valkosipulijauhe.<\/p>\n","protected":false},"featured_media":24698,"comment_status":"open","ping_status":"closed","template":"","meta":[],"product_brand":[],"product_cat":[802],"product_tag":[791,790,803,789],"class_list":{"0":"post-23513","1":"product","2":"type-product","3":"status-publish","4":"has-post-thumbnail","6":"product_cat-sekoitukset","7":"product_tag-kala","8":"product_tag-kana","9":"product_tag-karja","10":"product_tag-sika","12":"first","13":"outofstock","14":"taxable","15":"shipping-taxable","16":"purchasable","17":"product-type-simple"},"yoast_head":"<!-- This site is optimized with the Yoast SEO plugin v27.4 - https:\/\/yoast.com\/product\/yoast-seo-wordpress\/ -->\n<title>EAT BBQ Most Powerful Stuff - BBQ \u00c4ssad%<\/title>\n<meta name=\"description\" content=\"EAT Most Powerful on tarkoitettu niille, jotka eiv\u00e4t halua pelkk\u00e4\u00e4 makeutta, vaan my\u00f6s mukavan paukahduksen &quot;kuuman&quot; kielen takaosaan.\" \/>\n<meta name=\"robots\" content=\"index, follow, max-snippet:-1, max-image-preview:large, max-video-preview:-1\" \/>\n<link rel=\"canonical\" href=\"https:\/\/bbqassad.ee\/fi\/toode\/mausteseos-eat-most-powerful-stuff\/\" \/>\n<meta property=\"og:locale\" content=\"fi_FI\" \/>\n<meta property=\"og:type\" content=\"article\" \/>\n<meta property=\"og:title\" content=\"EAT BBQ Most Powerful Stuff - BBQ \u00c4ssad%\" \/>\n<meta property=\"og:description\" content=\"EAT Most Powerful on tarkoitettu niille, jotka eiv\u00e4t halua pelkk\u00e4\u00e4 makeutta, vaan my\u00f6s mukavan paukahduksen &quot;kuuman&quot; kielen takaosaan.\" \/>\n<meta property=\"og:url\" content=\"https:\/\/bbqassad.ee\/fi\/toode\/mausteseos-eat-most-powerful-stuff\/\" \/>\n<meta property=\"og:site_name\" content=\"BBQ \u00c4ssad\" \/>\n<meta property=\"article:publisher\" content=\"https:\/\/www.facebook.com\/bbqassad\" \/>\n<meta property=\"article:modified_time\" content=\"2026-04-14T06:34:08+00:00\" \/>\n<meta property=\"og:image\" content=\"https:\/\/bbqassad.ee\/wp-content\/uploads\/2022\/11\/BBQAssad-TheMostPowerfulStuff.webp\" \/>\n\t<meta property=\"og:image:width\" content=\"800\" \/>\n\t<meta property=\"og:image:height\" content=\"800\" \/>\n\t<meta property=\"og:image:type\" content=\"image\/webp\" \/>\n<meta name=\"twitter:card\" content=\"summary_large_image\" \/>\n<meta name=\"twitter:label1\" content=\"Arvioitu lukuaika\" \/>\n\t<meta name=\"twitter:data1\" content=\"1 minuutti\" \/>\n<script type=\"application\/ld+json\" class=\"yoast-schema-graph\">{\"@context\":\"https:\\\/\\\/schema.org\",\"@graph\":[{\"@type\":\"WebPage\",\"@id\":\"https:\\\/\\\/bbqassad.ee\\\/fi\\\/toode\\\/mausteseos-eat-most-powerful-stuff\\\/\",\"url\":\"https:\\\/\\\/bbqassad.ee\\\/fi\\\/toode\\\/mausteseos-eat-most-powerful-stuff\\\/\",\"name\":\"EAT BBQ Most Powerful Stuff - BBQ \u00c4ssad%\",\"isPartOf\":{\"@id\":\"https:\\\/\\\/bbqassad.ee\\\/fi\\\/#website\"},\"primaryImageOfPage\":{\"@id\":\"https:\\\/\\\/bbqassad.ee\\\/fi\\\/toode\\\/mausteseos-eat-most-powerful-stuff\\\/#primaryimage\"},\"image\":{\"@id\":\"https:\\\/\\\/bbqassad.ee\\\/fi\\\/toode\\\/mausteseos-eat-most-powerful-stuff\\\/#primaryimage\"},\"thumbnailUrl\":\"https:\\\/\\\/bbqassad.ee\\\/wp-content\\\/uploads\\\/2022\\\/11\\\/BBQAssad-TheMostPowerfulStuff.webp\",\"datePublished\":\"2022-11-18T16:40:15+00:00\",\"dateModified\":\"2026-04-14T06:34:08+00:00\",\"description\":\"EAT Most Powerful on tarkoitettu niille, jotka eiv\u00e4t halua pelkk\u00e4\u00e4 makeutta, vaan my\u00f6s mukavan paukahduksen \\\"kuuman\\\" kielen takaosaan.\",\"breadcrumb\":{\"@id\":\"https:\\\/\\\/bbqassad.ee\\\/fi\\\/toode\\\/mausteseos-eat-most-powerful-stuff\\\/#breadcrumb\"},\"inLanguage\":\"fi\",\"potentialAction\":[{\"@type\":\"ReadAction\",\"target\":[\"https:\\\/\\\/bbqassad.ee\\\/fi\\\/toode\\\/mausteseos-eat-most-powerful-stuff\\\/\"]}]},{\"@type\":\"ImageObject\",\"inLanguage\":\"fi\",\"@id\":\"https:\\\/\\\/bbqassad.ee\\\/fi\\\/toode\\\/mausteseos-eat-most-powerful-stuff\\\/#primaryimage\",\"url\":\"https:\\\/\\\/bbqassad.ee\\\/wp-content\\\/uploads\\\/2022\\\/11\\\/BBQAssad-TheMostPowerfulStuff.webp\",\"contentUrl\":\"https:\\\/\\\/bbqassad.ee\\\/wp-content\\\/uploads\\\/2022\\\/11\\\/BBQAssad-TheMostPowerfulStuff.webp\",\"width\":800,\"height\":800,\"caption\":\"Maitseainesegu EAT Most Powerful stuff\"},{\"@type\":\"BreadcrumbList\",\"@id\":\"https:\\\/\\\/bbqassad.ee\\\/fi\\\/toode\\\/mausteseos-eat-most-powerful-stuff\\\/#breadcrumb\",\"itemListElement\":[{\"@type\":\"ListItem\",\"position\":1,\"name\":\"Home\",\"item\":\"https:\\\/\\\/bbqassad.ee\\\/fi\\\/bbq-assat\\\/\"},{\"@type\":\"ListItem\",\"position\":2,\"name\":\"Verkkokauppa\",\"item\":\"https:\\\/\\\/bbqassad.ee\\\/fi\\\/verkkokauppa\\\/\"},{\"@type\":\"ListItem\",\"position\":3,\"name\":\"EAT BBQ Most Powerful Stuff\"}]},{\"@type\":\"WebSite\",\"@id\":\"https:\\\/\\\/bbqassad.ee\\\/fi\\\/#website\",\"url\":\"https:\\\/\\\/bbqassad.ee\\\/fi\\\/\",\"name\":\"BBQ \u00c4ssad\",\"description\":\"BBQ maitseained, kastmed, ahjud\",\"publisher\":{\"@id\":\"https:\\\/\\\/bbqassad.ee\\\/fi\\\/#organization\"},\"potentialAction\":[{\"@type\":\"SearchAction\",\"target\":{\"@type\":\"EntryPoint\",\"urlTemplate\":\"https:\\\/\\\/bbqassad.ee\\\/fi\\\/?s={search_term_string}\"},\"query-input\":{\"@type\":\"PropertyValueSpecification\",\"valueRequired\":true,\"valueName\":\"search_term_string\"}}],\"inLanguage\":\"fi\"},{\"@type\":\"Organization\",\"@id\":\"https:\\\/\\\/bbqassad.ee\\\/fi\\\/#organization\",\"name\":\"BBQ \u00c4ssad\",\"url\":\"https:\\\/\\\/bbqassad.ee\\\/fi\\\/\",\"logo\":{\"@type\":\"ImageObject\",\"inLanguage\":\"fi\",\"@id\":\"https:\\\/\\\/bbqassad.ee\\\/fi\\\/#\\\/schema\\\/logo\\\/image\\\/\",\"url\":\"https:\\\/\\\/bbqassad.ee\\\/wp-content\\\/uploads\\\/2022\\\/10\\\/BBQ-2ssadlogo.png\",\"contentUrl\":\"https:\\\/\\\/bbqassad.ee\\\/wp-content\\\/uploads\\\/2022\\\/10\\\/BBQ-2ssadlogo.png\",\"width\":1080,\"height\":1080,\"caption\":\"BBQ \u00c4ssad\"},\"image\":{\"@id\":\"https:\\\/\\\/bbqassad.ee\\\/fi\\\/#\\\/schema\\\/logo\\\/image\\\/\"},\"sameAs\":[\"https:\\\/\\\/www.facebook.com\\\/bbqassad\",\"https:\\\/\\\/www.youtube.com\\\/channel\\\/UCsoufn49J6TVi9Ah9meE93w\"]}]}<\/script>\n<!-- \/ Yoast SEO plugin. -->","yoast_head_json":{"title":"EAT BBQ Most Powerful Stuff - BBQ \u00c4ssad%","description":"EAT Most Powerful on tarkoitettu niille, jotka eiv\u00e4t halua pelkk\u00e4\u00e4 makeutta, vaan my\u00f6s mukavan paukahduksen \"kuuman\" kielen takaosaan.","robots":{"index":"index","follow":"follow","max-snippet":"max-snippet:-1","max-image-preview":"max-image-preview:large","max-video-preview":"max-video-preview:-1"},"canonical":"https:\/\/bbqassad.ee\/fi\/toode\/mausteseos-eat-most-powerful-stuff\/","og_locale":"fi_FI","og_type":"article","og_title":"EAT BBQ Most Powerful Stuff - BBQ \u00c4ssad%","og_description":"EAT Most Powerful on tarkoitettu niille, jotka eiv\u00e4t halua pelkk\u00e4\u00e4 makeutta, vaan my\u00f6s mukavan paukahduksen \"kuuman\" kielen takaosaan.","og_url":"https:\/\/bbqassad.ee\/fi\/toode\/mausteseos-eat-most-powerful-stuff\/","og_site_name":"BBQ \u00c4ssad","article_publisher":"https:\/\/www.facebook.com\/bbqassad","article_modified_time":"2026-04-14T06:34:08+00:00","og_image":[{"width":800,"height":800,"url":"https:\/\/bbqassad.ee\/wp-content\/uploads\/2022\/11\/BBQAssad-TheMostPowerfulStuff.webp","type":"image\/webp"}],"twitter_card":"summary_large_image","twitter_misc":{"Arvioitu lukuaika":"1 minuutti"},"schema":{"@context":"https:\/\/schema.org","@graph":[{"@type":"WebPage","@id":"https:\/\/bbqassad.ee\/fi\/toode\/mausteseos-eat-most-powerful-stuff\/","url":"https:\/\/bbqassad.ee\/fi\/toode\/mausteseos-eat-most-powerful-stuff\/","name":"EAT BBQ Most Powerful Stuff - BBQ \u00c4ssad%","isPartOf":{"@id":"https:\/\/bbqassad.ee\/fi\/#website"},"primaryImageOfPage":{"@id":"https:\/\/bbqassad.ee\/fi\/toode\/mausteseos-eat-most-powerful-stuff\/#primaryimage"},"image":{"@id":"https:\/\/bbqassad.ee\/fi\/toode\/mausteseos-eat-most-powerful-stuff\/#primaryimage"},"thumbnailUrl":"https:\/\/bbqassad.ee\/wp-content\/uploads\/2022\/11\/BBQAssad-TheMostPowerfulStuff.webp","datePublished":"2022-11-18T16:40:15+00:00","dateModified":"2026-04-14T06:34:08+00:00","description":"EAT Most Powerful on tarkoitettu niille, jotka eiv\u00e4t halua pelkk\u00e4\u00e4 makeutta, vaan my\u00f6s mukavan paukahduksen \"kuuman\" kielen takaosaan.","breadcrumb":{"@id":"https:\/\/bbqassad.ee\/fi\/toode\/mausteseos-eat-most-powerful-stuff\/#breadcrumb"},"inLanguage":"fi","potentialAction":[{"@type":"ReadAction","target":["https:\/\/bbqassad.ee\/fi\/toode\/mausteseos-eat-most-powerful-stuff\/"]}]},{"@type":"ImageObject","inLanguage":"fi","@id":"https:\/\/bbqassad.ee\/fi\/toode\/mausteseos-eat-most-powerful-stuff\/#primaryimage","url":"https:\/\/bbqassad.ee\/wp-content\/uploads\/2022\/11\/BBQAssad-TheMostPowerfulStuff.webp","contentUrl":"https:\/\/bbqassad.ee\/wp-content\/uploads\/2022\/11\/BBQAssad-TheMostPowerfulStuff.webp","width":800,"height":800,"caption":"Maitseainesegu EAT Most Powerful stuff"},{"@type":"BreadcrumbList","@id":"https:\/\/bbqassad.ee\/fi\/toode\/mausteseos-eat-most-powerful-stuff\/#breadcrumb","itemListElement":[{"@type":"ListItem","position":1,"name":"Home","item":"https:\/\/bbqassad.ee\/fi\/bbq-assat\/"},{"@type":"ListItem","position":2,"name":"Verkkokauppa","item":"https:\/\/bbqassad.ee\/fi\/verkkokauppa\/"},{"@type":"ListItem","position":3,"name":"EAT BBQ Most Powerful Stuff"}]},{"@type":"WebSite","@id":"https:\/\/bbqassad.ee\/fi\/#website","url":"https:\/\/bbqassad.ee\/fi\/","name":"BBQ \u00c4ssad","description":"BBQ maitseained, kastmed, ahjud","publisher":{"@id":"https:\/\/bbqassad.ee\/fi\/#organization"},"potentialAction":[{"@type":"SearchAction","target":{"@type":"EntryPoint","urlTemplate":"https:\/\/bbqassad.ee\/fi\/?s={search_term_string}"},"query-input":{"@type":"PropertyValueSpecification","valueRequired":true,"valueName":"search_term_string"}}],"inLanguage":"fi"},{"@type":"Organization","@id":"https:\/\/bbqassad.ee\/fi\/#organization","name":"BBQ \u00c4ssad","url":"https:\/\/bbqassad.ee\/fi\/","logo":{"@type":"ImageObject","inLanguage":"fi","@id":"https:\/\/bbqassad.ee\/fi\/#\/schema\/logo\/image\/","url":"https:\/\/bbqassad.ee\/wp-content\/uploads\/2022\/10\/BBQ-2ssadlogo.png","contentUrl":"https:\/\/bbqassad.ee\/wp-content\/uploads\/2022\/10\/BBQ-2ssadlogo.png","width":1080,"height":1080,"caption":"BBQ \u00c4ssad"},"image":{"@id":"https:\/\/bbqassad.ee\/fi\/#\/schema\/logo\/image\/"},"sameAs":["https:\/\/www.facebook.com\/bbqassad","https:\/\/www.youtube.com\/channel\/UCsoufn49J6TVi9Ah9meE93w"]}]}},"_links":{"self":[{"href":"https:\/\/bbqassad.ee\/fi\/wp-json\/wp\/v2\/product\/23513","targetHints":{"allow":["GET"]}}],"collection":[{"href":"https:\/\/bbqassad.ee\/fi\/wp-json\/wp\/v2\/product"}],"about":[{"href":"https:\/\/bbqassad.ee\/fi\/wp-json\/wp\/v2\/types\/product"}],"replies":[{"embeddable":true,"href":"https:\/\/bbqassad.ee\/fi\/wp-json\/wp\/v2\/comments?post=23513"}],"wp:featuredmedia":[{"embeddable":true,"href":"https:\/\/bbqassad.ee\/fi\/wp-json\/wp\/v2\/media\/24698"}],"wp:attachment":[{"href":"https:\/\/bbqassad.ee\/fi\/wp-json\/wp\/v2\/media?parent=23513"}],"wp:term":[{"taxonomy":"product_brand","embeddable":true,"href":"https:\/\/bbqassad.ee\/fi\/wp-json\/wp\/v2\/product_brand?post=23513"},{"taxonomy":"product_cat","embeddable":true,"href":"https:\/\/bbqassad.ee\/fi\/wp-json\/wp\/v2\/product_cat?post=23513"},{"taxonomy":"product_tag","embeddable":true,"href":"https:\/\/bbqassad.ee\/fi\/wp-json\/wp\/v2\/product_tag?post=23513"}],"curies":[{"name":"wp","href":"https:\/\/api.w.org\/{rel}","templated":true}]}}