{"id":23504,"date":"2022-11-30T17:21:28","date_gmt":"2022-11-30T17:21:28","guid":{"rendered":"https:\/\/bbqassad.ee\/toode\/bad-byrons-butt-rub-mausteseos\/"},"modified":"2026-04-14T06:34:13","modified_gmt":"2026-04-14T06:34:13","slug":"bad-byrons-butt-rub-mausteseos","status":"publish","type":"product","link":"https:\/\/bbqassad.ee\/fi\/toode\/bad-byrons-butt-rub-mausteseos\/","title":{"rendered":"Bad Byron&#8217;s Butt Rub -mausteseos"},"content":{"rendered":"<h2>Butt Rubin maustaminen<\/h2>\n<p>Bad Byron&#8217;s Butt Rub &#8211; Pieni m\u00e4\u00e4r\u00e4 Butt Rubia tekee mist\u00e4 tahansa ruoasta parempaa. Byron&#8217;s Butt Rub tunnetaan kaikkialla maailmassa, ja sit\u00e4 k\u00e4ytt\u00e4v\u00e4t niin tavalliset grillaajat kuin ammattikokitkin. Siin\u00e4 on ainutlaatuinen sekoitus sipulin, valkosipulin, paprikan ja savupaprikan makuja.  <\/p>\n<h3>BBQ Aces kommentti<\/h3>\n<p>Se on nyt hieman mausteinen mauste, jota voidaan lis\u00e4t\u00e4 lihaan muiden mausteiden kanssa. Kuten heid\u00e4n mainoslauseensa on &#8211; pieni Butt Rub tekee kaikesta parempaa. <\/p>\n<h3>Ammattilaisen vinkki<\/h3>\n<p>K\u00e4yt\u00e4 Butt Rubia lis\u00e4\u00e4m\u00e4\u00e4n mausteita ruokaan.<\/p>\n","protected":false},"excerpt":{"rendered":"<p>Valmistaja: Bad Byron&#8217;s Speciality Food Products, Inc<br \/>\nPaino: 737g<br \/>\nAinesosat: suola, pippuri, valkosipuli, sipuli, savustettu jalapeno, luonnollinen paakkuuntumisenestoaine.<\/p>\n","protected":false},"featured_media":22727,"comment_status":"open","ping_status":"closed","template":"","meta":[],"product_brand":[],"product_cat":[802],"product_tag":[791,790,803,789],"class_list":{"0":"post-23504","1":"product","2":"type-product","3":"status-publish","4":"has-post-thumbnail","6":"product_cat-sekoitukset","7":"product_tag-kala","8":"product_tag-kana","9":"product_tag-karja","10":"product_tag-sika","12":"first","13":"instock","14":"taxable","15":"shipping-taxable","16":"purchasable","17":"product-type-simple"},"yoast_head":"<!-- This site is optimized with the Yoast SEO plugin v27.4 - https:\/\/yoast.com\/product\/yoast-seo-wordpress\/ -->\n<title>Bad Byron&#039;s Butt Rub -mausteseos - BBQ \u00c4ssad%<\/title>\n<meta name=\"description\" content=\"Bad Byron&#039;s Butt Rub - Pieni m\u00e4\u00e4r\u00e4 Butt Rubia tekee mist\u00e4 tahansa ruoasta parempaa. Maailmanlaajuisesti tunnettu mausteseos, jota k\u00e4ytt\u00e4v\u00e4t ...\" \/>\n<meta name=\"robots\" content=\"index, follow, max-snippet:-1, max-image-preview:large, max-video-preview:-1\" \/>\n<link rel=\"canonical\" href=\"https:\/\/bbqassad.ee\/fi\/toode\/bad-byrons-butt-rub-mausteseos\/\" \/>\n<meta property=\"og:locale\" content=\"fi_FI\" \/>\n<meta property=\"og:type\" content=\"article\" \/>\n<meta property=\"og:title\" content=\"Bad Byron&#039;s Butt Rub -mausteseos\" \/>\n<meta property=\"og:description\" content=\"Bad Byron&#039;s Butt Rub - Pieni m\u00e4\u00e4r\u00e4 Butt Rubia tekee mist\u00e4 tahansa ruoasta parempaa. Maailmanlaajuisesti tunnettu mausteseos, jota k\u00e4ytt\u00e4v\u00e4t ...\" \/>\n<meta property=\"og:url\" content=\"https:\/\/bbqassad.ee\/fi\/toode\/bad-byrons-butt-rub-mausteseos\/\" \/>\n<meta property=\"og:site_name\" content=\"BBQ \u00c4ssad\" \/>\n<meta property=\"article:publisher\" content=\"https:\/\/www.facebook.com\/bbqassad\" \/>\n<meta property=\"article:modified_time\" content=\"2026-04-14T06:34:13+00:00\" \/>\n<meta property=\"og:image\" content=\"https:\/\/bbqassad.ee\/wp-content\/uploads\/2022\/11\/BadByronButtRub-300x300.webp\" \/>\n<meta name=\"twitter:card\" content=\"summary_large_image\" \/>\n<script type=\"application\/ld+json\" class=\"yoast-schema-graph\">{\"@context\":\"https:\\\/\\\/schema.org\",\"@graph\":[{\"@type\":\"WebPage\",\"@id\":\"https:\\\/\\\/bbqassad.ee\\\/fi\\\/toode\\\/bad-byrons-butt-rub-mausteseos\\\/\",\"url\":\"https:\\\/\\\/bbqassad.ee\\\/fi\\\/toode\\\/bad-byrons-butt-rub-mausteseos\\\/\",\"name\":\"Bad Byron's Butt Rub -mausteseos - BBQ \u00c4ssad%\",\"isPartOf\":{\"@id\":\"https:\\\/\\\/bbqassad.ee\\\/fi\\\/#website\"},\"primaryImageOfPage\":{\"@id\":\"https:\\\/\\\/bbqassad.ee\\\/fi\\\/toode\\\/bad-byrons-butt-rub-mausteseos\\\/#primaryimage\"},\"image\":{\"@id\":\"https:\\\/\\\/bbqassad.ee\\\/fi\\\/toode\\\/bad-byrons-butt-rub-mausteseos\\\/#primaryimage\"},\"thumbnailUrl\":\"https:\\\/\\\/bbqassad.ee\\\/wp-content\\\/uploads\\\/2023\\\/11\\\/Nimetu-kujundus-29-1.png\",\"datePublished\":\"2022-11-30T17:21:28+00:00\",\"dateModified\":\"2026-04-14T06:34:13+00:00\",\"description\":\"Bad Byron's Butt Rub - Pieni m\u00e4\u00e4r\u00e4 Butt Rubia tekee mist\u00e4 tahansa ruoasta parempaa. Maailmanlaajuisesti tunnettu mausteseos, jota k\u00e4ytt\u00e4v\u00e4t ...\",\"breadcrumb\":{\"@id\":\"https:\\\/\\\/bbqassad.ee\\\/fi\\\/toode\\\/bad-byrons-butt-rub-mausteseos\\\/#breadcrumb\"},\"inLanguage\":\"fi\",\"potentialAction\":[{\"@type\":\"ReadAction\",\"target\":[\"https:\\\/\\\/bbqassad.ee\\\/fi\\\/toode\\\/bad-byrons-butt-rub-mausteseos\\\/\"]}]},{\"@type\":\"ImageObject\",\"inLanguage\":\"fi\",\"@id\":\"https:\\\/\\\/bbqassad.ee\\\/fi\\\/toode\\\/bad-byrons-butt-rub-mausteseos\\\/#primaryimage\",\"url\":\"https:\\\/\\\/bbqassad.ee\\\/wp-content\\\/uploads\\\/2023\\\/11\\\/Nimetu-kujundus-29-1.png\",\"contentUrl\":\"https:\\\/\\\/bbqassad.ee\\\/wp-content\\\/uploads\\\/2023\\\/11\\\/Nimetu-kujundus-29-1.png\",\"width\":1080,\"height\":1080},{\"@type\":\"BreadcrumbList\",\"@id\":\"https:\\\/\\\/bbqassad.ee\\\/fi\\\/toode\\\/bad-byrons-butt-rub-mausteseos\\\/#breadcrumb\",\"itemListElement\":[{\"@type\":\"ListItem\",\"position\":1,\"name\":\"Home\",\"item\":\"https:\\\/\\\/bbqassad.ee\\\/fi\\\/bbq-assat\\\/\"},{\"@type\":\"ListItem\",\"position\":2,\"name\":\"Verkkokauppa\",\"item\":\"https:\\\/\\\/bbqassad.ee\\\/fi\\\/verkkokauppa\\\/\"},{\"@type\":\"ListItem\",\"position\":3,\"name\":\"Bad Byron&#8217;s Butt Rub -mausteseos\"}]},{\"@type\":\"WebSite\",\"@id\":\"https:\\\/\\\/bbqassad.ee\\\/fi\\\/#website\",\"url\":\"https:\\\/\\\/bbqassad.ee\\\/fi\\\/\",\"name\":\"BBQ \u00c4ssad\",\"description\":\"BBQ maitseained, kastmed, ahjud\",\"publisher\":{\"@id\":\"https:\\\/\\\/bbqassad.ee\\\/fi\\\/#organization\"},\"potentialAction\":[{\"@type\":\"SearchAction\",\"target\":{\"@type\":\"EntryPoint\",\"urlTemplate\":\"https:\\\/\\\/bbqassad.ee\\\/fi\\\/?s={search_term_string}\"},\"query-input\":{\"@type\":\"PropertyValueSpecification\",\"valueRequired\":true,\"valueName\":\"search_term_string\"}}],\"inLanguage\":\"fi\"},{\"@type\":\"Organization\",\"@id\":\"https:\\\/\\\/bbqassad.ee\\\/fi\\\/#organization\",\"name\":\"BBQ \u00c4ssad\",\"url\":\"https:\\\/\\\/bbqassad.ee\\\/fi\\\/\",\"logo\":{\"@type\":\"ImageObject\",\"inLanguage\":\"fi\",\"@id\":\"https:\\\/\\\/bbqassad.ee\\\/fi\\\/#\\\/schema\\\/logo\\\/image\\\/\",\"url\":\"https:\\\/\\\/bbqassad.ee\\\/wp-content\\\/uploads\\\/2022\\\/10\\\/BBQ-2ssadlogo.png\",\"contentUrl\":\"https:\\\/\\\/bbqassad.ee\\\/wp-content\\\/uploads\\\/2022\\\/10\\\/BBQ-2ssadlogo.png\",\"width\":1080,\"height\":1080,\"caption\":\"BBQ \u00c4ssad\"},\"image\":{\"@id\":\"https:\\\/\\\/bbqassad.ee\\\/fi\\\/#\\\/schema\\\/logo\\\/image\\\/\"},\"sameAs\":[\"https:\\\/\\\/www.facebook.com\\\/bbqassad\",\"https:\\\/\\\/www.youtube.com\\\/channel\\\/UCsoufn49J6TVi9Ah9meE93w\"]}]}<\/script>\n<!-- \/ Yoast SEO plugin. -->","yoast_head_json":{"title":"Bad Byron's Butt Rub -mausteseos - BBQ \u00c4ssad%","description":"Bad Byron's Butt Rub - Pieni m\u00e4\u00e4r\u00e4 Butt Rubia tekee mist\u00e4 tahansa ruoasta parempaa. Maailmanlaajuisesti tunnettu mausteseos, jota k\u00e4ytt\u00e4v\u00e4t ...","robots":{"index":"index","follow":"follow","max-snippet":"max-snippet:-1","max-image-preview":"max-image-preview:large","max-video-preview":"max-video-preview:-1"},"canonical":"https:\/\/bbqassad.ee\/fi\/toode\/bad-byrons-butt-rub-mausteseos\/","og_locale":"fi_FI","og_type":"article","og_title":"Bad Byron's Butt Rub -mausteseos","og_description":"Bad Byron's Butt Rub - Pieni m\u00e4\u00e4r\u00e4 Butt Rubia tekee mist\u00e4 tahansa ruoasta parempaa. Maailmanlaajuisesti tunnettu mausteseos, jota k\u00e4ytt\u00e4v\u00e4t ...","og_url":"https:\/\/bbqassad.ee\/fi\/toode\/bad-byrons-butt-rub-mausteseos\/","og_site_name":"BBQ \u00c4ssad","article_publisher":"https:\/\/www.facebook.com\/bbqassad","article_modified_time":"2026-04-14T06:34:13+00:00","og_image":[{"url":"https:\/\/bbqassad.ee\/wp-content\/uploads\/2022\/11\/BadByronButtRub-300x300.webp","type":"","width":"","height":""}],"twitter_card":"summary_large_image","schema":{"@context":"https:\/\/schema.org","@graph":[{"@type":"WebPage","@id":"https:\/\/bbqassad.ee\/fi\/toode\/bad-byrons-butt-rub-mausteseos\/","url":"https:\/\/bbqassad.ee\/fi\/toode\/bad-byrons-butt-rub-mausteseos\/","name":"Bad Byron's Butt Rub -mausteseos - BBQ \u00c4ssad%","isPartOf":{"@id":"https:\/\/bbqassad.ee\/fi\/#website"},"primaryImageOfPage":{"@id":"https:\/\/bbqassad.ee\/fi\/toode\/bad-byrons-butt-rub-mausteseos\/#primaryimage"},"image":{"@id":"https:\/\/bbqassad.ee\/fi\/toode\/bad-byrons-butt-rub-mausteseos\/#primaryimage"},"thumbnailUrl":"https:\/\/bbqassad.ee\/wp-content\/uploads\/2023\/11\/Nimetu-kujundus-29-1.png","datePublished":"2022-11-30T17:21:28+00:00","dateModified":"2026-04-14T06:34:13+00:00","description":"Bad Byron's Butt Rub - Pieni m\u00e4\u00e4r\u00e4 Butt Rubia tekee mist\u00e4 tahansa ruoasta parempaa. Maailmanlaajuisesti tunnettu mausteseos, jota k\u00e4ytt\u00e4v\u00e4t ...","breadcrumb":{"@id":"https:\/\/bbqassad.ee\/fi\/toode\/bad-byrons-butt-rub-mausteseos\/#breadcrumb"},"inLanguage":"fi","potentialAction":[{"@type":"ReadAction","target":["https:\/\/bbqassad.ee\/fi\/toode\/bad-byrons-butt-rub-mausteseos\/"]}]},{"@type":"ImageObject","inLanguage":"fi","@id":"https:\/\/bbqassad.ee\/fi\/toode\/bad-byrons-butt-rub-mausteseos\/#primaryimage","url":"https:\/\/bbqassad.ee\/wp-content\/uploads\/2023\/11\/Nimetu-kujundus-29-1.png","contentUrl":"https:\/\/bbqassad.ee\/wp-content\/uploads\/2023\/11\/Nimetu-kujundus-29-1.png","width":1080,"height":1080},{"@type":"BreadcrumbList","@id":"https:\/\/bbqassad.ee\/fi\/toode\/bad-byrons-butt-rub-mausteseos\/#breadcrumb","itemListElement":[{"@type":"ListItem","position":1,"name":"Home","item":"https:\/\/bbqassad.ee\/fi\/bbq-assat\/"},{"@type":"ListItem","position":2,"name":"Verkkokauppa","item":"https:\/\/bbqassad.ee\/fi\/verkkokauppa\/"},{"@type":"ListItem","position":3,"name":"Bad Byron&#8217;s Butt Rub -mausteseos"}]},{"@type":"WebSite","@id":"https:\/\/bbqassad.ee\/fi\/#website","url":"https:\/\/bbqassad.ee\/fi\/","name":"BBQ \u00c4ssad","description":"BBQ maitseained, kastmed, ahjud","publisher":{"@id":"https:\/\/bbqassad.ee\/fi\/#organization"},"potentialAction":[{"@type":"SearchAction","target":{"@type":"EntryPoint","urlTemplate":"https:\/\/bbqassad.ee\/fi\/?s={search_term_string}"},"query-input":{"@type":"PropertyValueSpecification","valueRequired":true,"valueName":"search_term_string"}}],"inLanguage":"fi"},{"@type":"Organization","@id":"https:\/\/bbqassad.ee\/fi\/#organization","name":"BBQ \u00c4ssad","url":"https:\/\/bbqassad.ee\/fi\/","logo":{"@type":"ImageObject","inLanguage":"fi","@id":"https:\/\/bbqassad.ee\/fi\/#\/schema\/logo\/image\/","url":"https:\/\/bbqassad.ee\/wp-content\/uploads\/2022\/10\/BBQ-2ssadlogo.png","contentUrl":"https:\/\/bbqassad.ee\/wp-content\/uploads\/2022\/10\/BBQ-2ssadlogo.png","width":1080,"height":1080,"caption":"BBQ \u00c4ssad"},"image":{"@id":"https:\/\/bbqassad.ee\/fi\/#\/schema\/logo\/image\/"},"sameAs":["https:\/\/www.facebook.com\/bbqassad","https:\/\/www.youtube.com\/channel\/UCsoufn49J6TVi9Ah9meE93w"]}]}},"_links":{"self":[{"href":"https:\/\/bbqassad.ee\/fi\/wp-json\/wp\/v2\/product\/23504","targetHints":{"allow":["GET"]}}],"collection":[{"href":"https:\/\/bbqassad.ee\/fi\/wp-json\/wp\/v2\/product"}],"about":[{"href":"https:\/\/bbqassad.ee\/fi\/wp-json\/wp\/v2\/types\/product"}],"replies":[{"embeddable":true,"href":"https:\/\/bbqassad.ee\/fi\/wp-json\/wp\/v2\/comments?post=23504"}],"wp:featuredmedia":[{"embeddable":true,"href":"https:\/\/bbqassad.ee\/fi\/wp-json\/wp\/v2\/media\/22727"}],"wp:attachment":[{"href":"https:\/\/bbqassad.ee\/fi\/wp-json\/wp\/v2\/media?parent=23504"}],"wp:term":[{"taxonomy":"product_brand","embeddable":true,"href":"https:\/\/bbqassad.ee\/fi\/wp-json\/wp\/v2\/product_brand?post=23504"},{"taxonomy":"product_cat","embeddable":true,"href":"https:\/\/bbqassad.ee\/fi\/wp-json\/wp\/v2\/product_cat?post=23504"},{"taxonomy":"product_tag","embeddable":true,"href":"https:\/\/bbqassad.ee\/fi\/wp-json\/wp\/v2\/product_tag?post=23504"}],"curies":[{"name":"wp","href":"https:\/\/api.w.org\/{rel}","templated":true}]}}