{"id":23503,"date":"2022-11-30T17:38:39","date_gmt":"2022-11-30T17:38:39","guid":{"rendered":"https:\/\/bbqassad.ee\/toode\/kosmos-q-honey-killer-bee-mausteseos-mausteena\/"},"modified":"2026-04-14T06:34:08","modified_gmt":"2026-04-14T06:34:08","slug":"kosmos-q-honey-killer-bee-mausteseos-mausteena","status":"publish","type":"product","link":"https:\/\/bbqassad.ee\/fi\/toode\/kosmos-q-honey-killer-bee-mausteseos-mausteena\/","title":{"rendered":"Kosmo&#8217;s Q Honey Killer Bee -mausteseos"},"content":{"rendered":"<h2>Honey Killer Bee -mausteseos<\/h2>\n<p>Kosmos Q Honey Killer Bee &#8211; T\u00e4m\u00e4 makusekoitus antaa sinulle mahdollisuuden lis\u00e4t\u00e4 hunajaisen makuista makua ruokaan. Se oli Kosmos Q:n makein sekoitus luomisajankohtana ja siin\u00e4 on aito hunajan maku. <\/p>\n<h3>BBQ Aces kommentti<\/h3>\n<p>Vaikka se on oletettavasti kaikkein makein, se ei ole myrkyllinen makea rub. Siin\u00e4 on edelleen selv\u00e4\u00e4 suolaisuutta, ja se on jopa enemm\u00e4n suolapohjainen kuin sokeripohjainen. Hunajan maku on selv\u00e4sti l\u00e4sn\u00e4 sekoituksessa, ja n\u00e4in saadaan my\u00f6s lihaan hunajaisempi rakenne.  <\/p>\n<h3>Ammattilaisen vinkki<\/h3>\n<p>K\u00e4yt\u00e4 t\u00e4t\u00e4 hierontaa yhdess\u00e4 muiden hierontojen kanssa lis\u00e4t\u00e4ksesi hunajaa.<\/p>\n","protected":false},"excerpt":{"rendered":"<div>Tuottaja: Kosmos Q<\/div>\n<div>Paino: 374 g<\/div>\n<div>Ainesosat: Sokeri, suola, hunajajauhe, mausteet, paprika, savustettu meksikolainen paprika, dekstroosi, valkosipuli, selleri, enint\u00e4\u00e4n 2 %, piidioksidi kivettymisen est\u00e4miseksi, paprikauute, MSG ja gluteeniton.<\/div>\n","protected":false},"featured_media":23509,"comment_status":"open","ping_status":"closed","template":"","meta":[],"product_brand":[],"product_cat":[802],"product_tag":[791,790,789],"class_list":{"0":"post-23503","1":"product","2":"type-product","3":"status-publish","4":"has-post-thumbnail","6":"product_cat-sekoitukset","7":"product_tag-kala","8":"product_tag-kana","9":"product_tag-sika","11":"first","12":"outofstock","13":"taxable","14":"shipping-taxable","15":"purchasable","16":"product-type-simple"},"yoast_head":"<!-- This site is optimized with the Yoast SEO plugin v27.4 - https:\/\/yoast.com\/product\/yoast-seo-wordpress\/ -->\n<title>Kosmo&#039;s Q Honey Killer Bee -mausteseos - BBQ \u00c4ssad%<\/title>\n<meta name=\"description\" content=\"Kosmos Q Honey Killer Bee - Hunajan maku on selv\u00e4sti havaittavissa sekoituksessa ja se voi my\u00f6s antaa lihalle hunajamaun...\" \/>\n<meta name=\"robots\" content=\"index, follow, max-snippet:-1, max-image-preview:large, max-video-preview:-1\" \/>\n<link rel=\"canonical\" href=\"https:\/\/bbqassad.ee\/fi\/toode\/kosmos-q-honey-killer-bee-mausteseos-mausteena\/\" \/>\n<meta property=\"og:locale\" content=\"fi_FI\" \/>\n<meta property=\"og:type\" content=\"article\" \/>\n<meta property=\"og:title\" content=\"Kosmo&#039;s Q Honey Killer Bee -mausteseos - BBQ \u00c4ssad%\" \/>\n<meta property=\"og:description\" content=\"Kosmos Q Honey Killer Bee - Hunajan maku on selv\u00e4sti havaittavissa sekoituksessa ja se voi my\u00f6s antaa lihalle hunajamaun...\" \/>\n<meta property=\"og:url\" content=\"https:\/\/bbqassad.ee\/fi\/toode\/kosmos-q-honey-killer-bee-mausteseos-mausteena\/\" \/>\n<meta property=\"og:site_name\" content=\"BBQ \u00c4ssad\" \/>\n<meta property=\"article:publisher\" content=\"https:\/\/www.facebook.com\/bbqassad\" \/>\n<meta property=\"article:modified_time\" content=\"2026-04-14T06:34:08+00:00\" \/>\n<meta property=\"og:image\" content=\"https:\/\/bbqassad.ee\/wp-content\/uploads\/2022\/11\/KosmosQ_Honey-killer-bee.webp\" \/>\n\t<meta property=\"og:image:width\" content=\"800\" \/>\n\t<meta property=\"og:image:height\" content=\"800\" \/>\n\t<meta property=\"og:image:type\" content=\"image\/webp\" \/>\n<meta name=\"twitter:card\" content=\"summary_large_image\" \/>\n<script type=\"application\/ld+json\" class=\"yoast-schema-graph\">{\"@context\":\"https:\\\/\\\/schema.org\",\"@graph\":[{\"@type\":\"WebPage\",\"@id\":\"https:\\\/\\\/bbqassad.ee\\\/fi\\\/toode\\\/kosmos-q-honey-killer-bee-mausteseos-mausteena\\\/\",\"url\":\"https:\\\/\\\/bbqassad.ee\\\/fi\\\/toode\\\/kosmos-q-honey-killer-bee-mausteseos-mausteena\\\/\",\"name\":\"Kosmo's Q Honey Killer Bee -mausteseos - BBQ \u00c4ssad%\",\"isPartOf\":{\"@id\":\"https:\\\/\\\/bbqassad.ee\\\/fi\\\/#website\"},\"primaryImageOfPage\":{\"@id\":\"https:\\\/\\\/bbqassad.ee\\\/fi\\\/toode\\\/kosmos-q-honey-killer-bee-mausteseos-mausteena\\\/#primaryimage\"},\"image\":{\"@id\":\"https:\\\/\\\/bbqassad.ee\\\/fi\\\/toode\\\/kosmos-q-honey-killer-bee-mausteseos-mausteena\\\/#primaryimage\"},\"thumbnailUrl\":\"https:\\\/\\\/bbqassad.ee\\\/wp-content\\\/uploads\\\/2022\\\/11\\\/KosmosQ_Honey-killer-bee.webp\",\"datePublished\":\"2022-11-30T17:38:39+00:00\",\"dateModified\":\"2026-04-14T06:34:08+00:00\",\"description\":\"Kosmos Q Honey Killer Bee - Hunajan maku on selv\u00e4sti havaittavissa sekoituksessa ja se voi my\u00f6s antaa lihalle hunajamaun...\",\"breadcrumb\":{\"@id\":\"https:\\\/\\\/bbqassad.ee\\\/fi\\\/toode\\\/kosmos-q-honey-killer-bee-mausteseos-mausteena\\\/#breadcrumb\"},\"inLanguage\":\"fi\",\"potentialAction\":[{\"@type\":\"ReadAction\",\"target\":[\"https:\\\/\\\/bbqassad.ee\\\/fi\\\/toode\\\/kosmos-q-honey-killer-bee-mausteseos-mausteena\\\/\"]}]},{\"@type\":\"ImageObject\",\"inLanguage\":\"fi\",\"@id\":\"https:\\\/\\\/bbqassad.ee\\\/fi\\\/toode\\\/kosmos-q-honey-killer-bee-mausteseos-mausteena\\\/#primaryimage\",\"url\":\"https:\\\/\\\/bbqassad.ee\\\/wp-content\\\/uploads\\\/2022\\\/11\\\/KosmosQ_Honey-killer-bee.webp\",\"contentUrl\":\"https:\\\/\\\/bbqassad.ee\\\/wp-content\\\/uploads\\\/2022\\\/11\\\/KosmosQ_Honey-killer-bee.webp\",\"width\":800,\"height\":800,\"caption\":\"Maitseainesegu Kosmos Q Honey Killer Bee\"},{\"@type\":\"BreadcrumbList\",\"@id\":\"https:\\\/\\\/bbqassad.ee\\\/fi\\\/toode\\\/kosmos-q-honey-killer-bee-mausteseos-mausteena\\\/#breadcrumb\",\"itemListElement\":[{\"@type\":\"ListItem\",\"position\":1,\"name\":\"Home\",\"item\":\"https:\\\/\\\/bbqassad.ee\\\/fi\\\/bbq-assat\\\/\"},{\"@type\":\"ListItem\",\"position\":2,\"name\":\"Verkkokauppa\",\"item\":\"https:\\\/\\\/bbqassad.ee\\\/fi\\\/verkkokauppa\\\/\"},{\"@type\":\"ListItem\",\"position\":3,\"name\":\"Kosmo&#8217;s Q Honey Killer Bee -mausteseos\"}]},{\"@type\":\"WebSite\",\"@id\":\"https:\\\/\\\/bbqassad.ee\\\/fi\\\/#website\",\"url\":\"https:\\\/\\\/bbqassad.ee\\\/fi\\\/\",\"name\":\"BBQ \u00c4ssad\",\"description\":\"BBQ maitseained, kastmed, ahjud\",\"publisher\":{\"@id\":\"https:\\\/\\\/bbqassad.ee\\\/fi\\\/#organization\"},\"potentialAction\":[{\"@type\":\"SearchAction\",\"target\":{\"@type\":\"EntryPoint\",\"urlTemplate\":\"https:\\\/\\\/bbqassad.ee\\\/fi\\\/?s={search_term_string}\"},\"query-input\":{\"@type\":\"PropertyValueSpecification\",\"valueRequired\":true,\"valueName\":\"search_term_string\"}}],\"inLanguage\":\"fi\"},{\"@type\":\"Organization\",\"@id\":\"https:\\\/\\\/bbqassad.ee\\\/fi\\\/#organization\",\"name\":\"BBQ \u00c4ssad\",\"url\":\"https:\\\/\\\/bbqassad.ee\\\/fi\\\/\",\"logo\":{\"@type\":\"ImageObject\",\"inLanguage\":\"fi\",\"@id\":\"https:\\\/\\\/bbqassad.ee\\\/fi\\\/#\\\/schema\\\/logo\\\/image\\\/\",\"url\":\"https:\\\/\\\/bbqassad.ee\\\/wp-content\\\/uploads\\\/2022\\\/10\\\/BBQ-2ssadlogo.png\",\"contentUrl\":\"https:\\\/\\\/bbqassad.ee\\\/wp-content\\\/uploads\\\/2022\\\/10\\\/BBQ-2ssadlogo.png\",\"width\":1080,\"height\":1080,\"caption\":\"BBQ \u00c4ssad\"},\"image\":{\"@id\":\"https:\\\/\\\/bbqassad.ee\\\/fi\\\/#\\\/schema\\\/logo\\\/image\\\/\"},\"sameAs\":[\"https:\\\/\\\/www.facebook.com\\\/bbqassad\",\"https:\\\/\\\/www.youtube.com\\\/channel\\\/UCsoufn49J6TVi9Ah9meE93w\"]}]}<\/script>\n<!-- \/ Yoast SEO plugin. -->","yoast_head_json":{"title":"Kosmo's Q Honey Killer Bee -mausteseos - BBQ \u00c4ssad%","description":"Kosmos Q Honey Killer Bee - Hunajan maku on selv\u00e4sti havaittavissa sekoituksessa ja se voi my\u00f6s antaa lihalle hunajamaun...","robots":{"index":"index","follow":"follow","max-snippet":"max-snippet:-1","max-image-preview":"max-image-preview:large","max-video-preview":"max-video-preview:-1"},"canonical":"https:\/\/bbqassad.ee\/fi\/toode\/kosmos-q-honey-killer-bee-mausteseos-mausteena\/","og_locale":"fi_FI","og_type":"article","og_title":"Kosmo's Q Honey Killer Bee -mausteseos - BBQ \u00c4ssad%","og_description":"Kosmos Q Honey Killer Bee - Hunajan maku on selv\u00e4sti havaittavissa sekoituksessa ja se voi my\u00f6s antaa lihalle hunajamaun...","og_url":"https:\/\/bbqassad.ee\/fi\/toode\/kosmos-q-honey-killer-bee-mausteseos-mausteena\/","og_site_name":"BBQ \u00c4ssad","article_publisher":"https:\/\/www.facebook.com\/bbqassad","article_modified_time":"2026-04-14T06:34:08+00:00","og_image":[{"width":800,"height":800,"url":"https:\/\/bbqassad.ee\/wp-content\/uploads\/2022\/11\/KosmosQ_Honey-killer-bee.webp","type":"image\/webp"}],"twitter_card":"summary_large_image","schema":{"@context":"https:\/\/schema.org","@graph":[{"@type":"WebPage","@id":"https:\/\/bbqassad.ee\/fi\/toode\/kosmos-q-honey-killer-bee-mausteseos-mausteena\/","url":"https:\/\/bbqassad.ee\/fi\/toode\/kosmos-q-honey-killer-bee-mausteseos-mausteena\/","name":"Kosmo's Q Honey Killer Bee -mausteseos - BBQ \u00c4ssad%","isPartOf":{"@id":"https:\/\/bbqassad.ee\/fi\/#website"},"primaryImageOfPage":{"@id":"https:\/\/bbqassad.ee\/fi\/toode\/kosmos-q-honey-killer-bee-mausteseos-mausteena\/#primaryimage"},"image":{"@id":"https:\/\/bbqassad.ee\/fi\/toode\/kosmos-q-honey-killer-bee-mausteseos-mausteena\/#primaryimage"},"thumbnailUrl":"https:\/\/bbqassad.ee\/wp-content\/uploads\/2022\/11\/KosmosQ_Honey-killer-bee.webp","datePublished":"2022-11-30T17:38:39+00:00","dateModified":"2026-04-14T06:34:08+00:00","description":"Kosmos Q Honey Killer Bee - Hunajan maku on selv\u00e4sti havaittavissa sekoituksessa ja se voi my\u00f6s antaa lihalle hunajamaun...","breadcrumb":{"@id":"https:\/\/bbqassad.ee\/fi\/toode\/kosmos-q-honey-killer-bee-mausteseos-mausteena\/#breadcrumb"},"inLanguage":"fi","potentialAction":[{"@type":"ReadAction","target":["https:\/\/bbqassad.ee\/fi\/toode\/kosmos-q-honey-killer-bee-mausteseos-mausteena\/"]}]},{"@type":"ImageObject","inLanguage":"fi","@id":"https:\/\/bbqassad.ee\/fi\/toode\/kosmos-q-honey-killer-bee-mausteseos-mausteena\/#primaryimage","url":"https:\/\/bbqassad.ee\/wp-content\/uploads\/2022\/11\/KosmosQ_Honey-killer-bee.webp","contentUrl":"https:\/\/bbqassad.ee\/wp-content\/uploads\/2022\/11\/KosmosQ_Honey-killer-bee.webp","width":800,"height":800,"caption":"Maitseainesegu Kosmos Q Honey Killer Bee"},{"@type":"BreadcrumbList","@id":"https:\/\/bbqassad.ee\/fi\/toode\/kosmos-q-honey-killer-bee-mausteseos-mausteena\/#breadcrumb","itemListElement":[{"@type":"ListItem","position":1,"name":"Home","item":"https:\/\/bbqassad.ee\/fi\/bbq-assat\/"},{"@type":"ListItem","position":2,"name":"Verkkokauppa","item":"https:\/\/bbqassad.ee\/fi\/verkkokauppa\/"},{"@type":"ListItem","position":3,"name":"Kosmo&#8217;s Q Honey Killer Bee -mausteseos"}]},{"@type":"WebSite","@id":"https:\/\/bbqassad.ee\/fi\/#website","url":"https:\/\/bbqassad.ee\/fi\/","name":"BBQ \u00c4ssad","description":"BBQ maitseained, kastmed, ahjud","publisher":{"@id":"https:\/\/bbqassad.ee\/fi\/#organization"},"potentialAction":[{"@type":"SearchAction","target":{"@type":"EntryPoint","urlTemplate":"https:\/\/bbqassad.ee\/fi\/?s={search_term_string}"},"query-input":{"@type":"PropertyValueSpecification","valueRequired":true,"valueName":"search_term_string"}}],"inLanguage":"fi"},{"@type":"Organization","@id":"https:\/\/bbqassad.ee\/fi\/#organization","name":"BBQ \u00c4ssad","url":"https:\/\/bbqassad.ee\/fi\/","logo":{"@type":"ImageObject","inLanguage":"fi","@id":"https:\/\/bbqassad.ee\/fi\/#\/schema\/logo\/image\/","url":"https:\/\/bbqassad.ee\/wp-content\/uploads\/2022\/10\/BBQ-2ssadlogo.png","contentUrl":"https:\/\/bbqassad.ee\/wp-content\/uploads\/2022\/10\/BBQ-2ssadlogo.png","width":1080,"height":1080,"caption":"BBQ \u00c4ssad"},"image":{"@id":"https:\/\/bbqassad.ee\/fi\/#\/schema\/logo\/image\/"},"sameAs":["https:\/\/www.facebook.com\/bbqassad","https:\/\/www.youtube.com\/channel\/UCsoufn49J6TVi9Ah9meE93w"]}]}},"_links":{"self":[{"href":"https:\/\/bbqassad.ee\/fi\/wp-json\/wp\/v2\/product\/23503","targetHints":{"allow":["GET"]}}],"collection":[{"href":"https:\/\/bbqassad.ee\/fi\/wp-json\/wp\/v2\/product"}],"about":[{"href":"https:\/\/bbqassad.ee\/fi\/wp-json\/wp\/v2\/types\/product"}],"replies":[{"embeddable":true,"href":"https:\/\/bbqassad.ee\/fi\/wp-json\/wp\/v2\/comments?post=23503"}],"wp:featuredmedia":[{"embeddable":true,"href":"https:\/\/bbqassad.ee\/fi\/wp-json\/wp\/v2\/media\/23509"}],"wp:attachment":[{"href":"https:\/\/bbqassad.ee\/fi\/wp-json\/wp\/v2\/media?parent=23503"}],"wp:term":[{"taxonomy":"product_brand","embeddable":true,"href":"https:\/\/bbqassad.ee\/fi\/wp-json\/wp\/v2\/product_brand?post=23503"},{"taxonomy":"product_cat","embeddable":true,"href":"https:\/\/bbqassad.ee\/fi\/wp-json\/wp\/v2\/product_cat?post=23503"},{"taxonomy":"product_tag","embeddable":true,"href":"https:\/\/bbqassad.ee\/fi\/wp-json\/wp\/v2\/product_tag?post=23503"}],"curies":[{"name":"wp","href":"https:\/\/api.w.org\/{rel}","templated":true}]}}