{"id":23501,"date":"2022-11-30T18:00:20","date_gmt":"2022-11-30T18:00:20","guid":{"rendered":"https:\/\/bbqassad.ee\/toode\/kosmos-q-dirty-bird-tulinen-maustesekoitus\/"},"modified":"2026-04-14T06:34:07","modified_gmt":"2026-04-14T06:34:07","slug":"kosmos-q-dirty-bird-tulinen-maustesekoitus","status":"publish","type":"product","link":"https:\/\/bbqassad.ee\/fi\/toode\/kosmos-q-dirty-bird-tulinen-maustesekoitus\/","title":{"rendered":"Kosmo&#8217;s Q Dirty Bird HOT -mausteseos"},"content":{"rendered":"<h2>Mausteseos Dirty Bird Hot<\/h2>\n<p>Kosmos Q Dirty Bird Hot &#8211; T\u00e4m\u00e4 on mausteisempi versio s\u00e4\u00e4nkest\u00e4v\u00e4st\u00e4 Dirty Bird -sekoituksesta. T\u00e4m\u00e4 on saavutettu lis\u00e4\u00e4m\u00e4ll\u00e4 chilipippurin ja joidenkin muiden<br \/>\nmausteiden osuutta. Dirty Bird on erityisen &#8221;likainen&#8221; t\u00e4ss\u00e4 rubriikassa.  <\/p>\n<h3>BBQ Aces kommentti<\/h3>\n<p>Se on mausteinen, mutta ei todellakaan sellainen, ett\u00e4 suuta polttaa ja etsit kaapista maitoa. Ensin suussa maistuu mausteseoksen maku, ja sitten kurkussa kihelm\u00f6i hieman, ja tunnet, ett\u00e4 siell\u00e4 on jotain. <\/p>\n<h3>Ammattilaisen vinkki<\/h3>\n<p>Voit vapaasti k\u00e4ytt\u00e4\u00e4 t\u00e4t\u00e4 maustetta mihin vain keksit, se on niin hyv\u00e4\u00e4, ett\u00e4 se sopii kaikkeen, jopa shish kebabiin.<\/p>\n","protected":false},"excerpt":{"rendered":"<p>Valmistaja: Kosmos Q<br \/>\nPaino: 311g<br \/>\nAinesosat: suola, sokeri, chili ja muut paprikat, ruskea sokeri, paprika, valkosipuli, sipuli, MSG ja gluteeniton.<\/p>\n","protected":false},"featured_media":23502,"comment_status":"open","ping_status":"closed","template":"","meta":[],"product_brand":[],"product_cat":[802],"product_tag":[791,790,803,789],"class_list":{"0":"post-23501","1":"product","2":"type-product","3":"status-publish","4":"has-post-thumbnail","6":"product_cat-sekoitukset","7":"product_tag-kala","8":"product_tag-kana","9":"product_tag-karja","10":"product_tag-sika","12":"first","13":"instock","14":"taxable","15":"shipping-taxable","16":"purchasable","17":"product-type-simple"},"yoast_head":"<!-- This site is optimized with the Yoast SEO plugin v27.4 - https:\/\/yoast.com\/product\/yoast-seo-wordpress\/ -->\n<title>Kosmo&#039;s Q Dirty Bird HOT -mausteseos - BBQ \u00c4ssad%<\/title>\n<meta name=\"description\" content=\"Kosmos Q Dirty Bird Hot - Ensin suussa tuntuu maku, sitten kurkun takaosassa kihelm\u00f6i hieman ja tunnet jotain.\" \/>\n<meta name=\"robots\" content=\"index, follow, max-snippet:-1, max-image-preview:large, max-video-preview:-1\" \/>\n<link rel=\"canonical\" href=\"https:\/\/bbqassad.ee\/fi\/toode\/kosmos-q-dirty-bird-tulinen-maustesekoitus\/\" \/>\n<meta property=\"og:locale\" content=\"fi_FI\" \/>\n<meta property=\"og:type\" content=\"article\" \/>\n<meta property=\"og:title\" content=\"Kosmos Q Dirty Bird Tulinen maustesekoitus\" \/>\n<meta property=\"og:description\" content=\"Kosmos Q Dirty Bird Hot - Ensin suussa tuntuu maku, sitten kurkun takaosassa kihelm\u00f6i hieman ja tunnet jotain.\" \/>\n<meta property=\"og:url\" content=\"https:\/\/bbqassad.ee\/fi\/toode\/kosmos-q-dirty-bird-tulinen-maustesekoitus\/\" \/>\n<meta property=\"og:site_name\" content=\"BBQ \u00c4ssad\" \/>\n<meta property=\"article:publisher\" content=\"https:\/\/www.facebook.com\/bbqassad\" \/>\n<meta property=\"article:modified_time\" content=\"2026-04-14T06:34:07+00:00\" \/>\n<meta property=\"og:image\" content=\"https:\/\/bbqassad.ee\/wp-content\/uploads\/2022\/11\/KosmosQ_Hot-dirty-bird-300x300.webp\" \/>\n<meta name=\"twitter:card\" content=\"summary_large_image\" \/>\n<meta name=\"twitter:label1\" content=\"Arvioitu lukuaika\" \/>\n\t<meta name=\"twitter:data1\" content=\"1 minuutti\" \/>\n<script type=\"application\/ld+json\" class=\"yoast-schema-graph\">{\"@context\":\"https:\\\/\\\/schema.org\",\"@graph\":[{\"@type\":\"WebPage\",\"@id\":\"https:\\\/\\\/bbqassad.ee\\\/fi\\\/toode\\\/kosmos-q-dirty-bird-tulinen-maustesekoitus\\\/\",\"url\":\"https:\\\/\\\/bbqassad.ee\\\/fi\\\/toode\\\/kosmos-q-dirty-bird-tulinen-maustesekoitus\\\/\",\"name\":\"Kosmo's Q Dirty Bird HOT -mausteseos - BBQ \u00c4ssad%\",\"isPartOf\":{\"@id\":\"https:\\\/\\\/bbqassad.ee\\\/fi\\\/#website\"},\"primaryImageOfPage\":{\"@id\":\"https:\\\/\\\/bbqassad.ee\\\/fi\\\/toode\\\/kosmos-q-dirty-bird-tulinen-maustesekoitus\\\/#primaryimage\"},\"image\":{\"@id\":\"https:\\\/\\\/bbqassad.ee\\\/fi\\\/toode\\\/kosmos-q-dirty-bird-tulinen-maustesekoitus\\\/#primaryimage\"},\"thumbnailUrl\":\"https:\\\/\\\/bbqassad.ee\\\/wp-content\\\/uploads\\\/2022\\\/11\\\/KosmosQ_Hot-dirty-bird.webp\",\"datePublished\":\"2022-11-30T18:00:20+00:00\",\"dateModified\":\"2026-04-14T06:34:07+00:00\",\"description\":\"Kosmos Q Dirty Bird Hot - Ensin suussa tuntuu maku, sitten kurkun takaosassa kihelm\u00f6i hieman ja tunnet jotain.\",\"breadcrumb\":{\"@id\":\"https:\\\/\\\/bbqassad.ee\\\/fi\\\/toode\\\/kosmos-q-dirty-bird-tulinen-maustesekoitus\\\/#breadcrumb\"},\"inLanguage\":\"fi\",\"potentialAction\":[{\"@type\":\"ReadAction\",\"target\":[\"https:\\\/\\\/bbqassad.ee\\\/fi\\\/toode\\\/kosmos-q-dirty-bird-tulinen-maustesekoitus\\\/\"]}]},{\"@type\":\"ImageObject\",\"inLanguage\":\"fi\",\"@id\":\"https:\\\/\\\/bbqassad.ee\\\/fi\\\/toode\\\/kosmos-q-dirty-bird-tulinen-maustesekoitus\\\/#primaryimage\",\"url\":\"https:\\\/\\\/bbqassad.ee\\\/wp-content\\\/uploads\\\/2022\\\/11\\\/KosmosQ_Hot-dirty-bird.webp\",\"contentUrl\":\"https:\\\/\\\/bbqassad.ee\\\/wp-content\\\/uploads\\\/2022\\\/11\\\/KosmosQ_Hot-dirty-bird.webp\",\"width\":800,\"height\":800,\"caption\":\"Maitseainesegu Kosmos Q Dirty Bird Hot\"},{\"@type\":\"BreadcrumbList\",\"@id\":\"https:\\\/\\\/bbqassad.ee\\\/fi\\\/toode\\\/kosmos-q-dirty-bird-tulinen-maustesekoitus\\\/#breadcrumb\",\"itemListElement\":[{\"@type\":\"ListItem\",\"position\":1,\"name\":\"Home\",\"item\":\"https:\\\/\\\/bbqassad.ee\\\/fi\\\/bbq-assat\\\/\"},{\"@type\":\"ListItem\",\"position\":2,\"name\":\"Verkkokauppa\",\"item\":\"https:\\\/\\\/bbqassad.ee\\\/fi\\\/verkkokauppa\\\/\"},{\"@type\":\"ListItem\",\"position\":3,\"name\":\"Kosmo&#8217;s Q Dirty Bird HOT -mausteseos\"}]},{\"@type\":\"WebSite\",\"@id\":\"https:\\\/\\\/bbqassad.ee\\\/fi\\\/#website\",\"url\":\"https:\\\/\\\/bbqassad.ee\\\/fi\\\/\",\"name\":\"BBQ \u00c4ssad\",\"description\":\"BBQ maitseained, kastmed, ahjud\",\"publisher\":{\"@id\":\"https:\\\/\\\/bbqassad.ee\\\/fi\\\/#organization\"},\"potentialAction\":[{\"@type\":\"SearchAction\",\"target\":{\"@type\":\"EntryPoint\",\"urlTemplate\":\"https:\\\/\\\/bbqassad.ee\\\/fi\\\/?s={search_term_string}\"},\"query-input\":{\"@type\":\"PropertyValueSpecification\",\"valueRequired\":true,\"valueName\":\"search_term_string\"}}],\"inLanguage\":\"fi\"},{\"@type\":\"Organization\",\"@id\":\"https:\\\/\\\/bbqassad.ee\\\/fi\\\/#organization\",\"name\":\"BBQ \u00c4ssad\",\"url\":\"https:\\\/\\\/bbqassad.ee\\\/fi\\\/\",\"logo\":{\"@type\":\"ImageObject\",\"inLanguage\":\"fi\",\"@id\":\"https:\\\/\\\/bbqassad.ee\\\/fi\\\/#\\\/schema\\\/logo\\\/image\\\/\",\"url\":\"https:\\\/\\\/bbqassad.ee\\\/wp-content\\\/uploads\\\/2022\\\/10\\\/BBQ-2ssadlogo.png\",\"contentUrl\":\"https:\\\/\\\/bbqassad.ee\\\/wp-content\\\/uploads\\\/2022\\\/10\\\/BBQ-2ssadlogo.png\",\"width\":1080,\"height\":1080,\"caption\":\"BBQ \u00c4ssad\"},\"image\":{\"@id\":\"https:\\\/\\\/bbqassad.ee\\\/fi\\\/#\\\/schema\\\/logo\\\/image\\\/\"},\"sameAs\":[\"https:\\\/\\\/www.facebook.com\\\/bbqassad\",\"https:\\\/\\\/www.youtube.com\\\/channel\\\/UCsoufn49J6TVi9Ah9meE93w\"]}]}<\/script>\n<!-- \/ Yoast SEO plugin. -->","yoast_head_json":{"title":"Kosmo's Q Dirty Bird HOT -mausteseos - BBQ \u00c4ssad%","description":"Kosmos Q Dirty Bird Hot - Ensin suussa tuntuu maku, sitten kurkun takaosassa kihelm\u00f6i hieman ja tunnet jotain.","robots":{"index":"index","follow":"follow","max-snippet":"max-snippet:-1","max-image-preview":"max-image-preview:large","max-video-preview":"max-video-preview:-1"},"canonical":"https:\/\/bbqassad.ee\/fi\/toode\/kosmos-q-dirty-bird-tulinen-maustesekoitus\/","og_locale":"fi_FI","og_type":"article","og_title":"Kosmos Q Dirty Bird Tulinen maustesekoitus","og_description":"Kosmos Q Dirty Bird Hot - Ensin suussa tuntuu maku, sitten kurkun takaosassa kihelm\u00f6i hieman ja tunnet jotain.","og_url":"https:\/\/bbqassad.ee\/fi\/toode\/kosmos-q-dirty-bird-tulinen-maustesekoitus\/","og_site_name":"BBQ \u00c4ssad","article_publisher":"https:\/\/www.facebook.com\/bbqassad","article_modified_time":"2026-04-14T06:34:07+00:00","og_image":[{"url":"https:\/\/bbqassad.ee\/wp-content\/uploads\/2022\/11\/KosmosQ_Hot-dirty-bird-300x300.webp","type":"","width":"","height":""}],"twitter_card":"summary_large_image","twitter_misc":{"Arvioitu lukuaika":"1 minuutti"},"schema":{"@context":"https:\/\/schema.org","@graph":[{"@type":"WebPage","@id":"https:\/\/bbqassad.ee\/fi\/toode\/kosmos-q-dirty-bird-tulinen-maustesekoitus\/","url":"https:\/\/bbqassad.ee\/fi\/toode\/kosmos-q-dirty-bird-tulinen-maustesekoitus\/","name":"Kosmo's Q Dirty Bird HOT -mausteseos - BBQ \u00c4ssad%","isPartOf":{"@id":"https:\/\/bbqassad.ee\/fi\/#website"},"primaryImageOfPage":{"@id":"https:\/\/bbqassad.ee\/fi\/toode\/kosmos-q-dirty-bird-tulinen-maustesekoitus\/#primaryimage"},"image":{"@id":"https:\/\/bbqassad.ee\/fi\/toode\/kosmos-q-dirty-bird-tulinen-maustesekoitus\/#primaryimage"},"thumbnailUrl":"https:\/\/bbqassad.ee\/wp-content\/uploads\/2022\/11\/KosmosQ_Hot-dirty-bird.webp","datePublished":"2022-11-30T18:00:20+00:00","dateModified":"2026-04-14T06:34:07+00:00","description":"Kosmos Q Dirty Bird Hot - Ensin suussa tuntuu maku, sitten kurkun takaosassa kihelm\u00f6i hieman ja tunnet jotain.","breadcrumb":{"@id":"https:\/\/bbqassad.ee\/fi\/toode\/kosmos-q-dirty-bird-tulinen-maustesekoitus\/#breadcrumb"},"inLanguage":"fi","potentialAction":[{"@type":"ReadAction","target":["https:\/\/bbqassad.ee\/fi\/toode\/kosmos-q-dirty-bird-tulinen-maustesekoitus\/"]}]},{"@type":"ImageObject","inLanguage":"fi","@id":"https:\/\/bbqassad.ee\/fi\/toode\/kosmos-q-dirty-bird-tulinen-maustesekoitus\/#primaryimage","url":"https:\/\/bbqassad.ee\/wp-content\/uploads\/2022\/11\/KosmosQ_Hot-dirty-bird.webp","contentUrl":"https:\/\/bbqassad.ee\/wp-content\/uploads\/2022\/11\/KosmosQ_Hot-dirty-bird.webp","width":800,"height":800,"caption":"Maitseainesegu Kosmos Q Dirty Bird Hot"},{"@type":"BreadcrumbList","@id":"https:\/\/bbqassad.ee\/fi\/toode\/kosmos-q-dirty-bird-tulinen-maustesekoitus\/#breadcrumb","itemListElement":[{"@type":"ListItem","position":1,"name":"Home","item":"https:\/\/bbqassad.ee\/fi\/bbq-assat\/"},{"@type":"ListItem","position":2,"name":"Verkkokauppa","item":"https:\/\/bbqassad.ee\/fi\/verkkokauppa\/"},{"@type":"ListItem","position":3,"name":"Kosmo&#8217;s Q Dirty Bird HOT -mausteseos"}]},{"@type":"WebSite","@id":"https:\/\/bbqassad.ee\/fi\/#website","url":"https:\/\/bbqassad.ee\/fi\/","name":"BBQ \u00c4ssad","description":"BBQ maitseained, kastmed, ahjud","publisher":{"@id":"https:\/\/bbqassad.ee\/fi\/#organization"},"potentialAction":[{"@type":"SearchAction","target":{"@type":"EntryPoint","urlTemplate":"https:\/\/bbqassad.ee\/fi\/?s={search_term_string}"},"query-input":{"@type":"PropertyValueSpecification","valueRequired":true,"valueName":"search_term_string"}}],"inLanguage":"fi"},{"@type":"Organization","@id":"https:\/\/bbqassad.ee\/fi\/#organization","name":"BBQ \u00c4ssad","url":"https:\/\/bbqassad.ee\/fi\/","logo":{"@type":"ImageObject","inLanguage":"fi","@id":"https:\/\/bbqassad.ee\/fi\/#\/schema\/logo\/image\/","url":"https:\/\/bbqassad.ee\/wp-content\/uploads\/2022\/10\/BBQ-2ssadlogo.png","contentUrl":"https:\/\/bbqassad.ee\/wp-content\/uploads\/2022\/10\/BBQ-2ssadlogo.png","width":1080,"height":1080,"caption":"BBQ \u00c4ssad"},"image":{"@id":"https:\/\/bbqassad.ee\/fi\/#\/schema\/logo\/image\/"},"sameAs":["https:\/\/www.facebook.com\/bbqassad","https:\/\/www.youtube.com\/channel\/UCsoufn49J6TVi9Ah9meE93w"]}]}},"_links":{"self":[{"href":"https:\/\/bbqassad.ee\/fi\/wp-json\/wp\/v2\/product\/23501","targetHints":{"allow":["GET"]}}],"collection":[{"href":"https:\/\/bbqassad.ee\/fi\/wp-json\/wp\/v2\/product"}],"about":[{"href":"https:\/\/bbqassad.ee\/fi\/wp-json\/wp\/v2\/types\/product"}],"replies":[{"embeddable":true,"href":"https:\/\/bbqassad.ee\/fi\/wp-json\/wp\/v2\/comments?post=23501"}],"wp:featuredmedia":[{"embeddable":true,"href":"https:\/\/bbqassad.ee\/fi\/wp-json\/wp\/v2\/media\/23502"}],"wp:attachment":[{"href":"https:\/\/bbqassad.ee\/fi\/wp-json\/wp\/v2\/media?parent=23501"}],"wp:term":[{"taxonomy":"product_brand","embeddable":true,"href":"https:\/\/bbqassad.ee\/fi\/wp-json\/wp\/v2\/product_brand?post=23501"},{"taxonomy":"product_cat","embeddable":true,"href":"https:\/\/bbqassad.ee\/fi\/wp-json\/wp\/v2\/product_cat?post=23501"},{"taxonomy":"product_tag","embeddable":true,"href":"https:\/\/bbqassad.ee\/fi\/wp-json\/wp\/v2\/product_tag?post=23501"}],"curies":[{"name":"wp","href":"https:\/\/api.w.org\/{rel}","templated":true}]}}