{"id":23497,"date":"2022-12-07T12:52:51","date_gmt":"2022-12-07T12:52:51","guid":{"rendered":"https:\/\/bbqassad.ee\/toode\/kosmos-q-cherry-apple-habanero-rib-glaze-kastike-kirsikka-omenahabanerokastike\/"},"modified":"2026-04-14T06:34:05","modified_gmt":"2026-04-14T06:34:05","slug":"kosmos-q-cherry-apple-habanero-rib-glaze-kastike-kirsikka-omenahabanerokastike","status":"publish","type":"product","link":"https:\/\/bbqassad.ee\/fi\/toode\/kosmos-q-cherry-apple-habanero-rib-glaze-kastike-kirsikka-omenahabanerokastike\/","title":{"rendered":"Kosmo&#8217;s Q Cherry Apple Habanero Rib Glaze -kastike (kirsikka-omenahabanerokastike)"},"content":{"rendered":"<h2>Kirsikka omena Habanero Rib Glaze -kastike<\/h2>\n<p>Tee kylkiluista hohtavia hedelm\u00e4isell\u00e4 kuorrutuksella.<\/p>\n<h3>BBQ Aces kommentti<\/h3>\n<p>Vaikka nimess\u00e4 lukeekin glaze ja sit\u00e4 k\u00e4ytet\u00e4\u00e4nkin p\u00e4\u00e4asiassa sellaisena, suosittelemme kokeilemaan sit\u00e4 rib wrapissa \ud83d\ude09<\/p>\n<h3>Ammattilaisen vinkki<\/h3>\n<p>Haluatko pirist\u00e4\u00e4 strippi\u00e4? T\u00e4m\u00e4 kastike tekee tempun habanero-pippurillaan, jos voit k\u00e4ytt\u00e4\u00e4 sit\u00e4 kuorrutuksena tai k\u00e4\u00e4ri\u00e4 se k\u00e4\u00e4reeseen. <\/p>\n","protected":false},"excerpt":{"rendered":"<p>Valmistaja: Kosmos Q<br \/>\nPaino: 453g<br \/>\nAinesosat: ruokosokeri, vesi, omenamehutiiviste, kirsikkamehutiiviste, etikka, habaneropippurisose, sitruunahappo.<\/p>\n","protected":false},"featured_media":23498,"comment_status":"open","ping_status":"closed","template":"","meta":[],"product_brand":[],"product_cat":[788],"product_tag":[],"class_list":{"0":"post-23497","1":"product","2":"type-product","3":"status-publish","4":"has-post-thumbnail","6":"product_cat-kastit","8":"first","9":"instock","10":"taxable","11":"shipping-taxable","12":"purchasable","13":"product-type-simple"},"yoast_head":"<!-- This site is optimized with the Yoast SEO plugin v27.4 - https:\/\/yoast.com\/product\/yoast-seo-wordpress\/ -->\n<title>Kosmo&#039;s Q Cherry Apple Habanero Rib Glaze -kastike (kirsikka-omenahabanerokastike) - BBQ \u00c4ssad%<\/title>\n<meta name=\"description\" content=\"Kosmo&#039;s Q Cherry Apple Habanero Rib Glaze - Tee ribseist\u00e4si loistavia herkullisen hedelm\u00e4isell\u00e4 kuorrutuksella. Suosittelemme my\u00f6s kokeilemaan sit\u00e4 rib wrapissa.\" \/>\n<meta name=\"robots\" content=\"index, follow, max-snippet:-1, max-image-preview:large, max-video-preview:-1\" \/>\n<link rel=\"canonical\" href=\"https:\/\/bbqassad.ee\/fi\/toode\/kosmos-q-cherry-apple-habanero-rib-glaze-kastike-kirsikka-omenahabanerokastike\/\" \/>\n<meta property=\"og:locale\" content=\"fi_FI\" \/>\n<meta property=\"og:type\" content=\"article\" \/>\n<meta property=\"og:title\" content=\"Kosmo&#039;s Q Cherry Apple Habanero Rib Glaze -kastike (kirsikka-omenahabanerokastike) - BBQ \u00c4ssad%\" \/>\n<meta property=\"og:description\" content=\"Kosmo&#039;s Q Cherry Apple Habanero Rib Glaze - Tee ribseist\u00e4si loistavia herkullisen hedelm\u00e4isell\u00e4 kuorrutuksella. Suosittelemme my\u00f6s kokeilemaan sit\u00e4 rib wrapissa.\" \/>\n<meta property=\"og:url\" content=\"https:\/\/bbqassad.ee\/fi\/toode\/kosmos-q-cherry-apple-habanero-rib-glaze-kastike-kirsikka-omenahabanerokastike\/\" \/>\n<meta property=\"og:site_name\" content=\"BBQ \u00c4ssad\" \/>\n<meta property=\"article:publisher\" content=\"https:\/\/www.facebook.com\/bbqassad\" \/>\n<meta property=\"article:modified_time\" content=\"2026-04-14T06:34:05+00:00\" \/>\n<meta property=\"og:image\" content=\"https:\/\/bbqassad.ee\/wp-content\/uploads\/2022\/12\/Rib-Glaze.webp\" \/>\n\t<meta property=\"og:image:width\" content=\"800\" \/>\n\t<meta property=\"og:image:height\" content=\"800\" \/>\n\t<meta property=\"og:image:type\" content=\"image\/webp\" \/>\n<meta name=\"twitter:card\" content=\"summary_large_image\" \/>\n<script type=\"application\/ld+json\" class=\"yoast-schema-graph\">{\"@context\":\"https:\\\/\\\/schema.org\",\"@graph\":[{\"@type\":\"WebPage\",\"@id\":\"https:\\\/\\\/bbqassad.ee\\\/fi\\\/toode\\\/kosmos-q-cherry-apple-habanero-rib-glaze-kastike-kirsikka-omenahabanerokastike\\\/\",\"url\":\"https:\\\/\\\/bbqassad.ee\\\/fi\\\/toode\\\/kosmos-q-cherry-apple-habanero-rib-glaze-kastike-kirsikka-omenahabanerokastike\\\/\",\"name\":\"Kosmo's Q Cherry Apple Habanero Rib Glaze -kastike (kirsikka-omenahabanerokastike) - BBQ \u00c4ssad%\",\"isPartOf\":{\"@id\":\"https:\\\/\\\/bbqassad.ee\\\/fi\\\/#website\"},\"primaryImageOfPage\":{\"@id\":\"https:\\\/\\\/bbqassad.ee\\\/fi\\\/toode\\\/kosmos-q-cherry-apple-habanero-rib-glaze-kastike-kirsikka-omenahabanerokastike\\\/#primaryimage\"},\"image\":{\"@id\":\"https:\\\/\\\/bbqassad.ee\\\/fi\\\/toode\\\/kosmos-q-cherry-apple-habanero-rib-glaze-kastike-kirsikka-omenahabanerokastike\\\/#primaryimage\"},\"thumbnailUrl\":\"https:\\\/\\\/bbqassad.ee\\\/wp-content\\\/uploads\\\/2022\\\/12\\\/Rib-Glaze.webp\",\"datePublished\":\"2022-12-07T12:52:51+00:00\",\"dateModified\":\"2026-04-14T06:34:05+00:00\",\"description\":\"Kosmo's Q Cherry Apple Habanero Rib Glaze - Tee ribseist\u00e4si loistavia herkullisen hedelm\u00e4isell\u00e4 kuorrutuksella. Suosittelemme my\u00f6s kokeilemaan sit\u00e4 rib wrapissa.\",\"breadcrumb\":{\"@id\":\"https:\\\/\\\/bbqassad.ee\\\/fi\\\/toode\\\/kosmos-q-cherry-apple-habanero-rib-glaze-kastike-kirsikka-omenahabanerokastike\\\/#breadcrumb\"},\"inLanguage\":\"fi\",\"potentialAction\":[{\"@type\":\"ReadAction\",\"target\":[\"https:\\\/\\\/bbqassad.ee\\\/fi\\\/toode\\\/kosmos-q-cherry-apple-habanero-rib-glaze-kastike-kirsikka-omenahabanerokastike\\\/\"]}]},{\"@type\":\"ImageObject\",\"inLanguage\":\"fi\",\"@id\":\"https:\\\/\\\/bbqassad.ee\\\/fi\\\/toode\\\/kosmos-q-cherry-apple-habanero-rib-glaze-kastike-kirsikka-omenahabanerokastike\\\/#primaryimage\",\"url\":\"https:\\\/\\\/bbqassad.ee\\\/wp-content\\\/uploads\\\/2022\\\/12\\\/Rib-Glaze.webp\",\"contentUrl\":\"https:\\\/\\\/bbqassad.ee\\\/wp-content\\\/uploads\\\/2022\\\/12\\\/Rib-Glaze.webp\",\"width\":800,\"height\":800,\"caption\":\"Kaste Kosmo's Q Cherry Apple Habanero Rib Glaze\"},{\"@type\":\"BreadcrumbList\",\"@id\":\"https:\\\/\\\/bbqassad.ee\\\/fi\\\/toode\\\/kosmos-q-cherry-apple-habanero-rib-glaze-kastike-kirsikka-omenahabanerokastike\\\/#breadcrumb\",\"itemListElement\":[{\"@type\":\"ListItem\",\"position\":1,\"name\":\"Home\",\"item\":\"https:\\\/\\\/bbqassad.ee\\\/fi\\\/bbq-assat\\\/\"},{\"@type\":\"ListItem\",\"position\":2,\"name\":\"Verkkokauppa\",\"item\":\"https:\\\/\\\/bbqassad.ee\\\/fi\\\/verkkokauppa\\\/\"},{\"@type\":\"ListItem\",\"position\":3,\"name\":\"Kosmo&#8217;s Q Cherry Apple Habanero Rib Glaze -kastike (kirsikka-omenahabanerokastike)\"}]},{\"@type\":\"WebSite\",\"@id\":\"https:\\\/\\\/bbqassad.ee\\\/fi\\\/#website\",\"url\":\"https:\\\/\\\/bbqassad.ee\\\/fi\\\/\",\"name\":\"BBQ \u00c4ssad\",\"description\":\"BBQ maitseained, kastmed, ahjud\",\"publisher\":{\"@id\":\"https:\\\/\\\/bbqassad.ee\\\/fi\\\/#organization\"},\"potentialAction\":[{\"@type\":\"SearchAction\",\"target\":{\"@type\":\"EntryPoint\",\"urlTemplate\":\"https:\\\/\\\/bbqassad.ee\\\/fi\\\/?s={search_term_string}\"},\"query-input\":{\"@type\":\"PropertyValueSpecification\",\"valueRequired\":true,\"valueName\":\"search_term_string\"}}],\"inLanguage\":\"fi\"},{\"@type\":\"Organization\",\"@id\":\"https:\\\/\\\/bbqassad.ee\\\/fi\\\/#organization\",\"name\":\"BBQ \u00c4ssad\",\"url\":\"https:\\\/\\\/bbqassad.ee\\\/fi\\\/\",\"logo\":{\"@type\":\"ImageObject\",\"inLanguage\":\"fi\",\"@id\":\"https:\\\/\\\/bbqassad.ee\\\/fi\\\/#\\\/schema\\\/logo\\\/image\\\/\",\"url\":\"https:\\\/\\\/bbqassad.ee\\\/wp-content\\\/uploads\\\/2022\\\/10\\\/BBQ-2ssadlogo.png\",\"contentUrl\":\"https:\\\/\\\/bbqassad.ee\\\/wp-content\\\/uploads\\\/2022\\\/10\\\/BBQ-2ssadlogo.png\",\"width\":1080,\"height\":1080,\"caption\":\"BBQ \u00c4ssad\"},\"image\":{\"@id\":\"https:\\\/\\\/bbqassad.ee\\\/fi\\\/#\\\/schema\\\/logo\\\/image\\\/\"},\"sameAs\":[\"https:\\\/\\\/www.facebook.com\\\/bbqassad\",\"https:\\\/\\\/www.youtube.com\\\/channel\\\/UCsoufn49J6TVi9Ah9meE93w\"]}]}<\/script>\n<!-- \/ Yoast SEO plugin. -->","yoast_head_json":{"title":"Kosmo's Q Cherry Apple Habanero Rib Glaze -kastike (kirsikka-omenahabanerokastike) - BBQ \u00c4ssad%","description":"Kosmo's Q Cherry Apple Habanero Rib Glaze - Tee ribseist\u00e4si loistavia herkullisen hedelm\u00e4isell\u00e4 kuorrutuksella. Suosittelemme my\u00f6s kokeilemaan sit\u00e4 rib wrapissa.","robots":{"index":"index","follow":"follow","max-snippet":"max-snippet:-1","max-image-preview":"max-image-preview:large","max-video-preview":"max-video-preview:-1"},"canonical":"https:\/\/bbqassad.ee\/fi\/toode\/kosmos-q-cherry-apple-habanero-rib-glaze-kastike-kirsikka-omenahabanerokastike\/","og_locale":"fi_FI","og_type":"article","og_title":"Kosmo's Q Cherry Apple Habanero Rib Glaze -kastike (kirsikka-omenahabanerokastike) - BBQ \u00c4ssad%","og_description":"Kosmo's Q Cherry Apple Habanero Rib Glaze - Tee ribseist\u00e4si loistavia herkullisen hedelm\u00e4isell\u00e4 kuorrutuksella. Suosittelemme my\u00f6s kokeilemaan sit\u00e4 rib wrapissa.","og_url":"https:\/\/bbqassad.ee\/fi\/toode\/kosmos-q-cherry-apple-habanero-rib-glaze-kastike-kirsikka-omenahabanerokastike\/","og_site_name":"BBQ \u00c4ssad","article_publisher":"https:\/\/www.facebook.com\/bbqassad","article_modified_time":"2026-04-14T06:34:05+00:00","og_image":[{"width":800,"height":800,"url":"https:\/\/bbqassad.ee\/wp-content\/uploads\/2022\/12\/Rib-Glaze.webp","type":"image\/webp"}],"twitter_card":"summary_large_image","schema":{"@context":"https:\/\/schema.org","@graph":[{"@type":"WebPage","@id":"https:\/\/bbqassad.ee\/fi\/toode\/kosmos-q-cherry-apple-habanero-rib-glaze-kastike-kirsikka-omenahabanerokastike\/","url":"https:\/\/bbqassad.ee\/fi\/toode\/kosmos-q-cherry-apple-habanero-rib-glaze-kastike-kirsikka-omenahabanerokastike\/","name":"Kosmo's Q Cherry Apple Habanero Rib Glaze -kastike (kirsikka-omenahabanerokastike) - BBQ \u00c4ssad%","isPartOf":{"@id":"https:\/\/bbqassad.ee\/fi\/#website"},"primaryImageOfPage":{"@id":"https:\/\/bbqassad.ee\/fi\/toode\/kosmos-q-cherry-apple-habanero-rib-glaze-kastike-kirsikka-omenahabanerokastike\/#primaryimage"},"image":{"@id":"https:\/\/bbqassad.ee\/fi\/toode\/kosmos-q-cherry-apple-habanero-rib-glaze-kastike-kirsikka-omenahabanerokastike\/#primaryimage"},"thumbnailUrl":"https:\/\/bbqassad.ee\/wp-content\/uploads\/2022\/12\/Rib-Glaze.webp","datePublished":"2022-12-07T12:52:51+00:00","dateModified":"2026-04-14T06:34:05+00:00","description":"Kosmo's Q Cherry Apple Habanero Rib Glaze - Tee ribseist\u00e4si loistavia herkullisen hedelm\u00e4isell\u00e4 kuorrutuksella. Suosittelemme my\u00f6s kokeilemaan sit\u00e4 rib wrapissa.","breadcrumb":{"@id":"https:\/\/bbqassad.ee\/fi\/toode\/kosmos-q-cherry-apple-habanero-rib-glaze-kastike-kirsikka-omenahabanerokastike\/#breadcrumb"},"inLanguage":"fi","potentialAction":[{"@type":"ReadAction","target":["https:\/\/bbqassad.ee\/fi\/toode\/kosmos-q-cherry-apple-habanero-rib-glaze-kastike-kirsikka-omenahabanerokastike\/"]}]},{"@type":"ImageObject","inLanguage":"fi","@id":"https:\/\/bbqassad.ee\/fi\/toode\/kosmos-q-cherry-apple-habanero-rib-glaze-kastike-kirsikka-omenahabanerokastike\/#primaryimage","url":"https:\/\/bbqassad.ee\/wp-content\/uploads\/2022\/12\/Rib-Glaze.webp","contentUrl":"https:\/\/bbqassad.ee\/wp-content\/uploads\/2022\/12\/Rib-Glaze.webp","width":800,"height":800,"caption":"Kaste Kosmo's Q Cherry Apple Habanero Rib Glaze"},{"@type":"BreadcrumbList","@id":"https:\/\/bbqassad.ee\/fi\/toode\/kosmos-q-cherry-apple-habanero-rib-glaze-kastike-kirsikka-omenahabanerokastike\/#breadcrumb","itemListElement":[{"@type":"ListItem","position":1,"name":"Home","item":"https:\/\/bbqassad.ee\/fi\/bbq-assat\/"},{"@type":"ListItem","position":2,"name":"Verkkokauppa","item":"https:\/\/bbqassad.ee\/fi\/verkkokauppa\/"},{"@type":"ListItem","position":3,"name":"Kosmo&#8217;s Q Cherry Apple Habanero Rib Glaze -kastike (kirsikka-omenahabanerokastike)"}]},{"@type":"WebSite","@id":"https:\/\/bbqassad.ee\/fi\/#website","url":"https:\/\/bbqassad.ee\/fi\/","name":"BBQ \u00c4ssad","description":"BBQ maitseained, kastmed, ahjud","publisher":{"@id":"https:\/\/bbqassad.ee\/fi\/#organization"},"potentialAction":[{"@type":"SearchAction","target":{"@type":"EntryPoint","urlTemplate":"https:\/\/bbqassad.ee\/fi\/?s={search_term_string}"},"query-input":{"@type":"PropertyValueSpecification","valueRequired":true,"valueName":"search_term_string"}}],"inLanguage":"fi"},{"@type":"Organization","@id":"https:\/\/bbqassad.ee\/fi\/#organization","name":"BBQ \u00c4ssad","url":"https:\/\/bbqassad.ee\/fi\/","logo":{"@type":"ImageObject","inLanguage":"fi","@id":"https:\/\/bbqassad.ee\/fi\/#\/schema\/logo\/image\/","url":"https:\/\/bbqassad.ee\/wp-content\/uploads\/2022\/10\/BBQ-2ssadlogo.png","contentUrl":"https:\/\/bbqassad.ee\/wp-content\/uploads\/2022\/10\/BBQ-2ssadlogo.png","width":1080,"height":1080,"caption":"BBQ \u00c4ssad"},"image":{"@id":"https:\/\/bbqassad.ee\/fi\/#\/schema\/logo\/image\/"},"sameAs":["https:\/\/www.facebook.com\/bbqassad","https:\/\/www.youtube.com\/channel\/UCsoufn49J6TVi9Ah9meE93w"]}]}},"_links":{"self":[{"href":"https:\/\/bbqassad.ee\/fi\/wp-json\/wp\/v2\/product\/23497","targetHints":{"allow":["GET"]}}],"collection":[{"href":"https:\/\/bbqassad.ee\/fi\/wp-json\/wp\/v2\/product"}],"about":[{"href":"https:\/\/bbqassad.ee\/fi\/wp-json\/wp\/v2\/types\/product"}],"replies":[{"embeddable":true,"href":"https:\/\/bbqassad.ee\/fi\/wp-json\/wp\/v2\/comments?post=23497"}],"wp:featuredmedia":[{"embeddable":true,"href":"https:\/\/bbqassad.ee\/fi\/wp-json\/wp\/v2\/media\/23498"}],"wp:attachment":[{"href":"https:\/\/bbqassad.ee\/fi\/wp-json\/wp\/v2\/media?parent=23497"}],"wp:term":[{"taxonomy":"product_brand","embeddable":true,"href":"https:\/\/bbqassad.ee\/fi\/wp-json\/wp\/v2\/product_brand?post=23497"},{"taxonomy":"product_cat","embeddable":true,"href":"https:\/\/bbqassad.ee\/fi\/wp-json\/wp\/v2\/product_cat?post=23497"},{"taxonomy":"product_tag","embeddable":true,"href":"https:\/\/bbqassad.ee\/fi\/wp-json\/wp\/v2\/product_tag?post=23497"}],"curies":[{"name":"wp","href":"https:\/\/api.w.org\/{rel}","templated":true}]}}