{"id":23495,"date":"2022-12-07T13:02:12","date_gmt":"2022-12-07T13:02:12","guid":{"rendered":"https:\/\/bbqassad.ee\/toode\/kosmos-q-texas-beef-mausteseosta\/"},"modified":"2026-04-14T06:34:04","modified_gmt":"2026-04-14T06:34:04","slug":"kosmos-q-texas-beef-mausteseosta","status":"publish","type":"product","link":"https:\/\/bbqassad.ee\/fi\/toode\/kosmos-q-texas-beef-mausteseosta\/","title":{"rendered":"Kosmo&#8217;s Q Texas Beef -mausteseos"},"content":{"rendered":"<h2>Texas Beefin maustaminen<\/h2>\n<p>Kosmo&#8217;s Q Texas Beef Seasoning &#8211; Yksinkertainen texasilainen mausteseos, jossa sipuli ja valkosipuli yhdist\u00e4v\u00e4t voimansa tuodakseen naudanlihaan todelliset etel\u00e4n maut.<\/p>\n<h3>BBQ Aces kommentti<\/h3>\n<p>Eritt\u00e4in mielenkiintoinen naudanlihahieronta, koska sokerin l\u00e4sn\u00e4olon voi selv\u00e4sti tuntea, mutta Kosmon kanssa on turha v\u00e4itell\u00e4, koska h\u00e4n tiet\u00e4\u00e4 mit\u00e4 tekee ja h\u00e4nen tuotteistaan tulee aina hyv\u00e4 tulos. Laita sit\u00e4 rohkeasti pihvin tai rintafileen p\u00e4\u00e4lle.<\/p>\n<h3>Ammattilaisen vinkki<\/h3>\n<p>Kokeile t\u00e4t\u00e4 vapaasti vihannesten kanssa&#8230; jos sinulla on jo pihvi tulessa, miksip\u00e4 ei?<\/p>\n","protected":false},"excerpt":{"rendered":"<p>Valmistaja: Kosmos Q<br \/>\nPaino: 391g<br \/>\nAinesosat: sokeri, suola, valkosipuli, sipuli, mausteet, sitruunamehujauhe, paakkuuntumisenestoaineet.<\/p>\n","protected":false},"featured_media":23496,"comment_status":"open","ping_status":"closed","template":"","meta":[],"product_brand":[],"product_cat":[802],"product_tag":[803],"class_list":{"0":"post-23495","1":"product","2":"type-product","3":"status-publish","4":"has-post-thumbnail","6":"product_cat-sekoitukset","7":"product_tag-karja","9":"first","10":"instock","11":"taxable","12":"shipping-taxable","13":"purchasable","14":"product-type-simple"},"yoast_head":"<!-- This site is optimized with the Yoast SEO plugin v27.4 - https:\/\/yoast.com\/product\/yoast-seo-wordpress\/ -->\n<title>Kosmo&#039;s Q Texas Beef -mausteseos - BBQ \u00c4ssad%<\/title>\n<meta name=\"description\" content=\"Kosmo&#039;s Q Texas Beef Seasoning - Yksinkertainen texasilainen mausteseos, jossa sipuli ja valkosipuli yhdist\u00e4v\u00e4t voimansa tuodakseen naudanlihaan todelliset etel\u00e4n maut.\" \/>\n<meta name=\"robots\" content=\"index, follow, max-snippet:-1, max-image-preview:large, max-video-preview:-1\" \/>\n<link rel=\"canonical\" href=\"https:\/\/bbqassad.ee\/fi\/toode\/kosmos-q-texas-beef-mausteseosta\/\" \/>\n<meta property=\"og:locale\" content=\"fi_FI\" \/>\n<meta property=\"og:type\" content=\"article\" \/>\n<meta property=\"og:title\" content=\"Kosmo&#039;s Q Texas Beef -mausteseos - BBQ \u00c4ssad%\" \/>\n<meta property=\"og:description\" content=\"Kosmo&#039;s Q Texas Beef Seasoning - Yksinkertainen texasilainen mausteseos, jossa sipuli ja valkosipuli yhdist\u00e4v\u00e4t voimansa tuodakseen naudanlihaan todelliset etel\u00e4n maut.\" \/>\n<meta property=\"og:url\" content=\"https:\/\/bbqassad.ee\/fi\/toode\/kosmos-q-texas-beef-mausteseosta\/\" \/>\n<meta property=\"og:site_name\" content=\"BBQ \u00c4ssad\" \/>\n<meta property=\"article:publisher\" content=\"https:\/\/www.facebook.com\/bbqassad\" \/>\n<meta property=\"article:modified_time\" content=\"2026-04-14T06:34:04+00:00\" \/>\n<meta property=\"og:image\" content=\"https:\/\/bbqassad.ee\/wp-content\/uploads\/2022\/12\/cosmosQ-texas-beef.webp\" \/>\n\t<meta property=\"og:image:width\" content=\"800\" \/>\n\t<meta property=\"og:image:height\" content=\"800\" \/>\n\t<meta property=\"og:image:type\" content=\"image\/webp\" \/>\n<meta name=\"twitter:card\" content=\"summary_large_image\" \/>\n<script type=\"application\/ld+json\" class=\"yoast-schema-graph\">{\"@context\":\"https:\\\/\\\/schema.org\",\"@graph\":[{\"@type\":\"WebPage\",\"@id\":\"https:\\\/\\\/bbqassad.ee\\\/fi\\\/toode\\\/kosmos-q-texas-beef-mausteseosta\\\/\",\"url\":\"https:\\\/\\\/bbqassad.ee\\\/fi\\\/toode\\\/kosmos-q-texas-beef-mausteseosta\\\/\",\"name\":\"Kosmo's Q Texas Beef -mausteseos - BBQ \u00c4ssad%\",\"isPartOf\":{\"@id\":\"https:\\\/\\\/bbqassad.ee\\\/fi\\\/#website\"},\"primaryImageOfPage\":{\"@id\":\"https:\\\/\\\/bbqassad.ee\\\/fi\\\/toode\\\/kosmos-q-texas-beef-mausteseosta\\\/#primaryimage\"},\"image\":{\"@id\":\"https:\\\/\\\/bbqassad.ee\\\/fi\\\/toode\\\/kosmos-q-texas-beef-mausteseosta\\\/#primaryimage\"},\"thumbnailUrl\":\"https:\\\/\\\/bbqassad.ee\\\/wp-content\\\/uploads\\\/2022\\\/12\\\/cosmosQ-texas-beef.webp\",\"datePublished\":\"2022-12-07T13:02:12+00:00\",\"dateModified\":\"2026-04-14T06:34:04+00:00\",\"description\":\"Kosmo's Q Texas Beef Seasoning - Yksinkertainen texasilainen mausteseos, jossa sipuli ja valkosipuli yhdist\u00e4v\u00e4t voimansa tuodakseen naudanlihaan todelliset etel\u00e4n maut.\",\"breadcrumb\":{\"@id\":\"https:\\\/\\\/bbqassad.ee\\\/fi\\\/toode\\\/kosmos-q-texas-beef-mausteseosta\\\/#breadcrumb\"},\"inLanguage\":\"fi\",\"potentialAction\":[{\"@type\":\"ReadAction\",\"target\":[\"https:\\\/\\\/bbqassad.ee\\\/fi\\\/toode\\\/kosmos-q-texas-beef-mausteseosta\\\/\"]}]},{\"@type\":\"ImageObject\",\"inLanguage\":\"fi\",\"@id\":\"https:\\\/\\\/bbqassad.ee\\\/fi\\\/toode\\\/kosmos-q-texas-beef-mausteseosta\\\/#primaryimage\",\"url\":\"https:\\\/\\\/bbqassad.ee\\\/wp-content\\\/uploads\\\/2022\\\/12\\\/cosmosQ-texas-beef.webp\",\"contentUrl\":\"https:\\\/\\\/bbqassad.ee\\\/wp-content\\\/uploads\\\/2022\\\/12\\\/cosmosQ-texas-beef.webp\",\"width\":800,\"height\":800,\"caption\":\"Maitseainesegu Kosmo\u2019s Q Texas Beef\"},{\"@type\":\"BreadcrumbList\",\"@id\":\"https:\\\/\\\/bbqassad.ee\\\/fi\\\/toode\\\/kosmos-q-texas-beef-mausteseosta\\\/#breadcrumb\",\"itemListElement\":[{\"@type\":\"ListItem\",\"position\":1,\"name\":\"Home\",\"item\":\"https:\\\/\\\/bbqassad.ee\\\/fi\\\/bbq-assat\\\/\"},{\"@type\":\"ListItem\",\"position\":2,\"name\":\"Verkkokauppa\",\"item\":\"https:\\\/\\\/bbqassad.ee\\\/fi\\\/verkkokauppa\\\/\"},{\"@type\":\"ListItem\",\"position\":3,\"name\":\"Kosmo&#8217;s Q Texas Beef -mausteseos\"}]},{\"@type\":\"WebSite\",\"@id\":\"https:\\\/\\\/bbqassad.ee\\\/fi\\\/#website\",\"url\":\"https:\\\/\\\/bbqassad.ee\\\/fi\\\/\",\"name\":\"BBQ \u00c4ssad\",\"description\":\"BBQ maitseained, kastmed, ahjud\",\"publisher\":{\"@id\":\"https:\\\/\\\/bbqassad.ee\\\/fi\\\/#organization\"},\"potentialAction\":[{\"@type\":\"SearchAction\",\"target\":{\"@type\":\"EntryPoint\",\"urlTemplate\":\"https:\\\/\\\/bbqassad.ee\\\/fi\\\/?s={search_term_string}\"},\"query-input\":{\"@type\":\"PropertyValueSpecification\",\"valueRequired\":true,\"valueName\":\"search_term_string\"}}],\"inLanguage\":\"fi\"},{\"@type\":\"Organization\",\"@id\":\"https:\\\/\\\/bbqassad.ee\\\/fi\\\/#organization\",\"name\":\"BBQ \u00c4ssad\",\"url\":\"https:\\\/\\\/bbqassad.ee\\\/fi\\\/\",\"logo\":{\"@type\":\"ImageObject\",\"inLanguage\":\"fi\",\"@id\":\"https:\\\/\\\/bbqassad.ee\\\/fi\\\/#\\\/schema\\\/logo\\\/image\\\/\",\"url\":\"https:\\\/\\\/bbqassad.ee\\\/wp-content\\\/uploads\\\/2022\\\/10\\\/BBQ-2ssadlogo.png\",\"contentUrl\":\"https:\\\/\\\/bbqassad.ee\\\/wp-content\\\/uploads\\\/2022\\\/10\\\/BBQ-2ssadlogo.png\",\"width\":1080,\"height\":1080,\"caption\":\"BBQ \u00c4ssad\"},\"image\":{\"@id\":\"https:\\\/\\\/bbqassad.ee\\\/fi\\\/#\\\/schema\\\/logo\\\/image\\\/\"},\"sameAs\":[\"https:\\\/\\\/www.facebook.com\\\/bbqassad\",\"https:\\\/\\\/www.youtube.com\\\/channel\\\/UCsoufn49J6TVi9Ah9meE93w\"]}]}<\/script>\n<!-- \/ Yoast SEO plugin. -->","yoast_head_json":{"title":"Kosmo's Q Texas Beef -mausteseos - BBQ \u00c4ssad%","description":"Kosmo's Q Texas Beef Seasoning - Yksinkertainen texasilainen mausteseos, jossa sipuli ja valkosipuli yhdist\u00e4v\u00e4t voimansa tuodakseen naudanlihaan todelliset etel\u00e4n maut.","robots":{"index":"index","follow":"follow","max-snippet":"max-snippet:-1","max-image-preview":"max-image-preview:large","max-video-preview":"max-video-preview:-1"},"canonical":"https:\/\/bbqassad.ee\/fi\/toode\/kosmos-q-texas-beef-mausteseosta\/","og_locale":"fi_FI","og_type":"article","og_title":"Kosmo's Q Texas Beef -mausteseos - BBQ \u00c4ssad%","og_description":"Kosmo's Q Texas Beef Seasoning - Yksinkertainen texasilainen mausteseos, jossa sipuli ja valkosipuli yhdist\u00e4v\u00e4t voimansa tuodakseen naudanlihaan todelliset etel\u00e4n maut.","og_url":"https:\/\/bbqassad.ee\/fi\/toode\/kosmos-q-texas-beef-mausteseosta\/","og_site_name":"BBQ \u00c4ssad","article_publisher":"https:\/\/www.facebook.com\/bbqassad","article_modified_time":"2026-04-14T06:34:04+00:00","og_image":[{"width":800,"height":800,"url":"https:\/\/bbqassad.ee\/wp-content\/uploads\/2022\/12\/cosmosQ-texas-beef.webp","type":"image\/webp"}],"twitter_card":"summary_large_image","schema":{"@context":"https:\/\/schema.org","@graph":[{"@type":"WebPage","@id":"https:\/\/bbqassad.ee\/fi\/toode\/kosmos-q-texas-beef-mausteseosta\/","url":"https:\/\/bbqassad.ee\/fi\/toode\/kosmos-q-texas-beef-mausteseosta\/","name":"Kosmo's Q Texas Beef -mausteseos - BBQ \u00c4ssad%","isPartOf":{"@id":"https:\/\/bbqassad.ee\/fi\/#website"},"primaryImageOfPage":{"@id":"https:\/\/bbqassad.ee\/fi\/toode\/kosmos-q-texas-beef-mausteseosta\/#primaryimage"},"image":{"@id":"https:\/\/bbqassad.ee\/fi\/toode\/kosmos-q-texas-beef-mausteseosta\/#primaryimage"},"thumbnailUrl":"https:\/\/bbqassad.ee\/wp-content\/uploads\/2022\/12\/cosmosQ-texas-beef.webp","datePublished":"2022-12-07T13:02:12+00:00","dateModified":"2026-04-14T06:34:04+00:00","description":"Kosmo's Q Texas Beef Seasoning - Yksinkertainen texasilainen mausteseos, jossa sipuli ja valkosipuli yhdist\u00e4v\u00e4t voimansa tuodakseen naudanlihaan todelliset etel\u00e4n maut.","breadcrumb":{"@id":"https:\/\/bbqassad.ee\/fi\/toode\/kosmos-q-texas-beef-mausteseosta\/#breadcrumb"},"inLanguage":"fi","potentialAction":[{"@type":"ReadAction","target":["https:\/\/bbqassad.ee\/fi\/toode\/kosmos-q-texas-beef-mausteseosta\/"]}]},{"@type":"ImageObject","inLanguage":"fi","@id":"https:\/\/bbqassad.ee\/fi\/toode\/kosmos-q-texas-beef-mausteseosta\/#primaryimage","url":"https:\/\/bbqassad.ee\/wp-content\/uploads\/2022\/12\/cosmosQ-texas-beef.webp","contentUrl":"https:\/\/bbqassad.ee\/wp-content\/uploads\/2022\/12\/cosmosQ-texas-beef.webp","width":800,"height":800,"caption":"Maitseainesegu Kosmo\u2019s Q Texas Beef"},{"@type":"BreadcrumbList","@id":"https:\/\/bbqassad.ee\/fi\/toode\/kosmos-q-texas-beef-mausteseosta\/#breadcrumb","itemListElement":[{"@type":"ListItem","position":1,"name":"Home","item":"https:\/\/bbqassad.ee\/fi\/bbq-assat\/"},{"@type":"ListItem","position":2,"name":"Verkkokauppa","item":"https:\/\/bbqassad.ee\/fi\/verkkokauppa\/"},{"@type":"ListItem","position":3,"name":"Kosmo&#8217;s Q Texas Beef -mausteseos"}]},{"@type":"WebSite","@id":"https:\/\/bbqassad.ee\/fi\/#website","url":"https:\/\/bbqassad.ee\/fi\/","name":"BBQ \u00c4ssad","description":"BBQ maitseained, kastmed, ahjud","publisher":{"@id":"https:\/\/bbqassad.ee\/fi\/#organization"},"potentialAction":[{"@type":"SearchAction","target":{"@type":"EntryPoint","urlTemplate":"https:\/\/bbqassad.ee\/fi\/?s={search_term_string}"},"query-input":{"@type":"PropertyValueSpecification","valueRequired":true,"valueName":"search_term_string"}}],"inLanguage":"fi"},{"@type":"Organization","@id":"https:\/\/bbqassad.ee\/fi\/#organization","name":"BBQ \u00c4ssad","url":"https:\/\/bbqassad.ee\/fi\/","logo":{"@type":"ImageObject","inLanguage":"fi","@id":"https:\/\/bbqassad.ee\/fi\/#\/schema\/logo\/image\/","url":"https:\/\/bbqassad.ee\/wp-content\/uploads\/2022\/10\/BBQ-2ssadlogo.png","contentUrl":"https:\/\/bbqassad.ee\/wp-content\/uploads\/2022\/10\/BBQ-2ssadlogo.png","width":1080,"height":1080,"caption":"BBQ \u00c4ssad"},"image":{"@id":"https:\/\/bbqassad.ee\/fi\/#\/schema\/logo\/image\/"},"sameAs":["https:\/\/www.facebook.com\/bbqassad","https:\/\/www.youtube.com\/channel\/UCsoufn49J6TVi9Ah9meE93w"]}]}},"_links":{"self":[{"href":"https:\/\/bbqassad.ee\/fi\/wp-json\/wp\/v2\/product\/23495","targetHints":{"allow":["GET"]}}],"collection":[{"href":"https:\/\/bbqassad.ee\/fi\/wp-json\/wp\/v2\/product"}],"about":[{"href":"https:\/\/bbqassad.ee\/fi\/wp-json\/wp\/v2\/types\/product"}],"replies":[{"embeddable":true,"href":"https:\/\/bbqassad.ee\/fi\/wp-json\/wp\/v2\/comments?post=23495"}],"wp:featuredmedia":[{"embeddable":true,"href":"https:\/\/bbqassad.ee\/fi\/wp-json\/wp\/v2\/media\/23496"}],"wp:attachment":[{"href":"https:\/\/bbqassad.ee\/fi\/wp-json\/wp\/v2\/media?parent=23495"}],"wp:term":[{"taxonomy":"product_brand","embeddable":true,"href":"https:\/\/bbqassad.ee\/fi\/wp-json\/wp\/v2\/product_brand?post=23495"},{"taxonomy":"product_cat","embeddable":true,"href":"https:\/\/bbqassad.ee\/fi\/wp-json\/wp\/v2\/product_cat?post=23495"},{"taxonomy":"product_tag","embeddable":true,"href":"https:\/\/bbqassad.ee\/fi\/wp-json\/wp\/v2\/product_tag?post=23495"}],"curies":[{"name":"wp","href":"https:\/\/api.w.org\/{rel}","templated":true}]}}