{"id":23492,"date":"2022-12-07T13:13:25","date_gmt":"2022-12-07T13:13:25","guid":{"rendered":"https:\/\/bbqassad.ee\/toode\/kosmos-q-cow-cover-mausteseos\/"},"modified":"2026-04-14T06:34:04","modified_gmt":"2026-04-14T06:34:04","slug":"kosmos-q-cow-cover-mausteseos","status":"publish","type":"product","link":"https:\/\/bbqassad.ee\/fi\/toode\/kosmos-q-cow-cover-mausteseos\/","title":{"rendered":"Kosmo&#8217;s Q Cow Cover -mausteseos"},"content":{"rendered":"<h2>Mausteseos Lehm\u00e4n kansi<\/h2>\n<p>Kosmo&#8217;s Q Cow Cover &#8211; T\u00e4m\u00e4 hankausaine on tarkoitettu k\u00e4ytett\u00e4v\u00e4ksi suoraan karjalle. Kauniin punainen ja kiinte\u00e4 sekoitus kaikkea, mik\u00e4 sopii naudanlihaan. Olipa kyse sitten pihveist\u00e4 tai hampurilaisista, Cow Cover tekee kaikesta parempaa.  <\/p>\n<h3>BBQ Aces kommentti<\/h3>\n<p>Mit\u00e4 Kosmoksen juttuihin tulee, t\u00e4m\u00e4 veli on todellinen pihvihullu, jopa niin paljon, ett\u00e4 h\u00e4n on pihvien paistamisen maailmanmestari. Yksi voittoon k\u00e4ytetyist\u00e4 sekoituksista oli Cow Cover. <\/p>\n<h3>Ammattilaisen vinkki<\/h3>\n<p>\u00c4l\u00e4 laita pihvisi p\u00e4\u00e4lle vain suolaa ja pippuria, vaan ole rohkea, laita p\u00e4\u00e4lle Cow cover, niin et en\u00e4\u00e4 koskaan laita pihvisi p\u00e4\u00e4lle suolaa ja pippuria.<\/p>\n","protected":false},"excerpt":{"rendered":"<p>Valmistaja: Kosmos Q<br \/>\nPaino: 297g<br \/>\nAinesosat: suola, chili ja muut paprikat, sokeri, valkosipuli, sipuli, paprika, luonnollinen hikkorysavuaromi, soijapavut.<\/p>\n","protected":false},"featured_media":23493,"comment_status":"open","ping_status":"closed","template":"","meta":[],"product_brand":[],"product_cat":[802],"product_tag":[803],"class_list":{"0":"post-23492","1":"product","2":"type-product","3":"status-publish","4":"has-post-thumbnail","6":"product_cat-sekoitukset","7":"product_tag-karja","9":"first","10":"instock","11":"taxable","12":"shipping-taxable","13":"purchasable","14":"product-type-simple"},"yoast_head":"<!-- This site is optimized with the Yoast SEO plugin v27.4 - https:\/\/yoast.com\/product\/yoast-seo-wordpress\/ -->\n<title>Kosmo&#039;s Q Cow Cover -mausteseos - BBQ \u00c4ssad%<\/title>\n<meta name=\"description\" content=\"Kosmo&#039;s Q Cow Cover - Kauniin punainen ja kiinte\u00e4 sekoitus kaikkea, mik\u00e4 sopii naudanlihaan. Olipa kyse sitten pihveist\u00e4 tai hampurilaisista.\" \/>\n<meta name=\"robots\" content=\"index, follow, max-snippet:-1, max-image-preview:large, max-video-preview:-1\" \/>\n<link rel=\"canonical\" href=\"https:\/\/bbqassad.ee\/fi\/toode\/kosmos-q-cow-cover-mausteseos\/\" \/>\n<meta property=\"og:locale\" content=\"fi_FI\" \/>\n<meta property=\"og:type\" content=\"article\" \/>\n<meta property=\"og:title\" content=\"Kosmo&#039;s Q Cow Cover -mausteseos - BBQ \u00c4ssad%\" \/>\n<meta property=\"og:description\" content=\"Kosmo&#039;s Q Cow Cover - Kauniin punainen ja kiinte\u00e4 sekoitus kaikkea, mik\u00e4 sopii naudanlihaan. Olipa kyse sitten pihveist\u00e4 tai hampurilaisista.\" \/>\n<meta property=\"og:url\" content=\"https:\/\/bbqassad.ee\/fi\/toode\/kosmos-q-cow-cover-mausteseos\/\" \/>\n<meta property=\"og:site_name\" content=\"BBQ \u00c4ssad\" \/>\n<meta property=\"article:publisher\" content=\"https:\/\/www.facebook.com\/bbqassad\" \/>\n<meta property=\"article:modified_time\" content=\"2026-04-14T06:34:04+00:00\" \/>\n<meta property=\"og:image\" content=\"https:\/\/bbqassad.ee\/wp-content\/uploads\/2022\/12\/KosmosQ-cow-cover.webp\" \/>\n\t<meta property=\"og:image:width\" content=\"800\" \/>\n\t<meta property=\"og:image:height\" content=\"800\" \/>\n\t<meta property=\"og:image:type\" content=\"image\/webp\" \/>\n<meta name=\"twitter:card\" content=\"summary_large_image\" \/>\n<meta name=\"twitter:label1\" content=\"Arvioitu lukuaika\" \/>\n\t<meta name=\"twitter:data1\" content=\"1 minuutti\" \/>\n<script type=\"application\/ld+json\" class=\"yoast-schema-graph\">{\"@context\":\"https:\\\/\\\/schema.org\",\"@graph\":[{\"@type\":\"WebPage\",\"@id\":\"https:\\\/\\\/bbqassad.ee\\\/fi\\\/toode\\\/kosmos-q-cow-cover-mausteseos\\\/\",\"url\":\"https:\\\/\\\/bbqassad.ee\\\/fi\\\/toode\\\/kosmos-q-cow-cover-mausteseos\\\/\",\"name\":\"Kosmo's Q Cow Cover -mausteseos - BBQ \u00c4ssad%\",\"isPartOf\":{\"@id\":\"https:\\\/\\\/bbqassad.ee\\\/fi\\\/#website\"},\"primaryImageOfPage\":{\"@id\":\"https:\\\/\\\/bbqassad.ee\\\/fi\\\/toode\\\/kosmos-q-cow-cover-mausteseos\\\/#primaryimage\"},\"image\":{\"@id\":\"https:\\\/\\\/bbqassad.ee\\\/fi\\\/toode\\\/kosmos-q-cow-cover-mausteseos\\\/#primaryimage\"},\"thumbnailUrl\":\"https:\\\/\\\/bbqassad.ee\\\/wp-content\\\/uploads\\\/2022\\\/12\\\/KosmosQ-cow-cover.webp\",\"datePublished\":\"2022-12-07T13:13:25+00:00\",\"dateModified\":\"2026-04-14T06:34:04+00:00\",\"description\":\"Kosmo's Q Cow Cover - Kauniin punainen ja kiinte\u00e4 sekoitus kaikkea, mik\u00e4 sopii naudanlihaan. Olipa kyse sitten pihveist\u00e4 tai hampurilaisista.\",\"breadcrumb\":{\"@id\":\"https:\\\/\\\/bbqassad.ee\\\/fi\\\/toode\\\/kosmos-q-cow-cover-mausteseos\\\/#breadcrumb\"},\"inLanguage\":\"fi\",\"potentialAction\":[{\"@type\":\"ReadAction\",\"target\":[\"https:\\\/\\\/bbqassad.ee\\\/fi\\\/toode\\\/kosmos-q-cow-cover-mausteseos\\\/\"]}]},{\"@type\":\"ImageObject\",\"inLanguage\":\"fi\",\"@id\":\"https:\\\/\\\/bbqassad.ee\\\/fi\\\/toode\\\/kosmos-q-cow-cover-mausteseos\\\/#primaryimage\",\"url\":\"https:\\\/\\\/bbqassad.ee\\\/wp-content\\\/uploads\\\/2022\\\/12\\\/KosmosQ-cow-cover.webp\",\"contentUrl\":\"https:\\\/\\\/bbqassad.ee\\\/wp-content\\\/uploads\\\/2022\\\/12\\\/KosmosQ-cow-cover.webp\",\"width\":800,\"height\":800,\"caption\":\"Maitseainesegu Kosmo\u2019s Q Cow Cover\"},{\"@type\":\"BreadcrumbList\",\"@id\":\"https:\\\/\\\/bbqassad.ee\\\/fi\\\/toode\\\/kosmos-q-cow-cover-mausteseos\\\/#breadcrumb\",\"itemListElement\":[{\"@type\":\"ListItem\",\"position\":1,\"name\":\"Home\",\"item\":\"https:\\\/\\\/bbqassad.ee\\\/fi\\\/bbq-assat\\\/\"},{\"@type\":\"ListItem\",\"position\":2,\"name\":\"Verkkokauppa\",\"item\":\"https:\\\/\\\/bbqassad.ee\\\/fi\\\/verkkokauppa\\\/\"},{\"@type\":\"ListItem\",\"position\":3,\"name\":\"Kosmo&#8217;s Q Cow Cover -mausteseos\"}]},{\"@type\":\"WebSite\",\"@id\":\"https:\\\/\\\/bbqassad.ee\\\/fi\\\/#website\",\"url\":\"https:\\\/\\\/bbqassad.ee\\\/fi\\\/\",\"name\":\"BBQ \u00c4ssad\",\"description\":\"BBQ maitseained, kastmed, ahjud\",\"publisher\":{\"@id\":\"https:\\\/\\\/bbqassad.ee\\\/fi\\\/#organization\"},\"potentialAction\":[{\"@type\":\"SearchAction\",\"target\":{\"@type\":\"EntryPoint\",\"urlTemplate\":\"https:\\\/\\\/bbqassad.ee\\\/fi\\\/?s={search_term_string}\"},\"query-input\":{\"@type\":\"PropertyValueSpecification\",\"valueRequired\":true,\"valueName\":\"search_term_string\"}}],\"inLanguage\":\"fi\"},{\"@type\":\"Organization\",\"@id\":\"https:\\\/\\\/bbqassad.ee\\\/fi\\\/#organization\",\"name\":\"BBQ \u00c4ssad\",\"url\":\"https:\\\/\\\/bbqassad.ee\\\/fi\\\/\",\"logo\":{\"@type\":\"ImageObject\",\"inLanguage\":\"fi\",\"@id\":\"https:\\\/\\\/bbqassad.ee\\\/fi\\\/#\\\/schema\\\/logo\\\/image\\\/\",\"url\":\"https:\\\/\\\/bbqassad.ee\\\/wp-content\\\/uploads\\\/2022\\\/10\\\/BBQ-2ssadlogo.png\",\"contentUrl\":\"https:\\\/\\\/bbqassad.ee\\\/wp-content\\\/uploads\\\/2022\\\/10\\\/BBQ-2ssadlogo.png\",\"width\":1080,\"height\":1080,\"caption\":\"BBQ \u00c4ssad\"},\"image\":{\"@id\":\"https:\\\/\\\/bbqassad.ee\\\/fi\\\/#\\\/schema\\\/logo\\\/image\\\/\"},\"sameAs\":[\"https:\\\/\\\/www.facebook.com\\\/bbqassad\",\"https:\\\/\\\/www.youtube.com\\\/channel\\\/UCsoufn49J6TVi9Ah9meE93w\"]}]}<\/script>\n<!-- \/ Yoast SEO plugin. -->","yoast_head_json":{"title":"Kosmo's Q Cow Cover -mausteseos - BBQ \u00c4ssad%","description":"Kosmo's Q Cow Cover - Kauniin punainen ja kiinte\u00e4 sekoitus kaikkea, mik\u00e4 sopii naudanlihaan. Olipa kyse sitten pihveist\u00e4 tai hampurilaisista.","robots":{"index":"index","follow":"follow","max-snippet":"max-snippet:-1","max-image-preview":"max-image-preview:large","max-video-preview":"max-video-preview:-1"},"canonical":"https:\/\/bbqassad.ee\/fi\/toode\/kosmos-q-cow-cover-mausteseos\/","og_locale":"fi_FI","og_type":"article","og_title":"Kosmo's Q Cow Cover -mausteseos - BBQ \u00c4ssad%","og_description":"Kosmo's Q Cow Cover - Kauniin punainen ja kiinte\u00e4 sekoitus kaikkea, mik\u00e4 sopii naudanlihaan. Olipa kyse sitten pihveist\u00e4 tai hampurilaisista.","og_url":"https:\/\/bbqassad.ee\/fi\/toode\/kosmos-q-cow-cover-mausteseos\/","og_site_name":"BBQ \u00c4ssad","article_publisher":"https:\/\/www.facebook.com\/bbqassad","article_modified_time":"2026-04-14T06:34:04+00:00","og_image":[{"width":800,"height":800,"url":"https:\/\/bbqassad.ee\/wp-content\/uploads\/2022\/12\/KosmosQ-cow-cover.webp","type":"image\/webp"}],"twitter_card":"summary_large_image","twitter_misc":{"Arvioitu lukuaika":"1 minuutti"},"schema":{"@context":"https:\/\/schema.org","@graph":[{"@type":"WebPage","@id":"https:\/\/bbqassad.ee\/fi\/toode\/kosmos-q-cow-cover-mausteseos\/","url":"https:\/\/bbqassad.ee\/fi\/toode\/kosmos-q-cow-cover-mausteseos\/","name":"Kosmo's Q Cow Cover -mausteseos - BBQ \u00c4ssad%","isPartOf":{"@id":"https:\/\/bbqassad.ee\/fi\/#website"},"primaryImageOfPage":{"@id":"https:\/\/bbqassad.ee\/fi\/toode\/kosmos-q-cow-cover-mausteseos\/#primaryimage"},"image":{"@id":"https:\/\/bbqassad.ee\/fi\/toode\/kosmos-q-cow-cover-mausteseos\/#primaryimage"},"thumbnailUrl":"https:\/\/bbqassad.ee\/wp-content\/uploads\/2022\/12\/KosmosQ-cow-cover.webp","datePublished":"2022-12-07T13:13:25+00:00","dateModified":"2026-04-14T06:34:04+00:00","description":"Kosmo's Q Cow Cover - Kauniin punainen ja kiinte\u00e4 sekoitus kaikkea, mik\u00e4 sopii naudanlihaan. Olipa kyse sitten pihveist\u00e4 tai hampurilaisista.","breadcrumb":{"@id":"https:\/\/bbqassad.ee\/fi\/toode\/kosmos-q-cow-cover-mausteseos\/#breadcrumb"},"inLanguage":"fi","potentialAction":[{"@type":"ReadAction","target":["https:\/\/bbqassad.ee\/fi\/toode\/kosmos-q-cow-cover-mausteseos\/"]}]},{"@type":"ImageObject","inLanguage":"fi","@id":"https:\/\/bbqassad.ee\/fi\/toode\/kosmos-q-cow-cover-mausteseos\/#primaryimage","url":"https:\/\/bbqassad.ee\/wp-content\/uploads\/2022\/12\/KosmosQ-cow-cover.webp","contentUrl":"https:\/\/bbqassad.ee\/wp-content\/uploads\/2022\/12\/KosmosQ-cow-cover.webp","width":800,"height":800,"caption":"Maitseainesegu Kosmo\u2019s Q Cow Cover"},{"@type":"BreadcrumbList","@id":"https:\/\/bbqassad.ee\/fi\/toode\/kosmos-q-cow-cover-mausteseos\/#breadcrumb","itemListElement":[{"@type":"ListItem","position":1,"name":"Home","item":"https:\/\/bbqassad.ee\/fi\/bbq-assat\/"},{"@type":"ListItem","position":2,"name":"Verkkokauppa","item":"https:\/\/bbqassad.ee\/fi\/verkkokauppa\/"},{"@type":"ListItem","position":3,"name":"Kosmo&#8217;s Q Cow Cover -mausteseos"}]},{"@type":"WebSite","@id":"https:\/\/bbqassad.ee\/fi\/#website","url":"https:\/\/bbqassad.ee\/fi\/","name":"BBQ \u00c4ssad","description":"BBQ maitseained, kastmed, ahjud","publisher":{"@id":"https:\/\/bbqassad.ee\/fi\/#organization"},"potentialAction":[{"@type":"SearchAction","target":{"@type":"EntryPoint","urlTemplate":"https:\/\/bbqassad.ee\/fi\/?s={search_term_string}"},"query-input":{"@type":"PropertyValueSpecification","valueRequired":true,"valueName":"search_term_string"}}],"inLanguage":"fi"},{"@type":"Organization","@id":"https:\/\/bbqassad.ee\/fi\/#organization","name":"BBQ \u00c4ssad","url":"https:\/\/bbqassad.ee\/fi\/","logo":{"@type":"ImageObject","inLanguage":"fi","@id":"https:\/\/bbqassad.ee\/fi\/#\/schema\/logo\/image\/","url":"https:\/\/bbqassad.ee\/wp-content\/uploads\/2022\/10\/BBQ-2ssadlogo.png","contentUrl":"https:\/\/bbqassad.ee\/wp-content\/uploads\/2022\/10\/BBQ-2ssadlogo.png","width":1080,"height":1080,"caption":"BBQ \u00c4ssad"},"image":{"@id":"https:\/\/bbqassad.ee\/fi\/#\/schema\/logo\/image\/"},"sameAs":["https:\/\/www.facebook.com\/bbqassad","https:\/\/www.youtube.com\/channel\/UCsoufn49J6TVi9Ah9meE93w"]}]}},"_links":{"self":[{"href":"https:\/\/bbqassad.ee\/fi\/wp-json\/wp\/v2\/product\/23492","targetHints":{"allow":["GET"]}}],"collection":[{"href":"https:\/\/bbqassad.ee\/fi\/wp-json\/wp\/v2\/product"}],"about":[{"href":"https:\/\/bbqassad.ee\/fi\/wp-json\/wp\/v2\/types\/product"}],"replies":[{"embeddable":true,"href":"https:\/\/bbqassad.ee\/fi\/wp-json\/wp\/v2\/comments?post=23492"}],"wp:featuredmedia":[{"embeddable":true,"href":"https:\/\/bbqassad.ee\/fi\/wp-json\/wp\/v2\/media\/23493"}],"wp:attachment":[{"href":"https:\/\/bbqassad.ee\/fi\/wp-json\/wp\/v2\/media?parent=23492"}],"wp:term":[{"taxonomy":"product_brand","embeddable":true,"href":"https:\/\/bbqassad.ee\/fi\/wp-json\/wp\/v2\/product_brand?post=23492"},{"taxonomy":"product_cat","embeddable":true,"href":"https:\/\/bbqassad.ee\/fi\/wp-json\/wp\/v2\/product_cat?post=23492"},{"taxonomy":"product_tag","embeddable":true,"href":"https:\/\/bbqassad.ee\/fi\/wp-json\/wp\/v2\/product_tag?post=23492"}],"curies":[{"name":"wp","href":"https:\/\/api.w.org\/{rel}","templated":true}]}}