{"id":23490,"date":"2022-12-07T16:02:10","date_gmt":"2022-12-07T16:02:10","guid":{"rendered":"https:\/\/bbqassad.ee\/toode\/kosmos-q-dirty-bird-chicken-rub-mausteseos-kosmos-q-dirty-bird-chicken-rub\/"},"modified":"2026-04-20T07:12:24","modified_gmt":"2026-04-20T07:12:24","slug":"kosmos-q-dirty-bird-chicken-rub-mausteseos-kosmos-q-dirty-bird-chicken-rub","status":"publish","type":"product","link":"https:\/\/bbqassad.ee\/fi\/toode\/kosmos-q-dirty-bird-chicken-rub-mausteseos-kosmos-q-dirty-bird-chicken-rub\/","title":{"rendered":"Kosmo&#8217;s Q Dirty Bird Chicken Rub -mausteseos"},"content":{"rendered":"<h2>Mausteseos Dirty Bird Chicken Rub<\/h2>\n<p>Kosmo&#8217;s Q Dirty Bird Chicken Rub &#8211; Kun puhutaan maailmankuuluista sekoituksista, ei ole kuuluisampaa kuin t\u00e4m\u00e4 &#8211; Dirty bird &#8211; THIS IS IT! Voittaaksesi sinun on joskus pelattava likaista peli\u00e4, ja juuri sen t\u00e4m\u00e4 rub lupaa &#8211; hieno sekoitus, jossa on pieni ripaus pippuria. <\/p>\n<h3>BBQ Aces kommentti<\/h3>\n<p>Legendaarisempaa kuin Cosmosin Dirty Bird ei olekaan. Se on eritt\u00e4in suosittu sekoitus, ja mik\u00e4 on salaisuus, se on ollut kaapissamme jo vuosia ja sit\u00e4 on k\u00e4ytetty hyv\u00e4ksi. Laita sit\u00e4 kanan p\u00e4\u00e4lle, melkeinp\u00e4 rohkeasti, sill\u00e4 nuo paprikat siin\u00e4 voivat saada suupielet valumaan, jos niit\u00e4 roiskuu liikaa.  <\/p>\n<h3>Ammattilaisen vinkki<\/h3>\n<p>Se on tehty kanavaa varten, mutta en keksi mit\u00e4\u00e4n, mihin sit\u00e4 ei voisi k\u00e4ytt\u00e4\u00e4.<\/p>\n","protected":false},"excerpt":{"rendered":"<p>Valmistaja: Kosmos Q<br \/>\nPaino: 311g<br \/>\nAinesosat: suola, sokeri, chili ja muut mausteet, ruskea sokeri, paprika, valkosipuli, sipuli, paakkuuntumisenestoaineet.<\/p>\n","protected":false},"featured_media":23491,"comment_status":"open","ping_status":"closed","template":"","meta":[],"product_brand":[],"product_cat":[802],"product_tag":[790],"class_list":{"0":"post-23490","1":"product","2":"type-product","3":"status-publish","4":"has-post-thumbnail","6":"product_cat-sekoitukset","7":"product_tag-kana","9":"first","10":"instock","11":"taxable","12":"shipping-taxable","13":"purchasable","14":"product-type-simple"},"yoast_head":"<!-- This site is optimized with the Yoast SEO plugin v27.4 - https:\/\/yoast.com\/product\/yoast-seo-wordpress\/ -->\n<title>Kosmo&#039;s Q Dirty Bird Chicken Rub -mausteseos - BBQ \u00c4ssad%<\/title>\n<meta name=\"description\" content=\"Kosmo&#039;s Q Dirty Bird Chicken Rub. Laita sit\u00e4 kanan p\u00e4\u00e4lle, melkeinp\u00e4 rohkeasti, sill\u00e4 nuo paprikat voivat tehd\u00e4 suusi kuumaksi, jos niit\u00e4 l\u00e4ikytt\u00e4\u00e4 liikaa.\" \/>\n<meta name=\"robots\" content=\"index, follow, max-snippet:-1, max-image-preview:large, max-video-preview:-1\" \/>\n<link rel=\"canonical\" href=\"https:\/\/bbqassad.ee\/fi\/toode\/kosmos-q-dirty-bird-chicken-rub-mausteseos-kosmos-q-dirty-bird-chicken-rub\/\" \/>\n<meta property=\"og:locale\" content=\"fi_FI\" \/>\n<meta property=\"og:type\" content=\"article\" \/>\n<meta property=\"og:title\" content=\"Kosmo&#039;s Q Dirty Bird Chicken Rub -mausteseos - BBQ \u00c4ssad%\" \/>\n<meta property=\"og:description\" content=\"Kosmo&#039;s Q Dirty Bird Chicken Rub. Laita sit\u00e4 kanan p\u00e4\u00e4lle, melkeinp\u00e4 rohkeasti, sill\u00e4 nuo paprikat voivat tehd\u00e4 suusi kuumaksi, jos niit\u00e4 l\u00e4ikytt\u00e4\u00e4 liikaa.\" \/>\n<meta property=\"og:url\" content=\"https:\/\/bbqassad.ee\/fi\/toode\/kosmos-q-dirty-bird-chicken-rub-mausteseos-kosmos-q-dirty-bird-chicken-rub\/\" \/>\n<meta property=\"og:site_name\" content=\"BBQ \u00c4ssad\" \/>\n<meta property=\"article:publisher\" content=\"https:\/\/www.facebook.com\/bbqassad\" \/>\n<meta property=\"article:modified_time\" content=\"2026-04-20T07:12:24+00:00\" \/>\n<meta property=\"og:image\" content=\"https:\/\/bbqassad.ee\/wp-content\/uploads\/2022\/12\/KosmosQ-dirty-bird.webp\" \/>\n\t<meta property=\"og:image:width\" content=\"800\" \/>\n\t<meta property=\"og:image:height\" content=\"800\" \/>\n\t<meta property=\"og:image:type\" content=\"image\/webp\" \/>\n<meta name=\"twitter:card\" content=\"summary_large_image\" \/>\n<meta name=\"twitter:label1\" content=\"Arvioitu lukuaika\" \/>\n\t<meta name=\"twitter:data1\" content=\"1 minuutti\" \/>\n<script type=\"application\/ld+json\" class=\"yoast-schema-graph\">{\"@context\":\"https:\\\/\\\/schema.org\",\"@graph\":[{\"@type\":\"WebPage\",\"@id\":\"https:\\\/\\\/bbqassad.ee\\\/fi\\\/toode\\\/kosmos-q-dirty-bird-chicken-rub-mausteseos-kosmos-q-dirty-bird-chicken-rub\\\/\",\"url\":\"https:\\\/\\\/bbqassad.ee\\\/fi\\\/toode\\\/kosmos-q-dirty-bird-chicken-rub-mausteseos-kosmos-q-dirty-bird-chicken-rub\\\/\",\"name\":\"Kosmo's Q Dirty Bird Chicken Rub -mausteseos - BBQ \u00c4ssad%\",\"isPartOf\":{\"@id\":\"https:\\\/\\\/bbqassad.ee\\\/fi\\\/#website\"},\"primaryImageOfPage\":{\"@id\":\"https:\\\/\\\/bbqassad.ee\\\/fi\\\/toode\\\/kosmos-q-dirty-bird-chicken-rub-mausteseos-kosmos-q-dirty-bird-chicken-rub\\\/#primaryimage\"},\"image\":{\"@id\":\"https:\\\/\\\/bbqassad.ee\\\/fi\\\/toode\\\/kosmos-q-dirty-bird-chicken-rub-mausteseos-kosmos-q-dirty-bird-chicken-rub\\\/#primaryimage\"},\"thumbnailUrl\":\"https:\\\/\\\/bbqassad.ee\\\/wp-content\\\/uploads\\\/2022\\\/12\\\/KosmosQ-dirty-bird.webp\",\"datePublished\":\"2022-12-07T16:02:10+00:00\",\"dateModified\":\"2026-04-20T07:12:24+00:00\",\"description\":\"Kosmo's Q Dirty Bird Chicken Rub. Laita sit\u00e4 kanan p\u00e4\u00e4lle, melkeinp\u00e4 rohkeasti, sill\u00e4 nuo paprikat voivat tehd\u00e4 suusi kuumaksi, jos niit\u00e4 l\u00e4ikytt\u00e4\u00e4 liikaa.\",\"breadcrumb\":{\"@id\":\"https:\\\/\\\/bbqassad.ee\\\/fi\\\/toode\\\/kosmos-q-dirty-bird-chicken-rub-mausteseos-kosmos-q-dirty-bird-chicken-rub\\\/#breadcrumb\"},\"inLanguage\":\"fi\",\"potentialAction\":[{\"@type\":\"ReadAction\",\"target\":[\"https:\\\/\\\/bbqassad.ee\\\/fi\\\/toode\\\/kosmos-q-dirty-bird-chicken-rub-mausteseos-kosmos-q-dirty-bird-chicken-rub\\\/\"]}]},{\"@type\":\"ImageObject\",\"inLanguage\":\"fi\",\"@id\":\"https:\\\/\\\/bbqassad.ee\\\/fi\\\/toode\\\/kosmos-q-dirty-bird-chicken-rub-mausteseos-kosmos-q-dirty-bird-chicken-rub\\\/#primaryimage\",\"url\":\"https:\\\/\\\/bbqassad.ee\\\/wp-content\\\/uploads\\\/2022\\\/12\\\/KosmosQ-dirty-bird.webp\",\"contentUrl\":\"https:\\\/\\\/bbqassad.ee\\\/wp-content\\\/uploads\\\/2022\\\/12\\\/KosmosQ-dirty-bird.webp\",\"width\":800,\"height\":800,\"caption\":\"Maitseainesegu Dirty Bird Chicken Rub\"},{\"@type\":\"BreadcrumbList\",\"@id\":\"https:\\\/\\\/bbqassad.ee\\\/fi\\\/toode\\\/kosmos-q-dirty-bird-chicken-rub-mausteseos-kosmos-q-dirty-bird-chicken-rub\\\/#breadcrumb\",\"itemListElement\":[{\"@type\":\"ListItem\",\"position\":1,\"name\":\"Home\",\"item\":\"https:\\\/\\\/bbqassad.ee\\\/fi\\\/bbq-assat\\\/\"},{\"@type\":\"ListItem\",\"position\":2,\"name\":\"Verkkokauppa\",\"item\":\"https:\\\/\\\/bbqassad.ee\\\/fi\\\/verkkokauppa\\\/\"},{\"@type\":\"ListItem\",\"position\":3,\"name\":\"Kosmo&#8217;s Q Dirty Bird Chicken Rub -mausteseos\"}]},{\"@type\":\"WebSite\",\"@id\":\"https:\\\/\\\/bbqassad.ee\\\/fi\\\/#website\",\"url\":\"https:\\\/\\\/bbqassad.ee\\\/fi\\\/\",\"name\":\"BBQ \u00c4ssad\",\"description\":\"BBQ maitseained, kastmed, ahjud\",\"publisher\":{\"@id\":\"https:\\\/\\\/bbqassad.ee\\\/fi\\\/#organization\"},\"potentialAction\":[{\"@type\":\"SearchAction\",\"target\":{\"@type\":\"EntryPoint\",\"urlTemplate\":\"https:\\\/\\\/bbqassad.ee\\\/fi\\\/?s={search_term_string}\"},\"query-input\":{\"@type\":\"PropertyValueSpecification\",\"valueRequired\":true,\"valueName\":\"search_term_string\"}}],\"inLanguage\":\"fi\"},{\"@type\":\"Organization\",\"@id\":\"https:\\\/\\\/bbqassad.ee\\\/fi\\\/#organization\",\"name\":\"BBQ \u00c4ssad\",\"url\":\"https:\\\/\\\/bbqassad.ee\\\/fi\\\/\",\"logo\":{\"@type\":\"ImageObject\",\"inLanguage\":\"fi\",\"@id\":\"https:\\\/\\\/bbqassad.ee\\\/fi\\\/#\\\/schema\\\/logo\\\/image\\\/\",\"url\":\"https:\\\/\\\/bbqassad.ee\\\/wp-content\\\/uploads\\\/2022\\\/10\\\/BBQ-2ssadlogo.png\",\"contentUrl\":\"https:\\\/\\\/bbqassad.ee\\\/wp-content\\\/uploads\\\/2022\\\/10\\\/BBQ-2ssadlogo.png\",\"width\":1080,\"height\":1080,\"caption\":\"BBQ \u00c4ssad\"},\"image\":{\"@id\":\"https:\\\/\\\/bbqassad.ee\\\/fi\\\/#\\\/schema\\\/logo\\\/image\\\/\"},\"sameAs\":[\"https:\\\/\\\/www.facebook.com\\\/bbqassad\",\"https:\\\/\\\/www.youtube.com\\\/channel\\\/UCsoufn49J6TVi9Ah9meE93w\"]}]}<\/script>\n<!-- \/ Yoast SEO plugin. -->","yoast_head_json":{"title":"Kosmo's Q Dirty Bird Chicken Rub -mausteseos - BBQ \u00c4ssad%","description":"Kosmo's Q Dirty Bird Chicken Rub. Laita sit\u00e4 kanan p\u00e4\u00e4lle, melkeinp\u00e4 rohkeasti, sill\u00e4 nuo paprikat voivat tehd\u00e4 suusi kuumaksi, jos niit\u00e4 l\u00e4ikytt\u00e4\u00e4 liikaa.","robots":{"index":"index","follow":"follow","max-snippet":"max-snippet:-1","max-image-preview":"max-image-preview:large","max-video-preview":"max-video-preview:-1"},"canonical":"https:\/\/bbqassad.ee\/fi\/toode\/kosmos-q-dirty-bird-chicken-rub-mausteseos-kosmos-q-dirty-bird-chicken-rub\/","og_locale":"fi_FI","og_type":"article","og_title":"Kosmo's Q Dirty Bird Chicken Rub -mausteseos - BBQ \u00c4ssad%","og_description":"Kosmo's Q Dirty Bird Chicken Rub. Laita sit\u00e4 kanan p\u00e4\u00e4lle, melkeinp\u00e4 rohkeasti, sill\u00e4 nuo paprikat voivat tehd\u00e4 suusi kuumaksi, jos niit\u00e4 l\u00e4ikytt\u00e4\u00e4 liikaa.","og_url":"https:\/\/bbqassad.ee\/fi\/toode\/kosmos-q-dirty-bird-chicken-rub-mausteseos-kosmos-q-dirty-bird-chicken-rub\/","og_site_name":"BBQ \u00c4ssad","article_publisher":"https:\/\/www.facebook.com\/bbqassad","article_modified_time":"2026-04-20T07:12:24+00:00","og_image":[{"width":800,"height":800,"url":"https:\/\/bbqassad.ee\/wp-content\/uploads\/2022\/12\/KosmosQ-dirty-bird.webp","type":"image\/webp"}],"twitter_card":"summary_large_image","twitter_misc":{"Arvioitu lukuaika":"1 minuutti"},"schema":{"@context":"https:\/\/schema.org","@graph":[{"@type":"WebPage","@id":"https:\/\/bbqassad.ee\/fi\/toode\/kosmos-q-dirty-bird-chicken-rub-mausteseos-kosmos-q-dirty-bird-chicken-rub\/","url":"https:\/\/bbqassad.ee\/fi\/toode\/kosmos-q-dirty-bird-chicken-rub-mausteseos-kosmos-q-dirty-bird-chicken-rub\/","name":"Kosmo's Q Dirty Bird Chicken Rub -mausteseos - BBQ \u00c4ssad%","isPartOf":{"@id":"https:\/\/bbqassad.ee\/fi\/#website"},"primaryImageOfPage":{"@id":"https:\/\/bbqassad.ee\/fi\/toode\/kosmos-q-dirty-bird-chicken-rub-mausteseos-kosmos-q-dirty-bird-chicken-rub\/#primaryimage"},"image":{"@id":"https:\/\/bbqassad.ee\/fi\/toode\/kosmos-q-dirty-bird-chicken-rub-mausteseos-kosmos-q-dirty-bird-chicken-rub\/#primaryimage"},"thumbnailUrl":"https:\/\/bbqassad.ee\/wp-content\/uploads\/2022\/12\/KosmosQ-dirty-bird.webp","datePublished":"2022-12-07T16:02:10+00:00","dateModified":"2026-04-20T07:12:24+00:00","description":"Kosmo's Q Dirty Bird Chicken Rub. Laita sit\u00e4 kanan p\u00e4\u00e4lle, melkeinp\u00e4 rohkeasti, sill\u00e4 nuo paprikat voivat tehd\u00e4 suusi kuumaksi, jos niit\u00e4 l\u00e4ikytt\u00e4\u00e4 liikaa.","breadcrumb":{"@id":"https:\/\/bbqassad.ee\/fi\/toode\/kosmos-q-dirty-bird-chicken-rub-mausteseos-kosmos-q-dirty-bird-chicken-rub\/#breadcrumb"},"inLanguage":"fi","potentialAction":[{"@type":"ReadAction","target":["https:\/\/bbqassad.ee\/fi\/toode\/kosmos-q-dirty-bird-chicken-rub-mausteseos-kosmos-q-dirty-bird-chicken-rub\/"]}]},{"@type":"ImageObject","inLanguage":"fi","@id":"https:\/\/bbqassad.ee\/fi\/toode\/kosmos-q-dirty-bird-chicken-rub-mausteseos-kosmos-q-dirty-bird-chicken-rub\/#primaryimage","url":"https:\/\/bbqassad.ee\/wp-content\/uploads\/2022\/12\/KosmosQ-dirty-bird.webp","contentUrl":"https:\/\/bbqassad.ee\/wp-content\/uploads\/2022\/12\/KosmosQ-dirty-bird.webp","width":800,"height":800,"caption":"Maitseainesegu Dirty Bird Chicken Rub"},{"@type":"BreadcrumbList","@id":"https:\/\/bbqassad.ee\/fi\/toode\/kosmos-q-dirty-bird-chicken-rub-mausteseos-kosmos-q-dirty-bird-chicken-rub\/#breadcrumb","itemListElement":[{"@type":"ListItem","position":1,"name":"Home","item":"https:\/\/bbqassad.ee\/fi\/bbq-assat\/"},{"@type":"ListItem","position":2,"name":"Verkkokauppa","item":"https:\/\/bbqassad.ee\/fi\/verkkokauppa\/"},{"@type":"ListItem","position":3,"name":"Kosmo&#8217;s Q Dirty Bird Chicken Rub -mausteseos"}]},{"@type":"WebSite","@id":"https:\/\/bbqassad.ee\/fi\/#website","url":"https:\/\/bbqassad.ee\/fi\/","name":"BBQ \u00c4ssad","description":"BBQ maitseained, kastmed, ahjud","publisher":{"@id":"https:\/\/bbqassad.ee\/fi\/#organization"},"potentialAction":[{"@type":"SearchAction","target":{"@type":"EntryPoint","urlTemplate":"https:\/\/bbqassad.ee\/fi\/?s={search_term_string}"},"query-input":{"@type":"PropertyValueSpecification","valueRequired":true,"valueName":"search_term_string"}}],"inLanguage":"fi"},{"@type":"Organization","@id":"https:\/\/bbqassad.ee\/fi\/#organization","name":"BBQ \u00c4ssad","url":"https:\/\/bbqassad.ee\/fi\/","logo":{"@type":"ImageObject","inLanguage":"fi","@id":"https:\/\/bbqassad.ee\/fi\/#\/schema\/logo\/image\/","url":"https:\/\/bbqassad.ee\/wp-content\/uploads\/2022\/10\/BBQ-2ssadlogo.png","contentUrl":"https:\/\/bbqassad.ee\/wp-content\/uploads\/2022\/10\/BBQ-2ssadlogo.png","width":1080,"height":1080,"caption":"BBQ \u00c4ssad"},"image":{"@id":"https:\/\/bbqassad.ee\/fi\/#\/schema\/logo\/image\/"},"sameAs":["https:\/\/www.facebook.com\/bbqassad","https:\/\/www.youtube.com\/channel\/UCsoufn49J6TVi9Ah9meE93w"]}]}},"_links":{"self":[{"href":"https:\/\/bbqassad.ee\/fi\/wp-json\/wp\/v2\/product\/23490","targetHints":{"allow":["GET"]}}],"collection":[{"href":"https:\/\/bbqassad.ee\/fi\/wp-json\/wp\/v2\/product"}],"about":[{"href":"https:\/\/bbqassad.ee\/fi\/wp-json\/wp\/v2\/types\/product"}],"replies":[{"embeddable":true,"href":"https:\/\/bbqassad.ee\/fi\/wp-json\/wp\/v2\/comments?post=23490"}],"wp:featuredmedia":[{"embeddable":true,"href":"https:\/\/bbqassad.ee\/fi\/wp-json\/wp\/v2\/media\/23491"}],"wp:attachment":[{"href":"https:\/\/bbqassad.ee\/fi\/wp-json\/wp\/v2\/media?parent=23490"}],"wp:term":[{"taxonomy":"product_brand","embeddable":true,"href":"https:\/\/bbqassad.ee\/fi\/wp-json\/wp\/v2\/product_brand?post=23490"},{"taxonomy":"product_cat","embeddable":true,"href":"https:\/\/bbqassad.ee\/fi\/wp-json\/wp\/v2\/product_cat?post=23490"},{"taxonomy":"product_tag","embeddable":true,"href":"https:\/\/bbqassad.ee\/fi\/wp-json\/wp\/v2\/product_tag?post=23490"}],"curies":[{"name":"wp","href":"https:\/\/api.w.org\/{rel}","templated":true}]}}