{"id":23480,"date":"2022-12-07T17:18:32","date_gmt":"2022-12-07T17:18:32","guid":{"rendered":"https:\/\/bbqassad.ee\/toode\/fergolicious-red-hot-luv-maustehieronta\/"},"modified":"2026-04-14T06:34:03","modified_gmt":"2026-04-14T06:34:03","slug":"fergolicious-red-hot-luv-maustehieronta","status":"publish","type":"product","link":"https:\/\/bbqassad.ee\/fi\/toode\/fergolicious-red-hot-luv-maustehieronta\/","title":{"rendered":"Fergolicious Red Hot Luv Rub"},"content":{"rendered":"<h2>Red Hot Luv rubin maustaminen<\/h2>\n<p>Aromit Fergolicious Red Hot Luv rub &#8211; T\u00e4m\u00e4 rub on Fergilicious \ud83d\ude42 Fergi on kuuluisa kilpailija, joka tiet\u00e4\u00e4, milt\u00e4 lihan pit\u00e4isi maistua, ja h\u00e4n on laittanut kaiken sen mausteisiinsa. Jatkuvat huippupisteet ovat todiste siit\u00e4, ett\u00e4 ne toimivat. N\u00e4m\u00e4 ovat aitoja Kansas Cityn mausteita, joiden takana on sanat &#8221;punainen&#8221; ja &#8221;tulinen&#8221;, joten ole varovainen, se saa suusi veteen.  <\/p>\n<h3>BBQ Aces kommentti<\/h3>\n<p>Ole varovainen t\u00e4m\u00e4n kanssa, se on todella hyv\u00e4\u00e4 mutta my\u00f6s todella mausteista. Se saa lihasi &#8221;palamaan&#8221;, jos menet liian nopeasti. <\/p>\n<h3>Ammattilaisen vinkki<\/h3>\n<p>K\u00e4yt\u00e4 sit\u00e4 esimerkiksi ravistelemalla sit\u00e4 hieman kylkiluun alla, jotta liha saa kevyen leimahduksen.<\/p>\n","protected":false},"excerpt":{"rendered":"<p>Valmistaja: Fergolicious BBQ<br \/>\nPaino: 312g<br \/>\nAinesosat: sokeri, suola, mausteet, habanero pippuri, valkosipuli ja sipuli, paprika, hunaja ja tomusokeri.<\/p>\n","protected":false},"featured_media":23481,"comment_status":"open","ping_status":"closed","template":"","meta":[],"product_brand":[],"product_cat":[802],"product_tag":[791,790,803,789],"class_list":{"0":"post-23480","1":"product","2":"type-product","3":"status-publish","4":"has-post-thumbnail","6":"product_cat-sekoitukset","7":"product_tag-kala","8":"product_tag-kana","9":"product_tag-karja","10":"product_tag-sika","12":"first","13":"outofstock","14":"taxable","15":"shipping-taxable","16":"purchasable","17":"product-type-simple"},"yoast_head":"<!-- This site is optimized with the Yoast SEO plugin v27.4 - https:\/\/yoast.com\/product\/yoast-seo-wordpress\/ -->\n<title>Fergolicious Red Hot Luv Rub - BBQ \u00c4ssad<\/title>\n<meta name=\"description\" content=\"Red Hot Luv rub - Ole varovainen t\u00e4m\u00e4n kanssa, se on hirve\u00e4n hyv\u00e4\u00e4 mutta my\u00f6s hirve\u00e4n mausteista. Se saa lihasi &quot;palamaan&quot;, jos innostut liikaa.\" \/>\n<meta name=\"robots\" content=\"index, follow, max-snippet:-1, max-image-preview:large, max-video-preview:-1\" \/>\n<link rel=\"canonical\" href=\"https:\/\/bbqassad.ee\/fi\/toode\/fergolicious-red-hot-luv-maustehieronta\/\" \/>\n<meta property=\"og:locale\" content=\"fi_FI\" \/>\n<meta property=\"og:type\" content=\"article\" \/>\n<meta property=\"og:title\" content=\"Fergolicious Red Hot Luv Rub - BBQ \u00c4ssad\" \/>\n<meta property=\"og:description\" content=\"Red Hot Luv rub - Ole varovainen t\u00e4m\u00e4n kanssa, se on hirve\u00e4n hyv\u00e4\u00e4 mutta my\u00f6s hirve\u00e4n mausteista. Se saa lihasi &quot;palamaan&quot;, jos innostut liikaa.\" \/>\n<meta property=\"og:url\" content=\"https:\/\/bbqassad.ee\/fi\/toode\/fergolicious-red-hot-luv-maustehieronta\/\" \/>\n<meta property=\"og:site_name\" content=\"BBQ \u00c4ssad\" \/>\n<meta property=\"article:publisher\" content=\"https:\/\/www.facebook.com\/bbqassad\" \/>\n<meta property=\"article:modified_time\" content=\"2026-04-14T06:34:03+00:00\" \/>\n<meta property=\"og:image\" content=\"https:\/\/bbqassad.ee\/wp-content\/uploads\/2022\/12\/redhotlove.webp\" \/>\n\t<meta property=\"og:image:width\" content=\"800\" \/>\n\t<meta property=\"og:image:height\" content=\"800\" \/>\n\t<meta property=\"og:image:type\" content=\"image\/webp\" \/>\n<meta name=\"twitter:card\" content=\"summary_large_image\" \/>\n<meta name=\"twitter:label1\" content=\"Arvioitu lukuaika\" \/>\n\t<meta name=\"twitter:data1\" content=\"1 minuutti\" \/>\n<script type=\"application\/ld+json\" class=\"yoast-schema-graph\">{\"@context\":\"https:\\\/\\\/schema.org\",\"@graph\":[{\"@type\":\"WebPage\",\"@id\":\"https:\\\/\\\/bbqassad.ee\\\/fi\\\/toode\\\/fergolicious-red-hot-luv-maustehieronta\\\/\",\"url\":\"https:\\\/\\\/bbqassad.ee\\\/fi\\\/toode\\\/fergolicious-red-hot-luv-maustehieronta\\\/\",\"name\":\"Fergolicious Red Hot Luv Rub - BBQ \u00c4ssad\",\"isPartOf\":{\"@id\":\"https:\\\/\\\/bbqassad.ee\\\/fi\\\/#website\"},\"primaryImageOfPage\":{\"@id\":\"https:\\\/\\\/bbqassad.ee\\\/fi\\\/toode\\\/fergolicious-red-hot-luv-maustehieronta\\\/#primaryimage\"},\"image\":{\"@id\":\"https:\\\/\\\/bbqassad.ee\\\/fi\\\/toode\\\/fergolicious-red-hot-luv-maustehieronta\\\/#primaryimage\"},\"thumbnailUrl\":\"https:\\\/\\\/bbqassad.ee\\\/wp-content\\\/uploads\\\/2022\\\/12\\\/redhotlove.webp\",\"datePublished\":\"2022-12-07T17:18:32+00:00\",\"dateModified\":\"2026-04-14T06:34:03+00:00\",\"description\":\"Red Hot Luv rub - Ole varovainen t\u00e4m\u00e4n kanssa, se on hirve\u00e4n hyv\u00e4\u00e4 mutta my\u00f6s hirve\u00e4n mausteista. Se saa lihasi \\\"palamaan\\\", jos innostut liikaa.\",\"breadcrumb\":{\"@id\":\"https:\\\/\\\/bbqassad.ee\\\/fi\\\/toode\\\/fergolicious-red-hot-luv-maustehieronta\\\/#breadcrumb\"},\"inLanguage\":\"fi\",\"potentialAction\":[{\"@type\":\"ReadAction\",\"target\":[\"https:\\\/\\\/bbqassad.ee\\\/fi\\\/toode\\\/fergolicious-red-hot-luv-maustehieronta\\\/\"]}]},{\"@type\":\"ImageObject\",\"inLanguage\":\"fi\",\"@id\":\"https:\\\/\\\/bbqassad.ee\\\/fi\\\/toode\\\/fergolicious-red-hot-luv-maustehieronta\\\/#primaryimage\",\"url\":\"https:\\\/\\\/bbqassad.ee\\\/wp-content\\\/uploads\\\/2022\\\/12\\\/redhotlove.webp\",\"contentUrl\":\"https:\\\/\\\/bbqassad.ee\\\/wp-content\\\/uploads\\\/2022\\\/12\\\/redhotlove.webp\",\"width\":800,\"height\":800,\"caption\":\"Maitseainesegu Red Hot Luv rub\"},{\"@type\":\"BreadcrumbList\",\"@id\":\"https:\\\/\\\/bbqassad.ee\\\/fi\\\/toode\\\/fergolicious-red-hot-luv-maustehieronta\\\/#breadcrumb\",\"itemListElement\":[{\"@type\":\"ListItem\",\"position\":1,\"name\":\"Home\",\"item\":\"https:\\\/\\\/bbqassad.ee\\\/fi\\\/bbq-assat\\\/\"},{\"@type\":\"ListItem\",\"position\":2,\"name\":\"Verkkokauppa\",\"item\":\"https:\\\/\\\/bbqassad.ee\\\/fi\\\/verkkokauppa\\\/\"},{\"@type\":\"ListItem\",\"position\":3,\"name\":\"Fergolicious Red Hot Luv Rub\"}]},{\"@type\":\"WebSite\",\"@id\":\"https:\\\/\\\/bbqassad.ee\\\/fi\\\/#website\",\"url\":\"https:\\\/\\\/bbqassad.ee\\\/fi\\\/\",\"name\":\"BBQ \u00c4ssad\",\"description\":\"BBQ maitseained, kastmed, ahjud\",\"publisher\":{\"@id\":\"https:\\\/\\\/bbqassad.ee\\\/fi\\\/#organization\"},\"potentialAction\":[{\"@type\":\"SearchAction\",\"target\":{\"@type\":\"EntryPoint\",\"urlTemplate\":\"https:\\\/\\\/bbqassad.ee\\\/fi\\\/?s={search_term_string}\"},\"query-input\":{\"@type\":\"PropertyValueSpecification\",\"valueRequired\":true,\"valueName\":\"search_term_string\"}}],\"inLanguage\":\"fi\"},{\"@type\":\"Organization\",\"@id\":\"https:\\\/\\\/bbqassad.ee\\\/fi\\\/#organization\",\"name\":\"BBQ \u00c4ssad\",\"url\":\"https:\\\/\\\/bbqassad.ee\\\/fi\\\/\",\"logo\":{\"@type\":\"ImageObject\",\"inLanguage\":\"fi\",\"@id\":\"https:\\\/\\\/bbqassad.ee\\\/fi\\\/#\\\/schema\\\/logo\\\/image\\\/\",\"url\":\"https:\\\/\\\/bbqassad.ee\\\/wp-content\\\/uploads\\\/2022\\\/10\\\/BBQ-2ssadlogo.png\",\"contentUrl\":\"https:\\\/\\\/bbqassad.ee\\\/wp-content\\\/uploads\\\/2022\\\/10\\\/BBQ-2ssadlogo.png\",\"width\":1080,\"height\":1080,\"caption\":\"BBQ \u00c4ssad\"},\"image\":{\"@id\":\"https:\\\/\\\/bbqassad.ee\\\/fi\\\/#\\\/schema\\\/logo\\\/image\\\/\"},\"sameAs\":[\"https:\\\/\\\/www.facebook.com\\\/bbqassad\",\"https:\\\/\\\/www.youtube.com\\\/channel\\\/UCsoufn49J6TVi9Ah9meE93w\"]}]}<\/script>\n<!-- \/ Yoast SEO plugin. -->","yoast_head_json":{"title":"Fergolicious Red Hot Luv Rub - BBQ \u00c4ssad","description":"Red Hot Luv rub - Ole varovainen t\u00e4m\u00e4n kanssa, se on hirve\u00e4n hyv\u00e4\u00e4 mutta my\u00f6s hirve\u00e4n mausteista. Se saa lihasi \"palamaan\", jos innostut liikaa.","robots":{"index":"index","follow":"follow","max-snippet":"max-snippet:-1","max-image-preview":"max-image-preview:large","max-video-preview":"max-video-preview:-1"},"canonical":"https:\/\/bbqassad.ee\/fi\/toode\/fergolicious-red-hot-luv-maustehieronta\/","og_locale":"fi_FI","og_type":"article","og_title":"Fergolicious Red Hot Luv Rub - BBQ \u00c4ssad","og_description":"Red Hot Luv rub - Ole varovainen t\u00e4m\u00e4n kanssa, se on hirve\u00e4n hyv\u00e4\u00e4 mutta my\u00f6s hirve\u00e4n mausteista. Se saa lihasi \"palamaan\", jos innostut liikaa.","og_url":"https:\/\/bbqassad.ee\/fi\/toode\/fergolicious-red-hot-luv-maustehieronta\/","og_site_name":"BBQ \u00c4ssad","article_publisher":"https:\/\/www.facebook.com\/bbqassad","article_modified_time":"2026-04-14T06:34:03+00:00","og_image":[{"width":800,"height":800,"url":"https:\/\/bbqassad.ee\/wp-content\/uploads\/2022\/12\/redhotlove.webp","type":"image\/webp"}],"twitter_card":"summary_large_image","twitter_misc":{"Arvioitu lukuaika":"1 minuutti"},"schema":{"@context":"https:\/\/schema.org","@graph":[{"@type":"WebPage","@id":"https:\/\/bbqassad.ee\/fi\/toode\/fergolicious-red-hot-luv-maustehieronta\/","url":"https:\/\/bbqassad.ee\/fi\/toode\/fergolicious-red-hot-luv-maustehieronta\/","name":"Fergolicious Red Hot Luv Rub - BBQ \u00c4ssad","isPartOf":{"@id":"https:\/\/bbqassad.ee\/fi\/#website"},"primaryImageOfPage":{"@id":"https:\/\/bbqassad.ee\/fi\/toode\/fergolicious-red-hot-luv-maustehieronta\/#primaryimage"},"image":{"@id":"https:\/\/bbqassad.ee\/fi\/toode\/fergolicious-red-hot-luv-maustehieronta\/#primaryimage"},"thumbnailUrl":"https:\/\/bbqassad.ee\/wp-content\/uploads\/2022\/12\/redhotlove.webp","datePublished":"2022-12-07T17:18:32+00:00","dateModified":"2026-04-14T06:34:03+00:00","description":"Red Hot Luv rub - Ole varovainen t\u00e4m\u00e4n kanssa, se on hirve\u00e4n hyv\u00e4\u00e4 mutta my\u00f6s hirve\u00e4n mausteista. Se saa lihasi \"palamaan\", jos innostut liikaa.","breadcrumb":{"@id":"https:\/\/bbqassad.ee\/fi\/toode\/fergolicious-red-hot-luv-maustehieronta\/#breadcrumb"},"inLanguage":"fi","potentialAction":[{"@type":"ReadAction","target":["https:\/\/bbqassad.ee\/fi\/toode\/fergolicious-red-hot-luv-maustehieronta\/"]}]},{"@type":"ImageObject","inLanguage":"fi","@id":"https:\/\/bbqassad.ee\/fi\/toode\/fergolicious-red-hot-luv-maustehieronta\/#primaryimage","url":"https:\/\/bbqassad.ee\/wp-content\/uploads\/2022\/12\/redhotlove.webp","contentUrl":"https:\/\/bbqassad.ee\/wp-content\/uploads\/2022\/12\/redhotlove.webp","width":800,"height":800,"caption":"Maitseainesegu Red Hot Luv rub"},{"@type":"BreadcrumbList","@id":"https:\/\/bbqassad.ee\/fi\/toode\/fergolicious-red-hot-luv-maustehieronta\/#breadcrumb","itemListElement":[{"@type":"ListItem","position":1,"name":"Home","item":"https:\/\/bbqassad.ee\/fi\/bbq-assat\/"},{"@type":"ListItem","position":2,"name":"Verkkokauppa","item":"https:\/\/bbqassad.ee\/fi\/verkkokauppa\/"},{"@type":"ListItem","position":3,"name":"Fergolicious Red Hot Luv Rub"}]},{"@type":"WebSite","@id":"https:\/\/bbqassad.ee\/fi\/#website","url":"https:\/\/bbqassad.ee\/fi\/","name":"BBQ \u00c4ssad","description":"BBQ maitseained, kastmed, ahjud","publisher":{"@id":"https:\/\/bbqassad.ee\/fi\/#organization"},"potentialAction":[{"@type":"SearchAction","target":{"@type":"EntryPoint","urlTemplate":"https:\/\/bbqassad.ee\/fi\/?s={search_term_string}"},"query-input":{"@type":"PropertyValueSpecification","valueRequired":true,"valueName":"search_term_string"}}],"inLanguage":"fi"},{"@type":"Organization","@id":"https:\/\/bbqassad.ee\/fi\/#organization","name":"BBQ \u00c4ssad","url":"https:\/\/bbqassad.ee\/fi\/","logo":{"@type":"ImageObject","inLanguage":"fi","@id":"https:\/\/bbqassad.ee\/fi\/#\/schema\/logo\/image\/","url":"https:\/\/bbqassad.ee\/wp-content\/uploads\/2022\/10\/BBQ-2ssadlogo.png","contentUrl":"https:\/\/bbqassad.ee\/wp-content\/uploads\/2022\/10\/BBQ-2ssadlogo.png","width":1080,"height":1080,"caption":"BBQ \u00c4ssad"},"image":{"@id":"https:\/\/bbqassad.ee\/fi\/#\/schema\/logo\/image\/"},"sameAs":["https:\/\/www.facebook.com\/bbqassad","https:\/\/www.youtube.com\/channel\/UCsoufn49J6TVi9Ah9meE93w"]}]}},"_links":{"self":[{"href":"https:\/\/bbqassad.ee\/fi\/wp-json\/wp\/v2\/product\/23480","targetHints":{"allow":["GET"]}}],"collection":[{"href":"https:\/\/bbqassad.ee\/fi\/wp-json\/wp\/v2\/product"}],"about":[{"href":"https:\/\/bbqassad.ee\/fi\/wp-json\/wp\/v2\/types\/product"}],"replies":[{"embeddable":true,"href":"https:\/\/bbqassad.ee\/fi\/wp-json\/wp\/v2\/comments?post=23480"}],"wp:featuredmedia":[{"embeddable":true,"href":"https:\/\/bbqassad.ee\/fi\/wp-json\/wp\/v2\/media\/23481"}],"wp:attachment":[{"href":"https:\/\/bbqassad.ee\/fi\/wp-json\/wp\/v2\/media?parent=23480"}],"wp:term":[{"taxonomy":"product_brand","embeddable":true,"href":"https:\/\/bbqassad.ee\/fi\/wp-json\/wp\/v2\/product_brand?post=23480"},{"taxonomy":"product_cat","embeddable":true,"href":"https:\/\/bbqassad.ee\/fi\/wp-json\/wp\/v2\/product_cat?post=23480"},{"taxonomy":"product_tag","embeddable":true,"href":"https:\/\/bbqassad.ee\/fi\/wp-json\/wp\/v2\/product_tag?post=23480"}],"curies":[{"name":"wp","href":"https:\/\/api.w.org\/{rel}","templated":true}]}}