{"id":23478,"date":"2022-12-07T17:30:52","date_gmt":"2022-12-07T17:30:52","guid":{"rendered":"https:\/\/bbqassad.ee\/toode\/maustaminen-fergolicious-sweet-luv-hieronta\/"},"modified":"2026-04-14T06:34:03","modified_gmt":"2026-04-14T06:34:03","slug":"maustaminen-fergolicious-sweet-luv-hieronta","status":"publish","type":"product","link":"https:\/\/bbqassad.ee\/fi\/toode\/maustaminen-fergolicious-sweet-luv-hieronta\/","title":{"rendered":"Fergolicious Sweet Luv Rub"},"content":{"rendered":"<h2>Sweet Luv rub mausteseos<\/h2>\n<p>Makusekoitus Fergolicious Sweet Luv rub &#8211; T\u00e4m\u00e4 rub on Fergilicious \ud83d\ude42 Fergi on kuuluisa kilpailija, joka tiet\u00e4\u00e4, milt\u00e4 lihan pit\u00e4isi maistua, ja h\u00e4n on laittanut kaiken sen mausteisiinsa. Jatkuvat huippupisteet ovat todiste siit\u00e4, ett\u00e4 ne toimivat. N\u00e4m\u00e4 ovat aitoja Kansas Cityn mausteita, ja Sweet Luv tekee kaikesta makeampaa.  <\/p>\n<h3>BBQ Aces kommentti<\/h3>\n<p>Herkullisen hyv\u00e4 kyljysmauste. Se sopii hyvin makeille kylkiluille ja miksei my\u00f6s pulled porkille. <\/p>\n<h3>Ammattilaisen vinkki<\/h3>\n<p>LUV-hieronta ja Sweet LUV p\u00e4\u00e4lle, ja voila, sinulla on superhyv\u00e4 kylkiluu.<\/p>\n","protected":false},"excerpt":{"rendered":"<p>Valmistaja: Fergolicious<br \/>\nPaino: 318g<br \/>\nAinesosat: suola, sokeri, mausteet, chili, maltodekstriini, paprika, valkosipuli, sipuli, ruskea sokeri ja hunaja, paakkuuntumisenestoaineet.<\/p>\n","protected":false},"featured_media":23479,"comment_status":"open","ping_status":"closed","template":"","meta":[],"product_brand":[],"product_cat":[802],"product_tag":[790,789],"class_list":{"0":"post-23478","1":"product","2":"type-product","3":"status-publish","4":"has-post-thumbnail","6":"product_cat-sekoitukset","7":"product_tag-kana","8":"product_tag-sika","10":"first","11":"outofstock","12":"taxable","13":"shipping-taxable","14":"purchasable","15":"product-type-simple"},"yoast_head":"<!-- This site is optimized with the Yoast SEO plugin v27.4 - https:\/\/yoast.com\/product\/yoast-seo-wordpress\/ -->\n<title>Fergolicious Sweet Luv Rub - BBQ \u00c4ssad%<\/title>\n<meta name=\"description\" content=\"Sweet Luv rub - Aidot Kansas Cityn mausteet ja Sweet LUV tekev\u00e4t kaikesta makeampaa. Herkullisen hyv\u00e4 kyljysmauste.\" \/>\n<meta name=\"robots\" content=\"index, follow, max-snippet:-1, max-image-preview:large, max-video-preview:-1\" \/>\n<link rel=\"canonical\" href=\"https:\/\/bbqassad.ee\/fi\/toode\/maustaminen-fergolicious-sweet-luv-hieronta\/\" \/>\n<meta property=\"og:locale\" content=\"fi_FI\" \/>\n<meta property=\"og:type\" content=\"article\" \/>\n<meta property=\"og:title\" content=\"Fergolicious Sweet Luv Rub - BBQ \u00c4ssad%\" \/>\n<meta property=\"og:description\" content=\"Sweet Luv rub - Aidot Kansas Cityn mausteet ja Sweet LUV tekev\u00e4t kaikesta makeampaa. Herkullisen hyv\u00e4 kyljysmauste.\" \/>\n<meta property=\"og:url\" content=\"https:\/\/bbqassad.ee\/fi\/toode\/maustaminen-fergolicious-sweet-luv-hieronta\/\" \/>\n<meta property=\"og:site_name\" content=\"BBQ \u00c4ssad\" \/>\n<meta property=\"article:publisher\" content=\"https:\/\/www.facebook.com\/bbqassad\" \/>\n<meta property=\"article:modified_time\" content=\"2026-04-14T06:34:03+00:00\" \/>\n<meta property=\"og:image\" content=\"https:\/\/bbqassad.ee\/wp-content\/uploads\/2022\/12\/Fergolicious-sweet-luv.webp\" \/>\n\t<meta property=\"og:image:width\" content=\"800\" \/>\n\t<meta property=\"og:image:height\" content=\"800\" \/>\n\t<meta property=\"og:image:type\" content=\"image\/webp\" \/>\n<meta name=\"twitter:card\" content=\"summary_large_image\" \/>\n<script type=\"application\/ld+json\" class=\"yoast-schema-graph\">{\"@context\":\"https:\\\/\\\/schema.org\",\"@graph\":[{\"@type\":\"WebPage\",\"@id\":\"https:\\\/\\\/bbqassad.ee\\\/fi\\\/toode\\\/maustaminen-fergolicious-sweet-luv-hieronta\\\/\",\"url\":\"https:\\\/\\\/bbqassad.ee\\\/fi\\\/toode\\\/maustaminen-fergolicious-sweet-luv-hieronta\\\/\",\"name\":\"Fergolicious Sweet Luv Rub - BBQ \u00c4ssad%\",\"isPartOf\":{\"@id\":\"https:\\\/\\\/bbqassad.ee\\\/fi\\\/#website\"},\"primaryImageOfPage\":{\"@id\":\"https:\\\/\\\/bbqassad.ee\\\/fi\\\/toode\\\/maustaminen-fergolicious-sweet-luv-hieronta\\\/#primaryimage\"},\"image\":{\"@id\":\"https:\\\/\\\/bbqassad.ee\\\/fi\\\/toode\\\/maustaminen-fergolicious-sweet-luv-hieronta\\\/#primaryimage\"},\"thumbnailUrl\":\"https:\\\/\\\/bbqassad.ee\\\/wp-content\\\/uploads\\\/2022\\\/12\\\/Fergolicious-sweet-luv.webp\",\"datePublished\":\"2022-12-07T17:30:52+00:00\",\"dateModified\":\"2026-04-14T06:34:03+00:00\",\"description\":\"Sweet Luv rub - Aidot Kansas Cityn mausteet ja Sweet LUV tekev\u00e4t kaikesta makeampaa. Herkullisen hyv\u00e4 kyljysmauste.\",\"breadcrumb\":{\"@id\":\"https:\\\/\\\/bbqassad.ee\\\/fi\\\/toode\\\/maustaminen-fergolicious-sweet-luv-hieronta\\\/#breadcrumb\"},\"inLanguage\":\"fi\",\"potentialAction\":[{\"@type\":\"ReadAction\",\"target\":[\"https:\\\/\\\/bbqassad.ee\\\/fi\\\/toode\\\/maustaminen-fergolicious-sweet-luv-hieronta\\\/\"]}]},{\"@type\":\"ImageObject\",\"inLanguage\":\"fi\",\"@id\":\"https:\\\/\\\/bbqassad.ee\\\/fi\\\/toode\\\/maustaminen-fergolicious-sweet-luv-hieronta\\\/#primaryimage\",\"url\":\"https:\\\/\\\/bbqassad.ee\\\/wp-content\\\/uploads\\\/2022\\\/12\\\/Fergolicious-sweet-luv.webp\",\"contentUrl\":\"https:\\\/\\\/bbqassad.ee\\\/wp-content\\\/uploads\\\/2022\\\/12\\\/Fergolicious-sweet-luv.webp\",\"width\":800,\"height\":800,\"caption\":\"Maitseainesegu Sweet Luv rub\"},{\"@type\":\"BreadcrumbList\",\"@id\":\"https:\\\/\\\/bbqassad.ee\\\/fi\\\/toode\\\/maustaminen-fergolicious-sweet-luv-hieronta\\\/#breadcrumb\",\"itemListElement\":[{\"@type\":\"ListItem\",\"position\":1,\"name\":\"Home\",\"item\":\"https:\\\/\\\/bbqassad.ee\\\/fi\\\/bbq-assat\\\/\"},{\"@type\":\"ListItem\",\"position\":2,\"name\":\"Verkkokauppa\",\"item\":\"https:\\\/\\\/bbqassad.ee\\\/fi\\\/verkkokauppa\\\/\"},{\"@type\":\"ListItem\",\"position\":3,\"name\":\"Fergolicious Sweet Luv Rub\"}]},{\"@type\":\"WebSite\",\"@id\":\"https:\\\/\\\/bbqassad.ee\\\/fi\\\/#website\",\"url\":\"https:\\\/\\\/bbqassad.ee\\\/fi\\\/\",\"name\":\"BBQ \u00c4ssad\",\"description\":\"BBQ maitseained, kastmed, ahjud\",\"publisher\":{\"@id\":\"https:\\\/\\\/bbqassad.ee\\\/fi\\\/#organization\"},\"potentialAction\":[{\"@type\":\"SearchAction\",\"target\":{\"@type\":\"EntryPoint\",\"urlTemplate\":\"https:\\\/\\\/bbqassad.ee\\\/fi\\\/?s={search_term_string}\"},\"query-input\":{\"@type\":\"PropertyValueSpecification\",\"valueRequired\":true,\"valueName\":\"search_term_string\"}}],\"inLanguage\":\"fi\"},{\"@type\":\"Organization\",\"@id\":\"https:\\\/\\\/bbqassad.ee\\\/fi\\\/#organization\",\"name\":\"BBQ \u00c4ssad\",\"url\":\"https:\\\/\\\/bbqassad.ee\\\/fi\\\/\",\"logo\":{\"@type\":\"ImageObject\",\"inLanguage\":\"fi\",\"@id\":\"https:\\\/\\\/bbqassad.ee\\\/fi\\\/#\\\/schema\\\/logo\\\/image\\\/\",\"url\":\"https:\\\/\\\/bbqassad.ee\\\/wp-content\\\/uploads\\\/2022\\\/10\\\/BBQ-2ssadlogo.png\",\"contentUrl\":\"https:\\\/\\\/bbqassad.ee\\\/wp-content\\\/uploads\\\/2022\\\/10\\\/BBQ-2ssadlogo.png\",\"width\":1080,\"height\":1080,\"caption\":\"BBQ \u00c4ssad\"},\"image\":{\"@id\":\"https:\\\/\\\/bbqassad.ee\\\/fi\\\/#\\\/schema\\\/logo\\\/image\\\/\"},\"sameAs\":[\"https:\\\/\\\/www.facebook.com\\\/bbqassad\",\"https:\\\/\\\/www.youtube.com\\\/channel\\\/UCsoufn49J6TVi9Ah9meE93w\"]}]}<\/script>\n<!-- \/ Yoast SEO plugin. -->","yoast_head_json":{"title":"Fergolicious Sweet Luv Rub - BBQ \u00c4ssad%","description":"Sweet Luv rub - Aidot Kansas Cityn mausteet ja Sweet LUV tekev\u00e4t kaikesta makeampaa. Herkullisen hyv\u00e4 kyljysmauste.","robots":{"index":"index","follow":"follow","max-snippet":"max-snippet:-1","max-image-preview":"max-image-preview:large","max-video-preview":"max-video-preview:-1"},"canonical":"https:\/\/bbqassad.ee\/fi\/toode\/maustaminen-fergolicious-sweet-luv-hieronta\/","og_locale":"fi_FI","og_type":"article","og_title":"Fergolicious Sweet Luv Rub - BBQ \u00c4ssad%","og_description":"Sweet Luv rub - Aidot Kansas Cityn mausteet ja Sweet LUV tekev\u00e4t kaikesta makeampaa. Herkullisen hyv\u00e4 kyljysmauste.","og_url":"https:\/\/bbqassad.ee\/fi\/toode\/maustaminen-fergolicious-sweet-luv-hieronta\/","og_site_name":"BBQ \u00c4ssad","article_publisher":"https:\/\/www.facebook.com\/bbqassad","article_modified_time":"2026-04-14T06:34:03+00:00","og_image":[{"width":800,"height":800,"url":"https:\/\/bbqassad.ee\/wp-content\/uploads\/2022\/12\/Fergolicious-sweet-luv.webp","type":"image\/webp"}],"twitter_card":"summary_large_image","schema":{"@context":"https:\/\/schema.org","@graph":[{"@type":"WebPage","@id":"https:\/\/bbqassad.ee\/fi\/toode\/maustaminen-fergolicious-sweet-luv-hieronta\/","url":"https:\/\/bbqassad.ee\/fi\/toode\/maustaminen-fergolicious-sweet-luv-hieronta\/","name":"Fergolicious Sweet Luv Rub - BBQ \u00c4ssad%","isPartOf":{"@id":"https:\/\/bbqassad.ee\/fi\/#website"},"primaryImageOfPage":{"@id":"https:\/\/bbqassad.ee\/fi\/toode\/maustaminen-fergolicious-sweet-luv-hieronta\/#primaryimage"},"image":{"@id":"https:\/\/bbqassad.ee\/fi\/toode\/maustaminen-fergolicious-sweet-luv-hieronta\/#primaryimage"},"thumbnailUrl":"https:\/\/bbqassad.ee\/wp-content\/uploads\/2022\/12\/Fergolicious-sweet-luv.webp","datePublished":"2022-12-07T17:30:52+00:00","dateModified":"2026-04-14T06:34:03+00:00","description":"Sweet Luv rub - Aidot Kansas Cityn mausteet ja Sweet LUV tekev\u00e4t kaikesta makeampaa. Herkullisen hyv\u00e4 kyljysmauste.","breadcrumb":{"@id":"https:\/\/bbqassad.ee\/fi\/toode\/maustaminen-fergolicious-sweet-luv-hieronta\/#breadcrumb"},"inLanguage":"fi","potentialAction":[{"@type":"ReadAction","target":["https:\/\/bbqassad.ee\/fi\/toode\/maustaminen-fergolicious-sweet-luv-hieronta\/"]}]},{"@type":"ImageObject","inLanguage":"fi","@id":"https:\/\/bbqassad.ee\/fi\/toode\/maustaminen-fergolicious-sweet-luv-hieronta\/#primaryimage","url":"https:\/\/bbqassad.ee\/wp-content\/uploads\/2022\/12\/Fergolicious-sweet-luv.webp","contentUrl":"https:\/\/bbqassad.ee\/wp-content\/uploads\/2022\/12\/Fergolicious-sweet-luv.webp","width":800,"height":800,"caption":"Maitseainesegu Sweet Luv rub"},{"@type":"BreadcrumbList","@id":"https:\/\/bbqassad.ee\/fi\/toode\/maustaminen-fergolicious-sweet-luv-hieronta\/#breadcrumb","itemListElement":[{"@type":"ListItem","position":1,"name":"Home","item":"https:\/\/bbqassad.ee\/fi\/bbq-assat\/"},{"@type":"ListItem","position":2,"name":"Verkkokauppa","item":"https:\/\/bbqassad.ee\/fi\/verkkokauppa\/"},{"@type":"ListItem","position":3,"name":"Fergolicious Sweet Luv Rub"}]},{"@type":"WebSite","@id":"https:\/\/bbqassad.ee\/fi\/#website","url":"https:\/\/bbqassad.ee\/fi\/","name":"BBQ \u00c4ssad","description":"BBQ maitseained, kastmed, ahjud","publisher":{"@id":"https:\/\/bbqassad.ee\/fi\/#organization"},"potentialAction":[{"@type":"SearchAction","target":{"@type":"EntryPoint","urlTemplate":"https:\/\/bbqassad.ee\/fi\/?s={search_term_string}"},"query-input":{"@type":"PropertyValueSpecification","valueRequired":true,"valueName":"search_term_string"}}],"inLanguage":"fi"},{"@type":"Organization","@id":"https:\/\/bbqassad.ee\/fi\/#organization","name":"BBQ \u00c4ssad","url":"https:\/\/bbqassad.ee\/fi\/","logo":{"@type":"ImageObject","inLanguage":"fi","@id":"https:\/\/bbqassad.ee\/fi\/#\/schema\/logo\/image\/","url":"https:\/\/bbqassad.ee\/wp-content\/uploads\/2022\/10\/BBQ-2ssadlogo.png","contentUrl":"https:\/\/bbqassad.ee\/wp-content\/uploads\/2022\/10\/BBQ-2ssadlogo.png","width":1080,"height":1080,"caption":"BBQ \u00c4ssad"},"image":{"@id":"https:\/\/bbqassad.ee\/fi\/#\/schema\/logo\/image\/"},"sameAs":["https:\/\/www.facebook.com\/bbqassad","https:\/\/www.youtube.com\/channel\/UCsoufn49J6TVi9Ah9meE93w"]}]}},"_links":{"self":[{"href":"https:\/\/bbqassad.ee\/fi\/wp-json\/wp\/v2\/product\/23478","targetHints":{"allow":["GET"]}}],"collection":[{"href":"https:\/\/bbqassad.ee\/fi\/wp-json\/wp\/v2\/product"}],"about":[{"href":"https:\/\/bbqassad.ee\/fi\/wp-json\/wp\/v2\/types\/product"}],"replies":[{"embeddable":true,"href":"https:\/\/bbqassad.ee\/fi\/wp-json\/wp\/v2\/comments?post=23478"}],"wp:featuredmedia":[{"embeddable":true,"href":"https:\/\/bbqassad.ee\/fi\/wp-json\/wp\/v2\/media\/23479"}],"wp:attachment":[{"href":"https:\/\/bbqassad.ee\/fi\/wp-json\/wp\/v2\/media?parent=23478"}],"wp:term":[{"taxonomy":"product_brand","embeddable":true,"href":"https:\/\/bbqassad.ee\/fi\/wp-json\/wp\/v2\/product_brand?post=23478"},{"taxonomy":"product_cat","embeddable":true,"href":"https:\/\/bbqassad.ee\/fi\/wp-json\/wp\/v2\/product_cat?post=23478"},{"taxonomy":"product_tag","embeddable":true,"href":"https:\/\/bbqassad.ee\/fi\/wp-json\/wp\/v2\/product_tag?post=23478"}],"curies":[{"name":"wp","href":"https:\/\/api.w.org\/{rel}","templated":true}]}}