{"id":23470,"date":"2022-12-07T19:40:20","date_gmt":"2022-12-07T19:40:20","guid":{"rendered":"https:\/\/bbqassad.ee\/toode\/bbq-grill-ylakansi-foolium-30m\/"},"modified":"2026-04-22T08:44:20","modified_gmt":"2026-04-22T08:44:20","slug":"bbq-grill-ylakansi-foolium-30m","status":"publish","type":"product","link":"https:\/\/bbqassad.ee\/fi\/toode\/bbq-grill-ylakansi-foolium-30m\/","title":{"rendered":"BBQ &#038; GRILL -folio 30m"},"content":{"rendered":"","protected":false},"excerpt":{"rendered":"<p>30 metri\u00e4 rullassa, annostelulaatikossa, jossa on leikkuri<br \/>\nFolio on 44 cm leve\u00e4 ja 21 mikronia paksu (eli eritt\u00e4in leve\u00e4, paksu ja vahva)<br \/>\nT\u00e4m\u00e4 on alan paras folio, paras grillaukseen ja jokap\u00e4iv\u00e4iseen k\u00e4ytt\u00f6\u00f6n keitti\u00f6ss\u00e4.<br \/>\nLaadukas, kest\u00e4v\u00e4 ja l\u00e4mm\u00f6nkest\u00e4v\u00e4.<\/p>\n","protected":false},"featured_media":23471,"comment_status":"open","ping_status":"closed","template":"","meta":[],"product_brand":[],"product_cat":[784],"product_tag":[],"class_list":{"0":"post-23470","1":"product","2":"type-product","3":"status-publish","4":"has-post-thumbnail","6":"product_cat-tarvikkeet","8":"first","9":"instock","10":"taxable","11":"shipping-taxable","12":"purchasable","13":"product-type-simple"},"yoast_head":"<!-- This site is optimized with the Yoast SEO plugin v27.4 - https:\/\/yoast.com\/product\/yoast-seo-wordpress\/ -->\n<title>BBQ &amp; GRILL -folio 30m - BBQ \u00c4ssad%<\/title>\n<meta name=\"description\" content=\"BBQ &amp; GRILL TOP COVER FOOLIUM 30m - T\u00e4m\u00e4 on alan paras folio, paras grillaukseen ja jokap\u00e4iv\u00e4iseen k\u00e4ytt\u00f6\u00f6n keitti\u00f6ss\u00e4.\" \/>\n<meta name=\"robots\" content=\"index, follow, max-snippet:-1, max-image-preview:large, max-video-preview:-1\" \/>\n<link rel=\"canonical\" href=\"https:\/\/bbqassad.ee\/fi\/toode\/bbq-grill-ylakansi-foolium-30m\/\" \/>\n<meta property=\"og:locale\" content=\"fi_FI\" \/>\n<meta property=\"og:type\" content=\"article\" \/>\n<meta property=\"og:title\" content=\"BBQ &amp; GRILL yl\u00e4kansi FOOLIUM 30m\" \/>\n<meta property=\"og:description\" content=\"BBQ &amp; GRILL TOP COVER FOOLIUM 30m - T\u00e4m\u00e4 on alan paras folio, paras grillaukseen ja jokap\u00e4iv\u00e4iseen k\u00e4ytt\u00f6\u00f6n keitti\u00f6ss\u00e4.\" \/>\n<meta property=\"og:url\" content=\"https:\/\/bbqassad.ee\/fi\/toode\/bbq-grill-ylakansi-foolium-30m\/\" \/>\n<meta property=\"og:site_name\" content=\"BBQ \u00c4ssad\" \/>\n<meta property=\"article:publisher\" content=\"https:\/\/www.facebook.com\/bbqassad\" \/>\n<meta property=\"article:modified_time\" content=\"2026-04-22T08:44:20+00:00\" \/>\n<meta property=\"og:image\" content=\"https:\/\/bbqassad.ee\/wp-content\/uploads\/2022\/12\/foolium-300x300.webp\" \/>\n<meta name=\"twitter:card\" content=\"summary_large_image\" \/>\n<script type=\"application\/ld+json\" class=\"yoast-schema-graph\">{\"@context\":\"https:\\\/\\\/schema.org\",\"@graph\":[{\"@type\":\"WebPage\",\"@id\":\"https:\\\/\\\/bbqassad.ee\\\/fi\\\/toode\\\/bbq-grill-ylakansi-foolium-30m\\\/\",\"url\":\"https:\\\/\\\/bbqassad.ee\\\/fi\\\/toode\\\/bbq-grill-ylakansi-foolium-30m\\\/\",\"name\":\"BBQ & GRILL -folio 30m - BBQ \u00c4ssad%\",\"isPartOf\":{\"@id\":\"https:\\\/\\\/bbqassad.ee\\\/fi\\\/#website\"},\"primaryImageOfPage\":{\"@id\":\"https:\\\/\\\/bbqassad.ee\\\/fi\\\/toode\\\/bbq-grill-ylakansi-foolium-30m\\\/#primaryimage\"},\"image\":{\"@id\":\"https:\\\/\\\/bbqassad.ee\\\/fi\\\/toode\\\/bbq-grill-ylakansi-foolium-30m\\\/#primaryimage\"},\"thumbnailUrl\":\"https:\\\/\\\/bbqassad.ee\\\/wp-content\\\/uploads\\\/2022\\\/12\\\/foolium.webp\",\"datePublished\":\"2022-12-07T19:40:20+00:00\",\"dateModified\":\"2026-04-22T08:44:20+00:00\",\"description\":\"BBQ & GRILL TOP COVER FOOLIUM 30m - T\u00e4m\u00e4 on alan paras folio, paras grillaukseen ja jokap\u00e4iv\u00e4iseen k\u00e4ytt\u00f6\u00f6n keitti\u00f6ss\u00e4.\",\"breadcrumb\":{\"@id\":\"https:\\\/\\\/bbqassad.ee\\\/fi\\\/toode\\\/bbq-grill-ylakansi-foolium-30m\\\/#breadcrumb\"},\"inLanguage\":\"fi\",\"potentialAction\":[{\"@type\":\"ReadAction\",\"target\":[\"https:\\\/\\\/bbqassad.ee\\\/fi\\\/toode\\\/bbq-grill-ylakansi-foolium-30m\\\/\"]}]},{\"@type\":\"ImageObject\",\"inLanguage\":\"fi\",\"@id\":\"https:\\\/\\\/bbqassad.ee\\\/fi\\\/toode\\\/bbq-grill-ylakansi-foolium-30m\\\/#primaryimage\",\"url\":\"https:\\\/\\\/bbqassad.ee\\\/wp-content\\\/uploads\\\/2022\\\/12\\\/foolium.webp\",\"contentUrl\":\"https:\\\/\\\/bbqassad.ee\\\/wp-content\\\/uploads\\\/2022\\\/12\\\/foolium.webp\",\"width\":800,\"height\":800,\"caption\":\"BBQ & GRILL \u00fclipaks FOOLIUM 30m\"},{\"@type\":\"BreadcrumbList\",\"@id\":\"https:\\\/\\\/bbqassad.ee\\\/fi\\\/toode\\\/bbq-grill-ylakansi-foolium-30m\\\/#breadcrumb\",\"itemListElement\":[{\"@type\":\"ListItem\",\"position\":1,\"name\":\"Home\",\"item\":\"https:\\\/\\\/bbqassad.ee\\\/fi\\\/bbq-assat\\\/\"},{\"@type\":\"ListItem\",\"position\":2,\"name\":\"Verkkokauppa\",\"item\":\"https:\\\/\\\/bbqassad.ee\\\/fi\\\/verkkokauppa\\\/\"},{\"@type\":\"ListItem\",\"position\":3,\"name\":\"BBQ &#038; GRILL -folio 30m\"}]},{\"@type\":\"WebSite\",\"@id\":\"https:\\\/\\\/bbqassad.ee\\\/fi\\\/#website\",\"url\":\"https:\\\/\\\/bbqassad.ee\\\/fi\\\/\",\"name\":\"BBQ \u00c4ssad\",\"description\":\"BBQ maitseained, kastmed, ahjud\",\"publisher\":{\"@id\":\"https:\\\/\\\/bbqassad.ee\\\/fi\\\/#organization\"},\"potentialAction\":[{\"@type\":\"SearchAction\",\"target\":{\"@type\":\"EntryPoint\",\"urlTemplate\":\"https:\\\/\\\/bbqassad.ee\\\/fi\\\/?s={search_term_string}\"},\"query-input\":{\"@type\":\"PropertyValueSpecification\",\"valueRequired\":true,\"valueName\":\"search_term_string\"}}],\"inLanguage\":\"fi\"},{\"@type\":\"Organization\",\"@id\":\"https:\\\/\\\/bbqassad.ee\\\/fi\\\/#organization\",\"name\":\"BBQ \u00c4ssad\",\"url\":\"https:\\\/\\\/bbqassad.ee\\\/fi\\\/\",\"logo\":{\"@type\":\"ImageObject\",\"inLanguage\":\"fi\",\"@id\":\"https:\\\/\\\/bbqassad.ee\\\/fi\\\/#\\\/schema\\\/logo\\\/image\\\/\",\"url\":\"https:\\\/\\\/bbqassad.ee\\\/wp-content\\\/uploads\\\/2022\\\/10\\\/BBQ-2ssadlogo.png\",\"contentUrl\":\"https:\\\/\\\/bbqassad.ee\\\/wp-content\\\/uploads\\\/2022\\\/10\\\/BBQ-2ssadlogo.png\",\"width\":1080,\"height\":1080,\"caption\":\"BBQ \u00c4ssad\"},\"image\":{\"@id\":\"https:\\\/\\\/bbqassad.ee\\\/fi\\\/#\\\/schema\\\/logo\\\/image\\\/\"},\"sameAs\":[\"https:\\\/\\\/www.facebook.com\\\/bbqassad\",\"https:\\\/\\\/www.youtube.com\\\/channel\\\/UCsoufn49J6TVi9Ah9meE93w\"]}]}<\/script>\n<!-- \/ Yoast SEO plugin. -->","yoast_head_json":{"title":"BBQ & GRILL -folio 30m - BBQ \u00c4ssad%","description":"BBQ & GRILL TOP COVER FOOLIUM 30m - T\u00e4m\u00e4 on alan paras folio, paras grillaukseen ja jokap\u00e4iv\u00e4iseen k\u00e4ytt\u00f6\u00f6n keitti\u00f6ss\u00e4.","robots":{"index":"index","follow":"follow","max-snippet":"max-snippet:-1","max-image-preview":"max-image-preview:large","max-video-preview":"max-video-preview:-1"},"canonical":"https:\/\/bbqassad.ee\/fi\/toode\/bbq-grill-ylakansi-foolium-30m\/","og_locale":"fi_FI","og_type":"article","og_title":"BBQ & GRILL yl\u00e4kansi FOOLIUM 30m","og_description":"BBQ & GRILL TOP COVER FOOLIUM 30m - T\u00e4m\u00e4 on alan paras folio, paras grillaukseen ja jokap\u00e4iv\u00e4iseen k\u00e4ytt\u00f6\u00f6n keitti\u00f6ss\u00e4.","og_url":"https:\/\/bbqassad.ee\/fi\/toode\/bbq-grill-ylakansi-foolium-30m\/","og_site_name":"BBQ \u00c4ssad","article_publisher":"https:\/\/www.facebook.com\/bbqassad","article_modified_time":"2026-04-22T08:44:20+00:00","og_image":[{"url":"https:\/\/bbqassad.ee\/wp-content\/uploads\/2022\/12\/foolium-300x300.webp","type":"","width":"","height":""}],"twitter_card":"summary_large_image","schema":{"@context":"https:\/\/schema.org","@graph":[{"@type":"WebPage","@id":"https:\/\/bbqassad.ee\/fi\/toode\/bbq-grill-ylakansi-foolium-30m\/","url":"https:\/\/bbqassad.ee\/fi\/toode\/bbq-grill-ylakansi-foolium-30m\/","name":"BBQ & GRILL -folio 30m - BBQ \u00c4ssad%","isPartOf":{"@id":"https:\/\/bbqassad.ee\/fi\/#website"},"primaryImageOfPage":{"@id":"https:\/\/bbqassad.ee\/fi\/toode\/bbq-grill-ylakansi-foolium-30m\/#primaryimage"},"image":{"@id":"https:\/\/bbqassad.ee\/fi\/toode\/bbq-grill-ylakansi-foolium-30m\/#primaryimage"},"thumbnailUrl":"https:\/\/bbqassad.ee\/wp-content\/uploads\/2022\/12\/foolium.webp","datePublished":"2022-12-07T19:40:20+00:00","dateModified":"2026-04-22T08:44:20+00:00","description":"BBQ & GRILL TOP COVER FOOLIUM 30m - T\u00e4m\u00e4 on alan paras folio, paras grillaukseen ja jokap\u00e4iv\u00e4iseen k\u00e4ytt\u00f6\u00f6n keitti\u00f6ss\u00e4.","breadcrumb":{"@id":"https:\/\/bbqassad.ee\/fi\/toode\/bbq-grill-ylakansi-foolium-30m\/#breadcrumb"},"inLanguage":"fi","potentialAction":[{"@type":"ReadAction","target":["https:\/\/bbqassad.ee\/fi\/toode\/bbq-grill-ylakansi-foolium-30m\/"]}]},{"@type":"ImageObject","inLanguage":"fi","@id":"https:\/\/bbqassad.ee\/fi\/toode\/bbq-grill-ylakansi-foolium-30m\/#primaryimage","url":"https:\/\/bbqassad.ee\/wp-content\/uploads\/2022\/12\/foolium.webp","contentUrl":"https:\/\/bbqassad.ee\/wp-content\/uploads\/2022\/12\/foolium.webp","width":800,"height":800,"caption":"BBQ & GRILL \u00fclipaks FOOLIUM 30m"},{"@type":"BreadcrumbList","@id":"https:\/\/bbqassad.ee\/fi\/toode\/bbq-grill-ylakansi-foolium-30m\/#breadcrumb","itemListElement":[{"@type":"ListItem","position":1,"name":"Home","item":"https:\/\/bbqassad.ee\/fi\/bbq-assat\/"},{"@type":"ListItem","position":2,"name":"Verkkokauppa","item":"https:\/\/bbqassad.ee\/fi\/verkkokauppa\/"},{"@type":"ListItem","position":3,"name":"BBQ &#038; GRILL -folio 30m"}]},{"@type":"WebSite","@id":"https:\/\/bbqassad.ee\/fi\/#website","url":"https:\/\/bbqassad.ee\/fi\/","name":"BBQ \u00c4ssad","description":"BBQ maitseained, kastmed, ahjud","publisher":{"@id":"https:\/\/bbqassad.ee\/fi\/#organization"},"potentialAction":[{"@type":"SearchAction","target":{"@type":"EntryPoint","urlTemplate":"https:\/\/bbqassad.ee\/fi\/?s={search_term_string}"},"query-input":{"@type":"PropertyValueSpecification","valueRequired":true,"valueName":"search_term_string"}}],"inLanguage":"fi"},{"@type":"Organization","@id":"https:\/\/bbqassad.ee\/fi\/#organization","name":"BBQ \u00c4ssad","url":"https:\/\/bbqassad.ee\/fi\/","logo":{"@type":"ImageObject","inLanguage":"fi","@id":"https:\/\/bbqassad.ee\/fi\/#\/schema\/logo\/image\/","url":"https:\/\/bbqassad.ee\/wp-content\/uploads\/2022\/10\/BBQ-2ssadlogo.png","contentUrl":"https:\/\/bbqassad.ee\/wp-content\/uploads\/2022\/10\/BBQ-2ssadlogo.png","width":1080,"height":1080,"caption":"BBQ \u00c4ssad"},"image":{"@id":"https:\/\/bbqassad.ee\/fi\/#\/schema\/logo\/image\/"},"sameAs":["https:\/\/www.facebook.com\/bbqassad","https:\/\/www.youtube.com\/channel\/UCsoufn49J6TVi9Ah9meE93w"]}]}},"_links":{"self":[{"href":"https:\/\/bbqassad.ee\/fi\/wp-json\/wp\/v2\/product\/23470","targetHints":{"allow":["GET"]}}],"collection":[{"href":"https:\/\/bbqassad.ee\/fi\/wp-json\/wp\/v2\/product"}],"about":[{"href":"https:\/\/bbqassad.ee\/fi\/wp-json\/wp\/v2\/types\/product"}],"replies":[{"embeddable":true,"href":"https:\/\/bbqassad.ee\/fi\/wp-json\/wp\/v2\/comments?post=23470"}],"wp:featuredmedia":[{"embeddable":true,"href":"https:\/\/bbqassad.ee\/fi\/wp-json\/wp\/v2\/media\/23471"}],"wp:attachment":[{"href":"https:\/\/bbqassad.ee\/fi\/wp-json\/wp\/v2\/media?parent=23470"}],"wp:term":[{"taxonomy":"product_brand","embeddable":true,"href":"https:\/\/bbqassad.ee\/fi\/wp-json\/wp\/v2\/product_brand?post=23470"},{"taxonomy":"product_cat","embeddable":true,"href":"https:\/\/bbqassad.ee\/fi\/wp-json\/wp\/v2\/product_cat?post=23470"},{"taxonomy":"product_tag","embeddable":true,"href":"https:\/\/bbqassad.ee\/fi\/wp-json\/wp\/v2\/product_tag?post=23470"}],"curies":[{"name":"wp","href":"https:\/\/api.w.org\/{rel}","templated":true}]}}