{"id":23453,"date":"2022-12-15T10:46:52","date_gmt":"2022-12-15T10:46:52","guid":{"rendered":"https:\/\/bbqassad.ee\/toode\/kastike-stokes-bloody-mary-tomaattiketsuppi\/"},"modified":"2026-04-14T06:34:05","modified_gmt":"2026-04-14T06:34:05","slug":"kastike-stokes-bloody-mary-tomaattiketsuppi","status":"publish","type":"product","link":"https:\/\/bbqassad.ee\/fi\/toode\/kastike-stokes-bloody-mary-tomaattiketsuppi\/","title":{"rendered":"Stokes Bloody Mary Tomaattiketsuppi"},"content":{"rendered":"<h2>Kastike BLOODY MARY Tomaattiketsuppi<\/h2>\n<p>Kastike Stokes BLOODY MARY Tomaattiketsuppi &#8211; Stokesin ketsuppi valmistetaan Worcester-kastikkeesta ja vodkasta, johon on lis\u00e4tty mausteita.<\/p>\n<h3>BBQ Aces kommentti<\/h3>\n<p>Meille ketsupin osalta pieni &#8221;heureka&#8221;-hetki. Tavallinen punainen lensi j\u00e4\u00e4kaapista ulos suuressa kaaressa ja tilalle tuli t\u00e4m\u00e4. Miellytt\u00e4v\u00e4n mausteinen vivahde ja niin hyv\u00e4 juoda tai pullosta.  <\/p>\n<h3>Ammattilaisen vinkki<\/h3>\n<p>Jos sanotaan, ett\u00e4 huonoa lihaa ei ole olemassa, ketsuppia on v\u00e4h\u00e4n, niin t\u00e4ss\u00e4 nimenomaisessa tapauksessa se pit\u00e4\u00e4 enemm\u00e4nkin paikkansa siin\u00e4 mieless\u00e4, ett\u00e4 ei ole olemassa sellaista grillilihaa, jonka p\u00e4\u00e4lle sit\u00e4 ei kaadettaisi.<\/p>\n","protected":false},"excerpt":{"rendered":"<p>Tuottaja: Stokes<br \/>\nPaino: 300g<\/p>\n","protected":false},"featured_media":23455,"comment_status":"open","ping_status":"closed","template":"","meta":[],"product_brand":[],"product_cat":[788],"product_tag":[791,790,803,789],"class_list":{"0":"post-23453","1":"product","2":"type-product","3":"status-publish","4":"has-post-thumbnail","6":"product_cat-kastit","7":"product_tag-kala","8":"product_tag-kana","9":"product_tag-karja","10":"product_tag-sika","12":"first","13":"instock","14":"taxable","15":"shipping-taxable","16":"purchasable","17":"product-type-variable"},"yoast_head":"<!-- This site is optimized with the Yoast SEO plugin v27.4 - https:\/\/yoast.com\/product\/yoast-seo-wordpress\/ -->\n<title>Stokes Bloody Mary Tomaattiketsuppi - BBQ \u00c4ssad%<\/title>\n<meta name=\"description\" content=\"Kastike Stokes BLOODY MARY Tomaattiketsuppi - Stokesin ketsuppi valmistetaan Worcester-kastikkeesta ja vodkasta, johon lis\u00e4t\u00e4\u00e4n mausteita ...\" \/>\n<meta name=\"robots\" content=\"index, follow, max-snippet:-1, max-image-preview:large, max-video-preview:-1\" \/>\n<link rel=\"canonical\" href=\"https:\/\/bbqassad.ee\/fi\/toode\/kastike-stokes-bloody-mary-tomaattiketsuppi\/\" \/>\n<meta property=\"og:locale\" content=\"fi_FI\" \/>\n<meta property=\"og:type\" content=\"article\" \/>\n<meta property=\"og:title\" content=\"Stokes Bloody Mary Tomaattiketsuppi - BBQ \u00c4ssad%\" \/>\n<meta property=\"og:description\" content=\"Kastike Stokes BLOODY MARY Tomaattiketsuppi - Stokesin ketsuppi valmistetaan Worcester-kastikkeesta ja vodkasta, johon lis\u00e4t\u00e4\u00e4n mausteita ...\" \/>\n<meta property=\"og:url\" content=\"https:\/\/bbqassad.ee\/fi\/toode\/kastike-stokes-bloody-mary-tomaattiketsuppi\/\" \/>\n<meta property=\"og:site_name\" content=\"BBQ \u00c4ssad\" \/>\n<meta property=\"article:publisher\" content=\"https:\/\/www.facebook.com\/bbqassad\" \/>\n<meta property=\"article:modified_time\" content=\"2026-04-14T06:34:05+00:00\" \/>\n<meta property=\"og:image\" content=\"https:\/\/bbqassad.ee\/wp-content\/uploads\/2022\/12\/Stokes-1tk.png\" \/>\n\t<meta property=\"og:image:width\" content=\"800\" \/>\n\t<meta property=\"og:image:height\" content=\"800\" \/>\n\t<meta property=\"og:image:type\" content=\"image\/png\" \/>\n<meta name=\"twitter:card\" content=\"summary_large_image\" \/>\n<script type=\"application\/ld+json\" class=\"yoast-schema-graph\">{\"@context\":\"https:\\\/\\\/schema.org\",\"@graph\":[{\"@type\":\"WebPage\",\"@id\":\"https:\\\/\\\/bbqassad.ee\\\/fi\\\/toode\\\/kastike-stokes-bloody-mary-tomaattiketsuppi\\\/\",\"url\":\"https:\\\/\\\/bbqassad.ee\\\/fi\\\/toode\\\/kastike-stokes-bloody-mary-tomaattiketsuppi\\\/\",\"name\":\"Stokes Bloody Mary Tomaattiketsuppi - BBQ \u00c4ssad%\",\"isPartOf\":{\"@id\":\"https:\\\/\\\/bbqassad.ee\\\/fi\\\/#website\"},\"primaryImageOfPage\":{\"@id\":\"https:\\\/\\\/bbqassad.ee\\\/fi\\\/toode\\\/kastike-stokes-bloody-mary-tomaattiketsuppi\\\/#primaryimage\"},\"image\":{\"@id\":\"https:\\\/\\\/bbqassad.ee\\\/fi\\\/toode\\\/kastike-stokes-bloody-mary-tomaattiketsuppi\\\/#primaryimage\"},\"thumbnailUrl\":\"https:\\\/\\\/bbqassad.ee\\\/wp-content\\\/uploads\\\/2022\\\/12\\\/Stokes-1tk.png\",\"datePublished\":\"2022-12-15T10:46:52+00:00\",\"dateModified\":\"2026-04-14T06:34:05+00:00\",\"description\":\"Kastike Stokes BLOODY MARY Tomaattiketsuppi - Stokesin ketsuppi valmistetaan Worcester-kastikkeesta ja vodkasta, johon lis\u00e4t\u00e4\u00e4n mausteita ...\",\"breadcrumb\":{\"@id\":\"https:\\\/\\\/bbqassad.ee\\\/fi\\\/toode\\\/kastike-stokes-bloody-mary-tomaattiketsuppi\\\/#breadcrumb\"},\"inLanguage\":\"fi\",\"potentialAction\":[{\"@type\":\"ReadAction\",\"target\":[\"https:\\\/\\\/bbqassad.ee\\\/fi\\\/toode\\\/kastike-stokes-bloody-mary-tomaattiketsuppi\\\/\"]}]},{\"@type\":\"ImageObject\",\"inLanguage\":\"fi\",\"@id\":\"https:\\\/\\\/bbqassad.ee\\\/fi\\\/toode\\\/kastike-stokes-bloody-mary-tomaattiketsuppi\\\/#primaryimage\",\"url\":\"https:\\\/\\\/bbqassad.ee\\\/wp-content\\\/uploads\\\/2022\\\/12\\\/Stokes-1tk.png\",\"contentUrl\":\"https:\\\/\\\/bbqassad.ee\\\/wp-content\\\/uploads\\\/2022\\\/12\\\/Stokes-1tk.png\",\"width\":800,\"height\":800,\"caption\":\"Stokes-bloody-mary-ketsup\"},{\"@type\":\"BreadcrumbList\",\"@id\":\"https:\\\/\\\/bbqassad.ee\\\/fi\\\/toode\\\/kastike-stokes-bloody-mary-tomaattiketsuppi\\\/#breadcrumb\",\"itemListElement\":[{\"@type\":\"ListItem\",\"position\":1,\"name\":\"Home\",\"item\":\"https:\\\/\\\/bbqassad.ee\\\/fi\\\/bbq-assat\\\/\"},{\"@type\":\"ListItem\",\"position\":2,\"name\":\"Verkkokauppa\",\"item\":\"https:\\\/\\\/bbqassad.ee\\\/fi\\\/verkkokauppa\\\/\"},{\"@type\":\"ListItem\",\"position\":3,\"name\":\"Stokes Bloody Mary Tomaattiketsuppi\"}]},{\"@type\":\"WebSite\",\"@id\":\"https:\\\/\\\/bbqassad.ee\\\/fi\\\/#website\",\"url\":\"https:\\\/\\\/bbqassad.ee\\\/fi\\\/\",\"name\":\"BBQ \u00c4ssad\",\"description\":\"BBQ maitseained, kastmed, ahjud\",\"publisher\":{\"@id\":\"https:\\\/\\\/bbqassad.ee\\\/fi\\\/#organization\"},\"potentialAction\":[{\"@type\":\"SearchAction\",\"target\":{\"@type\":\"EntryPoint\",\"urlTemplate\":\"https:\\\/\\\/bbqassad.ee\\\/fi\\\/?s={search_term_string}\"},\"query-input\":{\"@type\":\"PropertyValueSpecification\",\"valueRequired\":true,\"valueName\":\"search_term_string\"}}],\"inLanguage\":\"fi\"},{\"@type\":\"Organization\",\"@id\":\"https:\\\/\\\/bbqassad.ee\\\/fi\\\/#organization\",\"name\":\"BBQ \u00c4ssad\",\"url\":\"https:\\\/\\\/bbqassad.ee\\\/fi\\\/\",\"logo\":{\"@type\":\"ImageObject\",\"inLanguage\":\"fi\",\"@id\":\"https:\\\/\\\/bbqassad.ee\\\/fi\\\/#\\\/schema\\\/logo\\\/image\\\/\",\"url\":\"https:\\\/\\\/bbqassad.ee\\\/wp-content\\\/uploads\\\/2022\\\/10\\\/BBQ-2ssadlogo.png\",\"contentUrl\":\"https:\\\/\\\/bbqassad.ee\\\/wp-content\\\/uploads\\\/2022\\\/10\\\/BBQ-2ssadlogo.png\",\"width\":1080,\"height\":1080,\"caption\":\"BBQ \u00c4ssad\"},\"image\":{\"@id\":\"https:\\\/\\\/bbqassad.ee\\\/fi\\\/#\\\/schema\\\/logo\\\/image\\\/\"},\"sameAs\":[\"https:\\\/\\\/www.facebook.com\\\/bbqassad\",\"https:\\\/\\\/www.youtube.com\\\/channel\\\/UCsoufn49J6TVi9Ah9meE93w\"]}]}<\/script>\n<!-- \/ Yoast SEO plugin. -->","yoast_head_json":{"title":"Stokes Bloody Mary Tomaattiketsuppi - BBQ \u00c4ssad%","description":"Kastike Stokes BLOODY MARY Tomaattiketsuppi - Stokesin ketsuppi valmistetaan Worcester-kastikkeesta ja vodkasta, johon lis\u00e4t\u00e4\u00e4n mausteita ...","robots":{"index":"index","follow":"follow","max-snippet":"max-snippet:-1","max-image-preview":"max-image-preview:large","max-video-preview":"max-video-preview:-1"},"canonical":"https:\/\/bbqassad.ee\/fi\/toode\/kastike-stokes-bloody-mary-tomaattiketsuppi\/","og_locale":"fi_FI","og_type":"article","og_title":"Stokes Bloody Mary Tomaattiketsuppi - BBQ \u00c4ssad%","og_description":"Kastike Stokes BLOODY MARY Tomaattiketsuppi - Stokesin ketsuppi valmistetaan Worcester-kastikkeesta ja vodkasta, johon lis\u00e4t\u00e4\u00e4n mausteita ...","og_url":"https:\/\/bbqassad.ee\/fi\/toode\/kastike-stokes-bloody-mary-tomaattiketsuppi\/","og_site_name":"BBQ \u00c4ssad","article_publisher":"https:\/\/www.facebook.com\/bbqassad","article_modified_time":"2026-04-14T06:34:05+00:00","og_image":[{"width":800,"height":800,"url":"https:\/\/bbqassad.ee\/wp-content\/uploads\/2022\/12\/Stokes-1tk.png","type":"image\/png"}],"twitter_card":"summary_large_image","schema":{"@context":"https:\/\/schema.org","@graph":[{"@type":"WebPage","@id":"https:\/\/bbqassad.ee\/fi\/toode\/kastike-stokes-bloody-mary-tomaattiketsuppi\/","url":"https:\/\/bbqassad.ee\/fi\/toode\/kastike-stokes-bloody-mary-tomaattiketsuppi\/","name":"Stokes Bloody Mary Tomaattiketsuppi - BBQ \u00c4ssad%","isPartOf":{"@id":"https:\/\/bbqassad.ee\/fi\/#website"},"primaryImageOfPage":{"@id":"https:\/\/bbqassad.ee\/fi\/toode\/kastike-stokes-bloody-mary-tomaattiketsuppi\/#primaryimage"},"image":{"@id":"https:\/\/bbqassad.ee\/fi\/toode\/kastike-stokes-bloody-mary-tomaattiketsuppi\/#primaryimage"},"thumbnailUrl":"https:\/\/bbqassad.ee\/wp-content\/uploads\/2022\/12\/Stokes-1tk.png","datePublished":"2022-12-15T10:46:52+00:00","dateModified":"2026-04-14T06:34:05+00:00","description":"Kastike Stokes BLOODY MARY Tomaattiketsuppi - Stokesin ketsuppi valmistetaan Worcester-kastikkeesta ja vodkasta, johon lis\u00e4t\u00e4\u00e4n mausteita ...","breadcrumb":{"@id":"https:\/\/bbqassad.ee\/fi\/toode\/kastike-stokes-bloody-mary-tomaattiketsuppi\/#breadcrumb"},"inLanguage":"fi","potentialAction":[{"@type":"ReadAction","target":["https:\/\/bbqassad.ee\/fi\/toode\/kastike-stokes-bloody-mary-tomaattiketsuppi\/"]}]},{"@type":"ImageObject","inLanguage":"fi","@id":"https:\/\/bbqassad.ee\/fi\/toode\/kastike-stokes-bloody-mary-tomaattiketsuppi\/#primaryimage","url":"https:\/\/bbqassad.ee\/wp-content\/uploads\/2022\/12\/Stokes-1tk.png","contentUrl":"https:\/\/bbqassad.ee\/wp-content\/uploads\/2022\/12\/Stokes-1tk.png","width":800,"height":800,"caption":"Stokes-bloody-mary-ketsup"},{"@type":"BreadcrumbList","@id":"https:\/\/bbqassad.ee\/fi\/toode\/kastike-stokes-bloody-mary-tomaattiketsuppi\/#breadcrumb","itemListElement":[{"@type":"ListItem","position":1,"name":"Home","item":"https:\/\/bbqassad.ee\/fi\/bbq-assat\/"},{"@type":"ListItem","position":2,"name":"Verkkokauppa","item":"https:\/\/bbqassad.ee\/fi\/verkkokauppa\/"},{"@type":"ListItem","position":3,"name":"Stokes Bloody Mary Tomaattiketsuppi"}]},{"@type":"WebSite","@id":"https:\/\/bbqassad.ee\/fi\/#website","url":"https:\/\/bbqassad.ee\/fi\/","name":"BBQ \u00c4ssad","description":"BBQ maitseained, kastmed, ahjud","publisher":{"@id":"https:\/\/bbqassad.ee\/fi\/#organization"},"potentialAction":[{"@type":"SearchAction","target":{"@type":"EntryPoint","urlTemplate":"https:\/\/bbqassad.ee\/fi\/?s={search_term_string}"},"query-input":{"@type":"PropertyValueSpecification","valueRequired":true,"valueName":"search_term_string"}}],"inLanguage":"fi"},{"@type":"Organization","@id":"https:\/\/bbqassad.ee\/fi\/#organization","name":"BBQ \u00c4ssad","url":"https:\/\/bbqassad.ee\/fi\/","logo":{"@type":"ImageObject","inLanguage":"fi","@id":"https:\/\/bbqassad.ee\/fi\/#\/schema\/logo\/image\/","url":"https:\/\/bbqassad.ee\/wp-content\/uploads\/2022\/10\/BBQ-2ssadlogo.png","contentUrl":"https:\/\/bbqassad.ee\/wp-content\/uploads\/2022\/10\/BBQ-2ssadlogo.png","width":1080,"height":1080,"caption":"BBQ \u00c4ssad"},"image":{"@id":"https:\/\/bbqassad.ee\/fi\/#\/schema\/logo\/image\/"},"sameAs":["https:\/\/www.facebook.com\/bbqassad","https:\/\/www.youtube.com\/channel\/UCsoufn49J6TVi9Ah9meE93w"]}]}},"_links":{"self":[{"href":"https:\/\/bbqassad.ee\/fi\/wp-json\/wp\/v2\/product\/23453","targetHints":{"allow":["GET"]}}],"collection":[{"href":"https:\/\/bbqassad.ee\/fi\/wp-json\/wp\/v2\/product"}],"about":[{"href":"https:\/\/bbqassad.ee\/fi\/wp-json\/wp\/v2\/types\/product"}],"replies":[{"embeddable":true,"href":"https:\/\/bbqassad.ee\/fi\/wp-json\/wp\/v2\/comments?post=23453"}],"wp:featuredmedia":[{"embeddable":true,"href":"https:\/\/bbqassad.ee\/fi\/wp-json\/wp\/v2\/media\/23455"}],"wp:attachment":[{"href":"https:\/\/bbqassad.ee\/fi\/wp-json\/wp\/v2\/media?parent=23453"}],"wp:term":[{"taxonomy":"product_brand","embeddable":true,"href":"https:\/\/bbqassad.ee\/fi\/wp-json\/wp\/v2\/product_brand?post=23453"},{"taxonomy":"product_cat","embeddable":true,"href":"https:\/\/bbqassad.ee\/fi\/wp-json\/wp\/v2\/product_cat?post=23453"},{"taxonomy":"product_tag","embeddable":true,"href":"https:\/\/bbqassad.ee\/fi\/wp-json\/wp\/v2\/product_tag?post=23453"}],"curies":[{"name":"wp","href":"https:\/\/api.w.org\/{rel}","templated":true}]}}