{"id":23447,"date":"2022-12-27T19:15:13","date_gmt":"2022-12-27T19:15:13","guid":{"rendered":"https:\/\/bbqassad.ee\/toode\/puuhiili-50l-dreamfire-3-pussia\/"},"modified":"2026-04-14T06:33:56","modified_gmt":"2026-04-14T06:33:56","slug":"puuhiili-50l-dreamfire-3-pussia","status":"publish","type":"product","link":"https:\/\/bbqassad.ee\/fi\/toode\/puuhiili-50l-dreamfire-3-pussia\/","title":{"rendered":"Puuhiili 50L &#8211; Dreamfire\u00ae (3 pussia)"},"content":{"rendered":"<h2>Kolme pussia liimapuuhiilt\u00e4<\/h2>\n<p>Lardwoodin puuhiili 50L &#8211; Lardwoodin puuhiili sopii sek\u00e4 pieniin ett\u00e4 suurempiin grilleihin. Koska puuhiili on luonnonhiilt\u00e4, sit\u00e4 voi my\u00f6s kypsent\u00e4\u00e4 suoraan puuhiiless\u00e4. <\/p>\n<p>Lehtikuusihiili palaa nopeasti ilman kemiallisia nesteit\u00e4. Koska puuhiileen ei ole lis\u00e4tty syttyvi\u00e4 aineita, se ei ota liiallista liekki\u00e4 tai savua kypsennyksen aikana! Toisaalta se antaa ruoalle mukavan savuisen grillimaun ja aromin.  <\/p>\n","protected":false},"excerpt":{"rendered":"<p>Laadukasta lehtipuuta sis\u00e4lt\u00e4v\u00e4 grillihiili, jossa on erityisen suuri osuus. Ihanteellinen kotigrilleihin, ravintoloihin jne. <\/p>\n<p>Korkea fraktio ja ravintolalaatu takaavat tasaisen l\u00e4mm\u00f6n ja alhaisen aterian kulutuksen. Ihanteellinen pitkiin grillauksiin ja savustamiseen. T\u00e4m\u00e4n puuhiilen laatu on korkein Virossa tarjolla olevista puuhiileist\u00e4.  <\/p>\n<p>Syttyminen kest\u00e4\u00e4 noin 5-10 minuuttia.<\/p>\n<p>&nbsp;<\/p>\n","protected":false},"featured_media":744,"comment_status":"open","ping_status":"closed","template":"","meta":[],"product_brand":[],"product_cat":[784],"product_tag":[],"class_list":{"0":"post-23447","1":"product","2":"type-product","3":"status-publish","4":"has-post-thumbnail","6":"product_cat-tarvikkeet","8":"first","9":"instock","10":"taxable","11":"shipping-taxable","12":"purchasable","13":"product-type-simple"},"yoast_head":"<!-- This site is optimized with the Yoast SEO plugin v27.4 - https:\/\/yoast.com\/product\/yoast-seo-wordpress\/ -->\n<title>Puuhiili 50L - Dreamfire\u00ae (3 pussia) - BBQ \u00c4ssad%<\/title>\n<meta name=\"description\" content=\"Hardwood Charcoal 50L - Korkealaatuinen lehtipuuhiili, jossa on eritt\u00e4in suuri osuus. Ihanteellinen kotigrilliin, ravintoloihin jne.\" \/>\n<meta name=\"robots\" content=\"index, follow, max-snippet:-1, max-image-preview:large, max-video-preview:-1\" \/>\n<link rel=\"canonical\" href=\"https:\/\/bbqassad.ee\/fi\/toode\/puuhiili-50l-dreamfire-3-pussia\/\" \/>\n<meta property=\"og:locale\" content=\"fi_FI\" \/>\n<meta property=\"og:type\" content=\"article\" \/>\n<meta property=\"og:title\" content=\"Puuhiili 50L - Dreamfire\u00ae (3 pussia) - BBQ \u00c4ssad%\" \/>\n<meta property=\"og:description\" content=\"Hardwood Charcoal 50L - Korkealaatuinen lehtipuuhiili, jossa on eritt\u00e4in suuri osuus. Ihanteellinen kotigrilliin, ravintoloihin jne.\" \/>\n<meta property=\"og:url\" content=\"https:\/\/bbqassad.ee\/fi\/toode\/puuhiili-50l-dreamfire-3-pussia\/\" \/>\n<meta property=\"og:site_name\" content=\"BBQ \u00c4ssad\" \/>\n<meta property=\"article:publisher\" content=\"https:\/\/www.facebook.com\/bbqassad\" \/>\n<meta property=\"article:modified_time\" content=\"2026-04-14T06:33:56+00:00\" \/>\n<meta property=\"og:image\" content=\"https:\/\/bbqassad.ee\/wp-content\/uploads\/2022\/12\/Susi-dreamfirte.webp\" \/>\n\t<meta property=\"og:image:width\" content=\"1628\" \/>\n\t<meta property=\"og:image:height\" content=\"1920\" \/>\n\t<meta property=\"og:image:type\" content=\"image\/webp\" \/>\n<meta name=\"twitter:card\" content=\"summary_large_image\" \/>\n<script type=\"application\/ld+json\" class=\"yoast-schema-graph\">{\"@context\":\"https:\\\/\\\/schema.org\",\"@graph\":[{\"@type\":\"WebPage\",\"@id\":\"https:\\\/\\\/bbqassad.ee\\\/fi\\\/toode\\\/puuhiili-50l-dreamfire-3-pussia\\\/\",\"url\":\"https:\\\/\\\/bbqassad.ee\\\/fi\\\/toode\\\/puuhiili-50l-dreamfire-3-pussia\\\/\",\"name\":\"Puuhiili 50L - Dreamfire\u00ae (3 pussia) - BBQ \u00c4ssad%\",\"isPartOf\":{\"@id\":\"https:\\\/\\\/bbqassad.ee\\\/fi\\\/#website\"},\"primaryImageOfPage\":{\"@id\":\"https:\\\/\\\/bbqassad.ee\\\/fi\\\/toode\\\/puuhiili-50l-dreamfire-3-pussia\\\/#primaryimage\"},\"image\":{\"@id\":\"https:\\\/\\\/bbqassad.ee\\\/fi\\\/toode\\\/puuhiili-50l-dreamfire-3-pussia\\\/#primaryimage\"},\"thumbnailUrl\":\"https:\\\/\\\/bbqassad.ee\\\/wp-content\\\/uploads\\\/2022\\\/12\\\/Susi-dreamfirte.webp\",\"datePublished\":\"2022-12-27T19:15:13+00:00\",\"dateModified\":\"2026-04-14T06:33:56+00:00\",\"description\":\"Hardwood Charcoal 50L - Korkealaatuinen lehtipuuhiili, jossa on eritt\u00e4in suuri osuus. Ihanteellinen kotigrilliin, ravintoloihin jne.\",\"breadcrumb\":{\"@id\":\"https:\\\/\\\/bbqassad.ee\\\/fi\\\/toode\\\/puuhiili-50l-dreamfire-3-pussia\\\/#breadcrumb\"},\"inLanguage\":\"fi\",\"potentialAction\":[{\"@type\":\"ReadAction\",\"target\":[\"https:\\\/\\\/bbqassad.ee\\\/fi\\\/toode\\\/puuhiili-50l-dreamfire-3-pussia\\\/\"]}]},{\"@type\":\"ImageObject\",\"inLanguage\":\"fi\",\"@id\":\"https:\\\/\\\/bbqassad.ee\\\/fi\\\/toode\\\/puuhiili-50l-dreamfire-3-pussia\\\/#primaryimage\",\"url\":\"https:\\\/\\\/bbqassad.ee\\\/wp-content\\\/uploads\\\/2022\\\/12\\\/Susi-dreamfirte.webp\",\"contentUrl\":\"https:\\\/\\\/bbqassad.ee\\\/wp-content\\\/uploads\\\/2022\\\/12\\\/Susi-dreamfirte.webp\",\"width\":1628,\"height\":1920,\"caption\":\"Lepapuust s\u00fcsi 50L\"},{\"@type\":\"BreadcrumbList\",\"@id\":\"https:\\\/\\\/bbqassad.ee\\\/fi\\\/toode\\\/puuhiili-50l-dreamfire-3-pussia\\\/#breadcrumb\",\"itemListElement\":[{\"@type\":\"ListItem\",\"position\":1,\"name\":\"Home\",\"item\":\"https:\\\/\\\/bbqassad.ee\\\/fi\\\/bbq-assat\\\/\"},{\"@type\":\"ListItem\",\"position\":2,\"name\":\"Verkkokauppa\",\"item\":\"https:\\\/\\\/bbqassad.ee\\\/fi\\\/verkkokauppa\\\/\"},{\"@type\":\"ListItem\",\"position\":3,\"name\":\"Puuhiili 50L &#8211; Dreamfire\u00ae (3 pussia)\"}]},{\"@type\":\"WebSite\",\"@id\":\"https:\\\/\\\/bbqassad.ee\\\/fi\\\/#website\",\"url\":\"https:\\\/\\\/bbqassad.ee\\\/fi\\\/\",\"name\":\"BBQ \u00c4ssad\",\"description\":\"BBQ maitseained, kastmed, ahjud\",\"publisher\":{\"@id\":\"https:\\\/\\\/bbqassad.ee\\\/fi\\\/#organization\"},\"potentialAction\":[{\"@type\":\"SearchAction\",\"target\":{\"@type\":\"EntryPoint\",\"urlTemplate\":\"https:\\\/\\\/bbqassad.ee\\\/fi\\\/?s={search_term_string}\"},\"query-input\":{\"@type\":\"PropertyValueSpecification\",\"valueRequired\":true,\"valueName\":\"search_term_string\"}}],\"inLanguage\":\"fi\"},{\"@type\":\"Organization\",\"@id\":\"https:\\\/\\\/bbqassad.ee\\\/fi\\\/#organization\",\"name\":\"BBQ \u00c4ssad\",\"url\":\"https:\\\/\\\/bbqassad.ee\\\/fi\\\/\",\"logo\":{\"@type\":\"ImageObject\",\"inLanguage\":\"fi\",\"@id\":\"https:\\\/\\\/bbqassad.ee\\\/fi\\\/#\\\/schema\\\/logo\\\/image\\\/\",\"url\":\"https:\\\/\\\/bbqassad.ee\\\/wp-content\\\/uploads\\\/2022\\\/10\\\/BBQ-2ssadlogo.png\",\"contentUrl\":\"https:\\\/\\\/bbqassad.ee\\\/wp-content\\\/uploads\\\/2022\\\/10\\\/BBQ-2ssadlogo.png\",\"width\":1080,\"height\":1080,\"caption\":\"BBQ \u00c4ssad\"},\"image\":{\"@id\":\"https:\\\/\\\/bbqassad.ee\\\/fi\\\/#\\\/schema\\\/logo\\\/image\\\/\"},\"sameAs\":[\"https:\\\/\\\/www.facebook.com\\\/bbqassad\",\"https:\\\/\\\/www.youtube.com\\\/channel\\\/UCsoufn49J6TVi9Ah9meE93w\"]}]}<\/script>\n<!-- \/ Yoast SEO plugin. -->","yoast_head_json":{"title":"Puuhiili 50L - Dreamfire\u00ae (3 pussia) - BBQ \u00c4ssad%","description":"Hardwood Charcoal 50L - Korkealaatuinen lehtipuuhiili, jossa on eritt\u00e4in suuri osuus. Ihanteellinen kotigrilliin, ravintoloihin jne.","robots":{"index":"index","follow":"follow","max-snippet":"max-snippet:-1","max-image-preview":"max-image-preview:large","max-video-preview":"max-video-preview:-1"},"canonical":"https:\/\/bbqassad.ee\/fi\/toode\/puuhiili-50l-dreamfire-3-pussia\/","og_locale":"fi_FI","og_type":"article","og_title":"Puuhiili 50L - Dreamfire\u00ae (3 pussia) - BBQ \u00c4ssad%","og_description":"Hardwood Charcoal 50L - Korkealaatuinen lehtipuuhiili, jossa on eritt\u00e4in suuri osuus. Ihanteellinen kotigrilliin, ravintoloihin jne.","og_url":"https:\/\/bbqassad.ee\/fi\/toode\/puuhiili-50l-dreamfire-3-pussia\/","og_site_name":"BBQ \u00c4ssad","article_publisher":"https:\/\/www.facebook.com\/bbqassad","article_modified_time":"2026-04-14T06:33:56+00:00","og_image":[{"width":1628,"height":1920,"url":"https:\/\/bbqassad.ee\/wp-content\/uploads\/2022\/12\/Susi-dreamfirte.webp","type":"image\/webp"}],"twitter_card":"summary_large_image","schema":{"@context":"https:\/\/schema.org","@graph":[{"@type":"WebPage","@id":"https:\/\/bbqassad.ee\/fi\/toode\/puuhiili-50l-dreamfire-3-pussia\/","url":"https:\/\/bbqassad.ee\/fi\/toode\/puuhiili-50l-dreamfire-3-pussia\/","name":"Puuhiili 50L - Dreamfire\u00ae (3 pussia) - BBQ \u00c4ssad%","isPartOf":{"@id":"https:\/\/bbqassad.ee\/fi\/#website"},"primaryImageOfPage":{"@id":"https:\/\/bbqassad.ee\/fi\/toode\/puuhiili-50l-dreamfire-3-pussia\/#primaryimage"},"image":{"@id":"https:\/\/bbqassad.ee\/fi\/toode\/puuhiili-50l-dreamfire-3-pussia\/#primaryimage"},"thumbnailUrl":"https:\/\/bbqassad.ee\/wp-content\/uploads\/2022\/12\/Susi-dreamfirte.webp","datePublished":"2022-12-27T19:15:13+00:00","dateModified":"2026-04-14T06:33:56+00:00","description":"Hardwood Charcoal 50L - Korkealaatuinen lehtipuuhiili, jossa on eritt\u00e4in suuri osuus. Ihanteellinen kotigrilliin, ravintoloihin jne.","breadcrumb":{"@id":"https:\/\/bbqassad.ee\/fi\/toode\/puuhiili-50l-dreamfire-3-pussia\/#breadcrumb"},"inLanguage":"fi","potentialAction":[{"@type":"ReadAction","target":["https:\/\/bbqassad.ee\/fi\/toode\/puuhiili-50l-dreamfire-3-pussia\/"]}]},{"@type":"ImageObject","inLanguage":"fi","@id":"https:\/\/bbqassad.ee\/fi\/toode\/puuhiili-50l-dreamfire-3-pussia\/#primaryimage","url":"https:\/\/bbqassad.ee\/wp-content\/uploads\/2022\/12\/Susi-dreamfirte.webp","contentUrl":"https:\/\/bbqassad.ee\/wp-content\/uploads\/2022\/12\/Susi-dreamfirte.webp","width":1628,"height":1920,"caption":"Lepapuust s\u00fcsi 50L"},{"@type":"BreadcrumbList","@id":"https:\/\/bbqassad.ee\/fi\/toode\/puuhiili-50l-dreamfire-3-pussia\/#breadcrumb","itemListElement":[{"@type":"ListItem","position":1,"name":"Home","item":"https:\/\/bbqassad.ee\/fi\/bbq-assat\/"},{"@type":"ListItem","position":2,"name":"Verkkokauppa","item":"https:\/\/bbqassad.ee\/fi\/verkkokauppa\/"},{"@type":"ListItem","position":3,"name":"Puuhiili 50L &#8211; Dreamfire\u00ae (3 pussia)"}]},{"@type":"WebSite","@id":"https:\/\/bbqassad.ee\/fi\/#website","url":"https:\/\/bbqassad.ee\/fi\/","name":"BBQ \u00c4ssad","description":"BBQ maitseained, kastmed, ahjud","publisher":{"@id":"https:\/\/bbqassad.ee\/fi\/#organization"},"potentialAction":[{"@type":"SearchAction","target":{"@type":"EntryPoint","urlTemplate":"https:\/\/bbqassad.ee\/fi\/?s={search_term_string}"},"query-input":{"@type":"PropertyValueSpecification","valueRequired":true,"valueName":"search_term_string"}}],"inLanguage":"fi"},{"@type":"Organization","@id":"https:\/\/bbqassad.ee\/fi\/#organization","name":"BBQ \u00c4ssad","url":"https:\/\/bbqassad.ee\/fi\/","logo":{"@type":"ImageObject","inLanguage":"fi","@id":"https:\/\/bbqassad.ee\/fi\/#\/schema\/logo\/image\/","url":"https:\/\/bbqassad.ee\/wp-content\/uploads\/2022\/10\/BBQ-2ssadlogo.png","contentUrl":"https:\/\/bbqassad.ee\/wp-content\/uploads\/2022\/10\/BBQ-2ssadlogo.png","width":1080,"height":1080,"caption":"BBQ \u00c4ssad"},"image":{"@id":"https:\/\/bbqassad.ee\/fi\/#\/schema\/logo\/image\/"},"sameAs":["https:\/\/www.facebook.com\/bbqassad","https:\/\/www.youtube.com\/channel\/UCsoufn49J6TVi9Ah9meE93w"]}]}},"_links":{"self":[{"href":"https:\/\/bbqassad.ee\/fi\/wp-json\/wp\/v2\/product\/23447","targetHints":{"allow":["GET"]}}],"collection":[{"href":"https:\/\/bbqassad.ee\/fi\/wp-json\/wp\/v2\/product"}],"about":[{"href":"https:\/\/bbqassad.ee\/fi\/wp-json\/wp\/v2\/types\/product"}],"replies":[{"embeddable":true,"href":"https:\/\/bbqassad.ee\/fi\/wp-json\/wp\/v2\/comments?post=23447"}],"wp:featuredmedia":[{"embeddable":true,"href":"https:\/\/bbqassad.ee\/fi\/wp-json\/wp\/v2\/media\/744"}],"wp:attachment":[{"href":"https:\/\/bbqassad.ee\/fi\/wp-json\/wp\/v2\/media?parent=23447"}],"wp:term":[{"taxonomy":"product_brand","embeddable":true,"href":"https:\/\/bbqassad.ee\/fi\/wp-json\/wp\/v2\/product_brand?post=23447"},{"taxonomy":"product_cat","embeddable":true,"href":"https:\/\/bbqassad.ee\/fi\/wp-json\/wp\/v2\/product_cat?post=23447"},{"taxonomy":"product_tag","embeddable":true,"href":"https:\/\/bbqassad.ee\/fi\/wp-json\/wp\/v2\/product_tag?post=23447"}],"curies":[{"name":"wp","href":"https:\/\/api.w.org\/{rel}","templated":true}]}}