{"id":23442,"date":"2022-12-29T10:41:47","date_gmt":"2022-12-29T10:41:47","guid":{"rendered":"https:\/\/bbqassad.ee\/toode\/blues-hogin-hunaja-sinappikastike\/"},"modified":"2026-04-14T06:33:55","modified_gmt":"2026-04-14T06:33:55","slug":"blues-hogin-hunaja-sinappikastike","status":"publish","type":"product","link":"https:\/\/bbqassad.ee\/fi\/toode\/blues-hogin-hunaja-sinappikastike\/","title":{"rendered":"Blues Hog Honey Mustard -kastike"},"content":{"rendered":"<h2>Kastike Blues Hogin hunajasinappikastike<\/h2>\n<p>Blues Hogin niin sanottu gourmet-kastike. Jos kuvittelet hunaja-sinappikastikkeen tuolla nimell\u00e4, t\u00e4m\u00e4n kastikkeen pit\u00e4isi surettaa sinua, se ei ole sellaista, joka saa p\u00e4\u00e4si py\u00f6rim\u00e4\u00e4n. Se on hapokas ja miellytt\u00e4v\u00e4 sekoitus, joka sopii hyvin jopa punaisen kalan kanssa.  <\/p>\n<h3>BBQ Aces kommentti<\/h3>\n<p>Kokeile sit\u00e4 dippin\u00e4, etk\u00e4 tule katumaan.<\/p>\n<h3>Ammattilaisen vinkki<\/h3>\n<p>Katso lammascurry-videomme, se mahtui sinne ja kuinka.<\/p>\n","protected":false},"excerpt":{"rendered":"<p>Tuottaja: Blues Hog<br \/>\nPaino: 595g<br \/>\nAinesosat: sinappi, tislattu etikka, sinapinsiemenet, suola, kurkuma, hunaja, ruskea sokeri, ketsuppi, omenaviinietikka, suola, sokeri, vesi, mausteet, chili, valkosipuli, mausteet, worchestershire-kastike.<\/p>\n","protected":false},"featured_media":23443,"comment_status":"open","ping_status":"closed","template":"","meta":[],"product_brand":[],"product_cat":[788],"product_tag":[],"class_list":{"0":"post-23442","1":"product","2":"type-product","3":"status-publish","4":"has-post-thumbnail","6":"product_cat-kastit","8":"first","9":"instock","10":"taxable","11":"shipping-taxable","12":"purchasable","13":"product-type-simple"},"yoast_head":"<!-- This site is optimized with the Yoast SEO plugin v27.4 - https:\/\/yoast.com\/product\/yoast-seo-wordpress\/ -->\n<title>Blues Hog Honey Mustard -kastike - BBQ \u00c4ssad<\/title>\n<meta name=\"description\" content=\"Blues Hog Honey Mustard Sauce - makea ja mausteinen hunajasinappikastike kanalle, sianlihalle ja ribseille. K\u00e4yt\u00e4 kuorrutteena, dippin\u00e4 tai hampurilaiskastikkeena.\" \/>\n<meta name=\"robots\" content=\"index, follow, max-snippet:-1, max-image-preview:large, max-video-preview:-1\" \/>\n<link rel=\"canonical\" href=\"https:\/\/bbqassad.ee\/fi\/toode\/blues-hogin-hunaja-sinappikastike\/\" \/>\n<meta property=\"og:locale\" content=\"fi_FI\" \/>\n<meta property=\"og:type\" content=\"article\" \/>\n<meta property=\"og:title\" content=\"Blues Hogin hunaja-sinappikastike\" \/>\n<meta property=\"og:description\" content=\"Blues Hog Honey Mustard Sauce - makea ja mausteinen hunajasinappikastike, joka sopii broilerille, possulle ja ribseille. K\u00e4yt\u00e4 kuorrutteena, dippin\u00e4 tai hampurilaiskastikkeena.\" \/>\n<meta property=\"og:url\" content=\"https:\/\/bbqassad.ee\/fi\/toode\/blues-hogin-hunaja-sinappikastike\/\" \/>\n<meta property=\"og:site_name\" content=\"BBQ \u00c4ssad\" \/>\n<meta property=\"article:publisher\" content=\"https:\/\/www.facebook.com\/bbqassad\" \/>\n<meta property=\"article:modified_time\" content=\"2026-04-14T06:33:55+00:00\" \/>\n<meta property=\"og:image\" content=\"https:\/\/bbqassad.ee\/wp-content\/uploads\/2022\/12\/Blues-Hog-Honey-Mustard-Squeeze-Bottle-300x300.png\" \/>\n<meta name=\"twitter:card\" content=\"summary_large_image\" \/>\n<script type=\"application\/ld+json\" class=\"yoast-schema-graph\">{\"@context\":\"https:\\\/\\\/schema.org\",\"@graph\":[{\"@type\":\"WebPage\",\"@id\":\"https:\\\/\\\/bbqassad.ee\\\/fi\\\/toode\\\/blues-hogin-hunaja-sinappikastike\\\/\",\"url\":\"https:\\\/\\\/bbqassad.ee\\\/fi\\\/toode\\\/blues-hogin-hunaja-sinappikastike\\\/\",\"name\":\"Blues Hog Honey Mustard -kastike - BBQ \u00c4ssad\",\"isPartOf\":{\"@id\":\"https:\\\/\\\/bbqassad.ee\\\/fi\\\/#website\"},\"primaryImageOfPage\":{\"@id\":\"https:\\\/\\\/bbqassad.ee\\\/fi\\\/toode\\\/blues-hogin-hunaja-sinappikastike\\\/#primaryimage\"},\"image\":{\"@id\":\"https:\\\/\\\/bbqassad.ee\\\/fi\\\/toode\\\/blues-hogin-hunaja-sinappikastike\\\/#primaryimage\"},\"thumbnailUrl\":\"https:\\\/\\\/bbqassad.ee\\\/wp-content\\\/uploads\\\/2022\\\/12\\\/Blues-Hog-Honey-Mustard-Squeeze-Bottle.png\",\"datePublished\":\"2022-12-29T10:41:47+00:00\",\"dateModified\":\"2026-04-14T06:33:55+00:00\",\"description\":\"Blues Hog Honey Mustard Sauce - makea ja mausteinen hunajasinappikastike kanalle, sianlihalle ja ribseille. K\u00e4yt\u00e4 kuorrutteena, dippin\u00e4 tai hampurilaiskastikkeena.\",\"breadcrumb\":{\"@id\":\"https:\\\/\\\/bbqassad.ee\\\/fi\\\/toode\\\/blues-hogin-hunaja-sinappikastike\\\/#breadcrumb\"},\"inLanguage\":\"fi\",\"potentialAction\":[{\"@type\":\"ReadAction\",\"target\":[\"https:\\\/\\\/bbqassad.ee\\\/fi\\\/toode\\\/blues-hogin-hunaja-sinappikastike\\\/\"]}]},{\"@type\":\"ImageObject\",\"inLanguage\":\"fi\",\"@id\":\"https:\\\/\\\/bbqassad.ee\\\/fi\\\/toode\\\/blues-hogin-hunaja-sinappikastike\\\/#primaryimage\",\"url\":\"https:\\\/\\\/bbqassad.ee\\\/wp-content\\\/uploads\\\/2022\\\/12\\\/Blues-Hog-Honey-Mustard-Squeeze-Bottle.png\",\"contentUrl\":\"https:\\\/\\\/bbqassad.ee\\\/wp-content\\\/uploads\\\/2022\\\/12\\\/Blues-Hog-Honey-Mustard-Squeeze-Bottle.png\",\"width\":900,\"height\":900,\"caption\":\"Blues Hog Honey Mustard Sauce\"},{\"@type\":\"BreadcrumbList\",\"@id\":\"https:\\\/\\\/bbqassad.ee\\\/fi\\\/toode\\\/blues-hogin-hunaja-sinappikastike\\\/#breadcrumb\",\"itemListElement\":[{\"@type\":\"ListItem\",\"position\":1,\"name\":\"Home\",\"item\":\"https:\\\/\\\/bbqassad.ee\\\/fi\\\/bbq-assat\\\/\"},{\"@type\":\"ListItem\",\"position\":2,\"name\":\"Verkkokauppa\",\"item\":\"https:\\\/\\\/bbqassad.ee\\\/fi\\\/verkkokauppa\\\/\"},{\"@type\":\"ListItem\",\"position\":3,\"name\":\"Blues Hog Honey Mustard -kastike\"}]},{\"@type\":\"WebSite\",\"@id\":\"https:\\\/\\\/bbqassad.ee\\\/fi\\\/#website\",\"url\":\"https:\\\/\\\/bbqassad.ee\\\/fi\\\/\",\"name\":\"BBQ \u00c4ssad\",\"description\":\"BBQ maitseained, kastmed, ahjud\",\"publisher\":{\"@id\":\"https:\\\/\\\/bbqassad.ee\\\/fi\\\/#organization\"},\"potentialAction\":[{\"@type\":\"SearchAction\",\"target\":{\"@type\":\"EntryPoint\",\"urlTemplate\":\"https:\\\/\\\/bbqassad.ee\\\/fi\\\/?s={search_term_string}\"},\"query-input\":{\"@type\":\"PropertyValueSpecification\",\"valueRequired\":true,\"valueName\":\"search_term_string\"}}],\"inLanguage\":\"fi\"},{\"@type\":\"Organization\",\"@id\":\"https:\\\/\\\/bbqassad.ee\\\/fi\\\/#organization\",\"name\":\"BBQ \u00c4ssad\",\"url\":\"https:\\\/\\\/bbqassad.ee\\\/fi\\\/\",\"logo\":{\"@type\":\"ImageObject\",\"inLanguage\":\"fi\",\"@id\":\"https:\\\/\\\/bbqassad.ee\\\/fi\\\/#\\\/schema\\\/logo\\\/image\\\/\",\"url\":\"https:\\\/\\\/bbqassad.ee\\\/wp-content\\\/uploads\\\/2022\\\/10\\\/BBQ-2ssadlogo.png\",\"contentUrl\":\"https:\\\/\\\/bbqassad.ee\\\/wp-content\\\/uploads\\\/2022\\\/10\\\/BBQ-2ssadlogo.png\",\"width\":1080,\"height\":1080,\"caption\":\"BBQ \u00c4ssad\"},\"image\":{\"@id\":\"https:\\\/\\\/bbqassad.ee\\\/fi\\\/#\\\/schema\\\/logo\\\/image\\\/\"},\"sameAs\":[\"https:\\\/\\\/www.facebook.com\\\/bbqassad\",\"https:\\\/\\\/www.youtube.com\\\/channel\\\/UCsoufn49J6TVi9Ah9meE93w\"]}]}<\/script>\n<!-- \/ Yoast SEO plugin. -->","yoast_head_json":{"title":"Blues Hog Honey Mustard -kastike - BBQ \u00c4ssad","description":"Blues Hog Honey Mustard Sauce - makea ja mausteinen hunajasinappikastike kanalle, sianlihalle ja ribseille. K\u00e4yt\u00e4 kuorrutteena, dippin\u00e4 tai hampurilaiskastikkeena.","robots":{"index":"index","follow":"follow","max-snippet":"max-snippet:-1","max-image-preview":"max-image-preview:large","max-video-preview":"max-video-preview:-1"},"canonical":"https:\/\/bbqassad.ee\/fi\/toode\/blues-hogin-hunaja-sinappikastike\/","og_locale":"fi_FI","og_type":"article","og_title":"Blues Hogin hunaja-sinappikastike","og_description":"Blues Hog Honey Mustard Sauce - makea ja mausteinen hunajasinappikastike, joka sopii broilerille, possulle ja ribseille. K\u00e4yt\u00e4 kuorrutteena, dippin\u00e4 tai hampurilaiskastikkeena.","og_url":"https:\/\/bbqassad.ee\/fi\/toode\/blues-hogin-hunaja-sinappikastike\/","og_site_name":"BBQ \u00c4ssad","article_publisher":"https:\/\/www.facebook.com\/bbqassad","article_modified_time":"2026-04-14T06:33:55+00:00","og_image":[{"url":"https:\/\/bbqassad.ee\/wp-content\/uploads\/2022\/12\/Blues-Hog-Honey-Mustard-Squeeze-Bottle-300x300.png","type":"","width":"","height":""}],"twitter_card":"summary_large_image","schema":{"@context":"https:\/\/schema.org","@graph":[{"@type":"WebPage","@id":"https:\/\/bbqassad.ee\/fi\/toode\/blues-hogin-hunaja-sinappikastike\/","url":"https:\/\/bbqassad.ee\/fi\/toode\/blues-hogin-hunaja-sinappikastike\/","name":"Blues Hog Honey Mustard -kastike - BBQ \u00c4ssad","isPartOf":{"@id":"https:\/\/bbqassad.ee\/fi\/#website"},"primaryImageOfPage":{"@id":"https:\/\/bbqassad.ee\/fi\/toode\/blues-hogin-hunaja-sinappikastike\/#primaryimage"},"image":{"@id":"https:\/\/bbqassad.ee\/fi\/toode\/blues-hogin-hunaja-sinappikastike\/#primaryimage"},"thumbnailUrl":"https:\/\/bbqassad.ee\/wp-content\/uploads\/2022\/12\/Blues-Hog-Honey-Mustard-Squeeze-Bottle.png","datePublished":"2022-12-29T10:41:47+00:00","dateModified":"2026-04-14T06:33:55+00:00","description":"Blues Hog Honey Mustard Sauce - makea ja mausteinen hunajasinappikastike kanalle, sianlihalle ja ribseille. K\u00e4yt\u00e4 kuorrutteena, dippin\u00e4 tai hampurilaiskastikkeena.","breadcrumb":{"@id":"https:\/\/bbqassad.ee\/fi\/toode\/blues-hogin-hunaja-sinappikastike\/#breadcrumb"},"inLanguage":"fi","potentialAction":[{"@type":"ReadAction","target":["https:\/\/bbqassad.ee\/fi\/toode\/blues-hogin-hunaja-sinappikastike\/"]}]},{"@type":"ImageObject","inLanguage":"fi","@id":"https:\/\/bbqassad.ee\/fi\/toode\/blues-hogin-hunaja-sinappikastike\/#primaryimage","url":"https:\/\/bbqassad.ee\/wp-content\/uploads\/2022\/12\/Blues-Hog-Honey-Mustard-Squeeze-Bottle.png","contentUrl":"https:\/\/bbqassad.ee\/wp-content\/uploads\/2022\/12\/Blues-Hog-Honey-Mustard-Squeeze-Bottle.png","width":900,"height":900,"caption":"Blues Hog Honey Mustard Sauce"},{"@type":"BreadcrumbList","@id":"https:\/\/bbqassad.ee\/fi\/toode\/blues-hogin-hunaja-sinappikastike\/#breadcrumb","itemListElement":[{"@type":"ListItem","position":1,"name":"Home","item":"https:\/\/bbqassad.ee\/fi\/bbq-assat\/"},{"@type":"ListItem","position":2,"name":"Verkkokauppa","item":"https:\/\/bbqassad.ee\/fi\/verkkokauppa\/"},{"@type":"ListItem","position":3,"name":"Blues Hog Honey Mustard -kastike"}]},{"@type":"WebSite","@id":"https:\/\/bbqassad.ee\/fi\/#website","url":"https:\/\/bbqassad.ee\/fi\/","name":"BBQ \u00c4ssad","description":"BBQ maitseained, kastmed, ahjud","publisher":{"@id":"https:\/\/bbqassad.ee\/fi\/#organization"},"potentialAction":[{"@type":"SearchAction","target":{"@type":"EntryPoint","urlTemplate":"https:\/\/bbqassad.ee\/fi\/?s={search_term_string}"},"query-input":{"@type":"PropertyValueSpecification","valueRequired":true,"valueName":"search_term_string"}}],"inLanguage":"fi"},{"@type":"Organization","@id":"https:\/\/bbqassad.ee\/fi\/#organization","name":"BBQ \u00c4ssad","url":"https:\/\/bbqassad.ee\/fi\/","logo":{"@type":"ImageObject","inLanguage":"fi","@id":"https:\/\/bbqassad.ee\/fi\/#\/schema\/logo\/image\/","url":"https:\/\/bbqassad.ee\/wp-content\/uploads\/2022\/10\/BBQ-2ssadlogo.png","contentUrl":"https:\/\/bbqassad.ee\/wp-content\/uploads\/2022\/10\/BBQ-2ssadlogo.png","width":1080,"height":1080,"caption":"BBQ \u00c4ssad"},"image":{"@id":"https:\/\/bbqassad.ee\/fi\/#\/schema\/logo\/image\/"},"sameAs":["https:\/\/www.facebook.com\/bbqassad","https:\/\/www.youtube.com\/channel\/UCsoufn49J6TVi9Ah9meE93w"]}]}},"_links":{"self":[{"href":"https:\/\/bbqassad.ee\/fi\/wp-json\/wp\/v2\/product\/23442","targetHints":{"allow":["GET"]}}],"collection":[{"href":"https:\/\/bbqassad.ee\/fi\/wp-json\/wp\/v2\/product"}],"about":[{"href":"https:\/\/bbqassad.ee\/fi\/wp-json\/wp\/v2\/types\/product"}],"replies":[{"embeddable":true,"href":"https:\/\/bbqassad.ee\/fi\/wp-json\/wp\/v2\/comments?post=23442"}],"wp:featuredmedia":[{"embeddable":true,"href":"https:\/\/bbqassad.ee\/fi\/wp-json\/wp\/v2\/media\/23443"}],"wp:attachment":[{"href":"https:\/\/bbqassad.ee\/fi\/wp-json\/wp\/v2\/media?parent=23442"}],"wp:term":[{"taxonomy":"product_brand","embeddable":true,"href":"https:\/\/bbqassad.ee\/fi\/wp-json\/wp\/v2\/product_brand?post=23442"},{"taxonomy":"product_cat","embeddable":true,"href":"https:\/\/bbqassad.ee\/fi\/wp-json\/wp\/v2\/product_cat?post=23442"},{"taxonomy":"product_tag","embeddable":true,"href":"https:\/\/bbqassad.ee\/fi\/wp-json\/wp\/v2\/product_tag?post=23442"}],"curies":[{"name":"wp","href":"https:\/\/api.w.org\/{rel}","templated":true}]}}