{"id":23437,"date":"2023-03-20T11:10:03","date_gmt":"2023-03-20T11:10:03","guid":{"rendered":"https:\/\/bbqassad.ee\/toode\/makusekoitus-happy-ending-finishing-rub\/"},"modified":"2026-04-14T06:33:55","modified_gmt":"2026-04-14T06:33:55","slug":"makusekoitus-happy-ending-finishing-rub","status":"publish","type":"product","link":"https:\/\/bbqassad.ee\/fi\/toode\/makusekoitus-happy-ending-finishing-rub\/","title":{"rendered":"Happy Ending Finishing Rub"},"content":{"rendered":"<h2>Big Poppa Smokers Happy Ending Finishing rub makusekoitus<\/h2>\n<p>Big Poppa Smokers on hyvin vanha ja tunnettu nimi grilliyhteis\u00f6ss\u00e4, ja sen makuja on tullut vakiovieraiksi kaikkien harrastajien kaappeihin. Finishing rub on hyvin hienoksi ajeltu aine, joka laitetaan lihan p\u00e4\u00e4lle aivan lopuksi, jolloin se sulaa nopeasti. <\/p>\n<h3>BBQ Aces kommentti<\/h3>\n<p>K\u00e4yt\u00e4 t\u00e4t\u00e4 ainetta uunissa paistetun kylkiluun ja kastikkeen kanssa, ja laita sit\u00e4 kylkiluun alapuolelle, koska se koskettaa kielt\u00e4 ensin \ud83d\ude09<\/p>\n<h3>Ammattilaisen vinkki<\/h3>\n<p>Voit vapaasti k\u00e4ytt\u00e4\u00e4 my\u00f6s revittyj\u00e4 sianliha-annoksia.<\/p>\n","protected":false},"excerpt":{"rendered":"<p>Tuottaja: Big Poppa Smokers<br \/>\nPaino: 189g<br \/>\nAinesosat: sokeri, suola, valkosipuli, sipuli, mausteet, chili, paprika, sitruunahappo, hiivauute, sellerinsiemen, sitruunamehu, luontaiset aromit, luontainen paprikanv\u00e4riaine, gluteeniton, v\u00e4riaineeton.<\/p>\n","protected":false},"featured_media":23426,"comment_status":"open","ping_status":"closed","template":"","meta":[],"product_brand":[],"product_cat":[802],"product_tag":[],"class_list":{"0":"post-23437","1":"product","2":"type-product","3":"status-publish","4":"has-post-thumbnail","6":"product_cat-sekoitukset","8":"first","9":"outofstock","10":"taxable","11":"shipping-taxable","12":"purchasable","13":"product-type-simple"},"yoast_head":"<!-- This site is optimized with the Yoast SEO plugin v27.4 - https:\/\/yoast.com\/product\/yoast-seo-wordpress\/ -->\n<title>Mausteseos Happy Ending Rub 189g -% BBQ \u00c4ssad%<\/title>\n<meta name=\"description\" content=\"Happy Ending -mausteseos on ihanteellinen lis\u00e4aine, joka sis\u00e4lt\u00e4\u00e4 sokeria, suolaa, valkosipulia, sipulia ja useita mausteita. Gluteeniton ja v\u00e4riaineeton.\" \/>\n<meta name=\"robots\" content=\"index, follow, max-snippet:-1, max-image-preview:large, max-video-preview:-1\" \/>\n<link rel=\"canonical\" href=\"https:\/\/bbqassad.ee\/fi\/toode\/makusekoitus-happy-ending-finishing-rub\/\" \/>\n<meta property=\"og:locale\" content=\"fi_FI\" \/>\n<meta property=\"og:type\" content=\"article\" \/>\n<meta property=\"og:title\" content=\"Mausteseos Happy Ending Rub 189g -% BBQ \u00c4ssad%\" \/>\n<meta property=\"og:description\" content=\"Happy Ending -mausteseos on ihanteellinen lis\u00e4aine, joka sis\u00e4lt\u00e4\u00e4 sokeria, suolaa, valkosipulia, sipulia ja useita mausteita. Gluteeniton ja v\u00e4riaineeton.\" \/>\n<meta property=\"og:url\" content=\"https:\/\/bbqassad.ee\/fi\/toode\/makusekoitus-happy-ending-finishing-rub\/\" \/>\n<meta property=\"og:site_name\" content=\"BBQ \u00c4ssad\" \/>\n<meta property=\"article:publisher\" content=\"https:\/\/www.facebook.com\/bbqassad\" \/>\n<meta property=\"article:modified_time\" content=\"2026-04-14T06:33:55+00:00\" \/>\n<meta property=\"og:image\" content=\"https:\/\/bbqassad.ee\/wp-content\/uploads\/2023\/03\/HappyEnding-Finishing-rub.png\" \/>\n<meta name=\"twitter:card\" content=\"summary_large_image\" \/>\n<meta name=\"twitter:title\" content=\"Mausteseos Happy Ending Rub 189g -% BBQ \u00c4ssad%\" \/>\n<meta name=\"twitter:description\" content=\"Happy Ending -mausteseos on ihanteellinen lis\u00e4aine, joka sis\u00e4lt\u00e4\u00e4 sokeria, suolaa, valkosipulia, sipulia ja useita mausteita. Gluteeniton ja v\u00e4riaineeton.\" \/>\n<meta name=\"twitter:image\" content=\"https:\/\/bbqassad.ee\/wp-content\/uploads\/2023\/03\/HappyEnding-Finishing-rub.png\" \/>\n<script type=\"application\/ld+json\" class=\"yoast-schema-graph\">{\"@context\":\"https:\\\/\\\/schema.org\",\"@graph\":[{\"@type\":\"WebPage\",\"@id\":\"https:\\\/\\\/bbqassad.ee\\\/fi\\\/toode\\\/makusekoitus-happy-ending-finishing-rub\\\/\",\"url\":\"https:\\\/\\\/bbqassad.ee\\\/fi\\\/toode\\\/makusekoitus-happy-ending-finishing-rub\\\/\",\"name\":\"Mausteseos Happy Ending Rub 189g -% BBQ \u00c4ssad%\",\"isPartOf\":{\"@id\":\"https:\\\/\\\/bbqassad.ee\\\/fi\\\/#website\"},\"primaryImageOfPage\":{\"@id\":\"https:\\\/\\\/bbqassad.ee\\\/fi\\\/toode\\\/makusekoitus-happy-ending-finishing-rub\\\/#primaryimage\"},\"image\":{\"@id\":\"https:\\\/\\\/bbqassad.ee\\\/fi\\\/toode\\\/makusekoitus-happy-ending-finishing-rub\\\/#primaryimage\"},\"thumbnailUrl\":\"https:\\\/\\\/bbqassad.ee\\\/wp-content\\\/uploads\\\/2023\\\/03\\\/HappyEnding-Finishing-rub.png\",\"datePublished\":\"2023-03-20T11:10:03+00:00\",\"dateModified\":\"2026-04-14T06:33:55+00:00\",\"description\":\"Happy Ending -mausteseos on ihanteellinen lis\u00e4aine, joka sis\u00e4lt\u00e4\u00e4 sokeria, suolaa, valkosipulia, sipulia ja useita mausteita. Gluteeniton ja v\u00e4riaineeton.\",\"breadcrumb\":{\"@id\":\"https:\\\/\\\/bbqassad.ee\\\/fi\\\/toode\\\/makusekoitus-happy-ending-finishing-rub\\\/#breadcrumb\"},\"inLanguage\":\"fi\",\"potentialAction\":[{\"@type\":\"ReadAction\",\"target\":[\"https:\\\/\\\/bbqassad.ee\\\/fi\\\/toode\\\/makusekoitus-happy-ending-finishing-rub\\\/\"]}]},{\"@type\":\"ImageObject\",\"inLanguage\":\"fi\",\"@id\":\"https:\\\/\\\/bbqassad.ee\\\/fi\\\/toode\\\/makusekoitus-happy-ending-finishing-rub\\\/#primaryimage\",\"url\":\"https:\\\/\\\/bbqassad.ee\\\/wp-content\\\/uploads\\\/2023\\\/03\\\/HappyEnding-Finishing-rub.png\",\"contentUrl\":\"https:\\\/\\\/bbqassad.ee\\\/wp-content\\\/uploads\\\/2023\\\/03\\\/HappyEnding-Finishing-rub.png\",\"width\":800,\"height\":800},{\"@type\":\"BreadcrumbList\",\"@id\":\"https:\\\/\\\/bbqassad.ee\\\/fi\\\/toode\\\/makusekoitus-happy-ending-finishing-rub\\\/#breadcrumb\",\"itemListElement\":[{\"@type\":\"ListItem\",\"position\":1,\"name\":\"Home\",\"item\":\"https:\\\/\\\/bbqassad.ee\\\/fi\\\/bbq-assat\\\/\"},{\"@type\":\"ListItem\",\"position\":2,\"name\":\"Verkkokauppa\",\"item\":\"https:\\\/\\\/bbqassad.ee\\\/fi\\\/verkkokauppa\\\/\"},{\"@type\":\"ListItem\",\"position\":3,\"name\":\"Happy Ending Finishing Rub\"}]},{\"@type\":\"WebSite\",\"@id\":\"https:\\\/\\\/bbqassad.ee\\\/fi\\\/#website\",\"url\":\"https:\\\/\\\/bbqassad.ee\\\/fi\\\/\",\"name\":\"BBQ \u00c4ssad\",\"description\":\"BBQ maitseained, kastmed, ahjud\",\"publisher\":{\"@id\":\"https:\\\/\\\/bbqassad.ee\\\/fi\\\/#organization\"},\"potentialAction\":[{\"@type\":\"SearchAction\",\"target\":{\"@type\":\"EntryPoint\",\"urlTemplate\":\"https:\\\/\\\/bbqassad.ee\\\/fi\\\/?s={search_term_string}\"},\"query-input\":{\"@type\":\"PropertyValueSpecification\",\"valueRequired\":true,\"valueName\":\"search_term_string\"}}],\"inLanguage\":\"fi\"},{\"@type\":\"Organization\",\"@id\":\"https:\\\/\\\/bbqassad.ee\\\/fi\\\/#organization\",\"name\":\"BBQ \u00c4ssad\",\"url\":\"https:\\\/\\\/bbqassad.ee\\\/fi\\\/\",\"logo\":{\"@type\":\"ImageObject\",\"inLanguage\":\"fi\",\"@id\":\"https:\\\/\\\/bbqassad.ee\\\/fi\\\/#\\\/schema\\\/logo\\\/image\\\/\",\"url\":\"https:\\\/\\\/bbqassad.ee\\\/wp-content\\\/uploads\\\/2022\\\/10\\\/BBQ-2ssadlogo.png\",\"contentUrl\":\"https:\\\/\\\/bbqassad.ee\\\/wp-content\\\/uploads\\\/2022\\\/10\\\/BBQ-2ssadlogo.png\",\"width\":1080,\"height\":1080,\"caption\":\"BBQ \u00c4ssad\"},\"image\":{\"@id\":\"https:\\\/\\\/bbqassad.ee\\\/fi\\\/#\\\/schema\\\/logo\\\/image\\\/\"},\"sameAs\":[\"https:\\\/\\\/www.facebook.com\\\/bbqassad\",\"https:\\\/\\\/www.youtube.com\\\/channel\\\/UCsoufn49J6TVi9Ah9meE93w\"]}]}<\/script>\n<!-- \/ Yoast SEO plugin. -->","yoast_head_json":{"title":"Mausteseos Happy Ending Rub 189g -% BBQ \u00c4ssad%","description":"Happy Ending -mausteseos on ihanteellinen lis\u00e4aine, joka sis\u00e4lt\u00e4\u00e4 sokeria, suolaa, valkosipulia, sipulia ja useita mausteita. Gluteeniton ja v\u00e4riaineeton.","robots":{"index":"index","follow":"follow","max-snippet":"max-snippet:-1","max-image-preview":"max-image-preview:large","max-video-preview":"max-video-preview:-1"},"canonical":"https:\/\/bbqassad.ee\/fi\/toode\/makusekoitus-happy-ending-finishing-rub\/","og_locale":"fi_FI","og_type":"article","og_title":"Mausteseos Happy Ending Rub 189g -% BBQ \u00c4ssad%","og_description":"Happy Ending -mausteseos on ihanteellinen lis\u00e4aine, joka sis\u00e4lt\u00e4\u00e4 sokeria, suolaa, valkosipulia, sipulia ja useita mausteita. Gluteeniton ja v\u00e4riaineeton.","og_url":"https:\/\/bbqassad.ee\/fi\/toode\/makusekoitus-happy-ending-finishing-rub\/","og_site_name":"BBQ \u00c4ssad","article_publisher":"https:\/\/www.facebook.com\/bbqassad","article_modified_time":"2026-04-14T06:33:55+00:00","og_image":[{"url":"https:\/\/bbqassad.ee\/wp-content\/uploads\/2023\/03\/HappyEnding-Finishing-rub.png","type":"","width":"","height":""}],"twitter_card":"summary_large_image","twitter_title":"Mausteseos Happy Ending Rub 189g -% BBQ \u00c4ssad%","twitter_description":"Happy Ending -mausteseos on ihanteellinen lis\u00e4aine, joka sis\u00e4lt\u00e4\u00e4 sokeria, suolaa, valkosipulia, sipulia ja useita mausteita. Gluteeniton ja v\u00e4riaineeton.","twitter_image":"https:\/\/bbqassad.ee\/wp-content\/uploads\/2023\/03\/HappyEnding-Finishing-rub.png","schema":{"@context":"https:\/\/schema.org","@graph":[{"@type":"WebPage","@id":"https:\/\/bbqassad.ee\/fi\/toode\/makusekoitus-happy-ending-finishing-rub\/","url":"https:\/\/bbqassad.ee\/fi\/toode\/makusekoitus-happy-ending-finishing-rub\/","name":"Mausteseos Happy Ending Rub 189g -% BBQ \u00c4ssad%","isPartOf":{"@id":"https:\/\/bbqassad.ee\/fi\/#website"},"primaryImageOfPage":{"@id":"https:\/\/bbqassad.ee\/fi\/toode\/makusekoitus-happy-ending-finishing-rub\/#primaryimage"},"image":{"@id":"https:\/\/bbqassad.ee\/fi\/toode\/makusekoitus-happy-ending-finishing-rub\/#primaryimage"},"thumbnailUrl":"https:\/\/bbqassad.ee\/wp-content\/uploads\/2023\/03\/HappyEnding-Finishing-rub.png","datePublished":"2023-03-20T11:10:03+00:00","dateModified":"2026-04-14T06:33:55+00:00","description":"Happy Ending -mausteseos on ihanteellinen lis\u00e4aine, joka sis\u00e4lt\u00e4\u00e4 sokeria, suolaa, valkosipulia, sipulia ja useita mausteita. Gluteeniton ja v\u00e4riaineeton.","breadcrumb":{"@id":"https:\/\/bbqassad.ee\/fi\/toode\/makusekoitus-happy-ending-finishing-rub\/#breadcrumb"},"inLanguage":"fi","potentialAction":[{"@type":"ReadAction","target":["https:\/\/bbqassad.ee\/fi\/toode\/makusekoitus-happy-ending-finishing-rub\/"]}]},{"@type":"ImageObject","inLanguage":"fi","@id":"https:\/\/bbqassad.ee\/fi\/toode\/makusekoitus-happy-ending-finishing-rub\/#primaryimage","url":"https:\/\/bbqassad.ee\/wp-content\/uploads\/2023\/03\/HappyEnding-Finishing-rub.png","contentUrl":"https:\/\/bbqassad.ee\/wp-content\/uploads\/2023\/03\/HappyEnding-Finishing-rub.png","width":800,"height":800},{"@type":"BreadcrumbList","@id":"https:\/\/bbqassad.ee\/fi\/toode\/makusekoitus-happy-ending-finishing-rub\/#breadcrumb","itemListElement":[{"@type":"ListItem","position":1,"name":"Home","item":"https:\/\/bbqassad.ee\/fi\/bbq-assat\/"},{"@type":"ListItem","position":2,"name":"Verkkokauppa","item":"https:\/\/bbqassad.ee\/fi\/verkkokauppa\/"},{"@type":"ListItem","position":3,"name":"Happy Ending Finishing Rub"}]},{"@type":"WebSite","@id":"https:\/\/bbqassad.ee\/fi\/#website","url":"https:\/\/bbqassad.ee\/fi\/","name":"BBQ \u00c4ssad","description":"BBQ maitseained, kastmed, ahjud","publisher":{"@id":"https:\/\/bbqassad.ee\/fi\/#organization"},"potentialAction":[{"@type":"SearchAction","target":{"@type":"EntryPoint","urlTemplate":"https:\/\/bbqassad.ee\/fi\/?s={search_term_string}"},"query-input":{"@type":"PropertyValueSpecification","valueRequired":true,"valueName":"search_term_string"}}],"inLanguage":"fi"},{"@type":"Organization","@id":"https:\/\/bbqassad.ee\/fi\/#organization","name":"BBQ \u00c4ssad","url":"https:\/\/bbqassad.ee\/fi\/","logo":{"@type":"ImageObject","inLanguage":"fi","@id":"https:\/\/bbqassad.ee\/fi\/#\/schema\/logo\/image\/","url":"https:\/\/bbqassad.ee\/wp-content\/uploads\/2022\/10\/BBQ-2ssadlogo.png","contentUrl":"https:\/\/bbqassad.ee\/wp-content\/uploads\/2022\/10\/BBQ-2ssadlogo.png","width":1080,"height":1080,"caption":"BBQ \u00c4ssad"},"image":{"@id":"https:\/\/bbqassad.ee\/fi\/#\/schema\/logo\/image\/"},"sameAs":["https:\/\/www.facebook.com\/bbqassad","https:\/\/www.youtube.com\/channel\/UCsoufn49J6TVi9Ah9meE93w"]}]}},"_links":{"self":[{"href":"https:\/\/bbqassad.ee\/fi\/wp-json\/wp\/v2\/product\/23437","targetHints":{"allow":["GET"]}}],"collection":[{"href":"https:\/\/bbqassad.ee\/fi\/wp-json\/wp\/v2\/product"}],"about":[{"href":"https:\/\/bbqassad.ee\/fi\/wp-json\/wp\/v2\/types\/product"}],"replies":[{"embeddable":true,"href":"https:\/\/bbqassad.ee\/fi\/wp-json\/wp\/v2\/comments?post=23437"}],"wp:featuredmedia":[{"embeddable":true,"href":"https:\/\/bbqassad.ee\/fi\/wp-json\/wp\/v2\/media\/23426"}],"wp:attachment":[{"href":"https:\/\/bbqassad.ee\/fi\/wp-json\/wp\/v2\/media?parent=23437"}],"wp:term":[{"taxonomy":"product_brand","embeddable":true,"href":"https:\/\/bbqassad.ee\/fi\/wp-json\/wp\/v2\/product_brand?post=23437"},{"taxonomy":"product_cat","embeddable":true,"href":"https:\/\/bbqassad.ee\/fi\/wp-json\/wp\/v2\/product_cat?post=23437"},{"taxonomy":"product_tag","embeddable":true,"href":"https:\/\/bbqassad.ee\/fi\/wp-json\/wp\/v2\/product_tag?post=23437"}],"curies":[{"name":"wp","href":"https:\/\/api.w.org\/{rel}","templated":true}]}}