{"id":23432,"date":"2023-03-20T11:42:29","date_gmt":"2023-03-20T11:42:29","guid":{"rendered":"https:\/\/bbqassad.ee\/toode\/kosmon-q-chicken-soak\/"},"modified":"2026-04-14T06:33:54","modified_gmt":"2026-04-14T06:33:54","slug":"kosmon-q-chicken-soak","status":"publish","type":"product","link":"https:\/\/bbqassad.ee\/fi\/toode\/kosmon-q-chicken-soak\/","title":{"rendered":"Kosmo&#8217;s Q Chicken Soak"},"content":{"rendered":"<h2>Broilerin marinadi Kosmo&#8217;s Q Chicken Soak &#8211; kananliemi<\/h2>\n<p>Kuten kaikki tiet\u00e4v\u00e4t jo Dirty Birdist\u00e4, Kosmoksen kaverit ovat tehneet t\u00e4st\u00e4 lihasta erityisen hyv\u00e4\u00e4. T\u00e4ss\u00e4 on seuraava apuri &#8211; kanan marinadi. Sekoita se veteen ja voila, se on valmis.  <\/p>\n<h3>BBQ Aces kommentti<\/h3>\n<p>Jotta kananrinnat ja -rummut olisivat todella mehukkaita, ne on liotettava &#8211; Kosmos on t\u00e4h\u00e4n eritt\u00e4in hyv\u00e4.<\/p>\n<h3>Ammattilaisen vinkki<\/h3>\n<p>Liota nelj\u00e4ksi tunniksi edellisen\u00e4 iltana, taputtele kuivaksi ja anna seist\u00e4 j\u00e4\u00e4kaapissa, mausta sitten aamulla ja paista.<\/p>\n","protected":false},"excerpt":{"rendered":"<p>Valmistaja: Kosmo&#8217;s Q<br \/>\nPaino: 453g<br \/>\nAinesosat: suola, ruskea sokeri, mausteet, worchestershire-jauhe.<\/p>\n","protected":false},"featured_media":23433,"comment_status":"open","ping_status":"closed","template":"","meta":[],"product_brand":[],"product_cat":[812],"product_tag":[],"class_list":{"0":"post-23432","1":"product","2":"type-product","3":"status-publish","4":"has-post-thumbnail","6":"product_cat-marinadit","8":"first","9":"instock","10":"taxable","11":"shipping-taxable","12":"purchasable","13":"product-type-simple"},"yoast_head":"<!-- This site is optimized with the Yoast SEO plugin v27.4 - https:\/\/yoast.com\/product\/yoast-seo-wordpress\/ -->\n<title>Kosmo&#039;s Q Chicken Soak - BBQ \u00c4ssad<\/title>\n<meta name=\"description\" content=\"Kosmos Q Soak &amp; Brine Chicken Brine - nopea ja helppo suolavesisekoitus mehukkaaseen ja maukkaaseen kanaan. Soveltuu siiville, rumpupaloille, fileille ja kokonaisille kananlihoille.\" \/>\n<meta name=\"robots\" content=\"index, follow, max-snippet:-1, max-image-preview:large, max-video-preview:-1\" \/>\n<link rel=\"canonical\" href=\"https:\/\/bbqassad.ee\/fi\/toode\/kosmon-q-chicken-soak\/\" \/>\n<meta property=\"og:locale\" content=\"fi_FI\" \/>\n<meta property=\"og:type\" content=\"article\" \/>\n<meta property=\"og:title\" content=\"Kosmon Q Chicken Soak\" \/>\n<meta property=\"og:description\" content=\"Kosmos Q Soak &amp; Brine Chicken Brine - nopea ja helppo suolavesisekoitus mehukkaaseen ja maukkaaseen kanaan. Soveltuu siiville, rumpupaloille, fileille ja kokonaisille kananlihoille.\" \/>\n<meta property=\"og:url\" content=\"https:\/\/bbqassad.ee\/fi\/toode\/kosmon-q-chicken-soak\/\" \/>\n<meta property=\"og:site_name\" content=\"BBQ \u00c4ssad\" \/>\n<meta property=\"article:publisher\" content=\"https:\/\/www.facebook.com\/bbqassad\" \/>\n<meta property=\"article:modified_time\" content=\"2026-04-14T06:33:54+00:00\" \/>\n<meta property=\"og:image\" content=\"https:\/\/bbqassad.ee\/wp-content\/uploads\/2023\/03\/kosmo-s-q-brines-and-soaks-1lb-chicken-soak-brine-36394798284959_5000x-269x300.webp\" \/>\n<meta name=\"twitter:card\" content=\"summary_large_image\" \/>\n<script type=\"application\/ld+json\" class=\"yoast-schema-graph\">{\"@context\":\"https:\\\/\\\/schema.org\",\"@graph\":[{\"@type\":\"WebPage\",\"@id\":\"https:\\\/\\\/bbqassad.ee\\\/fi\\\/toode\\\/kosmon-q-chicken-soak\\\/\",\"url\":\"https:\\\/\\\/bbqassad.ee\\\/fi\\\/toode\\\/kosmon-q-chicken-soak\\\/\",\"name\":\"Kosmo's Q Chicken Soak - BBQ \u00c4ssad\",\"isPartOf\":{\"@id\":\"https:\\\/\\\/bbqassad.ee\\\/fi\\\/#website\"},\"primaryImageOfPage\":{\"@id\":\"https:\\\/\\\/bbqassad.ee\\\/fi\\\/toode\\\/kosmon-q-chicken-soak\\\/#primaryimage\"},\"image\":{\"@id\":\"https:\\\/\\\/bbqassad.ee\\\/fi\\\/toode\\\/kosmon-q-chicken-soak\\\/#primaryimage\"},\"thumbnailUrl\":\"https:\\\/\\\/bbqassad.ee\\\/wp-content\\\/uploads\\\/2023\\\/03\\\/kosmo-s-q-brines-and-soaks-1lb-chicken-soak-brine-36394798284959_5000x.webp\",\"datePublished\":\"2023-03-20T11:42:29+00:00\",\"dateModified\":\"2026-04-14T06:33:54+00:00\",\"description\":\"Kosmos Q Soak & Brine Chicken Brine - nopea ja helppo suolavesisekoitus mehukkaaseen ja maukkaaseen kanaan. Soveltuu siiville, rumpupaloille, fileille ja kokonaisille kananlihoille.\",\"breadcrumb\":{\"@id\":\"https:\\\/\\\/bbqassad.ee\\\/fi\\\/toode\\\/kosmon-q-chicken-soak\\\/#breadcrumb\"},\"inLanguage\":\"fi\",\"potentialAction\":[{\"@type\":\"ReadAction\",\"target\":[\"https:\\\/\\\/bbqassad.ee\\\/fi\\\/toode\\\/kosmon-q-chicken-soak\\\/\"]}]},{\"@type\":\"ImageObject\",\"inLanguage\":\"fi\",\"@id\":\"https:\\\/\\\/bbqassad.ee\\\/fi\\\/toode\\\/kosmon-q-chicken-soak\\\/#primaryimage\",\"url\":\"https:\\\/\\\/bbqassad.ee\\\/wp-content\\\/uploads\\\/2023\\\/03\\\/kosmo-s-q-brines-and-soaks-1lb-chicken-soak-brine-36394798284959_5000x.webp\",\"contentUrl\":\"https:\\\/\\\/bbqassad.ee\\\/wp-content\\\/uploads\\\/2023\\\/03\\\/kosmo-s-q-brines-and-soaks-1lb-chicken-soak-brine-36394798284959_5000x.webp\",\"width\":576,\"height\":642,\"caption\":\"Kosmo\u2019s Q Chicken Soak\"},{\"@type\":\"BreadcrumbList\",\"@id\":\"https:\\\/\\\/bbqassad.ee\\\/fi\\\/toode\\\/kosmon-q-chicken-soak\\\/#breadcrumb\",\"itemListElement\":[{\"@type\":\"ListItem\",\"position\":1,\"name\":\"Home\",\"item\":\"https:\\\/\\\/bbqassad.ee\\\/fi\\\/bbq-assat\\\/\"},{\"@type\":\"ListItem\",\"position\":2,\"name\":\"Verkkokauppa\",\"item\":\"https:\\\/\\\/bbqassad.ee\\\/fi\\\/verkkokauppa\\\/\"},{\"@type\":\"ListItem\",\"position\":3,\"name\":\"Kosmo&#8217;s Q Chicken Soak\"}]},{\"@type\":\"WebSite\",\"@id\":\"https:\\\/\\\/bbqassad.ee\\\/fi\\\/#website\",\"url\":\"https:\\\/\\\/bbqassad.ee\\\/fi\\\/\",\"name\":\"BBQ \u00c4ssad\",\"description\":\"BBQ maitseained, kastmed, ahjud\",\"publisher\":{\"@id\":\"https:\\\/\\\/bbqassad.ee\\\/fi\\\/#organization\"},\"potentialAction\":[{\"@type\":\"SearchAction\",\"target\":{\"@type\":\"EntryPoint\",\"urlTemplate\":\"https:\\\/\\\/bbqassad.ee\\\/fi\\\/?s={search_term_string}\"},\"query-input\":{\"@type\":\"PropertyValueSpecification\",\"valueRequired\":true,\"valueName\":\"search_term_string\"}}],\"inLanguage\":\"fi\"},{\"@type\":\"Organization\",\"@id\":\"https:\\\/\\\/bbqassad.ee\\\/fi\\\/#organization\",\"name\":\"BBQ \u00c4ssad\",\"url\":\"https:\\\/\\\/bbqassad.ee\\\/fi\\\/\",\"logo\":{\"@type\":\"ImageObject\",\"inLanguage\":\"fi\",\"@id\":\"https:\\\/\\\/bbqassad.ee\\\/fi\\\/#\\\/schema\\\/logo\\\/image\\\/\",\"url\":\"https:\\\/\\\/bbqassad.ee\\\/wp-content\\\/uploads\\\/2022\\\/10\\\/BBQ-2ssadlogo.png\",\"contentUrl\":\"https:\\\/\\\/bbqassad.ee\\\/wp-content\\\/uploads\\\/2022\\\/10\\\/BBQ-2ssadlogo.png\",\"width\":1080,\"height\":1080,\"caption\":\"BBQ \u00c4ssad\"},\"image\":{\"@id\":\"https:\\\/\\\/bbqassad.ee\\\/fi\\\/#\\\/schema\\\/logo\\\/image\\\/\"},\"sameAs\":[\"https:\\\/\\\/www.facebook.com\\\/bbqassad\",\"https:\\\/\\\/www.youtube.com\\\/channel\\\/UCsoufn49J6TVi9Ah9meE93w\"]}]}<\/script>\n<!-- \/ Yoast SEO plugin. -->","yoast_head_json":{"title":"Kosmo's Q Chicken Soak - BBQ \u00c4ssad","description":"Kosmos Q Soak & Brine Chicken Brine - nopea ja helppo suolavesisekoitus mehukkaaseen ja maukkaaseen kanaan. Soveltuu siiville, rumpupaloille, fileille ja kokonaisille kananlihoille.","robots":{"index":"index","follow":"follow","max-snippet":"max-snippet:-1","max-image-preview":"max-image-preview:large","max-video-preview":"max-video-preview:-1"},"canonical":"https:\/\/bbqassad.ee\/fi\/toode\/kosmon-q-chicken-soak\/","og_locale":"fi_FI","og_type":"article","og_title":"Kosmon Q Chicken Soak","og_description":"Kosmos Q Soak & Brine Chicken Brine - nopea ja helppo suolavesisekoitus mehukkaaseen ja maukkaaseen kanaan. Soveltuu siiville, rumpupaloille, fileille ja kokonaisille kananlihoille.","og_url":"https:\/\/bbqassad.ee\/fi\/toode\/kosmon-q-chicken-soak\/","og_site_name":"BBQ \u00c4ssad","article_publisher":"https:\/\/www.facebook.com\/bbqassad","article_modified_time":"2026-04-14T06:33:54+00:00","og_image":[{"url":"https:\/\/bbqassad.ee\/wp-content\/uploads\/2023\/03\/kosmo-s-q-brines-and-soaks-1lb-chicken-soak-brine-36394798284959_5000x-269x300.webp","type":"","width":"","height":""}],"twitter_card":"summary_large_image","schema":{"@context":"https:\/\/schema.org","@graph":[{"@type":"WebPage","@id":"https:\/\/bbqassad.ee\/fi\/toode\/kosmon-q-chicken-soak\/","url":"https:\/\/bbqassad.ee\/fi\/toode\/kosmon-q-chicken-soak\/","name":"Kosmo's Q Chicken Soak - BBQ \u00c4ssad","isPartOf":{"@id":"https:\/\/bbqassad.ee\/fi\/#website"},"primaryImageOfPage":{"@id":"https:\/\/bbqassad.ee\/fi\/toode\/kosmon-q-chicken-soak\/#primaryimage"},"image":{"@id":"https:\/\/bbqassad.ee\/fi\/toode\/kosmon-q-chicken-soak\/#primaryimage"},"thumbnailUrl":"https:\/\/bbqassad.ee\/wp-content\/uploads\/2023\/03\/kosmo-s-q-brines-and-soaks-1lb-chicken-soak-brine-36394798284959_5000x.webp","datePublished":"2023-03-20T11:42:29+00:00","dateModified":"2026-04-14T06:33:54+00:00","description":"Kosmos Q Soak & Brine Chicken Brine - nopea ja helppo suolavesisekoitus mehukkaaseen ja maukkaaseen kanaan. Soveltuu siiville, rumpupaloille, fileille ja kokonaisille kananlihoille.","breadcrumb":{"@id":"https:\/\/bbqassad.ee\/fi\/toode\/kosmon-q-chicken-soak\/#breadcrumb"},"inLanguage":"fi","potentialAction":[{"@type":"ReadAction","target":["https:\/\/bbqassad.ee\/fi\/toode\/kosmon-q-chicken-soak\/"]}]},{"@type":"ImageObject","inLanguage":"fi","@id":"https:\/\/bbqassad.ee\/fi\/toode\/kosmon-q-chicken-soak\/#primaryimage","url":"https:\/\/bbqassad.ee\/wp-content\/uploads\/2023\/03\/kosmo-s-q-brines-and-soaks-1lb-chicken-soak-brine-36394798284959_5000x.webp","contentUrl":"https:\/\/bbqassad.ee\/wp-content\/uploads\/2023\/03\/kosmo-s-q-brines-and-soaks-1lb-chicken-soak-brine-36394798284959_5000x.webp","width":576,"height":642,"caption":"Kosmo\u2019s Q Chicken Soak"},{"@type":"BreadcrumbList","@id":"https:\/\/bbqassad.ee\/fi\/toode\/kosmon-q-chicken-soak\/#breadcrumb","itemListElement":[{"@type":"ListItem","position":1,"name":"Home","item":"https:\/\/bbqassad.ee\/fi\/bbq-assat\/"},{"@type":"ListItem","position":2,"name":"Verkkokauppa","item":"https:\/\/bbqassad.ee\/fi\/verkkokauppa\/"},{"@type":"ListItem","position":3,"name":"Kosmo&#8217;s Q Chicken Soak"}]},{"@type":"WebSite","@id":"https:\/\/bbqassad.ee\/fi\/#website","url":"https:\/\/bbqassad.ee\/fi\/","name":"BBQ \u00c4ssad","description":"BBQ maitseained, kastmed, ahjud","publisher":{"@id":"https:\/\/bbqassad.ee\/fi\/#organization"},"potentialAction":[{"@type":"SearchAction","target":{"@type":"EntryPoint","urlTemplate":"https:\/\/bbqassad.ee\/fi\/?s={search_term_string}"},"query-input":{"@type":"PropertyValueSpecification","valueRequired":true,"valueName":"search_term_string"}}],"inLanguage":"fi"},{"@type":"Organization","@id":"https:\/\/bbqassad.ee\/fi\/#organization","name":"BBQ \u00c4ssad","url":"https:\/\/bbqassad.ee\/fi\/","logo":{"@type":"ImageObject","inLanguage":"fi","@id":"https:\/\/bbqassad.ee\/fi\/#\/schema\/logo\/image\/","url":"https:\/\/bbqassad.ee\/wp-content\/uploads\/2022\/10\/BBQ-2ssadlogo.png","contentUrl":"https:\/\/bbqassad.ee\/wp-content\/uploads\/2022\/10\/BBQ-2ssadlogo.png","width":1080,"height":1080,"caption":"BBQ \u00c4ssad"},"image":{"@id":"https:\/\/bbqassad.ee\/fi\/#\/schema\/logo\/image\/"},"sameAs":["https:\/\/www.facebook.com\/bbqassad","https:\/\/www.youtube.com\/channel\/UCsoufn49J6TVi9Ah9meE93w"]}]}},"_links":{"self":[{"href":"https:\/\/bbqassad.ee\/fi\/wp-json\/wp\/v2\/product\/23432","targetHints":{"allow":["GET"]}}],"collection":[{"href":"https:\/\/bbqassad.ee\/fi\/wp-json\/wp\/v2\/product"}],"about":[{"href":"https:\/\/bbqassad.ee\/fi\/wp-json\/wp\/v2\/types\/product"}],"replies":[{"embeddable":true,"href":"https:\/\/bbqassad.ee\/fi\/wp-json\/wp\/v2\/comments?post=23432"}],"wp:featuredmedia":[{"embeddable":true,"href":"https:\/\/bbqassad.ee\/fi\/wp-json\/wp\/v2\/media\/23433"}],"wp:attachment":[{"href":"https:\/\/bbqassad.ee\/fi\/wp-json\/wp\/v2\/media?parent=23432"}],"wp:term":[{"taxonomy":"product_brand","embeddable":true,"href":"https:\/\/bbqassad.ee\/fi\/wp-json\/wp\/v2\/product_brand?post=23432"},{"taxonomy":"product_cat","embeddable":true,"href":"https:\/\/bbqassad.ee\/fi\/wp-json\/wp\/v2\/product_cat?post=23432"},{"taxonomy":"product_tag","embeddable":true,"href":"https:\/\/bbqassad.ee\/fi\/wp-json\/wp\/v2\/product_tag?post=23432"}],"curies":[{"name":"wp","href":"https:\/\/api.w.org\/{rel}","templated":true}]}}