{"id":23405,"date":"2023-03-27T06:34:12","date_gmt":"2023-03-27T06:34:12","guid":{"rendered":"https:\/\/bbqassad.ee\/toode\/makusekoitus-heath-riles-pecan-rub\/"},"modified":"2026-04-14T06:33:53","modified_gmt":"2026-04-14T06:33:53","slug":"makusekoitus-heath-riles-pecan-rub","status":"publish","type":"product","link":"https:\/\/bbqassad.ee\/fi\/toode\/makusekoitus-heath-riles-pecan-rub\/","title":{"rendered":"Heath Riles Pecan Rub -mausteseos"},"content":{"rendered":"<h2>Makusekoitus Heath Riles Pecan Rub<\/h2>\n<p>Heath Riles on mies, joka on voittanut lukemattomia titteleit\u00e4 maailmanmestaruusluokassa. Viime vuosina h\u00e4n on pysynyt haastamattomana. H\u00e4n tekee sen aina omilla mausteillaan ja kastikkeillaan, ja h\u00e4nen Pecan Rubinsa on aina yksi ainesosista.  <\/p>\n<h3>BBQ Aces kommentti<\/h3>\n<p>Olemme k\u00e4ytt\u00e4neet t\u00e4t\u00e4 rubiinia kylkiluutoiminnassa ja olleet my\u00f6s palkintokorokkeella kovissa kilpailuissa.<\/p>\n<h3>Ammattilaisen vinkki<\/h3>\n<p>K\u00e4yt\u00e4 t\u00e4t\u00e4 hierontaa yhten\u00e4 kolmesta kerroksesta nauhalla.<\/p>\n","protected":false},"excerpt":{"rendered":"<p>Valmistaja: Heath Riles<br \/>\nPaino: 283g<br \/>\nAinesosat: sokeri; ruskea sokeri; paprika; suola; mausteet; natriumglutamaatti; kuivattu<br \/>\nvalkosipuli; sipulijauhe; luonnolliset mausteet; karamelliv\u00e4ri; luontainen savuaromi;<br \/>\nluontainen hiiliaromi (rypsi\u00f6ljy); alle 2 % trikalsiumfosfaattia paakkuuntumisen est\u00e4miseksi.<br \/>\nRavintosis\u00e4lt\u00f6 100 g:aa kohti: energia: 1047 kJ\/250 kcal; rasvat: 0 g, josta tyydyttyneit\u00e4<br \/>\nrasvahappoja: 0 g; hiilihydraatit: 50 g, josta sokereita: 50 g; proteiinit: 0 g; suola: 11,9 g.<\/p>\n","protected":false},"featured_media":23406,"comment_status":"open","ping_status":"closed","template":"","meta":[],"product_brand":[],"product_cat":[802],"product_tag":[],"class_list":{"0":"post-23405","1":"product","2":"type-product","3":"status-publish","4":"has-post-thumbnail","6":"product_cat-sekoitukset","8":"first","9":"instock","10":"taxable","11":"shipping-taxable","12":"purchasable","13":"product-type-simple"},"yoast_head":"<!-- This site is optimized with the Yoast SEO plugin v27.4 - https:\/\/yoast.com\/product\/yoast-seo-wordpress\/ -->\n<title>Heath Riles Pecan Rub -mausteseos - BBQ \u00c4ssad<\/title>\n<meta name=\"description\" content=\"Heath Riles Pecan Rub - BBQ-mauste pekaanip\u00e4hkin\u00e4isell\u00e4 twistill\u00e4, sopii sianlihalle, kanalle ja ribseille. Antaa mukavan makean savuisen maun grilliss\u00e4 ja savussa.\" \/>\n<meta name=\"robots\" content=\"index, follow, max-snippet:-1, max-image-preview:large, max-video-preview:-1\" \/>\n<link rel=\"canonical\" href=\"https:\/\/bbqassad.ee\/fi\/toode\/makusekoitus-heath-riles-pecan-rub\/\" \/>\n<meta property=\"og:locale\" content=\"fi_FI\" \/>\n<meta property=\"og:type\" content=\"article\" \/>\n<meta property=\"og:title\" content=\"Makusekoitus Heath Riles Pecan Rub\" \/>\n<meta property=\"og:description\" content=\"Heath Riles Pecan Rub - pekaanip\u00e4hkin\u00e4inen BBQ-mauste, joka sopii erityisen hyvin sianlihalle, kanalle ja ribseille. Antaa mukavan makean savuisen maun grilliss\u00e4 ja savussa.\" \/>\n<meta property=\"og:url\" content=\"https:\/\/bbqassad.ee\/fi\/toode\/makusekoitus-heath-riles-pecan-rub\/\" \/>\n<meta property=\"og:site_name\" content=\"BBQ \u00c4ssad\" \/>\n<meta property=\"article:publisher\" content=\"https:\/\/www.facebook.com\/bbqassad\" \/>\n<meta property=\"article:modified_time\" content=\"2026-04-14T06:33:53+00:00\" \/>\n<meta property=\"og:image\" content=\"https:\/\/bbqassad.ee\/wp-content\/uploads\/2023\/03\/Heath-Riles-Pecan-Rub-300x300.png\" \/>\n<meta name=\"twitter:card\" content=\"summary_large_image\" \/>\n<script type=\"application\/ld+json\" class=\"yoast-schema-graph\">{\"@context\":\"https:\\\/\\\/schema.org\",\"@graph\":[{\"@type\":\"WebPage\",\"@id\":\"https:\\\/\\\/bbqassad.ee\\\/fi\\\/toode\\\/makusekoitus-heath-riles-pecan-rub\\\/\",\"url\":\"https:\\\/\\\/bbqassad.ee\\\/fi\\\/toode\\\/makusekoitus-heath-riles-pecan-rub\\\/\",\"name\":\"Heath Riles Pecan Rub -mausteseos - BBQ \u00c4ssad\",\"isPartOf\":{\"@id\":\"https:\\\/\\\/bbqassad.ee\\\/fi\\\/#website\"},\"primaryImageOfPage\":{\"@id\":\"https:\\\/\\\/bbqassad.ee\\\/fi\\\/toode\\\/makusekoitus-heath-riles-pecan-rub\\\/#primaryimage\"},\"image\":{\"@id\":\"https:\\\/\\\/bbqassad.ee\\\/fi\\\/toode\\\/makusekoitus-heath-riles-pecan-rub\\\/#primaryimage\"},\"thumbnailUrl\":\"https:\\\/\\\/bbqassad.ee\\\/wp-content\\\/uploads\\\/2023\\\/03\\\/Heath-Riles-Pecan-Rub.png\",\"datePublished\":\"2023-03-27T06:34:12+00:00\",\"dateModified\":\"2026-04-14T06:33:53+00:00\",\"description\":\"Heath Riles Pecan Rub - BBQ-mauste pekaanip\u00e4hkin\u00e4isell\u00e4 twistill\u00e4, sopii sianlihalle, kanalle ja ribseille. Antaa mukavan makean savuisen maun grilliss\u00e4 ja savussa.\",\"breadcrumb\":{\"@id\":\"https:\\\/\\\/bbqassad.ee\\\/fi\\\/toode\\\/makusekoitus-heath-riles-pecan-rub\\\/#breadcrumb\"},\"inLanguage\":\"fi\",\"potentialAction\":[{\"@type\":\"ReadAction\",\"target\":[\"https:\\\/\\\/bbqassad.ee\\\/fi\\\/toode\\\/makusekoitus-heath-riles-pecan-rub\\\/\"]}]},{\"@type\":\"ImageObject\",\"inLanguage\":\"fi\",\"@id\":\"https:\\\/\\\/bbqassad.ee\\\/fi\\\/toode\\\/makusekoitus-heath-riles-pecan-rub\\\/#primaryimage\",\"url\":\"https:\\\/\\\/bbqassad.ee\\\/wp-content\\\/uploads\\\/2023\\\/03\\\/Heath-Riles-Pecan-Rub.png\",\"contentUrl\":\"https:\\\/\\\/bbqassad.ee\\\/wp-content\\\/uploads\\\/2023\\\/03\\\/Heath-Riles-Pecan-Rub.png\",\"width\":1920,\"height\":1920,\"caption\":\"Maitseainesegu Heath Riles Pecan Rub\"},{\"@type\":\"BreadcrumbList\",\"@id\":\"https:\\\/\\\/bbqassad.ee\\\/fi\\\/toode\\\/makusekoitus-heath-riles-pecan-rub\\\/#breadcrumb\",\"itemListElement\":[{\"@type\":\"ListItem\",\"position\":1,\"name\":\"Home\",\"item\":\"https:\\\/\\\/bbqassad.ee\\\/fi\\\/bbq-assat\\\/\"},{\"@type\":\"ListItem\",\"position\":2,\"name\":\"Verkkokauppa\",\"item\":\"https:\\\/\\\/bbqassad.ee\\\/fi\\\/verkkokauppa\\\/\"},{\"@type\":\"ListItem\",\"position\":3,\"name\":\"Heath Riles Pecan Rub -mausteseos\"}]},{\"@type\":\"WebSite\",\"@id\":\"https:\\\/\\\/bbqassad.ee\\\/fi\\\/#website\",\"url\":\"https:\\\/\\\/bbqassad.ee\\\/fi\\\/\",\"name\":\"BBQ \u00c4ssad\",\"description\":\"BBQ maitseained, kastmed, ahjud\",\"publisher\":{\"@id\":\"https:\\\/\\\/bbqassad.ee\\\/fi\\\/#organization\"},\"potentialAction\":[{\"@type\":\"SearchAction\",\"target\":{\"@type\":\"EntryPoint\",\"urlTemplate\":\"https:\\\/\\\/bbqassad.ee\\\/fi\\\/?s={search_term_string}\"},\"query-input\":{\"@type\":\"PropertyValueSpecification\",\"valueRequired\":true,\"valueName\":\"search_term_string\"}}],\"inLanguage\":\"fi\"},{\"@type\":\"Organization\",\"@id\":\"https:\\\/\\\/bbqassad.ee\\\/fi\\\/#organization\",\"name\":\"BBQ \u00c4ssad\",\"url\":\"https:\\\/\\\/bbqassad.ee\\\/fi\\\/\",\"logo\":{\"@type\":\"ImageObject\",\"inLanguage\":\"fi\",\"@id\":\"https:\\\/\\\/bbqassad.ee\\\/fi\\\/#\\\/schema\\\/logo\\\/image\\\/\",\"url\":\"https:\\\/\\\/bbqassad.ee\\\/wp-content\\\/uploads\\\/2022\\\/10\\\/BBQ-2ssadlogo.png\",\"contentUrl\":\"https:\\\/\\\/bbqassad.ee\\\/wp-content\\\/uploads\\\/2022\\\/10\\\/BBQ-2ssadlogo.png\",\"width\":1080,\"height\":1080,\"caption\":\"BBQ \u00c4ssad\"},\"image\":{\"@id\":\"https:\\\/\\\/bbqassad.ee\\\/fi\\\/#\\\/schema\\\/logo\\\/image\\\/\"},\"sameAs\":[\"https:\\\/\\\/www.facebook.com\\\/bbqassad\",\"https:\\\/\\\/www.youtube.com\\\/channel\\\/UCsoufn49J6TVi9Ah9meE93w\"]}]}<\/script>\n<!-- \/ Yoast SEO plugin. -->","yoast_head_json":{"title":"Heath Riles Pecan Rub -mausteseos - BBQ \u00c4ssad","description":"Heath Riles Pecan Rub - BBQ-mauste pekaanip\u00e4hkin\u00e4isell\u00e4 twistill\u00e4, sopii sianlihalle, kanalle ja ribseille. Antaa mukavan makean savuisen maun grilliss\u00e4 ja savussa.","robots":{"index":"index","follow":"follow","max-snippet":"max-snippet:-1","max-image-preview":"max-image-preview:large","max-video-preview":"max-video-preview:-1"},"canonical":"https:\/\/bbqassad.ee\/fi\/toode\/makusekoitus-heath-riles-pecan-rub\/","og_locale":"fi_FI","og_type":"article","og_title":"Makusekoitus Heath Riles Pecan Rub","og_description":"Heath Riles Pecan Rub - pekaanip\u00e4hkin\u00e4inen BBQ-mauste, joka sopii erityisen hyvin sianlihalle, kanalle ja ribseille. Antaa mukavan makean savuisen maun grilliss\u00e4 ja savussa.","og_url":"https:\/\/bbqassad.ee\/fi\/toode\/makusekoitus-heath-riles-pecan-rub\/","og_site_name":"BBQ \u00c4ssad","article_publisher":"https:\/\/www.facebook.com\/bbqassad","article_modified_time":"2026-04-14T06:33:53+00:00","og_image":[{"url":"https:\/\/bbqassad.ee\/wp-content\/uploads\/2023\/03\/Heath-Riles-Pecan-Rub-300x300.png","type":"","width":"","height":""}],"twitter_card":"summary_large_image","schema":{"@context":"https:\/\/schema.org","@graph":[{"@type":"WebPage","@id":"https:\/\/bbqassad.ee\/fi\/toode\/makusekoitus-heath-riles-pecan-rub\/","url":"https:\/\/bbqassad.ee\/fi\/toode\/makusekoitus-heath-riles-pecan-rub\/","name":"Heath Riles Pecan Rub -mausteseos - BBQ \u00c4ssad","isPartOf":{"@id":"https:\/\/bbqassad.ee\/fi\/#website"},"primaryImageOfPage":{"@id":"https:\/\/bbqassad.ee\/fi\/toode\/makusekoitus-heath-riles-pecan-rub\/#primaryimage"},"image":{"@id":"https:\/\/bbqassad.ee\/fi\/toode\/makusekoitus-heath-riles-pecan-rub\/#primaryimage"},"thumbnailUrl":"https:\/\/bbqassad.ee\/wp-content\/uploads\/2023\/03\/Heath-Riles-Pecan-Rub.png","datePublished":"2023-03-27T06:34:12+00:00","dateModified":"2026-04-14T06:33:53+00:00","description":"Heath Riles Pecan Rub - BBQ-mauste pekaanip\u00e4hkin\u00e4isell\u00e4 twistill\u00e4, sopii sianlihalle, kanalle ja ribseille. Antaa mukavan makean savuisen maun grilliss\u00e4 ja savussa.","breadcrumb":{"@id":"https:\/\/bbqassad.ee\/fi\/toode\/makusekoitus-heath-riles-pecan-rub\/#breadcrumb"},"inLanguage":"fi","potentialAction":[{"@type":"ReadAction","target":["https:\/\/bbqassad.ee\/fi\/toode\/makusekoitus-heath-riles-pecan-rub\/"]}]},{"@type":"ImageObject","inLanguage":"fi","@id":"https:\/\/bbqassad.ee\/fi\/toode\/makusekoitus-heath-riles-pecan-rub\/#primaryimage","url":"https:\/\/bbqassad.ee\/wp-content\/uploads\/2023\/03\/Heath-Riles-Pecan-Rub.png","contentUrl":"https:\/\/bbqassad.ee\/wp-content\/uploads\/2023\/03\/Heath-Riles-Pecan-Rub.png","width":1920,"height":1920,"caption":"Maitseainesegu Heath Riles Pecan Rub"},{"@type":"BreadcrumbList","@id":"https:\/\/bbqassad.ee\/fi\/toode\/makusekoitus-heath-riles-pecan-rub\/#breadcrumb","itemListElement":[{"@type":"ListItem","position":1,"name":"Home","item":"https:\/\/bbqassad.ee\/fi\/bbq-assat\/"},{"@type":"ListItem","position":2,"name":"Verkkokauppa","item":"https:\/\/bbqassad.ee\/fi\/verkkokauppa\/"},{"@type":"ListItem","position":3,"name":"Heath Riles Pecan Rub -mausteseos"}]},{"@type":"WebSite","@id":"https:\/\/bbqassad.ee\/fi\/#website","url":"https:\/\/bbqassad.ee\/fi\/","name":"BBQ \u00c4ssad","description":"BBQ maitseained, kastmed, ahjud","publisher":{"@id":"https:\/\/bbqassad.ee\/fi\/#organization"},"potentialAction":[{"@type":"SearchAction","target":{"@type":"EntryPoint","urlTemplate":"https:\/\/bbqassad.ee\/fi\/?s={search_term_string}"},"query-input":{"@type":"PropertyValueSpecification","valueRequired":true,"valueName":"search_term_string"}}],"inLanguage":"fi"},{"@type":"Organization","@id":"https:\/\/bbqassad.ee\/fi\/#organization","name":"BBQ \u00c4ssad","url":"https:\/\/bbqassad.ee\/fi\/","logo":{"@type":"ImageObject","inLanguage":"fi","@id":"https:\/\/bbqassad.ee\/fi\/#\/schema\/logo\/image\/","url":"https:\/\/bbqassad.ee\/wp-content\/uploads\/2022\/10\/BBQ-2ssadlogo.png","contentUrl":"https:\/\/bbqassad.ee\/wp-content\/uploads\/2022\/10\/BBQ-2ssadlogo.png","width":1080,"height":1080,"caption":"BBQ \u00c4ssad"},"image":{"@id":"https:\/\/bbqassad.ee\/fi\/#\/schema\/logo\/image\/"},"sameAs":["https:\/\/www.facebook.com\/bbqassad","https:\/\/www.youtube.com\/channel\/UCsoufn49J6TVi9Ah9meE93w"]}]}},"_links":{"self":[{"href":"https:\/\/bbqassad.ee\/fi\/wp-json\/wp\/v2\/product\/23405","targetHints":{"allow":["GET"]}}],"collection":[{"href":"https:\/\/bbqassad.ee\/fi\/wp-json\/wp\/v2\/product"}],"about":[{"href":"https:\/\/bbqassad.ee\/fi\/wp-json\/wp\/v2\/types\/product"}],"replies":[{"embeddable":true,"href":"https:\/\/bbqassad.ee\/fi\/wp-json\/wp\/v2\/comments?post=23405"}],"wp:featuredmedia":[{"embeddable":true,"href":"https:\/\/bbqassad.ee\/fi\/wp-json\/wp\/v2\/media\/23406"}],"wp:attachment":[{"href":"https:\/\/bbqassad.ee\/fi\/wp-json\/wp\/v2\/media?parent=23405"}],"wp:term":[{"taxonomy":"product_brand","embeddable":true,"href":"https:\/\/bbqassad.ee\/fi\/wp-json\/wp\/v2\/product_brand?post=23405"},{"taxonomy":"product_cat","embeddable":true,"href":"https:\/\/bbqassad.ee\/fi\/wp-json\/wp\/v2\/product_cat?post=23405"},{"taxonomy":"product_tag","embeddable":true,"href":"https:\/\/bbqassad.ee\/fi\/wp-json\/wp\/v2\/product_tag?post=23405"}],"curies":[{"name":"wp","href":"https:\/\/api.w.org\/{rel}","templated":true}]}}