{"id":23404,"date":"2023-03-27T06:48:18","date_gmt":"2023-03-27T06:48:18","guid":{"rendered":"https:\/\/bbqassad.ee\/toode\/heath-riles-honey-rub-mausteseos\/"},"modified":"2026-04-14T06:33:53","modified_gmt":"2026-04-14T06:33:53","slug":"heath-riles-honey-rub-mausteseos","status":"publish","type":"product","link":"https:\/\/bbqassad.ee\/fi\/toode\/heath-riles-honey-rub-mausteseos\/","title":{"rendered":"Heath Riles Honey Rub -mausteseos"},"content":{"rendered":"<h2>Heath Riles Honey Rub -mausteseos<\/h2>\n<p>Heath Riles on mies, joka on voittanut lukemattomia titteleit\u00e4 maailmanmestaruusluokassa. Viime vuosina h\u00e4n on pysynyt haastamattomana. H\u00e4n tekee sen aina omilla mausteillaan ja kastikkeillaan, ja h\u00e4nen Honey Rubinsa, jonka sis\u00e4ll\u00e4 on aitoa hunajaa, on kiinte\u00e4 osa h\u00e4nen rib-resepti\u00e4\u00e4n.  <\/p>\n<h3>BBQ Aces kommentti<\/h3>\n<p>Oikea makea ja suolainen mauste kaikenlaiselle sianlihalle. Lis\u00e4ksi se antaa sianlihalle aina kauniin v\u00e4rin. <\/p>\n<h3>Ammattilaisen vinkki<\/h3>\n<p>Jos haluat makeuttaa lihaa, t\u00e4m\u00e4 on sinun ty\u00f6kalusi.<\/p>\n","protected":false},"excerpt":{"rendered":"<p>Valmistaja: Heath Riles<br \/>\nPaino: 340g<br \/>\nAinesosat: sokeri; suola; kuivattu hunaja; paprika; kuivattu valkosipuli; mausteet; puhdistettu<br \/>\nsoija\u00f6ljy; ja alle 2 % piidioksidia paakkuuntumisen est\u00e4miseksi.<\/p>\n","protected":false},"featured_media":23413,"comment_status":"open","ping_status":"closed","template":"","meta":[],"product_brand":[],"product_cat":[802],"product_tag":[],"class_list":{"0":"post-23404","1":"product","2":"type-product","3":"status-publish","4":"has-post-thumbnail","6":"product_cat-sekoitukset","8":"first","9":"outofstock","10":"taxable","11":"shipping-taxable","12":"purchasable","13":"product-type-simple"},"yoast_head":"<!-- This site is optimized with the Yoast SEO plugin v27.4 - https:\/\/yoast.com\/product\/yoast-seo-wordpress\/ -->\n<title>Heath Riles Honey Rub -mausteseos - BBQ \u00c4ssad%<\/title>\n<meta name=\"description\" content=\"Heath Riles -mausteseos sis\u00e4lt\u00e4\u00e4 sokeria, suolaa, kuivattua hunajaa, paprikaa ja kuivattua valkosipulia. Paino 340 g, ihanteellinen maustamiseen.\" \/>\n<meta name=\"robots\" content=\"index, follow, max-snippet:-1, max-image-preview:large, max-video-preview:-1\" \/>\n<link rel=\"canonical\" href=\"https:\/\/bbqassad.ee\/fi\/toode\/heath-riles-honey-rub-mausteseos\/\" \/>\n<meta property=\"og:locale\" content=\"fi_FI\" \/>\n<meta property=\"og:type\" content=\"article\" \/>\n<meta property=\"og:title\" content=\"Heath Riles Honey Rub -mausteseos - BBQ \u00c4ssad%\" \/>\n<meta property=\"og:description\" content=\"Heath Riles -mausteseos sis\u00e4lt\u00e4\u00e4 sokeria, suolaa, kuivattua hunajaa, paprikaa ja kuivattua valkosipulia. Paino 340 g, ihanteellinen maustamiseen.\" \/>\n<meta property=\"og:url\" content=\"https:\/\/bbqassad.ee\/fi\/toode\/heath-riles-honey-rub-mausteseos\/\" \/>\n<meta property=\"og:site_name\" content=\"BBQ \u00c4ssad\" \/>\n<meta property=\"article:publisher\" content=\"https:\/\/www.facebook.com\/bbqassad\" \/>\n<meta property=\"article:modified_time\" content=\"2026-04-14T06:33:53+00:00\" \/>\n<meta property=\"og:image\" content=\"https:\/\/bbqassad.ee\/wp-content\/uploads\/2023\/03\/Heath-Riles-Honey-Rub.png\" \/>\n<meta name=\"twitter:card\" content=\"summary_large_image\" \/>\n<meta name=\"twitter:title\" content=\"Heath Riles Honey Rub -mausteseos - BBQ \u00c4ssad%\" \/>\n<meta name=\"twitter:description\" content=\"Heath Riles -mausteseos sis\u00e4lt\u00e4\u00e4 sokeria, suolaa, kuivattua hunajaa, paprikaa ja kuivattua valkosipulia. Paino 340 g, ihanteellinen maustamiseen.\" \/>\n<meta name=\"twitter:image\" content=\"https:\/\/bbqassad.ee\/wp-content\/uploads\/2023\/03\/Heath-Riles-Honey-Rub.png\" \/>\n<script type=\"application\/ld+json\" class=\"yoast-schema-graph\">{\"@context\":\"https:\\\/\\\/schema.org\",\"@graph\":[{\"@type\":\"WebPage\",\"@id\":\"https:\\\/\\\/bbqassad.ee\\\/fi\\\/toode\\\/heath-riles-honey-rub-mausteseos\\\/\",\"url\":\"https:\\\/\\\/bbqassad.ee\\\/fi\\\/toode\\\/heath-riles-honey-rub-mausteseos\\\/\",\"name\":\"Heath Riles Honey Rub -mausteseos - BBQ \u00c4ssad%\",\"isPartOf\":{\"@id\":\"https:\\\/\\\/bbqassad.ee\\\/fi\\\/#website\"},\"primaryImageOfPage\":{\"@id\":\"https:\\\/\\\/bbqassad.ee\\\/fi\\\/toode\\\/heath-riles-honey-rub-mausteseos\\\/#primaryimage\"},\"image\":{\"@id\":\"https:\\\/\\\/bbqassad.ee\\\/fi\\\/toode\\\/heath-riles-honey-rub-mausteseos\\\/#primaryimage\"},\"thumbnailUrl\":\"https:\\\/\\\/bbqassad.ee\\\/wp-content\\\/uploads\\\/2023\\\/03\\\/Heath-Riles-Honey-Rub.png\",\"datePublished\":\"2023-03-27T06:48:18+00:00\",\"dateModified\":\"2026-04-14T06:33:53+00:00\",\"description\":\"Heath Riles -mausteseos sis\u00e4lt\u00e4\u00e4 sokeria, suolaa, kuivattua hunajaa, paprikaa ja kuivattua valkosipulia. Paino 340 g, ihanteellinen maustamiseen.\",\"breadcrumb\":{\"@id\":\"https:\\\/\\\/bbqassad.ee\\\/fi\\\/toode\\\/heath-riles-honey-rub-mausteseos\\\/#breadcrumb\"},\"inLanguage\":\"fi\",\"potentialAction\":[{\"@type\":\"ReadAction\",\"target\":[\"https:\\\/\\\/bbqassad.ee\\\/fi\\\/toode\\\/heath-riles-honey-rub-mausteseos\\\/\"]}]},{\"@type\":\"ImageObject\",\"inLanguage\":\"fi\",\"@id\":\"https:\\\/\\\/bbqassad.ee\\\/fi\\\/toode\\\/heath-riles-honey-rub-mausteseos\\\/#primaryimage\",\"url\":\"https:\\\/\\\/bbqassad.ee\\\/wp-content\\\/uploads\\\/2023\\\/03\\\/Heath-Riles-Honey-Rub.png\",\"contentUrl\":\"https:\\\/\\\/bbqassad.ee\\\/wp-content\\\/uploads\\\/2023\\\/03\\\/Heath-Riles-Honey-Rub.png\",\"width\":800,\"height\":800},{\"@type\":\"BreadcrumbList\",\"@id\":\"https:\\\/\\\/bbqassad.ee\\\/fi\\\/toode\\\/heath-riles-honey-rub-mausteseos\\\/#breadcrumb\",\"itemListElement\":[{\"@type\":\"ListItem\",\"position\":1,\"name\":\"Home\",\"item\":\"https:\\\/\\\/bbqassad.ee\\\/fi\\\/bbq-assat\\\/\"},{\"@type\":\"ListItem\",\"position\":2,\"name\":\"Verkkokauppa\",\"item\":\"https:\\\/\\\/bbqassad.ee\\\/fi\\\/verkkokauppa\\\/\"},{\"@type\":\"ListItem\",\"position\":3,\"name\":\"Heath Riles Honey Rub -mausteseos\"}]},{\"@type\":\"WebSite\",\"@id\":\"https:\\\/\\\/bbqassad.ee\\\/fi\\\/#website\",\"url\":\"https:\\\/\\\/bbqassad.ee\\\/fi\\\/\",\"name\":\"BBQ \u00c4ssad\",\"description\":\"BBQ maitseained, kastmed, ahjud\",\"publisher\":{\"@id\":\"https:\\\/\\\/bbqassad.ee\\\/fi\\\/#organization\"},\"potentialAction\":[{\"@type\":\"SearchAction\",\"target\":{\"@type\":\"EntryPoint\",\"urlTemplate\":\"https:\\\/\\\/bbqassad.ee\\\/fi\\\/?s={search_term_string}\"},\"query-input\":{\"@type\":\"PropertyValueSpecification\",\"valueRequired\":true,\"valueName\":\"search_term_string\"}}],\"inLanguage\":\"fi\"},{\"@type\":\"Organization\",\"@id\":\"https:\\\/\\\/bbqassad.ee\\\/fi\\\/#organization\",\"name\":\"BBQ \u00c4ssad\",\"url\":\"https:\\\/\\\/bbqassad.ee\\\/fi\\\/\",\"logo\":{\"@type\":\"ImageObject\",\"inLanguage\":\"fi\",\"@id\":\"https:\\\/\\\/bbqassad.ee\\\/fi\\\/#\\\/schema\\\/logo\\\/image\\\/\",\"url\":\"https:\\\/\\\/bbqassad.ee\\\/wp-content\\\/uploads\\\/2022\\\/10\\\/BBQ-2ssadlogo.png\",\"contentUrl\":\"https:\\\/\\\/bbqassad.ee\\\/wp-content\\\/uploads\\\/2022\\\/10\\\/BBQ-2ssadlogo.png\",\"width\":1080,\"height\":1080,\"caption\":\"BBQ \u00c4ssad\"},\"image\":{\"@id\":\"https:\\\/\\\/bbqassad.ee\\\/fi\\\/#\\\/schema\\\/logo\\\/image\\\/\"},\"sameAs\":[\"https:\\\/\\\/www.facebook.com\\\/bbqassad\",\"https:\\\/\\\/www.youtube.com\\\/channel\\\/UCsoufn49J6TVi9Ah9meE93w\"]}]}<\/script>\n<!-- \/ Yoast SEO plugin. -->","yoast_head_json":{"title":"Heath Riles Honey Rub -mausteseos - BBQ \u00c4ssad%","description":"Heath Riles -mausteseos sis\u00e4lt\u00e4\u00e4 sokeria, suolaa, kuivattua hunajaa, paprikaa ja kuivattua valkosipulia. Paino 340 g, ihanteellinen maustamiseen.","robots":{"index":"index","follow":"follow","max-snippet":"max-snippet:-1","max-image-preview":"max-image-preview:large","max-video-preview":"max-video-preview:-1"},"canonical":"https:\/\/bbqassad.ee\/fi\/toode\/heath-riles-honey-rub-mausteseos\/","og_locale":"fi_FI","og_type":"article","og_title":"Heath Riles Honey Rub -mausteseos - BBQ \u00c4ssad%","og_description":"Heath Riles -mausteseos sis\u00e4lt\u00e4\u00e4 sokeria, suolaa, kuivattua hunajaa, paprikaa ja kuivattua valkosipulia. Paino 340 g, ihanteellinen maustamiseen.","og_url":"https:\/\/bbqassad.ee\/fi\/toode\/heath-riles-honey-rub-mausteseos\/","og_site_name":"BBQ \u00c4ssad","article_publisher":"https:\/\/www.facebook.com\/bbqassad","article_modified_time":"2026-04-14T06:33:53+00:00","og_image":[{"url":"https:\/\/bbqassad.ee\/wp-content\/uploads\/2023\/03\/Heath-Riles-Honey-Rub.png","type":"","width":"","height":""}],"twitter_card":"summary_large_image","twitter_title":"Heath Riles Honey Rub -mausteseos - BBQ \u00c4ssad%","twitter_description":"Heath Riles -mausteseos sis\u00e4lt\u00e4\u00e4 sokeria, suolaa, kuivattua hunajaa, paprikaa ja kuivattua valkosipulia. Paino 340 g, ihanteellinen maustamiseen.","twitter_image":"https:\/\/bbqassad.ee\/wp-content\/uploads\/2023\/03\/Heath-Riles-Honey-Rub.png","schema":{"@context":"https:\/\/schema.org","@graph":[{"@type":"WebPage","@id":"https:\/\/bbqassad.ee\/fi\/toode\/heath-riles-honey-rub-mausteseos\/","url":"https:\/\/bbqassad.ee\/fi\/toode\/heath-riles-honey-rub-mausteseos\/","name":"Heath Riles Honey Rub -mausteseos - BBQ \u00c4ssad%","isPartOf":{"@id":"https:\/\/bbqassad.ee\/fi\/#website"},"primaryImageOfPage":{"@id":"https:\/\/bbqassad.ee\/fi\/toode\/heath-riles-honey-rub-mausteseos\/#primaryimage"},"image":{"@id":"https:\/\/bbqassad.ee\/fi\/toode\/heath-riles-honey-rub-mausteseos\/#primaryimage"},"thumbnailUrl":"https:\/\/bbqassad.ee\/wp-content\/uploads\/2023\/03\/Heath-Riles-Honey-Rub.png","datePublished":"2023-03-27T06:48:18+00:00","dateModified":"2026-04-14T06:33:53+00:00","description":"Heath Riles -mausteseos sis\u00e4lt\u00e4\u00e4 sokeria, suolaa, kuivattua hunajaa, paprikaa ja kuivattua valkosipulia. Paino 340 g, ihanteellinen maustamiseen.","breadcrumb":{"@id":"https:\/\/bbqassad.ee\/fi\/toode\/heath-riles-honey-rub-mausteseos\/#breadcrumb"},"inLanguage":"fi","potentialAction":[{"@type":"ReadAction","target":["https:\/\/bbqassad.ee\/fi\/toode\/heath-riles-honey-rub-mausteseos\/"]}]},{"@type":"ImageObject","inLanguage":"fi","@id":"https:\/\/bbqassad.ee\/fi\/toode\/heath-riles-honey-rub-mausteseos\/#primaryimage","url":"https:\/\/bbqassad.ee\/wp-content\/uploads\/2023\/03\/Heath-Riles-Honey-Rub.png","contentUrl":"https:\/\/bbqassad.ee\/wp-content\/uploads\/2023\/03\/Heath-Riles-Honey-Rub.png","width":800,"height":800},{"@type":"BreadcrumbList","@id":"https:\/\/bbqassad.ee\/fi\/toode\/heath-riles-honey-rub-mausteseos\/#breadcrumb","itemListElement":[{"@type":"ListItem","position":1,"name":"Home","item":"https:\/\/bbqassad.ee\/fi\/bbq-assat\/"},{"@type":"ListItem","position":2,"name":"Verkkokauppa","item":"https:\/\/bbqassad.ee\/fi\/verkkokauppa\/"},{"@type":"ListItem","position":3,"name":"Heath Riles Honey Rub -mausteseos"}]},{"@type":"WebSite","@id":"https:\/\/bbqassad.ee\/fi\/#website","url":"https:\/\/bbqassad.ee\/fi\/","name":"BBQ \u00c4ssad","description":"BBQ maitseained, kastmed, ahjud","publisher":{"@id":"https:\/\/bbqassad.ee\/fi\/#organization"},"potentialAction":[{"@type":"SearchAction","target":{"@type":"EntryPoint","urlTemplate":"https:\/\/bbqassad.ee\/fi\/?s={search_term_string}"},"query-input":{"@type":"PropertyValueSpecification","valueRequired":true,"valueName":"search_term_string"}}],"inLanguage":"fi"},{"@type":"Organization","@id":"https:\/\/bbqassad.ee\/fi\/#organization","name":"BBQ \u00c4ssad","url":"https:\/\/bbqassad.ee\/fi\/","logo":{"@type":"ImageObject","inLanguage":"fi","@id":"https:\/\/bbqassad.ee\/fi\/#\/schema\/logo\/image\/","url":"https:\/\/bbqassad.ee\/wp-content\/uploads\/2022\/10\/BBQ-2ssadlogo.png","contentUrl":"https:\/\/bbqassad.ee\/wp-content\/uploads\/2022\/10\/BBQ-2ssadlogo.png","width":1080,"height":1080,"caption":"BBQ \u00c4ssad"},"image":{"@id":"https:\/\/bbqassad.ee\/fi\/#\/schema\/logo\/image\/"},"sameAs":["https:\/\/www.facebook.com\/bbqassad","https:\/\/www.youtube.com\/channel\/UCsoufn49J6TVi9Ah9meE93w"]}]}},"_links":{"self":[{"href":"https:\/\/bbqassad.ee\/fi\/wp-json\/wp\/v2\/product\/23404","targetHints":{"allow":["GET"]}}],"collection":[{"href":"https:\/\/bbqassad.ee\/fi\/wp-json\/wp\/v2\/product"}],"about":[{"href":"https:\/\/bbqassad.ee\/fi\/wp-json\/wp\/v2\/types\/product"}],"replies":[{"embeddable":true,"href":"https:\/\/bbqassad.ee\/fi\/wp-json\/wp\/v2\/comments?post=23404"}],"wp:featuredmedia":[{"embeddable":true,"href":"https:\/\/bbqassad.ee\/fi\/wp-json\/wp\/v2\/media\/23413"}],"wp:attachment":[{"href":"https:\/\/bbqassad.ee\/fi\/wp-json\/wp\/v2\/media?parent=23404"}],"wp:term":[{"taxonomy":"product_brand","embeddable":true,"href":"https:\/\/bbqassad.ee\/fi\/wp-json\/wp\/v2\/product_brand?post=23404"},{"taxonomy":"product_cat","embeddable":true,"href":"https:\/\/bbqassad.ee\/fi\/wp-json\/wp\/v2\/product_cat?post=23404"},{"taxonomy":"product_tag","embeddable":true,"href":"https:\/\/bbqassad.ee\/fi\/wp-json\/wp\/v2\/product_tag?post=23404"}],"curies":[{"name":"wp","href":"https:\/\/api.w.org\/{rel}","templated":true}]}}