{"id":23402,"date":"2023-03-27T06:53:18","date_gmt":"2023-03-27T06:53:18","guid":{"rendered":"https:\/\/bbqassad.ee\/toode\/heath-riles-garlic-jalapeno-rub-mausteseos\/"},"modified":"2026-04-14T06:33:53","modified_gmt":"2026-04-14T06:33:53","slug":"heath-riles-garlic-jalapeno-rub-mausteseos","status":"publish","type":"product","link":"https:\/\/bbqassad.ee\/fi\/toode\/heath-riles-garlic-jalapeno-rub-mausteseos\/","title":{"rendered":"Heath Riles Garlic Jalapeno Rub -mausteseos"},"content":{"rendered":"<h2>Heath Riles Garlic Jalapeno Rub mausteseos<\/h2>\n<p>Heath Riles on mies, joka on voittanut lukemattomia titteleit\u00e4 maailmanmestaruusluokassa. Viime vuosina h\u00e4n on pysynyt haastamattomana. H\u00e4n tekee sen aina omilla mausteillaan ja kastikkeillaan, ja h\u00e4nen Garlic Jalapeno Rubinsa on aina ensimm\u00e4inen kerros, joka tulee kylkiluiden p\u00e4\u00e4lle. Se on se kerros, joka antaa kylkiluulle sen mausteisuuden.   <\/p>\n<h3>BBQ Aces kommentti<\/h3>\n<p>Ole varovainen t\u00e4m\u00e4n vahan kanssa, varsinkin jos et pid\u00e4 mausteisista mauista.<\/p>\n<h3>Ammattilaisen vinkki<\/h3>\n<p>T\u00e4m\u00e4 rub on tehty maustamaan mit\u00e4 tahansa lihaa.<\/p>\n","protected":false},"excerpt":{"rendered":"<p>Valmistaja: Heath Riles<br \/>\nPaino: 340g<br \/>\nAinesosat: suola; sokeri; mausteet; natriumglutamaatti; kuivattu valkosipuli; jalope\u00f1o-pippurijauhe;<br \/>\npuhdistettu soija\u00f6ljy; alle 2 % piidioksidia paakkuuntumisen est\u00e4miseksi.<\/p>\n","protected":false},"featured_media":23403,"comment_status":"open","ping_status":"closed","template":"","meta":[],"product_brand":[],"product_cat":[802],"product_tag":[],"class_list":{"0":"post-23402","1":"product","2":"type-product","3":"status-publish","4":"has-post-thumbnail","6":"product_cat-sekoitukset","8":"first","9":"instock","10":"taxable","11":"shipping-taxable","12":"purchasable","13":"product-type-simple"},"yoast_head":"<!-- This site is optimized with the Yoast SEO plugin v27.4 - https:\/\/yoast.com\/product\/yoast-seo-wordpress\/ -->\n<title>Heath Riles Garlic Jalapeno Rub -mausteseos - BBQ \u00c4ssad<\/title>\n<meta name=\"description\" content=\"Heath Riles Garlic Jalape\u00f1o Rub on BBQ-mausteseos, jossa on valkosipulia ja jalape\u00f1oa ja joka tuo mukavaa mausteisuutta. Sopii erinomaisesti kanan, sianlihan, naudanlihan ja hampurilaisten p\u00e4\u00e4lle.\" \/>\n<meta name=\"robots\" content=\"index, follow, max-snippet:-1, max-image-preview:large, max-video-preview:-1\" \/>\n<link rel=\"canonical\" href=\"https:\/\/bbqassad.ee\/fi\/toode\/heath-riles-garlic-jalapeno-rub-mausteseos\/\" \/>\n<meta property=\"og:locale\" content=\"fi_FI\" \/>\n<meta property=\"og:type\" content=\"article\" \/>\n<meta property=\"og:title\" content=\"Heath Riles Garlic Jalapeno Rub mausteseos\" \/>\n<meta property=\"og:description\" content=\"Heath Riles Garlic Jalape\u00f1o Rub - BBQ-mausteseos, jossa on valkosipulia ja jalape\u00f1oa ja joka tuo mukavaa mausteisuutta. Sopii erityisen hyvin kanalle, sianlihalle, naudanlihalle ja hampurilaisille.\" \/>\n<meta property=\"og:url\" content=\"https:\/\/bbqassad.ee\/fi\/toode\/heath-riles-garlic-jalapeno-rub-mausteseos\/\" \/>\n<meta property=\"og:site_name\" content=\"BBQ \u00c4ssad\" \/>\n<meta property=\"article:publisher\" content=\"https:\/\/www.facebook.com\/bbqassad\" \/>\n<meta property=\"article:modified_time\" content=\"2026-04-14T06:33:53+00:00\" \/>\n<meta property=\"og:image\" content=\"https:\/\/bbqassad.ee\/wp-content\/uploads\/2023\/03\/Heath-Riles-Garlic-Jalapeno-Rub-300x300.png\" \/>\n<meta name=\"twitter:card\" content=\"summary_large_image\" \/>\n<script type=\"application\/ld+json\" class=\"yoast-schema-graph\">{\"@context\":\"https:\\\/\\\/schema.org\",\"@graph\":[{\"@type\":\"WebPage\",\"@id\":\"https:\\\/\\\/bbqassad.ee\\\/fi\\\/toode\\\/heath-riles-garlic-jalapeno-rub-mausteseos\\\/\",\"url\":\"https:\\\/\\\/bbqassad.ee\\\/fi\\\/toode\\\/heath-riles-garlic-jalapeno-rub-mausteseos\\\/\",\"name\":\"Heath Riles Garlic Jalapeno Rub -mausteseos - BBQ \u00c4ssad\",\"isPartOf\":{\"@id\":\"https:\\\/\\\/bbqassad.ee\\\/fi\\\/#website\"},\"primaryImageOfPage\":{\"@id\":\"https:\\\/\\\/bbqassad.ee\\\/fi\\\/toode\\\/heath-riles-garlic-jalapeno-rub-mausteseos\\\/#primaryimage\"},\"image\":{\"@id\":\"https:\\\/\\\/bbqassad.ee\\\/fi\\\/toode\\\/heath-riles-garlic-jalapeno-rub-mausteseos\\\/#primaryimage\"},\"thumbnailUrl\":\"https:\\\/\\\/bbqassad.ee\\\/wp-content\\\/uploads\\\/2023\\\/03\\\/Heath-Riles-Garlic-Jalapeno-Rub.png\",\"datePublished\":\"2023-03-27T06:53:18+00:00\",\"dateModified\":\"2026-04-14T06:33:53+00:00\",\"description\":\"Heath Riles Garlic Jalape\u00f1o Rub on BBQ-mausteseos, jossa on valkosipulia ja jalape\u00f1oa ja joka tuo mukavaa mausteisuutta. Sopii erinomaisesti kanan, sianlihan, naudanlihan ja hampurilaisten p\u00e4\u00e4lle.\",\"breadcrumb\":{\"@id\":\"https:\\\/\\\/bbqassad.ee\\\/fi\\\/toode\\\/heath-riles-garlic-jalapeno-rub-mausteseos\\\/#breadcrumb\"},\"inLanguage\":\"fi\",\"potentialAction\":[{\"@type\":\"ReadAction\",\"target\":[\"https:\\\/\\\/bbqassad.ee\\\/fi\\\/toode\\\/heath-riles-garlic-jalapeno-rub-mausteseos\\\/\"]}]},{\"@type\":\"ImageObject\",\"inLanguage\":\"fi\",\"@id\":\"https:\\\/\\\/bbqassad.ee\\\/fi\\\/toode\\\/heath-riles-garlic-jalapeno-rub-mausteseos\\\/#primaryimage\",\"url\":\"https:\\\/\\\/bbqassad.ee\\\/wp-content\\\/uploads\\\/2023\\\/03\\\/Heath-Riles-Garlic-Jalapeno-Rub.png\",\"contentUrl\":\"https:\\\/\\\/bbqassad.ee\\\/wp-content\\\/uploads\\\/2023\\\/03\\\/Heath-Riles-Garlic-Jalapeno-Rub.png\",\"width\":800,\"height\":800,\"caption\":\"Maitseainesegu Heath Riles Garlic Jalapeno Rub\"},{\"@type\":\"BreadcrumbList\",\"@id\":\"https:\\\/\\\/bbqassad.ee\\\/fi\\\/toode\\\/heath-riles-garlic-jalapeno-rub-mausteseos\\\/#breadcrumb\",\"itemListElement\":[{\"@type\":\"ListItem\",\"position\":1,\"name\":\"Home\",\"item\":\"https:\\\/\\\/bbqassad.ee\\\/fi\\\/bbq-assat\\\/\"},{\"@type\":\"ListItem\",\"position\":2,\"name\":\"Verkkokauppa\",\"item\":\"https:\\\/\\\/bbqassad.ee\\\/fi\\\/verkkokauppa\\\/\"},{\"@type\":\"ListItem\",\"position\":3,\"name\":\"Heath Riles Garlic Jalapeno Rub -mausteseos\"}]},{\"@type\":\"WebSite\",\"@id\":\"https:\\\/\\\/bbqassad.ee\\\/fi\\\/#website\",\"url\":\"https:\\\/\\\/bbqassad.ee\\\/fi\\\/\",\"name\":\"BBQ \u00c4ssad\",\"description\":\"BBQ maitseained, kastmed, ahjud\",\"publisher\":{\"@id\":\"https:\\\/\\\/bbqassad.ee\\\/fi\\\/#organization\"},\"potentialAction\":[{\"@type\":\"SearchAction\",\"target\":{\"@type\":\"EntryPoint\",\"urlTemplate\":\"https:\\\/\\\/bbqassad.ee\\\/fi\\\/?s={search_term_string}\"},\"query-input\":{\"@type\":\"PropertyValueSpecification\",\"valueRequired\":true,\"valueName\":\"search_term_string\"}}],\"inLanguage\":\"fi\"},{\"@type\":\"Organization\",\"@id\":\"https:\\\/\\\/bbqassad.ee\\\/fi\\\/#organization\",\"name\":\"BBQ \u00c4ssad\",\"url\":\"https:\\\/\\\/bbqassad.ee\\\/fi\\\/\",\"logo\":{\"@type\":\"ImageObject\",\"inLanguage\":\"fi\",\"@id\":\"https:\\\/\\\/bbqassad.ee\\\/fi\\\/#\\\/schema\\\/logo\\\/image\\\/\",\"url\":\"https:\\\/\\\/bbqassad.ee\\\/wp-content\\\/uploads\\\/2022\\\/10\\\/BBQ-2ssadlogo.png\",\"contentUrl\":\"https:\\\/\\\/bbqassad.ee\\\/wp-content\\\/uploads\\\/2022\\\/10\\\/BBQ-2ssadlogo.png\",\"width\":1080,\"height\":1080,\"caption\":\"BBQ \u00c4ssad\"},\"image\":{\"@id\":\"https:\\\/\\\/bbqassad.ee\\\/fi\\\/#\\\/schema\\\/logo\\\/image\\\/\"},\"sameAs\":[\"https:\\\/\\\/www.facebook.com\\\/bbqassad\",\"https:\\\/\\\/www.youtube.com\\\/channel\\\/UCsoufn49J6TVi9Ah9meE93w\"]}]}<\/script>\n<!-- \/ Yoast SEO plugin. -->","yoast_head_json":{"title":"Heath Riles Garlic Jalapeno Rub -mausteseos - BBQ \u00c4ssad","description":"Heath Riles Garlic Jalape\u00f1o Rub on BBQ-mausteseos, jossa on valkosipulia ja jalape\u00f1oa ja joka tuo mukavaa mausteisuutta. Sopii erinomaisesti kanan, sianlihan, naudanlihan ja hampurilaisten p\u00e4\u00e4lle.","robots":{"index":"index","follow":"follow","max-snippet":"max-snippet:-1","max-image-preview":"max-image-preview:large","max-video-preview":"max-video-preview:-1"},"canonical":"https:\/\/bbqassad.ee\/fi\/toode\/heath-riles-garlic-jalapeno-rub-mausteseos\/","og_locale":"fi_FI","og_type":"article","og_title":"Heath Riles Garlic Jalapeno Rub mausteseos","og_description":"Heath Riles Garlic Jalape\u00f1o Rub - BBQ-mausteseos, jossa on valkosipulia ja jalape\u00f1oa ja joka tuo mukavaa mausteisuutta. Sopii erityisen hyvin kanalle, sianlihalle, naudanlihalle ja hampurilaisille.","og_url":"https:\/\/bbqassad.ee\/fi\/toode\/heath-riles-garlic-jalapeno-rub-mausteseos\/","og_site_name":"BBQ \u00c4ssad","article_publisher":"https:\/\/www.facebook.com\/bbqassad","article_modified_time":"2026-04-14T06:33:53+00:00","og_image":[{"url":"https:\/\/bbqassad.ee\/wp-content\/uploads\/2023\/03\/Heath-Riles-Garlic-Jalapeno-Rub-300x300.png","type":"","width":"","height":""}],"twitter_card":"summary_large_image","schema":{"@context":"https:\/\/schema.org","@graph":[{"@type":"WebPage","@id":"https:\/\/bbqassad.ee\/fi\/toode\/heath-riles-garlic-jalapeno-rub-mausteseos\/","url":"https:\/\/bbqassad.ee\/fi\/toode\/heath-riles-garlic-jalapeno-rub-mausteseos\/","name":"Heath Riles Garlic Jalapeno Rub -mausteseos - BBQ \u00c4ssad","isPartOf":{"@id":"https:\/\/bbqassad.ee\/fi\/#website"},"primaryImageOfPage":{"@id":"https:\/\/bbqassad.ee\/fi\/toode\/heath-riles-garlic-jalapeno-rub-mausteseos\/#primaryimage"},"image":{"@id":"https:\/\/bbqassad.ee\/fi\/toode\/heath-riles-garlic-jalapeno-rub-mausteseos\/#primaryimage"},"thumbnailUrl":"https:\/\/bbqassad.ee\/wp-content\/uploads\/2023\/03\/Heath-Riles-Garlic-Jalapeno-Rub.png","datePublished":"2023-03-27T06:53:18+00:00","dateModified":"2026-04-14T06:33:53+00:00","description":"Heath Riles Garlic Jalape\u00f1o Rub on BBQ-mausteseos, jossa on valkosipulia ja jalape\u00f1oa ja joka tuo mukavaa mausteisuutta. Sopii erinomaisesti kanan, sianlihan, naudanlihan ja hampurilaisten p\u00e4\u00e4lle.","breadcrumb":{"@id":"https:\/\/bbqassad.ee\/fi\/toode\/heath-riles-garlic-jalapeno-rub-mausteseos\/#breadcrumb"},"inLanguage":"fi","potentialAction":[{"@type":"ReadAction","target":["https:\/\/bbqassad.ee\/fi\/toode\/heath-riles-garlic-jalapeno-rub-mausteseos\/"]}]},{"@type":"ImageObject","inLanguage":"fi","@id":"https:\/\/bbqassad.ee\/fi\/toode\/heath-riles-garlic-jalapeno-rub-mausteseos\/#primaryimage","url":"https:\/\/bbqassad.ee\/wp-content\/uploads\/2023\/03\/Heath-Riles-Garlic-Jalapeno-Rub.png","contentUrl":"https:\/\/bbqassad.ee\/wp-content\/uploads\/2023\/03\/Heath-Riles-Garlic-Jalapeno-Rub.png","width":800,"height":800,"caption":"Maitseainesegu Heath Riles Garlic Jalapeno Rub"},{"@type":"BreadcrumbList","@id":"https:\/\/bbqassad.ee\/fi\/toode\/heath-riles-garlic-jalapeno-rub-mausteseos\/#breadcrumb","itemListElement":[{"@type":"ListItem","position":1,"name":"Home","item":"https:\/\/bbqassad.ee\/fi\/bbq-assat\/"},{"@type":"ListItem","position":2,"name":"Verkkokauppa","item":"https:\/\/bbqassad.ee\/fi\/verkkokauppa\/"},{"@type":"ListItem","position":3,"name":"Heath Riles Garlic Jalapeno Rub -mausteseos"}]},{"@type":"WebSite","@id":"https:\/\/bbqassad.ee\/fi\/#website","url":"https:\/\/bbqassad.ee\/fi\/","name":"BBQ \u00c4ssad","description":"BBQ maitseained, kastmed, ahjud","publisher":{"@id":"https:\/\/bbqassad.ee\/fi\/#organization"},"potentialAction":[{"@type":"SearchAction","target":{"@type":"EntryPoint","urlTemplate":"https:\/\/bbqassad.ee\/fi\/?s={search_term_string}"},"query-input":{"@type":"PropertyValueSpecification","valueRequired":true,"valueName":"search_term_string"}}],"inLanguage":"fi"},{"@type":"Organization","@id":"https:\/\/bbqassad.ee\/fi\/#organization","name":"BBQ \u00c4ssad","url":"https:\/\/bbqassad.ee\/fi\/","logo":{"@type":"ImageObject","inLanguage":"fi","@id":"https:\/\/bbqassad.ee\/fi\/#\/schema\/logo\/image\/","url":"https:\/\/bbqassad.ee\/wp-content\/uploads\/2022\/10\/BBQ-2ssadlogo.png","contentUrl":"https:\/\/bbqassad.ee\/wp-content\/uploads\/2022\/10\/BBQ-2ssadlogo.png","width":1080,"height":1080,"caption":"BBQ \u00c4ssad"},"image":{"@id":"https:\/\/bbqassad.ee\/fi\/#\/schema\/logo\/image\/"},"sameAs":["https:\/\/www.facebook.com\/bbqassad","https:\/\/www.youtube.com\/channel\/UCsoufn49J6TVi9Ah9meE93w"]}]}},"_links":{"self":[{"href":"https:\/\/bbqassad.ee\/fi\/wp-json\/wp\/v2\/product\/23402","targetHints":{"allow":["GET"]}}],"collection":[{"href":"https:\/\/bbqassad.ee\/fi\/wp-json\/wp\/v2\/product"}],"about":[{"href":"https:\/\/bbqassad.ee\/fi\/wp-json\/wp\/v2\/types\/product"}],"replies":[{"embeddable":true,"href":"https:\/\/bbqassad.ee\/fi\/wp-json\/wp\/v2\/comments?post=23402"}],"wp:featuredmedia":[{"embeddable":true,"href":"https:\/\/bbqassad.ee\/fi\/wp-json\/wp\/v2\/media\/23403"}],"wp:attachment":[{"href":"https:\/\/bbqassad.ee\/fi\/wp-json\/wp\/v2\/media?parent=23402"}],"wp:term":[{"taxonomy":"product_brand","embeddable":true,"href":"https:\/\/bbqassad.ee\/fi\/wp-json\/wp\/v2\/product_brand?post=23402"},{"taxonomy":"product_cat","embeddable":true,"href":"https:\/\/bbqassad.ee\/fi\/wp-json\/wp\/v2\/product_cat?post=23402"},{"taxonomy":"product_tag","embeddable":true,"href":"https:\/\/bbqassad.ee\/fi\/wp-json\/wp\/v2\/product_tag?post=23402"}],"curies":[{"name":"wp","href":"https:\/\/api.w.org\/{rel}","templated":true}]}}