{"id":23401,"date":"2023-03-27T06:58:31","date_gmt":"2023-03-27T06:58:31","guid":{"rendered":"https:\/\/bbqassad.ee\/toode\/mausteseos-heath-riles-competition-bbq-rub-mausteseos\/"},"modified":"2026-04-14T06:33:53","modified_gmt":"2026-04-14T06:33:53","slug":"mausteseos-heath-riles-competition-bbq-rub-mausteseos","status":"publish","type":"product","link":"https:\/\/bbqassad.ee\/fi\/toode\/mausteseos-heath-riles-competition-bbq-rub-mausteseos\/","title":{"rendered":"Heath Riles Competition BBQ Rub -mausteseos"},"content":{"rendered":"<h2>Mausteseos Heath Riles Competition BBQ Rub -mausteseos<\/h2>\n<p>Heath Riles on mies, joka on voittanut lukemattomia titteleit\u00e4 maailmanmestaruusluokassa. Viime vuosina h\u00e4n on pysynyt haastamattomana. H\u00e4n tekee sen aina omilla mausteillaan ja kastikkeillaan, ja viime vuonna ennen kilpailua h\u00e4n kehitti juuri t\u00e4m\u00e4n rubin ja&#8230;. voitti j\u00e4lleen sen avulla. Se ei ole aivan tavanomainen tai yleisesti temal makea rub, vaan siin\u00e4 on my\u00f6s vahva m\u00e4\u00e4r\u00e4 suolaa maun lis\u00e4\u00e4miseksi ja pekaanip\u00e4hkin\u00e4mauste on jo valmiiksi mukana.    <\/p>\n<h3>BBQ Aces kommentti<\/h3>\n<p>Kilpailumauste, jossa on hyv\u00e4 suolapitoisuus. Mielenkiintoisesti huomasimme, ett\u00e4 siin\u00e4 on my\u00f6s pekaanip\u00e4hkin\u00e4n makua, mutta mausteisuus on j\u00e4tetty erikseen. <\/p>\n<h3>Ammattilaisen vinkki<\/h3>\n<p>Se on hyv\u00e4 mauste kaikenlaiselle sianlihalle.<\/p>\n","protected":false},"excerpt":{"rendered":"<p>Valmistaja: Heath Riles<br \/>\nPaino: 289,16g<br \/>\nAinesosat: Sokeria; suolaa; paprikaa; ruskeaa sokeria; mausteita; rakeistettua hunajaa; valkosipulijauhetta;<br \/>\nkuivattua valkosipulia ja sipulia; natriumglutamaattia; puhdistettua soija\u00f6ljy\u00e4; paprika\u00f6ljyuutetta; luonnollinen<br \/>\npekaanip\u00e4hkin\u00e4aromi (propyleeniglykoli, vesi, etyylialkoholi); savuaromi; luonnolliset<br \/>\nmausteet; luonnollinen hiiliaromi (rypsi\u00f6ljy); alle 2 % piidioksidia paakkuuntumisen est\u00e4miseksi.<\/p>\n","protected":false},"featured_media":23412,"comment_status":"open","ping_status":"closed","template":"","meta":[],"product_brand":[211],"product_cat":[802],"product_tag":[],"class_list":{"0":"post-23401","1":"product","2":"type-product","3":"status-publish","4":"has-post-thumbnail","6":"product_brand-heath-riles","7":"product_cat-sekoitukset","9":"first","10":"outofstock","11":"taxable","12":"shipping-taxable","13":"purchasable","14":"product-type-simple"},"yoast_head":"<!-- This site is optimized with the Yoast SEO plugin v27.4 - https:\/\/yoast.com\/product\/yoast-seo-wordpress\/ -->\n<title>Mausteseos Heath Riles BBQ Rub - BBQ \u00c4ssad%<\/title>\n<meta name=\"description\" content=\"Heath Riles Competition BBQ Rub on mausteseos, joka sis\u00e4lt\u00e4\u00e4 sokeria, suolaa, paprikaa ja mausteita. Se painaa 289,16 g ja sopii erinomaisesti grillaukseen ja maustamiseen.\" \/>\n<meta name=\"robots\" content=\"index, follow, max-snippet:-1, max-image-preview:large, max-video-preview:-1\" \/>\n<link rel=\"canonical\" href=\"https:\/\/bbqassad.ee\/fi\/toode\/mausteseos-heath-riles-competition-bbq-rub-mausteseos\/\" \/>\n<meta property=\"og:locale\" content=\"fi_FI\" \/>\n<meta property=\"og:type\" content=\"article\" \/>\n<meta property=\"og:title\" content=\"Mausteseos Heath Riles BBQ Rub - BBQ \u00c4ssad%\" \/>\n<meta property=\"og:description\" content=\"Heath Riles Competition BBQ Rub on mausteseos, joka sis\u00e4lt\u00e4\u00e4 sokeria, suolaa, paprikaa ja mausteita. Se painaa 289,16 g ja sopii erinomaisesti grillaukseen ja maustamiseen.\" \/>\n<meta property=\"og:url\" content=\"https:\/\/bbqassad.ee\/fi\/toode\/mausteseos-heath-riles-competition-bbq-rub-mausteseos\/\" \/>\n<meta property=\"og:site_name\" content=\"BBQ \u00c4ssad\" \/>\n<meta property=\"article:publisher\" content=\"https:\/\/www.facebook.com\/bbqassad\" \/>\n<meta property=\"article:modified_time\" content=\"2026-04-14T06:33:53+00:00\" \/>\n<meta property=\"og:image\" content=\"https:\/\/bbqassad.ee\/wp-content\/uploads\/2023\/03\/Heath-Riles-Competition-Rub.png\" \/>\n<meta name=\"twitter:card\" content=\"summary_large_image\" \/>\n<meta name=\"twitter:title\" content=\"Mausteseos Heath Riles BBQ Rub - BBQ \u00c4ssad%\" \/>\n<meta name=\"twitter:description\" content=\"Heath Riles Competition BBQ Rub on mausteseos, joka sis\u00e4lt\u00e4\u00e4 sokeria, suolaa, paprikaa ja mausteita. Se painaa 289,16 g ja sopii erinomaisesti grillaukseen ja maustamiseen.\" \/>\n<meta name=\"twitter:image\" content=\"https:\/\/bbqassad.ee\/wp-content\/uploads\/2023\/03\/Heath-Riles-Competition-Rub.png\" \/>\n<meta name=\"twitter:label1\" content=\"Arvioitu lukuaika\" \/>\n\t<meta name=\"twitter:data1\" content=\"1 minuutti\" \/>\n<script type=\"application\/ld+json\" class=\"yoast-schema-graph\">{\"@context\":\"https:\\\/\\\/schema.org\",\"@graph\":[{\"@type\":\"WebPage\",\"@id\":\"https:\\\/\\\/bbqassad.ee\\\/fi\\\/toode\\\/mausteseos-heath-riles-competition-bbq-rub-mausteseos\\\/\",\"url\":\"https:\\\/\\\/bbqassad.ee\\\/fi\\\/toode\\\/mausteseos-heath-riles-competition-bbq-rub-mausteseos\\\/\",\"name\":\"Mausteseos Heath Riles BBQ Rub - BBQ \u00c4ssad%\",\"isPartOf\":{\"@id\":\"https:\\\/\\\/bbqassad.ee\\\/fi\\\/#website\"},\"primaryImageOfPage\":{\"@id\":\"https:\\\/\\\/bbqassad.ee\\\/fi\\\/toode\\\/mausteseos-heath-riles-competition-bbq-rub-mausteseos\\\/#primaryimage\"},\"image\":{\"@id\":\"https:\\\/\\\/bbqassad.ee\\\/fi\\\/toode\\\/mausteseos-heath-riles-competition-bbq-rub-mausteseos\\\/#primaryimage\"},\"thumbnailUrl\":\"https:\\\/\\\/bbqassad.ee\\\/wp-content\\\/uploads\\\/2023\\\/03\\\/Heath-Riles-Competition-Rub.png\",\"datePublished\":\"2023-03-27T06:58:31+00:00\",\"dateModified\":\"2026-04-14T06:33:53+00:00\",\"description\":\"Heath Riles Competition BBQ Rub on mausteseos, joka sis\u00e4lt\u00e4\u00e4 sokeria, suolaa, paprikaa ja mausteita. Se painaa 289,16 g ja sopii erinomaisesti grillaukseen ja maustamiseen.\",\"breadcrumb\":{\"@id\":\"https:\\\/\\\/bbqassad.ee\\\/fi\\\/toode\\\/mausteseos-heath-riles-competition-bbq-rub-mausteseos\\\/#breadcrumb\"},\"inLanguage\":\"fi\",\"potentialAction\":[{\"@type\":\"ReadAction\",\"target\":[\"https:\\\/\\\/bbqassad.ee\\\/fi\\\/toode\\\/mausteseos-heath-riles-competition-bbq-rub-mausteseos\\\/\"]}]},{\"@type\":\"ImageObject\",\"inLanguage\":\"fi\",\"@id\":\"https:\\\/\\\/bbqassad.ee\\\/fi\\\/toode\\\/mausteseos-heath-riles-competition-bbq-rub-mausteseos\\\/#primaryimage\",\"url\":\"https:\\\/\\\/bbqassad.ee\\\/wp-content\\\/uploads\\\/2023\\\/03\\\/Heath-Riles-Competition-Rub.png\",\"contentUrl\":\"https:\\\/\\\/bbqassad.ee\\\/wp-content\\\/uploads\\\/2023\\\/03\\\/Heath-Riles-Competition-Rub.png\",\"width\":800,\"height\":800},{\"@type\":\"BreadcrumbList\",\"@id\":\"https:\\\/\\\/bbqassad.ee\\\/fi\\\/toode\\\/mausteseos-heath-riles-competition-bbq-rub-mausteseos\\\/#breadcrumb\",\"itemListElement\":[{\"@type\":\"ListItem\",\"position\":1,\"name\":\"Home\",\"item\":\"https:\\\/\\\/bbqassad.ee\\\/fi\\\/bbq-assat\\\/\"},{\"@type\":\"ListItem\",\"position\":2,\"name\":\"Verkkokauppa\",\"item\":\"https:\\\/\\\/bbqassad.ee\\\/fi\\\/verkkokauppa\\\/\"},{\"@type\":\"ListItem\",\"position\":3,\"name\":\"Heath Riles Competition BBQ Rub -mausteseos\"}]},{\"@type\":\"WebSite\",\"@id\":\"https:\\\/\\\/bbqassad.ee\\\/fi\\\/#website\",\"url\":\"https:\\\/\\\/bbqassad.ee\\\/fi\\\/\",\"name\":\"BBQ \u00c4ssad\",\"description\":\"BBQ maitseained, kastmed, ahjud\",\"publisher\":{\"@id\":\"https:\\\/\\\/bbqassad.ee\\\/fi\\\/#organization\"},\"potentialAction\":[{\"@type\":\"SearchAction\",\"target\":{\"@type\":\"EntryPoint\",\"urlTemplate\":\"https:\\\/\\\/bbqassad.ee\\\/fi\\\/?s={search_term_string}\"},\"query-input\":{\"@type\":\"PropertyValueSpecification\",\"valueRequired\":true,\"valueName\":\"search_term_string\"}}],\"inLanguage\":\"fi\"},{\"@type\":\"Organization\",\"@id\":\"https:\\\/\\\/bbqassad.ee\\\/fi\\\/#organization\",\"name\":\"BBQ \u00c4ssad\",\"url\":\"https:\\\/\\\/bbqassad.ee\\\/fi\\\/\",\"logo\":{\"@type\":\"ImageObject\",\"inLanguage\":\"fi\",\"@id\":\"https:\\\/\\\/bbqassad.ee\\\/fi\\\/#\\\/schema\\\/logo\\\/image\\\/\",\"url\":\"https:\\\/\\\/bbqassad.ee\\\/wp-content\\\/uploads\\\/2022\\\/10\\\/BBQ-2ssadlogo.png\",\"contentUrl\":\"https:\\\/\\\/bbqassad.ee\\\/wp-content\\\/uploads\\\/2022\\\/10\\\/BBQ-2ssadlogo.png\",\"width\":1080,\"height\":1080,\"caption\":\"BBQ \u00c4ssad\"},\"image\":{\"@id\":\"https:\\\/\\\/bbqassad.ee\\\/fi\\\/#\\\/schema\\\/logo\\\/image\\\/\"},\"sameAs\":[\"https:\\\/\\\/www.facebook.com\\\/bbqassad\",\"https:\\\/\\\/www.youtube.com\\\/channel\\\/UCsoufn49J6TVi9Ah9meE93w\"]}]}<\/script>\n<!-- \/ Yoast SEO plugin. -->","yoast_head_json":{"title":"Mausteseos Heath Riles BBQ Rub - BBQ \u00c4ssad%","description":"Heath Riles Competition BBQ Rub on mausteseos, joka sis\u00e4lt\u00e4\u00e4 sokeria, suolaa, paprikaa ja mausteita. Se painaa 289,16 g ja sopii erinomaisesti grillaukseen ja maustamiseen.","robots":{"index":"index","follow":"follow","max-snippet":"max-snippet:-1","max-image-preview":"max-image-preview:large","max-video-preview":"max-video-preview:-1"},"canonical":"https:\/\/bbqassad.ee\/fi\/toode\/mausteseos-heath-riles-competition-bbq-rub-mausteseos\/","og_locale":"fi_FI","og_type":"article","og_title":"Mausteseos Heath Riles BBQ Rub - BBQ \u00c4ssad%","og_description":"Heath Riles Competition BBQ Rub on mausteseos, joka sis\u00e4lt\u00e4\u00e4 sokeria, suolaa, paprikaa ja mausteita. Se painaa 289,16 g ja sopii erinomaisesti grillaukseen ja maustamiseen.","og_url":"https:\/\/bbqassad.ee\/fi\/toode\/mausteseos-heath-riles-competition-bbq-rub-mausteseos\/","og_site_name":"BBQ \u00c4ssad","article_publisher":"https:\/\/www.facebook.com\/bbqassad","article_modified_time":"2026-04-14T06:33:53+00:00","og_image":[{"url":"https:\/\/bbqassad.ee\/wp-content\/uploads\/2023\/03\/Heath-Riles-Competition-Rub.png","type":"","width":"","height":""}],"twitter_card":"summary_large_image","twitter_title":"Mausteseos Heath Riles BBQ Rub - BBQ \u00c4ssad%","twitter_description":"Heath Riles Competition BBQ Rub on mausteseos, joka sis\u00e4lt\u00e4\u00e4 sokeria, suolaa, paprikaa ja mausteita. Se painaa 289,16 g ja sopii erinomaisesti grillaukseen ja maustamiseen.","twitter_image":"https:\/\/bbqassad.ee\/wp-content\/uploads\/2023\/03\/Heath-Riles-Competition-Rub.png","twitter_misc":{"Arvioitu lukuaika":"1 minuutti"},"schema":{"@context":"https:\/\/schema.org","@graph":[{"@type":"WebPage","@id":"https:\/\/bbqassad.ee\/fi\/toode\/mausteseos-heath-riles-competition-bbq-rub-mausteseos\/","url":"https:\/\/bbqassad.ee\/fi\/toode\/mausteseos-heath-riles-competition-bbq-rub-mausteseos\/","name":"Mausteseos Heath Riles BBQ Rub - BBQ \u00c4ssad%","isPartOf":{"@id":"https:\/\/bbqassad.ee\/fi\/#website"},"primaryImageOfPage":{"@id":"https:\/\/bbqassad.ee\/fi\/toode\/mausteseos-heath-riles-competition-bbq-rub-mausteseos\/#primaryimage"},"image":{"@id":"https:\/\/bbqassad.ee\/fi\/toode\/mausteseos-heath-riles-competition-bbq-rub-mausteseos\/#primaryimage"},"thumbnailUrl":"https:\/\/bbqassad.ee\/wp-content\/uploads\/2023\/03\/Heath-Riles-Competition-Rub.png","datePublished":"2023-03-27T06:58:31+00:00","dateModified":"2026-04-14T06:33:53+00:00","description":"Heath Riles Competition BBQ Rub on mausteseos, joka sis\u00e4lt\u00e4\u00e4 sokeria, suolaa, paprikaa ja mausteita. Se painaa 289,16 g ja sopii erinomaisesti grillaukseen ja maustamiseen.","breadcrumb":{"@id":"https:\/\/bbqassad.ee\/fi\/toode\/mausteseos-heath-riles-competition-bbq-rub-mausteseos\/#breadcrumb"},"inLanguage":"fi","potentialAction":[{"@type":"ReadAction","target":["https:\/\/bbqassad.ee\/fi\/toode\/mausteseos-heath-riles-competition-bbq-rub-mausteseos\/"]}]},{"@type":"ImageObject","inLanguage":"fi","@id":"https:\/\/bbqassad.ee\/fi\/toode\/mausteseos-heath-riles-competition-bbq-rub-mausteseos\/#primaryimage","url":"https:\/\/bbqassad.ee\/wp-content\/uploads\/2023\/03\/Heath-Riles-Competition-Rub.png","contentUrl":"https:\/\/bbqassad.ee\/wp-content\/uploads\/2023\/03\/Heath-Riles-Competition-Rub.png","width":800,"height":800},{"@type":"BreadcrumbList","@id":"https:\/\/bbqassad.ee\/fi\/toode\/mausteseos-heath-riles-competition-bbq-rub-mausteseos\/#breadcrumb","itemListElement":[{"@type":"ListItem","position":1,"name":"Home","item":"https:\/\/bbqassad.ee\/fi\/bbq-assat\/"},{"@type":"ListItem","position":2,"name":"Verkkokauppa","item":"https:\/\/bbqassad.ee\/fi\/verkkokauppa\/"},{"@type":"ListItem","position":3,"name":"Heath Riles Competition BBQ Rub -mausteseos"}]},{"@type":"WebSite","@id":"https:\/\/bbqassad.ee\/fi\/#website","url":"https:\/\/bbqassad.ee\/fi\/","name":"BBQ \u00c4ssad","description":"BBQ maitseained, kastmed, ahjud","publisher":{"@id":"https:\/\/bbqassad.ee\/fi\/#organization"},"potentialAction":[{"@type":"SearchAction","target":{"@type":"EntryPoint","urlTemplate":"https:\/\/bbqassad.ee\/fi\/?s={search_term_string}"},"query-input":{"@type":"PropertyValueSpecification","valueRequired":true,"valueName":"search_term_string"}}],"inLanguage":"fi"},{"@type":"Organization","@id":"https:\/\/bbqassad.ee\/fi\/#organization","name":"BBQ \u00c4ssad","url":"https:\/\/bbqassad.ee\/fi\/","logo":{"@type":"ImageObject","inLanguage":"fi","@id":"https:\/\/bbqassad.ee\/fi\/#\/schema\/logo\/image\/","url":"https:\/\/bbqassad.ee\/wp-content\/uploads\/2022\/10\/BBQ-2ssadlogo.png","contentUrl":"https:\/\/bbqassad.ee\/wp-content\/uploads\/2022\/10\/BBQ-2ssadlogo.png","width":1080,"height":1080,"caption":"BBQ \u00c4ssad"},"image":{"@id":"https:\/\/bbqassad.ee\/fi\/#\/schema\/logo\/image\/"},"sameAs":["https:\/\/www.facebook.com\/bbqassad","https:\/\/www.youtube.com\/channel\/UCsoufn49J6TVi9Ah9meE93w"]}]}},"_links":{"self":[{"href":"https:\/\/bbqassad.ee\/fi\/wp-json\/wp\/v2\/product\/23401","targetHints":{"allow":["GET"]}}],"collection":[{"href":"https:\/\/bbqassad.ee\/fi\/wp-json\/wp\/v2\/product"}],"about":[{"href":"https:\/\/bbqassad.ee\/fi\/wp-json\/wp\/v2\/types\/product"}],"replies":[{"embeddable":true,"href":"https:\/\/bbqassad.ee\/fi\/wp-json\/wp\/v2\/comments?post=23401"}],"wp:featuredmedia":[{"embeddable":true,"href":"https:\/\/bbqassad.ee\/fi\/wp-json\/wp\/v2\/media\/23412"}],"wp:attachment":[{"href":"https:\/\/bbqassad.ee\/fi\/wp-json\/wp\/v2\/media?parent=23401"}],"wp:term":[{"taxonomy":"product_brand","embeddable":true,"href":"https:\/\/bbqassad.ee\/fi\/wp-json\/wp\/v2\/product_brand?post=23401"},{"taxonomy":"product_cat","embeddable":true,"href":"https:\/\/bbqassad.ee\/fi\/wp-json\/wp\/v2\/product_cat?post=23401"},{"taxonomy":"product_tag","embeddable":true,"href":"https:\/\/bbqassad.ee\/fi\/wp-json\/wp\/v2\/product_tag?post=23401"}],"curies":[{"name":"wp","href":"https:\/\/api.w.org\/{rel}","templated":true}]}}