{"id":23399,"date":"2023-03-27T07:04:37","date_gmt":"2023-03-27T07:04:37","guid":{"rendered":"https:\/\/bbqassad.ee\/toode\/maustaminen-bad-ass-shit\/"},"modified":"2026-04-14T06:33:52","modified_gmt":"2026-04-14T06:33:52","slug":"maustaminen-bad-ass-shit","status":"publish","type":"product","link":"https:\/\/bbqassad.ee\/fi\/toode\/maustaminen-bad-ass-shit\/","title":{"rendered":"Bad Ass Shit -mausteseos"},"content":{"rendered":"<h2>Maustaminen Bad Ass Shit<\/h2>\n<p>Bad Ass Shit on gourmet-herkku, jonka pit\u00e4isi nostaa naudan- ja sianlihanvalmistuksesi uusiin korkeuksiin. <\/p>\n<h3>BBQ Aces kommentti<\/h3>\n<p>Se on aika raskasta tavaraa, joten \u00e4l\u00e4 liioittele.<\/p>\n<h3>Ammattilaisen vinkki<\/h3>\n<p>Valmistaja on pysynyt konservatiivisena &#8211; naudanlihaa ja sianlihaa, kokeile vapaasti muualla.<\/p>\n","protected":false},"excerpt":{"rendered":"<p>Tuottaja: Big Cock Ranch<br \/>\nPaino: 397g<br \/>\nAinesosat: Himalajan suola; pippuri; leivinjauhe. Saattaa sis\u00e4lt\u00e4\u00e4 pieni\u00e4 m\u00e4\u00e4ri\u00e4 vehn\u00e4jalosteita,<br \/>\nmaitotuotteita, kalaa, soijaa, p\u00e4hkin\u00f6it\u00e4, munia ja \u00e4yri\u00e4isi\u00e4. <\/p>\n<p><strong>Parasta ennen 25.10.2025<\/strong><\/p>\n","protected":false},"featured_media":23400,"comment_status":"open","ping_status":"closed","template":"","meta":[],"product_brand":[],"product_cat":[815],"product_tag":[],"class_list":{"0":"post-23399","1":"product","2":"type-product","3":"status-publish","4":"has-post-thumbnail","6":"product_cat-parasta-ennen-mennyt","8":"first","9":"instock","10":"taxable","11":"shipping-taxable","12":"purchasable","13":"product-type-simple"},"yoast_head":"<!-- This site is optimized with the Yoast SEO plugin v27.4 - https:\/\/yoast.com\/product\/yoast-seo-wordpress\/ -->\n<title>Bad Ass Shit -mausteseos - BBQ \u00c4ssad<\/title>\n<meta name=\"description\" content=\"Bad Ass Shit Seasoning - vahva ja universaali BBQ-mauste lihalle, kanalle ja vihanneksille. Sopii grillaukseen, savustukseen ja uunissa kypsent\u00e4miseen.\" \/>\n<meta name=\"robots\" content=\"index, follow, max-snippet:-1, max-image-preview:large, max-video-preview:-1\" \/>\n<link rel=\"canonical\" href=\"https:\/\/bbqassad.ee\/fi\/toode\/maustaminen-bad-ass-shit\/\" \/>\n<meta property=\"og:locale\" content=\"fi_FI\" \/>\n<meta property=\"og:type\" content=\"article\" \/>\n<meta property=\"og:title\" content=\"Maustaminen Bad Ass Shit\" \/>\n<meta property=\"og:description\" content=\"Bad Ass Shit Seasoning - vahva ja universaali BBQ-mauste lihalle, kanalle ja vihanneksille. Sopii grillaukseen, savustukseen ja uunissa kypsent\u00e4miseen, kun haluat rohkean maun.\" \/>\n<meta property=\"og:url\" content=\"https:\/\/bbqassad.ee\/fi\/toode\/maustaminen-bad-ass-shit\/\" \/>\n<meta property=\"og:site_name\" content=\"BBQ \u00c4ssad\" \/>\n<meta property=\"article:publisher\" content=\"https:\/\/www.facebook.com\/bbqassad\" \/>\n<meta property=\"article:modified_time\" content=\"2026-04-14T06:33:52+00:00\" \/>\n<meta property=\"og:image\" content=\"https:\/\/bbqassad.ee\/wp-content\/uploads\/2023\/03\/Bad-Ass-Shit-Rub-300x300.png\" \/>\n<meta name=\"twitter:card\" content=\"summary_large_image\" \/>\n<script type=\"application\/ld+json\" class=\"yoast-schema-graph\">{\"@context\":\"https:\\\/\\\/schema.org\",\"@graph\":[{\"@type\":\"WebPage\",\"@id\":\"https:\\\/\\\/bbqassad.ee\\\/fi\\\/toode\\\/maustaminen-bad-ass-shit\\\/\",\"url\":\"https:\\\/\\\/bbqassad.ee\\\/fi\\\/toode\\\/maustaminen-bad-ass-shit\\\/\",\"name\":\"Bad Ass Shit -mausteseos - BBQ \u00c4ssad\",\"isPartOf\":{\"@id\":\"https:\\\/\\\/bbqassad.ee\\\/fi\\\/#website\"},\"primaryImageOfPage\":{\"@id\":\"https:\\\/\\\/bbqassad.ee\\\/fi\\\/toode\\\/maustaminen-bad-ass-shit\\\/#primaryimage\"},\"image\":{\"@id\":\"https:\\\/\\\/bbqassad.ee\\\/fi\\\/toode\\\/maustaminen-bad-ass-shit\\\/#primaryimage\"},\"thumbnailUrl\":\"https:\\\/\\\/bbqassad.ee\\\/wp-content\\\/uploads\\\/2023\\\/03\\\/Bad-Ass-Shit-Rub.png\",\"datePublished\":\"2023-03-27T07:04:37+00:00\",\"dateModified\":\"2026-04-14T06:33:52+00:00\",\"description\":\"Bad Ass Shit Seasoning - vahva ja universaali BBQ-mauste lihalle, kanalle ja vihanneksille. Sopii grillaukseen, savustukseen ja uunissa kypsent\u00e4miseen.\",\"breadcrumb\":{\"@id\":\"https:\\\/\\\/bbqassad.ee\\\/fi\\\/toode\\\/maustaminen-bad-ass-shit\\\/#breadcrumb\"},\"inLanguage\":\"fi\",\"potentialAction\":[{\"@type\":\"ReadAction\",\"target\":[\"https:\\\/\\\/bbqassad.ee\\\/fi\\\/toode\\\/maustaminen-bad-ass-shit\\\/\"]}]},{\"@type\":\"ImageObject\",\"inLanguage\":\"fi\",\"@id\":\"https:\\\/\\\/bbqassad.ee\\\/fi\\\/toode\\\/maustaminen-bad-ass-shit\\\/#primaryimage\",\"url\":\"https:\\\/\\\/bbqassad.ee\\\/wp-content\\\/uploads\\\/2023\\\/03\\\/Bad-Ass-Shit-Rub.png\",\"contentUrl\":\"https:\\\/\\\/bbqassad.ee\\\/wp-content\\\/uploads\\\/2023\\\/03\\\/Bad-Ass-Shit-Rub.png\",\"width\":800,\"height\":800,\"caption\":\"Maitseainesegu Bad Ass Shit\"},{\"@type\":\"BreadcrumbList\",\"@id\":\"https:\\\/\\\/bbqassad.ee\\\/fi\\\/toode\\\/maustaminen-bad-ass-shit\\\/#breadcrumb\",\"itemListElement\":[{\"@type\":\"ListItem\",\"position\":1,\"name\":\"Home\",\"item\":\"https:\\\/\\\/bbqassad.ee\\\/fi\\\/bbq-assat\\\/\"},{\"@type\":\"ListItem\",\"position\":2,\"name\":\"Verkkokauppa\",\"item\":\"https:\\\/\\\/bbqassad.ee\\\/fi\\\/verkkokauppa\\\/\"},{\"@type\":\"ListItem\",\"position\":3,\"name\":\"Bad Ass Shit -mausteseos\"}]},{\"@type\":\"WebSite\",\"@id\":\"https:\\\/\\\/bbqassad.ee\\\/fi\\\/#website\",\"url\":\"https:\\\/\\\/bbqassad.ee\\\/fi\\\/\",\"name\":\"BBQ \u00c4ssad\",\"description\":\"BBQ maitseained, kastmed, ahjud\",\"publisher\":{\"@id\":\"https:\\\/\\\/bbqassad.ee\\\/fi\\\/#organization\"},\"potentialAction\":[{\"@type\":\"SearchAction\",\"target\":{\"@type\":\"EntryPoint\",\"urlTemplate\":\"https:\\\/\\\/bbqassad.ee\\\/fi\\\/?s={search_term_string}\"},\"query-input\":{\"@type\":\"PropertyValueSpecification\",\"valueRequired\":true,\"valueName\":\"search_term_string\"}}],\"inLanguage\":\"fi\"},{\"@type\":\"Organization\",\"@id\":\"https:\\\/\\\/bbqassad.ee\\\/fi\\\/#organization\",\"name\":\"BBQ \u00c4ssad\",\"url\":\"https:\\\/\\\/bbqassad.ee\\\/fi\\\/\",\"logo\":{\"@type\":\"ImageObject\",\"inLanguage\":\"fi\",\"@id\":\"https:\\\/\\\/bbqassad.ee\\\/fi\\\/#\\\/schema\\\/logo\\\/image\\\/\",\"url\":\"https:\\\/\\\/bbqassad.ee\\\/wp-content\\\/uploads\\\/2022\\\/10\\\/BBQ-2ssadlogo.png\",\"contentUrl\":\"https:\\\/\\\/bbqassad.ee\\\/wp-content\\\/uploads\\\/2022\\\/10\\\/BBQ-2ssadlogo.png\",\"width\":1080,\"height\":1080,\"caption\":\"BBQ \u00c4ssad\"},\"image\":{\"@id\":\"https:\\\/\\\/bbqassad.ee\\\/fi\\\/#\\\/schema\\\/logo\\\/image\\\/\"},\"sameAs\":[\"https:\\\/\\\/www.facebook.com\\\/bbqassad\",\"https:\\\/\\\/www.youtube.com\\\/channel\\\/UCsoufn49J6TVi9Ah9meE93w\"]}]}<\/script>\n<!-- \/ Yoast SEO plugin. -->","yoast_head_json":{"title":"Bad Ass Shit -mausteseos - BBQ \u00c4ssad","description":"Bad Ass Shit Seasoning - vahva ja universaali BBQ-mauste lihalle, kanalle ja vihanneksille. Sopii grillaukseen, savustukseen ja uunissa kypsent\u00e4miseen.","robots":{"index":"index","follow":"follow","max-snippet":"max-snippet:-1","max-image-preview":"max-image-preview:large","max-video-preview":"max-video-preview:-1"},"canonical":"https:\/\/bbqassad.ee\/fi\/toode\/maustaminen-bad-ass-shit\/","og_locale":"fi_FI","og_type":"article","og_title":"Maustaminen Bad Ass Shit","og_description":"Bad Ass Shit Seasoning - vahva ja universaali BBQ-mauste lihalle, kanalle ja vihanneksille. Sopii grillaukseen, savustukseen ja uunissa kypsent\u00e4miseen, kun haluat rohkean maun.","og_url":"https:\/\/bbqassad.ee\/fi\/toode\/maustaminen-bad-ass-shit\/","og_site_name":"BBQ \u00c4ssad","article_publisher":"https:\/\/www.facebook.com\/bbqassad","article_modified_time":"2026-04-14T06:33:52+00:00","og_image":[{"url":"https:\/\/bbqassad.ee\/wp-content\/uploads\/2023\/03\/Bad-Ass-Shit-Rub-300x300.png","type":"","width":"","height":""}],"twitter_card":"summary_large_image","schema":{"@context":"https:\/\/schema.org","@graph":[{"@type":"WebPage","@id":"https:\/\/bbqassad.ee\/fi\/toode\/maustaminen-bad-ass-shit\/","url":"https:\/\/bbqassad.ee\/fi\/toode\/maustaminen-bad-ass-shit\/","name":"Bad Ass Shit -mausteseos - BBQ \u00c4ssad","isPartOf":{"@id":"https:\/\/bbqassad.ee\/fi\/#website"},"primaryImageOfPage":{"@id":"https:\/\/bbqassad.ee\/fi\/toode\/maustaminen-bad-ass-shit\/#primaryimage"},"image":{"@id":"https:\/\/bbqassad.ee\/fi\/toode\/maustaminen-bad-ass-shit\/#primaryimage"},"thumbnailUrl":"https:\/\/bbqassad.ee\/wp-content\/uploads\/2023\/03\/Bad-Ass-Shit-Rub.png","datePublished":"2023-03-27T07:04:37+00:00","dateModified":"2026-04-14T06:33:52+00:00","description":"Bad Ass Shit Seasoning - vahva ja universaali BBQ-mauste lihalle, kanalle ja vihanneksille. Sopii grillaukseen, savustukseen ja uunissa kypsent\u00e4miseen.","breadcrumb":{"@id":"https:\/\/bbqassad.ee\/fi\/toode\/maustaminen-bad-ass-shit\/#breadcrumb"},"inLanguage":"fi","potentialAction":[{"@type":"ReadAction","target":["https:\/\/bbqassad.ee\/fi\/toode\/maustaminen-bad-ass-shit\/"]}]},{"@type":"ImageObject","inLanguage":"fi","@id":"https:\/\/bbqassad.ee\/fi\/toode\/maustaminen-bad-ass-shit\/#primaryimage","url":"https:\/\/bbqassad.ee\/wp-content\/uploads\/2023\/03\/Bad-Ass-Shit-Rub.png","contentUrl":"https:\/\/bbqassad.ee\/wp-content\/uploads\/2023\/03\/Bad-Ass-Shit-Rub.png","width":800,"height":800,"caption":"Maitseainesegu Bad Ass Shit"},{"@type":"BreadcrumbList","@id":"https:\/\/bbqassad.ee\/fi\/toode\/maustaminen-bad-ass-shit\/#breadcrumb","itemListElement":[{"@type":"ListItem","position":1,"name":"Home","item":"https:\/\/bbqassad.ee\/fi\/bbq-assat\/"},{"@type":"ListItem","position":2,"name":"Verkkokauppa","item":"https:\/\/bbqassad.ee\/fi\/verkkokauppa\/"},{"@type":"ListItem","position":3,"name":"Bad Ass Shit -mausteseos"}]},{"@type":"WebSite","@id":"https:\/\/bbqassad.ee\/fi\/#website","url":"https:\/\/bbqassad.ee\/fi\/","name":"BBQ \u00c4ssad","description":"BBQ maitseained, kastmed, ahjud","publisher":{"@id":"https:\/\/bbqassad.ee\/fi\/#organization"},"potentialAction":[{"@type":"SearchAction","target":{"@type":"EntryPoint","urlTemplate":"https:\/\/bbqassad.ee\/fi\/?s={search_term_string}"},"query-input":{"@type":"PropertyValueSpecification","valueRequired":true,"valueName":"search_term_string"}}],"inLanguage":"fi"},{"@type":"Organization","@id":"https:\/\/bbqassad.ee\/fi\/#organization","name":"BBQ \u00c4ssad","url":"https:\/\/bbqassad.ee\/fi\/","logo":{"@type":"ImageObject","inLanguage":"fi","@id":"https:\/\/bbqassad.ee\/fi\/#\/schema\/logo\/image\/","url":"https:\/\/bbqassad.ee\/wp-content\/uploads\/2022\/10\/BBQ-2ssadlogo.png","contentUrl":"https:\/\/bbqassad.ee\/wp-content\/uploads\/2022\/10\/BBQ-2ssadlogo.png","width":1080,"height":1080,"caption":"BBQ \u00c4ssad"},"image":{"@id":"https:\/\/bbqassad.ee\/fi\/#\/schema\/logo\/image\/"},"sameAs":["https:\/\/www.facebook.com\/bbqassad","https:\/\/www.youtube.com\/channel\/UCsoufn49J6TVi9Ah9meE93w"]}]}},"_links":{"self":[{"href":"https:\/\/bbqassad.ee\/fi\/wp-json\/wp\/v2\/product\/23399","targetHints":{"allow":["GET"]}}],"collection":[{"href":"https:\/\/bbqassad.ee\/fi\/wp-json\/wp\/v2\/product"}],"about":[{"href":"https:\/\/bbqassad.ee\/fi\/wp-json\/wp\/v2\/types\/product"}],"replies":[{"embeddable":true,"href":"https:\/\/bbqassad.ee\/fi\/wp-json\/wp\/v2\/comments?post=23399"}],"wp:featuredmedia":[{"embeddable":true,"href":"https:\/\/bbqassad.ee\/fi\/wp-json\/wp\/v2\/media\/23400"}],"wp:attachment":[{"href":"https:\/\/bbqassad.ee\/fi\/wp-json\/wp\/v2\/media?parent=23399"}],"wp:term":[{"taxonomy":"product_brand","embeddable":true,"href":"https:\/\/bbqassad.ee\/fi\/wp-json\/wp\/v2\/product_brand?post=23399"},{"taxonomy":"product_cat","embeddable":true,"href":"https:\/\/bbqassad.ee\/fi\/wp-json\/wp\/v2\/product_cat?post=23399"},{"taxonomy":"product_tag","embeddable":true,"href":"https:\/\/bbqassad.ee\/fi\/wp-json\/wp\/v2\/product_tag?post=23399"}],"curies":[{"name":"wp","href":"https:\/\/api.w.org\/{rel}","templated":true}]}}