{"id":23397,"date":"2023-03-27T07:09:29","date_gmt":"2023-03-27T07:09:29","guid":{"rendered":"https:\/\/bbqassad.ee\/toode\/maustesekoitus-bull-shit\/"},"modified":"2026-04-14T06:33:52","modified_gmt":"2026-04-14T06:33:52","slug":"maustesekoitus-bull-shit","status":"publish","type":"product","link":"https:\/\/bbqassad.ee\/fi\/toode\/maustesekoitus-bull-shit\/","title":{"rendered":"Bull Shit -mausteseos"},"content":{"rendered":"<h2>Maustesekoitus Bull Shit<\/h2>\n<p>T\u00e4m\u00e4 on Big Cock Ranchi -mausteseos naudanlihalle. Mutta head&#8217;s up, ei, sit\u00e4 ei ole erityisesti suunniteltu pitkiin grilliruokiin, vaan Sitak Kitchenin hahmot tekiv\u00e4t t\u00e4m\u00e4n mausteseoksen nimenomaan pihvien maustamiseen. <\/p>\n<h3>BBQ Aces kommentti<\/h3>\n<p>\u00c4l\u00e4 ala laittaa sit\u00e4 rintafileeseen, se on tarkoitettu pihveille, vie antipastosi uudelle tasolle juuri t\u00e4ll\u00e4 mausteella.<\/p>\n<h3>Ammattilaisen vinkki<\/h3>\n<p>Se ei ole en\u00e4\u00e4 pelkk\u00e4\u00e4 suolaa ja pippuria tikulla \ud83d\ude09<\/p>\n","protected":false},"excerpt":{"rendered":"<p>Tuottaja: Big Cock Ranch<br \/>\nPaino: 340g<br \/>\nAinesosat: merisuola; suola; pippuri; paprika; ruskea sokeri; valkosipulirouhe; sipulirouhe<br \/>\n; sellerirouhe. Saattaa sis\u00e4lt\u00e4\u00e4 pieni\u00e4 m\u00e4\u00e4ri\u00e4 k\u00e4siteltyj\u00e4 vehn\u00e4-, maitotuote-, kala-, soija-, p\u00e4hkin\u00e4-,<br \/>\nkananmuna- ja \u00e4yri\u00e4ispitoisia tuotteita. <\/p>\n<p>Parasta ennen vanhentunut 26.10.2025<\/p>\n","protected":false},"featured_media":23398,"comment_status":"open","ping_status":"closed","template":"","meta":[],"product_brand":[],"product_cat":[],"product_tag":[],"class_list":{"0":"post-23397","1":"product","2":"type-product","3":"status-publish","4":"has-post-thumbnail","7":"first","8":"instock","9":"taxable","10":"shipping-taxable","11":"purchasable","12":"product-type-simple"},"yoast_head":"<!-- This site is optimized with the Yoast SEO plugin v27.4 - https:\/\/yoast.com\/product\/yoast-seo-wordpress\/ -->\n<title>Mausteseos Bull Shit - BBQ \u00c4ssad%<\/title>\n<meta name=\"description\" content=\"Bull Shit 340g Big Cock Ranchilta. Ainesosat: merisuola, pippuri, paprika, ruskea sokeri ja valkosipuli. Parasta ennen 26.10.2025.\" \/>\n<meta name=\"robots\" content=\"index, follow, max-snippet:-1, max-image-preview:large, max-video-preview:-1\" \/>\n<link rel=\"canonical\" href=\"https:\/\/bbqassad.ee\/fi\/toode\/maustesekoitus-bull-shit\/\" \/>\n<meta property=\"og:locale\" content=\"fi_FI\" \/>\n<meta property=\"og:type\" content=\"article\" \/>\n<meta property=\"og:title\" content=\"Spice mix Bull Shit - BBQ \u00c4ssad%\" \/>\n<meta property=\"og:description\" content=\"Bull Shit 340g Big Cock Ranchilta. Ainesosat: merisuola, pippuri, paprika, ruskea sokeri ja valkosipuli. Parasta ennen 26.10.2025.\" \/>\n<meta property=\"og:url\" content=\"https:\/\/bbqassad.ee\/fi\/toode\/maustesekoitus-bull-shit\/\" \/>\n<meta property=\"og:site_name\" content=\"BBQ \u00c4ssad\" \/>\n<meta property=\"article:publisher\" content=\"https:\/\/www.facebook.com\/bbqassad\" \/>\n<meta property=\"article:modified_time\" content=\"2026-04-14T06:33:52+00:00\" \/>\n<meta property=\"og:image\" content=\"https:\/\/bbqassad.ee\/wp-content\/uploads\/2023\/03\/Bull-Shit-Rub.png\" \/>\n<meta name=\"twitter:card\" content=\"summary_large_image\" \/>\n<meta name=\"twitter:title\" content=\"Spice mix Bull Shit - BBQ \u00c4ssad%\" \/>\n<meta name=\"twitter:description\" content=\"Bull Shit 340g Big Cock Ranchilta. Ainesosat: merisuola, pippuri, paprika, ruskea sokeri ja valkosipuli. Parasta ennen 26.10.2025.\" \/>\n<meta name=\"twitter:image\" content=\"https:\/\/bbqassad.ee\/wp-content\/uploads\/2023\/03\/Bull-Shit-Rub.png\" \/>\n<script type=\"application\/ld+json\" class=\"yoast-schema-graph\">{\"@context\":\"https:\\\/\\\/schema.org\",\"@graph\":[{\"@type\":\"WebPage\",\"@id\":\"https:\\\/\\\/bbqassad.ee\\\/fi\\\/toode\\\/maustesekoitus-bull-shit\\\/\",\"url\":\"https:\\\/\\\/bbqassad.ee\\\/fi\\\/toode\\\/maustesekoitus-bull-shit\\\/\",\"name\":\"Mausteseos Bull Shit - BBQ \u00c4ssad%\",\"isPartOf\":{\"@id\":\"https:\\\/\\\/bbqassad.ee\\\/fi\\\/#website\"},\"primaryImageOfPage\":{\"@id\":\"https:\\\/\\\/bbqassad.ee\\\/fi\\\/toode\\\/maustesekoitus-bull-shit\\\/#primaryimage\"},\"image\":{\"@id\":\"https:\\\/\\\/bbqassad.ee\\\/fi\\\/toode\\\/maustesekoitus-bull-shit\\\/#primaryimage\"},\"thumbnailUrl\":\"https:\\\/\\\/bbqassad.ee\\\/wp-content\\\/uploads\\\/2023\\\/03\\\/Bull-Shit-Rub.png\",\"datePublished\":\"2023-03-27T07:09:29+00:00\",\"dateModified\":\"2026-04-14T06:33:52+00:00\",\"description\":\"Bull Shit 340g Big Cock Ranchilta. Ainesosat: merisuola, pippuri, paprika, ruskea sokeri ja valkosipuli. Parasta ennen 26.10.2025.\",\"breadcrumb\":{\"@id\":\"https:\\\/\\\/bbqassad.ee\\\/fi\\\/toode\\\/maustesekoitus-bull-shit\\\/#breadcrumb\"},\"inLanguage\":\"fi\",\"potentialAction\":[{\"@type\":\"ReadAction\",\"target\":[\"https:\\\/\\\/bbqassad.ee\\\/fi\\\/toode\\\/maustesekoitus-bull-shit\\\/\"]}]},{\"@type\":\"ImageObject\",\"inLanguage\":\"fi\",\"@id\":\"https:\\\/\\\/bbqassad.ee\\\/fi\\\/toode\\\/maustesekoitus-bull-shit\\\/#primaryimage\",\"url\":\"https:\\\/\\\/bbqassad.ee\\\/wp-content\\\/uploads\\\/2023\\\/03\\\/Bull-Shit-Rub.png\",\"contentUrl\":\"https:\\\/\\\/bbqassad.ee\\\/wp-content\\\/uploads\\\/2023\\\/03\\\/Bull-Shit-Rub.png\",\"width\":800,\"height\":800},{\"@type\":\"BreadcrumbList\",\"@id\":\"https:\\\/\\\/bbqassad.ee\\\/fi\\\/toode\\\/maustesekoitus-bull-shit\\\/#breadcrumb\",\"itemListElement\":[{\"@type\":\"ListItem\",\"position\":1,\"name\":\"Home\",\"item\":\"https:\\\/\\\/bbqassad.ee\\\/fi\\\/bbq-assat\\\/\"},{\"@type\":\"ListItem\",\"position\":2,\"name\":\"Verkkokauppa\",\"item\":\"https:\\\/\\\/bbqassad.ee\\\/fi\\\/verkkokauppa\\\/\"},{\"@type\":\"ListItem\",\"position\":3,\"name\":\"Bull Shit -mausteseos\"}]},{\"@type\":\"WebSite\",\"@id\":\"https:\\\/\\\/bbqassad.ee\\\/fi\\\/#website\",\"url\":\"https:\\\/\\\/bbqassad.ee\\\/fi\\\/\",\"name\":\"BBQ \u00c4ssad\",\"description\":\"BBQ maitseained, kastmed, ahjud\",\"publisher\":{\"@id\":\"https:\\\/\\\/bbqassad.ee\\\/fi\\\/#organization\"},\"potentialAction\":[{\"@type\":\"SearchAction\",\"target\":{\"@type\":\"EntryPoint\",\"urlTemplate\":\"https:\\\/\\\/bbqassad.ee\\\/fi\\\/?s={search_term_string}\"},\"query-input\":{\"@type\":\"PropertyValueSpecification\",\"valueRequired\":true,\"valueName\":\"search_term_string\"}}],\"inLanguage\":\"fi\"},{\"@type\":\"Organization\",\"@id\":\"https:\\\/\\\/bbqassad.ee\\\/fi\\\/#organization\",\"name\":\"BBQ \u00c4ssad\",\"url\":\"https:\\\/\\\/bbqassad.ee\\\/fi\\\/\",\"logo\":{\"@type\":\"ImageObject\",\"inLanguage\":\"fi\",\"@id\":\"https:\\\/\\\/bbqassad.ee\\\/fi\\\/#\\\/schema\\\/logo\\\/image\\\/\",\"url\":\"https:\\\/\\\/bbqassad.ee\\\/wp-content\\\/uploads\\\/2022\\\/10\\\/BBQ-2ssadlogo.png\",\"contentUrl\":\"https:\\\/\\\/bbqassad.ee\\\/wp-content\\\/uploads\\\/2022\\\/10\\\/BBQ-2ssadlogo.png\",\"width\":1080,\"height\":1080,\"caption\":\"BBQ \u00c4ssad\"},\"image\":{\"@id\":\"https:\\\/\\\/bbqassad.ee\\\/fi\\\/#\\\/schema\\\/logo\\\/image\\\/\"},\"sameAs\":[\"https:\\\/\\\/www.facebook.com\\\/bbqassad\",\"https:\\\/\\\/www.youtube.com\\\/channel\\\/UCsoufn49J6TVi9Ah9meE93w\"]}]}<\/script>\n<!-- \/ Yoast SEO plugin. -->","yoast_head_json":{"title":"Mausteseos Bull Shit - BBQ \u00c4ssad%","description":"Bull Shit 340g Big Cock Ranchilta. Ainesosat: merisuola, pippuri, paprika, ruskea sokeri ja valkosipuli. Parasta ennen 26.10.2025.","robots":{"index":"index","follow":"follow","max-snippet":"max-snippet:-1","max-image-preview":"max-image-preview:large","max-video-preview":"max-video-preview:-1"},"canonical":"https:\/\/bbqassad.ee\/fi\/toode\/maustesekoitus-bull-shit\/","og_locale":"fi_FI","og_type":"article","og_title":"Spice mix Bull Shit - BBQ \u00c4ssad%","og_description":"Bull Shit 340g Big Cock Ranchilta. Ainesosat: merisuola, pippuri, paprika, ruskea sokeri ja valkosipuli. Parasta ennen 26.10.2025.","og_url":"https:\/\/bbqassad.ee\/fi\/toode\/maustesekoitus-bull-shit\/","og_site_name":"BBQ \u00c4ssad","article_publisher":"https:\/\/www.facebook.com\/bbqassad","article_modified_time":"2026-04-14T06:33:52+00:00","og_image":[{"url":"https:\/\/bbqassad.ee\/wp-content\/uploads\/2023\/03\/Bull-Shit-Rub.png","type":"","width":"","height":""}],"twitter_card":"summary_large_image","twitter_title":"Spice mix Bull Shit - BBQ \u00c4ssad%","twitter_description":"Bull Shit 340g Big Cock Ranchilta. Ainesosat: merisuola, pippuri, paprika, ruskea sokeri ja valkosipuli. Parasta ennen 26.10.2025.","twitter_image":"https:\/\/bbqassad.ee\/wp-content\/uploads\/2023\/03\/Bull-Shit-Rub.png","schema":{"@context":"https:\/\/schema.org","@graph":[{"@type":"WebPage","@id":"https:\/\/bbqassad.ee\/fi\/toode\/maustesekoitus-bull-shit\/","url":"https:\/\/bbqassad.ee\/fi\/toode\/maustesekoitus-bull-shit\/","name":"Mausteseos Bull Shit - BBQ \u00c4ssad%","isPartOf":{"@id":"https:\/\/bbqassad.ee\/fi\/#website"},"primaryImageOfPage":{"@id":"https:\/\/bbqassad.ee\/fi\/toode\/maustesekoitus-bull-shit\/#primaryimage"},"image":{"@id":"https:\/\/bbqassad.ee\/fi\/toode\/maustesekoitus-bull-shit\/#primaryimage"},"thumbnailUrl":"https:\/\/bbqassad.ee\/wp-content\/uploads\/2023\/03\/Bull-Shit-Rub.png","datePublished":"2023-03-27T07:09:29+00:00","dateModified":"2026-04-14T06:33:52+00:00","description":"Bull Shit 340g Big Cock Ranchilta. Ainesosat: merisuola, pippuri, paprika, ruskea sokeri ja valkosipuli. Parasta ennen 26.10.2025.","breadcrumb":{"@id":"https:\/\/bbqassad.ee\/fi\/toode\/maustesekoitus-bull-shit\/#breadcrumb"},"inLanguage":"fi","potentialAction":[{"@type":"ReadAction","target":["https:\/\/bbqassad.ee\/fi\/toode\/maustesekoitus-bull-shit\/"]}]},{"@type":"ImageObject","inLanguage":"fi","@id":"https:\/\/bbqassad.ee\/fi\/toode\/maustesekoitus-bull-shit\/#primaryimage","url":"https:\/\/bbqassad.ee\/wp-content\/uploads\/2023\/03\/Bull-Shit-Rub.png","contentUrl":"https:\/\/bbqassad.ee\/wp-content\/uploads\/2023\/03\/Bull-Shit-Rub.png","width":800,"height":800},{"@type":"BreadcrumbList","@id":"https:\/\/bbqassad.ee\/fi\/toode\/maustesekoitus-bull-shit\/#breadcrumb","itemListElement":[{"@type":"ListItem","position":1,"name":"Home","item":"https:\/\/bbqassad.ee\/fi\/bbq-assat\/"},{"@type":"ListItem","position":2,"name":"Verkkokauppa","item":"https:\/\/bbqassad.ee\/fi\/verkkokauppa\/"},{"@type":"ListItem","position":3,"name":"Bull Shit -mausteseos"}]},{"@type":"WebSite","@id":"https:\/\/bbqassad.ee\/fi\/#website","url":"https:\/\/bbqassad.ee\/fi\/","name":"BBQ \u00c4ssad","description":"BBQ maitseained, kastmed, ahjud","publisher":{"@id":"https:\/\/bbqassad.ee\/fi\/#organization"},"potentialAction":[{"@type":"SearchAction","target":{"@type":"EntryPoint","urlTemplate":"https:\/\/bbqassad.ee\/fi\/?s={search_term_string}"},"query-input":{"@type":"PropertyValueSpecification","valueRequired":true,"valueName":"search_term_string"}}],"inLanguage":"fi"},{"@type":"Organization","@id":"https:\/\/bbqassad.ee\/fi\/#organization","name":"BBQ \u00c4ssad","url":"https:\/\/bbqassad.ee\/fi\/","logo":{"@type":"ImageObject","inLanguage":"fi","@id":"https:\/\/bbqassad.ee\/fi\/#\/schema\/logo\/image\/","url":"https:\/\/bbqassad.ee\/wp-content\/uploads\/2022\/10\/BBQ-2ssadlogo.png","contentUrl":"https:\/\/bbqassad.ee\/wp-content\/uploads\/2022\/10\/BBQ-2ssadlogo.png","width":1080,"height":1080,"caption":"BBQ \u00c4ssad"},"image":{"@id":"https:\/\/bbqassad.ee\/fi\/#\/schema\/logo\/image\/"},"sameAs":["https:\/\/www.facebook.com\/bbqassad","https:\/\/www.youtube.com\/channel\/UCsoufn49J6TVi9Ah9meE93w"]}]}},"_links":{"self":[{"href":"https:\/\/bbqassad.ee\/fi\/wp-json\/wp\/v2\/product\/23397","targetHints":{"allow":["GET"]}}],"collection":[{"href":"https:\/\/bbqassad.ee\/fi\/wp-json\/wp\/v2\/product"}],"about":[{"href":"https:\/\/bbqassad.ee\/fi\/wp-json\/wp\/v2\/types\/product"}],"replies":[{"embeddable":true,"href":"https:\/\/bbqassad.ee\/fi\/wp-json\/wp\/v2\/comments?post=23397"}],"wp:featuredmedia":[{"embeddable":true,"href":"https:\/\/bbqassad.ee\/fi\/wp-json\/wp\/v2\/media\/23398"}],"wp:attachment":[{"href":"https:\/\/bbqassad.ee\/fi\/wp-json\/wp\/v2\/media?parent=23397"}],"wp:term":[{"taxonomy":"product_brand","embeddable":true,"href":"https:\/\/bbqassad.ee\/fi\/wp-json\/wp\/v2\/product_brand?post=23397"},{"taxonomy":"product_cat","embeddable":true,"href":"https:\/\/bbqassad.ee\/fi\/wp-json\/wp\/v2\/product_cat?post=23397"},{"taxonomy":"product_tag","embeddable":true,"href":"https:\/\/bbqassad.ee\/fi\/wp-json\/wp\/v2\/product_tag?post=23397"}],"curies":[{"name":"wp","href":"https:\/\/api.w.org\/{rel}","templated":true}]}}