{"id":23396,"date":"2023-03-27T07:15:09","date_gmt":"2023-03-27T07:15:09","guid":{"rendered":"https:\/\/bbqassad.ee\/toode\/marinaad-heath-riles-butter-bath-wrap-voitelukylpy-ja-kaare\/"},"modified":"2026-04-14T06:33:52","modified_gmt":"2026-04-14T06:33:52","slug":"marinaad-heath-riles-butter-bath-wrap-voitelukylpy-ja-kaare","status":"publish","type":"product","link":"https:\/\/bbqassad.ee\/fi\/toode\/marinaad-heath-riles-butter-bath-wrap-voitelukylpy-ja-kaare\/","title":{"rendered":"Heath Riles Butter Bath &#038; Wrap -marinadi"},"content":{"rendered":"<h2>Marinaad Heath Riles Butter Bath &amp; Wrap -voitelukylpy ja k\u00e4\u00e4re<\/h2>\n<p>Heath Riles on mies, joka on voittanut lukemattomia titteleit\u00e4 maailmanmestaruusluokassa. Viime vuosina h\u00e4n on pysynyt haastamattomana. H\u00e4n tekee sen aina omilla mausteillaan ja kastikkeillaan, ja h\u00e4nen voik\u00e4\u00e4reens\u00e4 ovat yksi legendaarisimmista asioista ribsien valmistuksessa. K\u00e4ytt\u00e4m\u00e4ll\u00e4 sit\u00e4 otat kaiken sokerin, kastikkeen ja voin hyytymisen pois prosessista kesken paistamisen, kun vain kaadat sen nesteen sis\u00e4\u00e4n.   <\/p>\n<h3>BBQ Aces kommentti<\/h3>\n<p>T\u00e4m\u00e4 tekee kylkiluiden k\u00e4\u00e4rimisest\u00e4 erityisen helppoa. Olemme k\u00e4ytt\u00e4neet sit\u00e4 itse jo vuosia, ja olemme olleet palkintokorokkeella lukemattomia kertoja. <\/p>\n<h3>Ammattilaisen vinkki<\/h3>\n<p>Yksinkertaisuuden lis\u00e4ksi siin\u00e4 on my\u00f6s hienoja makuja, ja nesteen ansiosta kylkiluut voidaan valmistaa korkeammassa l\u00e4mp\u00f6tilassa.<\/p>\n","protected":false},"excerpt":{"rendered":"<p>Valmistaja: Heath Riles<\/p>\n<p>Paino: 454g<\/p>\n<p>Ainesosat: Ruskea sokeri; fruktoosi; vehn\u00e4proteiinikonstinaatti; hunajajauhe (luonnollinen<\/p>\n<p>maltodekstriini, luonnollinen hunaja); muunnettu maissit\u00e4rkkelys; luonnollinen voiaromi<\/p>\n<p>(entsyymimuunneltu voi, kuivattu voi, guarkumi, natriumbikarbonaatti, anatato,<\/p>\n<p>kurkuma); sokeri; luonnollinen voiaromi; propyleeniglykolialginaatti; mausteet; etikkajauhe;<\/p>\n<p>dekstroosi; suola; sriracha-jauhe (sriracha chilikastike (chili, etikka, valkosipuli), maltodekstriini);<\/p>\n<p>kuivattu maissisiirappi; Cayennepippurikastike (pitk\u00e4ik\u00e4iset punapippurit, karamelliv\u00e4ri<\/p>\n<p>, ksantaanikumi); kuivattu soijaproteiini; v\u00e4riaine saflori\u00f6ljy; annaatouute, jos 2 %<\/p>\n<p>trikalsiumfosfaatti paakkuuntumisen est\u00e4miseksi.<\/p>\n","protected":false},"featured_media":23411,"comment_status":"open","ping_status":"closed","template":"","meta":[],"product_brand":[],"product_cat":[812],"product_tag":[],"class_list":{"0":"post-23396","1":"product","2":"type-product","3":"status-publish","4":"has-post-thumbnail","6":"product_cat-marinadit","8":"first","9":"outofstock","10":"taxable","11":"shipping-taxable","12":"purchasable","13":"product-type-simple"},"yoast_head":"<!-- This site is optimized with the Yoast SEO plugin v27.4 - https:\/\/yoast.com\/product\/yoast-seo-wordpress\/ -->\n<title>Marinaad Heath Riles Butter Bath &amp; Wrap - BBQ \u00c4ssad %<\/title>\n<meta name=\"description\" content=\"Heath Riles Marinade on maustettu sekoitus, joka sis\u00e4lt\u00e4\u00e4 ruskeaa sokeria, mausteita ja luonnollisia ainesosia. Paino 454 g, ihanteellinen grillaukseen ja marinointiin.\" \/>\n<meta name=\"robots\" content=\"index, follow, max-snippet:-1, max-image-preview:large, max-video-preview:-1\" \/>\n<link rel=\"canonical\" href=\"https:\/\/bbqassad.ee\/fi\/toode\/marinaad-heath-riles-butter-bath-wrap-voitelukylpy-ja-kaare\/\" \/>\n<meta property=\"og:locale\" content=\"fi_FI\" \/>\n<meta property=\"og:type\" content=\"article\" \/>\n<meta property=\"og:title\" content=\"Marinaad Heath Riles Butter Bath &amp; Wrap - BBQ \u00c4ssad %\" \/>\n<meta property=\"og:description\" content=\"Heath Riles Marinade on maustettu sekoitus, joka sis\u00e4lt\u00e4\u00e4 ruskeaa sokeria, mausteita ja luonnollisia ainesosia. Paino 454 g, ihanteellinen grillaukseen ja marinointiin.\" \/>\n<meta property=\"og:url\" content=\"https:\/\/bbqassad.ee\/fi\/toode\/marinaad-heath-riles-butter-bath-wrap-voitelukylpy-ja-kaare\/\" \/>\n<meta property=\"og:site_name\" content=\"BBQ \u00c4ssad\" \/>\n<meta property=\"article:publisher\" content=\"https:\/\/www.facebook.com\/bbqassad\" \/>\n<meta property=\"article:modified_time\" content=\"2026-04-14T06:33:52+00:00\" \/>\n<meta property=\"og:image\" content=\"https:\/\/bbqassad.ee\/wp-content\/uploads\/2023\/03\/Heath-Riles-Butter-Bath.png\" \/>\n<meta name=\"twitter:card\" content=\"summary_large_image\" \/>\n<meta name=\"twitter:title\" content=\"Marinaad Heath Riles Butter Bath &amp; Wrap - BBQ \u00c4ssad%\" \/>\n<meta name=\"twitter:description\" content=\"Heath Riles Marinade on maustettu sekoitus, joka sis\u00e4lt\u00e4\u00e4 ruskeaa sokeria, mausteita ja luonnollisia ainesosia. Paino 454 g, ihanteellinen grillaukseen ja marinointiin.\" \/>\n<meta name=\"twitter:image\" content=\"https:\/\/bbqassad.ee\/wp-content\/uploads\/2023\/03\/Heath-Riles-Butter-Bath.png\" \/>\n<meta name=\"twitter:label1\" content=\"Arvioitu lukuaika\" \/>\n\t<meta name=\"twitter:data1\" content=\"1 minuutti\" \/>\n<script type=\"application\/ld+json\" class=\"yoast-schema-graph\">{\"@context\":\"https:\\\/\\\/schema.org\",\"@graph\":[{\"@type\":\"WebPage\",\"@id\":\"https:\\\/\\\/bbqassad.ee\\\/fi\\\/toode\\\/marinaad-heath-riles-butter-bath-wrap-voitelukylpy-ja-kaare\\\/\",\"url\":\"https:\\\/\\\/bbqassad.ee\\\/fi\\\/toode\\\/marinaad-heath-riles-butter-bath-wrap-voitelukylpy-ja-kaare\\\/\",\"name\":\"Marinaad Heath Riles Butter Bath & Wrap - BBQ \u00c4ssad %\",\"isPartOf\":{\"@id\":\"https:\\\/\\\/bbqassad.ee\\\/fi\\\/#website\"},\"primaryImageOfPage\":{\"@id\":\"https:\\\/\\\/bbqassad.ee\\\/fi\\\/toode\\\/marinaad-heath-riles-butter-bath-wrap-voitelukylpy-ja-kaare\\\/#primaryimage\"},\"image\":{\"@id\":\"https:\\\/\\\/bbqassad.ee\\\/fi\\\/toode\\\/marinaad-heath-riles-butter-bath-wrap-voitelukylpy-ja-kaare\\\/#primaryimage\"},\"thumbnailUrl\":\"https:\\\/\\\/bbqassad.ee\\\/wp-content\\\/uploads\\\/2023\\\/03\\\/Heath-Riles-Butter-Bath.png\",\"datePublished\":\"2023-03-27T07:15:09+00:00\",\"dateModified\":\"2026-04-14T06:33:52+00:00\",\"description\":\"Heath Riles Marinade on maustettu sekoitus, joka sis\u00e4lt\u00e4\u00e4 ruskeaa sokeria, mausteita ja luonnollisia ainesosia. Paino 454 g, ihanteellinen grillaukseen ja marinointiin.\",\"breadcrumb\":{\"@id\":\"https:\\\/\\\/bbqassad.ee\\\/fi\\\/toode\\\/marinaad-heath-riles-butter-bath-wrap-voitelukylpy-ja-kaare\\\/#breadcrumb\"},\"inLanguage\":\"fi\",\"potentialAction\":[{\"@type\":\"ReadAction\",\"target\":[\"https:\\\/\\\/bbqassad.ee\\\/fi\\\/toode\\\/marinaad-heath-riles-butter-bath-wrap-voitelukylpy-ja-kaare\\\/\"]}]},{\"@type\":\"ImageObject\",\"inLanguage\":\"fi\",\"@id\":\"https:\\\/\\\/bbqassad.ee\\\/fi\\\/toode\\\/marinaad-heath-riles-butter-bath-wrap-voitelukylpy-ja-kaare\\\/#primaryimage\",\"url\":\"https:\\\/\\\/bbqassad.ee\\\/wp-content\\\/uploads\\\/2023\\\/03\\\/Heath-Riles-Butter-Bath.png\",\"contentUrl\":\"https:\\\/\\\/bbqassad.ee\\\/wp-content\\\/uploads\\\/2023\\\/03\\\/Heath-Riles-Butter-Bath.png\",\"width\":800,\"height\":800},{\"@type\":\"BreadcrumbList\",\"@id\":\"https:\\\/\\\/bbqassad.ee\\\/fi\\\/toode\\\/marinaad-heath-riles-butter-bath-wrap-voitelukylpy-ja-kaare\\\/#breadcrumb\",\"itemListElement\":[{\"@type\":\"ListItem\",\"position\":1,\"name\":\"Home\",\"item\":\"https:\\\/\\\/bbqassad.ee\\\/fi\\\/bbq-assat\\\/\"},{\"@type\":\"ListItem\",\"position\":2,\"name\":\"Verkkokauppa\",\"item\":\"https:\\\/\\\/bbqassad.ee\\\/fi\\\/verkkokauppa\\\/\"},{\"@type\":\"ListItem\",\"position\":3,\"name\":\"Heath Riles Butter Bath &#038; Wrap -marinadi\"}]},{\"@type\":\"WebSite\",\"@id\":\"https:\\\/\\\/bbqassad.ee\\\/fi\\\/#website\",\"url\":\"https:\\\/\\\/bbqassad.ee\\\/fi\\\/\",\"name\":\"BBQ \u00c4ssad\",\"description\":\"BBQ maitseained, kastmed, ahjud\",\"publisher\":{\"@id\":\"https:\\\/\\\/bbqassad.ee\\\/fi\\\/#organization\"},\"potentialAction\":[{\"@type\":\"SearchAction\",\"target\":{\"@type\":\"EntryPoint\",\"urlTemplate\":\"https:\\\/\\\/bbqassad.ee\\\/fi\\\/?s={search_term_string}\"},\"query-input\":{\"@type\":\"PropertyValueSpecification\",\"valueRequired\":true,\"valueName\":\"search_term_string\"}}],\"inLanguage\":\"fi\"},{\"@type\":\"Organization\",\"@id\":\"https:\\\/\\\/bbqassad.ee\\\/fi\\\/#organization\",\"name\":\"BBQ \u00c4ssad\",\"url\":\"https:\\\/\\\/bbqassad.ee\\\/fi\\\/\",\"logo\":{\"@type\":\"ImageObject\",\"inLanguage\":\"fi\",\"@id\":\"https:\\\/\\\/bbqassad.ee\\\/fi\\\/#\\\/schema\\\/logo\\\/image\\\/\",\"url\":\"https:\\\/\\\/bbqassad.ee\\\/wp-content\\\/uploads\\\/2022\\\/10\\\/BBQ-2ssadlogo.png\",\"contentUrl\":\"https:\\\/\\\/bbqassad.ee\\\/wp-content\\\/uploads\\\/2022\\\/10\\\/BBQ-2ssadlogo.png\",\"width\":1080,\"height\":1080,\"caption\":\"BBQ \u00c4ssad\"},\"image\":{\"@id\":\"https:\\\/\\\/bbqassad.ee\\\/fi\\\/#\\\/schema\\\/logo\\\/image\\\/\"},\"sameAs\":[\"https:\\\/\\\/www.facebook.com\\\/bbqassad\",\"https:\\\/\\\/www.youtube.com\\\/channel\\\/UCsoufn49J6TVi9Ah9meE93w\"]}]}<\/script>\n<!-- \/ Yoast SEO plugin. -->","yoast_head_json":{"title":"Marinaad Heath Riles Butter Bath & Wrap - BBQ \u00c4ssad %","description":"Heath Riles Marinade on maustettu sekoitus, joka sis\u00e4lt\u00e4\u00e4 ruskeaa sokeria, mausteita ja luonnollisia ainesosia. Paino 454 g, ihanteellinen grillaukseen ja marinointiin.","robots":{"index":"index","follow":"follow","max-snippet":"max-snippet:-1","max-image-preview":"max-image-preview:large","max-video-preview":"max-video-preview:-1"},"canonical":"https:\/\/bbqassad.ee\/fi\/toode\/marinaad-heath-riles-butter-bath-wrap-voitelukylpy-ja-kaare\/","og_locale":"fi_FI","og_type":"article","og_title":"Marinaad Heath Riles Butter Bath & Wrap - BBQ \u00c4ssad %","og_description":"Heath Riles Marinade on maustettu sekoitus, joka sis\u00e4lt\u00e4\u00e4 ruskeaa sokeria, mausteita ja luonnollisia ainesosia. Paino 454 g, ihanteellinen grillaukseen ja marinointiin.","og_url":"https:\/\/bbqassad.ee\/fi\/toode\/marinaad-heath-riles-butter-bath-wrap-voitelukylpy-ja-kaare\/","og_site_name":"BBQ \u00c4ssad","article_publisher":"https:\/\/www.facebook.com\/bbqassad","article_modified_time":"2026-04-14T06:33:52+00:00","og_image":[{"url":"https:\/\/bbqassad.ee\/wp-content\/uploads\/2023\/03\/Heath-Riles-Butter-Bath.png","type":"","width":"","height":""}],"twitter_card":"summary_large_image","twitter_title":"Marinaad Heath Riles Butter Bath & Wrap - BBQ \u00c4ssad%","twitter_description":"Heath Riles Marinade on maustettu sekoitus, joka sis\u00e4lt\u00e4\u00e4 ruskeaa sokeria, mausteita ja luonnollisia ainesosia. Paino 454 g, ihanteellinen grillaukseen ja marinointiin.","twitter_image":"https:\/\/bbqassad.ee\/wp-content\/uploads\/2023\/03\/Heath-Riles-Butter-Bath.png","twitter_misc":{"Arvioitu lukuaika":"1 minuutti"},"schema":{"@context":"https:\/\/schema.org","@graph":[{"@type":"WebPage","@id":"https:\/\/bbqassad.ee\/fi\/toode\/marinaad-heath-riles-butter-bath-wrap-voitelukylpy-ja-kaare\/","url":"https:\/\/bbqassad.ee\/fi\/toode\/marinaad-heath-riles-butter-bath-wrap-voitelukylpy-ja-kaare\/","name":"Marinaad Heath Riles Butter Bath & Wrap - BBQ \u00c4ssad %","isPartOf":{"@id":"https:\/\/bbqassad.ee\/fi\/#website"},"primaryImageOfPage":{"@id":"https:\/\/bbqassad.ee\/fi\/toode\/marinaad-heath-riles-butter-bath-wrap-voitelukylpy-ja-kaare\/#primaryimage"},"image":{"@id":"https:\/\/bbqassad.ee\/fi\/toode\/marinaad-heath-riles-butter-bath-wrap-voitelukylpy-ja-kaare\/#primaryimage"},"thumbnailUrl":"https:\/\/bbqassad.ee\/wp-content\/uploads\/2023\/03\/Heath-Riles-Butter-Bath.png","datePublished":"2023-03-27T07:15:09+00:00","dateModified":"2026-04-14T06:33:52+00:00","description":"Heath Riles Marinade on maustettu sekoitus, joka sis\u00e4lt\u00e4\u00e4 ruskeaa sokeria, mausteita ja luonnollisia ainesosia. Paino 454 g, ihanteellinen grillaukseen ja marinointiin.","breadcrumb":{"@id":"https:\/\/bbqassad.ee\/fi\/toode\/marinaad-heath-riles-butter-bath-wrap-voitelukylpy-ja-kaare\/#breadcrumb"},"inLanguage":"fi","potentialAction":[{"@type":"ReadAction","target":["https:\/\/bbqassad.ee\/fi\/toode\/marinaad-heath-riles-butter-bath-wrap-voitelukylpy-ja-kaare\/"]}]},{"@type":"ImageObject","inLanguage":"fi","@id":"https:\/\/bbqassad.ee\/fi\/toode\/marinaad-heath-riles-butter-bath-wrap-voitelukylpy-ja-kaare\/#primaryimage","url":"https:\/\/bbqassad.ee\/wp-content\/uploads\/2023\/03\/Heath-Riles-Butter-Bath.png","contentUrl":"https:\/\/bbqassad.ee\/wp-content\/uploads\/2023\/03\/Heath-Riles-Butter-Bath.png","width":800,"height":800},{"@type":"BreadcrumbList","@id":"https:\/\/bbqassad.ee\/fi\/toode\/marinaad-heath-riles-butter-bath-wrap-voitelukylpy-ja-kaare\/#breadcrumb","itemListElement":[{"@type":"ListItem","position":1,"name":"Home","item":"https:\/\/bbqassad.ee\/fi\/bbq-assat\/"},{"@type":"ListItem","position":2,"name":"Verkkokauppa","item":"https:\/\/bbqassad.ee\/fi\/verkkokauppa\/"},{"@type":"ListItem","position":3,"name":"Heath Riles Butter Bath &#038; Wrap -marinadi"}]},{"@type":"WebSite","@id":"https:\/\/bbqassad.ee\/fi\/#website","url":"https:\/\/bbqassad.ee\/fi\/","name":"BBQ \u00c4ssad","description":"BBQ maitseained, kastmed, ahjud","publisher":{"@id":"https:\/\/bbqassad.ee\/fi\/#organization"},"potentialAction":[{"@type":"SearchAction","target":{"@type":"EntryPoint","urlTemplate":"https:\/\/bbqassad.ee\/fi\/?s={search_term_string}"},"query-input":{"@type":"PropertyValueSpecification","valueRequired":true,"valueName":"search_term_string"}}],"inLanguage":"fi"},{"@type":"Organization","@id":"https:\/\/bbqassad.ee\/fi\/#organization","name":"BBQ \u00c4ssad","url":"https:\/\/bbqassad.ee\/fi\/","logo":{"@type":"ImageObject","inLanguage":"fi","@id":"https:\/\/bbqassad.ee\/fi\/#\/schema\/logo\/image\/","url":"https:\/\/bbqassad.ee\/wp-content\/uploads\/2022\/10\/BBQ-2ssadlogo.png","contentUrl":"https:\/\/bbqassad.ee\/wp-content\/uploads\/2022\/10\/BBQ-2ssadlogo.png","width":1080,"height":1080,"caption":"BBQ \u00c4ssad"},"image":{"@id":"https:\/\/bbqassad.ee\/fi\/#\/schema\/logo\/image\/"},"sameAs":["https:\/\/www.facebook.com\/bbqassad","https:\/\/www.youtube.com\/channel\/UCsoufn49J6TVi9Ah9meE93w"]}]}},"_links":{"self":[{"href":"https:\/\/bbqassad.ee\/fi\/wp-json\/wp\/v2\/product\/23396","targetHints":{"allow":["GET"]}}],"collection":[{"href":"https:\/\/bbqassad.ee\/fi\/wp-json\/wp\/v2\/product"}],"about":[{"href":"https:\/\/bbqassad.ee\/fi\/wp-json\/wp\/v2\/types\/product"}],"replies":[{"embeddable":true,"href":"https:\/\/bbqassad.ee\/fi\/wp-json\/wp\/v2\/comments?post=23396"}],"wp:featuredmedia":[{"embeddable":true,"href":"https:\/\/bbqassad.ee\/fi\/wp-json\/wp\/v2\/media\/23411"}],"wp:attachment":[{"href":"https:\/\/bbqassad.ee\/fi\/wp-json\/wp\/v2\/media?parent=23396"}],"wp:term":[{"taxonomy":"product_brand","embeddable":true,"href":"https:\/\/bbqassad.ee\/fi\/wp-json\/wp\/v2\/product_brand?post=23396"},{"taxonomy":"product_cat","embeddable":true,"href":"https:\/\/bbqassad.ee\/fi\/wp-json\/wp\/v2\/product_cat?post=23396"},{"taxonomy":"product_tag","embeddable":true,"href":"https:\/\/bbqassad.ee\/fi\/wp-json\/wp\/v2\/product_tag?post=23396"}],"curies":[{"name":"wp","href":"https:\/\/api.w.org\/{rel}","templated":true}]}}