{"id":23394,"date":"2023-03-27T07:46:42","date_gmt":"2023-03-27T07:46:42","guid":{"rendered":"https:\/\/bbqassad.ee\/toode\/kastike-heath-riles-tangy-vinegar-bbq-kastike\/"},"modified":"2026-04-14T06:33:52","modified_gmt":"2026-04-14T06:33:52","slug":"kastike-heath-riles-tangy-vinegar-bbq-kastike","status":"publish","type":"product","link":"https:\/\/bbqassad.ee\/fi\/toode\/kastike-heath-riles-tangy-vinegar-bbq-kastike\/","title":{"rendered":"Heath Riles Tangy Vinegar BBQ -kastike"},"content":{"rendered":"<h2>Kastike Heath Riles Tangy Vinegar BBQ-kastike<\/h2>\n<p>Heath Riles on mies, joka on voittanut lukemattomia titteleit\u00e4 maailmanmestaruusluokassa. Viime vuosina h\u00e4n on pysynyt haastamattomana. H\u00e4n tekee sen aina mausteillaan ja kastikkeillaan, ja h\u00e4nen mausteinen etikkapohjainen kastikkeensa on osa kuorrutusta.  <\/p>\n<h3>BBQ Aces kommentti<\/h3>\n<p>T\u00e4m\u00e4 on ns. Se on puolet h\u00e4nen kastikkeestaan, joten se pit\u00e4isi sekoittaa 50:50 h\u00e4nen makeaan kastikkeeseensa. Se on klassinen etel\u00e4valtioiden kastike, joka sopii mainiosti mink\u00e4 tahansa lisukkeeksi mausteista kokemusta etsiville.  <\/p>\n<h3>Ammattilaisen vinkki<\/h3>\n<p>Miss\u00e4 tahansa oletkin k\u00e4ytt\u00e4nyt BBQ-kastiketta, kokeile Heath Rilesin kastiketta, etk\u00e4 tule katumaan.<\/p>\n","protected":false},"excerpt":{"rendered":"<p>Valmistaja: Heath Riles<br \/>\nPaino: 473g<br \/>\nAinesosat: ketsuppi (tomaatit, tislattu etikka, korkeafruktoosinen maissisiirappi,<br \/>\nsipulijauhe, luontaiset mausteet); omenaviinietikka; sokeri; vesi; mausteet; suola;<br \/>\nnatriumbentsoaatti; kaliumsorbaatti; ksantaanikumi.<br \/>\nRavintosis\u00e4lt\u00f6 100 g:aa kohti: energia: 916 kJ\/219 kcal; rasvat: 0 g, josta tyydyttyneit\u00e4<br \/>\nrasvahappoja: 0 g; hiilihydraatit: 53 g, josta sokereita: 34 g; proteiinit: 0 g; suola: 1 g.<\/p>\n","protected":false},"featured_media":23395,"comment_status":"open","ping_status":"closed","template":"","meta":[],"product_brand":[],"product_cat":[788],"product_tag":[],"class_list":{"0":"post-23394","1":"product","2":"type-product","3":"status-publish","4":"has-post-thumbnail","6":"product_cat-kastit","8":"first","9":"instock","10":"taxable","11":"shipping-taxable","12":"purchasable","13":"product-type-simple"},"yoast_head":"<!-- This site is optimized with the Yoast SEO plugin v27.4 - https:\/\/yoast.com\/product\/yoast-seo-wordpress\/ -->\n<title>Heath Riles Tangy Vinegar BBQ -kastike - BBQ \u00c4ssad<\/title>\n<meta name=\"description\" content=\"Heath Riles Tangy Vinegar BBQ Sauce Etikkainen, kirpe\u00e4 BBQ-kastike, joka sopii hyvin pulled porkin, sianlihan ja kanan kanssa. K\u00e4yt\u00e4 kuorrutuksena tai dippin\u00e4.\" \/>\n<meta name=\"robots\" content=\"index, follow, max-snippet:-1, max-image-preview:large, max-video-preview:-1\" \/>\n<link rel=\"canonical\" href=\"https:\/\/bbqassad.ee\/fi\/toode\/kastike-heath-riles-tangy-vinegar-bbq-kastike\/\" \/>\n<meta property=\"og:locale\" content=\"fi_FI\" \/>\n<meta property=\"og:type\" content=\"article\" \/>\n<meta property=\"og:title\" content=\"Kastike Heath Riles Tangy Vinegar BBQ-kastike\" \/>\n<meta property=\"og:description\" content=\"Heath Riles Tangy Vinegar BBQ Sauce - etikkainen ja kirpe\u00e4 BBQ-kastike, joka sopii erityisen hyvin pulled porkin, sianlihan ja kanan p\u00e4\u00e4lle. K\u00e4yt\u00e4 kuorrutuksena tai dippin\u00e4.\" \/>\n<meta property=\"og:url\" content=\"https:\/\/bbqassad.ee\/fi\/toode\/kastike-heath-riles-tangy-vinegar-bbq-kastike\/\" \/>\n<meta property=\"og:site_name\" content=\"BBQ \u00c4ssad\" \/>\n<meta property=\"article:publisher\" content=\"https:\/\/www.facebook.com\/bbqassad\" \/>\n<meta property=\"article:modified_time\" content=\"2026-04-14T06:33:52+00:00\" \/>\n<meta property=\"og:image\" content=\"https:\/\/bbqassad.ee\/wp-content\/uploads\/2023\/03\/Heath-Riles-Tangy-Vinegar-BBQ-Sauce-300x300.png\" \/>\n<meta name=\"twitter:card\" content=\"summary_large_image\" \/>\n<script type=\"application\/ld+json\" class=\"yoast-schema-graph\">{\"@context\":\"https:\\\/\\\/schema.org\",\"@graph\":[{\"@type\":\"WebPage\",\"@id\":\"https:\\\/\\\/bbqassad.ee\\\/fi\\\/toode\\\/kastike-heath-riles-tangy-vinegar-bbq-kastike\\\/\",\"url\":\"https:\\\/\\\/bbqassad.ee\\\/fi\\\/toode\\\/kastike-heath-riles-tangy-vinegar-bbq-kastike\\\/\",\"name\":\"Heath Riles Tangy Vinegar BBQ -kastike - BBQ \u00c4ssad\",\"isPartOf\":{\"@id\":\"https:\\\/\\\/bbqassad.ee\\\/fi\\\/#website\"},\"primaryImageOfPage\":{\"@id\":\"https:\\\/\\\/bbqassad.ee\\\/fi\\\/toode\\\/kastike-heath-riles-tangy-vinegar-bbq-kastike\\\/#primaryimage\"},\"image\":{\"@id\":\"https:\\\/\\\/bbqassad.ee\\\/fi\\\/toode\\\/kastike-heath-riles-tangy-vinegar-bbq-kastike\\\/#primaryimage\"},\"thumbnailUrl\":\"https:\\\/\\\/bbqassad.ee\\\/wp-content\\\/uploads\\\/2023\\\/03\\\/Heath-Riles-Tangy-Vinegar-BBQ-Sauce.png\",\"datePublished\":\"2023-03-27T07:46:42+00:00\",\"dateModified\":\"2026-04-14T06:33:52+00:00\",\"description\":\"Heath Riles Tangy Vinegar BBQ Sauce Etikkainen, kirpe\u00e4 BBQ-kastike, joka sopii hyvin pulled porkin, sianlihan ja kanan kanssa. K\u00e4yt\u00e4 kuorrutuksena tai dippin\u00e4.\",\"breadcrumb\":{\"@id\":\"https:\\\/\\\/bbqassad.ee\\\/fi\\\/toode\\\/kastike-heath-riles-tangy-vinegar-bbq-kastike\\\/#breadcrumb\"},\"inLanguage\":\"fi\",\"potentialAction\":[{\"@type\":\"ReadAction\",\"target\":[\"https:\\\/\\\/bbqassad.ee\\\/fi\\\/toode\\\/kastike-heath-riles-tangy-vinegar-bbq-kastike\\\/\"]}]},{\"@type\":\"ImageObject\",\"inLanguage\":\"fi\",\"@id\":\"https:\\\/\\\/bbqassad.ee\\\/fi\\\/toode\\\/kastike-heath-riles-tangy-vinegar-bbq-kastike\\\/#primaryimage\",\"url\":\"https:\\\/\\\/bbqassad.ee\\\/wp-content\\\/uploads\\\/2023\\\/03\\\/Heath-Riles-Tangy-Vinegar-BBQ-Sauce.png\",\"contentUrl\":\"https:\\\/\\\/bbqassad.ee\\\/wp-content\\\/uploads\\\/2023\\\/03\\\/Heath-Riles-Tangy-Vinegar-BBQ-Sauce.png\",\"width\":800,\"height\":800,\"caption\":\"Kaste Heath Riles Tangy Vinegar BBQ Sauce\"},{\"@type\":\"BreadcrumbList\",\"@id\":\"https:\\\/\\\/bbqassad.ee\\\/fi\\\/toode\\\/kastike-heath-riles-tangy-vinegar-bbq-kastike\\\/#breadcrumb\",\"itemListElement\":[{\"@type\":\"ListItem\",\"position\":1,\"name\":\"Home\",\"item\":\"https:\\\/\\\/bbqassad.ee\\\/fi\\\/bbq-assat\\\/\"},{\"@type\":\"ListItem\",\"position\":2,\"name\":\"Verkkokauppa\",\"item\":\"https:\\\/\\\/bbqassad.ee\\\/fi\\\/verkkokauppa\\\/\"},{\"@type\":\"ListItem\",\"position\":3,\"name\":\"Heath Riles Tangy Vinegar BBQ -kastike\"}]},{\"@type\":\"WebSite\",\"@id\":\"https:\\\/\\\/bbqassad.ee\\\/fi\\\/#website\",\"url\":\"https:\\\/\\\/bbqassad.ee\\\/fi\\\/\",\"name\":\"BBQ \u00c4ssad\",\"description\":\"BBQ maitseained, kastmed, ahjud\",\"publisher\":{\"@id\":\"https:\\\/\\\/bbqassad.ee\\\/fi\\\/#organization\"},\"potentialAction\":[{\"@type\":\"SearchAction\",\"target\":{\"@type\":\"EntryPoint\",\"urlTemplate\":\"https:\\\/\\\/bbqassad.ee\\\/fi\\\/?s={search_term_string}\"},\"query-input\":{\"@type\":\"PropertyValueSpecification\",\"valueRequired\":true,\"valueName\":\"search_term_string\"}}],\"inLanguage\":\"fi\"},{\"@type\":\"Organization\",\"@id\":\"https:\\\/\\\/bbqassad.ee\\\/fi\\\/#organization\",\"name\":\"BBQ \u00c4ssad\",\"url\":\"https:\\\/\\\/bbqassad.ee\\\/fi\\\/\",\"logo\":{\"@type\":\"ImageObject\",\"inLanguage\":\"fi\",\"@id\":\"https:\\\/\\\/bbqassad.ee\\\/fi\\\/#\\\/schema\\\/logo\\\/image\\\/\",\"url\":\"https:\\\/\\\/bbqassad.ee\\\/wp-content\\\/uploads\\\/2022\\\/10\\\/BBQ-2ssadlogo.png\",\"contentUrl\":\"https:\\\/\\\/bbqassad.ee\\\/wp-content\\\/uploads\\\/2022\\\/10\\\/BBQ-2ssadlogo.png\",\"width\":1080,\"height\":1080,\"caption\":\"BBQ \u00c4ssad\"},\"image\":{\"@id\":\"https:\\\/\\\/bbqassad.ee\\\/fi\\\/#\\\/schema\\\/logo\\\/image\\\/\"},\"sameAs\":[\"https:\\\/\\\/www.facebook.com\\\/bbqassad\",\"https:\\\/\\\/www.youtube.com\\\/channel\\\/UCsoufn49J6TVi9Ah9meE93w\"]}]}<\/script>\n<!-- \/ Yoast SEO plugin. -->","yoast_head_json":{"title":"Heath Riles Tangy Vinegar BBQ -kastike - BBQ \u00c4ssad","description":"Heath Riles Tangy Vinegar BBQ Sauce Etikkainen, kirpe\u00e4 BBQ-kastike, joka sopii hyvin pulled porkin, sianlihan ja kanan kanssa. K\u00e4yt\u00e4 kuorrutuksena tai dippin\u00e4.","robots":{"index":"index","follow":"follow","max-snippet":"max-snippet:-1","max-image-preview":"max-image-preview:large","max-video-preview":"max-video-preview:-1"},"canonical":"https:\/\/bbqassad.ee\/fi\/toode\/kastike-heath-riles-tangy-vinegar-bbq-kastike\/","og_locale":"fi_FI","og_type":"article","og_title":"Kastike Heath Riles Tangy Vinegar BBQ-kastike","og_description":"Heath Riles Tangy Vinegar BBQ Sauce - etikkainen ja kirpe\u00e4 BBQ-kastike, joka sopii erityisen hyvin pulled porkin, sianlihan ja kanan p\u00e4\u00e4lle. K\u00e4yt\u00e4 kuorrutuksena tai dippin\u00e4.","og_url":"https:\/\/bbqassad.ee\/fi\/toode\/kastike-heath-riles-tangy-vinegar-bbq-kastike\/","og_site_name":"BBQ \u00c4ssad","article_publisher":"https:\/\/www.facebook.com\/bbqassad","article_modified_time":"2026-04-14T06:33:52+00:00","og_image":[{"url":"https:\/\/bbqassad.ee\/wp-content\/uploads\/2023\/03\/Heath-Riles-Tangy-Vinegar-BBQ-Sauce-300x300.png","type":"","width":"","height":""}],"twitter_card":"summary_large_image","schema":{"@context":"https:\/\/schema.org","@graph":[{"@type":"WebPage","@id":"https:\/\/bbqassad.ee\/fi\/toode\/kastike-heath-riles-tangy-vinegar-bbq-kastike\/","url":"https:\/\/bbqassad.ee\/fi\/toode\/kastike-heath-riles-tangy-vinegar-bbq-kastike\/","name":"Heath Riles Tangy Vinegar BBQ -kastike - BBQ \u00c4ssad","isPartOf":{"@id":"https:\/\/bbqassad.ee\/fi\/#website"},"primaryImageOfPage":{"@id":"https:\/\/bbqassad.ee\/fi\/toode\/kastike-heath-riles-tangy-vinegar-bbq-kastike\/#primaryimage"},"image":{"@id":"https:\/\/bbqassad.ee\/fi\/toode\/kastike-heath-riles-tangy-vinegar-bbq-kastike\/#primaryimage"},"thumbnailUrl":"https:\/\/bbqassad.ee\/wp-content\/uploads\/2023\/03\/Heath-Riles-Tangy-Vinegar-BBQ-Sauce.png","datePublished":"2023-03-27T07:46:42+00:00","dateModified":"2026-04-14T06:33:52+00:00","description":"Heath Riles Tangy Vinegar BBQ Sauce Etikkainen, kirpe\u00e4 BBQ-kastike, joka sopii hyvin pulled porkin, sianlihan ja kanan kanssa. K\u00e4yt\u00e4 kuorrutuksena tai dippin\u00e4.","breadcrumb":{"@id":"https:\/\/bbqassad.ee\/fi\/toode\/kastike-heath-riles-tangy-vinegar-bbq-kastike\/#breadcrumb"},"inLanguage":"fi","potentialAction":[{"@type":"ReadAction","target":["https:\/\/bbqassad.ee\/fi\/toode\/kastike-heath-riles-tangy-vinegar-bbq-kastike\/"]}]},{"@type":"ImageObject","inLanguage":"fi","@id":"https:\/\/bbqassad.ee\/fi\/toode\/kastike-heath-riles-tangy-vinegar-bbq-kastike\/#primaryimage","url":"https:\/\/bbqassad.ee\/wp-content\/uploads\/2023\/03\/Heath-Riles-Tangy-Vinegar-BBQ-Sauce.png","contentUrl":"https:\/\/bbqassad.ee\/wp-content\/uploads\/2023\/03\/Heath-Riles-Tangy-Vinegar-BBQ-Sauce.png","width":800,"height":800,"caption":"Kaste Heath Riles Tangy Vinegar BBQ Sauce"},{"@type":"BreadcrumbList","@id":"https:\/\/bbqassad.ee\/fi\/toode\/kastike-heath-riles-tangy-vinegar-bbq-kastike\/#breadcrumb","itemListElement":[{"@type":"ListItem","position":1,"name":"Home","item":"https:\/\/bbqassad.ee\/fi\/bbq-assat\/"},{"@type":"ListItem","position":2,"name":"Verkkokauppa","item":"https:\/\/bbqassad.ee\/fi\/verkkokauppa\/"},{"@type":"ListItem","position":3,"name":"Heath Riles Tangy Vinegar BBQ -kastike"}]},{"@type":"WebSite","@id":"https:\/\/bbqassad.ee\/fi\/#website","url":"https:\/\/bbqassad.ee\/fi\/","name":"BBQ \u00c4ssad","description":"BBQ maitseained, kastmed, ahjud","publisher":{"@id":"https:\/\/bbqassad.ee\/fi\/#organization"},"potentialAction":[{"@type":"SearchAction","target":{"@type":"EntryPoint","urlTemplate":"https:\/\/bbqassad.ee\/fi\/?s={search_term_string}"},"query-input":{"@type":"PropertyValueSpecification","valueRequired":true,"valueName":"search_term_string"}}],"inLanguage":"fi"},{"@type":"Organization","@id":"https:\/\/bbqassad.ee\/fi\/#organization","name":"BBQ \u00c4ssad","url":"https:\/\/bbqassad.ee\/fi\/","logo":{"@type":"ImageObject","inLanguage":"fi","@id":"https:\/\/bbqassad.ee\/fi\/#\/schema\/logo\/image\/","url":"https:\/\/bbqassad.ee\/wp-content\/uploads\/2022\/10\/BBQ-2ssadlogo.png","contentUrl":"https:\/\/bbqassad.ee\/wp-content\/uploads\/2022\/10\/BBQ-2ssadlogo.png","width":1080,"height":1080,"caption":"BBQ \u00c4ssad"},"image":{"@id":"https:\/\/bbqassad.ee\/fi\/#\/schema\/logo\/image\/"},"sameAs":["https:\/\/www.facebook.com\/bbqassad","https:\/\/www.youtube.com\/channel\/UCsoufn49J6TVi9Ah9meE93w"]}]}},"_links":{"self":[{"href":"https:\/\/bbqassad.ee\/fi\/wp-json\/wp\/v2\/product\/23394","targetHints":{"allow":["GET"]}}],"collection":[{"href":"https:\/\/bbqassad.ee\/fi\/wp-json\/wp\/v2\/product"}],"about":[{"href":"https:\/\/bbqassad.ee\/fi\/wp-json\/wp\/v2\/types\/product"}],"replies":[{"embeddable":true,"href":"https:\/\/bbqassad.ee\/fi\/wp-json\/wp\/v2\/comments?post=23394"}],"wp:featuredmedia":[{"embeddable":true,"href":"https:\/\/bbqassad.ee\/fi\/wp-json\/wp\/v2\/media\/23395"}],"wp:attachment":[{"href":"https:\/\/bbqassad.ee\/fi\/wp-json\/wp\/v2\/media?parent=23394"}],"wp:term":[{"taxonomy":"product_brand","embeddable":true,"href":"https:\/\/bbqassad.ee\/fi\/wp-json\/wp\/v2\/product_brand?post=23394"},{"taxonomy":"product_cat","embeddable":true,"href":"https:\/\/bbqassad.ee\/fi\/wp-json\/wp\/v2\/product_cat?post=23394"},{"taxonomy":"product_tag","embeddable":true,"href":"https:\/\/bbqassad.ee\/fi\/wp-json\/wp\/v2\/product_tag?post=23394"}],"curies":[{"name":"wp","href":"https:\/\/api.w.org\/{rel}","templated":true}]}}