{"id":23385,"date":"2023-07-06T15:17:37","date_gmt":"2023-07-06T15:17:37","guid":{"rendered":"https:\/\/bbqassad.ee\/toode\/mausteseos-heath-riles-sweet-bbq-rub-mausteseos\/"},"modified":"2026-04-14T06:33:51","modified_gmt":"2026-04-14T06:33:51","slug":"mausteseos-heath-riles-sweet-bbq-rub-mausteseos","status":"publish","type":"product","link":"https:\/\/bbqassad.ee\/fi\/toode\/mausteseos-heath-riles-sweet-bbq-rub-mausteseos\/","title":{"rendered":"Heath Riles Sweet BBQ Rub -mausteseos"},"content":{"rendered":"<h2>Mausteseos Heath Riles Sweet BBQ Rub &#8211; mausteseos<\/h2>\n<p>Heath Riles on mies, joka on voittanut lukemattomia titteleit\u00e4 maailmanmestaruusluokassa. Viime vuosina h\u00e4n on pysynyt haastamattomana. H\u00e4n tekee sen aina omilla mausteillaan ja kastikkeillaan. Sweet BBQ Rub on aina mukana kaikissa h\u00e4nen kilpailuresepteiss\u00e4\u00e4n, jopa sen j\u00e4lkeen, kun h\u00e4n kehitti puhtaan Competition Rubin. Maku on nimens\u00e4 mukaisesti makea sokeripohjainen rub, jolla on kaunis v\u00e4ri.    <\/p>\n<h3>BBQ Aces kommentti<\/h3>\n<p>Heath Rilesin rubseissa on hienoa se, ett\u00e4 ruukku sis\u00e4lt\u00e4\u00e4 aina sen, mit\u00e4 purkissa lukee &#8211; t\u00e4ss\u00e4 tapauksessa puhtaasti makean rubin.<\/p>\n<h3>Ammattilaisen vinkki<\/h3>\n<p>Se on hyv\u00e4 mauste kaikenlaiselle sianlihalle.<\/p>\n","protected":false},"excerpt":{"rendered":"<p>Mausteseos Heath Riles Sweet BBQ Rub &#8211; mausteseos Heath Riles on mies, joka on voittanut lukemattomia titteleit\u00e4 maailmanmestaruusluokassa. Viime vuosina h\u00e4n on pysynyt haastamattomana. H\u00e4n tekee sen aina omilla mausteillaan ja kastikkeillaan. Sweet BBQ Rub on aina mukana kaikissa h\u00e4nen kilpailuresepteiss\u00e4\u00e4n, jopa sen j\u00e4lkeen, kun h\u00e4n kehitti puhtaan Competition Rubin. Maku on nimens\u00e4 mukaisesti makea [&#8230;]\n","protected":false},"featured_media":23389,"comment_status":"open","ping_status":"closed","template":"","meta":[],"product_brand":[],"product_cat":[802],"product_tag":[],"class_list":{"0":"post-23385","1":"product","2":"type-product","3":"status-publish","4":"has-post-thumbnail","6":"product_cat-sekoitukset","8":"first","9":"instock","10":"taxable","11":"shipping-taxable","12":"purchasable","13":"product-type-simple"},"yoast_head":"<!-- This site is optimized with the Yoast SEO plugin v27.4 - https:\/\/yoast.com\/product\/yoast-seo-wordpress\/ -->\n<title>Mausteseos Heath Riles Sweet BBQ Rub - BBQ \u00c4ssad%<\/title>\n<meta name=\"description\" content=\"Heath Riles Sweet BBQ Rub on mausteseos, joka sopii t\u00e4ydellisesti grillaukseen ja paistamiseen. Lis\u00e4\u00e4 ruokiin makeita ja savuisia makuja.\" \/>\n<meta name=\"robots\" content=\"index, follow, max-snippet:-1, max-image-preview:large, max-video-preview:-1\" \/>\n<link rel=\"canonical\" href=\"https:\/\/bbqassad.ee\/fi\/toode\/mausteseos-heath-riles-sweet-bbq-rub-mausteseos\/\" \/>\n<meta property=\"og:locale\" content=\"fi_FI\" \/>\n<meta property=\"og:type\" content=\"article\" \/>\n<meta property=\"og:title\" content=\"Mausteseos Heath Riles Sweet BBQ Rub - BBQ \u00c4ssad%\" \/>\n<meta property=\"og:description\" content=\"Heath Riles Sweet BBQ Rub on mausteseos, joka sopii t\u00e4ydellisesti grillaukseen ja paistamiseen. Lis\u00e4\u00e4 ruokiin makeita ja savuisia makuja.\" \/>\n<meta property=\"og:url\" content=\"https:\/\/bbqassad.ee\/fi\/toode\/mausteseos-heath-riles-sweet-bbq-rub-mausteseos\/\" \/>\n<meta property=\"og:site_name\" content=\"BBQ \u00c4ssad\" \/>\n<meta property=\"article:publisher\" content=\"https:\/\/www.facebook.com\/bbqassad\" \/>\n<meta property=\"article:modified_time\" content=\"2026-04-14T06:33:51+00:00\" \/>\n<meta property=\"og:image\" content=\"https:\/\/bbqassad.ee\/wp-content\/uploads\/2023\/06\/HR-SweetBBQRub.png\" \/>\n<meta name=\"twitter:card\" content=\"summary_large_image\" \/>\n<meta name=\"twitter:title\" content=\"Mausteseos Heath Riles Sweet BBQ Rub - BBQ \u00c4ssad%\" \/>\n<meta name=\"twitter:description\" content=\"Heath Riles Sweet BBQ Rub on mausteseos, joka sopii t\u00e4ydellisesti grillaukseen ja paistamiseen. Lis\u00e4\u00e4 ruokiin makeita ja savuisia makuja.\" \/>\n<meta name=\"twitter:image\" content=\"https:\/\/bbqassad.ee\/wp-content\/uploads\/2023\/06\/HR-SweetBBQRub.png\" \/>\n<meta name=\"twitter:label1\" content=\"Arvioitu lukuaika\" \/>\n\t<meta name=\"twitter:data1\" content=\"1 minuutti\" \/>\n<script type=\"application\/ld+json\" class=\"yoast-schema-graph\">{\"@context\":\"https:\\\/\\\/schema.org\",\"@graph\":[{\"@type\":\"WebPage\",\"@id\":\"https:\\\/\\\/bbqassad.ee\\\/fi\\\/toode\\\/mausteseos-heath-riles-sweet-bbq-rub-mausteseos\\\/\",\"url\":\"https:\\\/\\\/bbqassad.ee\\\/fi\\\/toode\\\/mausteseos-heath-riles-sweet-bbq-rub-mausteseos\\\/\",\"name\":\"Mausteseos Heath Riles Sweet BBQ Rub - BBQ \u00c4ssad%\",\"isPartOf\":{\"@id\":\"https:\\\/\\\/bbqassad.ee\\\/fi\\\/#website\"},\"primaryImageOfPage\":{\"@id\":\"https:\\\/\\\/bbqassad.ee\\\/fi\\\/toode\\\/mausteseos-heath-riles-sweet-bbq-rub-mausteseos\\\/#primaryimage\"},\"image\":{\"@id\":\"https:\\\/\\\/bbqassad.ee\\\/fi\\\/toode\\\/mausteseos-heath-riles-sweet-bbq-rub-mausteseos\\\/#primaryimage\"},\"thumbnailUrl\":\"https:\\\/\\\/bbqassad.ee\\\/wp-content\\\/uploads\\\/2023\\\/06\\\/HR-SweetBBQRub.png\",\"datePublished\":\"2023-07-06T15:17:37+00:00\",\"dateModified\":\"2026-04-14T06:33:51+00:00\",\"description\":\"Heath Riles Sweet BBQ Rub on mausteseos, joka sopii t\u00e4ydellisesti grillaukseen ja paistamiseen. Lis\u00e4\u00e4 ruokiin makeita ja savuisia makuja.\",\"breadcrumb\":{\"@id\":\"https:\\\/\\\/bbqassad.ee\\\/fi\\\/toode\\\/mausteseos-heath-riles-sweet-bbq-rub-mausteseos\\\/#breadcrumb\"},\"inLanguage\":\"fi\",\"potentialAction\":[{\"@type\":\"ReadAction\",\"target\":[\"https:\\\/\\\/bbqassad.ee\\\/fi\\\/toode\\\/mausteseos-heath-riles-sweet-bbq-rub-mausteseos\\\/\"]}]},{\"@type\":\"ImageObject\",\"inLanguage\":\"fi\",\"@id\":\"https:\\\/\\\/bbqassad.ee\\\/fi\\\/toode\\\/mausteseos-heath-riles-sweet-bbq-rub-mausteseos\\\/#primaryimage\",\"url\":\"https:\\\/\\\/bbqassad.ee\\\/wp-content\\\/uploads\\\/2023\\\/06\\\/HR-SweetBBQRub.png\",\"contentUrl\":\"https:\\\/\\\/bbqassad.ee\\\/wp-content\\\/uploads\\\/2023\\\/06\\\/HR-SweetBBQRub.png\",\"width\":800,\"height\":800,\"caption\":\"Maitseainesegu Heath Riles Sweet BBQ rub\"},{\"@type\":\"BreadcrumbList\",\"@id\":\"https:\\\/\\\/bbqassad.ee\\\/fi\\\/toode\\\/mausteseos-heath-riles-sweet-bbq-rub-mausteseos\\\/#breadcrumb\",\"itemListElement\":[{\"@type\":\"ListItem\",\"position\":1,\"name\":\"Home\",\"item\":\"https:\\\/\\\/bbqassad.ee\\\/fi\\\/bbq-assat\\\/\"},{\"@type\":\"ListItem\",\"position\":2,\"name\":\"Verkkokauppa\",\"item\":\"https:\\\/\\\/bbqassad.ee\\\/fi\\\/verkkokauppa\\\/\"},{\"@type\":\"ListItem\",\"position\":3,\"name\":\"Heath Riles Sweet BBQ Rub -mausteseos\"}]},{\"@type\":\"WebSite\",\"@id\":\"https:\\\/\\\/bbqassad.ee\\\/fi\\\/#website\",\"url\":\"https:\\\/\\\/bbqassad.ee\\\/fi\\\/\",\"name\":\"BBQ \u00c4ssad\",\"description\":\"BBQ maitseained, kastmed, ahjud\",\"publisher\":{\"@id\":\"https:\\\/\\\/bbqassad.ee\\\/fi\\\/#organization\"},\"potentialAction\":[{\"@type\":\"SearchAction\",\"target\":{\"@type\":\"EntryPoint\",\"urlTemplate\":\"https:\\\/\\\/bbqassad.ee\\\/fi\\\/?s={search_term_string}\"},\"query-input\":{\"@type\":\"PropertyValueSpecification\",\"valueRequired\":true,\"valueName\":\"search_term_string\"}}],\"inLanguage\":\"fi\"},{\"@type\":\"Organization\",\"@id\":\"https:\\\/\\\/bbqassad.ee\\\/fi\\\/#organization\",\"name\":\"BBQ \u00c4ssad\",\"url\":\"https:\\\/\\\/bbqassad.ee\\\/fi\\\/\",\"logo\":{\"@type\":\"ImageObject\",\"inLanguage\":\"fi\",\"@id\":\"https:\\\/\\\/bbqassad.ee\\\/fi\\\/#\\\/schema\\\/logo\\\/image\\\/\",\"url\":\"https:\\\/\\\/bbqassad.ee\\\/wp-content\\\/uploads\\\/2022\\\/10\\\/BBQ-2ssadlogo.png\",\"contentUrl\":\"https:\\\/\\\/bbqassad.ee\\\/wp-content\\\/uploads\\\/2022\\\/10\\\/BBQ-2ssadlogo.png\",\"width\":1080,\"height\":1080,\"caption\":\"BBQ \u00c4ssad\"},\"image\":{\"@id\":\"https:\\\/\\\/bbqassad.ee\\\/fi\\\/#\\\/schema\\\/logo\\\/image\\\/\"},\"sameAs\":[\"https:\\\/\\\/www.facebook.com\\\/bbqassad\",\"https:\\\/\\\/www.youtube.com\\\/channel\\\/UCsoufn49J6TVi9Ah9meE93w\"]}]}<\/script>\n<!-- \/ Yoast SEO plugin. -->","yoast_head_json":{"title":"Mausteseos Heath Riles Sweet BBQ Rub - BBQ \u00c4ssad%","description":"Heath Riles Sweet BBQ Rub on mausteseos, joka sopii t\u00e4ydellisesti grillaukseen ja paistamiseen. Lis\u00e4\u00e4 ruokiin makeita ja savuisia makuja.","robots":{"index":"index","follow":"follow","max-snippet":"max-snippet:-1","max-image-preview":"max-image-preview:large","max-video-preview":"max-video-preview:-1"},"canonical":"https:\/\/bbqassad.ee\/fi\/toode\/mausteseos-heath-riles-sweet-bbq-rub-mausteseos\/","og_locale":"fi_FI","og_type":"article","og_title":"Mausteseos Heath Riles Sweet BBQ Rub - BBQ \u00c4ssad%","og_description":"Heath Riles Sweet BBQ Rub on mausteseos, joka sopii t\u00e4ydellisesti grillaukseen ja paistamiseen. Lis\u00e4\u00e4 ruokiin makeita ja savuisia makuja.","og_url":"https:\/\/bbqassad.ee\/fi\/toode\/mausteseos-heath-riles-sweet-bbq-rub-mausteseos\/","og_site_name":"BBQ \u00c4ssad","article_publisher":"https:\/\/www.facebook.com\/bbqassad","article_modified_time":"2026-04-14T06:33:51+00:00","og_image":[{"url":"https:\/\/bbqassad.ee\/wp-content\/uploads\/2023\/06\/HR-SweetBBQRub.png","type":"","width":"","height":""}],"twitter_card":"summary_large_image","twitter_title":"Mausteseos Heath Riles Sweet BBQ Rub - BBQ \u00c4ssad%","twitter_description":"Heath Riles Sweet BBQ Rub on mausteseos, joka sopii t\u00e4ydellisesti grillaukseen ja paistamiseen. Lis\u00e4\u00e4 ruokiin makeita ja savuisia makuja.","twitter_image":"https:\/\/bbqassad.ee\/wp-content\/uploads\/2023\/06\/HR-SweetBBQRub.png","twitter_misc":{"Arvioitu lukuaika":"1 minuutti"},"schema":{"@context":"https:\/\/schema.org","@graph":[{"@type":"WebPage","@id":"https:\/\/bbqassad.ee\/fi\/toode\/mausteseos-heath-riles-sweet-bbq-rub-mausteseos\/","url":"https:\/\/bbqassad.ee\/fi\/toode\/mausteseos-heath-riles-sweet-bbq-rub-mausteseos\/","name":"Mausteseos Heath Riles Sweet BBQ Rub - BBQ \u00c4ssad%","isPartOf":{"@id":"https:\/\/bbqassad.ee\/fi\/#website"},"primaryImageOfPage":{"@id":"https:\/\/bbqassad.ee\/fi\/toode\/mausteseos-heath-riles-sweet-bbq-rub-mausteseos\/#primaryimage"},"image":{"@id":"https:\/\/bbqassad.ee\/fi\/toode\/mausteseos-heath-riles-sweet-bbq-rub-mausteseos\/#primaryimage"},"thumbnailUrl":"https:\/\/bbqassad.ee\/wp-content\/uploads\/2023\/06\/HR-SweetBBQRub.png","datePublished":"2023-07-06T15:17:37+00:00","dateModified":"2026-04-14T06:33:51+00:00","description":"Heath Riles Sweet BBQ Rub on mausteseos, joka sopii t\u00e4ydellisesti grillaukseen ja paistamiseen. Lis\u00e4\u00e4 ruokiin makeita ja savuisia makuja.","breadcrumb":{"@id":"https:\/\/bbqassad.ee\/fi\/toode\/mausteseos-heath-riles-sweet-bbq-rub-mausteseos\/#breadcrumb"},"inLanguage":"fi","potentialAction":[{"@type":"ReadAction","target":["https:\/\/bbqassad.ee\/fi\/toode\/mausteseos-heath-riles-sweet-bbq-rub-mausteseos\/"]}]},{"@type":"ImageObject","inLanguage":"fi","@id":"https:\/\/bbqassad.ee\/fi\/toode\/mausteseos-heath-riles-sweet-bbq-rub-mausteseos\/#primaryimage","url":"https:\/\/bbqassad.ee\/wp-content\/uploads\/2023\/06\/HR-SweetBBQRub.png","contentUrl":"https:\/\/bbqassad.ee\/wp-content\/uploads\/2023\/06\/HR-SweetBBQRub.png","width":800,"height":800,"caption":"Maitseainesegu Heath Riles Sweet BBQ rub"},{"@type":"BreadcrumbList","@id":"https:\/\/bbqassad.ee\/fi\/toode\/mausteseos-heath-riles-sweet-bbq-rub-mausteseos\/#breadcrumb","itemListElement":[{"@type":"ListItem","position":1,"name":"Home","item":"https:\/\/bbqassad.ee\/fi\/bbq-assat\/"},{"@type":"ListItem","position":2,"name":"Verkkokauppa","item":"https:\/\/bbqassad.ee\/fi\/verkkokauppa\/"},{"@type":"ListItem","position":3,"name":"Heath Riles Sweet BBQ Rub -mausteseos"}]},{"@type":"WebSite","@id":"https:\/\/bbqassad.ee\/fi\/#website","url":"https:\/\/bbqassad.ee\/fi\/","name":"BBQ \u00c4ssad","description":"BBQ maitseained, kastmed, ahjud","publisher":{"@id":"https:\/\/bbqassad.ee\/fi\/#organization"},"potentialAction":[{"@type":"SearchAction","target":{"@type":"EntryPoint","urlTemplate":"https:\/\/bbqassad.ee\/fi\/?s={search_term_string}"},"query-input":{"@type":"PropertyValueSpecification","valueRequired":true,"valueName":"search_term_string"}}],"inLanguage":"fi"},{"@type":"Organization","@id":"https:\/\/bbqassad.ee\/fi\/#organization","name":"BBQ \u00c4ssad","url":"https:\/\/bbqassad.ee\/fi\/","logo":{"@type":"ImageObject","inLanguage":"fi","@id":"https:\/\/bbqassad.ee\/fi\/#\/schema\/logo\/image\/","url":"https:\/\/bbqassad.ee\/wp-content\/uploads\/2022\/10\/BBQ-2ssadlogo.png","contentUrl":"https:\/\/bbqassad.ee\/wp-content\/uploads\/2022\/10\/BBQ-2ssadlogo.png","width":1080,"height":1080,"caption":"BBQ \u00c4ssad"},"image":{"@id":"https:\/\/bbqassad.ee\/fi\/#\/schema\/logo\/image\/"},"sameAs":["https:\/\/www.facebook.com\/bbqassad","https:\/\/www.youtube.com\/channel\/UCsoufn49J6TVi9Ah9meE93w"]}]}},"_links":{"self":[{"href":"https:\/\/bbqassad.ee\/fi\/wp-json\/wp\/v2\/product\/23385","targetHints":{"allow":["GET"]}}],"collection":[{"href":"https:\/\/bbqassad.ee\/fi\/wp-json\/wp\/v2\/product"}],"about":[{"href":"https:\/\/bbqassad.ee\/fi\/wp-json\/wp\/v2\/types\/product"}],"replies":[{"embeddable":true,"href":"https:\/\/bbqassad.ee\/fi\/wp-json\/wp\/v2\/comments?post=23385"}],"wp:featuredmedia":[{"embeddable":true,"href":"https:\/\/bbqassad.ee\/fi\/wp-json\/wp\/v2\/media\/23389"}],"wp:attachment":[{"href":"https:\/\/bbqassad.ee\/fi\/wp-json\/wp\/v2\/media?parent=23385"}],"wp:term":[{"taxonomy":"product_brand","embeddable":true,"href":"https:\/\/bbqassad.ee\/fi\/wp-json\/wp\/v2\/product_brand?post=23385"},{"taxonomy":"product_cat","embeddable":true,"href":"https:\/\/bbqassad.ee\/fi\/wp-json\/wp\/v2\/product_cat?post=23385"},{"taxonomy":"product_tag","embeddable":true,"href":"https:\/\/bbqassad.ee\/fi\/wp-json\/wp\/v2\/product_tag?post=23385"}],"curies":[{"name":"wp","href":"https:\/\/api.w.org\/{rel}","templated":true}]}}