{"id":23383,"date":"2023-07-07T11:59:03","date_gmt":"2023-07-07T11:59:03","guid":{"rendered":"https:\/\/bbqassad.ee\/toode\/howtobbqoikea-luuttomaksi-leikkaava-veitsi\/"},"modified":"2026-04-14T06:33:51","modified_gmt":"2026-04-14T06:33:51","slug":"howtobbqoikea-luuttomaksi-leikkaava-veitsi","status":"publish","type":"product","link":"https:\/\/bbqassad.ee\/fi\/toode\/howtobbqoikea-luuttomaksi-leikkaava-veitsi\/","title":{"rendered":"HowtoBBQRight Boning Knife"},"content":{"rendered":"<p>Veitsi, jolla muotoilemme sianlihan itse. T\u00e4ss\u00e4 on etuna joustava ter\u00e4 ja se, ett\u00e4 itse ter\u00e4 on kaareva. <\/p>\n<p>T\u00e4m\u00e4 on kuuluisan miehen tuote, mutta varsinainen valmistaja on kuuluisa Dexter Russell, joka on yhdistetty Green Riverin ter\u00e4\u00e4n ja ergonomiseen kahvaan.<\/p>\n<p>Se on veitsi, jota Ardo kaipasi arsenaaliinsa, nyt h\u00e4nell\u00e4 on se ja h\u00e4n k\u00e4ytt\u00e4\u00e4 sit\u00e4 aina \ud83d\ude42<\/p>\n<p>NSF-sertifioitu, valmistettu Yhdysvalloissa!<\/p>\n<p>&nbsp;<\/p>\n<p>&nbsp;<\/p>\n","protected":false},"excerpt":{"rendered":"<p>Veitsi, jolla muotoilemme sianlihan itse. T\u00e4ss\u00e4 on etuna joustava ter\u00e4 ja se, ett\u00e4 itse ter\u00e4 on kaareva. T\u00e4m\u00e4 on kuuluisan miehen tuote, mutta varsinainen valmistaja on kuuluisa Dexter Russell, joka on yhdistetty Green Riverin ter\u00e4\u00e4n ja ergonomiseen kahvaan. Se on veitsi, jota Ardo kaipasi arsenaaliinsa, nyt h\u00e4nell\u00e4 on se ja h\u00e4n k\u00e4ytt\u00e4\u00e4 sit\u00e4 aina \ud83d\ude42 [&#8230;]\n","protected":false},"featured_media":23390,"comment_status":"open","ping_status":"closed","template":"","meta":[],"product_brand":[],"product_cat":[814],"product_tag":[],"class_list":{"0":"post-23383","1":"product","2":"type-product","3":"status-publish","4":"has-post-thumbnail","6":"product_cat-veitset","8":"first","9":"outofstock","10":"taxable","11":"shipping-taxable","12":"purchasable","13":"product-type-simple"},"yoast_head":"<!-- This site is optimized with the Yoast SEO plugin v27.4 - https:\/\/yoast.com\/product\/yoast-seo-wordpress\/ -->\n<title>HowtoBBQOikein luuttomaksi leikkaava veitsi - BBQ \u00c4ssad%<\/title>\n<meta name=\"description\" content=\"HowtoBBQRight-luuttomaksi leikkaava veitsi on t\u00e4ydellinen ty\u00f6kalu grillaukseen ja ruoanlaittoon. Valmistettu korkealaatuisista materiaaleista kest\u00e4vyyden ja tarkkuuden varmistamiseksi.\" \/>\n<meta name=\"robots\" content=\"index, follow, max-snippet:-1, max-image-preview:large, max-video-preview:-1\" \/>\n<link rel=\"canonical\" href=\"https:\/\/bbqassad.ee\/fi\/toode\/howtobbqoikea-luuttomaksi-leikkaava-veitsi\/\" \/>\n<meta property=\"og:locale\" content=\"fi_FI\" \/>\n<meta property=\"og:type\" content=\"article\" \/>\n<meta property=\"og:title\" content=\"HowtoBBQOikein luuttomaksi leikkaava veitsi - BBQ \u00c4ssad%\" \/>\n<meta property=\"og:description\" content=\"HowtoBBQRight-luuttomaksi leikkaava veitsi on t\u00e4ydellinen ty\u00f6kalu grillaukseen ja ruoanlaittoon. Valmistettu korkealaatuisista materiaaleista kest\u00e4vyyden ja tarkkuuden varmistamiseksi.\" \/>\n<meta property=\"og:url\" content=\"https:\/\/bbqassad.ee\/fi\/toode\/howtobbqoikea-luuttomaksi-leikkaava-veitsi\/\" \/>\n<meta property=\"og:site_name\" content=\"BBQ \u00c4ssad\" \/>\n<meta property=\"article:publisher\" content=\"https:\/\/www.facebook.com\/bbqassad\" \/>\n<meta property=\"article:modified_time\" content=\"2026-04-14T06:33:51+00:00\" \/>\n<meta property=\"og:image\" content=\"https:\/\/bbqassad.ee\/wp-content\/uploads\/2023\/06\/Nuga-Dexter.png\" \/>\n<meta name=\"twitter:card\" content=\"summary_large_image\" \/>\n<meta name=\"twitter:title\" content=\"HowtoBBQOikea luuttomaksi leikkaava veitsi - BBQ \u00c4ssad%\" \/>\n<meta name=\"twitter:description\" content=\"HowtoBBQRight-luuttomaksi leikkaava veitsi on t\u00e4ydellinen ty\u00f6kalu grillaukseen ja ruoanlaittoon. Valmistettu korkealaatuisista materiaaleista kest\u00e4vyyden ja tarkkuuden varmistamiseksi.\" \/>\n<meta name=\"twitter:image\" content=\"https:\/\/bbqassad.ee\/wp-content\/uploads\/2023\/06\/Nuga-Dexter.png\" \/>\n<script type=\"application\/ld+json\" class=\"yoast-schema-graph\">{\"@context\":\"https:\\\/\\\/schema.org\",\"@graph\":[{\"@type\":\"WebPage\",\"@id\":\"https:\\\/\\\/bbqassad.ee\\\/fi\\\/toode\\\/howtobbqoikea-luuttomaksi-leikkaava-veitsi\\\/\",\"url\":\"https:\\\/\\\/bbqassad.ee\\\/fi\\\/toode\\\/howtobbqoikea-luuttomaksi-leikkaava-veitsi\\\/\",\"name\":\"HowtoBBQOikein luuttomaksi leikkaava veitsi - BBQ \u00c4ssad%\",\"isPartOf\":{\"@id\":\"https:\\\/\\\/bbqassad.ee\\\/fi\\\/#website\"},\"primaryImageOfPage\":{\"@id\":\"https:\\\/\\\/bbqassad.ee\\\/fi\\\/toode\\\/howtobbqoikea-luuttomaksi-leikkaava-veitsi\\\/#primaryimage\"},\"image\":{\"@id\":\"https:\\\/\\\/bbqassad.ee\\\/fi\\\/toode\\\/howtobbqoikea-luuttomaksi-leikkaava-veitsi\\\/#primaryimage\"},\"thumbnailUrl\":\"https:\\\/\\\/bbqassad.ee\\\/wp-content\\\/uploads\\\/2023\\\/06\\\/Nuga-Dexter.png\",\"datePublished\":\"2023-07-07T11:59:03+00:00\",\"dateModified\":\"2026-04-14T06:33:51+00:00\",\"description\":\"HowtoBBQRight-luuttomaksi leikkaava veitsi on t\u00e4ydellinen ty\u00f6kalu grillaukseen ja ruoanlaittoon. Valmistettu korkealaatuisista materiaaleista kest\u00e4vyyden ja tarkkuuden varmistamiseksi.\",\"breadcrumb\":{\"@id\":\"https:\\\/\\\/bbqassad.ee\\\/fi\\\/toode\\\/howtobbqoikea-luuttomaksi-leikkaava-veitsi\\\/#breadcrumb\"},\"inLanguage\":\"fi\",\"potentialAction\":[{\"@type\":\"ReadAction\",\"target\":[\"https:\\\/\\\/bbqassad.ee\\\/fi\\\/toode\\\/howtobbqoikea-luuttomaksi-leikkaava-veitsi\\\/\"]}]},{\"@type\":\"ImageObject\",\"inLanguage\":\"fi\",\"@id\":\"https:\\\/\\\/bbqassad.ee\\\/fi\\\/toode\\\/howtobbqoikea-luuttomaksi-leikkaava-veitsi\\\/#primaryimage\",\"url\":\"https:\\\/\\\/bbqassad.ee\\\/wp-content\\\/uploads\\\/2023\\\/06\\\/Nuga-Dexter.png\",\"contentUrl\":\"https:\\\/\\\/bbqassad.ee\\\/wp-content\\\/uploads\\\/2023\\\/06\\\/Nuga-Dexter.png\",\"width\":800,\"height\":800,\"caption\":\"How to BBQ right nuga\"},{\"@type\":\"BreadcrumbList\",\"@id\":\"https:\\\/\\\/bbqassad.ee\\\/fi\\\/toode\\\/howtobbqoikea-luuttomaksi-leikkaava-veitsi\\\/#breadcrumb\",\"itemListElement\":[{\"@type\":\"ListItem\",\"position\":1,\"name\":\"Home\",\"item\":\"https:\\\/\\\/bbqassad.ee\\\/fi\\\/bbq-assat\\\/\"},{\"@type\":\"ListItem\",\"position\":2,\"name\":\"Verkkokauppa\",\"item\":\"https:\\\/\\\/bbqassad.ee\\\/fi\\\/verkkokauppa\\\/\"},{\"@type\":\"ListItem\",\"position\":3,\"name\":\"HowtoBBQRight Boning Knife\"}]},{\"@type\":\"WebSite\",\"@id\":\"https:\\\/\\\/bbqassad.ee\\\/fi\\\/#website\",\"url\":\"https:\\\/\\\/bbqassad.ee\\\/fi\\\/\",\"name\":\"BBQ \u00c4ssad\",\"description\":\"BBQ maitseained, kastmed, ahjud\",\"publisher\":{\"@id\":\"https:\\\/\\\/bbqassad.ee\\\/fi\\\/#organization\"},\"potentialAction\":[{\"@type\":\"SearchAction\",\"target\":{\"@type\":\"EntryPoint\",\"urlTemplate\":\"https:\\\/\\\/bbqassad.ee\\\/fi\\\/?s={search_term_string}\"},\"query-input\":{\"@type\":\"PropertyValueSpecification\",\"valueRequired\":true,\"valueName\":\"search_term_string\"}}],\"inLanguage\":\"fi\"},{\"@type\":\"Organization\",\"@id\":\"https:\\\/\\\/bbqassad.ee\\\/fi\\\/#organization\",\"name\":\"BBQ \u00c4ssad\",\"url\":\"https:\\\/\\\/bbqassad.ee\\\/fi\\\/\",\"logo\":{\"@type\":\"ImageObject\",\"inLanguage\":\"fi\",\"@id\":\"https:\\\/\\\/bbqassad.ee\\\/fi\\\/#\\\/schema\\\/logo\\\/image\\\/\",\"url\":\"https:\\\/\\\/bbqassad.ee\\\/wp-content\\\/uploads\\\/2022\\\/10\\\/BBQ-2ssadlogo.png\",\"contentUrl\":\"https:\\\/\\\/bbqassad.ee\\\/wp-content\\\/uploads\\\/2022\\\/10\\\/BBQ-2ssadlogo.png\",\"width\":1080,\"height\":1080,\"caption\":\"BBQ \u00c4ssad\"},\"image\":{\"@id\":\"https:\\\/\\\/bbqassad.ee\\\/fi\\\/#\\\/schema\\\/logo\\\/image\\\/\"},\"sameAs\":[\"https:\\\/\\\/www.facebook.com\\\/bbqassad\",\"https:\\\/\\\/www.youtube.com\\\/channel\\\/UCsoufn49J6TVi9Ah9meE93w\"]}]}<\/script>\n<!-- \/ Yoast SEO plugin. -->","yoast_head_json":{"title":"HowtoBBQOikein luuttomaksi leikkaava veitsi - BBQ \u00c4ssad%","description":"HowtoBBQRight-luuttomaksi leikkaava veitsi on t\u00e4ydellinen ty\u00f6kalu grillaukseen ja ruoanlaittoon. Valmistettu korkealaatuisista materiaaleista kest\u00e4vyyden ja tarkkuuden varmistamiseksi.","robots":{"index":"index","follow":"follow","max-snippet":"max-snippet:-1","max-image-preview":"max-image-preview:large","max-video-preview":"max-video-preview:-1"},"canonical":"https:\/\/bbqassad.ee\/fi\/toode\/howtobbqoikea-luuttomaksi-leikkaava-veitsi\/","og_locale":"fi_FI","og_type":"article","og_title":"HowtoBBQOikein luuttomaksi leikkaava veitsi - BBQ \u00c4ssad%","og_description":"HowtoBBQRight-luuttomaksi leikkaava veitsi on t\u00e4ydellinen ty\u00f6kalu grillaukseen ja ruoanlaittoon. Valmistettu korkealaatuisista materiaaleista kest\u00e4vyyden ja tarkkuuden varmistamiseksi.","og_url":"https:\/\/bbqassad.ee\/fi\/toode\/howtobbqoikea-luuttomaksi-leikkaava-veitsi\/","og_site_name":"BBQ \u00c4ssad","article_publisher":"https:\/\/www.facebook.com\/bbqassad","article_modified_time":"2026-04-14T06:33:51+00:00","og_image":[{"url":"https:\/\/bbqassad.ee\/wp-content\/uploads\/2023\/06\/Nuga-Dexter.png","type":"","width":"","height":""}],"twitter_card":"summary_large_image","twitter_title":"HowtoBBQOikea luuttomaksi leikkaava veitsi - BBQ \u00c4ssad%","twitter_description":"HowtoBBQRight-luuttomaksi leikkaava veitsi on t\u00e4ydellinen ty\u00f6kalu grillaukseen ja ruoanlaittoon. Valmistettu korkealaatuisista materiaaleista kest\u00e4vyyden ja tarkkuuden varmistamiseksi.","twitter_image":"https:\/\/bbqassad.ee\/wp-content\/uploads\/2023\/06\/Nuga-Dexter.png","schema":{"@context":"https:\/\/schema.org","@graph":[{"@type":"WebPage","@id":"https:\/\/bbqassad.ee\/fi\/toode\/howtobbqoikea-luuttomaksi-leikkaava-veitsi\/","url":"https:\/\/bbqassad.ee\/fi\/toode\/howtobbqoikea-luuttomaksi-leikkaava-veitsi\/","name":"HowtoBBQOikein luuttomaksi leikkaava veitsi - BBQ \u00c4ssad%","isPartOf":{"@id":"https:\/\/bbqassad.ee\/fi\/#website"},"primaryImageOfPage":{"@id":"https:\/\/bbqassad.ee\/fi\/toode\/howtobbqoikea-luuttomaksi-leikkaava-veitsi\/#primaryimage"},"image":{"@id":"https:\/\/bbqassad.ee\/fi\/toode\/howtobbqoikea-luuttomaksi-leikkaava-veitsi\/#primaryimage"},"thumbnailUrl":"https:\/\/bbqassad.ee\/wp-content\/uploads\/2023\/06\/Nuga-Dexter.png","datePublished":"2023-07-07T11:59:03+00:00","dateModified":"2026-04-14T06:33:51+00:00","description":"HowtoBBQRight-luuttomaksi leikkaava veitsi on t\u00e4ydellinen ty\u00f6kalu grillaukseen ja ruoanlaittoon. Valmistettu korkealaatuisista materiaaleista kest\u00e4vyyden ja tarkkuuden varmistamiseksi.","breadcrumb":{"@id":"https:\/\/bbqassad.ee\/fi\/toode\/howtobbqoikea-luuttomaksi-leikkaava-veitsi\/#breadcrumb"},"inLanguage":"fi","potentialAction":[{"@type":"ReadAction","target":["https:\/\/bbqassad.ee\/fi\/toode\/howtobbqoikea-luuttomaksi-leikkaava-veitsi\/"]}]},{"@type":"ImageObject","inLanguage":"fi","@id":"https:\/\/bbqassad.ee\/fi\/toode\/howtobbqoikea-luuttomaksi-leikkaava-veitsi\/#primaryimage","url":"https:\/\/bbqassad.ee\/wp-content\/uploads\/2023\/06\/Nuga-Dexter.png","contentUrl":"https:\/\/bbqassad.ee\/wp-content\/uploads\/2023\/06\/Nuga-Dexter.png","width":800,"height":800,"caption":"How to BBQ right nuga"},{"@type":"BreadcrumbList","@id":"https:\/\/bbqassad.ee\/fi\/toode\/howtobbqoikea-luuttomaksi-leikkaava-veitsi\/#breadcrumb","itemListElement":[{"@type":"ListItem","position":1,"name":"Home","item":"https:\/\/bbqassad.ee\/fi\/bbq-assat\/"},{"@type":"ListItem","position":2,"name":"Verkkokauppa","item":"https:\/\/bbqassad.ee\/fi\/verkkokauppa\/"},{"@type":"ListItem","position":3,"name":"HowtoBBQRight Boning Knife"}]},{"@type":"WebSite","@id":"https:\/\/bbqassad.ee\/fi\/#website","url":"https:\/\/bbqassad.ee\/fi\/","name":"BBQ \u00c4ssad","description":"BBQ maitseained, kastmed, ahjud","publisher":{"@id":"https:\/\/bbqassad.ee\/fi\/#organization"},"potentialAction":[{"@type":"SearchAction","target":{"@type":"EntryPoint","urlTemplate":"https:\/\/bbqassad.ee\/fi\/?s={search_term_string}"},"query-input":{"@type":"PropertyValueSpecification","valueRequired":true,"valueName":"search_term_string"}}],"inLanguage":"fi"},{"@type":"Organization","@id":"https:\/\/bbqassad.ee\/fi\/#organization","name":"BBQ \u00c4ssad","url":"https:\/\/bbqassad.ee\/fi\/","logo":{"@type":"ImageObject","inLanguage":"fi","@id":"https:\/\/bbqassad.ee\/fi\/#\/schema\/logo\/image\/","url":"https:\/\/bbqassad.ee\/wp-content\/uploads\/2022\/10\/BBQ-2ssadlogo.png","contentUrl":"https:\/\/bbqassad.ee\/wp-content\/uploads\/2022\/10\/BBQ-2ssadlogo.png","width":1080,"height":1080,"caption":"BBQ \u00c4ssad"},"image":{"@id":"https:\/\/bbqassad.ee\/fi\/#\/schema\/logo\/image\/"},"sameAs":["https:\/\/www.facebook.com\/bbqassad","https:\/\/www.youtube.com\/channel\/UCsoufn49J6TVi9Ah9meE93w"]}]}},"_links":{"self":[{"href":"https:\/\/bbqassad.ee\/fi\/wp-json\/wp\/v2\/product\/23383","targetHints":{"allow":["GET"]}}],"collection":[{"href":"https:\/\/bbqassad.ee\/fi\/wp-json\/wp\/v2\/product"}],"about":[{"href":"https:\/\/bbqassad.ee\/fi\/wp-json\/wp\/v2\/types\/product"}],"replies":[{"embeddable":true,"href":"https:\/\/bbqassad.ee\/fi\/wp-json\/wp\/v2\/comments?post=23383"}],"wp:featuredmedia":[{"embeddable":true,"href":"https:\/\/bbqassad.ee\/fi\/wp-json\/wp\/v2\/media\/23390"}],"wp:attachment":[{"href":"https:\/\/bbqassad.ee\/fi\/wp-json\/wp\/v2\/media?parent=23383"}],"wp:term":[{"taxonomy":"product_brand","embeddable":true,"href":"https:\/\/bbqassad.ee\/fi\/wp-json\/wp\/v2\/product_brand?post=23383"},{"taxonomy":"product_cat","embeddable":true,"href":"https:\/\/bbqassad.ee\/fi\/wp-json\/wp\/v2\/product_cat?post=23383"},{"taxonomy":"product_tag","embeddable":true,"href":"https:\/\/bbqassad.ee\/fi\/wp-json\/wp\/v2\/product_tag?post=23383"}],"curies":[{"name":"wp","href":"https:\/\/api.w.org\/{rel}","templated":true}]}}