{"id":23380,"date":"2023-07-07T12:09:55","date_gmt":"2023-07-07T12:09:55","guid":{"rendered":"https:\/\/bbqassad.ee\/toode\/kumikasineet\/"},"modified":"2026-04-14T06:33:56","modified_gmt":"2026-04-14T06:33:56","slug":"kumikasineet","status":"publish","type":"product","link":"https:\/\/bbqassad.ee\/fi\/toode\/kumikasineet\/","title":{"rendered":"Kumik\u00e4sineet"},"content":{"rendered":"<p>Wortexin mustat kumihanskat ovat ne, joita k\u00e4yt\u00e4mme itse kaikissa resepteiss\u00e4mme ja my\u00f6s kilpailuissa. Ne ovat mukavat ja kest\u00e4v\u00e4t. K\u00e4yt\u00e4 L-versiota ilman alasuojusta ja XL-versiota alasuojuksen kanssa.  <\/p>\n","protected":false},"excerpt":{"rendered":"<p>Wortexin mustat kumihanskat ovat ne, joita k\u00e4yt\u00e4mme itse kaikissa resepteiss\u00e4mme ja my\u00f6s kilpailuissa. Ne ovat mukavat ja kest\u00e4v\u00e4t. K\u00e4yt\u00e4 L-versiota ilman alasuojusta ja XL-versiota alasuojuksen kanssa.<\/p>\n","protected":false},"featured_media":23392,"comment_status":"open","ping_status":"closed","template":"","meta":[],"product_brand":[],"product_cat":[784],"product_tag":[],"class_list":{"0":"post-23380","1":"product","2":"type-product","3":"status-publish","4":"has-post-thumbnail","6":"product_cat-tarvikkeet","8":"first","9":"instock","10":"taxable","11":"shipping-taxable","12":"purchasable","13":"product-type-variable","14":"has-default-attributes"},"yoast_head":"<!-- This site is optimized with the Yoast SEO plugin v27.4 - https:\/\/yoast.com\/product\/yoast-seo-wordpress\/ -->\n<title>Kumik\u00e4sineet L ja XL - BBQ \u00c4ssad%<\/title>\n<meta name=\"description\" content=\"N\u00e4m\u00e4 kumihanskat, joita on saatavana koossa L ja XL, ovat t\u00e4ydellinen valinta pit\u00e4m\u00e4\u00e4n k\u00e4det kuivina ja suojattuina m\u00e4riss\u00e4 olosuhteissa.\" \/>\n<meta name=\"robots\" content=\"index, follow, max-snippet:-1, max-image-preview:large, max-video-preview:-1\" \/>\n<link rel=\"canonical\" href=\"https:\/\/bbqassad.ee\/fi\/toode\/kumikasineet\/\" \/>\n<meta property=\"og:locale\" content=\"fi_FI\" \/>\n<meta property=\"og:type\" content=\"article\" \/>\n<meta property=\"og:title\" content=\"Kumik\u00e4sineet L ja XL - BBQ \u00c4ssad%\" \/>\n<meta property=\"og:description\" content=\"N\u00e4m\u00e4 kumihanskat, joita on saatavana koossa L ja XL, ovat t\u00e4ydellinen valinta pit\u00e4m\u00e4\u00e4n k\u00e4det kuivina ja suojattuina m\u00e4riss\u00e4 olosuhteissa.\" \/>\n<meta property=\"og:url\" content=\"https:\/\/bbqassad.ee\/fi\/toode\/kumikasineet\/\" \/>\n<meta property=\"og:site_name\" content=\"BBQ \u00c4ssad\" \/>\n<meta property=\"article:publisher\" content=\"https:\/\/www.facebook.com\/bbqassad\" \/>\n<meta property=\"article:modified_time\" content=\"2026-04-14T06:33:56+00:00\" \/>\n<meta property=\"og:image\" content=\"https:\/\/bbqassad.ee\/wp-content\/uploads\/2023\/06\/Kindad-suurus-XL.png\" \/>\n<meta name=\"twitter:card\" content=\"summary_large_image\" \/>\n<meta name=\"twitter:title\" content=\"Kumik\u00e4sineet L ja XL - BBQ \u00c4ssad%\" \/>\n<meta name=\"twitter:description\" content=\"N\u00e4m\u00e4 kumihanskat, joita on saatavana koossa L ja XL, ovat t\u00e4ydellinen valinta pit\u00e4m\u00e4\u00e4n k\u00e4det kuivina ja suojattuina m\u00e4riss\u00e4 olosuhteissa.\" \/>\n<meta name=\"twitter:image\" content=\"https:\/\/bbqassad.ee\/wp-content\/uploads\/2023\/06\/Kindad-suurus-XL.png\" \/>\n<script type=\"application\/ld+json\" class=\"yoast-schema-graph\">{\"@context\":\"https:\\\/\\\/schema.org\",\"@graph\":[{\"@type\":\"WebPage\",\"@id\":\"https:\\\/\\\/bbqassad.ee\\\/fi\\\/toode\\\/kumikasineet\\\/\",\"url\":\"https:\\\/\\\/bbqassad.ee\\\/fi\\\/toode\\\/kumikasineet\\\/\",\"name\":\"Kumik\u00e4sineet L ja XL - BBQ \u00c4ssad%\",\"isPartOf\":{\"@id\":\"https:\\\/\\\/bbqassad.ee\\\/fi\\\/#website\"},\"primaryImageOfPage\":{\"@id\":\"https:\\\/\\\/bbqassad.ee\\\/fi\\\/toode\\\/kumikasineet\\\/#primaryimage\"},\"image\":{\"@id\":\"https:\\\/\\\/bbqassad.ee\\\/fi\\\/toode\\\/kumikasineet\\\/#primaryimage\"},\"thumbnailUrl\":\"https:\\\/\\\/bbqassad.ee\\\/wp-content\\\/uploads\\\/2023\\\/06\\\/Kindad-suurus-XL.png\",\"datePublished\":\"2023-07-07T12:09:55+00:00\",\"dateModified\":\"2026-04-14T06:33:56+00:00\",\"description\":\"N\u00e4m\u00e4 kumihanskat, joita on saatavana koossa L ja XL, ovat t\u00e4ydellinen valinta pit\u00e4m\u00e4\u00e4n k\u00e4det kuivina ja suojattuina m\u00e4riss\u00e4 olosuhteissa.\",\"breadcrumb\":{\"@id\":\"https:\\\/\\\/bbqassad.ee\\\/fi\\\/toode\\\/kumikasineet\\\/#breadcrumb\"},\"inLanguage\":\"fi\",\"potentialAction\":[{\"@type\":\"ReadAction\",\"target\":[\"https:\\\/\\\/bbqassad.ee\\\/fi\\\/toode\\\/kumikasineet\\\/\"]}]},{\"@type\":\"ImageObject\",\"inLanguage\":\"fi\",\"@id\":\"https:\\\/\\\/bbqassad.ee\\\/fi\\\/toode\\\/kumikasineet\\\/#primaryimage\",\"url\":\"https:\\\/\\\/bbqassad.ee\\\/wp-content\\\/uploads\\\/2023\\\/06\\\/Kindad-suurus-XL.png\",\"contentUrl\":\"https:\\\/\\\/bbqassad.ee\\\/wp-content\\\/uploads\\\/2023\\\/06\\\/Kindad-suurus-XL.png\",\"width\":800,\"height\":800,\"caption\":\"Wortex Kummikindad BBQ \u00c4ssad\"},{\"@type\":\"BreadcrumbList\",\"@id\":\"https:\\\/\\\/bbqassad.ee\\\/fi\\\/toode\\\/kumikasineet\\\/#breadcrumb\",\"itemListElement\":[{\"@type\":\"ListItem\",\"position\":1,\"name\":\"Home\",\"item\":\"https:\\\/\\\/bbqassad.ee\\\/fi\\\/bbq-assat\\\/\"},{\"@type\":\"ListItem\",\"position\":2,\"name\":\"Verkkokauppa\",\"item\":\"https:\\\/\\\/bbqassad.ee\\\/fi\\\/verkkokauppa\\\/\"},{\"@type\":\"ListItem\",\"position\":3,\"name\":\"Kumik\u00e4sineet\"}]},{\"@type\":\"WebSite\",\"@id\":\"https:\\\/\\\/bbqassad.ee\\\/fi\\\/#website\",\"url\":\"https:\\\/\\\/bbqassad.ee\\\/fi\\\/\",\"name\":\"BBQ \u00c4ssad\",\"description\":\"BBQ maitseained, kastmed, ahjud\",\"publisher\":{\"@id\":\"https:\\\/\\\/bbqassad.ee\\\/fi\\\/#organization\"},\"potentialAction\":[{\"@type\":\"SearchAction\",\"target\":{\"@type\":\"EntryPoint\",\"urlTemplate\":\"https:\\\/\\\/bbqassad.ee\\\/fi\\\/?s={search_term_string}\"},\"query-input\":{\"@type\":\"PropertyValueSpecification\",\"valueRequired\":true,\"valueName\":\"search_term_string\"}}],\"inLanguage\":\"fi\"},{\"@type\":\"Organization\",\"@id\":\"https:\\\/\\\/bbqassad.ee\\\/fi\\\/#organization\",\"name\":\"BBQ \u00c4ssad\",\"url\":\"https:\\\/\\\/bbqassad.ee\\\/fi\\\/\",\"logo\":{\"@type\":\"ImageObject\",\"inLanguage\":\"fi\",\"@id\":\"https:\\\/\\\/bbqassad.ee\\\/fi\\\/#\\\/schema\\\/logo\\\/image\\\/\",\"url\":\"https:\\\/\\\/bbqassad.ee\\\/wp-content\\\/uploads\\\/2022\\\/10\\\/BBQ-2ssadlogo.png\",\"contentUrl\":\"https:\\\/\\\/bbqassad.ee\\\/wp-content\\\/uploads\\\/2022\\\/10\\\/BBQ-2ssadlogo.png\",\"width\":1080,\"height\":1080,\"caption\":\"BBQ \u00c4ssad\"},\"image\":{\"@id\":\"https:\\\/\\\/bbqassad.ee\\\/fi\\\/#\\\/schema\\\/logo\\\/image\\\/\"},\"sameAs\":[\"https:\\\/\\\/www.facebook.com\\\/bbqassad\",\"https:\\\/\\\/www.youtube.com\\\/channel\\\/UCsoufn49J6TVi9Ah9meE93w\"]}]}<\/script>\n<!-- \/ Yoast SEO plugin. -->","yoast_head_json":{"title":"Kumik\u00e4sineet L ja XL - BBQ \u00c4ssad%","description":"N\u00e4m\u00e4 kumihanskat, joita on saatavana koossa L ja XL, ovat t\u00e4ydellinen valinta pit\u00e4m\u00e4\u00e4n k\u00e4det kuivina ja suojattuina m\u00e4riss\u00e4 olosuhteissa.","robots":{"index":"index","follow":"follow","max-snippet":"max-snippet:-1","max-image-preview":"max-image-preview:large","max-video-preview":"max-video-preview:-1"},"canonical":"https:\/\/bbqassad.ee\/fi\/toode\/kumikasineet\/","og_locale":"fi_FI","og_type":"article","og_title":"Kumik\u00e4sineet L ja XL - BBQ \u00c4ssad%","og_description":"N\u00e4m\u00e4 kumihanskat, joita on saatavana koossa L ja XL, ovat t\u00e4ydellinen valinta pit\u00e4m\u00e4\u00e4n k\u00e4det kuivina ja suojattuina m\u00e4riss\u00e4 olosuhteissa.","og_url":"https:\/\/bbqassad.ee\/fi\/toode\/kumikasineet\/","og_site_name":"BBQ \u00c4ssad","article_publisher":"https:\/\/www.facebook.com\/bbqassad","article_modified_time":"2026-04-14T06:33:56+00:00","og_image":[{"url":"https:\/\/bbqassad.ee\/wp-content\/uploads\/2023\/06\/Kindad-suurus-XL.png","type":"","width":"","height":""}],"twitter_card":"summary_large_image","twitter_title":"Kumik\u00e4sineet L ja XL - BBQ \u00c4ssad%","twitter_description":"N\u00e4m\u00e4 kumihanskat, joita on saatavana koossa L ja XL, ovat t\u00e4ydellinen valinta pit\u00e4m\u00e4\u00e4n k\u00e4det kuivina ja suojattuina m\u00e4riss\u00e4 olosuhteissa.","twitter_image":"https:\/\/bbqassad.ee\/wp-content\/uploads\/2023\/06\/Kindad-suurus-XL.png","schema":{"@context":"https:\/\/schema.org","@graph":[{"@type":"WebPage","@id":"https:\/\/bbqassad.ee\/fi\/toode\/kumikasineet\/","url":"https:\/\/bbqassad.ee\/fi\/toode\/kumikasineet\/","name":"Kumik\u00e4sineet L ja XL - BBQ \u00c4ssad%","isPartOf":{"@id":"https:\/\/bbqassad.ee\/fi\/#website"},"primaryImageOfPage":{"@id":"https:\/\/bbqassad.ee\/fi\/toode\/kumikasineet\/#primaryimage"},"image":{"@id":"https:\/\/bbqassad.ee\/fi\/toode\/kumikasineet\/#primaryimage"},"thumbnailUrl":"https:\/\/bbqassad.ee\/wp-content\/uploads\/2023\/06\/Kindad-suurus-XL.png","datePublished":"2023-07-07T12:09:55+00:00","dateModified":"2026-04-14T06:33:56+00:00","description":"N\u00e4m\u00e4 kumihanskat, joita on saatavana koossa L ja XL, ovat t\u00e4ydellinen valinta pit\u00e4m\u00e4\u00e4n k\u00e4det kuivina ja suojattuina m\u00e4riss\u00e4 olosuhteissa.","breadcrumb":{"@id":"https:\/\/bbqassad.ee\/fi\/toode\/kumikasineet\/#breadcrumb"},"inLanguage":"fi","potentialAction":[{"@type":"ReadAction","target":["https:\/\/bbqassad.ee\/fi\/toode\/kumikasineet\/"]}]},{"@type":"ImageObject","inLanguage":"fi","@id":"https:\/\/bbqassad.ee\/fi\/toode\/kumikasineet\/#primaryimage","url":"https:\/\/bbqassad.ee\/wp-content\/uploads\/2023\/06\/Kindad-suurus-XL.png","contentUrl":"https:\/\/bbqassad.ee\/wp-content\/uploads\/2023\/06\/Kindad-suurus-XL.png","width":800,"height":800,"caption":"Wortex Kummikindad BBQ \u00c4ssad"},{"@type":"BreadcrumbList","@id":"https:\/\/bbqassad.ee\/fi\/toode\/kumikasineet\/#breadcrumb","itemListElement":[{"@type":"ListItem","position":1,"name":"Home","item":"https:\/\/bbqassad.ee\/fi\/bbq-assat\/"},{"@type":"ListItem","position":2,"name":"Verkkokauppa","item":"https:\/\/bbqassad.ee\/fi\/verkkokauppa\/"},{"@type":"ListItem","position":3,"name":"Kumik\u00e4sineet"}]},{"@type":"WebSite","@id":"https:\/\/bbqassad.ee\/fi\/#website","url":"https:\/\/bbqassad.ee\/fi\/","name":"BBQ \u00c4ssad","description":"BBQ maitseained, kastmed, ahjud","publisher":{"@id":"https:\/\/bbqassad.ee\/fi\/#organization"},"potentialAction":[{"@type":"SearchAction","target":{"@type":"EntryPoint","urlTemplate":"https:\/\/bbqassad.ee\/fi\/?s={search_term_string}"},"query-input":{"@type":"PropertyValueSpecification","valueRequired":true,"valueName":"search_term_string"}}],"inLanguage":"fi"},{"@type":"Organization","@id":"https:\/\/bbqassad.ee\/fi\/#organization","name":"BBQ \u00c4ssad","url":"https:\/\/bbqassad.ee\/fi\/","logo":{"@type":"ImageObject","inLanguage":"fi","@id":"https:\/\/bbqassad.ee\/fi\/#\/schema\/logo\/image\/","url":"https:\/\/bbqassad.ee\/wp-content\/uploads\/2022\/10\/BBQ-2ssadlogo.png","contentUrl":"https:\/\/bbqassad.ee\/wp-content\/uploads\/2022\/10\/BBQ-2ssadlogo.png","width":1080,"height":1080,"caption":"BBQ \u00c4ssad"},"image":{"@id":"https:\/\/bbqassad.ee\/fi\/#\/schema\/logo\/image\/"},"sameAs":["https:\/\/www.facebook.com\/bbqassad","https:\/\/www.youtube.com\/channel\/UCsoufn49J6TVi9Ah9meE93w"]}]}},"_links":{"self":[{"href":"https:\/\/bbqassad.ee\/fi\/wp-json\/wp\/v2\/product\/23380","targetHints":{"allow":["GET"]}}],"collection":[{"href":"https:\/\/bbqassad.ee\/fi\/wp-json\/wp\/v2\/product"}],"about":[{"href":"https:\/\/bbqassad.ee\/fi\/wp-json\/wp\/v2\/types\/product"}],"replies":[{"embeddable":true,"href":"https:\/\/bbqassad.ee\/fi\/wp-json\/wp\/v2\/comments?post=23380"}],"wp:featuredmedia":[{"embeddable":true,"href":"https:\/\/bbqassad.ee\/fi\/wp-json\/wp\/v2\/media\/23392"}],"wp:attachment":[{"href":"https:\/\/bbqassad.ee\/fi\/wp-json\/wp\/v2\/media?parent=23380"}],"wp:term":[{"taxonomy":"product_brand","embeddable":true,"href":"https:\/\/bbqassad.ee\/fi\/wp-json\/wp\/v2\/product_brand?post=23380"},{"taxonomy":"product_cat","embeddable":true,"href":"https:\/\/bbqassad.ee\/fi\/wp-json\/wp\/v2\/product_cat?post=23380"},{"taxonomy":"product_tag","embeddable":true,"href":"https:\/\/bbqassad.ee\/fi\/wp-json\/wp\/v2\/product_tag?post=23380"}],"curies":[{"name":"wp","href":"https:\/\/api.w.org\/{rel}","templated":true}]}}