{"id":23376,"date":"2023-08-09T08:42:48","date_gmt":"2023-08-09T08:42:48","guid":{"rendered":"https:\/\/bbqassad.ee\/toode\/mausteseos-chicken-shit\/"},"modified":"2026-04-14T06:33:48","modified_gmt":"2026-04-14T06:33:48","slug":"mausteseos-chicken-shit","status":"publish","type":"product","link":"https:\/\/bbqassad.ee\/fi\/toode\/mausteseos-chicken-shit\/","title":{"rendered":"Chicken Shit -mausteseos"},"content":{"rendered":"<h2>Mausteseos Chicken Shit<\/h2>\n<p>Big Cock Ranch on ollut vahvasti l\u00e4sn\u00e4 valikoimassamme alusta l\u00e4htien, ja heid\u00e4n Good Shit -nimens\u00e4 on osoittautunut suosituimmaksi. Chicken Shit on l\u00e4hes nimens\u00e4 mukaisesti kananmakuinen aromi. Se koostuu yrteist\u00e4 ja kanaliemest\u00e4, ja se on suunniteltu yhteen asiaan &#8211; maustamaan kanaa paremmin.  <\/p>\n<h3>BBQ Aces kommentti<\/h3>\n<p>Suolapohjainen mausteseos, joka on suunniteltu yht\u00e4 asiaa varten &#8211; kanaa varten, \u00e4l\u00e4 kokeile sit\u00e4 miss\u00e4\u00e4n muualla.<\/p>\n<h3>Ammattilaisen vinkki<\/h3>\n<p>Kanaa ja vain kanaa.<\/p>\n","protected":false},"excerpt":{"rendered":"<p><strong>Parasta ennen hyv\u00e4ksytty 11.10.24<\/strong><\/p>\n","protected":false},"featured_media":23377,"comment_status":"open","ping_status":"closed","template":"","meta":[],"product_brand":[],"product_cat":[802],"product_tag":[],"class_list":{"0":"post-23376","1":"product","2":"type-product","3":"status-publish","4":"has-post-thumbnail","6":"product_cat-sekoitukset","8":"first","9":"instock","10":"taxable","11":"shipping-taxable","12":"purchasable","13":"product-type-simple"},"yoast_head":"<!-- This site is optimized with the Yoast SEO plugin v27.4 - https:\/\/yoast.com\/product\/yoast-seo-wordpress\/ -->\n<title>Maustaminen kananpaskalla -% BBQ \u00c4ssad%<\/title>\n<meta name=\"description\" content=\"Chicken Shit on t\u00e4ydellinen maustesekoitus monenlaisiin ruokiin. Parasta ennen -p\u00e4iv\u00e4ys on 11.10.24.\" \/>\n<meta name=\"robots\" content=\"index, follow, max-snippet:-1, max-image-preview:large, max-video-preview:-1\" \/>\n<link rel=\"canonical\" href=\"https:\/\/bbqassad.ee\/fi\/toode\/mausteseos-chicken-shit\/\" \/>\n<meta property=\"og:locale\" content=\"fi_FI\" \/>\n<meta property=\"og:type\" content=\"article\" \/>\n<meta property=\"og:title\" content=\"Maustaminen kananpaskalla -% BBQ \u00c4ssad%\" \/>\n<meta property=\"og:description\" content=\"Chicken Shit on t\u00e4ydellinen maustesekoitus monenlaisiin ruokiin. Parasta ennen -p\u00e4iv\u00e4ys on 11.10.24.\" \/>\n<meta property=\"og:url\" content=\"https:\/\/bbqassad.ee\/fi\/toode\/mausteseos-chicken-shit\/\" \/>\n<meta property=\"og:site_name\" content=\"BBQ \u00c4ssad\" \/>\n<meta property=\"article:publisher\" content=\"https:\/\/www.facebook.com\/bbqassad\" \/>\n<meta property=\"article:modified_time\" content=\"2026-04-14T06:33:48+00:00\" \/>\n<meta property=\"og:image\" content=\"https:\/\/bbqassad.ee\/wp-content\/uploads\/2023\/06\/Chiken-shit.png\" \/>\n<meta name=\"twitter:card\" content=\"summary_large_image\" \/>\n<meta name=\"twitter:title\" content=\"Maustaminen kananpaskalla -% BBQ \u00c4ssad%\" \/>\n<meta name=\"twitter:description\" content=\"Chicken Shit on t\u00e4ydellinen maustesekoitus monenlaisiin ruokiin. Parasta ennen -p\u00e4iv\u00e4ys on 11.10.24.\" \/>\n<meta name=\"twitter:image\" content=\"https:\/\/bbqassad.ee\/wp-content\/uploads\/2023\/06\/Chiken-shit.png\" \/>\n<script type=\"application\/ld+json\" class=\"yoast-schema-graph\">{\"@context\":\"https:\\\/\\\/schema.org\",\"@graph\":[{\"@type\":\"WebPage\",\"@id\":\"https:\\\/\\\/bbqassad.ee\\\/fi\\\/toode\\\/mausteseos-chicken-shit\\\/\",\"url\":\"https:\\\/\\\/bbqassad.ee\\\/fi\\\/toode\\\/mausteseos-chicken-shit\\\/\",\"name\":\"Maustaminen kananpaskalla -% BBQ \u00c4ssad%\",\"isPartOf\":{\"@id\":\"https:\\\/\\\/bbqassad.ee\\\/fi\\\/#website\"},\"primaryImageOfPage\":{\"@id\":\"https:\\\/\\\/bbqassad.ee\\\/fi\\\/toode\\\/mausteseos-chicken-shit\\\/#primaryimage\"},\"image\":{\"@id\":\"https:\\\/\\\/bbqassad.ee\\\/fi\\\/toode\\\/mausteseos-chicken-shit\\\/#primaryimage\"},\"thumbnailUrl\":\"https:\\\/\\\/bbqassad.ee\\\/wp-content\\\/uploads\\\/2023\\\/06\\\/Chiken-shit.png\",\"datePublished\":\"2023-08-09T08:42:48+00:00\",\"dateModified\":\"2026-04-14T06:33:48+00:00\",\"description\":\"Chicken Shit on t\u00e4ydellinen maustesekoitus monenlaisiin ruokiin. Parasta ennen -p\u00e4iv\u00e4ys on 11.10.24.\",\"breadcrumb\":{\"@id\":\"https:\\\/\\\/bbqassad.ee\\\/fi\\\/toode\\\/mausteseos-chicken-shit\\\/#breadcrumb\"},\"inLanguage\":\"fi\",\"potentialAction\":[{\"@type\":\"ReadAction\",\"target\":[\"https:\\\/\\\/bbqassad.ee\\\/fi\\\/toode\\\/mausteseos-chicken-shit\\\/\"]}]},{\"@type\":\"ImageObject\",\"inLanguage\":\"fi\",\"@id\":\"https:\\\/\\\/bbqassad.ee\\\/fi\\\/toode\\\/mausteseos-chicken-shit\\\/#primaryimage\",\"url\":\"https:\\\/\\\/bbqassad.ee\\\/wp-content\\\/uploads\\\/2023\\\/06\\\/Chiken-shit.png\",\"contentUrl\":\"https:\\\/\\\/bbqassad.ee\\\/wp-content\\\/uploads\\\/2023\\\/06\\\/Chiken-shit.png\",\"width\":800,\"height\":800,\"caption\":\"Maitseainesegu Chicken Shit BBQ \u00c4ssad\"},{\"@type\":\"BreadcrumbList\",\"@id\":\"https:\\\/\\\/bbqassad.ee\\\/fi\\\/toode\\\/mausteseos-chicken-shit\\\/#breadcrumb\",\"itemListElement\":[{\"@type\":\"ListItem\",\"position\":1,\"name\":\"Home\",\"item\":\"https:\\\/\\\/bbqassad.ee\\\/fi\\\/bbq-assat\\\/\"},{\"@type\":\"ListItem\",\"position\":2,\"name\":\"Verkkokauppa\",\"item\":\"https:\\\/\\\/bbqassad.ee\\\/fi\\\/verkkokauppa\\\/\"},{\"@type\":\"ListItem\",\"position\":3,\"name\":\"Chicken Shit -mausteseos\"}]},{\"@type\":\"WebSite\",\"@id\":\"https:\\\/\\\/bbqassad.ee\\\/fi\\\/#website\",\"url\":\"https:\\\/\\\/bbqassad.ee\\\/fi\\\/\",\"name\":\"BBQ \u00c4ssad\",\"description\":\"BBQ maitseained, kastmed, ahjud\",\"publisher\":{\"@id\":\"https:\\\/\\\/bbqassad.ee\\\/fi\\\/#organization\"},\"potentialAction\":[{\"@type\":\"SearchAction\",\"target\":{\"@type\":\"EntryPoint\",\"urlTemplate\":\"https:\\\/\\\/bbqassad.ee\\\/fi\\\/?s={search_term_string}\"},\"query-input\":{\"@type\":\"PropertyValueSpecification\",\"valueRequired\":true,\"valueName\":\"search_term_string\"}}],\"inLanguage\":\"fi\"},{\"@type\":\"Organization\",\"@id\":\"https:\\\/\\\/bbqassad.ee\\\/fi\\\/#organization\",\"name\":\"BBQ \u00c4ssad\",\"url\":\"https:\\\/\\\/bbqassad.ee\\\/fi\\\/\",\"logo\":{\"@type\":\"ImageObject\",\"inLanguage\":\"fi\",\"@id\":\"https:\\\/\\\/bbqassad.ee\\\/fi\\\/#\\\/schema\\\/logo\\\/image\\\/\",\"url\":\"https:\\\/\\\/bbqassad.ee\\\/wp-content\\\/uploads\\\/2022\\\/10\\\/BBQ-2ssadlogo.png\",\"contentUrl\":\"https:\\\/\\\/bbqassad.ee\\\/wp-content\\\/uploads\\\/2022\\\/10\\\/BBQ-2ssadlogo.png\",\"width\":1080,\"height\":1080,\"caption\":\"BBQ \u00c4ssad\"},\"image\":{\"@id\":\"https:\\\/\\\/bbqassad.ee\\\/fi\\\/#\\\/schema\\\/logo\\\/image\\\/\"},\"sameAs\":[\"https:\\\/\\\/www.facebook.com\\\/bbqassad\",\"https:\\\/\\\/www.youtube.com\\\/channel\\\/UCsoufn49J6TVi9Ah9meE93w\"]}]}<\/script>\n<!-- \/ Yoast SEO plugin. -->","yoast_head_json":{"title":"Maustaminen kananpaskalla -% BBQ \u00c4ssad%","description":"Chicken Shit on t\u00e4ydellinen maustesekoitus monenlaisiin ruokiin. Parasta ennen -p\u00e4iv\u00e4ys on 11.10.24.","robots":{"index":"index","follow":"follow","max-snippet":"max-snippet:-1","max-image-preview":"max-image-preview:large","max-video-preview":"max-video-preview:-1"},"canonical":"https:\/\/bbqassad.ee\/fi\/toode\/mausteseos-chicken-shit\/","og_locale":"fi_FI","og_type":"article","og_title":"Maustaminen kananpaskalla -% BBQ \u00c4ssad%","og_description":"Chicken Shit on t\u00e4ydellinen maustesekoitus monenlaisiin ruokiin. Parasta ennen -p\u00e4iv\u00e4ys on 11.10.24.","og_url":"https:\/\/bbqassad.ee\/fi\/toode\/mausteseos-chicken-shit\/","og_site_name":"BBQ \u00c4ssad","article_publisher":"https:\/\/www.facebook.com\/bbqassad","article_modified_time":"2026-04-14T06:33:48+00:00","og_image":[{"url":"https:\/\/bbqassad.ee\/wp-content\/uploads\/2023\/06\/Chiken-shit.png","type":"","width":"","height":""}],"twitter_card":"summary_large_image","twitter_title":"Maustaminen kananpaskalla -% BBQ \u00c4ssad%","twitter_description":"Chicken Shit on t\u00e4ydellinen maustesekoitus monenlaisiin ruokiin. Parasta ennen -p\u00e4iv\u00e4ys on 11.10.24.","twitter_image":"https:\/\/bbqassad.ee\/wp-content\/uploads\/2023\/06\/Chiken-shit.png","schema":{"@context":"https:\/\/schema.org","@graph":[{"@type":"WebPage","@id":"https:\/\/bbqassad.ee\/fi\/toode\/mausteseos-chicken-shit\/","url":"https:\/\/bbqassad.ee\/fi\/toode\/mausteseos-chicken-shit\/","name":"Maustaminen kananpaskalla -% BBQ \u00c4ssad%","isPartOf":{"@id":"https:\/\/bbqassad.ee\/fi\/#website"},"primaryImageOfPage":{"@id":"https:\/\/bbqassad.ee\/fi\/toode\/mausteseos-chicken-shit\/#primaryimage"},"image":{"@id":"https:\/\/bbqassad.ee\/fi\/toode\/mausteseos-chicken-shit\/#primaryimage"},"thumbnailUrl":"https:\/\/bbqassad.ee\/wp-content\/uploads\/2023\/06\/Chiken-shit.png","datePublished":"2023-08-09T08:42:48+00:00","dateModified":"2026-04-14T06:33:48+00:00","description":"Chicken Shit on t\u00e4ydellinen maustesekoitus monenlaisiin ruokiin. Parasta ennen -p\u00e4iv\u00e4ys on 11.10.24.","breadcrumb":{"@id":"https:\/\/bbqassad.ee\/fi\/toode\/mausteseos-chicken-shit\/#breadcrumb"},"inLanguage":"fi","potentialAction":[{"@type":"ReadAction","target":["https:\/\/bbqassad.ee\/fi\/toode\/mausteseos-chicken-shit\/"]}]},{"@type":"ImageObject","inLanguage":"fi","@id":"https:\/\/bbqassad.ee\/fi\/toode\/mausteseos-chicken-shit\/#primaryimage","url":"https:\/\/bbqassad.ee\/wp-content\/uploads\/2023\/06\/Chiken-shit.png","contentUrl":"https:\/\/bbqassad.ee\/wp-content\/uploads\/2023\/06\/Chiken-shit.png","width":800,"height":800,"caption":"Maitseainesegu Chicken Shit BBQ \u00c4ssad"},{"@type":"BreadcrumbList","@id":"https:\/\/bbqassad.ee\/fi\/toode\/mausteseos-chicken-shit\/#breadcrumb","itemListElement":[{"@type":"ListItem","position":1,"name":"Home","item":"https:\/\/bbqassad.ee\/fi\/bbq-assat\/"},{"@type":"ListItem","position":2,"name":"Verkkokauppa","item":"https:\/\/bbqassad.ee\/fi\/verkkokauppa\/"},{"@type":"ListItem","position":3,"name":"Chicken Shit -mausteseos"}]},{"@type":"WebSite","@id":"https:\/\/bbqassad.ee\/fi\/#website","url":"https:\/\/bbqassad.ee\/fi\/","name":"BBQ \u00c4ssad","description":"BBQ maitseained, kastmed, ahjud","publisher":{"@id":"https:\/\/bbqassad.ee\/fi\/#organization"},"potentialAction":[{"@type":"SearchAction","target":{"@type":"EntryPoint","urlTemplate":"https:\/\/bbqassad.ee\/fi\/?s={search_term_string}"},"query-input":{"@type":"PropertyValueSpecification","valueRequired":true,"valueName":"search_term_string"}}],"inLanguage":"fi"},{"@type":"Organization","@id":"https:\/\/bbqassad.ee\/fi\/#organization","name":"BBQ \u00c4ssad","url":"https:\/\/bbqassad.ee\/fi\/","logo":{"@type":"ImageObject","inLanguage":"fi","@id":"https:\/\/bbqassad.ee\/fi\/#\/schema\/logo\/image\/","url":"https:\/\/bbqassad.ee\/wp-content\/uploads\/2022\/10\/BBQ-2ssadlogo.png","contentUrl":"https:\/\/bbqassad.ee\/wp-content\/uploads\/2022\/10\/BBQ-2ssadlogo.png","width":1080,"height":1080,"caption":"BBQ \u00c4ssad"},"image":{"@id":"https:\/\/bbqassad.ee\/fi\/#\/schema\/logo\/image\/"},"sameAs":["https:\/\/www.facebook.com\/bbqassad","https:\/\/www.youtube.com\/channel\/UCsoufn49J6TVi9Ah9meE93w"]}]}},"_links":{"self":[{"href":"https:\/\/bbqassad.ee\/fi\/wp-json\/wp\/v2\/product\/23376","targetHints":{"allow":["GET"]}}],"collection":[{"href":"https:\/\/bbqassad.ee\/fi\/wp-json\/wp\/v2\/product"}],"about":[{"href":"https:\/\/bbqassad.ee\/fi\/wp-json\/wp\/v2\/types\/product"}],"replies":[{"embeddable":true,"href":"https:\/\/bbqassad.ee\/fi\/wp-json\/wp\/v2\/comments?post=23376"}],"wp:featuredmedia":[{"embeddable":true,"href":"https:\/\/bbqassad.ee\/fi\/wp-json\/wp\/v2\/media\/23377"}],"wp:attachment":[{"href":"https:\/\/bbqassad.ee\/fi\/wp-json\/wp\/v2\/media?parent=23376"}],"wp:term":[{"taxonomy":"product_brand","embeddable":true,"href":"https:\/\/bbqassad.ee\/fi\/wp-json\/wp\/v2\/product_brand?post=23376"},{"taxonomy":"product_cat","embeddable":true,"href":"https:\/\/bbqassad.ee\/fi\/wp-json\/wp\/v2\/product_cat?post=23376"},{"taxonomy":"product_tag","embeddable":true,"href":"https:\/\/bbqassad.ee\/fi\/wp-json\/wp\/v2\/product_tag?post=23376"}],"curies":[{"name":"wp","href":"https:\/\/api.w.org\/{rel}","templated":true}]}}