{"id":23364,"date":"2023-08-09T08:47:04","date_gmt":"2023-08-09T08:47:04","guid":{"rendered":"https:\/\/bbqassad.ee\/toode\/makusekoitus-heath-riles-simple-citrus-rub-makuuhieronta\/"},"modified":"2026-04-14T06:33:47","modified_gmt":"2026-04-14T06:33:47","slug":"makusekoitus-heath-riles-simple-citrus-rub-makuuhieronta","status":"publish","type":"product","link":"https:\/\/bbqassad.ee\/fi\/toode\/makusekoitus-heath-riles-simple-citrus-rub-makuuhieronta\/","title":{"rendered":"Heath Riles Simple Citrus Rub -mausteseos"},"content":{"rendered":"<h2>Makusekoitus Heath Riles Simple Citrus rub -makuuhieronta.<\/h2>\n<p>Heath Riles on mies, joka on voittanut lukemattomia titteleit\u00e4 maailmanmestaruusluokassa. Viime vuosina h\u00e4n on pysynyt haastamattomana. H\u00e4n tekee sen aina omilla mausteillaan ja kastikkeillaan. Viime vuosina h\u00e4n on my\u00f6s kehitt\u00e4nyt koko joukon muita mausteita, jotka ovat rehellisesti sanottuna juuri sit\u00e4, mit\u00e4 niiden pakkauksessa lukee. T\u00e4ss\u00e4 tapauksessa hapokas sitrushieronta.    <\/p>\n<h3>BBQ Aces kommentti<\/h3>\n<p>Eritt\u00e4in mukava hapan rub, joka ei ole mausteinen vaan suolainen, ja ensimm\u00e4isen\u00e4 mieleen tulee kaikenlaisia kalan muotoja.<\/p>\n<h3>Ammattilaisen vinkki<\/h3>\n<p>Laita se punaisen kalan p\u00e4\u00e4lle, etk\u00e4 kadu sit\u00e4.<\/p>\n","protected":false},"excerpt":{"rendered":"<p>Makusekoitus Heath Riles Simple Citrus rub -makuuhieronta. Heath Riles on mies, joka on voittanut lukemattomia titteleit\u00e4 maailmanmestaruusluokassa. Viime vuosina h\u00e4n on pysynyt haastamattomana. H\u00e4n tekee sen aina omilla mausteillaan ja kastikkeillaan. Viime vuosina h\u00e4n on my\u00f6s kehitt\u00e4nyt koko joukon muita mausteita, jotka ovat rehellisesti sanottuna juuri sit\u00e4, mit\u00e4 niiden pakkauksessa lukee. T\u00e4ss\u00e4 tapauksessa hapokas sitrushieronta. [&#8230;]\n","protected":false},"featured_media":23375,"comment_status":"open","ping_status":"closed","template":"","meta":[],"product_brand":[],"product_cat":[802],"product_tag":[],"class_list":{"0":"post-23364","1":"product","2":"type-product","3":"status-publish","4":"has-post-thumbnail","6":"product_cat-sekoitukset","8":"first","9":"instock","10":"taxable","11":"shipping-taxable","12":"purchasable","13":"product-type-simple"},"yoast_head":"<!-- This site is optimized with the Yoast SEO plugin v27.4 - https:\/\/yoast.com\/product\/yoast-seo-wordpress\/ -->\n<title>Heath Riles Simple Citrus Rub -mausteseos - BBQ \u00c4ssad<\/title>\n<meta name=\"description\" content=\"Heath Riles Simple Citrus Rub on BBQ-mausteseos, jossa on raikkaita sitrushedelmien s\u00e4vyj\u00e4 ja joka sopii erinomaisesti kanalle, kalalle ja sianlihalle. Ihanteellinen grillaukseen, savustukseen ja uuniin.\" \/>\n<meta name=\"robots\" content=\"index, follow, max-snippet:-1, max-image-preview:large, max-video-preview:-1\" \/>\n<link rel=\"canonical\" href=\"https:\/\/bbqassad.ee\/fi\/toode\/makusekoitus-heath-riles-simple-citrus-rub-makuuhieronta\/\" \/>\n<meta property=\"og:locale\" content=\"fi_FI\" \/>\n<meta property=\"og:type\" content=\"article\" \/>\n<meta property=\"og:title\" content=\"Makusekoitus Heath Riles Simple Citrus rub -makuuhieronta.\" \/>\n<meta property=\"og:description\" content=\"Heath Riles Simple Citrus Rub - BBQ-mausteseos, jossa on raikkaita sitrushedelmien s\u00e4vyj\u00e4 ja joka sopii erityisen hyvin kanalle, kalalle ja sianlihalle. Ihanteellinen grillaukseen, savustukseen ja uuniin.\" \/>\n<meta property=\"og:url\" content=\"https:\/\/bbqassad.ee\/fi\/toode\/makusekoitus-heath-riles-simple-citrus-rub-makuuhieronta\/\" \/>\n<meta property=\"og:site_name\" content=\"BBQ \u00c4ssad\" \/>\n<meta property=\"article:publisher\" content=\"https:\/\/www.facebook.com\/bbqassad\" \/>\n<meta property=\"article:modified_time\" content=\"2026-04-14T06:33:47+00:00\" \/>\n<meta property=\"og:image\" content=\"https:\/\/bbqassad.ee\/wp-content\/uploads\/2023\/07\/Heath-Riles_Simple-Citrus-Rub-300x300.png\" \/>\n<meta name=\"twitter:card\" content=\"summary_large_image\" \/>\n<script type=\"application\/ld+json\" class=\"yoast-schema-graph\">{\"@context\":\"https:\\\/\\\/schema.org\",\"@graph\":[{\"@type\":\"WebPage\",\"@id\":\"https:\\\/\\\/bbqassad.ee\\\/fi\\\/toode\\\/makusekoitus-heath-riles-simple-citrus-rub-makuuhieronta\\\/\",\"url\":\"https:\\\/\\\/bbqassad.ee\\\/fi\\\/toode\\\/makusekoitus-heath-riles-simple-citrus-rub-makuuhieronta\\\/\",\"name\":\"Heath Riles Simple Citrus Rub -mausteseos - BBQ \u00c4ssad\",\"isPartOf\":{\"@id\":\"https:\\\/\\\/bbqassad.ee\\\/fi\\\/#website\"},\"primaryImageOfPage\":{\"@id\":\"https:\\\/\\\/bbqassad.ee\\\/fi\\\/toode\\\/makusekoitus-heath-riles-simple-citrus-rub-makuuhieronta\\\/#primaryimage\"},\"image\":{\"@id\":\"https:\\\/\\\/bbqassad.ee\\\/fi\\\/toode\\\/makusekoitus-heath-riles-simple-citrus-rub-makuuhieronta\\\/#primaryimage\"},\"thumbnailUrl\":\"https:\\\/\\\/bbqassad.ee\\\/wp-content\\\/uploads\\\/2023\\\/07\\\/Heath-Riles_Simple-Citrus-Rub.png\",\"datePublished\":\"2023-08-09T08:47:04+00:00\",\"dateModified\":\"2026-04-14T06:33:47+00:00\",\"description\":\"Heath Riles Simple Citrus Rub on BBQ-mausteseos, jossa on raikkaita sitrushedelmien s\u00e4vyj\u00e4 ja joka sopii erinomaisesti kanalle, kalalle ja sianlihalle. Ihanteellinen grillaukseen, savustukseen ja uuniin.\",\"breadcrumb\":{\"@id\":\"https:\\\/\\\/bbqassad.ee\\\/fi\\\/toode\\\/makusekoitus-heath-riles-simple-citrus-rub-makuuhieronta\\\/#breadcrumb\"},\"inLanguage\":\"fi\",\"potentialAction\":[{\"@type\":\"ReadAction\",\"target\":[\"https:\\\/\\\/bbqassad.ee\\\/fi\\\/toode\\\/makusekoitus-heath-riles-simple-citrus-rub-makuuhieronta\\\/\"]}]},{\"@type\":\"ImageObject\",\"inLanguage\":\"fi\",\"@id\":\"https:\\\/\\\/bbqassad.ee\\\/fi\\\/toode\\\/makusekoitus-heath-riles-simple-citrus-rub-makuuhieronta\\\/#primaryimage\",\"url\":\"https:\\\/\\\/bbqassad.ee\\\/wp-content\\\/uploads\\\/2023\\\/07\\\/Heath-Riles_Simple-Citrus-Rub.png\",\"contentUrl\":\"https:\\\/\\\/bbqassad.ee\\\/wp-content\\\/uploads\\\/2023\\\/07\\\/Heath-Riles_Simple-Citrus-Rub.png\",\"width\":800,\"height\":800,\"caption\":\"Maitseainesegu Heath Riles Simple Citrus rub\"},{\"@type\":\"BreadcrumbList\",\"@id\":\"https:\\\/\\\/bbqassad.ee\\\/fi\\\/toode\\\/makusekoitus-heath-riles-simple-citrus-rub-makuuhieronta\\\/#breadcrumb\",\"itemListElement\":[{\"@type\":\"ListItem\",\"position\":1,\"name\":\"Home\",\"item\":\"https:\\\/\\\/bbqassad.ee\\\/fi\\\/bbq-assat\\\/\"},{\"@type\":\"ListItem\",\"position\":2,\"name\":\"Verkkokauppa\",\"item\":\"https:\\\/\\\/bbqassad.ee\\\/fi\\\/verkkokauppa\\\/\"},{\"@type\":\"ListItem\",\"position\":3,\"name\":\"Heath Riles Simple Citrus Rub -mausteseos\"}]},{\"@type\":\"WebSite\",\"@id\":\"https:\\\/\\\/bbqassad.ee\\\/fi\\\/#website\",\"url\":\"https:\\\/\\\/bbqassad.ee\\\/fi\\\/\",\"name\":\"BBQ \u00c4ssad\",\"description\":\"BBQ maitseained, kastmed, ahjud\",\"publisher\":{\"@id\":\"https:\\\/\\\/bbqassad.ee\\\/fi\\\/#organization\"},\"potentialAction\":[{\"@type\":\"SearchAction\",\"target\":{\"@type\":\"EntryPoint\",\"urlTemplate\":\"https:\\\/\\\/bbqassad.ee\\\/fi\\\/?s={search_term_string}\"},\"query-input\":{\"@type\":\"PropertyValueSpecification\",\"valueRequired\":true,\"valueName\":\"search_term_string\"}}],\"inLanguage\":\"fi\"},{\"@type\":\"Organization\",\"@id\":\"https:\\\/\\\/bbqassad.ee\\\/fi\\\/#organization\",\"name\":\"BBQ \u00c4ssad\",\"url\":\"https:\\\/\\\/bbqassad.ee\\\/fi\\\/\",\"logo\":{\"@type\":\"ImageObject\",\"inLanguage\":\"fi\",\"@id\":\"https:\\\/\\\/bbqassad.ee\\\/fi\\\/#\\\/schema\\\/logo\\\/image\\\/\",\"url\":\"https:\\\/\\\/bbqassad.ee\\\/wp-content\\\/uploads\\\/2022\\\/10\\\/BBQ-2ssadlogo.png\",\"contentUrl\":\"https:\\\/\\\/bbqassad.ee\\\/wp-content\\\/uploads\\\/2022\\\/10\\\/BBQ-2ssadlogo.png\",\"width\":1080,\"height\":1080,\"caption\":\"BBQ \u00c4ssad\"},\"image\":{\"@id\":\"https:\\\/\\\/bbqassad.ee\\\/fi\\\/#\\\/schema\\\/logo\\\/image\\\/\"},\"sameAs\":[\"https:\\\/\\\/www.facebook.com\\\/bbqassad\",\"https:\\\/\\\/www.youtube.com\\\/channel\\\/UCsoufn49J6TVi9Ah9meE93w\"]}]}<\/script>\n<!-- \/ Yoast SEO plugin. -->","yoast_head_json":{"title":"Heath Riles Simple Citrus Rub -mausteseos - BBQ \u00c4ssad","description":"Heath Riles Simple Citrus Rub on BBQ-mausteseos, jossa on raikkaita sitrushedelmien s\u00e4vyj\u00e4 ja joka sopii erinomaisesti kanalle, kalalle ja sianlihalle. Ihanteellinen grillaukseen, savustukseen ja uuniin.","robots":{"index":"index","follow":"follow","max-snippet":"max-snippet:-1","max-image-preview":"max-image-preview:large","max-video-preview":"max-video-preview:-1"},"canonical":"https:\/\/bbqassad.ee\/fi\/toode\/makusekoitus-heath-riles-simple-citrus-rub-makuuhieronta\/","og_locale":"fi_FI","og_type":"article","og_title":"Makusekoitus Heath Riles Simple Citrus rub -makuuhieronta.","og_description":"Heath Riles Simple Citrus Rub - BBQ-mausteseos, jossa on raikkaita sitrushedelmien s\u00e4vyj\u00e4 ja joka sopii erityisen hyvin kanalle, kalalle ja sianlihalle. Ihanteellinen grillaukseen, savustukseen ja uuniin.","og_url":"https:\/\/bbqassad.ee\/fi\/toode\/makusekoitus-heath-riles-simple-citrus-rub-makuuhieronta\/","og_site_name":"BBQ \u00c4ssad","article_publisher":"https:\/\/www.facebook.com\/bbqassad","article_modified_time":"2026-04-14T06:33:47+00:00","og_image":[{"url":"https:\/\/bbqassad.ee\/wp-content\/uploads\/2023\/07\/Heath-Riles_Simple-Citrus-Rub-300x300.png","type":"","width":"","height":""}],"twitter_card":"summary_large_image","schema":{"@context":"https:\/\/schema.org","@graph":[{"@type":"WebPage","@id":"https:\/\/bbqassad.ee\/fi\/toode\/makusekoitus-heath-riles-simple-citrus-rub-makuuhieronta\/","url":"https:\/\/bbqassad.ee\/fi\/toode\/makusekoitus-heath-riles-simple-citrus-rub-makuuhieronta\/","name":"Heath Riles Simple Citrus Rub -mausteseos - BBQ \u00c4ssad","isPartOf":{"@id":"https:\/\/bbqassad.ee\/fi\/#website"},"primaryImageOfPage":{"@id":"https:\/\/bbqassad.ee\/fi\/toode\/makusekoitus-heath-riles-simple-citrus-rub-makuuhieronta\/#primaryimage"},"image":{"@id":"https:\/\/bbqassad.ee\/fi\/toode\/makusekoitus-heath-riles-simple-citrus-rub-makuuhieronta\/#primaryimage"},"thumbnailUrl":"https:\/\/bbqassad.ee\/wp-content\/uploads\/2023\/07\/Heath-Riles_Simple-Citrus-Rub.png","datePublished":"2023-08-09T08:47:04+00:00","dateModified":"2026-04-14T06:33:47+00:00","description":"Heath Riles Simple Citrus Rub on BBQ-mausteseos, jossa on raikkaita sitrushedelmien s\u00e4vyj\u00e4 ja joka sopii erinomaisesti kanalle, kalalle ja sianlihalle. Ihanteellinen grillaukseen, savustukseen ja uuniin.","breadcrumb":{"@id":"https:\/\/bbqassad.ee\/fi\/toode\/makusekoitus-heath-riles-simple-citrus-rub-makuuhieronta\/#breadcrumb"},"inLanguage":"fi","potentialAction":[{"@type":"ReadAction","target":["https:\/\/bbqassad.ee\/fi\/toode\/makusekoitus-heath-riles-simple-citrus-rub-makuuhieronta\/"]}]},{"@type":"ImageObject","inLanguage":"fi","@id":"https:\/\/bbqassad.ee\/fi\/toode\/makusekoitus-heath-riles-simple-citrus-rub-makuuhieronta\/#primaryimage","url":"https:\/\/bbqassad.ee\/wp-content\/uploads\/2023\/07\/Heath-Riles_Simple-Citrus-Rub.png","contentUrl":"https:\/\/bbqassad.ee\/wp-content\/uploads\/2023\/07\/Heath-Riles_Simple-Citrus-Rub.png","width":800,"height":800,"caption":"Maitseainesegu Heath Riles Simple Citrus rub"},{"@type":"BreadcrumbList","@id":"https:\/\/bbqassad.ee\/fi\/toode\/makusekoitus-heath-riles-simple-citrus-rub-makuuhieronta\/#breadcrumb","itemListElement":[{"@type":"ListItem","position":1,"name":"Home","item":"https:\/\/bbqassad.ee\/fi\/bbq-assat\/"},{"@type":"ListItem","position":2,"name":"Verkkokauppa","item":"https:\/\/bbqassad.ee\/fi\/verkkokauppa\/"},{"@type":"ListItem","position":3,"name":"Heath Riles Simple Citrus Rub -mausteseos"}]},{"@type":"WebSite","@id":"https:\/\/bbqassad.ee\/fi\/#website","url":"https:\/\/bbqassad.ee\/fi\/","name":"BBQ \u00c4ssad","description":"BBQ maitseained, kastmed, ahjud","publisher":{"@id":"https:\/\/bbqassad.ee\/fi\/#organization"},"potentialAction":[{"@type":"SearchAction","target":{"@type":"EntryPoint","urlTemplate":"https:\/\/bbqassad.ee\/fi\/?s={search_term_string}"},"query-input":{"@type":"PropertyValueSpecification","valueRequired":true,"valueName":"search_term_string"}}],"inLanguage":"fi"},{"@type":"Organization","@id":"https:\/\/bbqassad.ee\/fi\/#organization","name":"BBQ \u00c4ssad","url":"https:\/\/bbqassad.ee\/fi\/","logo":{"@type":"ImageObject","inLanguage":"fi","@id":"https:\/\/bbqassad.ee\/fi\/#\/schema\/logo\/image\/","url":"https:\/\/bbqassad.ee\/wp-content\/uploads\/2022\/10\/BBQ-2ssadlogo.png","contentUrl":"https:\/\/bbqassad.ee\/wp-content\/uploads\/2022\/10\/BBQ-2ssadlogo.png","width":1080,"height":1080,"caption":"BBQ \u00c4ssad"},"image":{"@id":"https:\/\/bbqassad.ee\/fi\/#\/schema\/logo\/image\/"},"sameAs":["https:\/\/www.facebook.com\/bbqassad","https:\/\/www.youtube.com\/channel\/UCsoufn49J6TVi9Ah9meE93w"]}]}},"_links":{"self":[{"href":"https:\/\/bbqassad.ee\/fi\/wp-json\/wp\/v2\/product\/23364","targetHints":{"allow":["GET"]}}],"collection":[{"href":"https:\/\/bbqassad.ee\/fi\/wp-json\/wp\/v2\/product"}],"about":[{"href":"https:\/\/bbqassad.ee\/fi\/wp-json\/wp\/v2\/types\/product"}],"replies":[{"embeddable":true,"href":"https:\/\/bbqassad.ee\/fi\/wp-json\/wp\/v2\/comments?post=23364"}],"wp:featuredmedia":[{"embeddable":true,"href":"https:\/\/bbqassad.ee\/fi\/wp-json\/wp\/v2\/media\/23375"}],"wp:attachment":[{"href":"https:\/\/bbqassad.ee\/fi\/wp-json\/wp\/v2\/media?parent=23364"}],"wp:term":[{"taxonomy":"product_brand","embeddable":true,"href":"https:\/\/bbqassad.ee\/fi\/wp-json\/wp\/v2\/product_brand?post=23364"},{"taxonomy":"product_cat","embeddable":true,"href":"https:\/\/bbqassad.ee\/fi\/wp-json\/wp\/v2\/product_cat?post=23364"},{"taxonomy":"product_tag","embeddable":true,"href":"https:\/\/bbqassad.ee\/fi\/wp-json\/wp\/v2\/product_tag?post=23364"}],"curies":[{"name":"wp","href":"https:\/\/api.w.org\/{rel}","templated":true}]}}