{"id":23361,"date":"2023-08-09T08:53:25","date_gmt":"2023-08-09T08:53:25","guid":{"rendered":"https:\/\/bbqassad.ee\/toode\/makusekoitus-heath-riles-peach-rub\/"},"modified":"2026-04-14T06:33:47","modified_gmt":"2026-04-14T06:33:47","slug":"makusekoitus-heath-riles-peach-rub","status":"publish","type":"product","link":"https:\/\/bbqassad.ee\/fi\/toode\/makusekoitus-heath-riles-peach-rub\/","title":{"rendered":"Heath Riles Peach Rub -mausteseos"},"content":{"rendered":"<h2>Makusekoitus Heath Riles Peach Rub<\/h2>\n<p>Heath Riles on mies, joka on voittanut lukemattomia titteleit\u00e4 maailmanmestaruusluokassa. Viime vuosina h\u00e4n on pysynyt haastamattomana. H\u00e4n tekee sen aina omilla mausteillaan ja kastikkeillaan. H\u00e4nen persikkahierontansa on juuri sellainen kuin nimi antaa ymm\u00e4rt\u00e4\u00e4, makeapohjainen, voimakkaan persikan makuinen mausteseos.   <\/p>\n<h3>BBQ Aces kommentti<\/h3>\n<p>Kaikki h\u00e4nen hedelm\u00e4hierontansa ovat makeita, ja niin on t\u00e4m\u00e4kin, jossa on runsaasti persikkaa. Olemme jopa huomanneet, ett\u00e4 sianliha ja persikka sopivat hyvin yhteen. <\/p>\n<h3>Ammattilaisen vinkki<\/h3>\n<p>Tee siit\u00e4 pulled porkia ja selvit\u00e4, milt\u00e4 pulled pork maistuu Georgian osavaltiossa.<\/p>\n","protected":false},"excerpt":{"rendered":"<p>Makusekoitus Heath Riles Peach Rub Heath Riles on mies, joka on voittanut lukemattomia titteleit\u00e4 maailmanmestaruusluokassa. Viime vuosina h\u00e4n on pysynyt haastamattomana. H\u00e4n tekee sen aina omilla mausteillaan ja kastikkeillaan. H\u00e4nen persikkahierontansa on juuri sellainen kuin nimi antaa ymm\u00e4rt\u00e4\u00e4, makeapohjainen, voimakkaan persikan makuinen mausteseos. BBQ Aces kommentti Kaikki h\u00e4nen hedelm\u00e4hierontansa ovat makeita, ja niin on t\u00e4m\u00e4kin, [&#8230;]\n","protected":false},"featured_media":23374,"comment_status":"open","ping_status":"closed","template":"","meta":[],"product_brand":[],"product_cat":[802],"product_tag":[],"class_list":{"0":"post-23361","1":"product","2":"type-product","3":"status-publish","4":"has-post-thumbnail","6":"product_cat-sekoitukset","8":"first","9":"instock","10":"taxable","11":"shipping-taxable","12":"purchasable","13":"product-type-simple"},"yoast_head":"<!-- This site is optimized with the Yoast SEO plugin v27.4 - https:\/\/yoast.com\/product\/yoast-seo-wordpress\/ -->\n<title>Heath Riles Peach Rub -mausteseos -% BBQ \u00c4ssad%<\/title>\n<meta name=\"description\" content=\"Heath Riles Peach Rub on mausteseos, joka sopii erinomaisesti grillaukseen ja ruokien maustamiseen. Lis\u00e4\u00e4 ruokiin herkullista persikan makua.\" \/>\n<meta name=\"robots\" content=\"index, follow, max-snippet:-1, max-image-preview:large, max-video-preview:-1\" \/>\n<link rel=\"canonical\" href=\"https:\/\/bbqassad.ee\/fi\/toode\/makusekoitus-heath-riles-peach-rub\/\" \/>\n<meta property=\"og:locale\" content=\"fi_FI\" \/>\n<meta property=\"og:type\" content=\"article\" \/>\n<meta property=\"og:title\" content=\"Heath Riles Peach Rub -% BBQ \u00c4ssad% maustaminen\" \/>\n<meta property=\"og:description\" content=\"Heath Riles Peach Rub on mausteseos, joka sopii erinomaisesti grillaukseen ja ruokien maustamiseen. Lis\u00e4\u00e4 ruokiin herkullista persikan makua.\" \/>\n<meta property=\"og:url\" content=\"https:\/\/bbqassad.ee\/fi\/toode\/makusekoitus-heath-riles-peach-rub\/\" \/>\n<meta property=\"og:site_name\" content=\"BBQ \u00c4ssad\" \/>\n<meta property=\"article:publisher\" content=\"https:\/\/www.facebook.com\/bbqassad\" \/>\n<meta property=\"article:modified_time\" content=\"2026-04-14T06:33:47+00:00\" \/>\n<meta property=\"og:image\" content=\"https:\/\/bbqassad.ee\/wp-content\/uploads\/2023\/07\/Heath-Riles_Peach-Rub.png\" \/>\n<meta name=\"twitter:card\" content=\"summary_large_image\" \/>\n<meta name=\"twitter:title\" content=\"Heath Riles Peach Rub -% BBQ \u00c4ssad% maustaminen\" \/>\n<meta name=\"twitter:description\" content=\"Heath Riles Peach Rub on mausteseos, joka sopii erinomaisesti grillaukseen ja ruokien maustamiseen. Lis\u00e4\u00e4 ruokiin herkullista persikan makua.\" \/>\n<meta name=\"twitter:image\" content=\"https:\/\/bbqassad.ee\/wp-content\/uploads\/2023\/07\/Heath-Riles_Peach-Rub.png\" \/>\n<script type=\"application\/ld+json\" class=\"yoast-schema-graph\">{\"@context\":\"https:\\\/\\\/schema.org\",\"@graph\":[{\"@type\":\"WebPage\",\"@id\":\"https:\\\/\\\/bbqassad.ee\\\/fi\\\/toode\\\/makusekoitus-heath-riles-peach-rub\\\/\",\"url\":\"https:\\\/\\\/bbqassad.ee\\\/fi\\\/toode\\\/makusekoitus-heath-riles-peach-rub\\\/\",\"name\":\"Heath Riles Peach Rub -mausteseos -% BBQ \u00c4ssad%\",\"isPartOf\":{\"@id\":\"https:\\\/\\\/bbqassad.ee\\\/fi\\\/#website\"},\"primaryImageOfPage\":{\"@id\":\"https:\\\/\\\/bbqassad.ee\\\/fi\\\/toode\\\/makusekoitus-heath-riles-peach-rub\\\/#primaryimage\"},\"image\":{\"@id\":\"https:\\\/\\\/bbqassad.ee\\\/fi\\\/toode\\\/makusekoitus-heath-riles-peach-rub\\\/#primaryimage\"},\"thumbnailUrl\":\"https:\\\/\\\/bbqassad.ee\\\/wp-content\\\/uploads\\\/2023\\\/07\\\/Heath-Riles_Peach-Rub.png\",\"datePublished\":\"2023-08-09T08:53:25+00:00\",\"dateModified\":\"2026-04-14T06:33:47+00:00\",\"description\":\"Heath Riles Peach Rub on mausteseos, joka sopii erinomaisesti grillaukseen ja ruokien maustamiseen. Lis\u00e4\u00e4 ruokiin herkullista persikan makua.\",\"breadcrumb\":{\"@id\":\"https:\\\/\\\/bbqassad.ee\\\/fi\\\/toode\\\/makusekoitus-heath-riles-peach-rub\\\/#breadcrumb\"},\"inLanguage\":\"fi\",\"potentialAction\":[{\"@type\":\"ReadAction\",\"target\":[\"https:\\\/\\\/bbqassad.ee\\\/fi\\\/toode\\\/makusekoitus-heath-riles-peach-rub\\\/\"]}]},{\"@type\":\"ImageObject\",\"inLanguage\":\"fi\",\"@id\":\"https:\\\/\\\/bbqassad.ee\\\/fi\\\/toode\\\/makusekoitus-heath-riles-peach-rub\\\/#primaryimage\",\"url\":\"https:\\\/\\\/bbqassad.ee\\\/wp-content\\\/uploads\\\/2023\\\/07\\\/Heath-Riles_Peach-Rub.png\",\"contentUrl\":\"https:\\\/\\\/bbqassad.ee\\\/wp-content\\\/uploads\\\/2023\\\/07\\\/Heath-Riles_Peach-Rub.png\",\"width\":800,\"height\":800,\"caption\":\"Maitseainesegu Heath Riles Peach Rub\"},{\"@type\":\"BreadcrumbList\",\"@id\":\"https:\\\/\\\/bbqassad.ee\\\/fi\\\/toode\\\/makusekoitus-heath-riles-peach-rub\\\/#breadcrumb\",\"itemListElement\":[{\"@type\":\"ListItem\",\"position\":1,\"name\":\"Home\",\"item\":\"https:\\\/\\\/bbqassad.ee\\\/fi\\\/bbq-assat\\\/\"},{\"@type\":\"ListItem\",\"position\":2,\"name\":\"Verkkokauppa\",\"item\":\"https:\\\/\\\/bbqassad.ee\\\/fi\\\/verkkokauppa\\\/\"},{\"@type\":\"ListItem\",\"position\":3,\"name\":\"Heath Riles Peach Rub -mausteseos\"}]},{\"@type\":\"WebSite\",\"@id\":\"https:\\\/\\\/bbqassad.ee\\\/fi\\\/#website\",\"url\":\"https:\\\/\\\/bbqassad.ee\\\/fi\\\/\",\"name\":\"BBQ \u00c4ssad\",\"description\":\"BBQ maitseained, kastmed, ahjud\",\"publisher\":{\"@id\":\"https:\\\/\\\/bbqassad.ee\\\/fi\\\/#organization\"},\"potentialAction\":[{\"@type\":\"SearchAction\",\"target\":{\"@type\":\"EntryPoint\",\"urlTemplate\":\"https:\\\/\\\/bbqassad.ee\\\/fi\\\/?s={search_term_string}\"},\"query-input\":{\"@type\":\"PropertyValueSpecification\",\"valueRequired\":true,\"valueName\":\"search_term_string\"}}],\"inLanguage\":\"fi\"},{\"@type\":\"Organization\",\"@id\":\"https:\\\/\\\/bbqassad.ee\\\/fi\\\/#organization\",\"name\":\"BBQ \u00c4ssad\",\"url\":\"https:\\\/\\\/bbqassad.ee\\\/fi\\\/\",\"logo\":{\"@type\":\"ImageObject\",\"inLanguage\":\"fi\",\"@id\":\"https:\\\/\\\/bbqassad.ee\\\/fi\\\/#\\\/schema\\\/logo\\\/image\\\/\",\"url\":\"https:\\\/\\\/bbqassad.ee\\\/wp-content\\\/uploads\\\/2022\\\/10\\\/BBQ-2ssadlogo.png\",\"contentUrl\":\"https:\\\/\\\/bbqassad.ee\\\/wp-content\\\/uploads\\\/2022\\\/10\\\/BBQ-2ssadlogo.png\",\"width\":1080,\"height\":1080,\"caption\":\"BBQ \u00c4ssad\"},\"image\":{\"@id\":\"https:\\\/\\\/bbqassad.ee\\\/fi\\\/#\\\/schema\\\/logo\\\/image\\\/\"},\"sameAs\":[\"https:\\\/\\\/www.facebook.com\\\/bbqassad\",\"https:\\\/\\\/www.youtube.com\\\/channel\\\/UCsoufn49J6TVi9Ah9meE93w\"]}]}<\/script>\n<!-- \/ Yoast SEO plugin. -->","yoast_head_json":{"title":"Heath Riles Peach Rub -mausteseos -% BBQ \u00c4ssad%","description":"Heath Riles Peach Rub on mausteseos, joka sopii erinomaisesti grillaukseen ja ruokien maustamiseen. Lis\u00e4\u00e4 ruokiin herkullista persikan makua.","robots":{"index":"index","follow":"follow","max-snippet":"max-snippet:-1","max-image-preview":"max-image-preview:large","max-video-preview":"max-video-preview:-1"},"canonical":"https:\/\/bbqassad.ee\/fi\/toode\/makusekoitus-heath-riles-peach-rub\/","og_locale":"fi_FI","og_type":"article","og_title":"Heath Riles Peach Rub -% BBQ \u00c4ssad% maustaminen","og_description":"Heath Riles Peach Rub on mausteseos, joka sopii erinomaisesti grillaukseen ja ruokien maustamiseen. Lis\u00e4\u00e4 ruokiin herkullista persikan makua.","og_url":"https:\/\/bbqassad.ee\/fi\/toode\/makusekoitus-heath-riles-peach-rub\/","og_site_name":"BBQ \u00c4ssad","article_publisher":"https:\/\/www.facebook.com\/bbqassad","article_modified_time":"2026-04-14T06:33:47+00:00","og_image":[{"url":"https:\/\/bbqassad.ee\/wp-content\/uploads\/2023\/07\/Heath-Riles_Peach-Rub.png","type":"","width":"","height":""}],"twitter_card":"summary_large_image","twitter_title":"Heath Riles Peach Rub -% BBQ \u00c4ssad% maustaminen","twitter_description":"Heath Riles Peach Rub on mausteseos, joka sopii erinomaisesti grillaukseen ja ruokien maustamiseen. Lis\u00e4\u00e4 ruokiin herkullista persikan makua.","twitter_image":"https:\/\/bbqassad.ee\/wp-content\/uploads\/2023\/07\/Heath-Riles_Peach-Rub.png","schema":{"@context":"https:\/\/schema.org","@graph":[{"@type":"WebPage","@id":"https:\/\/bbqassad.ee\/fi\/toode\/makusekoitus-heath-riles-peach-rub\/","url":"https:\/\/bbqassad.ee\/fi\/toode\/makusekoitus-heath-riles-peach-rub\/","name":"Heath Riles Peach Rub -mausteseos -% BBQ \u00c4ssad%","isPartOf":{"@id":"https:\/\/bbqassad.ee\/fi\/#website"},"primaryImageOfPage":{"@id":"https:\/\/bbqassad.ee\/fi\/toode\/makusekoitus-heath-riles-peach-rub\/#primaryimage"},"image":{"@id":"https:\/\/bbqassad.ee\/fi\/toode\/makusekoitus-heath-riles-peach-rub\/#primaryimage"},"thumbnailUrl":"https:\/\/bbqassad.ee\/wp-content\/uploads\/2023\/07\/Heath-Riles_Peach-Rub.png","datePublished":"2023-08-09T08:53:25+00:00","dateModified":"2026-04-14T06:33:47+00:00","description":"Heath Riles Peach Rub on mausteseos, joka sopii erinomaisesti grillaukseen ja ruokien maustamiseen. Lis\u00e4\u00e4 ruokiin herkullista persikan makua.","breadcrumb":{"@id":"https:\/\/bbqassad.ee\/fi\/toode\/makusekoitus-heath-riles-peach-rub\/#breadcrumb"},"inLanguage":"fi","potentialAction":[{"@type":"ReadAction","target":["https:\/\/bbqassad.ee\/fi\/toode\/makusekoitus-heath-riles-peach-rub\/"]}]},{"@type":"ImageObject","inLanguage":"fi","@id":"https:\/\/bbqassad.ee\/fi\/toode\/makusekoitus-heath-riles-peach-rub\/#primaryimage","url":"https:\/\/bbqassad.ee\/wp-content\/uploads\/2023\/07\/Heath-Riles_Peach-Rub.png","contentUrl":"https:\/\/bbqassad.ee\/wp-content\/uploads\/2023\/07\/Heath-Riles_Peach-Rub.png","width":800,"height":800,"caption":"Maitseainesegu Heath Riles Peach Rub"},{"@type":"BreadcrumbList","@id":"https:\/\/bbqassad.ee\/fi\/toode\/makusekoitus-heath-riles-peach-rub\/#breadcrumb","itemListElement":[{"@type":"ListItem","position":1,"name":"Home","item":"https:\/\/bbqassad.ee\/fi\/bbq-assat\/"},{"@type":"ListItem","position":2,"name":"Verkkokauppa","item":"https:\/\/bbqassad.ee\/fi\/verkkokauppa\/"},{"@type":"ListItem","position":3,"name":"Heath Riles Peach Rub -mausteseos"}]},{"@type":"WebSite","@id":"https:\/\/bbqassad.ee\/fi\/#website","url":"https:\/\/bbqassad.ee\/fi\/","name":"BBQ \u00c4ssad","description":"BBQ maitseained, kastmed, ahjud","publisher":{"@id":"https:\/\/bbqassad.ee\/fi\/#organization"},"potentialAction":[{"@type":"SearchAction","target":{"@type":"EntryPoint","urlTemplate":"https:\/\/bbqassad.ee\/fi\/?s={search_term_string}"},"query-input":{"@type":"PropertyValueSpecification","valueRequired":true,"valueName":"search_term_string"}}],"inLanguage":"fi"},{"@type":"Organization","@id":"https:\/\/bbqassad.ee\/fi\/#organization","name":"BBQ \u00c4ssad","url":"https:\/\/bbqassad.ee\/fi\/","logo":{"@type":"ImageObject","inLanguage":"fi","@id":"https:\/\/bbqassad.ee\/fi\/#\/schema\/logo\/image\/","url":"https:\/\/bbqassad.ee\/wp-content\/uploads\/2022\/10\/BBQ-2ssadlogo.png","contentUrl":"https:\/\/bbqassad.ee\/wp-content\/uploads\/2022\/10\/BBQ-2ssadlogo.png","width":1080,"height":1080,"caption":"BBQ \u00c4ssad"},"image":{"@id":"https:\/\/bbqassad.ee\/fi\/#\/schema\/logo\/image\/"},"sameAs":["https:\/\/www.facebook.com\/bbqassad","https:\/\/www.youtube.com\/channel\/UCsoufn49J6TVi9Ah9meE93w"]}]}},"_links":{"self":[{"href":"https:\/\/bbqassad.ee\/fi\/wp-json\/wp\/v2\/product\/23361","targetHints":{"allow":["GET"]}}],"collection":[{"href":"https:\/\/bbqassad.ee\/fi\/wp-json\/wp\/v2\/product"}],"about":[{"href":"https:\/\/bbqassad.ee\/fi\/wp-json\/wp\/v2\/types\/product"}],"replies":[{"embeddable":true,"href":"https:\/\/bbqassad.ee\/fi\/wp-json\/wp\/v2\/comments?post=23361"}],"wp:featuredmedia":[{"embeddable":true,"href":"https:\/\/bbqassad.ee\/fi\/wp-json\/wp\/v2\/media\/23374"}],"wp:attachment":[{"href":"https:\/\/bbqassad.ee\/fi\/wp-json\/wp\/v2\/media?parent=23361"}],"wp:term":[{"taxonomy":"product_brand","embeddable":true,"href":"https:\/\/bbqassad.ee\/fi\/wp-json\/wp\/v2\/product_brand?post=23361"},{"taxonomy":"product_cat","embeddable":true,"href":"https:\/\/bbqassad.ee\/fi\/wp-json\/wp\/v2\/product_cat?post=23361"},{"taxonomy":"product_tag","embeddable":true,"href":"https:\/\/bbqassad.ee\/fi\/wp-json\/wp\/v2\/product_tag?post=23361"}],"curies":[{"name":"wp","href":"https:\/\/api.w.org\/{rel}","templated":true}]}}