{"id":23360,"date":"2023-08-09T09:05:48","date_gmt":"2023-08-09T09:05:48","guid":{"rendered":"https:\/\/bbqassad.ee\/toode\/makusekoitus-heath-riles-cherry-rub\/"},"modified":"2026-04-14T06:33:47","modified_gmt":"2026-04-14T06:33:47","slug":"makusekoitus-heath-riles-cherry-rub","status":"publish","type":"product","link":"https:\/\/bbqassad.ee\/fi\/toode\/makusekoitus-heath-riles-cherry-rub\/","title":{"rendered":"Heath Riles Cherry Rub -mausteseos"},"content":{"rendered":"<h2>Makusekoitus Heath Riles Cherry Rub<\/h2>\n<p>Heath Riles on mies, joka on voittanut lukemattomia titteleit\u00e4 maailmanmestaruusluokassa. Viime vuosina h\u00e4n on pysynyt haastamattomana. H\u00e4n tekee sen aina omilla mausteillaan ja kastikkeillaan. H\u00e4nen cherry rubinsa on juuri sellainen kuin nimi antaa ymm\u00e4rt\u00e4\u00e4, makeapohjainen, voimakkaasti kirsikan makuinen mauste.   <\/p>\n<h3>BBQ Aces kommentti<\/h3>\n<p>Miellytt\u00e4v\u00e4n makea rub, jossa on eritt\u00e4in voimakas kirsikan maku. Cherry rub on l\u00e4himp\u00e4n\u00e4 nime\u00e4, sill\u00e4 se on pelkk\u00e4\u00e4 kirsikan makua. <\/p>\n<h3>Ammattilaisen vinkki<\/h3>\n<p>Laita sit\u00e4 sianlihan p\u00e4\u00e4lle, miss\u00e4 muodossa tahansa.<\/p>\n","protected":false},"excerpt":{"rendered":"<p>Makusekoitus Heath Riles Cherry Rub Heath Riles on mies, joka on voittanut lukemattomia titteleit\u00e4 maailmanmestaruusluokassa. Viime vuosina h\u00e4n on pysynyt haastamattomana. H\u00e4n tekee sen aina omilla mausteillaan ja kastikkeillaan. H\u00e4nen cherry rubinsa on juuri sellainen kuin nimi antaa ymm\u00e4rt\u00e4\u00e4, makeapohjainen, voimakkaasti kirsikan makuinen mauste. BBQ Aces kommentti Miellytt\u00e4v\u00e4n makea rub, jossa on eritt\u00e4in voimakas kirsikan [&#8230;]\n","protected":false},"featured_media":23373,"comment_status":"open","ping_status":"closed","template":"","meta":[],"product_brand":[],"product_cat":[802],"product_tag":[],"class_list":{"0":"post-23360","1":"product","2":"type-product","3":"status-publish","4":"has-post-thumbnail","6":"product_cat-sekoitukset","8":"first","9":"instock","10":"taxable","11":"shipping-taxable","12":"purchasable","13":"product-type-simple"},"yoast_head":"<!-- This site is optimized with the Yoast SEO plugin v27.4 - https:\/\/yoast.com\/product\/yoast-seo-wordpress\/ -->\n<title>Heath Riles Cherry Rub -mausteseos -% BBQ \u00c4ssad%<\/title>\n<meta name=\"description\" content=\"Heath Riles Cherry Rub on t\u00e4ydellinen maustesekoitus, joka tuo ruokiin runsaan kirsikan maun. Sopii grillaukseen ja leivontaan.\" \/>\n<meta name=\"robots\" content=\"index, follow, max-snippet:-1, max-image-preview:large, max-video-preview:-1\" \/>\n<link rel=\"canonical\" href=\"https:\/\/bbqassad.ee\/fi\/toode\/makusekoitus-heath-riles-cherry-rub\/\" \/>\n<meta property=\"og:locale\" content=\"fi_FI\" \/>\n<meta property=\"og:type\" content=\"article\" \/>\n<meta property=\"og:title\" content=\"Heath Riles Cherry Rub -mausteseos -% BBQ \u00c4ssad%\" \/>\n<meta property=\"og:description\" content=\"Heath Riles Cherry Rub on t\u00e4ydellinen maustesekoitus, joka tuo ruokiin runsaan kirsikan maun. Sopii grillaukseen ja leivontaan.\" \/>\n<meta property=\"og:url\" content=\"https:\/\/bbqassad.ee\/fi\/toode\/makusekoitus-heath-riles-cherry-rub\/\" \/>\n<meta property=\"og:site_name\" content=\"BBQ \u00c4ssad\" \/>\n<meta property=\"article:publisher\" content=\"https:\/\/www.facebook.com\/bbqassad\" \/>\n<meta property=\"article:modified_time\" content=\"2026-04-14T06:33:47+00:00\" \/>\n<meta property=\"og:image\" content=\"https:\/\/bbqassad.ee\/wp-content\/uploads\/2023\/07\/Heath-Riles_Cherry-Rub.png\" \/>\n<meta name=\"twitter:card\" content=\"summary_large_image\" \/>\n<meta name=\"twitter:title\" content=\"Heath Riles Cherry Rub -mausteseos -% BBQ \u00c4ssad%\" \/>\n<meta name=\"twitter:description\" content=\"Heath Riles Cherry Rub on t\u00e4ydellinen maustesekoitus, joka tuo ruokiin runsaan kirsikan maun. Sopii grillaukseen ja leivontaan.\" \/>\n<meta name=\"twitter:image\" content=\"https:\/\/bbqassad.ee\/wp-content\/uploads\/2023\/07\/Heath-Riles_Cherry-Rub.png\" \/>\n<script type=\"application\/ld+json\" class=\"yoast-schema-graph\">{\"@context\":\"https:\\\/\\\/schema.org\",\"@graph\":[{\"@type\":\"WebPage\",\"@id\":\"https:\\\/\\\/bbqassad.ee\\\/fi\\\/toode\\\/makusekoitus-heath-riles-cherry-rub\\\/\",\"url\":\"https:\\\/\\\/bbqassad.ee\\\/fi\\\/toode\\\/makusekoitus-heath-riles-cherry-rub\\\/\",\"name\":\"Heath Riles Cherry Rub -mausteseos -% BBQ \u00c4ssad%\",\"isPartOf\":{\"@id\":\"https:\\\/\\\/bbqassad.ee\\\/fi\\\/#website\"},\"primaryImageOfPage\":{\"@id\":\"https:\\\/\\\/bbqassad.ee\\\/fi\\\/toode\\\/makusekoitus-heath-riles-cherry-rub\\\/#primaryimage\"},\"image\":{\"@id\":\"https:\\\/\\\/bbqassad.ee\\\/fi\\\/toode\\\/makusekoitus-heath-riles-cherry-rub\\\/#primaryimage\"},\"thumbnailUrl\":\"https:\\\/\\\/bbqassad.ee\\\/wp-content\\\/uploads\\\/2023\\\/07\\\/Heath-Riles_Cherry-Rub.png\",\"datePublished\":\"2023-08-09T09:05:48+00:00\",\"dateModified\":\"2026-04-14T06:33:47+00:00\",\"description\":\"Heath Riles Cherry Rub on t\u00e4ydellinen maustesekoitus, joka tuo ruokiin runsaan kirsikan maun. Sopii grillaukseen ja leivontaan.\",\"breadcrumb\":{\"@id\":\"https:\\\/\\\/bbqassad.ee\\\/fi\\\/toode\\\/makusekoitus-heath-riles-cherry-rub\\\/#breadcrumb\"},\"inLanguage\":\"fi\",\"potentialAction\":[{\"@type\":\"ReadAction\",\"target\":[\"https:\\\/\\\/bbqassad.ee\\\/fi\\\/toode\\\/makusekoitus-heath-riles-cherry-rub\\\/\"]}]},{\"@type\":\"ImageObject\",\"inLanguage\":\"fi\",\"@id\":\"https:\\\/\\\/bbqassad.ee\\\/fi\\\/toode\\\/makusekoitus-heath-riles-cherry-rub\\\/#primaryimage\",\"url\":\"https:\\\/\\\/bbqassad.ee\\\/wp-content\\\/uploads\\\/2023\\\/07\\\/Heath-Riles_Cherry-Rub.png\",\"contentUrl\":\"https:\\\/\\\/bbqassad.ee\\\/wp-content\\\/uploads\\\/2023\\\/07\\\/Heath-Riles_Cherry-Rub.png\",\"width\":800,\"height\":800,\"caption\":\"Maitseainesegu Heath Riles Cherry Rub\"},{\"@type\":\"BreadcrumbList\",\"@id\":\"https:\\\/\\\/bbqassad.ee\\\/fi\\\/toode\\\/makusekoitus-heath-riles-cherry-rub\\\/#breadcrumb\",\"itemListElement\":[{\"@type\":\"ListItem\",\"position\":1,\"name\":\"Home\",\"item\":\"https:\\\/\\\/bbqassad.ee\\\/fi\\\/bbq-assat\\\/\"},{\"@type\":\"ListItem\",\"position\":2,\"name\":\"Verkkokauppa\",\"item\":\"https:\\\/\\\/bbqassad.ee\\\/fi\\\/verkkokauppa\\\/\"},{\"@type\":\"ListItem\",\"position\":3,\"name\":\"Heath Riles Cherry Rub -mausteseos\"}]},{\"@type\":\"WebSite\",\"@id\":\"https:\\\/\\\/bbqassad.ee\\\/fi\\\/#website\",\"url\":\"https:\\\/\\\/bbqassad.ee\\\/fi\\\/\",\"name\":\"BBQ \u00c4ssad\",\"description\":\"BBQ maitseained, kastmed, ahjud\",\"publisher\":{\"@id\":\"https:\\\/\\\/bbqassad.ee\\\/fi\\\/#organization\"},\"potentialAction\":[{\"@type\":\"SearchAction\",\"target\":{\"@type\":\"EntryPoint\",\"urlTemplate\":\"https:\\\/\\\/bbqassad.ee\\\/fi\\\/?s={search_term_string}\"},\"query-input\":{\"@type\":\"PropertyValueSpecification\",\"valueRequired\":true,\"valueName\":\"search_term_string\"}}],\"inLanguage\":\"fi\"},{\"@type\":\"Organization\",\"@id\":\"https:\\\/\\\/bbqassad.ee\\\/fi\\\/#organization\",\"name\":\"BBQ \u00c4ssad\",\"url\":\"https:\\\/\\\/bbqassad.ee\\\/fi\\\/\",\"logo\":{\"@type\":\"ImageObject\",\"inLanguage\":\"fi\",\"@id\":\"https:\\\/\\\/bbqassad.ee\\\/fi\\\/#\\\/schema\\\/logo\\\/image\\\/\",\"url\":\"https:\\\/\\\/bbqassad.ee\\\/wp-content\\\/uploads\\\/2022\\\/10\\\/BBQ-2ssadlogo.png\",\"contentUrl\":\"https:\\\/\\\/bbqassad.ee\\\/wp-content\\\/uploads\\\/2022\\\/10\\\/BBQ-2ssadlogo.png\",\"width\":1080,\"height\":1080,\"caption\":\"BBQ \u00c4ssad\"},\"image\":{\"@id\":\"https:\\\/\\\/bbqassad.ee\\\/fi\\\/#\\\/schema\\\/logo\\\/image\\\/\"},\"sameAs\":[\"https:\\\/\\\/www.facebook.com\\\/bbqassad\",\"https:\\\/\\\/www.youtube.com\\\/channel\\\/UCsoufn49J6TVi9Ah9meE93w\"]}]}<\/script>\n<!-- \/ Yoast SEO plugin. -->","yoast_head_json":{"title":"Heath Riles Cherry Rub -mausteseos -% BBQ \u00c4ssad%","description":"Heath Riles Cherry Rub on t\u00e4ydellinen maustesekoitus, joka tuo ruokiin runsaan kirsikan maun. Sopii grillaukseen ja leivontaan.","robots":{"index":"index","follow":"follow","max-snippet":"max-snippet:-1","max-image-preview":"max-image-preview:large","max-video-preview":"max-video-preview:-1"},"canonical":"https:\/\/bbqassad.ee\/fi\/toode\/makusekoitus-heath-riles-cherry-rub\/","og_locale":"fi_FI","og_type":"article","og_title":"Heath Riles Cherry Rub -mausteseos -% BBQ \u00c4ssad%","og_description":"Heath Riles Cherry Rub on t\u00e4ydellinen maustesekoitus, joka tuo ruokiin runsaan kirsikan maun. Sopii grillaukseen ja leivontaan.","og_url":"https:\/\/bbqassad.ee\/fi\/toode\/makusekoitus-heath-riles-cherry-rub\/","og_site_name":"BBQ \u00c4ssad","article_publisher":"https:\/\/www.facebook.com\/bbqassad","article_modified_time":"2026-04-14T06:33:47+00:00","og_image":[{"url":"https:\/\/bbqassad.ee\/wp-content\/uploads\/2023\/07\/Heath-Riles_Cherry-Rub.png","type":"","width":"","height":""}],"twitter_card":"summary_large_image","twitter_title":"Heath Riles Cherry Rub -mausteseos -% BBQ \u00c4ssad%","twitter_description":"Heath Riles Cherry Rub on t\u00e4ydellinen maustesekoitus, joka tuo ruokiin runsaan kirsikan maun. Sopii grillaukseen ja leivontaan.","twitter_image":"https:\/\/bbqassad.ee\/wp-content\/uploads\/2023\/07\/Heath-Riles_Cherry-Rub.png","schema":{"@context":"https:\/\/schema.org","@graph":[{"@type":"WebPage","@id":"https:\/\/bbqassad.ee\/fi\/toode\/makusekoitus-heath-riles-cherry-rub\/","url":"https:\/\/bbqassad.ee\/fi\/toode\/makusekoitus-heath-riles-cherry-rub\/","name":"Heath Riles Cherry Rub -mausteseos -% BBQ \u00c4ssad%","isPartOf":{"@id":"https:\/\/bbqassad.ee\/fi\/#website"},"primaryImageOfPage":{"@id":"https:\/\/bbqassad.ee\/fi\/toode\/makusekoitus-heath-riles-cherry-rub\/#primaryimage"},"image":{"@id":"https:\/\/bbqassad.ee\/fi\/toode\/makusekoitus-heath-riles-cherry-rub\/#primaryimage"},"thumbnailUrl":"https:\/\/bbqassad.ee\/wp-content\/uploads\/2023\/07\/Heath-Riles_Cherry-Rub.png","datePublished":"2023-08-09T09:05:48+00:00","dateModified":"2026-04-14T06:33:47+00:00","description":"Heath Riles Cherry Rub on t\u00e4ydellinen maustesekoitus, joka tuo ruokiin runsaan kirsikan maun. Sopii grillaukseen ja leivontaan.","breadcrumb":{"@id":"https:\/\/bbqassad.ee\/fi\/toode\/makusekoitus-heath-riles-cherry-rub\/#breadcrumb"},"inLanguage":"fi","potentialAction":[{"@type":"ReadAction","target":["https:\/\/bbqassad.ee\/fi\/toode\/makusekoitus-heath-riles-cherry-rub\/"]}]},{"@type":"ImageObject","inLanguage":"fi","@id":"https:\/\/bbqassad.ee\/fi\/toode\/makusekoitus-heath-riles-cherry-rub\/#primaryimage","url":"https:\/\/bbqassad.ee\/wp-content\/uploads\/2023\/07\/Heath-Riles_Cherry-Rub.png","contentUrl":"https:\/\/bbqassad.ee\/wp-content\/uploads\/2023\/07\/Heath-Riles_Cherry-Rub.png","width":800,"height":800,"caption":"Maitseainesegu Heath Riles Cherry Rub"},{"@type":"BreadcrumbList","@id":"https:\/\/bbqassad.ee\/fi\/toode\/makusekoitus-heath-riles-cherry-rub\/#breadcrumb","itemListElement":[{"@type":"ListItem","position":1,"name":"Home","item":"https:\/\/bbqassad.ee\/fi\/bbq-assat\/"},{"@type":"ListItem","position":2,"name":"Verkkokauppa","item":"https:\/\/bbqassad.ee\/fi\/verkkokauppa\/"},{"@type":"ListItem","position":3,"name":"Heath Riles Cherry Rub -mausteseos"}]},{"@type":"WebSite","@id":"https:\/\/bbqassad.ee\/fi\/#website","url":"https:\/\/bbqassad.ee\/fi\/","name":"BBQ \u00c4ssad","description":"BBQ maitseained, kastmed, ahjud","publisher":{"@id":"https:\/\/bbqassad.ee\/fi\/#organization"},"potentialAction":[{"@type":"SearchAction","target":{"@type":"EntryPoint","urlTemplate":"https:\/\/bbqassad.ee\/fi\/?s={search_term_string}"},"query-input":{"@type":"PropertyValueSpecification","valueRequired":true,"valueName":"search_term_string"}}],"inLanguage":"fi"},{"@type":"Organization","@id":"https:\/\/bbqassad.ee\/fi\/#organization","name":"BBQ \u00c4ssad","url":"https:\/\/bbqassad.ee\/fi\/","logo":{"@type":"ImageObject","inLanguage":"fi","@id":"https:\/\/bbqassad.ee\/fi\/#\/schema\/logo\/image\/","url":"https:\/\/bbqassad.ee\/wp-content\/uploads\/2022\/10\/BBQ-2ssadlogo.png","contentUrl":"https:\/\/bbqassad.ee\/wp-content\/uploads\/2022\/10\/BBQ-2ssadlogo.png","width":1080,"height":1080,"caption":"BBQ \u00c4ssad"},"image":{"@id":"https:\/\/bbqassad.ee\/fi\/#\/schema\/logo\/image\/"},"sameAs":["https:\/\/www.facebook.com\/bbqassad","https:\/\/www.youtube.com\/channel\/UCsoufn49J6TVi9Ah9meE93w"]}]}},"_links":{"self":[{"href":"https:\/\/bbqassad.ee\/fi\/wp-json\/wp\/v2\/product\/23360","targetHints":{"allow":["GET"]}}],"collection":[{"href":"https:\/\/bbqassad.ee\/fi\/wp-json\/wp\/v2\/product"}],"about":[{"href":"https:\/\/bbqassad.ee\/fi\/wp-json\/wp\/v2\/types\/product"}],"replies":[{"embeddable":true,"href":"https:\/\/bbqassad.ee\/fi\/wp-json\/wp\/v2\/comments?post=23360"}],"wp:featuredmedia":[{"embeddable":true,"href":"https:\/\/bbqassad.ee\/fi\/wp-json\/wp\/v2\/media\/23373"}],"wp:attachment":[{"href":"https:\/\/bbqassad.ee\/fi\/wp-json\/wp\/v2\/media?parent=23360"}],"wp:term":[{"taxonomy":"product_brand","embeddable":true,"href":"https:\/\/bbqassad.ee\/fi\/wp-json\/wp\/v2\/product_brand?post=23360"},{"taxonomy":"product_cat","embeddable":true,"href":"https:\/\/bbqassad.ee\/fi\/wp-json\/wp\/v2\/product_cat?post=23360"},{"taxonomy":"product_tag","embeddable":true,"href":"https:\/\/bbqassad.ee\/fi\/wp-json\/wp\/v2\/product_tag?post=23360"}],"curies":[{"name":"wp","href":"https:\/\/api.w.org\/{rel}","templated":true}]}}