{"id":23357,"date":"2023-08-09T09:11:18","date_gmt":"2023-08-09T09:11:18","guid":{"rendered":"https:\/\/bbqassad.ee\/toode\/mausteseos-liha-kirkko-pyha-evankeliumi\/"},"modified":"2026-04-14T06:33:46","modified_gmt":"2026-04-14T06:33:46","slug":"mausteseos-liha-kirkko-pyha-evankeliumi","status":"publish","type":"product","link":"https:\/\/bbqassad.ee\/fi\/toode\/mausteseos-liha-kirkko-pyha-evankeliumi\/","title":{"rendered":"Meat Church Holy Gospel -mausteseos"},"content":{"rendered":"<h2>Mausteseos Liha Kirkko Pyh\u00e4 evankeliumi<\/h2>\n<p>Lihakirkkomaut ovat osoittautuneet Virossa varsin suosituiksi, ja suosituin niist\u00e4 on ehdottomasti evankeliumi. Holy Gospel ei ole vain sama rub kevyin lis\u00e4yksin, vaan siihen on panostettu hieman enemm\u00e4n ja kaikki asiat ovat silti tasapainossa. Suolapohjainen rub.  <\/p>\n<h3>BBQ Aces kommentti<\/h3>\n<p>Suolapohjainen hieronta, jossa on hieman potkua, sopii hyvin kanalle.<\/p>\n<h3>Ammattilaisen vinkki<\/h3>\n<p>Tekee kanasta paljon j\u00e4nnitt\u00e4v\u00e4mp\u00e4\u00e4 tavallisessa uunissa.<\/p>\n","protected":false},"excerpt":{"rendered":"<p>Mausteseos Liha Kirkko Pyh\u00e4 evankeliumi Lihakirkkomaut ovat osoittautuneet Virossa varsin suosituiksi, ja suosituin niist\u00e4 on ehdottomasti evankeliumi. Holy Gospel ei ole vain sama rub kevyin lis\u00e4yksin, vaan siihen on panostettu hieman enemm\u00e4n ja kaikki asiat ovat silti tasapainossa. Suolapohjainen rub. BBQ Aces kommentti Suolapohjainen hieronta, jossa on hieman potkua, sopii hyvin kanalle. Ammattilaisen vinkki Tekee [&#8230;]\n","protected":false},"featured_media":23358,"comment_status":"open","ping_status":"closed","template":"","meta":[],"product_brand":[],"product_cat":[802],"product_tag":[],"class_list":{"0":"post-23357","1":"product","2":"type-product","3":"status-publish","4":"has-post-thumbnail","6":"product_cat-sekoitukset","8":"first","9":"instock","10":"taxable","11":"shipping-taxable","12":"purchasable","13":"product-type-simple"},"yoast_head":"<!-- This site is optimized with the Yoast SEO plugin v27.4 - https:\/\/yoast.com\/product\/yoast-seo-wordpress\/ -->\n<title>Meat Church Holy Gospel -mausteseos - BBQ \u00c4ssad<\/title>\n<meta name=\"description\" content=\"Meat Church Holy Gospel Seasoning Gospel rub on miedompi &quot;jumalallinen&quot; versio Gospel rubista, joka sopii kanalle, sianlihalle ja vihanneksille. Ihanteellinen grillaukseen ja savustukseen.\" \/>\n<meta name=\"robots\" content=\"index, follow, max-snippet:-1, max-image-preview:large, max-video-preview:-1\" \/>\n<link rel=\"canonical\" href=\"https:\/\/bbqassad.ee\/fi\/toode\/mausteseos-liha-kirkko-pyha-evankeliumi\/\" \/>\n<meta property=\"og:locale\" content=\"fi_FI\" \/>\n<meta property=\"og:type\" content=\"article\" \/>\n<meta property=\"og:title\" content=\"Mausteseos Liha Kirkko Pyh\u00e4 evankeliumi\" \/>\n<meta property=\"og:description\" content=\"Meat Church Holy Gospel Seasoning - Miedompi &quot;jumalallinen&quot; versio Gospel Rubista, sopii erityisen hyvin kanalle, sianlihalle ja vihanneksille. Ihanteellinen grillaukseen ja savustukseen.\" \/>\n<meta property=\"og:url\" content=\"https:\/\/bbqassad.ee\/fi\/toode\/mausteseos-liha-kirkko-pyha-evankeliumi\/\" \/>\n<meta property=\"og:site_name\" content=\"BBQ \u00c4ssad\" \/>\n<meta property=\"article:publisher\" content=\"https:\/\/www.facebook.com\/bbqassad\" \/>\n<meta property=\"article:modified_time\" content=\"2026-04-14T06:33:46+00:00\" \/>\n<meta property=\"og:image\" content=\"https:\/\/bbqassad.ee\/wp-content\/uploads\/2023\/07\/Meat-Church_Holy-Gospel-300x300.png\" \/>\n<meta name=\"twitter:card\" content=\"summary_large_image\" \/>\n<script type=\"application\/ld+json\" class=\"yoast-schema-graph\">{\"@context\":\"https:\\\/\\\/schema.org\",\"@graph\":[{\"@type\":\"WebPage\",\"@id\":\"https:\\\/\\\/bbqassad.ee\\\/fi\\\/toode\\\/mausteseos-liha-kirkko-pyha-evankeliumi\\\/\",\"url\":\"https:\\\/\\\/bbqassad.ee\\\/fi\\\/toode\\\/mausteseos-liha-kirkko-pyha-evankeliumi\\\/\",\"name\":\"Meat Church Holy Gospel -mausteseos - BBQ \u00c4ssad\",\"isPartOf\":{\"@id\":\"https:\\\/\\\/bbqassad.ee\\\/fi\\\/#website\"},\"primaryImageOfPage\":{\"@id\":\"https:\\\/\\\/bbqassad.ee\\\/fi\\\/toode\\\/mausteseos-liha-kirkko-pyha-evankeliumi\\\/#primaryimage\"},\"image\":{\"@id\":\"https:\\\/\\\/bbqassad.ee\\\/fi\\\/toode\\\/mausteseos-liha-kirkko-pyha-evankeliumi\\\/#primaryimage\"},\"thumbnailUrl\":\"https:\\\/\\\/bbqassad.ee\\\/wp-content\\\/uploads\\\/2023\\\/07\\\/Meat-Church_Holy-Gospel.png\",\"datePublished\":\"2023-08-09T09:11:18+00:00\",\"dateModified\":\"2026-04-14T06:33:46+00:00\",\"description\":\"Meat Church Holy Gospel Seasoning Gospel rub on miedompi \\\"jumalallinen\\\" versio Gospel rubista, joka sopii kanalle, sianlihalle ja vihanneksille. Ihanteellinen grillaukseen ja savustukseen.\",\"breadcrumb\":{\"@id\":\"https:\\\/\\\/bbqassad.ee\\\/fi\\\/toode\\\/mausteseos-liha-kirkko-pyha-evankeliumi\\\/#breadcrumb\"},\"inLanguage\":\"fi\",\"potentialAction\":[{\"@type\":\"ReadAction\",\"target\":[\"https:\\\/\\\/bbqassad.ee\\\/fi\\\/toode\\\/mausteseos-liha-kirkko-pyha-evankeliumi\\\/\"]}]},{\"@type\":\"ImageObject\",\"inLanguage\":\"fi\",\"@id\":\"https:\\\/\\\/bbqassad.ee\\\/fi\\\/toode\\\/mausteseos-liha-kirkko-pyha-evankeliumi\\\/#primaryimage\",\"url\":\"https:\\\/\\\/bbqassad.ee\\\/wp-content\\\/uploads\\\/2023\\\/07\\\/Meat-Church_Holy-Gospel.png\",\"contentUrl\":\"https:\\\/\\\/bbqassad.ee\\\/wp-content\\\/uploads\\\/2023\\\/07\\\/Meat-Church_Holy-Gospel.png\",\"width\":800,\"height\":800,\"caption\":\"Maitseainesegu Meat Church Holy Gospel\"},{\"@type\":\"BreadcrumbList\",\"@id\":\"https:\\\/\\\/bbqassad.ee\\\/fi\\\/toode\\\/mausteseos-liha-kirkko-pyha-evankeliumi\\\/#breadcrumb\",\"itemListElement\":[{\"@type\":\"ListItem\",\"position\":1,\"name\":\"Home\",\"item\":\"https:\\\/\\\/bbqassad.ee\\\/fi\\\/bbq-assat\\\/\"},{\"@type\":\"ListItem\",\"position\":2,\"name\":\"Verkkokauppa\",\"item\":\"https:\\\/\\\/bbqassad.ee\\\/fi\\\/verkkokauppa\\\/\"},{\"@type\":\"ListItem\",\"position\":3,\"name\":\"Meat Church Holy Gospel -mausteseos\"}]},{\"@type\":\"WebSite\",\"@id\":\"https:\\\/\\\/bbqassad.ee\\\/fi\\\/#website\",\"url\":\"https:\\\/\\\/bbqassad.ee\\\/fi\\\/\",\"name\":\"BBQ \u00c4ssad\",\"description\":\"BBQ maitseained, kastmed, ahjud\",\"publisher\":{\"@id\":\"https:\\\/\\\/bbqassad.ee\\\/fi\\\/#organization\"},\"potentialAction\":[{\"@type\":\"SearchAction\",\"target\":{\"@type\":\"EntryPoint\",\"urlTemplate\":\"https:\\\/\\\/bbqassad.ee\\\/fi\\\/?s={search_term_string}\"},\"query-input\":{\"@type\":\"PropertyValueSpecification\",\"valueRequired\":true,\"valueName\":\"search_term_string\"}}],\"inLanguage\":\"fi\"},{\"@type\":\"Organization\",\"@id\":\"https:\\\/\\\/bbqassad.ee\\\/fi\\\/#organization\",\"name\":\"BBQ \u00c4ssad\",\"url\":\"https:\\\/\\\/bbqassad.ee\\\/fi\\\/\",\"logo\":{\"@type\":\"ImageObject\",\"inLanguage\":\"fi\",\"@id\":\"https:\\\/\\\/bbqassad.ee\\\/fi\\\/#\\\/schema\\\/logo\\\/image\\\/\",\"url\":\"https:\\\/\\\/bbqassad.ee\\\/wp-content\\\/uploads\\\/2022\\\/10\\\/BBQ-2ssadlogo.png\",\"contentUrl\":\"https:\\\/\\\/bbqassad.ee\\\/wp-content\\\/uploads\\\/2022\\\/10\\\/BBQ-2ssadlogo.png\",\"width\":1080,\"height\":1080,\"caption\":\"BBQ \u00c4ssad\"},\"image\":{\"@id\":\"https:\\\/\\\/bbqassad.ee\\\/fi\\\/#\\\/schema\\\/logo\\\/image\\\/\"},\"sameAs\":[\"https:\\\/\\\/www.facebook.com\\\/bbqassad\",\"https:\\\/\\\/www.youtube.com\\\/channel\\\/UCsoufn49J6TVi9Ah9meE93w\"]}]}<\/script>\n<!-- \/ Yoast SEO plugin. -->","yoast_head_json":{"title":"Meat Church Holy Gospel -mausteseos - BBQ \u00c4ssad","description":"Meat Church Holy Gospel Seasoning Gospel rub on miedompi \"jumalallinen\" versio Gospel rubista, joka sopii kanalle, sianlihalle ja vihanneksille. Ihanteellinen grillaukseen ja savustukseen.","robots":{"index":"index","follow":"follow","max-snippet":"max-snippet:-1","max-image-preview":"max-image-preview:large","max-video-preview":"max-video-preview:-1"},"canonical":"https:\/\/bbqassad.ee\/fi\/toode\/mausteseos-liha-kirkko-pyha-evankeliumi\/","og_locale":"fi_FI","og_type":"article","og_title":"Mausteseos Liha Kirkko Pyh\u00e4 evankeliumi","og_description":"Meat Church Holy Gospel Seasoning - Miedompi \"jumalallinen\" versio Gospel Rubista, sopii erityisen hyvin kanalle, sianlihalle ja vihanneksille. Ihanteellinen grillaukseen ja savustukseen.","og_url":"https:\/\/bbqassad.ee\/fi\/toode\/mausteseos-liha-kirkko-pyha-evankeliumi\/","og_site_name":"BBQ \u00c4ssad","article_publisher":"https:\/\/www.facebook.com\/bbqassad","article_modified_time":"2026-04-14T06:33:46+00:00","og_image":[{"url":"https:\/\/bbqassad.ee\/wp-content\/uploads\/2023\/07\/Meat-Church_Holy-Gospel-300x300.png","type":"","width":"","height":""}],"twitter_card":"summary_large_image","schema":{"@context":"https:\/\/schema.org","@graph":[{"@type":"WebPage","@id":"https:\/\/bbqassad.ee\/fi\/toode\/mausteseos-liha-kirkko-pyha-evankeliumi\/","url":"https:\/\/bbqassad.ee\/fi\/toode\/mausteseos-liha-kirkko-pyha-evankeliumi\/","name":"Meat Church Holy Gospel -mausteseos - BBQ \u00c4ssad","isPartOf":{"@id":"https:\/\/bbqassad.ee\/fi\/#website"},"primaryImageOfPage":{"@id":"https:\/\/bbqassad.ee\/fi\/toode\/mausteseos-liha-kirkko-pyha-evankeliumi\/#primaryimage"},"image":{"@id":"https:\/\/bbqassad.ee\/fi\/toode\/mausteseos-liha-kirkko-pyha-evankeliumi\/#primaryimage"},"thumbnailUrl":"https:\/\/bbqassad.ee\/wp-content\/uploads\/2023\/07\/Meat-Church_Holy-Gospel.png","datePublished":"2023-08-09T09:11:18+00:00","dateModified":"2026-04-14T06:33:46+00:00","description":"Meat Church Holy Gospel Seasoning Gospel rub on miedompi \"jumalallinen\" versio Gospel rubista, joka sopii kanalle, sianlihalle ja vihanneksille. Ihanteellinen grillaukseen ja savustukseen.","breadcrumb":{"@id":"https:\/\/bbqassad.ee\/fi\/toode\/mausteseos-liha-kirkko-pyha-evankeliumi\/#breadcrumb"},"inLanguage":"fi","potentialAction":[{"@type":"ReadAction","target":["https:\/\/bbqassad.ee\/fi\/toode\/mausteseos-liha-kirkko-pyha-evankeliumi\/"]}]},{"@type":"ImageObject","inLanguage":"fi","@id":"https:\/\/bbqassad.ee\/fi\/toode\/mausteseos-liha-kirkko-pyha-evankeliumi\/#primaryimage","url":"https:\/\/bbqassad.ee\/wp-content\/uploads\/2023\/07\/Meat-Church_Holy-Gospel.png","contentUrl":"https:\/\/bbqassad.ee\/wp-content\/uploads\/2023\/07\/Meat-Church_Holy-Gospel.png","width":800,"height":800,"caption":"Maitseainesegu Meat Church Holy Gospel"},{"@type":"BreadcrumbList","@id":"https:\/\/bbqassad.ee\/fi\/toode\/mausteseos-liha-kirkko-pyha-evankeliumi\/#breadcrumb","itemListElement":[{"@type":"ListItem","position":1,"name":"Home","item":"https:\/\/bbqassad.ee\/fi\/bbq-assat\/"},{"@type":"ListItem","position":2,"name":"Verkkokauppa","item":"https:\/\/bbqassad.ee\/fi\/verkkokauppa\/"},{"@type":"ListItem","position":3,"name":"Meat Church Holy Gospel -mausteseos"}]},{"@type":"WebSite","@id":"https:\/\/bbqassad.ee\/fi\/#website","url":"https:\/\/bbqassad.ee\/fi\/","name":"BBQ \u00c4ssad","description":"BBQ maitseained, kastmed, ahjud","publisher":{"@id":"https:\/\/bbqassad.ee\/fi\/#organization"},"potentialAction":[{"@type":"SearchAction","target":{"@type":"EntryPoint","urlTemplate":"https:\/\/bbqassad.ee\/fi\/?s={search_term_string}"},"query-input":{"@type":"PropertyValueSpecification","valueRequired":true,"valueName":"search_term_string"}}],"inLanguage":"fi"},{"@type":"Organization","@id":"https:\/\/bbqassad.ee\/fi\/#organization","name":"BBQ \u00c4ssad","url":"https:\/\/bbqassad.ee\/fi\/","logo":{"@type":"ImageObject","inLanguage":"fi","@id":"https:\/\/bbqassad.ee\/fi\/#\/schema\/logo\/image\/","url":"https:\/\/bbqassad.ee\/wp-content\/uploads\/2022\/10\/BBQ-2ssadlogo.png","contentUrl":"https:\/\/bbqassad.ee\/wp-content\/uploads\/2022\/10\/BBQ-2ssadlogo.png","width":1080,"height":1080,"caption":"BBQ \u00c4ssad"},"image":{"@id":"https:\/\/bbqassad.ee\/fi\/#\/schema\/logo\/image\/"},"sameAs":["https:\/\/www.facebook.com\/bbqassad","https:\/\/www.youtube.com\/channel\/UCsoufn49J6TVi9Ah9meE93w"]}]}},"_links":{"self":[{"href":"https:\/\/bbqassad.ee\/fi\/wp-json\/wp\/v2\/product\/23357","targetHints":{"allow":["GET"]}}],"collection":[{"href":"https:\/\/bbqassad.ee\/fi\/wp-json\/wp\/v2\/product"}],"about":[{"href":"https:\/\/bbqassad.ee\/fi\/wp-json\/wp\/v2\/types\/product"}],"replies":[{"embeddable":true,"href":"https:\/\/bbqassad.ee\/fi\/wp-json\/wp\/v2\/comments?post=23357"}],"wp:featuredmedia":[{"embeddable":true,"href":"https:\/\/bbqassad.ee\/fi\/wp-json\/wp\/v2\/media\/23358"}],"wp:attachment":[{"href":"https:\/\/bbqassad.ee\/fi\/wp-json\/wp\/v2\/media?parent=23357"}],"wp:term":[{"taxonomy":"product_brand","embeddable":true,"href":"https:\/\/bbqassad.ee\/fi\/wp-json\/wp\/v2\/product_brand?post=23357"},{"taxonomy":"product_cat","embeddable":true,"href":"https:\/\/bbqassad.ee\/fi\/wp-json\/wp\/v2\/product_cat?post=23357"},{"taxonomy":"product_tag","embeddable":true,"href":"https:\/\/bbqassad.ee\/fi\/wp-json\/wp\/v2\/product_tag?post=23357"}],"curies":[{"name":"wp","href":"https:\/\/api.w.org\/{rel}","templated":true}]}}