{"id":23356,"date":"2023-08-09T09:16:21","date_gmt":"2023-08-09T09:16:21","guid":{"rendered":"https:\/\/bbqassad.ee\/toode\/big-poppas-competition-stash-mausteseos\/"},"modified":"2026-04-14T06:33:46","modified_gmt":"2026-04-14T06:33:46","slug":"big-poppas-competition-stash-mausteseos","status":"publish","type":"product","link":"https:\/\/bbqassad.ee\/fi\/toode\/big-poppas-competition-stash-mausteseos\/","title":{"rendered":"Big Poppa&#8217;s Competition Stash -mausteseos"},"content":{"rendered":"<h2>Big Poppas Competition Stash -mausteseos<\/h2>\n<p>Big Poppa Smokers on tunnettu ja vakiintunut hahmo Yhdysvaltain markkinoilla, ja h\u00e4nell\u00e4 on monia nimikkeit\u00e4. Competition stash on luultavasti nimens\u00e4 mukaisesti kilpailukamaa. Siin\u00e4 on suolaisuutta, makeutta ja kaikkea muuta, mik\u00e4 tekee lihasta eritt\u00e4in j\u00e4nnitt\u00e4v\u00e4\u00e4. Vain parhaita ainesosia k\u00e4ytet\u00e4\u00e4n t\u00e4ydellisen makusekoituksen luomiseksi.   <\/p>\n<h2>BBQ Aces kommentti<\/h2>\n<p>Meille Competition stash on luultavasti maultaan vaikuttavin sekoitus t\u00e4lt\u00e4 tuottajalta &#8211; siin\u00e4 on kaikki, mit\u00e4 tarvitset lihasi nostamiseksi toiselle tasolle.<\/p>\n<h2>Ammattilaisen vinkki<\/h2>\n<p>Vaikka puhumme paljon lihasta, en pelk\u00e4\u00e4 laittaa sit\u00e4 vihannesten p\u00e4\u00e4lle.<\/p>\n","protected":false},"excerpt":{"rendered":"<p>Big Poppas Competition Stash -mausteseos Big Poppa Smokers on tunnettu ja vakiintunut hahmo Yhdysvaltain markkinoilla, ja h\u00e4nell\u00e4 on monia nimikkeit\u00e4. Competition stash on luultavasti nimens\u00e4 mukaisesti kilpailukamaa. Siin\u00e4 on suolaisuutta, makeutta ja kaikkea muuta, mik\u00e4 tekee lihasta eritt\u00e4in j\u00e4nnitt\u00e4v\u00e4\u00e4. Vain parhaita ainesosia k\u00e4ytet\u00e4\u00e4n t\u00e4ydellisen makusekoituksen luomiseksi. BBQ Aces kommentti Meille Competition stash on luultavasti maultaan [&#8230;]\n","protected":false},"featured_media":23371,"comment_status":"open","ping_status":"closed","template":"","meta":[],"product_brand":[],"product_cat":[802],"product_tag":[],"class_list":{"0":"post-23356","1":"product","2":"type-product","3":"status-publish","4":"has-post-thumbnail","6":"product_cat-sekoitukset","8":"first","9":"instock","10":"taxable","11":"shipping-taxable","12":"purchasable","13":"product-type-simple"},"yoast_head":"<!-- This site is optimized with the Yoast SEO plugin v27.4 - https:\/\/yoast.com\/product\/yoast-seo-wordpress\/ -->\n<title>Big Poppas Competition Stash -mausteseos - BBQ \u00c4ssad%<\/title>\n<meta name=\"description\" content=\"Big Poppas Competition Stash on t\u00e4ydellinen valinta mausteiden yst\u00e4ville. Lis\u00e4\u00e4 ruokiin ainutlaatuista makua ja aromia.\" \/>\n<meta name=\"robots\" content=\"index, follow, max-snippet:-1, max-image-preview:large, max-video-preview:-1\" \/>\n<link rel=\"canonical\" href=\"https:\/\/bbqassad.ee\/fi\/toode\/big-poppas-competition-stash-mausteseos\/\" \/>\n<meta property=\"og:locale\" content=\"fi_FI\" \/>\n<meta property=\"og:type\" content=\"article\" \/>\n<meta property=\"og:title\" content=\"Big Poppas Competition Stash -mausteseos - BBQ \u00c4ssad%\" \/>\n<meta property=\"og:description\" content=\"Big Poppas Competition Stash on t\u00e4ydellinen valinta mausteiden yst\u00e4ville. Lis\u00e4\u00e4 ruokiin ainutlaatuista makua ja aromia.\" \/>\n<meta property=\"og:url\" content=\"https:\/\/bbqassad.ee\/fi\/toode\/big-poppas-competition-stash-mausteseos\/\" \/>\n<meta property=\"og:site_name\" content=\"BBQ \u00c4ssad\" \/>\n<meta property=\"article:publisher\" content=\"https:\/\/www.facebook.com\/bbqassad\" \/>\n<meta property=\"article:modified_time\" content=\"2026-04-14T06:33:46+00:00\" \/>\n<meta property=\"og:image\" content=\"https:\/\/bbqassad.ee\/wp-content\/uploads\/2023\/07\/Big-Poppas-Competition-Stash.png\" \/>\n<meta name=\"twitter:card\" content=\"summary_large_image\" \/>\n<meta name=\"twitter:title\" content=\"Big Poppas Competition Stash -mausteseos - BBQ \u00c4ssad%\" \/>\n<meta name=\"twitter:description\" content=\"Big Poppas Competition Stash on t\u00e4ydellinen valinta mausteiden yst\u00e4ville. Lis\u00e4\u00e4 ruokiin ainutlaatuista makua ja aromia.\" \/>\n<meta name=\"twitter:image\" content=\"https:\/\/bbqassad.ee\/wp-content\/uploads\/2023\/07\/Big-Poppas-Competition-Stash.png\" \/>\n<script type=\"application\/ld+json\" class=\"yoast-schema-graph\">{\"@context\":\"https:\\\/\\\/schema.org\",\"@graph\":[{\"@type\":\"WebPage\",\"@id\":\"https:\\\/\\\/bbqassad.ee\\\/fi\\\/toode\\\/big-poppas-competition-stash-mausteseos\\\/\",\"url\":\"https:\\\/\\\/bbqassad.ee\\\/fi\\\/toode\\\/big-poppas-competition-stash-mausteseos\\\/\",\"name\":\"Big Poppas Competition Stash -mausteseos - BBQ \u00c4ssad%\",\"isPartOf\":{\"@id\":\"https:\\\/\\\/bbqassad.ee\\\/fi\\\/#website\"},\"primaryImageOfPage\":{\"@id\":\"https:\\\/\\\/bbqassad.ee\\\/fi\\\/toode\\\/big-poppas-competition-stash-mausteseos\\\/#primaryimage\"},\"image\":{\"@id\":\"https:\\\/\\\/bbqassad.ee\\\/fi\\\/toode\\\/big-poppas-competition-stash-mausteseos\\\/#primaryimage\"},\"thumbnailUrl\":\"https:\\\/\\\/bbqassad.ee\\\/wp-content\\\/uploads\\\/2023\\\/07\\\/Big-Poppas-Competition-Stash.png\",\"datePublished\":\"2023-08-09T09:16:21+00:00\",\"dateModified\":\"2026-04-14T06:33:46+00:00\",\"description\":\"Big Poppas Competition Stash on t\u00e4ydellinen valinta mausteiden yst\u00e4ville. Lis\u00e4\u00e4 ruokiin ainutlaatuista makua ja aromia.\",\"breadcrumb\":{\"@id\":\"https:\\\/\\\/bbqassad.ee\\\/fi\\\/toode\\\/big-poppas-competition-stash-mausteseos\\\/#breadcrumb\"},\"inLanguage\":\"fi\",\"potentialAction\":[{\"@type\":\"ReadAction\",\"target\":[\"https:\\\/\\\/bbqassad.ee\\\/fi\\\/toode\\\/big-poppas-competition-stash-mausteseos\\\/\"]}]},{\"@type\":\"ImageObject\",\"inLanguage\":\"fi\",\"@id\":\"https:\\\/\\\/bbqassad.ee\\\/fi\\\/toode\\\/big-poppas-competition-stash-mausteseos\\\/#primaryimage\",\"url\":\"https:\\\/\\\/bbqassad.ee\\\/wp-content\\\/uploads\\\/2023\\\/07\\\/Big-Poppas-Competition-Stash.png\",\"contentUrl\":\"https:\\\/\\\/bbqassad.ee\\\/wp-content\\\/uploads\\\/2023\\\/07\\\/Big-Poppas-Competition-Stash.png\",\"width\":800,\"height\":800,\"caption\":\"Maitseainesegu Big Poppas Competition Stash\"},{\"@type\":\"BreadcrumbList\",\"@id\":\"https:\\\/\\\/bbqassad.ee\\\/fi\\\/toode\\\/big-poppas-competition-stash-mausteseos\\\/#breadcrumb\",\"itemListElement\":[{\"@type\":\"ListItem\",\"position\":1,\"name\":\"Home\",\"item\":\"https:\\\/\\\/bbqassad.ee\\\/fi\\\/bbq-assat\\\/\"},{\"@type\":\"ListItem\",\"position\":2,\"name\":\"Verkkokauppa\",\"item\":\"https:\\\/\\\/bbqassad.ee\\\/fi\\\/verkkokauppa\\\/\"},{\"@type\":\"ListItem\",\"position\":3,\"name\":\"Big Poppa&#8217;s Competition Stash -mausteseos\"}]},{\"@type\":\"WebSite\",\"@id\":\"https:\\\/\\\/bbqassad.ee\\\/fi\\\/#website\",\"url\":\"https:\\\/\\\/bbqassad.ee\\\/fi\\\/\",\"name\":\"BBQ \u00c4ssad\",\"description\":\"BBQ maitseained, kastmed, ahjud\",\"publisher\":{\"@id\":\"https:\\\/\\\/bbqassad.ee\\\/fi\\\/#organization\"},\"potentialAction\":[{\"@type\":\"SearchAction\",\"target\":{\"@type\":\"EntryPoint\",\"urlTemplate\":\"https:\\\/\\\/bbqassad.ee\\\/fi\\\/?s={search_term_string}\"},\"query-input\":{\"@type\":\"PropertyValueSpecification\",\"valueRequired\":true,\"valueName\":\"search_term_string\"}}],\"inLanguage\":\"fi\"},{\"@type\":\"Organization\",\"@id\":\"https:\\\/\\\/bbqassad.ee\\\/fi\\\/#organization\",\"name\":\"BBQ \u00c4ssad\",\"url\":\"https:\\\/\\\/bbqassad.ee\\\/fi\\\/\",\"logo\":{\"@type\":\"ImageObject\",\"inLanguage\":\"fi\",\"@id\":\"https:\\\/\\\/bbqassad.ee\\\/fi\\\/#\\\/schema\\\/logo\\\/image\\\/\",\"url\":\"https:\\\/\\\/bbqassad.ee\\\/wp-content\\\/uploads\\\/2022\\\/10\\\/BBQ-2ssadlogo.png\",\"contentUrl\":\"https:\\\/\\\/bbqassad.ee\\\/wp-content\\\/uploads\\\/2022\\\/10\\\/BBQ-2ssadlogo.png\",\"width\":1080,\"height\":1080,\"caption\":\"BBQ \u00c4ssad\"},\"image\":{\"@id\":\"https:\\\/\\\/bbqassad.ee\\\/fi\\\/#\\\/schema\\\/logo\\\/image\\\/\"},\"sameAs\":[\"https:\\\/\\\/www.facebook.com\\\/bbqassad\",\"https:\\\/\\\/www.youtube.com\\\/channel\\\/UCsoufn49J6TVi9Ah9meE93w\"]}]}<\/script>\n<!-- \/ Yoast SEO plugin. -->","yoast_head_json":{"title":"Big Poppas Competition Stash -mausteseos - BBQ \u00c4ssad%","description":"Big Poppas Competition Stash on t\u00e4ydellinen valinta mausteiden yst\u00e4ville. Lis\u00e4\u00e4 ruokiin ainutlaatuista makua ja aromia.","robots":{"index":"index","follow":"follow","max-snippet":"max-snippet:-1","max-image-preview":"max-image-preview:large","max-video-preview":"max-video-preview:-1"},"canonical":"https:\/\/bbqassad.ee\/fi\/toode\/big-poppas-competition-stash-mausteseos\/","og_locale":"fi_FI","og_type":"article","og_title":"Big Poppas Competition Stash -mausteseos - BBQ \u00c4ssad%","og_description":"Big Poppas Competition Stash on t\u00e4ydellinen valinta mausteiden yst\u00e4ville. Lis\u00e4\u00e4 ruokiin ainutlaatuista makua ja aromia.","og_url":"https:\/\/bbqassad.ee\/fi\/toode\/big-poppas-competition-stash-mausteseos\/","og_site_name":"BBQ \u00c4ssad","article_publisher":"https:\/\/www.facebook.com\/bbqassad","article_modified_time":"2026-04-14T06:33:46+00:00","og_image":[{"url":"https:\/\/bbqassad.ee\/wp-content\/uploads\/2023\/07\/Big-Poppas-Competition-Stash.png","type":"","width":"","height":""}],"twitter_card":"summary_large_image","twitter_title":"Big Poppas Competition Stash -mausteseos - BBQ \u00c4ssad%","twitter_description":"Big Poppas Competition Stash on t\u00e4ydellinen valinta mausteiden yst\u00e4ville. Lis\u00e4\u00e4 ruokiin ainutlaatuista makua ja aromia.","twitter_image":"https:\/\/bbqassad.ee\/wp-content\/uploads\/2023\/07\/Big-Poppas-Competition-Stash.png","schema":{"@context":"https:\/\/schema.org","@graph":[{"@type":"WebPage","@id":"https:\/\/bbqassad.ee\/fi\/toode\/big-poppas-competition-stash-mausteseos\/","url":"https:\/\/bbqassad.ee\/fi\/toode\/big-poppas-competition-stash-mausteseos\/","name":"Big Poppas Competition Stash -mausteseos - BBQ \u00c4ssad%","isPartOf":{"@id":"https:\/\/bbqassad.ee\/fi\/#website"},"primaryImageOfPage":{"@id":"https:\/\/bbqassad.ee\/fi\/toode\/big-poppas-competition-stash-mausteseos\/#primaryimage"},"image":{"@id":"https:\/\/bbqassad.ee\/fi\/toode\/big-poppas-competition-stash-mausteseos\/#primaryimage"},"thumbnailUrl":"https:\/\/bbqassad.ee\/wp-content\/uploads\/2023\/07\/Big-Poppas-Competition-Stash.png","datePublished":"2023-08-09T09:16:21+00:00","dateModified":"2026-04-14T06:33:46+00:00","description":"Big Poppas Competition Stash on t\u00e4ydellinen valinta mausteiden yst\u00e4ville. Lis\u00e4\u00e4 ruokiin ainutlaatuista makua ja aromia.","breadcrumb":{"@id":"https:\/\/bbqassad.ee\/fi\/toode\/big-poppas-competition-stash-mausteseos\/#breadcrumb"},"inLanguage":"fi","potentialAction":[{"@type":"ReadAction","target":["https:\/\/bbqassad.ee\/fi\/toode\/big-poppas-competition-stash-mausteseos\/"]}]},{"@type":"ImageObject","inLanguage":"fi","@id":"https:\/\/bbqassad.ee\/fi\/toode\/big-poppas-competition-stash-mausteseos\/#primaryimage","url":"https:\/\/bbqassad.ee\/wp-content\/uploads\/2023\/07\/Big-Poppas-Competition-Stash.png","contentUrl":"https:\/\/bbqassad.ee\/wp-content\/uploads\/2023\/07\/Big-Poppas-Competition-Stash.png","width":800,"height":800,"caption":"Maitseainesegu Big Poppas Competition Stash"},{"@type":"BreadcrumbList","@id":"https:\/\/bbqassad.ee\/fi\/toode\/big-poppas-competition-stash-mausteseos\/#breadcrumb","itemListElement":[{"@type":"ListItem","position":1,"name":"Home","item":"https:\/\/bbqassad.ee\/fi\/bbq-assat\/"},{"@type":"ListItem","position":2,"name":"Verkkokauppa","item":"https:\/\/bbqassad.ee\/fi\/verkkokauppa\/"},{"@type":"ListItem","position":3,"name":"Big Poppa&#8217;s Competition Stash -mausteseos"}]},{"@type":"WebSite","@id":"https:\/\/bbqassad.ee\/fi\/#website","url":"https:\/\/bbqassad.ee\/fi\/","name":"BBQ \u00c4ssad","description":"BBQ maitseained, kastmed, ahjud","publisher":{"@id":"https:\/\/bbqassad.ee\/fi\/#organization"},"potentialAction":[{"@type":"SearchAction","target":{"@type":"EntryPoint","urlTemplate":"https:\/\/bbqassad.ee\/fi\/?s={search_term_string}"},"query-input":{"@type":"PropertyValueSpecification","valueRequired":true,"valueName":"search_term_string"}}],"inLanguage":"fi"},{"@type":"Organization","@id":"https:\/\/bbqassad.ee\/fi\/#organization","name":"BBQ \u00c4ssad","url":"https:\/\/bbqassad.ee\/fi\/","logo":{"@type":"ImageObject","inLanguage":"fi","@id":"https:\/\/bbqassad.ee\/fi\/#\/schema\/logo\/image\/","url":"https:\/\/bbqassad.ee\/wp-content\/uploads\/2022\/10\/BBQ-2ssadlogo.png","contentUrl":"https:\/\/bbqassad.ee\/wp-content\/uploads\/2022\/10\/BBQ-2ssadlogo.png","width":1080,"height":1080,"caption":"BBQ \u00c4ssad"},"image":{"@id":"https:\/\/bbqassad.ee\/fi\/#\/schema\/logo\/image\/"},"sameAs":["https:\/\/www.facebook.com\/bbqassad","https:\/\/www.youtube.com\/channel\/UCsoufn49J6TVi9Ah9meE93w"]}]}},"_links":{"self":[{"href":"https:\/\/bbqassad.ee\/fi\/wp-json\/wp\/v2\/product\/23356","targetHints":{"allow":["GET"]}}],"collection":[{"href":"https:\/\/bbqassad.ee\/fi\/wp-json\/wp\/v2\/product"}],"about":[{"href":"https:\/\/bbqassad.ee\/fi\/wp-json\/wp\/v2\/types\/product"}],"replies":[{"embeddable":true,"href":"https:\/\/bbqassad.ee\/fi\/wp-json\/wp\/v2\/comments?post=23356"}],"wp:featuredmedia":[{"embeddable":true,"href":"https:\/\/bbqassad.ee\/fi\/wp-json\/wp\/v2\/media\/23371"}],"wp:attachment":[{"href":"https:\/\/bbqassad.ee\/fi\/wp-json\/wp\/v2\/media?parent=23356"}],"wp:term":[{"taxonomy":"product_brand","embeddable":true,"href":"https:\/\/bbqassad.ee\/fi\/wp-json\/wp\/v2\/product_brand?post=23356"},{"taxonomy":"product_cat","embeddable":true,"href":"https:\/\/bbqassad.ee\/fi\/wp-json\/wp\/v2\/product_cat?post=23356"},{"taxonomy":"product_tag","embeddable":true,"href":"https:\/\/bbqassad.ee\/fi\/wp-json\/wp\/v2\/product_tag?post=23356"}],"curies":[{"name":"wp","href":"https:\/\/api.w.org\/{rel}","templated":true}]}}