{"id":23354,"date":"2023-08-09T09:24:50","date_gmt":"2023-08-09T09:24:50","guid":{"rendered":"https:\/\/bbqassad.ee\/toode\/kastike-killer-hogs-hot-sauce-hot-sauce\/"},"modified":"2026-04-14T06:33:46","modified_gmt":"2026-04-14T06:33:46","slug":"kastike-killer-hogs-hot-sauce-hot-sauce","status":"publish","type":"product","link":"https:\/\/bbqassad.ee\/fi\/toode\/kastike-killer-hogs-hot-sauce-hot-sauce\/","title":{"rendered":"Killer Hogs Hot Sauce"},"content":{"rendered":"<h2>Kastike Killer Hogs Hot Sauce Hot Sauce<\/h2>\n<p>Tunnetko Malcolm Reedin? H\u00e4n on luultavasti Youtuben kuuluisin grillaaja. H\u00e4n kuuluu Killer Hogs BBQ -ryhm\u00e4\u00e4n. Killer Hogs on valmistanut erilaisia mausteseoksia jo hyvin pitk\u00e4\u00e4n, ja viel\u00e4 t\u00e4n\u00e4kin p\u00e4iv\u00e4n\u00e4 ne ovat monien joukkueiden perusruokaa. Hot Sauce on kuitenkin nimens\u00e4 mukaisesti &#8211; tulista kastiketta, mutta ei pullossa olevan l\u00e4mp\u00f6tilan j\u00e4lkeen, vaan sen j\u00e4lkeen suussa. Oikeastaan se ei olekaan niin paha, sill\u00e4 paprikasosetta on sekoitettu paprikoiden ja valkosipulin kanssa, jotta siit\u00e4 saadaan todella maukas ja oikeasti sy\u00f6t\u00e4v\u00e4, joten se ei ole liian tulinen.     <\/p>\n<h2>BBQ Aces kommentti<\/h2>\n<p>Jos katsot kaikkia amerikkalaisia reseptej\u00e4, niiss\u00e4 lukee koko ajan &#8211; sekoita sit\u00e4 ja t\u00e4t\u00e4 Hot Saucen kanssa. T\u00e4h\u00e4n menness\u00e4 kysymys on ollut siit\u00e4, mik\u00e4 kuuma kastike. Me vastaamme t\u00e4h\u00e4n kysymykseen &#8211; t\u00e4ll\u00e4 Hot Saucella \ud83d\ude42  <\/p>\n<h2>Ammattilaisen vinkki<\/h2>\n<p>\u00c4l\u00e4 pelk\u00e4\u00e4 maistaa sit\u00e4, se ei my\u00f6sk\u00e4\u00e4n ole kovin tulista.<\/p>\n","protected":false},"excerpt":{"rendered":"<p>Kastike Killer Hogs Hot Sauce Hot Sauce Tunnetko Malcolm Reedin? H\u00e4n on luultavasti Youtuben kuuluisin grillaaja. H\u00e4n kuuluu Killer Hogs BBQ -ryhm\u00e4\u00e4n. Killer Hogs on valmistanut erilaisia mausteseoksia jo hyvin pitk\u00e4\u00e4n, ja viel\u00e4 t\u00e4n\u00e4kin p\u00e4iv\u00e4n\u00e4 ne ovat monien joukkueiden perusruokaa. Hot Sauce on kuitenkin nimens\u00e4 mukaisesti &#8211; tulista kastiketta, mutta ei pullossa olevan l\u00e4mp\u00f6tilan j\u00e4lkeen, [&#8230;]\n","protected":false},"featured_media":23355,"comment_status":"open","ping_status":"closed","template":"","meta":[],"product_brand":[],"product_cat":[788],"product_tag":[],"class_list":{"0":"post-23354","1":"product","2":"type-product","3":"status-publish","4":"has-post-thumbnail","6":"product_cat-kastit","8":"first","9":"instock","10":"taxable","11":"shipping-taxable","12":"purchasable","13":"product-type-simple"},"yoast_head":"<!-- This site is optimized with the Yoast SEO plugin v27.4 - https:\/\/yoast.com\/product\/yoast-seo-wordpress\/ -->\n<title>Killer Hogs Hot Sauce - BBQ \u00c4ssad<\/title>\n<meta name=\"description\" content=\"Killer Hogs Hot Sauce - tasapainoinen tulinen kastike, jossa on mukavaa happamuutta ja mausteisuutta. Ihanteellinen ribseille, pulled porkille, kanalle, hampurilaisille ja dippeihin.\" \/>\n<meta name=\"robots\" content=\"index, follow, max-snippet:-1, max-image-preview:large, max-video-preview:-1\" \/>\n<link rel=\"canonical\" href=\"https:\/\/bbqassad.ee\/fi\/toode\/kastike-killer-hogs-hot-sauce-hot-sauce\/\" \/>\n<meta property=\"og:locale\" content=\"fi_FI\" \/>\n<meta property=\"og:type\" content=\"article\" \/>\n<meta property=\"og:title\" content=\"Kastike Killer Hogs Hot Sauce Hot Sauce\" \/>\n<meta property=\"og:description\" content=\"Killer Hogs Hot Sauce - tasapainoinen tulinen kastike, jossa on mukavaa happamuutta ja mausteisuutta. Ihanteellinen ribseille, pulled porkille, kanalle, hampurilaisille ja dippeihin.\" \/>\n<meta property=\"og:url\" content=\"https:\/\/bbqassad.ee\/fi\/toode\/kastike-killer-hogs-hot-sauce-hot-sauce\/\" \/>\n<meta property=\"og:site_name\" content=\"BBQ \u00c4ssad\" \/>\n<meta property=\"article:publisher\" content=\"https:\/\/www.facebook.com\/bbqassad\" \/>\n<meta property=\"article:modified_time\" content=\"2026-04-14T06:33:46+00:00\" \/>\n<meta property=\"og:image\" content=\"https:\/\/bbqassad.ee\/wp-content\/uploads\/2023\/07\/Killer-Hogs_Hot-Sauce-300x300.png\" \/>\n<meta name=\"twitter:card\" content=\"summary_large_image\" \/>\n<meta name=\"twitter:label1\" content=\"Arvioitu lukuaika\" \/>\n\t<meta name=\"twitter:data1\" content=\"1 minuutti\" \/>\n<script type=\"application\/ld+json\" class=\"yoast-schema-graph\">{\"@context\":\"https:\\\/\\\/schema.org\",\"@graph\":[{\"@type\":\"WebPage\",\"@id\":\"https:\\\/\\\/bbqassad.ee\\\/fi\\\/toode\\\/kastike-killer-hogs-hot-sauce-hot-sauce\\\/\",\"url\":\"https:\\\/\\\/bbqassad.ee\\\/fi\\\/toode\\\/kastike-killer-hogs-hot-sauce-hot-sauce\\\/\",\"name\":\"Killer Hogs Hot Sauce - BBQ \u00c4ssad\",\"isPartOf\":{\"@id\":\"https:\\\/\\\/bbqassad.ee\\\/fi\\\/#website\"},\"primaryImageOfPage\":{\"@id\":\"https:\\\/\\\/bbqassad.ee\\\/fi\\\/toode\\\/kastike-killer-hogs-hot-sauce-hot-sauce\\\/#primaryimage\"},\"image\":{\"@id\":\"https:\\\/\\\/bbqassad.ee\\\/fi\\\/toode\\\/kastike-killer-hogs-hot-sauce-hot-sauce\\\/#primaryimage\"},\"thumbnailUrl\":\"https:\\\/\\\/bbqassad.ee\\\/wp-content\\\/uploads\\\/2023\\\/07\\\/Killer-Hogs_Hot-Sauce.png\",\"datePublished\":\"2023-08-09T09:24:50+00:00\",\"dateModified\":\"2026-04-14T06:33:46+00:00\",\"description\":\"Killer Hogs Hot Sauce - tasapainoinen tulinen kastike, jossa on mukavaa happamuutta ja mausteisuutta. Ihanteellinen ribseille, pulled porkille, kanalle, hampurilaisille ja dippeihin.\",\"breadcrumb\":{\"@id\":\"https:\\\/\\\/bbqassad.ee\\\/fi\\\/toode\\\/kastike-killer-hogs-hot-sauce-hot-sauce\\\/#breadcrumb\"},\"inLanguage\":\"fi\",\"potentialAction\":[{\"@type\":\"ReadAction\",\"target\":[\"https:\\\/\\\/bbqassad.ee\\\/fi\\\/toode\\\/kastike-killer-hogs-hot-sauce-hot-sauce\\\/\"]}]},{\"@type\":\"ImageObject\",\"inLanguage\":\"fi\",\"@id\":\"https:\\\/\\\/bbqassad.ee\\\/fi\\\/toode\\\/kastike-killer-hogs-hot-sauce-hot-sauce\\\/#primaryimage\",\"url\":\"https:\\\/\\\/bbqassad.ee\\\/wp-content\\\/uploads\\\/2023\\\/07\\\/Killer-Hogs_Hot-Sauce.png\",\"contentUrl\":\"https:\\\/\\\/bbqassad.ee\\\/wp-content\\\/uploads\\\/2023\\\/07\\\/Killer-Hogs_Hot-Sauce.png\",\"width\":800,\"height\":800,\"caption\":\"Kaste Killer Hogs Hot Sauce\"},{\"@type\":\"BreadcrumbList\",\"@id\":\"https:\\\/\\\/bbqassad.ee\\\/fi\\\/toode\\\/kastike-killer-hogs-hot-sauce-hot-sauce\\\/#breadcrumb\",\"itemListElement\":[{\"@type\":\"ListItem\",\"position\":1,\"name\":\"Home\",\"item\":\"https:\\\/\\\/bbqassad.ee\\\/fi\\\/bbq-assat\\\/\"},{\"@type\":\"ListItem\",\"position\":2,\"name\":\"Verkkokauppa\",\"item\":\"https:\\\/\\\/bbqassad.ee\\\/fi\\\/verkkokauppa\\\/\"},{\"@type\":\"ListItem\",\"position\":3,\"name\":\"Killer Hogs Hot Sauce\"}]},{\"@type\":\"WebSite\",\"@id\":\"https:\\\/\\\/bbqassad.ee\\\/fi\\\/#website\",\"url\":\"https:\\\/\\\/bbqassad.ee\\\/fi\\\/\",\"name\":\"BBQ \u00c4ssad\",\"description\":\"BBQ maitseained, kastmed, ahjud\",\"publisher\":{\"@id\":\"https:\\\/\\\/bbqassad.ee\\\/fi\\\/#organization\"},\"potentialAction\":[{\"@type\":\"SearchAction\",\"target\":{\"@type\":\"EntryPoint\",\"urlTemplate\":\"https:\\\/\\\/bbqassad.ee\\\/fi\\\/?s={search_term_string}\"},\"query-input\":{\"@type\":\"PropertyValueSpecification\",\"valueRequired\":true,\"valueName\":\"search_term_string\"}}],\"inLanguage\":\"fi\"},{\"@type\":\"Organization\",\"@id\":\"https:\\\/\\\/bbqassad.ee\\\/fi\\\/#organization\",\"name\":\"BBQ \u00c4ssad\",\"url\":\"https:\\\/\\\/bbqassad.ee\\\/fi\\\/\",\"logo\":{\"@type\":\"ImageObject\",\"inLanguage\":\"fi\",\"@id\":\"https:\\\/\\\/bbqassad.ee\\\/fi\\\/#\\\/schema\\\/logo\\\/image\\\/\",\"url\":\"https:\\\/\\\/bbqassad.ee\\\/wp-content\\\/uploads\\\/2022\\\/10\\\/BBQ-2ssadlogo.png\",\"contentUrl\":\"https:\\\/\\\/bbqassad.ee\\\/wp-content\\\/uploads\\\/2022\\\/10\\\/BBQ-2ssadlogo.png\",\"width\":1080,\"height\":1080,\"caption\":\"BBQ \u00c4ssad\"},\"image\":{\"@id\":\"https:\\\/\\\/bbqassad.ee\\\/fi\\\/#\\\/schema\\\/logo\\\/image\\\/\"},\"sameAs\":[\"https:\\\/\\\/www.facebook.com\\\/bbqassad\",\"https:\\\/\\\/www.youtube.com\\\/channel\\\/UCsoufn49J6TVi9Ah9meE93w\"]}]}<\/script>\n<!-- \/ Yoast SEO plugin. -->","yoast_head_json":{"title":"Killer Hogs Hot Sauce - BBQ \u00c4ssad","description":"Killer Hogs Hot Sauce - tasapainoinen tulinen kastike, jossa on mukavaa happamuutta ja mausteisuutta. Ihanteellinen ribseille, pulled porkille, kanalle, hampurilaisille ja dippeihin.","robots":{"index":"index","follow":"follow","max-snippet":"max-snippet:-1","max-image-preview":"max-image-preview:large","max-video-preview":"max-video-preview:-1"},"canonical":"https:\/\/bbqassad.ee\/fi\/toode\/kastike-killer-hogs-hot-sauce-hot-sauce\/","og_locale":"fi_FI","og_type":"article","og_title":"Kastike Killer Hogs Hot Sauce Hot Sauce","og_description":"Killer Hogs Hot Sauce - tasapainoinen tulinen kastike, jossa on mukavaa happamuutta ja mausteisuutta. Ihanteellinen ribseille, pulled porkille, kanalle, hampurilaisille ja dippeihin.","og_url":"https:\/\/bbqassad.ee\/fi\/toode\/kastike-killer-hogs-hot-sauce-hot-sauce\/","og_site_name":"BBQ \u00c4ssad","article_publisher":"https:\/\/www.facebook.com\/bbqassad","article_modified_time":"2026-04-14T06:33:46+00:00","og_image":[{"url":"https:\/\/bbqassad.ee\/wp-content\/uploads\/2023\/07\/Killer-Hogs_Hot-Sauce-300x300.png","type":"","width":"","height":""}],"twitter_card":"summary_large_image","twitter_misc":{"Arvioitu lukuaika":"1 minuutti"},"schema":{"@context":"https:\/\/schema.org","@graph":[{"@type":"WebPage","@id":"https:\/\/bbqassad.ee\/fi\/toode\/kastike-killer-hogs-hot-sauce-hot-sauce\/","url":"https:\/\/bbqassad.ee\/fi\/toode\/kastike-killer-hogs-hot-sauce-hot-sauce\/","name":"Killer Hogs Hot Sauce - BBQ \u00c4ssad","isPartOf":{"@id":"https:\/\/bbqassad.ee\/fi\/#website"},"primaryImageOfPage":{"@id":"https:\/\/bbqassad.ee\/fi\/toode\/kastike-killer-hogs-hot-sauce-hot-sauce\/#primaryimage"},"image":{"@id":"https:\/\/bbqassad.ee\/fi\/toode\/kastike-killer-hogs-hot-sauce-hot-sauce\/#primaryimage"},"thumbnailUrl":"https:\/\/bbqassad.ee\/wp-content\/uploads\/2023\/07\/Killer-Hogs_Hot-Sauce.png","datePublished":"2023-08-09T09:24:50+00:00","dateModified":"2026-04-14T06:33:46+00:00","description":"Killer Hogs Hot Sauce - tasapainoinen tulinen kastike, jossa on mukavaa happamuutta ja mausteisuutta. Ihanteellinen ribseille, pulled porkille, kanalle, hampurilaisille ja dippeihin.","breadcrumb":{"@id":"https:\/\/bbqassad.ee\/fi\/toode\/kastike-killer-hogs-hot-sauce-hot-sauce\/#breadcrumb"},"inLanguage":"fi","potentialAction":[{"@type":"ReadAction","target":["https:\/\/bbqassad.ee\/fi\/toode\/kastike-killer-hogs-hot-sauce-hot-sauce\/"]}]},{"@type":"ImageObject","inLanguage":"fi","@id":"https:\/\/bbqassad.ee\/fi\/toode\/kastike-killer-hogs-hot-sauce-hot-sauce\/#primaryimage","url":"https:\/\/bbqassad.ee\/wp-content\/uploads\/2023\/07\/Killer-Hogs_Hot-Sauce.png","contentUrl":"https:\/\/bbqassad.ee\/wp-content\/uploads\/2023\/07\/Killer-Hogs_Hot-Sauce.png","width":800,"height":800,"caption":"Kaste Killer Hogs Hot Sauce"},{"@type":"BreadcrumbList","@id":"https:\/\/bbqassad.ee\/fi\/toode\/kastike-killer-hogs-hot-sauce-hot-sauce\/#breadcrumb","itemListElement":[{"@type":"ListItem","position":1,"name":"Home","item":"https:\/\/bbqassad.ee\/fi\/bbq-assat\/"},{"@type":"ListItem","position":2,"name":"Verkkokauppa","item":"https:\/\/bbqassad.ee\/fi\/verkkokauppa\/"},{"@type":"ListItem","position":3,"name":"Killer Hogs Hot Sauce"}]},{"@type":"WebSite","@id":"https:\/\/bbqassad.ee\/fi\/#website","url":"https:\/\/bbqassad.ee\/fi\/","name":"BBQ \u00c4ssad","description":"BBQ maitseained, kastmed, ahjud","publisher":{"@id":"https:\/\/bbqassad.ee\/fi\/#organization"},"potentialAction":[{"@type":"SearchAction","target":{"@type":"EntryPoint","urlTemplate":"https:\/\/bbqassad.ee\/fi\/?s={search_term_string}"},"query-input":{"@type":"PropertyValueSpecification","valueRequired":true,"valueName":"search_term_string"}}],"inLanguage":"fi"},{"@type":"Organization","@id":"https:\/\/bbqassad.ee\/fi\/#organization","name":"BBQ \u00c4ssad","url":"https:\/\/bbqassad.ee\/fi\/","logo":{"@type":"ImageObject","inLanguage":"fi","@id":"https:\/\/bbqassad.ee\/fi\/#\/schema\/logo\/image\/","url":"https:\/\/bbqassad.ee\/wp-content\/uploads\/2022\/10\/BBQ-2ssadlogo.png","contentUrl":"https:\/\/bbqassad.ee\/wp-content\/uploads\/2022\/10\/BBQ-2ssadlogo.png","width":1080,"height":1080,"caption":"BBQ \u00c4ssad"},"image":{"@id":"https:\/\/bbqassad.ee\/fi\/#\/schema\/logo\/image\/"},"sameAs":["https:\/\/www.facebook.com\/bbqassad","https:\/\/www.youtube.com\/channel\/UCsoufn49J6TVi9Ah9meE93w"]}]}},"_links":{"self":[{"href":"https:\/\/bbqassad.ee\/fi\/wp-json\/wp\/v2\/product\/23354","targetHints":{"allow":["GET"]}}],"collection":[{"href":"https:\/\/bbqassad.ee\/fi\/wp-json\/wp\/v2\/product"}],"about":[{"href":"https:\/\/bbqassad.ee\/fi\/wp-json\/wp\/v2\/types\/product"}],"replies":[{"embeddable":true,"href":"https:\/\/bbqassad.ee\/fi\/wp-json\/wp\/v2\/comments?post=23354"}],"wp:featuredmedia":[{"embeddable":true,"href":"https:\/\/bbqassad.ee\/fi\/wp-json\/wp\/v2\/media\/23355"}],"wp:attachment":[{"href":"https:\/\/bbqassad.ee\/fi\/wp-json\/wp\/v2\/media?parent=23354"}],"wp:term":[{"taxonomy":"product_brand","embeddable":true,"href":"https:\/\/bbqassad.ee\/fi\/wp-json\/wp\/v2\/product_brand?post=23354"},{"taxonomy":"product_cat","embeddable":true,"href":"https:\/\/bbqassad.ee\/fi\/wp-json\/wp\/v2\/product_cat?post=23354"},{"taxonomy":"product_tag","embeddable":true,"href":"https:\/\/bbqassad.ee\/fi\/wp-json\/wp\/v2\/product_tag?post=23354"}],"curies":[{"name":"wp","href":"https:\/\/api.w.org\/{rel}","templated":true}]}}