{"id":23348,"date":"2023-08-09T09:32:00","date_gmt":"2023-08-09T09:32:00","guid":{"rendered":"https:\/\/bbqassad.ee\/toode\/maustemix-blues-hog-all-in\/"},"modified":"2026-04-14T06:33:46","modified_gmt":"2026-04-14T06:33:46","slug":"maustemix-blues-hog-all-in","status":"publish","type":"product","link":"https:\/\/bbqassad.ee\/fi\/toode\/maustemix-blues-hog-all-in\/","title":{"rendered":"Blues Hog All In -mausteseos"},"content":{"rendered":"<h2>Maustemix Blues Hog All In<\/h2>\n<p>Legendaarisen Bill Arnoldin Blues Hog ei kaipaa esittely\u00e4, sill\u00e4 mik\u00e4\u00e4n muu tuote ei ole voittanut niin monia palkintoja kuin Blues Hog. Kuten he sanovat tuotteistaan &#8211; mestareiden valinta, ja se p\u00e4tee yh\u00e4 t\u00e4n\u00e4kin p\u00e4iv\u00e4n\u00e4. All In on nimens\u00e4 mukaisesti py\u00f6rremyrskyinen hieronta, jossa on kaikkea ja kaikkea sopivaa, joten mit\u00e4 ikin\u00e4 teetkin, All Inin pit\u00e4isi vied\u00e4 sinut toiselle tasolle.  <\/p>\n<h2>BBQ Aces kommentti<\/h2>\n<p>Melko riehakas suolapohjainen rub, jossa on suuri jauhatus tai jyv\u00e4. Vaikka iso jyv\u00e4 onkin kanalle v\u00e4h\u00e4n vaarallinen, niin kyll\u00e4 min\u00e4 sit\u00e4kin kokeilisin. <\/p>\n<h2>Ammattilaisen vinkki<\/h2>\n<p>Kun sanomme kaikkeen, emme rajoita itse\u00e4mme lihaan.<\/p>\n","protected":false},"excerpt":{"rendered":"<p>Maustemix Blues Hog All In Legendaarisen Bill Arnoldin Blues Hog ei kaipaa esittely\u00e4, sill\u00e4 mik\u00e4\u00e4n muu tuote ei ole voittanut niin monia palkintoja kuin Blues Hog. Kuten he sanovat tuotteistaan &#8211; mestareiden valinta, ja se p\u00e4tee yh\u00e4 t\u00e4n\u00e4kin p\u00e4iv\u00e4n\u00e4. All In on nimens\u00e4 mukaisesti py\u00f6rremyrskyinen hieronta, jossa on kaikkea ja kaikkea sopivaa, joten mit\u00e4 ikin\u00e4 [&#8230;]\n","protected":false},"featured_media":23349,"comment_status":"open","ping_status":"closed","template":"","meta":[],"product_brand":[],"product_cat":[802],"product_tag":[],"class_list":{"0":"post-23348","1":"product","2":"type-product","3":"status-publish","4":"has-post-thumbnail","6":"product_cat-sekoitukset","8":"first","9":"instock","10":"taxable","11":"shipping-taxable","12":"purchasable","13":"product-type-simple"},"yoast_head":"<!-- This site is optimized with the Yoast SEO plugin v27.4 - https:\/\/yoast.com\/product\/yoast-seo-wordpress\/ -->\n<title>Blues Hog All In -mausteseos - BBQ \u00c4ssad<\/title>\n<meta name=\"description\" content=\"Blues Hog &quot;All In&quot; -mausteseos - yleinen mausteseos lihan, kanan ja vihannesten maustamiseen. Sopii grillaukseen, savustukseen ja uunissa kypsent\u00e4miseen.\" \/>\n<meta name=\"robots\" content=\"index, follow, max-snippet:-1, max-image-preview:large, max-video-preview:-1\" \/>\n<link rel=\"canonical\" href=\"https:\/\/bbqassad.ee\/fi\/toode\/maustemix-blues-hog-all-in\/\" \/>\n<meta property=\"og:locale\" content=\"fi_FI\" \/>\n<meta property=\"og:type\" content=\"article\" \/>\n<meta property=\"og:title\" content=\"Maustemix Blues Hog All In\" \/>\n<meta property=\"og:description\" content=\"Blues Hog &quot;All In&quot; -mausteseos - yleinen mausteseos lihan, kanan ja vihannesten maustamiseen. Sopii grillaukseen, savustukseen ja uunissa kypsent\u00e4miseen.\" \/>\n<meta property=\"og:url\" content=\"https:\/\/bbqassad.ee\/fi\/toode\/maustemix-blues-hog-all-in\/\" \/>\n<meta property=\"og:site_name\" content=\"BBQ \u00c4ssad\" \/>\n<meta property=\"article:publisher\" content=\"https:\/\/www.facebook.com\/bbqassad\" \/>\n<meta property=\"article:modified_time\" content=\"2026-04-14T06:33:46+00:00\" \/>\n<meta property=\"og:image\" content=\"https:\/\/bbqassad.ee\/wp-content\/uploads\/2023\/07\/Blues-Hog_All-In-300x300.png\" \/>\n<meta name=\"twitter:card\" content=\"summary_large_image\" \/>\n<meta name=\"twitter:label1\" content=\"Arvioitu lukuaika\" \/>\n\t<meta name=\"twitter:data1\" content=\"1 minuutti\" \/>\n<script type=\"application\/ld+json\" class=\"yoast-schema-graph\">{\"@context\":\"https:\\\/\\\/schema.org\",\"@graph\":[{\"@type\":\"WebPage\",\"@id\":\"https:\\\/\\\/bbqassad.ee\\\/fi\\\/toode\\\/maustemix-blues-hog-all-in\\\/\",\"url\":\"https:\\\/\\\/bbqassad.ee\\\/fi\\\/toode\\\/maustemix-blues-hog-all-in\\\/\",\"name\":\"Blues Hog All In -mausteseos - BBQ \u00c4ssad\",\"isPartOf\":{\"@id\":\"https:\\\/\\\/bbqassad.ee\\\/fi\\\/#website\"},\"primaryImageOfPage\":{\"@id\":\"https:\\\/\\\/bbqassad.ee\\\/fi\\\/toode\\\/maustemix-blues-hog-all-in\\\/#primaryimage\"},\"image\":{\"@id\":\"https:\\\/\\\/bbqassad.ee\\\/fi\\\/toode\\\/maustemix-blues-hog-all-in\\\/#primaryimage\"},\"thumbnailUrl\":\"https:\\\/\\\/bbqassad.ee\\\/wp-content\\\/uploads\\\/2023\\\/07\\\/Blues-Hog_All-In.png\",\"datePublished\":\"2023-08-09T09:32:00+00:00\",\"dateModified\":\"2026-04-14T06:33:46+00:00\",\"description\":\"Blues Hog \\\"All In\\\" -mausteseos - yleinen mausteseos lihan, kanan ja vihannesten maustamiseen. Sopii grillaukseen, savustukseen ja uunissa kypsent\u00e4miseen.\",\"breadcrumb\":{\"@id\":\"https:\\\/\\\/bbqassad.ee\\\/fi\\\/toode\\\/maustemix-blues-hog-all-in\\\/#breadcrumb\"},\"inLanguage\":\"fi\",\"potentialAction\":[{\"@type\":\"ReadAction\",\"target\":[\"https:\\\/\\\/bbqassad.ee\\\/fi\\\/toode\\\/maustemix-blues-hog-all-in\\\/\"]}]},{\"@type\":\"ImageObject\",\"inLanguage\":\"fi\",\"@id\":\"https:\\\/\\\/bbqassad.ee\\\/fi\\\/toode\\\/maustemix-blues-hog-all-in\\\/#primaryimage\",\"url\":\"https:\\\/\\\/bbqassad.ee\\\/wp-content\\\/uploads\\\/2023\\\/07\\\/Blues-Hog_All-In.png\",\"contentUrl\":\"https:\\\/\\\/bbqassad.ee\\\/wp-content\\\/uploads\\\/2023\\\/07\\\/Blues-Hog_All-In.png\",\"width\":800,\"height\":800,\"caption\":\"Maitseainesegu Blues Hog All In\"},{\"@type\":\"BreadcrumbList\",\"@id\":\"https:\\\/\\\/bbqassad.ee\\\/fi\\\/toode\\\/maustemix-blues-hog-all-in\\\/#breadcrumb\",\"itemListElement\":[{\"@type\":\"ListItem\",\"position\":1,\"name\":\"Home\",\"item\":\"https:\\\/\\\/bbqassad.ee\\\/fi\\\/bbq-assat\\\/\"},{\"@type\":\"ListItem\",\"position\":2,\"name\":\"Verkkokauppa\",\"item\":\"https:\\\/\\\/bbqassad.ee\\\/fi\\\/verkkokauppa\\\/\"},{\"@type\":\"ListItem\",\"position\":3,\"name\":\"Blues Hog All In -mausteseos\"}]},{\"@type\":\"WebSite\",\"@id\":\"https:\\\/\\\/bbqassad.ee\\\/fi\\\/#website\",\"url\":\"https:\\\/\\\/bbqassad.ee\\\/fi\\\/\",\"name\":\"BBQ \u00c4ssad\",\"description\":\"BBQ maitseained, kastmed, ahjud\",\"publisher\":{\"@id\":\"https:\\\/\\\/bbqassad.ee\\\/fi\\\/#organization\"},\"potentialAction\":[{\"@type\":\"SearchAction\",\"target\":{\"@type\":\"EntryPoint\",\"urlTemplate\":\"https:\\\/\\\/bbqassad.ee\\\/fi\\\/?s={search_term_string}\"},\"query-input\":{\"@type\":\"PropertyValueSpecification\",\"valueRequired\":true,\"valueName\":\"search_term_string\"}}],\"inLanguage\":\"fi\"},{\"@type\":\"Organization\",\"@id\":\"https:\\\/\\\/bbqassad.ee\\\/fi\\\/#organization\",\"name\":\"BBQ \u00c4ssad\",\"url\":\"https:\\\/\\\/bbqassad.ee\\\/fi\\\/\",\"logo\":{\"@type\":\"ImageObject\",\"inLanguage\":\"fi\",\"@id\":\"https:\\\/\\\/bbqassad.ee\\\/fi\\\/#\\\/schema\\\/logo\\\/image\\\/\",\"url\":\"https:\\\/\\\/bbqassad.ee\\\/wp-content\\\/uploads\\\/2022\\\/10\\\/BBQ-2ssadlogo.png\",\"contentUrl\":\"https:\\\/\\\/bbqassad.ee\\\/wp-content\\\/uploads\\\/2022\\\/10\\\/BBQ-2ssadlogo.png\",\"width\":1080,\"height\":1080,\"caption\":\"BBQ \u00c4ssad\"},\"image\":{\"@id\":\"https:\\\/\\\/bbqassad.ee\\\/fi\\\/#\\\/schema\\\/logo\\\/image\\\/\"},\"sameAs\":[\"https:\\\/\\\/www.facebook.com\\\/bbqassad\",\"https:\\\/\\\/www.youtube.com\\\/channel\\\/UCsoufn49J6TVi9Ah9meE93w\"]}]}<\/script>\n<!-- \/ Yoast SEO plugin. -->","yoast_head_json":{"title":"Blues Hog All In -mausteseos - BBQ \u00c4ssad","description":"Blues Hog \"All In\" -mausteseos - yleinen mausteseos lihan, kanan ja vihannesten maustamiseen. Sopii grillaukseen, savustukseen ja uunissa kypsent\u00e4miseen.","robots":{"index":"index","follow":"follow","max-snippet":"max-snippet:-1","max-image-preview":"max-image-preview:large","max-video-preview":"max-video-preview:-1"},"canonical":"https:\/\/bbqassad.ee\/fi\/toode\/maustemix-blues-hog-all-in\/","og_locale":"fi_FI","og_type":"article","og_title":"Maustemix Blues Hog All In","og_description":"Blues Hog \"All In\" -mausteseos - yleinen mausteseos lihan, kanan ja vihannesten maustamiseen. Sopii grillaukseen, savustukseen ja uunissa kypsent\u00e4miseen.","og_url":"https:\/\/bbqassad.ee\/fi\/toode\/maustemix-blues-hog-all-in\/","og_site_name":"BBQ \u00c4ssad","article_publisher":"https:\/\/www.facebook.com\/bbqassad","article_modified_time":"2026-04-14T06:33:46+00:00","og_image":[{"url":"https:\/\/bbqassad.ee\/wp-content\/uploads\/2023\/07\/Blues-Hog_All-In-300x300.png","type":"","width":"","height":""}],"twitter_card":"summary_large_image","twitter_misc":{"Arvioitu lukuaika":"1 minuutti"},"schema":{"@context":"https:\/\/schema.org","@graph":[{"@type":"WebPage","@id":"https:\/\/bbqassad.ee\/fi\/toode\/maustemix-blues-hog-all-in\/","url":"https:\/\/bbqassad.ee\/fi\/toode\/maustemix-blues-hog-all-in\/","name":"Blues Hog All In -mausteseos - BBQ \u00c4ssad","isPartOf":{"@id":"https:\/\/bbqassad.ee\/fi\/#website"},"primaryImageOfPage":{"@id":"https:\/\/bbqassad.ee\/fi\/toode\/maustemix-blues-hog-all-in\/#primaryimage"},"image":{"@id":"https:\/\/bbqassad.ee\/fi\/toode\/maustemix-blues-hog-all-in\/#primaryimage"},"thumbnailUrl":"https:\/\/bbqassad.ee\/wp-content\/uploads\/2023\/07\/Blues-Hog_All-In.png","datePublished":"2023-08-09T09:32:00+00:00","dateModified":"2026-04-14T06:33:46+00:00","description":"Blues Hog \"All In\" -mausteseos - yleinen mausteseos lihan, kanan ja vihannesten maustamiseen. Sopii grillaukseen, savustukseen ja uunissa kypsent\u00e4miseen.","breadcrumb":{"@id":"https:\/\/bbqassad.ee\/fi\/toode\/maustemix-blues-hog-all-in\/#breadcrumb"},"inLanguage":"fi","potentialAction":[{"@type":"ReadAction","target":["https:\/\/bbqassad.ee\/fi\/toode\/maustemix-blues-hog-all-in\/"]}]},{"@type":"ImageObject","inLanguage":"fi","@id":"https:\/\/bbqassad.ee\/fi\/toode\/maustemix-blues-hog-all-in\/#primaryimage","url":"https:\/\/bbqassad.ee\/wp-content\/uploads\/2023\/07\/Blues-Hog_All-In.png","contentUrl":"https:\/\/bbqassad.ee\/wp-content\/uploads\/2023\/07\/Blues-Hog_All-In.png","width":800,"height":800,"caption":"Maitseainesegu Blues Hog All In"},{"@type":"BreadcrumbList","@id":"https:\/\/bbqassad.ee\/fi\/toode\/maustemix-blues-hog-all-in\/#breadcrumb","itemListElement":[{"@type":"ListItem","position":1,"name":"Home","item":"https:\/\/bbqassad.ee\/fi\/bbq-assat\/"},{"@type":"ListItem","position":2,"name":"Verkkokauppa","item":"https:\/\/bbqassad.ee\/fi\/verkkokauppa\/"},{"@type":"ListItem","position":3,"name":"Blues Hog All In -mausteseos"}]},{"@type":"WebSite","@id":"https:\/\/bbqassad.ee\/fi\/#website","url":"https:\/\/bbqassad.ee\/fi\/","name":"BBQ \u00c4ssad","description":"BBQ maitseained, kastmed, ahjud","publisher":{"@id":"https:\/\/bbqassad.ee\/fi\/#organization"},"potentialAction":[{"@type":"SearchAction","target":{"@type":"EntryPoint","urlTemplate":"https:\/\/bbqassad.ee\/fi\/?s={search_term_string}"},"query-input":{"@type":"PropertyValueSpecification","valueRequired":true,"valueName":"search_term_string"}}],"inLanguage":"fi"},{"@type":"Organization","@id":"https:\/\/bbqassad.ee\/fi\/#organization","name":"BBQ \u00c4ssad","url":"https:\/\/bbqassad.ee\/fi\/","logo":{"@type":"ImageObject","inLanguage":"fi","@id":"https:\/\/bbqassad.ee\/fi\/#\/schema\/logo\/image\/","url":"https:\/\/bbqassad.ee\/wp-content\/uploads\/2022\/10\/BBQ-2ssadlogo.png","contentUrl":"https:\/\/bbqassad.ee\/wp-content\/uploads\/2022\/10\/BBQ-2ssadlogo.png","width":1080,"height":1080,"caption":"BBQ \u00c4ssad"},"image":{"@id":"https:\/\/bbqassad.ee\/fi\/#\/schema\/logo\/image\/"},"sameAs":["https:\/\/www.facebook.com\/bbqassad","https:\/\/www.youtube.com\/channel\/UCsoufn49J6TVi9Ah9meE93w"]}]}},"_links":{"self":[{"href":"https:\/\/bbqassad.ee\/fi\/wp-json\/wp\/v2\/product\/23348","targetHints":{"allow":["GET"]}}],"collection":[{"href":"https:\/\/bbqassad.ee\/fi\/wp-json\/wp\/v2\/product"}],"about":[{"href":"https:\/\/bbqassad.ee\/fi\/wp-json\/wp\/v2\/types\/product"}],"replies":[{"embeddable":true,"href":"https:\/\/bbqassad.ee\/fi\/wp-json\/wp\/v2\/comments?post=23348"}],"wp:featuredmedia":[{"embeddable":true,"href":"https:\/\/bbqassad.ee\/fi\/wp-json\/wp\/v2\/media\/23349"}],"wp:attachment":[{"href":"https:\/\/bbqassad.ee\/fi\/wp-json\/wp\/v2\/media?parent=23348"}],"wp:term":[{"taxonomy":"product_brand","embeddable":true,"href":"https:\/\/bbqassad.ee\/fi\/wp-json\/wp\/v2\/product_brand?post=23348"},{"taxonomy":"product_cat","embeddable":true,"href":"https:\/\/bbqassad.ee\/fi\/wp-json\/wp\/v2\/product_cat?post=23348"},{"taxonomy":"product_tag","embeddable":true,"href":"https:\/\/bbqassad.ee\/fi\/wp-json\/wp\/v2\/product_tag?post=23348"}],"curies":[{"name":"wp","href":"https:\/\/api.w.org\/{rel}","templated":true}]}}