{"id":23345,"date":"2023-08-09T09:45:38","date_gmt":"2023-08-09T09:45:38","guid":{"rendered":"https:\/\/bbqassad.ee\/toode\/mausteseos-blues-hog-cajun-bayou-mausteseos-blues-hog-cajun-bayou\/"},"modified":"2026-04-14T06:33:45","modified_gmt":"2026-04-14T06:33:45","slug":"mausteseos-blues-hog-cajun-bayou-mausteseos-blues-hog-cajun-bayou","status":"publish","type":"product","link":"https:\/\/bbqassad.ee\/fi\/toode\/mausteseos-blues-hog-cajun-bayou-mausteseos-blues-hog-cajun-bayou\/","title":{"rendered":"Blues Hog Cajun Bayou -mausteseos"},"content":{"rendered":"<h2>Mausteseos Blues Hog Cajun Bayou Mausteseos Blues Hog Cajun Bayou<\/h2>\n<p>Legendaarisen Bill Arnoldin Blues Hog ei kaipaa esittely\u00e4, sill\u00e4 mik\u00e4\u00e4n muu tuote ei ole voittanut niin monia palkintoja kuin Blues Hog. Kuten heid\u00e4n tuotteistaan sanotaan &#8211; mestareiden valinta, ja se p\u00e4tee yh\u00e4 t\u00e4n\u00e4 p\u00e4iv\u00e4n\u00e4. Se on nyt osa aitoa etel\u00e4ist\u00e4 Cajun Bayou- tai soul-ruokaa. Etel\u00e4n makuja ja mausteisuutta.   <\/p>\n<h2>BBQ Aces kommentti<\/h2>\n<p>Mit\u00e4 ikin\u00e4 ajatteletkaan etel\u00e4valtioiden aterian suhteen, Cajun Bayou auttaa sinua toteuttamaan n\u00e4m\u00e4 kuvitelmat. Sit\u00e4 k\u00e4ytet\u00e4\u00e4n my\u00f6s lihan perushierontaan, joka antaa lihalle sen tarvitsemaa mausteisuutta. <\/p>\n<h2>Ammattilaisen vinkki<\/h2>\n<p>Korvaa se tavallisella mausteisella hieronnalla, etk\u00e4 tule katumaan.<\/p>\n","protected":false},"excerpt":{"rendered":"<p>Mausteseos Blues Hog Cajun Bayou Mausteseos Blues Hog Cajun Bayou Legendaarisen Bill Arnoldin Blues Hog ei kaipaa esittely\u00e4, sill\u00e4 mik\u00e4\u00e4n muu tuote ei ole voittanut niin monia palkintoja kuin Blues Hog. Kuten heid\u00e4n tuotteistaan sanotaan &#8211; mestareiden valinta, ja se p\u00e4tee yh\u00e4 t\u00e4n\u00e4 p\u00e4iv\u00e4n\u00e4. Se on nyt osa aitoa etel\u00e4ist\u00e4 Cajun Bayou- tai soul-ruokaa. Etel\u00e4n [&#8230;]\n","protected":false},"featured_media":23346,"comment_status":"open","ping_status":"closed","template":"","meta":[],"product_brand":[],"product_cat":[802],"product_tag":[],"class_list":{"0":"post-23345","1":"product","2":"type-product","3":"status-publish","4":"has-post-thumbnail","6":"product_cat-sekoitukset","8":"first","9":"instock","10":"taxable","11":"shipping-taxable","12":"purchasable","13":"product-type-simple"},"yoast_head":"<!-- This site is optimized with the Yoast SEO plugin v27.4 - https:\/\/yoast.com\/product\/yoast-seo-wordpress\/ -->\n<title>Blues Hog Cajun Bayou -mausteseos - BBQ \u00c4ssad<\/title>\n<meta name=\"description\" content=\"Blues Hog Cajun Bayou Seasoning - Cajun-tyylinen mausteseos, joka tuo lihaan ja kanaan mukavaa maustetta ja yrttist\u00e4 makua. Sopii grillaukseen, savustukseen ja pannulla paistamiseen.\" \/>\n<meta name=\"robots\" content=\"index, follow, max-snippet:-1, max-image-preview:large, max-video-preview:-1\" \/>\n<link rel=\"canonical\" href=\"https:\/\/bbqassad.ee\/fi\/toode\/mausteseos-blues-hog-cajun-bayou-mausteseos-blues-hog-cajun-bayou\/\" \/>\n<meta property=\"og:locale\" content=\"fi_FI\" \/>\n<meta property=\"og:type\" content=\"article\" \/>\n<meta property=\"og:title\" content=\"Mausteseos Blues Hog Cajun Bayou Mausteseos Blues Hog Cajun Bayou\" \/>\n<meta property=\"og:description\" content=\"Blues Hog Cajun Bayou Seasoning - Cajun-tyylinen mausteseos, joka tuo lihaan ja kanaan mukavaa maustetta ja yrttist\u00e4 makua. Sopii grillaukseen, savustukseen ja pannulla paistamiseen.\" \/>\n<meta property=\"og:url\" content=\"https:\/\/bbqassad.ee\/fi\/toode\/mausteseos-blues-hog-cajun-bayou-mausteseos-blues-hog-cajun-bayou\/\" \/>\n<meta property=\"og:site_name\" content=\"BBQ \u00c4ssad\" \/>\n<meta property=\"article:publisher\" content=\"https:\/\/www.facebook.com\/bbqassad\" \/>\n<meta property=\"article:modified_time\" content=\"2026-04-14T06:33:45+00:00\" \/>\n<meta property=\"og:image\" content=\"https:\/\/bbqassad.ee\/wp-content\/uploads\/2023\/07\/Blues-hog_Cajun-Bayou-300x300.png\" \/>\n<meta name=\"twitter:card\" content=\"summary_large_image\" \/>\n<meta name=\"twitter:label1\" content=\"Arvioitu lukuaika\" \/>\n\t<meta name=\"twitter:data1\" content=\"1 minuutti\" \/>\n<script type=\"application\/ld+json\" class=\"yoast-schema-graph\">{\"@context\":\"https:\\\/\\\/schema.org\",\"@graph\":[{\"@type\":\"WebPage\",\"@id\":\"https:\\\/\\\/bbqassad.ee\\\/fi\\\/toode\\\/mausteseos-blues-hog-cajun-bayou-mausteseos-blues-hog-cajun-bayou\\\/\",\"url\":\"https:\\\/\\\/bbqassad.ee\\\/fi\\\/toode\\\/mausteseos-blues-hog-cajun-bayou-mausteseos-blues-hog-cajun-bayou\\\/\",\"name\":\"Blues Hog Cajun Bayou -mausteseos - BBQ \u00c4ssad\",\"isPartOf\":{\"@id\":\"https:\\\/\\\/bbqassad.ee\\\/fi\\\/#website\"},\"primaryImageOfPage\":{\"@id\":\"https:\\\/\\\/bbqassad.ee\\\/fi\\\/toode\\\/mausteseos-blues-hog-cajun-bayou-mausteseos-blues-hog-cajun-bayou\\\/#primaryimage\"},\"image\":{\"@id\":\"https:\\\/\\\/bbqassad.ee\\\/fi\\\/toode\\\/mausteseos-blues-hog-cajun-bayou-mausteseos-blues-hog-cajun-bayou\\\/#primaryimage\"},\"thumbnailUrl\":\"https:\\\/\\\/bbqassad.ee\\\/wp-content\\\/uploads\\\/2023\\\/07\\\/Blues-hog_Cajun-Bayou.png\",\"datePublished\":\"2023-08-09T09:45:38+00:00\",\"dateModified\":\"2026-04-14T06:33:45+00:00\",\"description\":\"Blues Hog Cajun Bayou Seasoning - Cajun-tyylinen mausteseos, joka tuo lihaan ja kanaan mukavaa maustetta ja yrttist\u00e4 makua. Sopii grillaukseen, savustukseen ja pannulla paistamiseen.\",\"breadcrumb\":{\"@id\":\"https:\\\/\\\/bbqassad.ee\\\/fi\\\/toode\\\/mausteseos-blues-hog-cajun-bayou-mausteseos-blues-hog-cajun-bayou\\\/#breadcrumb\"},\"inLanguage\":\"fi\",\"potentialAction\":[{\"@type\":\"ReadAction\",\"target\":[\"https:\\\/\\\/bbqassad.ee\\\/fi\\\/toode\\\/mausteseos-blues-hog-cajun-bayou-mausteseos-blues-hog-cajun-bayou\\\/\"]}]},{\"@type\":\"ImageObject\",\"inLanguage\":\"fi\",\"@id\":\"https:\\\/\\\/bbqassad.ee\\\/fi\\\/toode\\\/mausteseos-blues-hog-cajun-bayou-mausteseos-blues-hog-cajun-bayou\\\/#primaryimage\",\"url\":\"https:\\\/\\\/bbqassad.ee\\\/wp-content\\\/uploads\\\/2023\\\/07\\\/Blues-hog_Cajun-Bayou.png\",\"contentUrl\":\"https:\\\/\\\/bbqassad.ee\\\/wp-content\\\/uploads\\\/2023\\\/07\\\/Blues-hog_Cajun-Bayou.png\",\"width\":800,\"height\":800,\"caption\":\"Maitseainesegu Blues Hog Cajun Bayou\"},{\"@type\":\"BreadcrumbList\",\"@id\":\"https:\\\/\\\/bbqassad.ee\\\/fi\\\/toode\\\/mausteseos-blues-hog-cajun-bayou-mausteseos-blues-hog-cajun-bayou\\\/#breadcrumb\",\"itemListElement\":[{\"@type\":\"ListItem\",\"position\":1,\"name\":\"Home\",\"item\":\"https:\\\/\\\/bbqassad.ee\\\/fi\\\/bbq-assat\\\/\"},{\"@type\":\"ListItem\",\"position\":2,\"name\":\"Verkkokauppa\",\"item\":\"https:\\\/\\\/bbqassad.ee\\\/fi\\\/verkkokauppa\\\/\"},{\"@type\":\"ListItem\",\"position\":3,\"name\":\"Blues Hog Cajun Bayou -mausteseos\"}]},{\"@type\":\"WebSite\",\"@id\":\"https:\\\/\\\/bbqassad.ee\\\/fi\\\/#website\",\"url\":\"https:\\\/\\\/bbqassad.ee\\\/fi\\\/\",\"name\":\"BBQ \u00c4ssad\",\"description\":\"BBQ maitseained, kastmed, ahjud\",\"publisher\":{\"@id\":\"https:\\\/\\\/bbqassad.ee\\\/fi\\\/#organization\"},\"potentialAction\":[{\"@type\":\"SearchAction\",\"target\":{\"@type\":\"EntryPoint\",\"urlTemplate\":\"https:\\\/\\\/bbqassad.ee\\\/fi\\\/?s={search_term_string}\"},\"query-input\":{\"@type\":\"PropertyValueSpecification\",\"valueRequired\":true,\"valueName\":\"search_term_string\"}}],\"inLanguage\":\"fi\"},{\"@type\":\"Organization\",\"@id\":\"https:\\\/\\\/bbqassad.ee\\\/fi\\\/#organization\",\"name\":\"BBQ \u00c4ssad\",\"url\":\"https:\\\/\\\/bbqassad.ee\\\/fi\\\/\",\"logo\":{\"@type\":\"ImageObject\",\"inLanguage\":\"fi\",\"@id\":\"https:\\\/\\\/bbqassad.ee\\\/fi\\\/#\\\/schema\\\/logo\\\/image\\\/\",\"url\":\"https:\\\/\\\/bbqassad.ee\\\/wp-content\\\/uploads\\\/2022\\\/10\\\/BBQ-2ssadlogo.png\",\"contentUrl\":\"https:\\\/\\\/bbqassad.ee\\\/wp-content\\\/uploads\\\/2022\\\/10\\\/BBQ-2ssadlogo.png\",\"width\":1080,\"height\":1080,\"caption\":\"BBQ \u00c4ssad\"},\"image\":{\"@id\":\"https:\\\/\\\/bbqassad.ee\\\/fi\\\/#\\\/schema\\\/logo\\\/image\\\/\"},\"sameAs\":[\"https:\\\/\\\/www.facebook.com\\\/bbqassad\",\"https:\\\/\\\/www.youtube.com\\\/channel\\\/UCsoufn49J6TVi9Ah9meE93w\"]}]}<\/script>\n<!-- \/ Yoast SEO plugin. -->","yoast_head_json":{"title":"Blues Hog Cajun Bayou -mausteseos - BBQ \u00c4ssad","description":"Blues Hog Cajun Bayou Seasoning - Cajun-tyylinen mausteseos, joka tuo lihaan ja kanaan mukavaa maustetta ja yrttist\u00e4 makua. Sopii grillaukseen, savustukseen ja pannulla paistamiseen.","robots":{"index":"index","follow":"follow","max-snippet":"max-snippet:-1","max-image-preview":"max-image-preview:large","max-video-preview":"max-video-preview:-1"},"canonical":"https:\/\/bbqassad.ee\/fi\/toode\/mausteseos-blues-hog-cajun-bayou-mausteseos-blues-hog-cajun-bayou\/","og_locale":"fi_FI","og_type":"article","og_title":"Mausteseos Blues Hog Cajun Bayou Mausteseos Blues Hog Cajun Bayou","og_description":"Blues Hog Cajun Bayou Seasoning - Cajun-tyylinen mausteseos, joka tuo lihaan ja kanaan mukavaa maustetta ja yrttist\u00e4 makua. Sopii grillaukseen, savustukseen ja pannulla paistamiseen.","og_url":"https:\/\/bbqassad.ee\/fi\/toode\/mausteseos-blues-hog-cajun-bayou-mausteseos-blues-hog-cajun-bayou\/","og_site_name":"BBQ \u00c4ssad","article_publisher":"https:\/\/www.facebook.com\/bbqassad","article_modified_time":"2026-04-14T06:33:45+00:00","og_image":[{"url":"https:\/\/bbqassad.ee\/wp-content\/uploads\/2023\/07\/Blues-hog_Cajun-Bayou-300x300.png","type":"","width":"","height":""}],"twitter_card":"summary_large_image","twitter_misc":{"Arvioitu lukuaika":"1 minuutti"},"schema":{"@context":"https:\/\/schema.org","@graph":[{"@type":"WebPage","@id":"https:\/\/bbqassad.ee\/fi\/toode\/mausteseos-blues-hog-cajun-bayou-mausteseos-blues-hog-cajun-bayou\/","url":"https:\/\/bbqassad.ee\/fi\/toode\/mausteseos-blues-hog-cajun-bayou-mausteseos-blues-hog-cajun-bayou\/","name":"Blues Hog Cajun Bayou -mausteseos - BBQ \u00c4ssad","isPartOf":{"@id":"https:\/\/bbqassad.ee\/fi\/#website"},"primaryImageOfPage":{"@id":"https:\/\/bbqassad.ee\/fi\/toode\/mausteseos-blues-hog-cajun-bayou-mausteseos-blues-hog-cajun-bayou\/#primaryimage"},"image":{"@id":"https:\/\/bbqassad.ee\/fi\/toode\/mausteseos-blues-hog-cajun-bayou-mausteseos-blues-hog-cajun-bayou\/#primaryimage"},"thumbnailUrl":"https:\/\/bbqassad.ee\/wp-content\/uploads\/2023\/07\/Blues-hog_Cajun-Bayou.png","datePublished":"2023-08-09T09:45:38+00:00","dateModified":"2026-04-14T06:33:45+00:00","description":"Blues Hog Cajun Bayou Seasoning - Cajun-tyylinen mausteseos, joka tuo lihaan ja kanaan mukavaa maustetta ja yrttist\u00e4 makua. Sopii grillaukseen, savustukseen ja pannulla paistamiseen.","breadcrumb":{"@id":"https:\/\/bbqassad.ee\/fi\/toode\/mausteseos-blues-hog-cajun-bayou-mausteseos-blues-hog-cajun-bayou\/#breadcrumb"},"inLanguage":"fi","potentialAction":[{"@type":"ReadAction","target":["https:\/\/bbqassad.ee\/fi\/toode\/mausteseos-blues-hog-cajun-bayou-mausteseos-blues-hog-cajun-bayou\/"]}]},{"@type":"ImageObject","inLanguage":"fi","@id":"https:\/\/bbqassad.ee\/fi\/toode\/mausteseos-blues-hog-cajun-bayou-mausteseos-blues-hog-cajun-bayou\/#primaryimage","url":"https:\/\/bbqassad.ee\/wp-content\/uploads\/2023\/07\/Blues-hog_Cajun-Bayou.png","contentUrl":"https:\/\/bbqassad.ee\/wp-content\/uploads\/2023\/07\/Blues-hog_Cajun-Bayou.png","width":800,"height":800,"caption":"Maitseainesegu Blues Hog Cajun Bayou"},{"@type":"BreadcrumbList","@id":"https:\/\/bbqassad.ee\/fi\/toode\/mausteseos-blues-hog-cajun-bayou-mausteseos-blues-hog-cajun-bayou\/#breadcrumb","itemListElement":[{"@type":"ListItem","position":1,"name":"Home","item":"https:\/\/bbqassad.ee\/fi\/bbq-assat\/"},{"@type":"ListItem","position":2,"name":"Verkkokauppa","item":"https:\/\/bbqassad.ee\/fi\/verkkokauppa\/"},{"@type":"ListItem","position":3,"name":"Blues Hog Cajun Bayou -mausteseos"}]},{"@type":"WebSite","@id":"https:\/\/bbqassad.ee\/fi\/#website","url":"https:\/\/bbqassad.ee\/fi\/","name":"BBQ \u00c4ssad","description":"BBQ maitseained, kastmed, ahjud","publisher":{"@id":"https:\/\/bbqassad.ee\/fi\/#organization"},"potentialAction":[{"@type":"SearchAction","target":{"@type":"EntryPoint","urlTemplate":"https:\/\/bbqassad.ee\/fi\/?s={search_term_string}"},"query-input":{"@type":"PropertyValueSpecification","valueRequired":true,"valueName":"search_term_string"}}],"inLanguage":"fi"},{"@type":"Organization","@id":"https:\/\/bbqassad.ee\/fi\/#organization","name":"BBQ \u00c4ssad","url":"https:\/\/bbqassad.ee\/fi\/","logo":{"@type":"ImageObject","inLanguage":"fi","@id":"https:\/\/bbqassad.ee\/fi\/#\/schema\/logo\/image\/","url":"https:\/\/bbqassad.ee\/wp-content\/uploads\/2022\/10\/BBQ-2ssadlogo.png","contentUrl":"https:\/\/bbqassad.ee\/wp-content\/uploads\/2022\/10\/BBQ-2ssadlogo.png","width":1080,"height":1080,"caption":"BBQ \u00c4ssad"},"image":{"@id":"https:\/\/bbqassad.ee\/fi\/#\/schema\/logo\/image\/"},"sameAs":["https:\/\/www.facebook.com\/bbqassad","https:\/\/www.youtube.com\/channel\/UCsoufn49J6TVi9Ah9meE93w"]}]}},"_links":{"self":[{"href":"https:\/\/bbqassad.ee\/fi\/wp-json\/wp\/v2\/product\/23345","targetHints":{"allow":["GET"]}}],"collection":[{"href":"https:\/\/bbqassad.ee\/fi\/wp-json\/wp\/v2\/product"}],"about":[{"href":"https:\/\/bbqassad.ee\/fi\/wp-json\/wp\/v2\/types\/product"}],"replies":[{"embeddable":true,"href":"https:\/\/bbqassad.ee\/fi\/wp-json\/wp\/v2\/comments?post=23345"}],"wp:featuredmedia":[{"embeddable":true,"href":"https:\/\/bbqassad.ee\/fi\/wp-json\/wp\/v2\/media\/23346"}],"wp:attachment":[{"href":"https:\/\/bbqassad.ee\/fi\/wp-json\/wp\/v2\/media?parent=23345"}],"wp:term":[{"taxonomy":"product_brand","embeddable":true,"href":"https:\/\/bbqassad.ee\/fi\/wp-json\/wp\/v2\/product_brand?post=23345"},{"taxonomy":"product_cat","embeddable":true,"href":"https:\/\/bbqassad.ee\/fi\/wp-json\/wp\/v2\/product_cat?post=23345"},{"taxonomy":"product_tag","embeddable":true,"href":"https:\/\/bbqassad.ee\/fi\/wp-json\/wp\/v2\/product_tag?post=23345"}],"curies":[{"name":"wp","href":"https:\/\/api.w.org\/{rel}","templated":true}]}}