{"id":23344,"date":"2023-08-09T10:15:02","date_gmt":"2023-08-09T10:15:02","guid":{"rendered":"https:\/\/bbqassad.ee\/toode\/mausteseos-blues-hog-truffle-chop\/"},"modified":"2026-04-14T06:33:45","modified_gmt":"2026-04-14T06:33:45","slug":"mausteseos-blues-hog-truffle-chop","status":"publish","type":"product","link":"https:\/\/bbqassad.ee\/fi\/toode\/mausteseos-blues-hog-truffle-chop\/","title":{"rendered":"Blues Hog Truffle &#038; Chop -mausteseos"},"content":{"rendered":"<h2>Mausteseos Blues Hog Truffle &amp; Chop<\/h2>\n<p>Legendaarisen Bill Arnoldin Blues Hog ei kaipaa esittely\u00e4, sill\u00e4 mik\u00e4\u00e4n muu tuote ei ole voittanut niin monia palkintoja kuin Blues Hog. Kuten heid\u00e4n tuotteistaan sanotaan &#8211; mestareiden valinta, ja se p\u00e4tee yh\u00e4 t\u00e4n\u00e4 p\u00e4iv\u00e4n\u00e4. Truffle &amp; Chop on toinen rohkea makuaine, joka auttaa viem\u00e4\u00e4n vihannekset ja lihat uudelle tasolle, ja lis\u00e4ksi siin\u00e4 on tryffeleit\u00e4&#8230;.. ei mit\u00e4\u00e4n umamia, vaan tekee siit\u00e4 erityisen hurjan:)  <\/p>\n<h2>BBQ Aces kommentti<\/h2>\n<p>Aika voimakkaan makuinen aromi, ja jos katsoo, mit\u00e4 siell\u00e4 on k\u00e4ytetty ja kuinka paljon sit\u00e4 on levitetty kaikkialle, tavoite on yksi &#8211; voimaannuttaminen.<\/p>\n<h2>Ammattilaisen vinkki<\/h2>\n<p>Kokeile sit\u00e4 sianlihaviipaleiden kanssa ja grillaa ne sitten.<\/p>\n","protected":false},"excerpt":{"rendered":"<p>Mausteseos Blues Hog Truffle &amp; Chop Legendaarisen Bill Arnoldin Blues Hog ei kaipaa esittely\u00e4, sill\u00e4 mik\u00e4\u00e4n muu tuote ei ole voittanut niin monia palkintoja kuin Blues Hog. Kuten heid\u00e4n tuotteistaan sanotaan &#8211; mestareiden valinta, ja se p\u00e4tee yh\u00e4 t\u00e4n\u00e4 p\u00e4iv\u00e4n\u00e4. Truffle &amp; Chop on toinen rohkea makuaine, joka auttaa viem\u00e4\u00e4n vihannekset ja lihat uudelle tasolle, [&#8230;]\n","protected":false},"featured_media":23365,"comment_status":"open","ping_status":"closed","template":"","meta":[],"product_brand":[],"product_cat":[802],"product_tag":[],"class_list":{"0":"post-23344","1":"product","2":"type-product","3":"status-publish","4":"has-post-thumbnail","6":"product_cat-sekoitukset","8":"first","9":"outofstock","10":"taxable","11":"shipping-taxable","12":"purchasable","13":"product-type-simple"},"yoast_head":"<!-- This site is optimized with the Yoast SEO plugin v27.4 - https:\/\/yoast.com\/product\/yoast-seo-wordpress\/ -->\n<title>Mauste Blues Hog Truffle &amp; Chop - BBQ \u00c4ssad%<\/title>\n<meta name=\"description\" content=\"Blues Hog Truffle &amp; Chop on mausteseos, joka sopii t\u00e4ydellisesti grillaukseen ja paistamiseen. Lis\u00e4\u00e4 runsaasti makua ja aromia ruokiin.\" \/>\n<meta name=\"robots\" content=\"index, follow, max-snippet:-1, max-image-preview:large, max-video-preview:-1\" \/>\n<link rel=\"canonical\" href=\"https:\/\/bbqassad.ee\/fi\/toode\/mausteseos-blues-hog-truffle-chop\/\" \/>\n<meta property=\"og:locale\" content=\"fi_FI\" \/>\n<meta property=\"og:type\" content=\"article\" \/>\n<meta property=\"og:title\" content=\"Mauste Blues Hog Truffle &amp; Chop - BBQ \u00c4ssad%\" \/>\n<meta property=\"og:description\" content=\"Blues Hog Truffle &amp; Chop on mausteseos, joka sopii t\u00e4ydellisesti grillaukseen ja paistamiseen. Lis\u00e4\u00e4 runsaasti makua ja aromia ruokiin.\" \/>\n<meta property=\"og:url\" content=\"https:\/\/bbqassad.ee\/fi\/toode\/mausteseos-blues-hog-truffle-chop\/\" \/>\n<meta property=\"og:site_name\" content=\"BBQ \u00c4ssad\" \/>\n<meta property=\"article:publisher\" content=\"https:\/\/www.facebook.com\/bbqassad\" \/>\n<meta property=\"article:modified_time\" content=\"2026-04-14T06:33:45+00:00\" \/>\n<meta property=\"og:image\" content=\"https:\/\/bbqassad.ee\/wp-content\/uploads\/2023\/07\/Blues_Hog-Truffle_Chop.png\" \/>\n<meta name=\"twitter:card\" content=\"summary_large_image\" \/>\n<meta name=\"twitter:title\" content=\"Mauste Blues Hog Truffle &amp; Chop - BBQ \u00c4ssad%\" \/>\n<meta name=\"twitter:description\" content=\"Blues Hog Truffle &amp; Chop on mausteseos, joka sopii t\u00e4ydellisesti grillaukseen ja paistamiseen. Lis\u00e4\u00e4 runsaasti makua ja aromia ruokiin.\" \/>\n<meta name=\"twitter:image\" content=\"https:\/\/bbqassad.ee\/wp-content\/uploads\/2023\/07\/Blues_Hog-Truffle_Chop.png\" \/>\n<meta name=\"twitter:label1\" content=\"Arvioitu lukuaika\" \/>\n\t<meta name=\"twitter:data1\" content=\"1 minuutti\" \/>\n<script type=\"application\/ld+json\" class=\"yoast-schema-graph\">{\"@context\":\"https:\\\/\\\/schema.org\",\"@graph\":[{\"@type\":\"WebPage\",\"@id\":\"https:\\\/\\\/bbqassad.ee\\\/fi\\\/toode\\\/mausteseos-blues-hog-truffle-chop\\\/\",\"url\":\"https:\\\/\\\/bbqassad.ee\\\/fi\\\/toode\\\/mausteseos-blues-hog-truffle-chop\\\/\",\"name\":\"Mauste Blues Hog Truffle & Chop - BBQ \u00c4ssad%\",\"isPartOf\":{\"@id\":\"https:\\\/\\\/bbqassad.ee\\\/fi\\\/#website\"},\"primaryImageOfPage\":{\"@id\":\"https:\\\/\\\/bbqassad.ee\\\/fi\\\/toode\\\/mausteseos-blues-hog-truffle-chop\\\/#primaryimage\"},\"image\":{\"@id\":\"https:\\\/\\\/bbqassad.ee\\\/fi\\\/toode\\\/mausteseos-blues-hog-truffle-chop\\\/#primaryimage\"},\"thumbnailUrl\":\"https:\\\/\\\/bbqassad.ee\\\/wp-content\\\/uploads\\\/2023\\\/07\\\/Blues_Hog-Truffle_Chop.png\",\"datePublished\":\"2023-08-09T10:15:02+00:00\",\"dateModified\":\"2026-04-14T06:33:45+00:00\",\"description\":\"Blues Hog Truffle & Chop on mausteseos, joka sopii t\u00e4ydellisesti grillaukseen ja paistamiseen. Lis\u00e4\u00e4 runsaasti makua ja aromia ruokiin.\",\"breadcrumb\":{\"@id\":\"https:\\\/\\\/bbqassad.ee\\\/fi\\\/toode\\\/mausteseos-blues-hog-truffle-chop\\\/#breadcrumb\"},\"inLanguage\":\"fi\",\"potentialAction\":[{\"@type\":\"ReadAction\",\"target\":[\"https:\\\/\\\/bbqassad.ee\\\/fi\\\/toode\\\/mausteseos-blues-hog-truffle-chop\\\/\"]}]},{\"@type\":\"ImageObject\",\"inLanguage\":\"fi\",\"@id\":\"https:\\\/\\\/bbqassad.ee\\\/fi\\\/toode\\\/mausteseos-blues-hog-truffle-chop\\\/#primaryimage\",\"url\":\"https:\\\/\\\/bbqassad.ee\\\/wp-content\\\/uploads\\\/2023\\\/07\\\/Blues_Hog-Truffle_Chop.png\",\"contentUrl\":\"https:\\\/\\\/bbqassad.ee\\\/wp-content\\\/uploads\\\/2023\\\/07\\\/Blues_Hog-Truffle_Chop.png\",\"width\":800,\"height\":800,\"caption\":\"Maitseainesegu Blues Hog Truffle & Chop\"},{\"@type\":\"BreadcrumbList\",\"@id\":\"https:\\\/\\\/bbqassad.ee\\\/fi\\\/toode\\\/mausteseos-blues-hog-truffle-chop\\\/#breadcrumb\",\"itemListElement\":[{\"@type\":\"ListItem\",\"position\":1,\"name\":\"Home\",\"item\":\"https:\\\/\\\/bbqassad.ee\\\/fi\\\/bbq-assat\\\/\"},{\"@type\":\"ListItem\",\"position\":2,\"name\":\"Verkkokauppa\",\"item\":\"https:\\\/\\\/bbqassad.ee\\\/fi\\\/verkkokauppa\\\/\"},{\"@type\":\"ListItem\",\"position\":3,\"name\":\"Blues Hog Truffle &#038; Chop -mausteseos\"}]},{\"@type\":\"WebSite\",\"@id\":\"https:\\\/\\\/bbqassad.ee\\\/fi\\\/#website\",\"url\":\"https:\\\/\\\/bbqassad.ee\\\/fi\\\/\",\"name\":\"BBQ \u00c4ssad\",\"description\":\"BBQ maitseained, kastmed, ahjud\",\"publisher\":{\"@id\":\"https:\\\/\\\/bbqassad.ee\\\/fi\\\/#organization\"},\"potentialAction\":[{\"@type\":\"SearchAction\",\"target\":{\"@type\":\"EntryPoint\",\"urlTemplate\":\"https:\\\/\\\/bbqassad.ee\\\/fi\\\/?s={search_term_string}\"},\"query-input\":{\"@type\":\"PropertyValueSpecification\",\"valueRequired\":true,\"valueName\":\"search_term_string\"}}],\"inLanguage\":\"fi\"},{\"@type\":\"Organization\",\"@id\":\"https:\\\/\\\/bbqassad.ee\\\/fi\\\/#organization\",\"name\":\"BBQ \u00c4ssad\",\"url\":\"https:\\\/\\\/bbqassad.ee\\\/fi\\\/\",\"logo\":{\"@type\":\"ImageObject\",\"inLanguage\":\"fi\",\"@id\":\"https:\\\/\\\/bbqassad.ee\\\/fi\\\/#\\\/schema\\\/logo\\\/image\\\/\",\"url\":\"https:\\\/\\\/bbqassad.ee\\\/wp-content\\\/uploads\\\/2022\\\/10\\\/BBQ-2ssadlogo.png\",\"contentUrl\":\"https:\\\/\\\/bbqassad.ee\\\/wp-content\\\/uploads\\\/2022\\\/10\\\/BBQ-2ssadlogo.png\",\"width\":1080,\"height\":1080,\"caption\":\"BBQ \u00c4ssad\"},\"image\":{\"@id\":\"https:\\\/\\\/bbqassad.ee\\\/fi\\\/#\\\/schema\\\/logo\\\/image\\\/\"},\"sameAs\":[\"https:\\\/\\\/www.facebook.com\\\/bbqassad\",\"https:\\\/\\\/www.youtube.com\\\/channel\\\/UCsoufn49J6TVi9Ah9meE93w\"]}]}<\/script>\n<!-- \/ Yoast SEO plugin. -->","yoast_head_json":{"title":"Mauste Blues Hog Truffle & Chop - BBQ \u00c4ssad%","description":"Blues Hog Truffle & Chop on mausteseos, joka sopii t\u00e4ydellisesti grillaukseen ja paistamiseen. Lis\u00e4\u00e4 runsaasti makua ja aromia ruokiin.","robots":{"index":"index","follow":"follow","max-snippet":"max-snippet:-1","max-image-preview":"max-image-preview:large","max-video-preview":"max-video-preview:-1"},"canonical":"https:\/\/bbqassad.ee\/fi\/toode\/mausteseos-blues-hog-truffle-chop\/","og_locale":"fi_FI","og_type":"article","og_title":"Mauste Blues Hog Truffle & Chop - BBQ \u00c4ssad%","og_description":"Blues Hog Truffle & Chop on mausteseos, joka sopii t\u00e4ydellisesti grillaukseen ja paistamiseen. Lis\u00e4\u00e4 runsaasti makua ja aromia ruokiin.","og_url":"https:\/\/bbqassad.ee\/fi\/toode\/mausteseos-blues-hog-truffle-chop\/","og_site_name":"BBQ \u00c4ssad","article_publisher":"https:\/\/www.facebook.com\/bbqassad","article_modified_time":"2026-04-14T06:33:45+00:00","og_image":[{"url":"https:\/\/bbqassad.ee\/wp-content\/uploads\/2023\/07\/Blues_Hog-Truffle_Chop.png","type":"","width":"","height":""}],"twitter_card":"summary_large_image","twitter_title":"Mauste Blues Hog Truffle & Chop - BBQ \u00c4ssad%","twitter_description":"Blues Hog Truffle & Chop on mausteseos, joka sopii t\u00e4ydellisesti grillaukseen ja paistamiseen. Lis\u00e4\u00e4 runsaasti makua ja aromia ruokiin.","twitter_image":"https:\/\/bbqassad.ee\/wp-content\/uploads\/2023\/07\/Blues_Hog-Truffle_Chop.png","twitter_misc":{"Arvioitu lukuaika":"1 minuutti"},"schema":{"@context":"https:\/\/schema.org","@graph":[{"@type":"WebPage","@id":"https:\/\/bbqassad.ee\/fi\/toode\/mausteseos-blues-hog-truffle-chop\/","url":"https:\/\/bbqassad.ee\/fi\/toode\/mausteseos-blues-hog-truffle-chop\/","name":"Mauste Blues Hog Truffle & Chop - BBQ \u00c4ssad%","isPartOf":{"@id":"https:\/\/bbqassad.ee\/fi\/#website"},"primaryImageOfPage":{"@id":"https:\/\/bbqassad.ee\/fi\/toode\/mausteseos-blues-hog-truffle-chop\/#primaryimage"},"image":{"@id":"https:\/\/bbqassad.ee\/fi\/toode\/mausteseos-blues-hog-truffle-chop\/#primaryimage"},"thumbnailUrl":"https:\/\/bbqassad.ee\/wp-content\/uploads\/2023\/07\/Blues_Hog-Truffle_Chop.png","datePublished":"2023-08-09T10:15:02+00:00","dateModified":"2026-04-14T06:33:45+00:00","description":"Blues Hog Truffle & Chop on mausteseos, joka sopii t\u00e4ydellisesti grillaukseen ja paistamiseen. Lis\u00e4\u00e4 runsaasti makua ja aromia ruokiin.","breadcrumb":{"@id":"https:\/\/bbqassad.ee\/fi\/toode\/mausteseos-blues-hog-truffle-chop\/#breadcrumb"},"inLanguage":"fi","potentialAction":[{"@type":"ReadAction","target":["https:\/\/bbqassad.ee\/fi\/toode\/mausteseos-blues-hog-truffle-chop\/"]}]},{"@type":"ImageObject","inLanguage":"fi","@id":"https:\/\/bbqassad.ee\/fi\/toode\/mausteseos-blues-hog-truffle-chop\/#primaryimage","url":"https:\/\/bbqassad.ee\/wp-content\/uploads\/2023\/07\/Blues_Hog-Truffle_Chop.png","contentUrl":"https:\/\/bbqassad.ee\/wp-content\/uploads\/2023\/07\/Blues_Hog-Truffle_Chop.png","width":800,"height":800,"caption":"Maitseainesegu Blues Hog Truffle & Chop"},{"@type":"BreadcrumbList","@id":"https:\/\/bbqassad.ee\/fi\/toode\/mausteseos-blues-hog-truffle-chop\/#breadcrumb","itemListElement":[{"@type":"ListItem","position":1,"name":"Home","item":"https:\/\/bbqassad.ee\/fi\/bbq-assat\/"},{"@type":"ListItem","position":2,"name":"Verkkokauppa","item":"https:\/\/bbqassad.ee\/fi\/verkkokauppa\/"},{"@type":"ListItem","position":3,"name":"Blues Hog Truffle &#038; Chop -mausteseos"}]},{"@type":"WebSite","@id":"https:\/\/bbqassad.ee\/fi\/#website","url":"https:\/\/bbqassad.ee\/fi\/","name":"BBQ \u00c4ssad","description":"BBQ maitseained, kastmed, ahjud","publisher":{"@id":"https:\/\/bbqassad.ee\/fi\/#organization"},"potentialAction":[{"@type":"SearchAction","target":{"@type":"EntryPoint","urlTemplate":"https:\/\/bbqassad.ee\/fi\/?s={search_term_string}"},"query-input":{"@type":"PropertyValueSpecification","valueRequired":true,"valueName":"search_term_string"}}],"inLanguage":"fi"},{"@type":"Organization","@id":"https:\/\/bbqassad.ee\/fi\/#organization","name":"BBQ \u00c4ssad","url":"https:\/\/bbqassad.ee\/fi\/","logo":{"@type":"ImageObject","inLanguage":"fi","@id":"https:\/\/bbqassad.ee\/fi\/#\/schema\/logo\/image\/","url":"https:\/\/bbqassad.ee\/wp-content\/uploads\/2022\/10\/BBQ-2ssadlogo.png","contentUrl":"https:\/\/bbqassad.ee\/wp-content\/uploads\/2022\/10\/BBQ-2ssadlogo.png","width":1080,"height":1080,"caption":"BBQ \u00c4ssad"},"image":{"@id":"https:\/\/bbqassad.ee\/fi\/#\/schema\/logo\/image\/"},"sameAs":["https:\/\/www.facebook.com\/bbqassad","https:\/\/www.youtube.com\/channel\/UCsoufn49J6TVi9Ah9meE93w"]}]}},"_links":{"self":[{"href":"https:\/\/bbqassad.ee\/fi\/wp-json\/wp\/v2\/product\/23344","targetHints":{"allow":["GET"]}}],"collection":[{"href":"https:\/\/bbqassad.ee\/fi\/wp-json\/wp\/v2\/product"}],"about":[{"href":"https:\/\/bbqassad.ee\/fi\/wp-json\/wp\/v2\/types\/product"}],"replies":[{"embeddable":true,"href":"https:\/\/bbqassad.ee\/fi\/wp-json\/wp\/v2\/comments?post=23344"}],"wp:featuredmedia":[{"embeddable":true,"href":"https:\/\/bbqassad.ee\/fi\/wp-json\/wp\/v2\/media\/23365"}],"wp:attachment":[{"href":"https:\/\/bbqassad.ee\/fi\/wp-json\/wp\/v2\/media?parent=23344"}],"wp:term":[{"taxonomy":"product_brand","embeddable":true,"href":"https:\/\/bbqassad.ee\/fi\/wp-json\/wp\/v2\/product_brand?post=23344"},{"taxonomy":"product_cat","embeddable":true,"href":"https:\/\/bbqassad.ee\/fi\/wp-json\/wp\/v2\/product_cat?post=23344"},{"taxonomy":"product_tag","embeddable":true,"href":"https:\/\/bbqassad.ee\/fi\/wp-json\/wp\/v2\/product_tag?post=23344"}],"curies":[{"name":"wp","href":"https:\/\/api.w.org\/{rel}","templated":true}]}}