{"id":23343,"date":"2023-08-09T10:21:08","date_gmt":"2023-08-09T10:21:08","guid":{"rendered":"https:\/\/bbqassad.ee\/toode\/teurastajan-bbq-kanasakset\/"},"modified":"2026-04-14T06:33:45","modified_gmt":"2026-04-14T06:33:45","slug":"teurastajan-bbq-kanasakset","status":"publish","type":"product","link":"https:\/\/bbqassad.ee\/fi\/toode\/teurastajan-bbq-kanasakset\/","title":{"rendered":"Butchers BBQ Chicken Scissors"},"content":{"rendered":"<p>Butcher BBQ:n omistaja David Bouska on itse asiassa elitistinen lihakauppias, ja aivan kuten h\u00e4n on panostanut asiantuntemustaan mausteisiinsa, h\u00e4n on tehnyt niin my\u00f6s tarvikkeisiinsa. Kanaa voi leikata ilman veitsen rikkomista ja mik\u00e4 t\u00e4rkeint\u00e4, nopeammin, tarkemmin ja kauniimmin &#8211; k\u00e4yt\u00e4 kanak\u00e4\u00e4reit\u00e4. <\/p>\n","protected":false},"excerpt":{"rendered":"<p>Butcher BBQ:n omistaja David Bouska on itse asiassa elitistinen lihakauppias, ja aivan kuten h\u00e4n on panostanut asiantuntemustaan mausteisiinsa, h\u00e4n on tehnyt niin my\u00f6s tarvikkeisiinsa. Kanaa voi leikata ilman veitsen rikkomista ja mik\u00e4 t\u00e4rkeint\u00e4, nopeammin, tarkemmin ja kauniimmin &#8211; k\u00e4yt\u00e4 kanak\u00e4\u00e4reit\u00e4.<\/p>\n","protected":false},"featured_media":23369,"comment_status":"open","ping_status":"closed","template":"","meta":[],"product_brand":[],"product_cat":[784],"product_tag":[],"class_list":{"0":"post-23343","1":"product","2":"type-product","3":"status-publish","4":"has-post-thumbnail","6":"product_cat-tarvikkeet","8":"first","9":"outofstock","10":"taxable","11":"shipping-taxable","12":"purchasable","13":"product-type-simple"},"yoast_head":"<!-- This site is optimized with the Yoast SEO plugin v27.4 - https:\/\/yoast.com\/product\/yoast-seo-wordpress\/ -->\n<title>Butcher BBQ Chicken Wraps - BBQ \u00c4ssad%<\/title>\n<meta name=\"description\" content=\"Butcher BBQ -kanasakset ovat t\u00e4ydellinen ty\u00f6kalu grillaukseen ja ruoanlaittoon. N\u00e4m\u00e4 sakset ovat tukevat ja mukavat, sopivat mihin tahansa keitti\u00f6\u00f6n.\" \/>\n<meta name=\"robots\" content=\"index, follow, max-snippet:-1, max-image-preview:large, max-video-preview:-1\" \/>\n<link rel=\"canonical\" href=\"https:\/\/bbqassad.ee\/fi\/toode\/teurastajan-bbq-kanasakset\/\" \/>\n<meta property=\"og:locale\" content=\"fi_FI\" \/>\n<meta property=\"og:type\" content=\"article\" \/>\n<meta property=\"og:title\" content=\"Butcher BBQ Chicken Wraps - BBQ \u00c4ssad%\" \/>\n<meta property=\"og:description\" content=\"Butcher BBQ -kanasakset ovat t\u00e4ydellinen ty\u00f6kalu grillaukseen ja ruoanlaittoon. N\u00e4m\u00e4 sakset ovat tukevat ja mukavat, sopivat mihin tahansa keitti\u00f6\u00f6n.\" \/>\n<meta property=\"og:url\" content=\"https:\/\/bbqassad.ee\/fi\/toode\/teurastajan-bbq-kanasakset\/\" \/>\n<meta property=\"og:site_name\" content=\"BBQ \u00c4ssad\" \/>\n<meta property=\"article:publisher\" content=\"https:\/\/www.facebook.com\/bbqassad\" \/>\n<meta property=\"article:modified_time\" content=\"2026-04-14T06:33:45+00:00\" \/>\n<meta property=\"og:image\" content=\"https:\/\/bbqassad.ee\/wp-content\/uploads\/2023\/07\/Linnu-kaarid.png\" \/>\n<meta name=\"twitter:card\" content=\"summary_large_image\" \/>\n<meta name=\"twitter:title\" content=\"Butcher BBQ Chicken Wraps - BBQ \u00c4ssad%\" \/>\n<meta name=\"twitter:description\" content=\"Butcher BBQ -kanasakset ovat t\u00e4ydellinen ty\u00f6kalu grillaukseen ja ruoanlaittoon. N\u00e4m\u00e4 sakset ovat tukevat ja mukavat, sopivat mihin tahansa keitti\u00f6\u00f6n.\" \/>\n<meta name=\"twitter:image\" content=\"https:\/\/bbqassad.ee\/wp-content\/uploads\/2023\/07\/Linnu-kaarid.png\" \/>\n<script type=\"application\/ld+json\" class=\"yoast-schema-graph\">{\"@context\":\"https:\\\/\\\/schema.org\",\"@graph\":[{\"@type\":\"WebPage\",\"@id\":\"https:\\\/\\\/bbqassad.ee\\\/fi\\\/toode\\\/teurastajan-bbq-kanasakset\\\/\",\"url\":\"https:\\\/\\\/bbqassad.ee\\\/fi\\\/toode\\\/teurastajan-bbq-kanasakset\\\/\",\"name\":\"Butcher BBQ Chicken Wraps - BBQ \u00c4ssad%\",\"isPartOf\":{\"@id\":\"https:\\\/\\\/bbqassad.ee\\\/fi\\\/#website\"},\"primaryImageOfPage\":{\"@id\":\"https:\\\/\\\/bbqassad.ee\\\/fi\\\/toode\\\/teurastajan-bbq-kanasakset\\\/#primaryimage\"},\"image\":{\"@id\":\"https:\\\/\\\/bbqassad.ee\\\/fi\\\/toode\\\/teurastajan-bbq-kanasakset\\\/#primaryimage\"},\"thumbnailUrl\":\"https:\\\/\\\/bbqassad.ee\\\/wp-content\\\/uploads\\\/2023\\\/07\\\/Linnu-kaarid.png\",\"datePublished\":\"2023-08-09T10:21:08+00:00\",\"dateModified\":\"2026-04-14T06:33:45+00:00\",\"description\":\"Butcher BBQ -kanasakset ovat t\u00e4ydellinen ty\u00f6kalu grillaukseen ja ruoanlaittoon. N\u00e4m\u00e4 sakset ovat tukevat ja mukavat, sopivat mihin tahansa keitti\u00f6\u00f6n.\",\"breadcrumb\":{\"@id\":\"https:\\\/\\\/bbqassad.ee\\\/fi\\\/toode\\\/teurastajan-bbq-kanasakset\\\/#breadcrumb\"},\"inLanguage\":\"fi\",\"potentialAction\":[{\"@type\":\"ReadAction\",\"target\":[\"https:\\\/\\\/bbqassad.ee\\\/fi\\\/toode\\\/teurastajan-bbq-kanasakset\\\/\"]}]},{\"@type\":\"ImageObject\",\"inLanguage\":\"fi\",\"@id\":\"https:\\\/\\\/bbqassad.ee\\\/fi\\\/toode\\\/teurastajan-bbq-kanasakset\\\/#primaryimage\",\"url\":\"https:\\\/\\\/bbqassad.ee\\\/wp-content\\\/uploads\\\/2023\\\/07\\\/Linnu-kaarid.png\",\"contentUrl\":\"https:\\\/\\\/bbqassad.ee\\\/wp-content\\\/uploads\\\/2023\\\/07\\\/Linnu-kaarid.png\",\"width\":800,\"height\":800,\"caption\":\"Linnu ettevalmisamise k\u00e4\u00e4rid\"},{\"@type\":\"BreadcrumbList\",\"@id\":\"https:\\\/\\\/bbqassad.ee\\\/fi\\\/toode\\\/teurastajan-bbq-kanasakset\\\/#breadcrumb\",\"itemListElement\":[{\"@type\":\"ListItem\",\"position\":1,\"name\":\"Home\",\"item\":\"https:\\\/\\\/bbqassad.ee\\\/fi\\\/bbq-assat\\\/\"},{\"@type\":\"ListItem\",\"position\":2,\"name\":\"Verkkokauppa\",\"item\":\"https:\\\/\\\/bbqassad.ee\\\/fi\\\/verkkokauppa\\\/\"},{\"@type\":\"ListItem\",\"position\":3,\"name\":\"Butchers BBQ Chicken Scissors\"}]},{\"@type\":\"WebSite\",\"@id\":\"https:\\\/\\\/bbqassad.ee\\\/fi\\\/#website\",\"url\":\"https:\\\/\\\/bbqassad.ee\\\/fi\\\/\",\"name\":\"BBQ \u00c4ssad\",\"description\":\"BBQ maitseained, kastmed, ahjud\",\"publisher\":{\"@id\":\"https:\\\/\\\/bbqassad.ee\\\/fi\\\/#organization\"},\"potentialAction\":[{\"@type\":\"SearchAction\",\"target\":{\"@type\":\"EntryPoint\",\"urlTemplate\":\"https:\\\/\\\/bbqassad.ee\\\/fi\\\/?s={search_term_string}\"},\"query-input\":{\"@type\":\"PropertyValueSpecification\",\"valueRequired\":true,\"valueName\":\"search_term_string\"}}],\"inLanguage\":\"fi\"},{\"@type\":\"Organization\",\"@id\":\"https:\\\/\\\/bbqassad.ee\\\/fi\\\/#organization\",\"name\":\"BBQ \u00c4ssad\",\"url\":\"https:\\\/\\\/bbqassad.ee\\\/fi\\\/\",\"logo\":{\"@type\":\"ImageObject\",\"inLanguage\":\"fi\",\"@id\":\"https:\\\/\\\/bbqassad.ee\\\/fi\\\/#\\\/schema\\\/logo\\\/image\\\/\",\"url\":\"https:\\\/\\\/bbqassad.ee\\\/wp-content\\\/uploads\\\/2022\\\/10\\\/BBQ-2ssadlogo.png\",\"contentUrl\":\"https:\\\/\\\/bbqassad.ee\\\/wp-content\\\/uploads\\\/2022\\\/10\\\/BBQ-2ssadlogo.png\",\"width\":1080,\"height\":1080,\"caption\":\"BBQ \u00c4ssad\"},\"image\":{\"@id\":\"https:\\\/\\\/bbqassad.ee\\\/fi\\\/#\\\/schema\\\/logo\\\/image\\\/\"},\"sameAs\":[\"https:\\\/\\\/www.facebook.com\\\/bbqassad\",\"https:\\\/\\\/www.youtube.com\\\/channel\\\/UCsoufn49J6TVi9Ah9meE93w\"]}]}<\/script>\n<!-- \/ Yoast SEO plugin. -->","yoast_head_json":{"title":"Butcher BBQ Chicken Wraps - BBQ \u00c4ssad%","description":"Butcher BBQ -kanasakset ovat t\u00e4ydellinen ty\u00f6kalu grillaukseen ja ruoanlaittoon. N\u00e4m\u00e4 sakset ovat tukevat ja mukavat, sopivat mihin tahansa keitti\u00f6\u00f6n.","robots":{"index":"index","follow":"follow","max-snippet":"max-snippet:-1","max-image-preview":"max-image-preview:large","max-video-preview":"max-video-preview:-1"},"canonical":"https:\/\/bbqassad.ee\/fi\/toode\/teurastajan-bbq-kanasakset\/","og_locale":"fi_FI","og_type":"article","og_title":"Butcher BBQ Chicken Wraps - BBQ \u00c4ssad%","og_description":"Butcher BBQ -kanasakset ovat t\u00e4ydellinen ty\u00f6kalu grillaukseen ja ruoanlaittoon. N\u00e4m\u00e4 sakset ovat tukevat ja mukavat, sopivat mihin tahansa keitti\u00f6\u00f6n.","og_url":"https:\/\/bbqassad.ee\/fi\/toode\/teurastajan-bbq-kanasakset\/","og_site_name":"BBQ \u00c4ssad","article_publisher":"https:\/\/www.facebook.com\/bbqassad","article_modified_time":"2026-04-14T06:33:45+00:00","og_image":[{"url":"https:\/\/bbqassad.ee\/wp-content\/uploads\/2023\/07\/Linnu-kaarid.png","type":"","width":"","height":""}],"twitter_card":"summary_large_image","twitter_title":"Butcher BBQ Chicken Wraps - BBQ \u00c4ssad%","twitter_description":"Butcher BBQ -kanasakset ovat t\u00e4ydellinen ty\u00f6kalu grillaukseen ja ruoanlaittoon. N\u00e4m\u00e4 sakset ovat tukevat ja mukavat, sopivat mihin tahansa keitti\u00f6\u00f6n.","twitter_image":"https:\/\/bbqassad.ee\/wp-content\/uploads\/2023\/07\/Linnu-kaarid.png","schema":{"@context":"https:\/\/schema.org","@graph":[{"@type":"WebPage","@id":"https:\/\/bbqassad.ee\/fi\/toode\/teurastajan-bbq-kanasakset\/","url":"https:\/\/bbqassad.ee\/fi\/toode\/teurastajan-bbq-kanasakset\/","name":"Butcher BBQ Chicken Wraps - BBQ \u00c4ssad%","isPartOf":{"@id":"https:\/\/bbqassad.ee\/fi\/#website"},"primaryImageOfPage":{"@id":"https:\/\/bbqassad.ee\/fi\/toode\/teurastajan-bbq-kanasakset\/#primaryimage"},"image":{"@id":"https:\/\/bbqassad.ee\/fi\/toode\/teurastajan-bbq-kanasakset\/#primaryimage"},"thumbnailUrl":"https:\/\/bbqassad.ee\/wp-content\/uploads\/2023\/07\/Linnu-kaarid.png","datePublished":"2023-08-09T10:21:08+00:00","dateModified":"2026-04-14T06:33:45+00:00","description":"Butcher BBQ -kanasakset ovat t\u00e4ydellinen ty\u00f6kalu grillaukseen ja ruoanlaittoon. N\u00e4m\u00e4 sakset ovat tukevat ja mukavat, sopivat mihin tahansa keitti\u00f6\u00f6n.","breadcrumb":{"@id":"https:\/\/bbqassad.ee\/fi\/toode\/teurastajan-bbq-kanasakset\/#breadcrumb"},"inLanguage":"fi","potentialAction":[{"@type":"ReadAction","target":["https:\/\/bbqassad.ee\/fi\/toode\/teurastajan-bbq-kanasakset\/"]}]},{"@type":"ImageObject","inLanguage":"fi","@id":"https:\/\/bbqassad.ee\/fi\/toode\/teurastajan-bbq-kanasakset\/#primaryimage","url":"https:\/\/bbqassad.ee\/wp-content\/uploads\/2023\/07\/Linnu-kaarid.png","contentUrl":"https:\/\/bbqassad.ee\/wp-content\/uploads\/2023\/07\/Linnu-kaarid.png","width":800,"height":800,"caption":"Linnu ettevalmisamise k\u00e4\u00e4rid"},{"@type":"BreadcrumbList","@id":"https:\/\/bbqassad.ee\/fi\/toode\/teurastajan-bbq-kanasakset\/#breadcrumb","itemListElement":[{"@type":"ListItem","position":1,"name":"Home","item":"https:\/\/bbqassad.ee\/fi\/bbq-assat\/"},{"@type":"ListItem","position":2,"name":"Verkkokauppa","item":"https:\/\/bbqassad.ee\/fi\/verkkokauppa\/"},{"@type":"ListItem","position":3,"name":"Butchers BBQ Chicken Scissors"}]},{"@type":"WebSite","@id":"https:\/\/bbqassad.ee\/fi\/#website","url":"https:\/\/bbqassad.ee\/fi\/","name":"BBQ \u00c4ssad","description":"BBQ maitseained, kastmed, ahjud","publisher":{"@id":"https:\/\/bbqassad.ee\/fi\/#organization"},"potentialAction":[{"@type":"SearchAction","target":{"@type":"EntryPoint","urlTemplate":"https:\/\/bbqassad.ee\/fi\/?s={search_term_string}"},"query-input":{"@type":"PropertyValueSpecification","valueRequired":true,"valueName":"search_term_string"}}],"inLanguage":"fi"},{"@type":"Organization","@id":"https:\/\/bbqassad.ee\/fi\/#organization","name":"BBQ \u00c4ssad","url":"https:\/\/bbqassad.ee\/fi\/","logo":{"@type":"ImageObject","inLanguage":"fi","@id":"https:\/\/bbqassad.ee\/fi\/#\/schema\/logo\/image\/","url":"https:\/\/bbqassad.ee\/wp-content\/uploads\/2022\/10\/BBQ-2ssadlogo.png","contentUrl":"https:\/\/bbqassad.ee\/wp-content\/uploads\/2022\/10\/BBQ-2ssadlogo.png","width":1080,"height":1080,"caption":"BBQ \u00c4ssad"},"image":{"@id":"https:\/\/bbqassad.ee\/fi\/#\/schema\/logo\/image\/"},"sameAs":["https:\/\/www.facebook.com\/bbqassad","https:\/\/www.youtube.com\/channel\/UCsoufn49J6TVi9Ah9meE93w"]}]}},"_links":{"self":[{"href":"https:\/\/bbqassad.ee\/fi\/wp-json\/wp\/v2\/product\/23343","targetHints":{"allow":["GET"]}}],"collection":[{"href":"https:\/\/bbqassad.ee\/fi\/wp-json\/wp\/v2\/product"}],"about":[{"href":"https:\/\/bbqassad.ee\/fi\/wp-json\/wp\/v2\/types\/product"}],"replies":[{"embeddable":true,"href":"https:\/\/bbqassad.ee\/fi\/wp-json\/wp\/v2\/comments?post=23343"}],"wp:featuredmedia":[{"embeddable":true,"href":"https:\/\/bbqassad.ee\/fi\/wp-json\/wp\/v2\/media\/23369"}],"wp:attachment":[{"href":"https:\/\/bbqassad.ee\/fi\/wp-json\/wp\/v2\/media?parent=23343"}],"wp:term":[{"taxonomy":"product_brand","embeddable":true,"href":"https:\/\/bbqassad.ee\/fi\/wp-json\/wp\/v2\/product_brand?post=23343"},{"taxonomy":"product_cat","embeddable":true,"href":"https:\/\/bbqassad.ee\/fi\/wp-json\/wp\/v2\/product_cat?post=23343"},{"taxonomy":"product_tag","embeddable":true,"href":"https:\/\/bbqassad.ee\/fi\/wp-json\/wp\/v2\/product_tag?post=23343"}],"curies":[{"name":"wp","href":"https:\/\/api.w.org\/{rel}","templated":true}]}}