{"id":23342,"date":"2023-08-14T12:13:03","date_gmt":"2023-08-14T12:13:03","guid":{"rendered":"https:\/\/bbqassad.ee\/toode\/makusekoitus-etelainen-hollanti-a-touch-of-sweet\/"},"modified":"2026-04-14T06:33:44","modified_gmt":"2026-04-14T06:33:44","slug":"makusekoitus-etelainen-hollanti-a-touch-of-sweet","status":"publish","type":"product","link":"https:\/\/bbqassad.ee\/fi\/toode\/makusekoitus-etelainen-hollanti-a-touch-of-sweet\/","title":{"rendered":"Southern Dutch A Touch of Sweet -mausteseos"},"content":{"rendered":"<p>A Touch of Sweet &#8211; Etel\u00e4-Hollanti on Euroopan viime vuosien menestynein BBQ-joukkue. He k\u00e4ytt\u00e4v\u00e4t p\u00e4\u00e4asiassa omia mausteita ja ovat myyneet niit\u00e4 muille jo jonkin aikaa. Kaikki heid\u00e4n mausteensa ovat melko suolaisia, ja A Touch of Sweet on niist\u00e4 kaikista makein.  <\/p>\n<h2>BBQ Aces kommentti<\/h2>\n<p>Meist\u00e4 tuntuu, ett\u00e4 nimiss\u00e4 on jotain vikaa, sill\u00e4 mausteinen ja makea on aivan sekaisin. Ne ovat kaikki suolaisia, Touch of Sweet on ehdottomasti makein, mutta sen taustalla on my\u00f6s liev\u00e4\u00e4 makeutta, joten se ei ole puhtaasti makea maku. <\/p>\n<h2>Ammattilaisen vinkki<\/h2>\n<p>Se on hyv\u00e4 mauste kalalle, kanalle ja sianlihalle kaikissa muodoissaan, mutta ei naudanlihalle.<\/p>\n","protected":false},"excerpt":{"rendered":"<p>Tuottaja: Southern Dutch BBQ<br \/>\nPaino: 290 grammaa<br \/>\nAinesosat: ruokosokeri, suola, paprika, mustapippuri, kasvikset, sokeri, luontainen aromi, arominvahvente E621, mausteet, elintarvikev\u00e4ri &#8211; paprikauute, E551, gluteeniton.<\/p>\n","protected":false},"featured_media":24694,"comment_status":"open","ping_status":"closed","template":"","meta":[],"product_brand":[],"product_cat":[802],"product_tag":[],"class_list":{"0":"post-23342","1":"product","2":"type-product","3":"status-publish","4":"has-post-thumbnail","6":"product_cat-sekoitukset","8":"first","9":"outofstock","10":"taxable","11":"shipping-taxable","12":"purchasable","13":"product-type-simple"},"yoast_head":"<!-- This site is optimized with the Yoast SEO plugin v27.4 - https:\/\/yoast.com\/product\/yoast-seo-wordpress\/ -->\n<title>Mausteet - Southern Dutch - A Touch of Sweet -% BBQ \u00c4ssad%%<\/title>\n<meta name=\"description\" content=\"Southern Dutch BBQ-mauste 290 grammaa. Ainesosat: ruokosokeri, suola, paprika, mustapippuri, vihannekset ja mausteet. Gluteeniton.\" \/>\n<meta name=\"robots\" content=\"index, follow, max-snippet:-1, max-image-preview:large, max-video-preview:-1\" \/>\n<link rel=\"canonical\" href=\"https:\/\/bbqassad.ee\/fi\/toode\/makusekoitus-etelainen-hollanti-a-touch-of-sweet\/\" \/>\n<meta property=\"og:locale\" content=\"fi_FI\" \/>\n<meta property=\"og:type\" content=\"article\" \/>\n<meta property=\"og:title\" content=\"Mausteet - Southern Dutch - A Touch of Sweet -% BBQ \u00c4ssad%%\" \/>\n<meta property=\"og:description\" content=\"Southern Dutch BBQ-mauste 290 grammaa. Ainesosat: ruokosokeri, suola, paprika, mustapippuri, vihannekset ja mausteet. Gluteeniton.\" \/>\n<meta property=\"og:url\" content=\"https:\/\/bbqassad.ee\/fi\/toode\/makusekoitus-etelainen-hollanti-a-touch-of-sweet\/\" \/>\n<meta property=\"og:site_name\" content=\"BBQ \u00c4ssad\" \/>\n<meta property=\"article:publisher\" content=\"https:\/\/www.facebook.com\/bbqassad\" \/>\n<meta property=\"article:modified_time\" content=\"2026-04-14T06:33:44+00:00\" \/>\n<meta property=\"og:image\" content=\"https:\/\/bbqassad.ee\/wp-content\/uploads\/2023\/08\/Southern-dutch-A_touch-of-Sweet.png\" \/>\n<meta name=\"twitter:card\" content=\"summary_large_image\" \/>\n<meta name=\"twitter:title\" content=\"Mausteet - Southern Dutch - A Touch of Sweet -% BBQ \u00c4ssad%%\" \/>\n<meta name=\"twitter:description\" content=\"Southern Dutch BBQ-mauste 290 grammaa. Ainesosat: ruokosokeri, suola, paprika, mustapippuri, vihannekset ja mausteet. Gluteeniton.\" \/>\n<meta name=\"twitter:image\" content=\"https:\/\/bbqassad.ee\/wp-content\/uploads\/2023\/08\/Southern-dutch-A_touch-of-Sweet.png\" \/>\n<meta name=\"twitter:label1\" content=\"Arvioitu lukuaika\" \/>\n\t<meta name=\"twitter:data1\" content=\"1 minuutti\" \/>\n<script type=\"application\/ld+json\" class=\"yoast-schema-graph\">{\"@context\":\"https:\\\/\\\/schema.org\",\"@graph\":[{\"@type\":\"WebPage\",\"@id\":\"https:\\\/\\\/bbqassad.ee\\\/fi\\\/toode\\\/makusekoitus-etelainen-hollanti-a-touch-of-sweet\\\/\",\"url\":\"https:\\\/\\\/bbqassad.ee\\\/fi\\\/toode\\\/makusekoitus-etelainen-hollanti-a-touch-of-sweet\\\/\",\"name\":\"Mausteet - Southern Dutch - A Touch of Sweet -% BBQ \u00c4ssad%%\",\"isPartOf\":{\"@id\":\"https:\\\/\\\/bbqassad.ee\\\/fi\\\/#website\"},\"primaryImageOfPage\":{\"@id\":\"https:\\\/\\\/bbqassad.ee\\\/fi\\\/toode\\\/makusekoitus-etelainen-hollanti-a-touch-of-sweet\\\/#primaryimage\"},\"image\":{\"@id\":\"https:\\\/\\\/bbqassad.ee\\\/fi\\\/toode\\\/makusekoitus-etelainen-hollanti-a-touch-of-sweet\\\/#primaryimage\"},\"thumbnailUrl\":\"https:\\\/\\\/bbqassad.ee\\\/wp-content\\\/uploads\\\/2023\\\/08\\\/Southern-dutch-A_touch-of-Sweet.png\",\"datePublished\":\"2023-08-14T12:13:03+00:00\",\"dateModified\":\"2026-04-14T06:33:44+00:00\",\"description\":\"Southern Dutch BBQ-mauste 290 grammaa. Ainesosat: ruokosokeri, suola, paprika, mustapippuri, vihannekset ja mausteet. Gluteeniton.\",\"breadcrumb\":{\"@id\":\"https:\\\/\\\/bbqassad.ee\\\/fi\\\/toode\\\/makusekoitus-etelainen-hollanti-a-touch-of-sweet\\\/#breadcrumb\"},\"inLanguage\":\"fi\",\"potentialAction\":[{\"@type\":\"ReadAction\",\"target\":[\"https:\\\/\\\/bbqassad.ee\\\/fi\\\/toode\\\/makusekoitus-etelainen-hollanti-a-touch-of-sweet\\\/\"]}]},{\"@type\":\"ImageObject\",\"inLanguage\":\"fi\",\"@id\":\"https:\\\/\\\/bbqassad.ee\\\/fi\\\/toode\\\/makusekoitus-etelainen-hollanti-a-touch-of-sweet\\\/#primaryimage\",\"url\":\"https:\\\/\\\/bbqassad.ee\\\/wp-content\\\/uploads\\\/2023\\\/08\\\/Southern-dutch-A_touch-of-Sweet.png\",\"contentUrl\":\"https:\\\/\\\/bbqassad.ee\\\/wp-content\\\/uploads\\\/2023\\\/08\\\/Southern-dutch-A_touch-of-Sweet.png\",\"width\":800,\"height\":800,\"caption\":\"Maitseainesegu Southern Dutch - A touch of sweet\"},{\"@type\":\"BreadcrumbList\",\"@id\":\"https:\\\/\\\/bbqassad.ee\\\/fi\\\/toode\\\/makusekoitus-etelainen-hollanti-a-touch-of-sweet\\\/#breadcrumb\",\"itemListElement\":[{\"@type\":\"ListItem\",\"position\":1,\"name\":\"Home\",\"item\":\"https:\\\/\\\/bbqassad.ee\\\/fi\\\/bbq-assat\\\/\"},{\"@type\":\"ListItem\",\"position\":2,\"name\":\"Verkkokauppa\",\"item\":\"https:\\\/\\\/bbqassad.ee\\\/fi\\\/verkkokauppa\\\/\"},{\"@type\":\"ListItem\",\"position\":3,\"name\":\"Southern Dutch A Touch of Sweet -mausteseos\"}]},{\"@type\":\"WebSite\",\"@id\":\"https:\\\/\\\/bbqassad.ee\\\/fi\\\/#website\",\"url\":\"https:\\\/\\\/bbqassad.ee\\\/fi\\\/\",\"name\":\"BBQ \u00c4ssad\",\"description\":\"BBQ maitseained, kastmed, ahjud\",\"publisher\":{\"@id\":\"https:\\\/\\\/bbqassad.ee\\\/fi\\\/#organization\"},\"potentialAction\":[{\"@type\":\"SearchAction\",\"target\":{\"@type\":\"EntryPoint\",\"urlTemplate\":\"https:\\\/\\\/bbqassad.ee\\\/fi\\\/?s={search_term_string}\"},\"query-input\":{\"@type\":\"PropertyValueSpecification\",\"valueRequired\":true,\"valueName\":\"search_term_string\"}}],\"inLanguage\":\"fi\"},{\"@type\":\"Organization\",\"@id\":\"https:\\\/\\\/bbqassad.ee\\\/fi\\\/#organization\",\"name\":\"BBQ \u00c4ssad\",\"url\":\"https:\\\/\\\/bbqassad.ee\\\/fi\\\/\",\"logo\":{\"@type\":\"ImageObject\",\"inLanguage\":\"fi\",\"@id\":\"https:\\\/\\\/bbqassad.ee\\\/fi\\\/#\\\/schema\\\/logo\\\/image\\\/\",\"url\":\"https:\\\/\\\/bbqassad.ee\\\/wp-content\\\/uploads\\\/2022\\\/10\\\/BBQ-2ssadlogo.png\",\"contentUrl\":\"https:\\\/\\\/bbqassad.ee\\\/wp-content\\\/uploads\\\/2022\\\/10\\\/BBQ-2ssadlogo.png\",\"width\":1080,\"height\":1080,\"caption\":\"BBQ \u00c4ssad\"},\"image\":{\"@id\":\"https:\\\/\\\/bbqassad.ee\\\/fi\\\/#\\\/schema\\\/logo\\\/image\\\/\"},\"sameAs\":[\"https:\\\/\\\/www.facebook.com\\\/bbqassad\",\"https:\\\/\\\/www.youtube.com\\\/channel\\\/UCsoufn49J6TVi9Ah9meE93w\"]}]}<\/script>\n<!-- \/ Yoast SEO plugin. -->","yoast_head_json":{"title":"Mausteet - Southern Dutch - A Touch of Sweet -% BBQ \u00c4ssad%%","description":"Southern Dutch BBQ-mauste 290 grammaa. Ainesosat: ruokosokeri, suola, paprika, mustapippuri, vihannekset ja mausteet. Gluteeniton.","robots":{"index":"index","follow":"follow","max-snippet":"max-snippet:-1","max-image-preview":"max-image-preview:large","max-video-preview":"max-video-preview:-1"},"canonical":"https:\/\/bbqassad.ee\/fi\/toode\/makusekoitus-etelainen-hollanti-a-touch-of-sweet\/","og_locale":"fi_FI","og_type":"article","og_title":"Mausteet - Southern Dutch - A Touch of Sweet -% BBQ \u00c4ssad%%","og_description":"Southern Dutch BBQ-mauste 290 grammaa. Ainesosat: ruokosokeri, suola, paprika, mustapippuri, vihannekset ja mausteet. Gluteeniton.","og_url":"https:\/\/bbqassad.ee\/fi\/toode\/makusekoitus-etelainen-hollanti-a-touch-of-sweet\/","og_site_name":"BBQ \u00c4ssad","article_publisher":"https:\/\/www.facebook.com\/bbqassad","article_modified_time":"2026-04-14T06:33:44+00:00","og_image":[{"url":"https:\/\/bbqassad.ee\/wp-content\/uploads\/2023\/08\/Southern-dutch-A_touch-of-Sweet.png","type":"","width":"","height":""}],"twitter_card":"summary_large_image","twitter_title":"Mausteet - Southern Dutch - A Touch of Sweet -% BBQ \u00c4ssad%%","twitter_description":"Southern Dutch BBQ-mauste 290 grammaa. Ainesosat: ruokosokeri, suola, paprika, mustapippuri, vihannekset ja mausteet. Gluteeniton.","twitter_image":"https:\/\/bbqassad.ee\/wp-content\/uploads\/2023\/08\/Southern-dutch-A_touch-of-Sweet.png","twitter_misc":{"Arvioitu lukuaika":"1 minuutti"},"schema":{"@context":"https:\/\/schema.org","@graph":[{"@type":"WebPage","@id":"https:\/\/bbqassad.ee\/fi\/toode\/makusekoitus-etelainen-hollanti-a-touch-of-sweet\/","url":"https:\/\/bbqassad.ee\/fi\/toode\/makusekoitus-etelainen-hollanti-a-touch-of-sweet\/","name":"Mausteet - Southern Dutch - A Touch of Sweet -% BBQ \u00c4ssad%%","isPartOf":{"@id":"https:\/\/bbqassad.ee\/fi\/#website"},"primaryImageOfPage":{"@id":"https:\/\/bbqassad.ee\/fi\/toode\/makusekoitus-etelainen-hollanti-a-touch-of-sweet\/#primaryimage"},"image":{"@id":"https:\/\/bbqassad.ee\/fi\/toode\/makusekoitus-etelainen-hollanti-a-touch-of-sweet\/#primaryimage"},"thumbnailUrl":"https:\/\/bbqassad.ee\/wp-content\/uploads\/2023\/08\/Southern-dutch-A_touch-of-Sweet.png","datePublished":"2023-08-14T12:13:03+00:00","dateModified":"2026-04-14T06:33:44+00:00","description":"Southern Dutch BBQ-mauste 290 grammaa. Ainesosat: ruokosokeri, suola, paprika, mustapippuri, vihannekset ja mausteet. Gluteeniton.","breadcrumb":{"@id":"https:\/\/bbqassad.ee\/fi\/toode\/makusekoitus-etelainen-hollanti-a-touch-of-sweet\/#breadcrumb"},"inLanguage":"fi","potentialAction":[{"@type":"ReadAction","target":["https:\/\/bbqassad.ee\/fi\/toode\/makusekoitus-etelainen-hollanti-a-touch-of-sweet\/"]}]},{"@type":"ImageObject","inLanguage":"fi","@id":"https:\/\/bbqassad.ee\/fi\/toode\/makusekoitus-etelainen-hollanti-a-touch-of-sweet\/#primaryimage","url":"https:\/\/bbqassad.ee\/wp-content\/uploads\/2023\/08\/Southern-dutch-A_touch-of-Sweet.png","contentUrl":"https:\/\/bbqassad.ee\/wp-content\/uploads\/2023\/08\/Southern-dutch-A_touch-of-Sweet.png","width":800,"height":800,"caption":"Maitseainesegu Southern Dutch - A touch of sweet"},{"@type":"BreadcrumbList","@id":"https:\/\/bbqassad.ee\/fi\/toode\/makusekoitus-etelainen-hollanti-a-touch-of-sweet\/#breadcrumb","itemListElement":[{"@type":"ListItem","position":1,"name":"Home","item":"https:\/\/bbqassad.ee\/fi\/bbq-assat\/"},{"@type":"ListItem","position":2,"name":"Verkkokauppa","item":"https:\/\/bbqassad.ee\/fi\/verkkokauppa\/"},{"@type":"ListItem","position":3,"name":"Southern Dutch A Touch of Sweet -mausteseos"}]},{"@type":"WebSite","@id":"https:\/\/bbqassad.ee\/fi\/#website","url":"https:\/\/bbqassad.ee\/fi\/","name":"BBQ \u00c4ssad","description":"BBQ maitseained, kastmed, ahjud","publisher":{"@id":"https:\/\/bbqassad.ee\/fi\/#organization"},"potentialAction":[{"@type":"SearchAction","target":{"@type":"EntryPoint","urlTemplate":"https:\/\/bbqassad.ee\/fi\/?s={search_term_string}"},"query-input":{"@type":"PropertyValueSpecification","valueRequired":true,"valueName":"search_term_string"}}],"inLanguage":"fi"},{"@type":"Organization","@id":"https:\/\/bbqassad.ee\/fi\/#organization","name":"BBQ \u00c4ssad","url":"https:\/\/bbqassad.ee\/fi\/","logo":{"@type":"ImageObject","inLanguage":"fi","@id":"https:\/\/bbqassad.ee\/fi\/#\/schema\/logo\/image\/","url":"https:\/\/bbqassad.ee\/wp-content\/uploads\/2022\/10\/BBQ-2ssadlogo.png","contentUrl":"https:\/\/bbqassad.ee\/wp-content\/uploads\/2022\/10\/BBQ-2ssadlogo.png","width":1080,"height":1080,"caption":"BBQ \u00c4ssad"},"image":{"@id":"https:\/\/bbqassad.ee\/fi\/#\/schema\/logo\/image\/"},"sameAs":["https:\/\/www.facebook.com\/bbqassad","https:\/\/www.youtube.com\/channel\/UCsoufn49J6TVi9Ah9meE93w"]}]}},"_links":{"self":[{"href":"https:\/\/bbqassad.ee\/fi\/wp-json\/wp\/v2\/product\/23342","targetHints":{"allow":["GET"]}}],"collection":[{"href":"https:\/\/bbqassad.ee\/fi\/wp-json\/wp\/v2\/product"}],"about":[{"href":"https:\/\/bbqassad.ee\/fi\/wp-json\/wp\/v2\/types\/product"}],"replies":[{"embeddable":true,"href":"https:\/\/bbqassad.ee\/fi\/wp-json\/wp\/v2\/comments?post=23342"}],"wp:featuredmedia":[{"embeddable":true,"href":"https:\/\/bbqassad.ee\/fi\/wp-json\/wp\/v2\/media\/24694"}],"wp:attachment":[{"href":"https:\/\/bbqassad.ee\/fi\/wp-json\/wp\/v2\/media?parent=23342"}],"wp:term":[{"taxonomy":"product_brand","embeddable":true,"href":"https:\/\/bbqassad.ee\/fi\/wp-json\/wp\/v2\/product_brand?post=23342"},{"taxonomy":"product_cat","embeddable":true,"href":"https:\/\/bbqassad.ee\/fi\/wp-json\/wp\/v2\/product_cat?post=23342"},{"taxonomy":"product_tag","embeddable":true,"href":"https:\/\/bbqassad.ee\/fi\/wp-json\/wp\/v2\/product_tag?post=23342"}],"curies":[{"name":"wp","href":"https:\/\/api.w.org\/{rel}","templated":true}]}}